{"id":18464,"date":"2024-01-15T16:31:41","date_gmt":"2024-01-15T15:31:41","guid":{"rendered":"https:\/\/chimiver.com\/rd-ecodesign\/"},"modified":"2024-05-30T14:32:47","modified_gmt":"2024-05-30T12:32:47","slug":"rd-eco-conception","status":"publish","type":"page","link":"https:\/\/chimiver.com\/fr\/rd-eco-conception\/","title":{"rendered":"R&#038;D \/ \u00c9co-conception"},"content":{"rendered":"<section id=\"customlink_block-block_7bb1a2d8b850fb42543f2b1178b5b8fb\" class=\"text-image-block pubfa-block\" style=\"background-color:#FFFFFF;color:#2E2D2C;text-align:left;padding:45px 0;\">\n<div class=\"container\">\n    <div class=\"row\">\n\n        <!-- Text Col -->\n        <div class=\"col-12 col-lg-7 d-flex flex-column order-2 justify-content-start \">\n\n            <!-- Text Group -->\n            \n                <!-- Title (with or without Link) -->\n                \n                <!-- Content -->\n                                    <div class=\"pubfa-block-text-1\"><h1><strong>\u00c9co-conception et recherche&amp;d\u00e9veloppement<\/strong><\/h1>\n<p>Dans un contexte o\u00f9 la sensibilit\u00e9 \u00e0 l\u2019\u00e9gard de l\u2019environnement ne cesse de cro\u00eetre,\u00a0<strong>Chimiver Panseri S.p.A.<\/strong> s\u2019engage dans la conception de<strong>\u00a0produits innovants<\/strong>\u00a0qui non seulement r\u00e9pondent aux exigences des consommateurs, mais qui sont \u00e9galement respectueux de l\u2019environnement. C\u2019est la raison pour laquelle nous avons introduit dans notre entreprise le concept d\u2019<strong>\u00ab \u00e9co-conception \u00bb<\/strong> ou\u00a0<strong>conception \u00e9co-compatible<\/strong>.<\/p>\n<p>&nbsp;<\/p>\n<p>Cette nouvelle repr\u00e9sentation du service <strong>recherche et d\u00e9veloppement<\/strong> est un nouveau mod\u00e8le \u00e9conomique qui implique l\u2019int\u00e9gration d\u2019\u00e9valuations environnementales dans le <strong>processus de d\u00e9veloppement des produits<\/strong>, avec pour objectif de concevoir des articles avec un impact environnemental minimal tout au long de leur cycle de vie.<\/p>\n<\/div>\n                                \n            \n        <\/div>\n\n        <!-- Image Col -->\n        <div class=\"col-12 col-lg-5 d-flex align-items-center justify-content-center order-3 \">\n\n            <!-- Image Group -->\n            \n                 <!-- Image (with or without Link) -->\n                                                             <img decoding=\"async\" src=\"https:\/\/chimiver.com\/wp-content\/uploads\/2024\/02\/ecodesign.jpg\" alt=\"Azienda-Italiana-Prodotti-Professionali-Sostenibili-Posa-Trattamento-Manutenzione-Pavimenti-Legno-Parquet-Resina-Resilienti-Decking-WPC-Erba-Sintetica-Progettisti-Chimiver-Ecodesign\" class=\"img-fluid\">\n                                    \n            \n        <\/div>\n    <\/div>\n<\/div>\n<\/section><section id=\"customlink_block-block_d21c07b9c3e641dc396ff11bfd55213e\" class=\"text-image-block pubfa-block\" style=\"background-color:#FFFFFF;color:#2E2D2C;text-align:left;padding:45px 0;\">\n<div class=\"container\">\n    <div class=\"row\">\n\n        <!-- Text Col -->\n        <div class=\"col-12 col-lg-7 d-flex flex-column order-2 justify-content-start \">\n\n            <!-- Text Group -->\n            \n                <!-- Title (with or without Link) -->\n                \n                <!-- Content -->\n                                    <div class=\"pubfa-block-text-1\"><h2><strong>Pacte vert pour l\u2019Europe<\/strong><\/h2>\n<p>La Commission europ\u00e9enne a par ailleurs pr\u00e9sent\u00e9 un ensemble de propositions dans le cadre du <strong>Pacte vert pour l\u2019Europe<\/strong>, formul\u00e9es dans le but de promouvoir des <strong>produits durables<\/strong>, des mod\u00e8les d\u2019entreprises circulaires et la transition \u00e9cologique. Ce programme, en phase avec le Plan d\u2019action pour l\u2019\u00e9conomie circulaire, comprend plusieurs propositions, et notamment:<\/p>\n<ol>\n<li><strong>Mise en place de nouvelles r\u00e9glementations\u00a0<\/strong>pour rendre l\u2019ensemble des biens physiques, disponibles sur le march\u00e9 de l\u2019Union europ\u00e9enne, plus \u00e9cologiques, plus circulaires et plus performants au niveau \u00e9nerg\u00e9tique tout au long de leur cycle de vie. Ces normes couvrent leur phase de conception, leur utilisation quotidienne, leur changement de destination et la gestion de la fin de leur cycle de vie.<\/li>\n<li><strong>Introduction d\u2019une nouvelle strat\u00e9gie\u00a0<\/strong>pour donner aux produits une plus grande durabilit\u00e9, fiabilit\u00e9, r\u00e9parabilit\u00e9, r\u00e9utilisabilit\u00e9 et recyclabilit\u00e9.<\/li>\n<li><strong>Promotion du march\u00e9 int\u00e9rieur<\/strong> des produits, afin de contribuer \u00e0 la r\u00e9alisation des objectifs climatiques et de durabilit\u00e9.<\/li>\n<li><strong>Mise en place de nouvelles r\u00e9glementations qui responsabilisent les consommateurs<\/strong>, en leur garantissant une meilleure information sur la durabilit\u00e9 environnementale des produits et en les prot\u00e9geant du \u00ab greenwashing \u00bb ou \u00e9co-blanchiment.<\/li>\n<\/ol>\n<\/div>\n                                \n            \n        <\/div>\n\n        <!-- Image Col -->\n        <div class=\"col-12 col-lg-5 d-flex align-items-center justify-content-center order-1 \">\n\n            <!-- Image Group -->\n            \n                 <!-- Image (with or without Link) -->\n                                                             <img decoding=\"async\" src=\"https:\/\/chimiver.com\/wp-content\/uploads\/2024\/02\/mondo-360.jpg\" alt=\"Azienda-Italiana-Prodotti-Professionali-Sostenibili-Posa-Trattamento-Manutenzione-Pavimenti-Legno-Parquet-Resina-Resilienti-Decking-WPC-Erba-Sintetica-Progettisti-Chimiver-Mondo-360\" class=\"img-fluid\">\n                                    \n            \n        <\/div>\n    <\/div>\n<\/div>\n<\/section><section id=\"customlink_block-block_a0681867a82cbfb0eed5d86479a917a1\" class=\"text-icon-block pubfa-block\" style=\"background-color:#FFFFFF;color:#2E2D2C;text-align:center;\">\n    <div class=\"container\">\n        <div class=\"d-flex flex-column justify-content-center \">\n\n            <!-- Image Group -->\n            \n                 <!-- Image (with or without Link) -->\n                 \n            \n            <!-- Text Group -->\n            \n                <!-- Title (with or without Link) -->\n                \n                <!-- Content -->\n                                    <div class=\"pubfa-block-text-1\"><h3 style=\"text-align: center;\">La durabilit\u00e9 ne sera plus un acte volontaire mais deviendra un principe directeur obligatoire dans les choix d\u2019entreprise, qui permettra non seulement la p\u00e9rennit\u00e9 de l\u2019entreprise, mais qui sera \u00e9galement soucieux de l\u2019environnement, du bien-\u00eatre social et d\u2019une gouvernance tourn\u00e9e vers l\u2019avenir.<\/h3>\n<\/div>\n                                \n            \n        <\/div>\n    <\/div>\n<\/section>","protected":false},"excerpt":{"rendered":"","protected":false},"author":2,"featured_media":0,"parent":0,"menu_order":13,"comment_status":"closed","ping_status":"closed","template":"","meta":{"_acf_changed":false,"inline_featured_image":false,"footnotes":""},"class_list":["post-18464","page","type-page","status-publish","hentry"],"acf":[],"yoast_head":"<!-- This site is optimized with the Yoast SEO plugin v26.2 - https:\/\/yoast.com\/wordpress\/plugins\/seo\/ -->\n<title>R&amp;D \/ \u00c9co-conception - Produits innovants et conception \u00e9cologique<\/title>\n<meta name=\"description\" content=\"Visita la sezione R&amp;D \/ \u00c9co-conception. Chimiver si impegna nella progettazione di prodotti innovativi che rispondono alle esigenze dei consumatori e che siano rispettosi dell&#039;ambiente. Per questo motivo che si introduce il concetto di \u201cEcodesign\u201d o progettazione ecocompatibile.\" \/>\n<meta name=\"robots\" content=\"index, follow, max-snippet:-1, max-image-preview:large, max-video-preview:-1\" \/>\n<link rel=\"canonical\" href=\"https:\/\/chimiver.com\/fr\/rd-eco-conception\/\" \/>\n<meta property=\"og:locale\" content=\"fr_FR\" \/>\n<meta property=\"og:type\" content=\"article\" \/>\n<meta property=\"og:title\" content=\"R&amp;D \/ \u00c9co-conception - Produits innovants et conception \u00e9cologique\" \/>\n<meta property=\"og:description\" content=\"Visita la sezione R&amp;D \/ \u00c9co-conception. Chimiver si impegna nella progettazione di prodotti innovativi che rispondono alle esigenze dei consumatori e che siano rispettosi dell&#039;ambiente. Per questo motivo che si introduce il concetto di \u201cEcodesign\u201d o progettazione ecocompatibile.\" \/>\n<meta property=\"og:url\" content=\"https:\/\/chimiver.com\/fr\/rd-eco-conception\/\" \/>\n<meta property=\"og:site_name\" content=\"Chimiver\" \/>\n<meta property=\"article:publisher\" content=\"https:\/\/www.facebook.com\/chimiver\" \/>\n<meta property=\"article:modified_time\" content=\"2024-05-30T12:32:47+00:00\" \/>\n<meta property=\"og:image\" content=\"https:\/\/chimiver.com\/wp-content\/uploads\/2022\/06\/Chimiver_500x500.jpg\" \/>\n\t<meta property=\"og:image:width\" content=\"500\" \/>\n\t<meta property=\"og:image:height\" content=\"500\" \/>\n\t<meta property=\"og:image:type\" content=\"image\/jpeg\" \/>\n<meta name=\"twitter:card\" content=\"summary_large_image\" \/>\n<script type=\"application\/ld+json\" class=\"yoast-schema-graph\">{\"@context\":\"https:\/\/schema.org\",\"@graph\":[{\"@type\":\"WebPage\",\"@id\":\"https:\/\/chimiver.com\/fr\/rd-eco-conception\/\",\"url\":\"https:\/\/chimiver.com\/fr\/rd-eco-conception\/\",\"name\":\"R&D \/ \u00c9co-conception - Produits innovants et conception \u00e9cologique\",\"isPartOf\":{\"@id\":\"https:\/\/chimiver.com\/fr\/#website\"},\"datePublished\":\"2024-01-15T15:31:41+00:00\",\"dateModified\":\"2024-05-30T12:32:47+00:00\",\"description\":\"Visita la sezione R&D \/ \u00c9co-conception. Chimiver si impegna nella progettazione di prodotti innovativi che rispondono alle esigenze dei consumatori e che siano rispettosi dell'ambiente. Per questo motivo che si introduce il concetto di \u201cEcodesign\u201d o progettazione ecocompatibile.\",\"breadcrumb\":{\"@id\":\"https:\/\/chimiver.com\/fr\/rd-eco-conception\/#breadcrumb\"},\"inLanguage\":\"fr-FR\",\"potentialAction\":[{\"@type\":\"ReadAction\",\"target\":[\"https:\/\/chimiver.com\/fr\/rd-eco-conception\/\"]}]},{\"@type\":\"BreadcrumbList\",\"@id\":\"https:\/\/chimiver.com\/fr\/rd-eco-conception\/#breadcrumb\",\"itemListElement\":[{\"@type\":\"ListItem\",\"position\":1,\"name\":\"Home\",\"item\":\"https:\/\/chimiver.com\/fr\/\"},{\"@type\":\"ListItem\",\"position\":2,\"name\":\"R&#038;D \/ \u00c9co-conception\"}]},{\"@type\":\"WebSite\",\"@id\":\"https:\/\/chimiver.com\/fr\/#website\",\"url\":\"https:\/\/chimiver.com\/fr\/\",\"name\":\"Chimiver, Your floors partner\",\"description\":\"Your floors partner\",\"publisher\":{\"@id\":\"https:\/\/chimiver.com\/fr\/#organization\"},\"alternateName\":\"Chimiver\",\"potentialAction\":[{\"@type\":\"SearchAction\",\"target\":{\"@type\":\"EntryPoint\",\"urlTemplate\":\"https:\/\/chimiver.com\/fr\/?s={search_term_string}\"},\"query-input\":{\"@type\":\"PropertyValueSpecification\",\"valueRequired\":true,\"valueName\":\"search_term_string\"}}],\"inLanguage\":\"fr-FR\"},{\"@type\":\"Organization\",\"@id\":\"https:\/\/chimiver.com\/fr\/#organization\",\"name\":\"Chimiver\",\"url\":\"https:\/\/chimiver.com\/fr\/\",\"logo\":{\"@type\":\"ImageObject\",\"inLanguage\":\"fr-FR\",\"@id\":\"https:\/\/chimiver.com\/fr\/#\/schema\/logo\/image\/\",\"url\":\"https:\/\/chimiver.com\/wp-content\/uploads\/2022\/06\/Chimiver_500x500.jpg\",\"contentUrl\":\"https:\/\/chimiver.com\/wp-content\/uploads\/2022\/06\/Chimiver_500x500.jpg\",\"width\":500,\"height\":500,\"caption\":\"Chimiver\"},\"image\":{\"@id\":\"https:\/\/chimiver.com\/fr\/#\/schema\/logo\/image\/\"},\"sameAs\":[\"https:\/\/www.facebook.com\/chimiver\"]}]}<\/script>\n<!-- \/ Yoast SEO plugin. -->","yoast_head_json":{"title":"R&D \/ \u00c9co-conception - Produits innovants et conception \u00e9cologique","description":"Visita la sezione R&D \/ \u00c9co-conception. Chimiver si impegna nella progettazione di prodotti innovativi che rispondono alle esigenze dei consumatori e che siano rispettosi dell'ambiente. Per questo motivo che si introduce il concetto di \u201cEcodesign\u201d o progettazione ecocompatibile.","robots":{"index":"index","follow":"follow","max-snippet":"max-snippet:-1","max-image-preview":"max-image-preview:large","max-video-preview":"max-video-preview:-1"},"canonical":"https:\/\/chimiver.com\/fr\/rd-eco-conception\/","og_locale":"fr_FR","og_type":"article","og_title":"R&D \/ \u00c9co-conception - Produits innovants et conception \u00e9cologique","og_description":"Visita la sezione R&D \/ \u00c9co-conception. Chimiver si impegna nella progettazione di prodotti innovativi che rispondono alle esigenze dei consumatori e che siano rispettosi dell'ambiente. Per questo motivo che si introduce il concetto di \u201cEcodesign\u201d o progettazione ecocompatibile.","og_url":"https:\/\/chimiver.com\/fr\/rd-eco-conception\/","og_site_name":"Chimiver","article_publisher":"https:\/\/www.facebook.com\/chimiver","article_modified_time":"2024-05-30T12:32:47+00:00","og_image":[{"width":500,"height":500,"url":"https:\/\/chimiver.com\/wp-content\/uploads\/2022\/06\/Chimiver_500x500.jpg","type":"image\/jpeg"}],"twitter_card":"summary_large_image","schema":{"@context":"https:\/\/schema.org","@graph":[{"@type":"WebPage","@id":"https:\/\/chimiver.com\/fr\/rd-eco-conception\/","url":"https:\/\/chimiver.com\/fr\/rd-eco-conception\/","name":"R&D \/ \u00c9co-conception - Produits innovants et conception \u00e9cologique","isPartOf":{"@id":"https:\/\/chimiver.com\/fr\/#website"},"datePublished":"2024-01-15T15:31:41+00:00","dateModified":"2024-05-30T12:32:47+00:00","description":"Visita la sezione R&D \/ \u00c9co-conception. Chimiver si impegna nella progettazione di prodotti innovativi che rispondono alle esigenze dei consumatori e che siano rispettosi dell'ambiente. Per questo motivo che si introduce il concetto di \u201cEcodesign\u201d o progettazione ecocompatibile.","breadcrumb":{"@id":"https:\/\/chimiver.com\/fr\/rd-eco-conception\/#breadcrumb"},"inLanguage":"fr-FR","potentialAction":[{"@type":"ReadAction","target":["https:\/\/chimiver.com\/fr\/rd-eco-conception\/"]}]},{"@type":"BreadcrumbList","@id":"https:\/\/chimiver.com\/fr\/rd-eco-conception\/#breadcrumb","itemListElement":[{"@type":"ListItem","position":1,"name":"Home","item":"https:\/\/chimiver.com\/fr\/"},{"@type":"ListItem","position":2,"name":"R&#038;D \/ \u00c9co-conception"}]},{"@type":"WebSite","@id":"https:\/\/chimiver.com\/fr\/#website","url":"https:\/\/chimiver.com\/fr\/","name":"Chimiver, Your floors partner","description":"Your floors partner","publisher":{"@id":"https:\/\/chimiver.com\/fr\/#organization"},"alternateName":"Chimiver","potentialAction":[{"@type":"SearchAction","target":{"@type":"EntryPoint","urlTemplate":"https:\/\/chimiver.com\/fr\/?s={search_term_string}"},"query-input":{"@type":"PropertyValueSpecification","valueRequired":true,"valueName":"search_term_string"}}],"inLanguage":"fr-FR"},{"@type":"Organization","@id":"https:\/\/chimiver.com\/fr\/#organization","name":"Chimiver","url":"https:\/\/chimiver.com\/fr\/","logo":{"@type":"ImageObject","inLanguage":"fr-FR","@id":"https:\/\/chimiver.com\/fr\/#\/schema\/logo\/image\/","url":"https:\/\/chimiver.com\/wp-content\/uploads\/2022\/06\/Chimiver_500x500.jpg","contentUrl":"https:\/\/chimiver.com\/wp-content\/uploads\/2022\/06\/Chimiver_500x500.jpg","width":500,"height":500,"caption":"Chimiver"},"image":{"@id":"https:\/\/chimiver.com\/fr\/#\/schema\/logo\/image\/"},"sameAs":["https:\/\/www.facebook.com\/chimiver"]}]}},"_links":{"self":[{"href":"https:\/\/chimiver.com\/fr\/wp-json\/wp\/v2\/pages\/18464","targetHints":{"allow":["GET"]}}],"collection":[{"href":"https:\/\/chimiver.com\/fr\/wp-json\/wp\/v2\/pages"}],"about":[{"href":"https:\/\/chimiver.com\/fr\/wp-json\/wp\/v2\/types\/page"}],"author":[{"embeddable":true,"href":"https:\/\/chimiver.com\/fr\/wp-json\/wp\/v2\/users\/2"}],"replies":[{"embeddable":true,"href":"https:\/\/chimiver.com\/fr\/wp-json\/wp\/v2\/comments?post=18464"}],"version-history":[{"count":8,"href":"https:\/\/chimiver.com\/fr\/wp-json\/wp\/v2\/pages\/18464\/revisions"}],"predecessor-version":[{"id":19794,"href":"https:\/\/chimiver.com\/fr\/wp-json\/wp\/v2\/pages\/18464\/revisions\/19794"}],"wp:attachment":[{"href":"https:\/\/chimiver.com\/fr\/wp-json\/wp\/v2\/media?parent=18464"}],"curies":[{"name":"wp","href":"https:\/\/api.w.org\/{rel}","templated":true}]}}