{"id":18474,"date":"2024-01-09T16:26:57","date_gmt":"2024-01-09T15:26:57","guid":{"rendered":"https:\/\/chimiver.com\/sostenibilita-certificazioni\/"},"modified":"2024-05-30T14:13:12","modified_gmt":"2024-05-30T12:13:12","slug":"durabilite-certifications","status":"publish","type":"page","link":"https:\/\/chimiver.com\/fr\/durabilite-certifications\/","title":{"rendered":"Certifications"},"content":{"rendered":"<section id=\"customlink_block-block_e9e0f3c44fb6bc0fe35b28e51d63d0e6\" class=\"text-image-block pubfa-block\" style=\"background-color:#FFFFFF;color:#2E2D2C;text-align:left;padding:45px 0;\">\n<div class=\"container\">\n    <div class=\"row\">\n\n        <!-- Text Col -->\n        <div class=\"col-12 col-lg-7 d-flex flex-column order-2 justify-content-start \">\n\n            <!-- Text Group -->\n            \n                <!-- Title (with or without Link) -->\n                \n                <!-- Content -->\n                                    <div class=\"pubfa-block-text-1\"><h2><strong>Certifications de produits<\/strong><\/h2>\n<p>Les <strong>certifications de produits<\/strong>\u00a0jouent un r\u00f4le d\u00e9terminant dans les domaines commercial et industriel et offrent une s\u00e9rie d\u2019avantages \u00e0 la fois pour les entreprises et pour les consommateurs. Elles apportent une\u00a0<strong>garantie de conformit\u00e9 aux conditions sp\u00e9cifi\u00e9es dans les normes du secteur<\/strong>, assurent que les produits sont r\u00e9alis\u00e9s selon des normes et crit\u00e8res de qualit\u00e9 \u00e9tablis, leur donnant ainsi une valeur ajout\u00e9e qui dure dans le temps.<\/p>\n<p><strong>Chimiver Panseri S.p.A.\u00a0<\/strong>est depuis toujours un partenaire fiable qui repr\u00e9sente un point de r\u00e9f\u00e9rence pour le choix de produits s\u00fbrs et conformes aux normes souhait\u00e9es, contribuant ainsi \u00e0 orienter les d\u00e9cisions d\u2019achat de mani\u00e8re consciente et \u00e9clair\u00e9e. Dans le contexte de l\u2019\u00e9volution dynamique du march\u00e9 et de la prise de conscience environnementale croissante des consommateurs, notre entreprise s\u2019engage non seulement \u00e0 fournir des certifications de<strong> produits de qualit\u00e9 sup\u00e9rieure<\/strong>, mais \u00e9galement \u00e0 int\u00e9grer des <strong>solutions vou\u00e9es \u00e0 la durabilit\u00e9.<\/strong><\/p>\n<\/div>\n                                \n            \n        <\/div>\n\n        <!-- Image Col -->\n        <div class=\"col-12 col-lg-5 d-flex align-items-center justify-content-center order-3 \">\n\n            <!-- Image Group -->\n            \n                 <!-- Image (with or without Link) -->\n                                                             <img decoding=\"async\" src=\"https:\/\/chimiver.com\/wp-content\/uploads\/2024\/02\/certificazione_stretta-mano.jpg\" alt=\"Azienda-Italiana-Prodotti-Professionali-Sostenibili-Posa-Trattamento-Manutenzione-Pavimenti-Legno-Parquet-Resina-Resilienti-Decking-WPC-Erba-Sintetica-Progettisti-Chimiver-Certificazioni-Controllo-Qualit\u00e0-Fiducia-Partner\" class=\"img-fluid\">\n                                    \n            \n        <\/div>\n    <\/div>\n<\/div>\n<\/section><section id=\"customlink_block-block_bd49360473396b205a375910cb901919\" class=\"text-image-block pubfa-block\" style=\"background-color:#FFFFFF;color:#2E2D2C;text-align:left;padding:45px 0;\">\n<div class=\"container\">\n    <div class=\"row\">\n\n        <!-- Text Col -->\n        <div class=\"col-12 col-lg-7 d-flex flex-column order-2 justify-content-start \">\n\n            <!-- Text Group -->\n            \n                <!-- Title (with or without Link) -->\n                \n                <!-- Content -->\n                                    <div class=\"pubfa-block-text-1\"><h1><strong>S-CARD (Sustainability Card)<\/strong><\/h1>\n<p>&nbsp;<\/p>\n<p>Nous avons donc d\u00e9cid\u00e9 d\u2019int\u00e9grer la\u00a0<strong>S-CARD (Sustainability Card)<\/strong> pour chaque produit, c\u2019est une pr\u00e9cieuse ressource de synth\u00e8se qui garantie une vision compl\u00e8te et d\u00e9taill\u00e9e des certifications, des informations cl\u00e9s sur le produit et son emballage.<\/p>\n<p>Cela prouve notre engagement continu en faveur du d\u00e9veloppement durable car nous proposons aux entreprises, aux clients et aux consommateurs des solutions \u00e9co-compatibles sans pour autant compromettre la qualit\u00e9 des produits.<\/p>\n<\/div>\n                                \n            \n        <\/div>\n\n        <!-- Image Col -->\n        <div class=\"col-12 col-lg-5 d-flex align-items-center justify-content-center order-1 \">\n\n            <!-- Image Group -->\n            \n                 <!-- Image (with or without Link) -->\n                                                             <img decoding=\"async\" src=\"https:\/\/chimiver.com\/wp-content\/uploads\/2024\/02\/S-card.jpg\" alt=\"Azienda-Italiana-Prodotti-Professionali-Sostenibili-Posa-Trattamento-Manutenzione-Pavimenti-Legno-Resina-Resilienti-Decking-WPC-Erba-Sintetica-Progettisti-Chimiver-Appalti-Pubblici-S-Card-Example\" class=\"img-fluid\">\n                                    \n            \n        <\/div>\n    <\/div>\n<\/div>\n<\/section><section id=\"customlink_block-block_cf4de7effdfbda022baa353439a024cf\" class=\"text-image-block pubfa-block\" style=\"background-color:#FFFFFF;color:#2E2D2C;text-align:left;padding:45px 0;\">\n<div class=\"container\">\n    <div class=\"row\">\n\n        <!-- Text Col -->\n        <div class=\"col-12 col-lg-7 d-flex flex-column order-2 justify-content-start \">\n\n            <!-- Text Group -->\n            \n                <!-- Title (with or without Link) -->\n                \n                <!-- Content -->\n                                \n            \n        <\/div>\n\n        <!-- Image Col -->\n        <div class=\"col-12 col-lg-5 d-flex align-items-center justify-content-center order-3 \">\n\n            <!-- Image Group -->\n            \n                 <!-- Image (with or without Link) -->\n                 \n            \n        <\/div>\n    <\/div>\n<\/div>\n<\/section>","protected":false},"excerpt":{"rendered":"","protected":false},"author":2,"featured_media":0,"parent":0,"menu_order":23,"comment_status":"closed","ping_status":"closed","template":"","meta":{"_acf_changed":false,"inline_featured_image":false,"footnotes":""},"class_list":["post-18474","page","type-page","status-publish","hentry"],"acf":[],"yoast_head":"<!-- This site is optimized with the Yoast SEO plugin v26.2 - https:\/\/yoast.com\/wordpress\/plugins\/seo\/ -->\n<title>Certifications - Certifications de produits et S-Card<\/title>\n<meta name=\"description\" content=\"Visita la sezione Certifications. Chimiver \u00e8 un&#039;azienda attenta al mercato e alle esigenze dei propri clienti, per questo sta ampliando il proprio portfolio delle certificazioni di prodotto.\" \/>\n<meta name=\"robots\" content=\"index, follow, max-snippet:-1, max-image-preview:large, max-video-preview:-1\" \/>\n<link rel=\"canonical\" href=\"https:\/\/chimiver.com\/fr\/durabilite-certifications\/\" \/>\n<meta property=\"og:locale\" content=\"fr_FR\" \/>\n<meta property=\"og:type\" content=\"article\" \/>\n<meta property=\"og:title\" content=\"Certifications - Certifications de produits et S-Card\" \/>\n<meta property=\"og:description\" content=\"Visita la sezione Certifications. Chimiver \u00e8 un&#039;azienda attenta al mercato e alle esigenze dei propri clienti, per questo sta ampliando il proprio portfolio delle certificazioni di prodotto.\" \/>\n<meta property=\"og:url\" content=\"https:\/\/chimiver.com\/fr\/durabilite-certifications\/\" \/>\n<meta property=\"og:site_name\" content=\"Chimiver\" \/>\n<meta property=\"article:publisher\" content=\"https:\/\/www.facebook.com\/chimiver\" \/>\n<meta property=\"article:modified_time\" content=\"2024-05-30T12:13:12+00:00\" \/>\n<meta property=\"og:image\" content=\"https:\/\/chimiver.com\/wp-content\/uploads\/2022\/06\/Chimiver_500x500.jpg\" \/>\n\t<meta property=\"og:image:width\" content=\"500\" \/>\n\t<meta property=\"og:image:height\" content=\"500\" \/>\n\t<meta property=\"og:image:type\" content=\"image\/jpeg\" \/>\n<meta name=\"twitter:card\" content=\"summary_large_image\" \/>\n<script type=\"application\/ld+json\" class=\"yoast-schema-graph\">{\"@context\":\"https:\/\/schema.org\",\"@graph\":[{\"@type\":\"WebPage\",\"@id\":\"https:\/\/chimiver.com\/fr\/durabilite-certifications\/\",\"url\":\"https:\/\/chimiver.com\/fr\/durabilite-certifications\/\",\"name\":\"Certifications - Certifications de produits et S-Card\",\"isPartOf\":{\"@id\":\"https:\/\/chimiver.com\/fr\/#website\"},\"datePublished\":\"2024-01-09T15:26:57+00:00\",\"dateModified\":\"2024-05-30T12:13:12+00:00\",\"description\":\"Visita la sezione Certifications. Chimiver \u00e8 un'azienda attenta al mercato e alle esigenze dei propri clienti, per questo sta ampliando il proprio portfolio delle certificazioni di prodotto.\",\"breadcrumb\":{\"@id\":\"https:\/\/chimiver.com\/fr\/durabilite-certifications\/#breadcrumb\"},\"inLanguage\":\"fr-FR\",\"potentialAction\":[{\"@type\":\"ReadAction\",\"target\":[\"https:\/\/chimiver.com\/fr\/durabilite-certifications\/\"]}]},{\"@type\":\"BreadcrumbList\",\"@id\":\"https:\/\/chimiver.com\/fr\/durabilite-certifications\/#breadcrumb\",\"itemListElement\":[{\"@type\":\"ListItem\",\"position\":1,\"name\":\"Home\",\"item\":\"https:\/\/chimiver.com\/fr\/\"},{\"@type\":\"ListItem\",\"position\":2,\"name\":\"Certifications\"}]},{\"@type\":\"WebSite\",\"@id\":\"https:\/\/chimiver.com\/fr\/#website\",\"url\":\"https:\/\/chimiver.com\/fr\/\",\"name\":\"Chimiver, Your floors partner\",\"description\":\"Your floors partner\",\"publisher\":{\"@id\":\"https:\/\/chimiver.com\/fr\/#organization\"},\"alternateName\":\"Chimiver\",\"potentialAction\":[{\"@type\":\"SearchAction\",\"target\":{\"@type\":\"EntryPoint\",\"urlTemplate\":\"https:\/\/chimiver.com\/fr\/?s={search_term_string}\"},\"query-input\":{\"@type\":\"PropertyValueSpecification\",\"valueRequired\":true,\"valueName\":\"search_term_string\"}}],\"inLanguage\":\"fr-FR\"},{\"@type\":\"Organization\",\"@id\":\"https:\/\/chimiver.com\/fr\/#organization\",\"name\":\"Chimiver\",\"url\":\"https:\/\/chimiver.com\/fr\/\",\"logo\":{\"@type\":\"ImageObject\",\"inLanguage\":\"fr-FR\",\"@id\":\"https:\/\/chimiver.com\/fr\/#\/schema\/logo\/image\/\",\"url\":\"https:\/\/chimiver.com\/wp-content\/uploads\/2022\/06\/Chimiver_500x500.jpg\",\"contentUrl\":\"https:\/\/chimiver.com\/wp-content\/uploads\/2022\/06\/Chimiver_500x500.jpg\",\"width\":500,\"height\":500,\"caption\":\"Chimiver\"},\"image\":{\"@id\":\"https:\/\/chimiver.com\/fr\/#\/schema\/logo\/image\/\"},\"sameAs\":[\"https:\/\/www.facebook.com\/chimiver\"]}]}<\/script>\n<!-- \/ Yoast SEO plugin. -->","yoast_head_json":{"title":"Certifications - Certifications de produits et S-Card","description":"Visita la sezione Certifications. Chimiver \u00e8 un'azienda attenta al mercato e alle esigenze dei propri clienti, per questo sta ampliando il proprio portfolio delle certificazioni di prodotto.","robots":{"index":"index","follow":"follow","max-snippet":"max-snippet:-1","max-image-preview":"max-image-preview:large","max-video-preview":"max-video-preview:-1"},"canonical":"https:\/\/chimiver.com\/fr\/durabilite-certifications\/","og_locale":"fr_FR","og_type":"article","og_title":"Certifications - Certifications de produits et S-Card","og_description":"Visita la sezione Certifications. Chimiver \u00e8 un'azienda attenta al mercato e alle esigenze dei propri clienti, per questo sta ampliando il proprio portfolio delle certificazioni di prodotto.","og_url":"https:\/\/chimiver.com\/fr\/durabilite-certifications\/","og_site_name":"Chimiver","article_publisher":"https:\/\/www.facebook.com\/chimiver","article_modified_time":"2024-05-30T12:13:12+00:00","og_image":[{"width":500,"height":500,"url":"https:\/\/chimiver.com\/wp-content\/uploads\/2022\/06\/Chimiver_500x500.jpg","type":"image\/jpeg"}],"twitter_card":"summary_large_image","schema":{"@context":"https:\/\/schema.org","@graph":[{"@type":"WebPage","@id":"https:\/\/chimiver.com\/fr\/durabilite-certifications\/","url":"https:\/\/chimiver.com\/fr\/durabilite-certifications\/","name":"Certifications - Certifications de produits et S-Card","isPartOf":{"@id":"https:\/\/chimiver.com\/fr\/#website"},"datePublished":"2024-01-09T15:26:57+00:00","dateModified":"2024-05-30T12:13:12+00:00","description":"Visita la sezione Certifications. Chimiver \u00e8 un'azienda attenta al mercato e alle esigenze dei propri clienti, per questo sta ampliando il proprio portfolio delle certificazioni di prodotto.","breadcrumb":{"@id":"https:\/\/chimiver.com\/fr\/durabilite-certifications\/#breadcrumb"},"inLanguage":"fr-FR","potentialAction":[{"@type":"ReadAction","target":["https:\/\/chimiver.com\/fr\/durabilite-certifications\/"]}]},{"@type":"BreadcrumbList","@id":"https:\/\/chimiver.com\/fr\/durabilite-certifications\/#breadcrumb","itemListElement":[{"@type":"ListItem","position":1,"name":"Home","item":"https:\/\/chimiver.com\/fr\/"},{"@type":"ListItem","position":2,"name":"Certifications"}]},{"@type":"WebSite","@id":"https:\/\/chimiver.com\/fr\/#website","url":"https:\/\/chimiver.com\/fr\/","name":"Chimiver, Your floors partner","description":"Your floors partner","publisher":{"@id":"https:\/\/chimiver.com\/fr\/#organization"},"alternateName":"Chimiver","potentialAction":[{"@type":"SearchAction","target":{"@type":"EntryPoint","urlTemplate":"https:\/\/chimiver.com\/fr\/?s={search_term_string}"},"query-input":{"@type":"PropertyValueSpecification","valueRequired":true,"valueName":"search_term_string"}}],"inLanguage":"fr-FR"},{"@type":"Organization","@id":"https:\/\/chimiver.com\/fr\/#organization","name":"Chimiver","url":"https:\/\/chimiver.com\/fr\/","logo":{"@type":"ImageObject","inLanguage":"fr-FR","@id":"https:\/\/chimiver.com\/fr\/#\/schema\/logo\/image\/","url":"https:\/\/chimiver.com\/wp-content\/uploads\/2022\/06\/Chimiver_500x500.jpg","contentUrl":"https:\/\/chimiver.com\/wp-content\/uploads\/2022\/06\/Chimiver_500x500.jpg","width":500,"height":500,"caption":"Chimiver"},"image":{"@id":"https:\/\/chimiver.com\/fr\/#\/schema\/logo\/image\/"},"sameAs":["https:\/\/www.facebook.com\/chimiver"]}]}},"_links":{"self":[{"href":"https:\/\/chimiver.com\/fr\/wp-json\/wp\/v2\/pages\/18474","targetHints":{"allow":["GET"]}}],"collection":[{"href":"https:\/\/chimiver.com\/fr\/wp-json\/wp\/v2\/pages"}],"about":[{"href":"https:\/\/chimiver.com\/fr\/wp-json\/wp\/v2\/types\/page"}],"author":[{"embeddable":true,"href":"https:\/\/chimiver.com\/fr\/wp-json\/wp\/v2\/users\/2"}],"replies":[{"embeddable":true,"href":"https:\/\/chimiver.com\/fr\/wp-json\/wp\/v2\/comments?post=18474"}],"version-history":[{"count":4,"href":"https:\/\/chimiver.com\/fr\/wp-json\/wp\/v2\/pages\/18474\/revisions"}],"predecessor-version":[{"id":19773,"href":"https:\/\/chimiver.com\/fr\/wp-json\/wp\/v2\/pages\/18474\/revisions\/19773"}],"wp:attachment":[{"href":"https:\/\/chimiver.com\/fr\/wp-json\/wp\/v2\/media?parent=18474"}],"curies":[{"name":"wp","href":"https:\/\/api.w.org\/{rel}","templated":true}]}}