{"id":18479,"date":"2024-01-02T15:47:22","date_gmt":"2024-01-02T14:47:22","guid":{"rendered":"https:\/\/chimiver.com\/packaging\/"},"modified":"2025-03-27T14:01:24","modified_gmt":"2025-03-27T13:01:24","slug":"packaging","status":"publish","type":"page","link":"https:\/\/chimiver.com\/fr\/packaging\/","title":{"rendered":"Packaging"},"content":{"rendered":"<section id=\"customlink_block-block_632b07d0b15250924f06ecbcf48d9ad3\" class=\"text-image-block pubfa-block\" style=\"background-color:#FFFFFF;color:#2E2D2C;text-align:left;padding:45px 0;\">\n<div class=\"container\">\n    <div class=\"row\">\n\n        <!-- Text Col -->\n        <div class=\"col-12 col-lg-7 d-flex flex-column order-2 justify-content-start \">\n\n            <!-- Text Group -->\n            \n                <!-- Title (with or without Link) -->\n                \n                <!-- Content -->\n                                    <div class=\"pubfa-block-text-1\"><h1>Transition \u00e9cologique dans le packaging<\/h1>\n<p>La transition que\u00a0<strong>Chimiver Panseri S.p.A.<\/strong> a amorc\u00e9e il y a des ann\u00e9es vers des emballages enti\u00e8rement ou partiellement produits \u00e0 partir de mati\u00e8res premi\u00e8res recycl\u00e9es (certifi\u00e9es <strong>Plastique Seconde Vie<\/strong>), repr\u00e9sente une strat\u00e9gie d\u2019entreprise d\u2019avenir, ax\u00e9e non seulement sur la durabilit\u00e9 environnementale, mais aussi sur la cr\u00e9ation de valeur \u00e9conomique. La phase de conception, devenue cruciale dans ce contexte, n\u2019est pas seulement une composante du processus, elle devient aussi son c\u0153ur battant, en mesure de garantir des solutions qui se traduisent par des avantages tangibles au niveau \u00e9conomique, environnemental et social.<\/p>\n<p>&nbsp;<\/p>\n<p>Notre entreprise a donc mis en place une \u00e9quipe charg\u00e9e de l\u2019\u00e9co-conception du packaging. Cette \u00e9quipe a pour objectif de repenser les emballages utilis\u00e9s, en empruntant une voie vers l\u2019<strong>am\u00e9lioration du profil environnemental du packaging<\/strong> et en fournissant des \u00e9valuations faites sur mesure qui prennent en compte tous les aspects :<\/p>\n<\/div>\n                                \n            \n        <\/div>\n\n        <!-- Image Col -->\n        <div class=\"col-12 col-lg-5 d-flex align-items-center justify-content-center order-3 \">\n\n            <!-- Image Group -->\n            \n                 <!-- Image (with or without Link) -->\n                                                             <a href=\"https:\/\/chimiver.com\/wp-content\/uploads\/2023\/05\/Certificato_1968_PSV_CASONE_MIXECO.pdf\" target=\"_blank\">\n                            <img decoding=\"async\" src=\"https:\/\/chimiver.com\/wp-content\/uploads\/2024\/01\/plastica-seconda-vita_408x332.jpg\" alt=\"Chimiver-Sostenibilit\u00e0-Imballi-Riciclati-Plastica-Seconda-Vita-Mix-Eco-408x332\" class=\"img-fluid\">\n                        <\/a>\n                                    \n            \n        <\/div>\n    <\/div>\n<\/div>\n<\/section><section id=\"customlink_block-block_525001a81b9ea7840696ed3385686918\" class=\"single-image-block pubfa-block\" style=\"background-color:#FFFFFF;\">\n    <div class=\"container\">\n        <!-- Image Group -->\n        \n            <!-- Image (with or without Link) -->\n                                                <img decoding=\"async\" src=\"https:\/\/chimiver.com\/wp-content\/uploads\/2024\/02\/packaging_evoluzione.jpg\" alt=\"Transizione-Ecologia-nei-Packaging-Chimiver-Sostenibilit\u00e0-Imballi-Colle-Vernici-Oli-Detergenti-Privati-Professionisti\" class=\"img-fluid\">\n                            \n        \n    <\/div>\n<\/section><section id=\"customlink_block-block_33cdf294d86c287cf0cfb9b9a23910ae\" class=\"text-image-block pubfa-block\" style=\"background-color:#FFFFFF;color:#2E2D2C;text-align:left;padding:45px 0;\">\n<div class=\"container\">\n    <div class=\"row\">\n\n        <!-- Text Col -->\n        <div class=\"col-12 col-lg-7 d-flex flex-column order-2 justify-content-start \">\n\n            <!-- Text Group -->\n            \n                <!-- Title (with or without Link) -->\n                \n                <!-- Content -->\n                                    <div class=\"pubfa-block-text-1\"><p>Au cours des 4 derni\u00e8res ann\u00e9es, Chimiver a particip\u00e9 \u00e0 l\u2019<strong>ECOPACK \u2013 Appel d\u2019offre pour l\u2019\u00e9co-conception<\/strong> lanc\u00e9e par <strong>CONAI<\/strong> (Consortium national des emballages) et l\u2019a remport\u00e9 avec diff\u00e9rents types d\u2019emballage (9 cas pr\u00e9sent\u00e9s pour l\u2019ann\u00e9e 2020, 1 pour l\u2019ann\u00e9e 2021, 3 pour l\u2019ann\u00e9e 2022 et 1 pour l\u2019ann\u00e9e 2023).<\/p>\n<p>En tant qu\u2019entreprise, un parcours stimulant d\u2019am\u00e9lioration nous attend, un engagement continu que nous embrassons avec d\u00e9termination et en conscience. Nous sommes guid\u00e9s par la passion de l\u2019excellence et chaque d\u00e9fi que nous relevons est une \u00e9tape de plus vers le succ\u00e8s qui raconte l\u2019histoire de notre engagement.<\/p>\n<\/div>\n                                \n            \n        <\/div>\n\n        <!-- Image Col -->\n        <div class=\"col-12 col-lg-5 d-flex align-items-center justify-content-center order-1 \">\n\n            <!-- Image Group -->\n            \n                 <!-- Image (with or without Link) -->\n                                                             <img decoding=\"async\" src=\"https:\/\/chimiver.com\/wp-content\/uploads\/2025\/03\/Attestato-EcoPack_2024_408x332.jpg\" alt=\"\" class=\"img-fluid\">\n                                    \n            \n        <\/div>\n    <\/div>\n<\/div>\n<\/section><section id=\"customlink_block-block_54965ec7f330be3ddf1e5b84cbdc59b2\" class=\"text-image-block pubfa-block\" style=\"background-color:#FFFFFF;color:#2E2D2C;text-align:left;padding:45px 0;\">\n<div class=\"container\">\n    <div class=\"row\">\n\n        <!-- Text Col -->\n        <div class=\"col-12 col-lg-7 d-flex flex-column order-2 justify-content-start \">\n\n            <!-- Text Group -->\n            \n                <!-- Title (with or without Link) -->\n                \n                <!-- Content -->\n                                \n            \n        <\/div>\n\n        <!-- Image Col -->\n        <div class=\"col-12 col-lg-5 d-flex align-items-center justify-content-center order-3 \">\n\n            <!-- Image Group -->\n            \n                 <!-- Image (with or without Link) -->\n                 \n            \n        <\/div>\n    <\/div>\n<\/div>\n<\/section>","protected":false},"excerpt":{"rendered":"","protected":false},"author":2,"featured_media":0,"parent":0,"menu_order":50,"comment_status":"closed","ping_status":"closed","template":"","meta":{"_acf_changed":false,"inline_featured_image":false,"footnotes":""},"class_list":["post-18479","page","type-page","status-publish","hentry"],"acf":[],"yoast_head":"<!-- This site is optimized with the Yoast SEO plugin v26.2 - https:\/\/yoast.com\/wordpress\/plugins\/seo\/ -->\n<title>Packaging - Transition \u00e9cologique dans le packaging Chimiver<\/title>\n<meta name=\"description\" content=\"Visita la sezione Packaging. Siamo leader nel mercato di prodotti per incollaggio, trattamento e manutenzione di pavimenti interni ed esterni.\" \/>\n<meta name=\"robots\" content=\"index, follow, max-snippet:-1, max-image-preview:large, max-video-preview:-1\" \/>\n<link rel=\"canonical\" href=\"https:\/\/chimiver.com\/fr\/packaging\/\" \/>\n<meta property=\"og:locale\" content=\"fr_FR\" \/>\n<meta property=\"og:type\" content=\"article\" \/>\n<meta property=\"og:title\" content=\"Packaging - Transition \u00e9cologique dans le packaging Chimiver\" \/>\n<meta property=\"og:description\" content=\"Visita la sezione Packaging. Siamo leader nel mercato di prodotti per incollaggio, trattamento e manutenzione di pavimenti interni ed esterni.\" \/>\n<meta property=\"og:url\" content=\"https:\/\/chimiver.com\/fr\/packaging\/\" \/>\n<meta property=\"og:site_name\" content=\"Chimiver\" \/>\n<meta property=\"article:publisher\" content=\"https:\/\/www.facebook.com\/chimiver\" \/>\n<meta property=\"article:modified_time\" content=\"2025-03-27T13:01:24+00:00\" \/>\n<meta property=\"og:image\" content=\"https:\/\/chimiver.com\/wp-content\/uploads\/2022\/06\/Chimiver_500x500.jpg\" \/>\n\t<meta property=\"og:image:width\" content=\"500\" \/>\n\t<meta property=\"og:image:height\" content=\"500\" \/>\n\t<meta property=\"og:image:type\" content=\"image\/jpeg\" \/>\n<meta name=\"twitter:card\" content=\"summary_large_image\" \/>\n<script type=\"application\/ld+json\" class=\"yoast-schema-graph\">{\"@context\":\"https:\/\/schema.org\",\"@graph\":[{\"@type\":\"WebPage\",\"@id\":\"https:\/\/chimiver.com\/fr\/packaging\/\",\"url\":\"https:\/\/chimiver.com\/fr\/packaging\/\",\"name\":\"Packaging - Transition \u00e9cologique dans le packaging Chimiver\",\"isPartOf\":{\"@id\":\"https:\/\/chimiver.com\/fr\/#website\"},\"datePublished\":\"2024-01-02T14:47:22+00:00\",\"dateModified\":\"2025-03-27T13:01:24+00:00\",\"description\":\"Visita la sezione Packaging. Siamo leader nel mercato di prodotti per incollaggio, trattamento e manutenzione di pavimenti interni ed esterni.\",\"breadcrumb\":{\"@id\":\"https:\/\/chimiver.com\/fr\/packaging\/#breadcrumb\"},\"inLanguage\":\"fr-FR\",\"potentialAction\":[{\"@type\":\"ReadAction\",\"target\":[\"https:\/\/chimiver.com\/fr\/packaging\/\"]}]},{\"@type\":\"BreadcrumbList\",\"@id\":\"https:\/\/chimiver.com\/fr\/packaging\/#breadcrumb\",\"itemListElement\":[{\"@type\":\"ListItem\",\"position\":1,\"name\":\"Home\",\"item\":\"https:\/\/chimiver.com\/fr\/\"},{\"@type\":\"ListItem\",\"position\":2,\"name\":\"Packaging\"}]},{\"@type\":\"WebSite\",\"@id\":\"https:\/\/chimiver.com\/fr\/#website\",\"url\":\"https:\/\/chimiver.com\/fr\/\",\"name\":\"Chimiver, Your floors partner\",\"description\":\"Your floors partner\",\"publisher\":{\"@id\":\"https:\/\/chimiver.com\/fr\/#organization\"},\"alternateName\":\"Chimiver\",\"potentialAction\":[{\"@type\":\"SearchAction\",\"target\":{\"@type\":\"EntryPoint\",\"urlTemplate\":\"https:\/\/chimiver.com\/fr\/?s={search_term_string}\"},\"query-input\":{\"@type\":\"PropertyValueSpecification\",\"valueRequired\":true,\"valueName\":\"search_term_string\"}}],\"inLanguage\":\"fr-FR\"},{\"@type\":\"Organization\",\"@id\":\"https:\/\/chimiver.com\/fr\/#organization\",\"name\":\"Chimiver\",\"url\":\"https:\/\/chimiver.com\/fr\/\",\"logo\":{\"@type\":\"ImageObject\",\"inLanguage\":\"fr-FR\",\"@id\":\"https:\/\/chimiver.com\/fr\/#\/schema\/logo\/image\/\",\"url\":\"https:\/\/chimiver.com\/wp-content\/uploads\/2022\/06\/Chimiver_500x500.jpg\",\"contentUrl\":\"https:\/\/chimiver.com\/wp-content\/uploads\/2022\/06\/Chimiver_500x500.jpg\",\"width\":500,\"height\":500,\"caption\":\"Chimiver\"},\"image\":{\"@id\":\"https:\/\/chimiver.com\/fr\/#\/schema\/logo\/image\/\"},\"sameAs\":[\"https:\/\/www.facebook.com\/chimiver\"]}]}<\/script>\n<!-- \/ Yoast SEO plugin. -->","yoast_head_json":{"title":"Packaging - Transition \u00e9cologique dans le packaging Chimiver","description":"Visita la sezione Packaging. Siamo leader nel mercato di prodotti per incollaggio, trattamento e manutenzione di pavimenti interni ed esterni.","robots":{"index":"index","follow":"follow","max-snippet":"max-snippet:-1","max-image-preview":"max-image-preview:large","max-video-preview":"max-video-preview:-1"},"canonical":"https:\/\/chimiver.com\/fr\/packaging\/","og_locale":"fr_FR","og_type":"article","og_title":"Packaging - Transition \u00e9cologique dans le packaging Chimiver","og_description":"Visita la sezione Packaging. Siamo leader nel mercato di prodotti per incollaggio, trattamento e manutenzione di pavimenti interni ed esterni.","og_url":"https:\/\/chimiver.com\/fr\/packaging\/","og_site_name":"Chimiver","article_publisher":"https:\/\/www.facebook.com\/chimiver","article_modified_time":"2025-03-27T13:01:24+00:00","og_image":[{"width":500,"height":500,"url":"https:\/\/chimiver.com\/wp-content\/uploads\/2022\/06\/Chimiver_500x500.jpg","type":"image\/jpeg"}],"twitter_card":"summary_large_image","schema":{"@context":"https:\/\/schema.org","@graph":[{"@type":"WebPage","@id":"https:\/\/chimiver.com\/fr\/packaging\/","url":"https:\/\/chimiver.com\/fr\/packaging\/","name":"Packaging - Transition \u00e9cologique dans le packaging Chimiver","isPartOf":{"@id":"https:\/\/chimiver.com\/fr\/#website"},"datePublished":"2024-01-02T14:47:22+00:00","dateModified":"2025-03-27T13:01:24+00:00","description":"Visita la sezione Packaging. Siamo leader nel mercato di prodotti per incollaggio, trattamento e manutenzione di pavimenti interni ed esterni.","breadcrumb":{"@id":"https:\/\/chimiver.com\/fr\/packaging\/#breadcrumb"},"inLanguage":"fr-FR","potentialAction":[{"@type":"ReadAction","target":["https:\/\/chimiver.com\/fr\/packaging\/"]}]},{"@type":"BreadcrumbList","@id":"https:\/\/chimiver.com\/fr\/packaging\/#breadcrumb","itemListElement":[{"@type":"ListItem","position":1,"name":"Home","item":"https:\/\/chimiver.com\/fr\/"},{"@type":"ListItem","position":2,"name":"Packaging"}]},{"@type":"WebSite","@id":"https:\/\/chimiver.com\/fr\/#website","url":"https:\/\/chimiver.com\/fr\/","name":"Chimiver, Your floors partner","description":"Your floors partner","publisher":{"@id":"https:\/\/chimiver.com\/fr\/#organization"},"alternateName":"Chimiver","potentialAction":[{"@type":"SearchAction","target":{"@type":"EntryPoint","urlTemplate":"https:\/\/chimiver.com\/fr\/?s={search_term_string}"},"query-input":{"@type":"PropertyValueSpecification","valueRequired":true,"valueName":"search_term_string"}}],"inLanguage":"fr-FR"},{"@type":"Organization","@id":"https:\/\/chimiver.com\/fr\/#organization","name":"Chimiver","url":"https:\/\/chimiver.com\/fr\/","logo":{"@type":"ImageObject","inLanguage":"fr-FR","@id":"https:\/\/chimiver.com\/fr\/#\/schema\/logo\/image\/","url":"https:\/\/chimiver.com\/wp-content\/uploads\/2022\/06\/Chimiver_500x500.jpg","contentUrl":"https:\/\/chimiver.com\/wp-content\/uploads\/2022\/06\/Chimiver_500x500.jpg","width":500,"height":500,"caption":"Chimiver"},"image":{"@id":"https:\/\/chimiver.com\/fr\/#\/schema\/logo\/image\/"},"sameAs":["https:\/\/www.facebook.com\/chimiver"]}]}},"_links":{"self":[{"href":"https:\/\/chimiver.com\/fr\/wp-json\/wp\/v2\/pages\/18479","targetHints":{"allow":["GET"]}}],"collection":[{"href":"https:\/\/chimiver.com\/fr\/wp-json\/wp\/v2\/pages"}],"about":[{"href":"https:\/\/chimiver.com\/fr\/wp-json\/wp\/v2\/types\/page"}],"author":[{"embeddable":true,"href":"https:\/\/chimiver.com\/fr\/wp-json\/wp\/v2\/users\/2"}],"replies":[{"embeddable":true,"href":"https:\/\/chimiver.com\/fr\/wp-json\/wp\/v2\/comments?post=18479"}],"version-history":[{"count":6,"href":"https:\/\/chimiver.com\/fr\/wp-json\/wp\/v2\/pages\/18479\/revisions"}],"predecessor-version":[{"id":22320,"href":"https:\/\/chimiver.com\/fr\/wp-json\/wp\/v2\/pages\/18479\/revisions\/22320"}],"wp:attachment":[{"href":"https:\/\/chimiver.com\/fr\/wp-json\/wp\/v2\/media?parent=18479"}],"curies":[{"name":"wp","href":"https:\/\/api.w.org\/{rel}","templated":true}]}}