{"id":18484,"date":"2024-01-15T16:05:02","date_gmt":"2024-01-15T15:05:02","guid":{"rendered":"https:\/\/chimiver.com\/innovazione\/"},"modified":"2024-03-22T13:32:42","modified_gmt":"2024-03-22T12:32:42","slug":"innovation","status":"publish","type":"page","link":"https:\/\/chimiver.com\/fr\/innovation\/","title":{"rendered":"Innovation"},"content":{"rendered":"<section id=\"customlink_block-block_58bffa10b4a9d90207ce49653b52bc3a\" class=\"text-image-block pubfa-block\" style=\"background-color:#FFFFFF;color:#2E2D2C;text-align:left;padding:45px 0;\">\n<div class=\"container\">\n    <div class=\"row\">\n\n        <!-- Text Col -->\n        <div class=\"col-12 col-lg-7 d-flex flex-column order-2 justify-content-start \">\n\n            <!-- Text Group -->\n            \n                <!-- Title (with or without Link) -->\n                \n                <!-- Content -->\n                                    <div class=\"pubfa-block-text-1\"><p>&nbsp;<\/p>\n<p>Dans le tissu d\u2019entreprise contemporain, la convergence entre\u00a0la <strong>num\u00e9risation\u00a0<\/strong>et\u00a0<strong>l\u2019optimisation<\/strong> des processus\u00a0est configur\u00e9e comme un bin\u00f4me fondamental, porteur d\u2019impacts significatifs sur <strong>l\u2019efficacit\u00e9 op\u00e9rationnelle, la comp\u00e9titivit\u00e9 et la durabilit\u00e9.<\/strong><\/p>\n<p>La\u00a0<strong>transformation num\u00e9rique<\/strong>\u00a0implique l\u2019adoption de technologies avanc\u00e9es pour automatiser et optimiser les processus d\u2019entreprise, favorisant ainsi une gestion plus rapide, plus pr\u00e9cise et plus performante des ressources.\u00a0<strong>Chimiver Panseri S.p.A.<\/strong> r\u00e9pond aux dynamiques mouvantes du march\u00e9 en int\u00e9grant dans son quotidien des solutions d\u2019avenir:<\/p>\n<\/div>\n                                \n            \n        <\/div>\n\n        <!-- Image Col -->\n        <div class=\"col-12 col-lg-5 d-flex align-items-center justify-content-center order-3 \">\n\n            <!-- Image Group -->\n            \n                 <!-- Image (with or without Link) -->\n                                                             <img decoding=\"async\" src=\"https:\/\/chimiver.com\/wp-content\/uploads\/2024\/02\/innovazione_2.jpg\" alt=\"Azienda-Italiana-Prodotti-Professionali-Sostenibili-Posa-Trattamento-Manutenzione-Pavimenti-Legno-Parquet-Resina-Resilienti-Decking-WPC-Erba-Sintetica-Progettisti-Chimiver-Innovazione-Tecnologica-Controllo-Qualit\u00e0\" class=\"img-fluid\">\n                                    \n            \n        <\/div>\n    <\/div>\n<\/div>\n<\/section><section id=\"customlink_block-block_ecd353c3e046b38a9ad00a6f50dba9ee\" class=\"text-image-block pubfa-block\" style=\"background-color:#FFFFFF;color:#2E2D2C;text-align:left;padding:45px 0;\">\n<div class=\"container\">\n    <div class=\"row\">\n\n        <!-- Text Col -->\n        <div class=\"col-12 col-lg-7 d-flex flex-column order-2 justify-content-start \">\n\n            <!-- Text Group -->\n            \n                <!-- Title (with or without Link) -->\n                \n                <!-- Content -->\n                                    <div class=\"pubfa-block-text-1\"><p>&nbsp;<\/p>\n<ul>\n<li><strong>automatisation<\/strong> compl\u00e8te du <strong>processus de r\u00e9ception des commandes<\/strong> via une application g\u00e9r\u00e9e par le service commercial;<\/li>\n<li><strong>automatisation<\/strong> de la\u00a0<strong>planification de l\u2019approvisionnement en mati\u00e8res premi\u00e8res et emballages\u00a0<\/strong>via un syst\u00e8me informatique directement int\u00e9gr\u00e9 \u00e0 la planification des commandes des clients;<\/li>\n<li>processus internes de <strong>contr\u00f4le<\/strong> des mati\u00e8res premi\u00e8res entrantes, de fabrication des produits, de contr\u00f4le qualit\u00e9 et d\u2019attribution de l\u2019attestation de conformit\u00e9, d\u2019entreposage et d\u2019exp\u00e9dition, enti\u00e8rement num\u00e9ris\u00e9s et g\u00e9r\u00e9s via des tablettes connect\u00e9es en r\u00e9seau avec des informations partag\u00e9es avec toutes les fonctions internes\u00a0;<\/li>\n<li><strong>gestion digitalis\u00e9e des certifications d\u2019entreprises<\/strong> avec possibilit\u00e9 d\u2019audit \u00e0 distance moyennant une visite virtuelle par drone;<\/li>\n<\/ul>\n<\/div>\n                                \n            \n        <\/div>\n\n        <!-- Image Col -->\n        <div class=\"col-12 col-lg-5 d-flex align-items-center justify-content-center order-1 \">\n\n            <!-- Image Group -->\n            \n                 <!-- Image (with or without Link) -->\n                                                             <img decoding=\"async\" src=\"https:\/\/chimiver.com\/wp-content\/uploads\/2024\/02\/foto-Ai.jpg\" alt=\"Azienda-Italiana-Prodotti-Professionali-Sostenibili-Posa-Trattamento-Manutenzione-Pavimenti-Legno-Parquet-Resina-Resilienti-Decking-WPC-Erba-Sintetica-Progettisti-Chimiver-Intelligenza-Artificiale\" class=\"img-fluid\">\n                                    \n            \n        <\/div>\n    <\/div>\n<\/div>\n<\/section><section id=\"customlink_block-block_1cde9362792baebdae9a4b5671e6943a\" class=\"text-image-block pubfa-block\" style=\"background-color:#FFFFFF;color:#2E2D2C;text-align:left;padding:45px 0;\">\n<div class=\"container\">\n    <div class=\"row\">\n\n        <!-- Text Col -->\n        <div class=\"col-12 col-lg-7 d-flex flex-column order-2 justify-content-start \">\n\n            <!-- Text Group -->\n            \n                <!-- Title (with or without Link) -->\n                \n                <!-- Content -->\n                                    <div class=\"pubfa-block-text-1\"><ul>\n<li><strong>gestion des projets R&amp;D via l\u2019appli:<\/strong> L\u2019application utilise \u00e9galement l\u2019intelligence artificielle pour automatiser le processus d\u2019ouverture d\u2019un projet, facilitant ainsi la d\u00e9finition des objectifs, la planification des t\u00e2ches et la gestion des ressources. Gr\u00e2ce \u00e0 des algorithmes avanc\u00e9s, l\u2019application \u00e9value de mani\u00e8re autonome la faisabilit\u00e9 et la coh\u00e9rence des projets propos\u00e9s, en analysant les donn\u00e9es historiques, la litt\u00e9rature scientifique et les ressources disponibles. Cela permet d\u2019optimiser les d\u00e9cisions d\u2019investissement et de concentrer les ressources sur des projets promettant une plus grande probabilit\u00e9 de succ\u00e8s. L\u2019efficacit\u00e9 d\u2019un laboratoire de chimie d\u00e9pend \u00e9galement de sa capacit\u00e9 \u00e0 planifier, \u00e0 surveiller et \u00e0 analyser les activit\u00e9s de recherche en cours. Par ailleurs, l\u2019application facilite la collaboration entre les membres de l\u2019\u00e9quipe de recherche, permettant ainsi une communication plus efficace et un partage instantan\u00e9 des donn\u00e9es et des r\u00e9sultats. Gr\u00e2ce \u00e0 l\u2019analyse en temps r\u00e9el, il est possible d\u2019adapter rapidement les strat\u00e9gies de recherche en am\u00e9liorant par l\u00e0-m\u00eame la flexibilit\u00e9 et la r\u00e9activit\u00e9 du laboratoire.<\/li>\n<\/ul>\n<\/div>\n                                \n            \n        <\/div>\n\n        <!-- Image Col -->\n        <div class=\"col-12 col-lg-5 d-flex align-items-center justify-content-center order-3 \">\n\n            <!-- Image Group -->\n            \n                 <!-- Image (with or without Link) -->\n                                                             <img decoding=\"async\" src=\"https:\/\/chimiver.com\/wp-content\/uploads\/2024\/02\/innovazione.jpg\" alt=\"Azienda-Italiana-Prodotti-Professionali-Sostenibili-Posa-Trattamento-Manutenzione-Pavimenti-Legno-Parquet-Resina-Resilienti-Decking-WPC-Erba-Sintetica-Progettisti-Chimiver-Innovazione-Tecnologica-Automatizzazione\" class=\"img-fluid\">\n                                    \n            \n        <\/div>\n    <\/div>\n<\/div>\n<\/section><section id=\"customlink_block-block_92dd92d2fc507c563cbeff616b3e393d\" class=\"banner-block pubfa-block\" style=\"background-color:#FFDA00;color:#2E2D2C;text-align:left;\">\n\n    <!-- Background Image Group -->\n            <!-- Background Image  -->\n        \n    \n    <!-- Text Group -->\n            <div class=\"text-group\">\n            <div class=\"container\">\n\n                <!-- Title (with or without Link) -->\n                \n                                            <h2 class=\"pubfa-block-title-1\">Innover en investissant dans les nouvelles technologies est la cl\u00e9 de la croissance des entreprises. Notre prochaine \u00e9tape ?<\/h2>\n                                    \n                <!-- Content -->\n                                    <div class=\"pubfa-block-text-1\"><blockquote>\n<h1 style=\"text-align: right;\"><em>Continuer \u00e0 penser hors des lieux communs, tout simplement.<\/em><\/h1>\n<\/blockquote>\n<\/div>\n                \n            <\/div>\n        <\/div>\n    \n<\/section>","protected":false},"excerpt":{"rendered":"","protected":false},"author":2,"featured_media":0,"parent":0,"menu_order":17,"comment_status":"closed","ping_status":"closed","template":"","meta":{"_acf_changed":false,"inline_featured_image":false,"footnotes":""},"class_list":["post-18484","page","type-page","status-publish","hentry"],"acf":[],"yoast_head":"<!-- This site is optimized with the Yoast SEO plugin v26.2 - https:\/\/yoast.com\/wordpress\/plugins\/seo\/ -->\n<title>Innovation - L&#039;innovazione tecnologica nel mondo Chimiver<\/title>\n<meta name=\"description\" content=\"Visita la sezione Innovation. Chimiver sta rispondendo alle mutevoli dinamiche del mercato, integrando nella propria quotidianit\u00e0 soluzioni all&#039;avanguardia, scopri come.\" \/>\n<meta name=\"robots\" content=\"index, follow, max-snippet:-1, max-image-preview:large, max-video-preview:-1\" \/>\n<link rel=\"canonical\" href=\"https:\/\/chimiver.com\/fr\/innovation\/\" \/>\n<meta property=\"og:locale\" content=\"fr_FR\" \/>\n<meta property=\"og:type\" content=\"article\" \/>\n<meta property=\"og:title\" content=\"Innovation - L&#039;innovazione tecnologica nel mondo Chimiver\" \/>\n<meta property=\"og:description\" content=\"Visita la sezione Innovation. Chimiver sta rispondendo alle mutevoli dinamiche del mercato, integrando nella propria quotidianit\u00e0 soluzioni all&#039;avanguardia, scopri come.\" \/>\n<meta property=\"og:url\" content=\"https:\/\/chimiver.com\/fr\/innovation\/\" \/>\n<meta property=\"og:site_name\" content=\"Chimiver\" \/>\n<meta property=\"article:publisher\" content=\"https:\/\/www.facebook.com\/chimiver\" \/>\n<meta property=\"article:modified_time\" content=\"2024-03-22T12:32:42+00:00\" \/>\n<meta property=\"og:image\" content=\"https:\/\/chimiver.com\/wp-content\/uploads\/2022\/06\/Chimiver_500x500.jpg\" \/>\n\t<meta property=\"og:image:width\" content=\"500\" \/>\n\t<meta property=\"og:image:height\" content=\"500\" \/>\n\t<meta property=\"og:image:type\" content=\"image\/jpeg\" \/>\n<meta name=\"twitter:card\" content=\"summary_large_image\" \/>\n<script type=\"application\/ld+json\" class=\"yoast-schema-graph\">{\"@context\":\"https:\/\/schema.org\",\"@graph\":[{\"@type\":\"WebPage\",\"@id\":\"https:\/\/chimiver.com\/fr\/innovation\/\",\"url\":\"https:\/\/chimiver.com\/fr\/innovation\/\",\"name\":\"Innovation - L'innovazione tecnologica nel mondo Chimiver\",\"isPartOf\":{\"@id\":\"https:\/\/chimiver.com\/fr\/#website\"},\"datePublished\":\"2024-01-15T15:05:02+00:00\",\"dateModified\":\"2024-03-22T12:32:42+00:00\",\"description\":\"Visita la sezione Innovation. Chimiver sta rispondendo alle mutevoli dinamiche del mercato, integrando nella propria quotidianit\u00e0 soluzioni all'avanguardia, scopri come.\",\"breadcrumb\":{\"@id\":\"https:\/\/chimiver.com\/fr\/innovation\/#breadcrumb\"},\"inLanguage\":\"fr-FR\",\"potentialAction\":[{\"@type\":\"ReadAction\",\"target\":[\"https:\/\/chimiver.com\/fr\/innovation\/\"]}]},{\"@type\":\"BreadcrumbList\",\"@id\":\"https:\/\/chimiver.com\/fr\/innovation\/#breadcrumb\",\"itemListElement\":[{\"@type\":\"ListItem\",\"position\":1,\"name\":\"Home\",\"item\":\"https:\/\/chimiver.com\/fr\/\"},{\"@type\":\"ListItem\",\"position\":2,\"name\":\"Innovation\"}]},{\"@type\":\"WebSite\",\"@id\":\"https:\/\/chimiver.com\/fr\/#website\",\"url\":\"https:\/\/chimiver.com\/fr\/\",\"name\":\"Chimiver, Your floors partner\",\"description\":\"Your floors partner\",\"publisher\":{\"@id\":\"https:\/\/chimiver.com\/fr\/#organization\"},\"alternateName\":\"Chimiver\",\"potentialAction\":[{\"@type\":\"SearchAction\",\"target\":{\"@type\":\"EntryPoint\",\"urlTemplate\":\"https:\/\/chimiver.com\/fr\/?s={search_term_string}\"},\"query-input\":{\"@type\":\"PropertyValueSpecification\",\"valueRequired\":true,\"valueName\":\"search_term_string\"}}],\"inLanguage\":\"fr-FR\"},{\"@type\":\"Organization\",\"@id\":\"https:\/\/chimiver.com\/fr\/#organization\",\"name\":\"Chimiver\",\"url\":\"https:\/\/chimiver.com\/fr\/\",\"logo\":{\"@type\":\"ImageObject\",\"inLanguage\":\"fr-FR\",\"@id\":\"https:\/\/chimiver.com\/fr\/#\/schema\/logo\/image\/\",\"url\":\"https:\/\/chimiver.com\/wp-content\/uploads\/2022\/06\/Chimiver_500x500.jpg\",\"contentUrl\":\"https:\/\/chimiver.com\/wp-content\/uploads\/2022\/06\/Chimiver_500x500.jpg\",\"width\":500,\"height\":500,\"caption\":\"Chimiver\"},\"image\":{\"@id\":\"https:\/\/chimiver.com\/fr\/#\/schema\/logo\/image\/\"},\"sameAs\":[\"https:\/\/www.facebook.com\/chimiver\"]}]}<\/script>\n<!-- \/ Yoast SEO plugin. -->","yoast_head_json":{"title":"Innovation - L'innovazione tecnologica nel mondo Chimiver","description":"Visita la sezione Innovation. Chimiver sta rispondendo alle mutevoli dinamiche del mercato, integrando nella propria quotidianit\u00e0 soluzioni all'avanguardia, scopri come.","robots":{"index":"index","follow":"follow","max-snippet":"max-snippet:-1","max-image-preview":"max-image-preview:large","max-video-preview":"max-video-preview:-1"},"canonical":"https:\/\/chimiver.com\/fr\/innovation\/","og_locale":"fr_FR","og_type":"article","og_title":"Innovation - L'innovazione tecnologica nel mondo Chimiver","og_description":"Visita la sezione Innovation. Chimiver sta rispondendo alle mutevoli dinamiche del mercato, integrando nella propria quotidianit\u00e0 soluzioni all'avanguardia, scopri come.","og_url":"https:\/\/chimiver.com\/fr\/innovation\/","og_site_name":"Chimiver","article_publisher":"https:\/\/www.facebook.com\/chimiver","article_modified_time":"2024-03-22T12:32:42+00:00","og_image":[{"width":500,"height":500,"url":"https:\/\/chimiver.com\/wp-content\/uploads\/2022\/06\/Chimiver_500x500.jpg","type":"image\/jpeg"}],"twitter_card":"summary_large_image","schema":{"@context":"https:\/\/schema.org","@graph":[{"@type":"WebPage","@id":"https:\/\/chimiver.com\/fr\/innovation\/","url":"https:\/\/chimiver.com\/fr\/innovation\/","name":"Innovation - L'innovazione tecnologica nel mondo Chimiver","isPartOf":{"@id":"https:\/\/chimiver.com\/fr\/#website"},"datePublished":"2024-01-15T15:05:02+00:00","dateModified":"2024-03-22T12:32:42+00:00","description":"Visita la sezione Innovation. Chimiver sta rispondendo alle mutevoli dinamiche del mercato, integrando nella propria quotidianit\u00e0 soluzioni all'avanguardia, scopri come.","breadcrumb":{"@id":"https:\/\/chimiver.com\/fr\/innovation\/#breadcrumb"},"inLanguage":"fr-FR","potentialAction":[{"@type":"ReadAction","target":["https:\/\/chimiver.com\/fr\/innovation\/"]}]},{"@type":"BreadcrumbList","@id":"https:\/\/chimiver.com\/fr\/innovation\/#breadcrumb","itemListElement":[{"@type":"ListItem","position":1,"name":"Home","item":"https:\/\/chimiver.com\/fr\/"},{"@type":"ListItem","position":2,"name":"Innovation"}]},{"@type":"WebSite","@id":"https:\/\/chimiver.com\/fr\/#website","url":"https:\/\/chimiver.com\/fr\/","name":"Chimiver, Your floors partner","description":"Your floors partner","publisher":{"@id":"https:\/\/chimiver.com\/fr\/#organization"},"alternateName":"Chimiver","potentialAction":[{"@type":"SearchAction","target":{"@type":"EntryPoint","urlTemplate":"https:\/\/chimiver.com\/fr\/?s={search_term_string}"},"query-input":{"@type":"PropertyValueSpecification","valueRequired":true,"valueName":"search_term_string"}}],"inLanguage":"fr-FR"},{"@type":"Organization","@id":"https:\/\/chimiver.com\/fr\/#organization","name":"Chimiver","url":"https:\/\/chimiver.com\/fr\/","logo":{"@type":"ImageObject","inLanguage":"fr-FR","@id":"https:\/\/chimiver.com\/fr\/#\/schema\/logo\/image\/","url":"https:\/\/chimiver.com\/wp-content\/uploads\/2022\/06\/Chimiver_500x500.jpg","contentUrl":"https:\/\/chimiver.com\/wp-content\/uploads\/2022\/06\/Chimiver_500x500.jpg","width":500,"height":500,"caption":"Chimiver"},"image":{"@id":"https:\/\/chimiver.com\/fr\/#\/schema\/logo\/image\/"},"sameAs":["https:\/\/www.facebook.com\/chimiver"]}]}},"_links":{"self":[{"href":"https:\/\/chimiver.com\/fr\/wp-json\/wp\/v2\/pages\/18484","targetHints":{"allow":["GET"]}}],"collection":[{"href":"https:\/\/chimiver.com\/fr\/wp-json\/wp\/v2\/pages"}],"about":[{"href":"https:\/\/chimiver.com\/fr\/wp-json\/wp\/v2\/types\/page"}],"author":[{"embeddable":true,"href":"https:\/\/chimiver.com\/fr\/wp-json\/wp\/v2\/users\/2"}],"replies":[{"embeddable":true,"href":"https:\/\/chimiver.com\/fr\/wp-json\/wp\/v2\/comments?post=18484"}],"version-history":[{"count":3,"href":"https:\/\/chimiver.com\/fr\/wp-json\/wp\/v2\/pages\/18484\/revisions"}],"predecessor-version":[{"id":18490,"href":"https:\/\/chimiver.com\/fr\/wp-json\/wp\/v2\/pages\/18484\/revisions\/18490"}],"wp:attachment":[{"href":"https:\/\/chimiver.com\/fr\/wp-json\/wp\/v2\/media?parent=18484"}],"curies":[{"name":"wp","href":"https:\/\/api.w.org\/{rel}","templated":true}]}}