{"id":18491,"date":"2024-02-15T15:15:31","date_gmt":"2024-02-15T14:15:31","guid":{"rendered":"https:\/\/chimiver.com\/assistenza-tecnica-con-realta-aumentata\/"},"modified":"2024-05-30T14:09:01","modified_gmt":"2024-05-30T12:09:01","slug":"assistance-technique-a-realite-augmentee","status":"publish","type":"page","link":"https:\/\/chimiver.com\/fr\/assistance-technique-a-realite-augmentee\/","title":{"rendered":"Assistance technique \u00e0 r\u00e9alit\u00e9 augment\u00e9e"},"content":{"rendered":"<section id=\"customlink_block-block_516489d52385e3d0506cb718d8c3b54b\" class=\"text-image-block pubfa-block\" style=\"background-color:#FFFFFF;color:#2E2D2C;text-align:left;padding:45px 0;\">\n<div class=\"container\">\n    <div class=\"row\">\n\n        <!-- Text Col -->\n        <div class=\"col-12 col-lg-7 d-flex flex-column order-2 justify-content-start \">\n\n            <!-- Text Group -->\n            \n                <!-- Title (with or without Link) -->\n                \n                <!-- Content -->\n                                    <div class=\"pubfa-block-text-1\"><h1><strong>Assistance technique \u00e0 r\u00e9alit\u00e9 augment\u00e9e<\/strong><\/h1>\n<p>Ces derni\u00e8res ann\u00e9es, l\u2019<strong>\u00e9volution de l\u2019assistance technique<\/strong> a \u00e9t\u00e9 marqu\u00e9e par une transformation de taille.\u00a0<strong>Gr\u00e2ce\u00a0<\/strong>\u00e0 l\u2019adoption de logiciels sp\u00e9cifiques et \u00e0 l\u2019utilisation de l<strong>unettes connect\u00e9es<\/strong> de derni\u00e8re g\u00e9n\u00e9ration, <strong>Chimiver Panseri S.p.A.<\/strong> est en mesure d\u2019accompagner tous ses clients aussi bien en entreprise que sur les chantiers. Ces \u00e9quipements portables dot\u00e9s de fonctions avanc\u00e9es, telles que la r\u00e9alit\u00e9 augment\u00e9e et la connectivit\u00e9 sans fil, ont r\u00e9volutionn\u00e9 la fa\u00e7on dont nos techniciens assurent l\u2019assistance \u00e0 distance. En portant les lunettes connect\u00e9es, les op\u00e9rateurs peuvent voir en temps r\u00e9el ce que le client observe sur le terrain, permettant ainsi un diagnostic plus pr\u00e9cis et plus rapide des probl\u00e8mes. La<strong>\u00a0r\u00e9alit\u00e9 augment\u00e9e<\/strong>\u00a0permet \u00e9galement de superposer des instructions d\u00e9taill\u00e9es, des graphiques et des informations cl\u00e9s directement dans le champ visuel des personnes pr\u00e9sentes sur place.<\/p>\n<\/div>\n                                \n            \n        <\/div>\n\n        <!-- Image Col -->\n        <div class=\"col-12 col-lg-5 d-flex align-items-center justify-content-center order-3 \">\n\n            <!-- Image Group -->\n            \n                 <!-- Image (with or without Link) -->\n                                                             <img decoding=\"async\" src=\"https:\/\/chimiver.com\/wp-content\/uploads\/2024\/02\/assistenza-tecnica-smart.jpg\" alt=\"Azienda-Italiana-Prodotti-Professionali-Sostenibili-Posa-Trattamento-Manutenzione-Pavimenti-Legno-Parquet-Resina-Resilienti-Decking-WPC-Erba-Sintetica-Progettisti-Chimiver-Assistenza-Tecnica-Distanza\" class=\"img-fluid\">\n                                    \n            \n        <\/div>\n    <\/div>\n<\/div>\n<\/section><section id=\"customlink_block-block_7040b20e6e92d575a26292e596514c70\" class=\"text-image-block pubfa-block\" style=\"background-color:#FFFFFF;color:#2E2D2C;text-align:left;padding:45px 0;\">\n<div class=\"container\">\n    <div class=\"row\">\n\n        <!-- Text Col -->\n        <div class=\"col-12 col-lg-7 d-flex flex-column order-2 justify-content-start \">\n\n            <!-- Text Group -->\n            \n                <!-- Title (with or without Link) -->\n                \n                <!-- Content -->\n                                    <div class=\"pubfa-block-text-1\"><h2><strong>Avantages\u00a0<\/strong><\/h2>\n<p>Les\u00a0<strong>avantages\u00a0<\/strong>qui en d\u00e9coulent sont nombreux:<\/p>\n<ul>\n<li>R\u00e9duction \u00e0 z\u00e9ro des d\u00e9placements;<\/li>\n<li>R\u00e9alisation d\u2019op\u00e9rations tout en gardant les mains libres;<\/li>\n<li>Collaboration \u00e0 distance et partage d\u2019id\u00e9es en direct;<\/li>\n<li>Augmentation de la s\u00e9curit\u00e9 dans des contextes de travail \u00e0 risque;<\/li>\n<li>R\u00e9duction des temps et des co\u00fbts d\u2019exploitation;<\/li>\n<li>R\u00e9duction des \u00e9missions de CO2 li\u00e9es aux d\u00e9placements;<\/li>\n<li>Enregistrement et reporting d\u00e9taill\u00e9s \u00e0 la fin de chaque intervention;<\/li>\n<li>Limitation de la marge d\u2019erreur.<\/li>\n<\/ul>\n<p>Cette technologie\u00a0<strong>r\u00e9duit<\/strong> non seulement <strong>les temps d\u2019arr\u00eat\u00a0<\/strong>et les co\u00fbts associ\u00e9s aux interventions sur place, mais contribue \u00e9galement \u00e0\u00a0<strong>am\u00e9liorer l\u2019efficacit\u00e9 globale du support technique<\/strong>, en ouvrant de nouvelles perspectives en mati\u00e8re de gestion des probl\u00e8mes \u00e0 <strong>distance<\/strong>.<\/p>\n<\/div>\n                                \n            \n        <\/div>\n\n        <!-- Image Col -->\n        <div class=\"col-12 col-lg-5 d-flex align-items-center justify-content-center order-1 \">\n\n            <!-- Image Group -->\n            \n                 <!-- Image (with or without Link) -->\n                                                             <img decoding=\"async\" src=\"https:\/\/chimiver.com\/wp-content\/uploads\/2024\/02\/innovazione_1.jpg\" alt=\"Azienda-Italiana-Prodotti-Professionali-Sostenibili-Posa-Trattamento-Manutenzione-Pavimenti-Legno-Parquet-Resina-Resilienti-Decking-WPC-Erba-Sintetica-Progettisti-Chimiver-Innovazione-Sostenibile\" class=\"img-fluid\">\n                                    \n            \n        <\/div>\n    <\/div>\n<\/div>\n<\/section>","protected":false},"excerpt":{"rendered":"","protected":false},"author":2,"featured_media":0,"parent":0,"menu_order":9,"comment_status":"closed","ping_status":"closed","template":"","meta":{"_acf_changed":false,"inline_featured_image":false,"footnotes":""},"class_list":["post-18491","page","type-page","status-publish","hentry"],"acf":[],"yoast_head":"<!-- This site is optimized with the Yoast SEO plugin v26.2 - https:\/\/yoast.com\/wordpress\/plugins\/seo\/ -->\n<title>Assistance technique \u00e0 r\u00e9alit\u00e9 augment\u00e9e - Assistance \u00e0 distance<\/title>\n<meta name=\"description\" content=\"Visita la sezione Assistance technique \u00e0 r\u00e9alit\u00e9 augment\u00e9e. La realt\u00e0 aumentata sta consentendo a Chimiver di effetturare assistenza tecnica a distanza in tempo reale. Scopri come.\" \/>\n<meta name=\"robots\" content=\"index, follow, max-snippet:-1, max-image-preview:large, max-video-preview:-1\" \/>\n<link rel=\"canonical\" href=\"https:\/\/chimiver.com\/fr\/assistance-technique-a-realite-augmentee\/\" \/>\n<meta property=\"og:locale\" content=\"fr_FR\" \/>\n<meta property=\"og:type\" content=\"article\" \/>\n<meta property=\"og:title\" content=\"Assistance technique \u00e0 r\u00e9alit\u00e9 augment\u00e9e - Assistance \u00e0 distance\" \/>\n<meta property=\"og:description\" content=\"Visita la sezione Assistance technique \u00e0 r\u00e9alit\u00e9 augment\u00e9e. La realt\u00e0 aumentata sta consentendo a Chimiver di effetturare assistenza tecnica a distanza in tempo reale. Scopri come.\" \/>\n<meta property=\"og:url\" content=\"https:\/\/chimiver.com\/fr\/assistance-technique-a-realite-augmentee\/\" \/>\n<meta property=\"og:site_name\" content=\"Chimiver\" \/>\n<meta property=\"article:publisher\" content=\"https:\/\/www.facebook.com\/chimiver\" \/>\n<meta property=\"article:modified_time\" content=\"2024-05-30T12:09:01+00:00\" \/>\n<meta property=\"og:image\" content=\"https:\/\/chimiver.com\/wp-content\/uploads\/2022\/06\/Chimiver_500x500.jpg\" \/>\n\t<meta property=\"og:image:width\" content=\"500\" \/>\n\t<meta property=\"og:image:height\" content=\"500\" \/>\n\t<meta property=\"og:image:type\" content=\"image\/jpeg\" \/>\n<meta name=\"twitter:card\" content=\"summary_large_image\" \/>\n<script type=\"application\/ld+json\" class=\"yoast-schema-graph\">{\"@context\":\"https:\/\/schema.org\",\"@graph\":[{\"@type\":\"WebPage\",\"@id\":\"https:\/\/chimiver.com\/fr\/assistance-technique-a-realite-augmentee\/\",\"url\":\"https:\/\/chimiver.com\/fr\/assistance-technique-a-realite-augmentee\/\",\"name\":\"Assistance technique \u00e0 r\u00e9alit\u00e9 augment\u00e9e - Assistance \u00e0 distance\",\"isPartOf\":{\"@id\":\"https:\/\/chimiver.com\/fr\/#website\"},\"datePublished\":\"2024-02-15T14:15:31+00:00\",\"dateModified\":\"2024-05-30T12:09:01+00:00\",\"description\":\"Visita la sezione Assistance technique \u00e0 r\u00e9alit\u00e9 augment\u00e9e. La realt\u00e0 aumentata sta consentendo a Chimiver di effetturare assistenza tecnica a distanza in tempo reale. Scopri come.\",\"breadcrumb\":{\"@id\":\"https:\/\/chimiver.com\/fr\/assistance-technique-a-realite-augmentee\/#breadcrumb\"},\"inLanguage\":\"fr-FR\",\"potentialAction\":[{\"@type\":\"ReadAction\",\"target\":[\"https:\/\/chimiver.com\/fr\/assistance-technique-a-realite-augmentee\/\"]}]},{\"@type\":\"BreadcrumbList\",\"@id\":\"https:\/\/chimiver.com\/fr\/assistance-technique-a-realite-augmentee\/#breadcrumb\",\"itemListElement\":[{\"@type\":\"ListItem\",\"position\":1,\"name\":\"Home\",\"item\":\"https:\/\/chimiver.com\/fr\/\"},{\"@type\":\"ListItem\",\"position\":2,\"name\":\"Assistance technique \u00e0 r\u00e9alit\u00e9 augment\u00e9e\"}]},{\"@type\":\"WebSite\",\"@id\":\"https:\/\/chimiver.com\/fr\/#website\",\"url\":\"https:\/\/chimiver.com\/fr\/\",\"name\":\"Chimiver, Your floors partner\",\"description\":\"Your floors partner\",\"publisher\":{\"@id\":\"https:\/\/chimiver.com\/fr\/#organization\"},\"alternateName\":\"Chimiver\",\"potentialAction\":[{\"@type\":\"SearchAction\",\"target\":{\"@type\":\"EntryPoint\",\"urlTemplate\":\"https:\/\/chimiver.com\/fr\/?s={search_term_string}\"},\"query-input\":{\"@type\":\"PropertyValueSpecification\",\"valueRequired\":true,\"valueName\":\"search_term_string\"}}],\"inLanguage\":\"fr-FR\"},{\"@type\":\"Organization\",\"@id\":\"https:\/\/chimiver.com\/fr\/#organization\",\"name\":\"Chimiver\",\"url\":\"https:\/\/chimiver.com\/fr\/\",\"logo\":{\"@type\":\"ImageObject\",\"inLanguage\":\"fr-FR\",\"@id\":\"https:\/\/chimiver.com\/fr\/#\/schema\/logo\/image\/\",\"url\":\"https:\/\/chimiver.com\/wp-content\/uploads\/2022\/06\/Chimiver_500x500.jpg\",\"contentUrl\":\"https:\/\/chimiver.com\/wp-content\/uploads\/2022\/06\/Chimiver_500x500.jpg\",\"width\":500,\"height\":500,\"caption\":\"Chimiver\"},\"image\":{\"@id\":\"https:\/\/chimiver.com\/fr\/#\/schema\/logo\/image\/\"},\"sameAs\":[\"https:\/\/www.facebook.com\/chimiver\"]}]}<\/script>\n<!-- \/ Yoast SEO plugin. -->","yoast_head_json":{"title":"Assistance technique \u00e0 r\u00e9alit\u00e9 augment\u00e9e - Assistance \u00e0 distance","description":"Visita la sezione Assistance technique \u00e0 r\u00e9alit\u00e9 augment\u00e9e. La realt\u00e0 aumentata sta consentendo a Chimiver di effetturare assistenza tecnica a distanza in tempo reale. Scopri come.","robots":{"index":"index","follow":"follow","max-snippet":"max-snippet:-1","max-image-preview":"max-image-preview:large","max-video-preview":"max-video-preview:-1"},"canonical":"https:\/\/chimiver.com\/fr\/assistance-technique-a-realite-augmentee\/","og_locale":"fr_FR","og_type":"article","og_title":"Assistance technique \u00e0 r\u00e9alit\u00e9 augment\u00e9e - Assistance \u00e0 distance","og_description":"Visita la sezione Assistance technique \u00e0 r\u00e9alit\u00e9 augment\u00e9e. La realt\u00e0 aumentata sta consentendo a Chimiver di effetturare assistenza tecnica a distanza in tempo reale. Scopri come.","og_url":"https:\/\/chimiver.com\/fr\/assistance-technique-a-realite-augmentee\/","og_site_name":"Chimiver","article_publisher":"https:\/\/www.facebook.com\/chimiver","article_modified_time":"2024-05-30T12:09:01+00:00","og_image":[{"width":500,"height":500,"url":"https:\/\/chimiver.com\/wp-content\/uploads\/2022\/06\/Chimiver_500x500.jpg","type":"image\/jpeg"}],"twitter_card":"summary_large_image","schema":{"@context":"https:\/\/schema.org","@graph":[{"@type":"WebPage","@id":"https:\/\/chimiver.com\/fr\/assistance-technique-a-realite-augmentee\/","url":"https:\/\/chimiver.com\/fr\/assistance-technique-a-realite-augmentee\/","name":"Assistance technique \u00e0 r\u00e9alit\u00e9 augment\u00e9e - Assistance \u00e0 distance","isPartOf":{"@id":"https:\/\/chimiver.com\/fr\/#website"},"datePublished":"2024-02-15T14:15:31+00:00","dateModified":"2024-05-30T12:09:01+00:00","description":"Visita la sezione Assistance technique \u00e0 r\u00e9alit\u00e9 augment\u00e9e. La realt\u00e0 aumentata sta consentendo a Chimiver di effetturare assistenza tecnica a distanza in tempo reale. Scopri come.","breadcrumb":{"@id":"https:\/\/chimiver.com\/fr\/assistance-technique-a-realite-augmentee\/#breadcrumb"},"inLanguage":"fr-FR","potentialAction":[{"@type":"ReadAction","target":["https:\/\/chimiver.com\/fr\/assistance-technique-a-realite-augmentee\/"]}]},{"@type":"BreadcrumbList","@id":"https:\/\/chimiver.com\/fr\/assistance-technique-a-realite-augmentee\/#breadcrumb","itemListElement":[{"@type":"ListItem","position":1,"name":"Home","item":"https:\/\/chimiver.com\/fr\/"},{"@type":"ListItem","position":2,"name":"Assistance technique \u00e0 r\u00e9alit\u00e9 augment\u00e9e"}]},{"@type":"WebSite","@id":"https:\/\/chimiver.com\/fr\/#website","url":"https:\/\/chimiver.com\/fr\/","name":"Chimiver, Your floors partner","description":"Your floors partner","publisher":{"@id":"https:\/\/chimiver.com\/fr\/#organization"},"alternateName":"Chimiver","potentialAction":[{"@type":"SearchAction","target":{"@type":"EntryPoint","urlTemplate":"https:\/\/chimiver.com\/fr\/?s={search_term_string}"},"query-input":{"@type":"PropertyValueSpecification","valueRequired":true,"valueName":"search_term_string"}}],"inLanguage":"fr-FR"},{"@type":"Organization","@id":"https:\/\/chimiver.com\/fr\/#organization","name":"Chimiver","url":"https:\/\/chimiver.com\/fr\/","logo":{"@type":"ImageObject","inLanguage":"fr-FR","@id":"https:\/\/chimiver.com\/fr\/#\/schema\/logo\/image\/","url":"https:\/\/chimiver.com\/wp-content\/uploads\/2022\/06\/Chimiver_500x500.jpg","contentUrl":"https:\/\/chimiver.com\/wp-content\/uploads\/2022\/06\/Chimiver_500x500.jpg","width":500,"height":500,"caption":"Chimiver"},"image":{"@id":"https:\/\/chimiver.com\/fr\/#\/schema\/logo\/image\/"},"sameAs":["https:\/\/www.facebook.com\/chimiver"]}]}},"_links":{"self":[{"href":"https:\/\/chimiver.com\/fr\/wp-json\/wp\/v2\/pages\/18491","targetHints":{"allow":["GET"]}}],"collection":[{"href":"https:\/\/chimiver.com\/fr\/wp-json\/wp\/v2\/pages"}],"about":[{"href":"https:\/\/chimiver.com\/fr\/wp-json\/wp\/v2\/types\/page"}],"author":[{"embeddable":true,"href":"https:\/\/chimiver.com\/fr\/wp-json\/wp\/v2\/users\/2"}],"replies":[{"embeddable":true,"href":"https:\/\/chimiver.com\/fr\/wp-json\/wp\/v2\/comments?post=18491"}],"version-history":[{"count":4,"href":"https:\/\/chimiver.com\/fr\/wp-json\/wp\/v2\/pages\/18491\/revisions"}],"predecessor-version":[{"id":19764,"href":"https:\/\/chimiver.com\/fr\/wp-json\/wp\/v2\/pages\/18491\/revisions\/19764"}],"wp:attachment":[{"href":"https:\/\/chimiver.com\/fr\/wp-json\/wp\/v2\/media?parent=18491"}],"curies":[{"name":"wp","href":"https:\/\/api.w.org\/{rel}","templated":true}]}}