{"id":18498,"date":"2024-01-09T14:28:47","date_gmt":"2024-01-09T13:28:47","guid":{"rendered":"https:\/\/chimiver.com\/appalti-pubblici\/"},"modified":"2024-05-30T14:24:23","modified_gmt":"2024-05-30T12:24:23","slug":"marches-publics","status":"publish","type":"page","link":"https:\/\/chimiver.com\/fr\/marches-publics\/","title":{"rendered":"March\u00e9s publics"},"content":{"rendered":"<section id=\"customlink_block-block_baef9f0c168c873a715f7245ab06ca49\" class=\"text-image-block pubfa-block\" style=\"background-color:#FFFFFF;color:#2E2D2C;text-align:left;padding:45px 0;\">\n<div class=\"container\">\n    <div class=\"row\">\n\n        <!-- Text Col -->\n        <div class=\"col-12 col-lg-7 d-flex flex-column order-2 justify-content-start \">\n\n            <!-- Text Group -->\n            \n                <!-- Title (with or without Link) -->\n                \n                <!-- Content -->\n                                    <div class=\"pubfa-block-text-1\"><h1><strong>Le GPP (Green Public Procurement)<\/strong><\/h1>\n<p>Le<strong>\u00a0GPP (Green Public Procurement<\/strong>, ou achats publics \u00e9cologiques) introduit en Italie depuis 2008 est consid\u00e9r\u00e9 comme le principal instrument de la Strat\u00e9gie europ\u00e9enne en mati\u00e8re de \u00ab Consommation et Production Durables \u00bb. C\u2019est un moyen d\u2019intervention dans\u00a0la <strong>politique environnementale<\/strong> qui vise \u00e0 promouvoir un march\u00e9 orient\u00e9 vers des produits et des services \u00e0 moindre impact environnemental en adoptant, par arr\u00eat\u00e9s minist\u00e9riels, les\u00a0<strong>Crit\u00e8res Environnementaux Minimaux (les CAM en italien)<\/strong>\u00a0pour chaque cat\u00e9gorie de produits, services et travaux achet\u00e9s ou confi\u00e9s par l\u2019Administration Publique. Il utilise la demande publique comme levier pour soutenir ce d\u00e9veloppement, contribuant ainsi de mani\u00e8re significative \u00e0 la r\u00e9alisation des objectifs des principales strat\u00e9gies europ\u00e9ennes, tels que l\u2019efficacit\u00e9 des ressources et l\u2019\u00e9conomie circulaire.<\/p>\n<\/div>\n                                \n            \n        <\/div>\n\n        <!-- Image Col -->\n        <div class=\"col-12 col-lg-5 d-flex align-items-center justify-content-center order-3 \">\n\n            <!-- Image Group -->\n            \n                 <!-- Image (with or without Link) -->\n                                                             <img decoding=\"async\" src=\"https:\/\/chimiver.com\/wp-content\/uploads\/2024\/02\/appalti-pubblici.jpg\" alt=\"Azienda-Italiana-Prodotti-Professionali-Sostenibili-Posa-Trattamento-Manutenzione-Pavimenti-Legno-Resina-Resilienti-Decking-WPC-Erba-Sintetica-Progettisti-Chimiver-Appalti-Pubblici-1\" class=\"img-fluid\">\n                                    \n            \n        <\/div>\n    <\/div>\n<\/div>\n<\/section><section id=\"customlink_block-block_6a2d4a85272e0d3f7302580dd5629ea8\" class=\"text-image-block pubfa-block\" style=\"background-color:#FFFFFF;color:#2E2D2C;text-align:left;padding:45px 0;\">\n<div class=\"container\">\n    <div class=\"row\">\n\n        <!-- Text Col -->\n        <div class=\"col-12 col-lg-7 d-flex flex-column order-2 justify-content-start \">\n\n            <!-- Text Group -->\n            \n                <!-- Title (with or without Link) -->\n                \n                <!-- Content -->\n                                    <div class=\"pubfa-block-text-1\"><h2><strong>Environnementaux Minimaux (les CAM en italien)<\/strong><\/h2>\n<p><strong>Chimiver Panseri S.p.A.<\/strong>\u00a0se classe au sommet du secteur en pr\u00e9sentant un large \u00e9ventail de produits, tous rigoureusement align\u00e9s sur les normes rigides des Crit\u00e8res Environnementaux Minimaux (les CAM), et en proposant\u00a0des<strong> solutions de qualit\u00e9 sup\u00e9rieure<\/strong> et de pointe\u00a0pour r\u00e9pondre \u00e0 toutes les exigences. En Italie, l\u2019efficacit\u00e9 des CAM a \u00e9t\u00e9 garantie par l\u2019article 18 de la Loi 221\/2015 et, en un second temps, par l\u2019article 34 relatif aux \u00ab Crit\u00e8res de durabilit\u00e9 \u00e9nerg\u00e9tique et environnementale \u00bb du D\u00e9cret l\u00e9gislatif 50\/2016, connu sous le nom de \u00ab Code des march\u00e9s publics \u00bb modifi\u00e9 par le D\u00e9cret l\u00e9gislatif 56\/2017. Ces r\u00e9glementations ont rendu obligatoire l\u2019application des CAM pour toutes les entit\u00e9s adjudicatrices.<\/p>\n<p>C\u2019est pourquoi nous mettons \u00e0 disposition notre support, en enrichissant nos produits avec une \u00ab cartographie \u00bb avanc\u00e9e de conformit\u00e9 aux Crit\u00e8res Environnementaux Minimaux (les CAM), accessible gr\u00e2ce \u00e0 notre S-Card (Sustainability Card) de produit.<\/p>\n<p>Fournir un support d\u00e9di\u00e9 \u00e0 nos clients \u00e0 chaque \u00e9tape du processus d\u2019achat, en leur garantissant une exp\u00e9rience personnalis\u00e9e et une assistance constante visant \u00e0 leur plus grande satisfaction, est pour nous une exigence primordiale.<\/p>\n<p>&nbsp;<\/p>\n<p>&nbsp;<\/p>\n<\/div>\n                                \n            \n        <\/div>\n\n        <!-- Image Col -->\n        <div class=\"col-12 col-lg-5 d-flex align-items-center justify-content-center order-1 \">\n\n            <!-- Image Group -->\n            \n                 <!-- Image (with or without Link) -->\n                                                             <img decoding=\"async\" src=\"https:\/\/chimiver.com\/wp-content\/uploads\/2024\/02\/appalti-pubblici_1.jpg\" alt=\"Azienda-Italiana-Prodotti-Professionali-Sostenibili-Posa-Trattamento-Manutenzione-Pavimenti-Legno-Resina-Resilienti-Decking-WPC-Erba-Sintetica-Progettisti-Chimiver-Appalti-Pubblici-S-Card\" class=\"img-fluid\">\n                                    \n            \n        <\/div>\n    <\/div>\n<\/div>\n<\/section>","protected":false},"excerpt":{"rendered":"","protected":false},"author":2,"featured_media":0,"parent":0,"menu_order":35,"comment_status":"closed","ping_status":"closed","template":"","meta":{"_acf_changed":false,"inline_featured_image":false,"footnotes":""},"class_list":["post-18498","page","type-page","status-publish","hentry"],"acf":[],"yoast_head":"<!-- This site is optimized with the Yoast SEO plugin v26.2 - https:\/\/yoast.com\/wordpress\/plugins\/seo\/ -->\n<title>March\u00e9s publics - Prodotti con i requisiti CAM<\/title>\n<meta name=\"description\" content=\"Visita la sezione March\u00e9s publics. Chimiver si colloca al vertice del settore offrendo una vasta gamma di prodotti, tutti allineati agli standard dei Criteri Ambientali Minimi (CAM).\" \/>\n<meta name=\"robots\" content=\"index, follow, max-snippet:-1, max-image-preview:large, max-video-preview:-1\" \/>\n<link rel=\"canonical\" href=\"https:\/\/chimiver.com\/fr\/marches-publics\/\" \/>\n<meta property=\"og:locale\" content=\"fr_FR\" \/>\n<meta property=\"og:type\" content=\"article\" \/>\n<meta property=\"og:title\" content=\"March\u00e9s publics - Prodotti con i requisiti CAM\" \/>\n<meta property=\"og:description\" content=\"Visita la sezione March\u00e9s publics. Chimiver si colloca al vertice del settore offrendo una vasta gamma di prodotti, tutti allineati agli standard dei Criteri Ambientali Minimi (CAM).\" \/>\n<meta property=\"og:url\" content=\"https:\/\/chimiver.com\/fr\/marches-publics\/\" \/>\n<meta property=\"og:site_name\" content=\"Chimiver\" \/>\n<meta property=\"article:publisher\" content=\"https:\/\/www.facebook.com\/chimiver\" \/>\n<meta property=\"article:modified_time\" content=\"2024-05-30T12:24:23+00:00\" \/>\n<meta property=\"og:image\" content=\"https:\/\/chimiver.com\/wp-content\/uploads\/2022\/06\/Chimiver_500x500.jpg\" \/>\n\t<meta property=\"og:image:width\" content=\"500\" \/>\n\t<meta property=\"og:image:height\" content=\"500\" \/>\n\t<meta property=\"og:image:type\" content=\"image\/jpeg\" \/>\n<meta name=\"twitter:card\" content=\"summary_large_image\" \/>\n<script type=\"application\/ld+json\" class=\"yoast-schema-graph\">{\"@context\":\"https:\/\/schema.org\",\"@graph\":[{\"@type\":\"WebPage\",\"@id\":\"https:\/\/chimiver.com\/fr\/marches-publics\/\",\"url\":\"https:\/\/chimiver.com\/fr\/marches-publics\/\",\"name\":\"March\u00e9s publics - Prodotti con i requisiti CAM\",\"isPartOf\":{\"@id\":\"https:\/\/chimiver.com\/fr\/#website\"},\"datePublished\":\"2024-01-09T13:28:47+00:00\",\"dateModified\":\"2024-05-30T12:24:23+00:00\",\"description\":\"Visita la sezione March\u00e9s publics. Chimiver si colloca al vertice del settore offrendo una vasta gamma di prodotti, tutti allineati agli standard dei Criteri Ambientali Minimi (CAM).\",\"breadcrumb\":{\"@id\":\"https:\/\/chimiver.com\/fr\/marches-publics\/#breadcrumb\"},\"inLanguage\":\"fr-FR\",\"potentialAction\":[{\"@type\":\"ReadAction\",\"target\":[\"https:\/\/chimiver.com\/fr\/marches-publics\/\"]}]},{\"@type\":\"BreadcrumbList\",\"@id\":\"https:\/\/chimiver.com\/fr\/marches-publics\/#breadcrumb\",\"itemListElement\":[{\"@type\":\"ListItem\",\"position\":1,\"name\":\"Home\",\"item\":\"https:\/\/chimiver.com\/fr\/\"},{\"@type\":\"ListItem\",\"position\":2,\"name\":\"March\u00e9s publics\"}]},{\"@type\":\"WebSite\",\"@id\":\"https:\/\/chimiver.com\/fr\/#website\",\"url\":\"https:\/\/chimiver.com\/fr\/\",\"name\":\"Chimiver, Your floors partner\",\"description\":\"Your floors partner\",\"publisher\":{\"@id\":\"https:\/\/chimiver.com\/fr\/#organization\"},\"alternateName\":\"Chimiver\",\"potentialAction\":[{\"@type\":\"SearchAction\",\"target\":{\"@type\":\"EntryPoint\",\"urlTemplate\":\"https:\/\/chimiver.com\/fr\/?s={search_term_string}\"},\"query-input\":{\"@type\":\"PropertyValueSpecification\",\"valueRequired\":true,\"valueName\":\"search_term_string\"}}],\"inLanguage\":\"fr-FR\"},{\"@type\":\"Organization\",\"@id\":\"https:\/\/chimiver.com\/fr\/#organization\",\"name\":\"Chimiver\",\"url\":\"https:\/\/chimiver.com\/fr\/\",\"logo\":{\"@type\":\"ImageObject\",\"inLanguage\":\"fr-FR\",\"@id\":\"https:\/\/chimiver.com\/fr\/#\/schema\/logo\/image\/\",\"url\":\"https:\/\/chimiver.com\/wp-content\/uploads\/2022\/06\/Chimiver_500x500.jpg\",\"contentUrl\":\"https:\/\/chimiver.com\/wp-content\/uploads\/2022\/06\/Chimiver_500x500.jpg\",\"width\":500,\"height\":500,\"caption\":\"Chimiver\"},\"image\":{\"@id\":\"https:\/\/chimiver.com\/fr\/#\/schema\/logo\/image\/\"},\"sameAs\":[\"https:\/\/www.facebook.com\/chimiver\"]}]}<\/script>\n<!-- \/ Yoast SEO plugin. -->","yoast_head_json":{"title":"March\u00e9s publics - Prodotti con i requisiti CAM","description":"Visita la sezione March\u00e9s publics. Chimiver si colloca al vertice del settore offrendo una vasta gamma di prodotti, tutti allineati agli standard dei Criteri Ambientali Minimi (CAM).","robots":{"index":"index","follow":"follow","max-snippet":"max-snippet:-1","max-image-preview":"max-image-preview:large","max-video-preview":"max-video-preview:-1"},"canonical":"https:\/\/chimiver.com\/fr\/marches-publics\/","og_locale":"fr_FR","og_type":"article","og_title":"March\u00e9s publics - Prodotti con i requisiti CAM","og_description":"Visita la sezione March\u00e9s publics. Chimiver si colloca al vertice del settore offrendo una vasta gamma di prodotti, tutti allineati agli standard dei Criteri Ambientali Minimi (CAM).","og_url":"https:\/\/chimiver.com\/fr\/marches-publics\/","og_site_name":"Chimiver","article_publisher":"https:\/\/www.facebook.com\/chimiver","article_modified_time":"2024-05-30T12:24:23+00:00","og_image":[{"width":500,"height":500,"url":"https:\/\/chimiver.com\/wp-content\/uploads\/2022\/06\/Chimiver_500x500.jpg","type":"image\/jpeg"}],"twitter_card":"summary_large_image","schema":{"@context":"https:\/\/schema.org","@graph":[{"@type":"WebPage","@id":"https:\/\/chimiver.com\/fr\/marches-publics\/","url":"https:\/\/chimiver.com\/fr\/marches-publics\/","name":"March\u00e9s publics - Prodotti con i requisiti CAM","isPartOf":{"@id":"https:\/\/chimiver.com\/fr\/#website"},"datePublished":"2024-01-09T13:28:47+00:00","dateModified":"2024-05-30T12:24:23+00:00","description":"Visita la sezione March\u00e9s publics. Chimiver si colloca al vertice del settore offrendo una vasta gamma di prodotti, tutti allineati agli standard dei Criteri Ambientali Minimi (CAM).","breadcrumb":{"@id":"https:\/\/chimiver.com\/fr\/marches-publics\/#breadcrumb"},"inLanguage":"fr-FR","potentialAction":[{"@type":"ReadAction","target":["https:\/\/chimiver.com\/fr\/marches-publics\/"]}]},{"@type":"BreadcrumbList","@id":"https:\/\/chimiver.com\/fr\/marches-publics\/#breadcrumb","itemListElement":[{"@type":"ListItem","position":1,"name":"Home","item":"https:\/\/chimiver.com\/fr\/"},{"@type":"ListItem","position":2,"name":"March\u00e9s publics"}]},{"@type":"WebSite","@id":"https:\/\/chimiver.com\/fr\/#website","url":"https:\/\/chimiver.com\/fr\/","name":"Chimiver, Your floors partner","description":"Your floors partner","publisher":{"@id":"https:\/\/chimiver.com\/fr\/#organization"},"alternateName":"Chimiver","potentialAction":[{"@type":"SearchAction","target":{"@type":"EntryPoint","urlTemplate":"https:\/\/chimiver.com\/fr\/?s={search_term_string}"},"query-input":{"@type":"PropertyValueSpecification","valueRequired":true,"valueName":"search_term_string"}}],"inLanguage":"fr-FR"},{"@type":"Organization","@id":"https:\/\/chimiver.com\/fr\/#organization","name":"Chimiver","url":"https:\/\/chimiver.com\/fr\/","logo":{"@type":"ImageObject","inLanguage":"fr-FR","@id":"https:\/\/chimiver.com\/fr\/#\/schema\/logo\/image\/","url":"https:\/\/chimiver.com\/wp-content\/uploads\/2022\/06\/Chimiver_500x500.jpg","contentUrl":"https:\/\/chimiver.com\/wp-content\/uploads\/2022\/06\/Chimiver_500x500.jpg","width":500,"height":500,"caption":"Chimiver"},"image":{"@id":"https:\/\/chimiver.com\/fr\/#\/schema\/logo\/image\/"},"sameAs":["https:\/\/www.facebook.com\/chimiver"]}]}},"_links":{"self":[{"href":"https:\/\/chimiver.com\/fr\/wp-json\/wp\/v2\/pages\/18498","targetHints":{"allow":["GET"]}}],"collection":[{"href":"https:\/\/chimiver.com\/fr\/wp-json\/wp\/v2\/pages"}],"about":[{"href":"https:\/\/chimiver.com\/fr\/wp-json\/wp\/v2\/types\/page"}],"author":[{"embeddable":true,"href":"https:\/\/chimiver.com\/fr\/wp-json\/wp\/v2\/users\/2"}],"replies":[{"embeddable":true,"href":"https:\/\/chimiver.com\/fr\/wp-json\/wp\/v2\/comments?post=18498"}],"version-history":[{"count":4,"href":"https:\/\/chimiver.com\/fr\/wp-json\/wp\/v2\/pages\/18498\/revisions"}],"predecessor-version":[{"id":19783,"href":"https:\/\/chimiver.com\/fr\/wp-json\/wp\/v2\/pages\/18498\/revisions\/19783"}],"wp:attachment":[{"href":"https:\/\/chimiver.com\/fr\/wp-json\/wp\/v2\/media?parent=18498"}],"curies":[{"name":"wp","href":"https:\/\/api.w.org\/{rel}","templated":true}]}}