{"id":18503,"date":"2024-01-09T15:01:42","date_gmt":"2024-01-09T14:01:42","guid":{"rendered":"https:\/\/chimiver.com\/green-building\/"},"modified":"2024-05-30T14:11:30","modified_gmt":"2024-05-30T12:11:30","slug":"construction-ecologique","status":"publish","type":"page","link":"https:\/\/chimiver.com\/fr\/construction-ecologique\/","title":{"rendered":"Construction \u00e9cologique"},"content":{"rendered":"<section id=\"customlink_block-block_1f241b108a61ba6323e01d55b039c73a\" class=\"text-icon-block pubfa-block\" style=\"background-color:#FFFFFF;color:#2E2D2C;text-align:center;\">\n    <div class=\"container\">\n        <div class=\"d-flex flex-column justify-content-center \">\n\n            <!-- Image Group -->\n            \n                 <!-- Image (with or without Link) -->\n                 \n            \n            <!-- Text Group -->\n            \n                <!-- Title (with or without Link) -->\n                \n                <!-- Content -->\n                                    <div class=\"pubfa-block-text-1\"><h1><strong>Construction \u00e9cologique<\/strong><\/h1>\n<p>&nbsp;<\/p>\n<p>La construction \u00e9cologique (<strong>Green Building<\/strong>) est un b\u00e2timent qui, de sa phase de conception \u00e0 sa r\u00e9alisation, est con\u00e7u pour allier hautes performances et durabilit\u00e9. Ses partisans visent \u00e0 la fois \u00e0 am\u00e9liorer le bien-\u00eatre des occupants et \u00e0 r\u00e9duire l\u2019empreinte \u00e9cologique globale. En effet, les b\u00e2timents sont con\u00e7us pour r\u00e9duire la pollution et assurer une meilleure qualit\u00e9 de vie \u00e0 leurs habitants. L\u2019objectif, \u00e0 court et \u00e0 long terme, est non seulement de mesurer l\u2019impact \u00e9cologique d\u2019un b\u00e2timent, mais aussi de le r\u00e9duire de mani\u00e8re significative tout au long du cycle de vie de l\u2019ouvrage.<br \/>\nLes trois r\u00e9f\u00e9rentiels majeurs qui portent ce secteur sont:<\/p>\n<\/div>\n                                \n            \n        <\/div>\n    <\/div>\n<\/section><section id=\"customlink_block-block_e9a17df04a1f021f172696e7a83aa137\" class=\"text-image-block pubfa-block\" style=\"background-color:#FFFFFF;color:#2E2D2C;text-align:left;padding:45px 0;\">\n<div class=\"container\">\n    <div class=\"row\">\n\n        <!-- Text Col -->\n        <div class=\"col-12 col-lg-7 d-flex flex-column order-2 justify-content-start \">\n\n            <!-- Text Group -->\n            \n                <!-- Title (with or without Link) -->\n                                                            <h2 class=\"pubfa-block-title-1\">LEED<\/h2>\n                                    \n                <!-- Content -->\n                                    <div class=\"pubfa-block-text-1\"><h2><strong>LEED (Leadership in Energy and Environmental Design):<\/strong><\/h2>\n<p>D\u00e9velopp\u00e9 aux \u00c9tats-Unis, ce syst\u00e8me de standardisation est largement utilis\u00e9 \u00e0 l\u2019\u00e9chelle mondiale. Il se concentre sur la durabilit\u00e9 environnementale, en \u00e9valuant des crit\u00e8res tels que la localisation et les transports, la durabilit\u00e9 du site, la gestion efficace des eaux, l\u2019\u00e9nergie et l\u2019atmosph\u00e8re, les mat\u00e9riaux et les ressources, la qualit\u00e9 de l\u2019environnement int\u00e9rieur, l\u2019innovation et les priorit\u00e9s r\u00e9gionales. Le processus de certification LEED garantit un b\u00e2timent en termes de pratiques durables adopt\u00e9es au cours du processus de construction et de gestion. Selon le nombre de points accumul\u00e9s, les projets se voient d\u00e9cerner l\u2019une des cotes de classement LEED suivantes : Certifi\u00e9, Argent, Or ou Platine. Cette classification souligne non seulement l\u2019engagement en faveur du d\u00e9veloppement durable, mais contribue \u00e9galement \u00e0 orienter le secteur du b\u00e2timent vers des normes plus \u00e9lev\u00e9es de responsabilit\u00e9 environnementale \u00e0 l\u2019\u00e9chelle mondiale.<\/p>\n<\/div>\n                                \n            \n        <\/div>\n\n        <!-- Image Col -->\n        <div class=\"col-12 col-lg-5 d-flex align-items-center justify-content-center order-3 \">\n\n            <!-- Image Group -->\n            \n                 <!-- Image (with or without Link) -->\n                                                             <img decoding=\"async\" src=\"https:\/\/chimiver.com\/wp-content\/uploads\/2024\/03\/LEED.jpg\" alt=\"Azienda-Italiana-Prodotti-Professionali-Sostenibili-Posa-Trattamento-Manutenzione-Pavimenti-Legno-Resina-Resilienti-Decking-WPC-Erba-Sintetica-Privati-Professionisti-Progettisti-Industria-Chimiver-Logo-LEED\" class=\"img-fluid\">\n                                    \n            \n        <\/div>\n    <\/div>\n<\/div>\n<\/section><section id=\"customlink_block-block_53a5d20e89f092d4d94630345b8c0f23\" class=\"text-image-block pubfa-block\" style=\"background-color:#FFFFFF;color:#2E2D2C;text-align:left;padding:45px 0;\">\n<div class=\"container\">\n    <div class=\"row\">\n\n        <!-- Text Col -->\n        <div class=\"col-12 col-lg-7 d-flex flex-column order-2 justify-content-start \">\n\n            <!-- Text Group -->\n            \n                <!-- Title (with or without Link) -->\n                                                            <h2 class=\"pubfa-block-title-1\">BREEAM<\/h2>\n                                    \n                <!-- Content -->\n                                    <div class=\"pubfa-block-text-1\"><h2><strong>BREEAM (Building Research Establishment Environmental Assessment Method):<\/strong><\/h2>\n<p>D\u00e9velopp\u00e9 au Royaume-Uni, ce protocole de certification \u00e9value l\u2019impact environnemental des b\u00e2timents \u00e0 travers des param\u00e8tres tels que la gestion, la sant\u00e9 et le bien-\u00eatre, l\u2019\u00e9nergie, les transports, l\u2019eau, les mat\u00e9riaux, les d\u00e9chets, l\u2019utilisation du sol, la pollution et l\u2019innovation. Largement reconnu au niveau international, il fournit un cadre complet pour \u00e9valuer et am\u00e9liorer la durabilit\u00e9 des b\u00e2timents. BREEAM propose un classement qui varie en fonction des points obtenus (Outstanding, Excellent, Very Good, Good, Pass, Unclassified), d\u00e9terminant le niveau de certification et soulignant l\u2019engagement en faveur de pratiques de construction plus durables et plus responsables.<\/p>\n<\/div>\n                                \n            \n        <\/div>\n\n        <!-- Image Col -->\n        <div class=\"col-12 col-lg-5 d-flex align-items-center justify-content-center order-1 \">\n\n            <!-- Image Group -->\n            \n                 <!-- Image (with or without Link) -->\n                                                             <img decoding=\"async\" src=\"https:\/\/chimiver.com\/wp-content\/uploads\/2024\/03\/BREEAM.jpg\" alt=\"Azienda-Italiana-Prodotti-Professionali-Sostenibili-Posa-Trattamento-Manutenzione-Pavimenti-Legno-Resina-Resilienti-Decking-WPC-Erba-Sintetica-Privati-Professionisti-Progettisti-Industria-Chimiver-Logo-BREEAM\" class=\"img-fluid\">\n                                    \n            \n        <\/div>\n    <\/div>\n<\/div>\n<\/section><section id=\"customlink_block-block_5f0cc8e001774ff7cb2ed2d698b6599d\" class=\"text-image-block pubfa-block\" style=\"background-color:#FFFFFF;color:#2E2D2C;text-align:left;padding:45px 0;\">\n<div class=\"container\">\n    <div class=\"row\">\n\n        <!-- Text Col -->\n        <div class=\"col-12 col-lg-7 d-flex flex-column order-2 justify-content-start \">\n\n            <!-- Text Group -->\n            \n                <!-- Title (with or without Link) -->\n                                                            <h2 class=\"pubfa-block-title-1\">WELL<\/h2>\n                                    \n                <!-- Content -->\n                                    <div class=\"pubfa-block-text-1\"><h2><strong>WELL Building Standard:<\/strong><\/h2>\n<p>D\u00e9velopp\u00e9 aux \u00c9tats-Unis, il place au centre de l\u2019attention la sant\u00e9 et le bien-\u00eatre mental des occupants d\u2019un espace b\u00e2ti donn\u00e9. Le protocole est divis\u00e9 en 10 cat\u00e9gories appel\u00e9es \u00ab Concept \u00bb (Air, Eau, Alimentation, Lumi\u00e8re, Forme Physique, Confort Thermique, Son, Mat\u00e9riaux, Esprit et Communaut\u00e9) et d\u00e9finies, dans un cadre prescriptif, par des indicateurs de performance qui n\u00e9cessitent des technologies, des strat\u00e9gies de conception ou des politiques d\u2019application sp\u00e9cifiques. La note finale est divis\u00e9e en quatre niveaux\u00a0: Bronze, Argent, Or et Platine. C\u2019est le premier syst\u00e8me \u00e0 d\u00e9finir les param\u00e8tres en vertu desquels les b\u00e2timents peuvent am\u00e9liorer notre vie : il place le confort des personnes au centre de tout en leur permettant de g\u00e9rer et de vivre au mieux le temps pass\u00e9 dans des lieux ferm\u00e9s.<\/p>\n<\/div>\n                                \n            \n        <\/div>\n\n        <!-- Image Col -->\n        <div class=\"col-12 col-lg-5 d-flex align-items-center justify-content-center order-3 \">\n\n            <!-- Image Group -->\n            \n                 <!-- Image (with or without Link) -->\n                                                             <img decoding=\"async\" src=\"https:\/\/chimiver.com\/wp-content\/uploads\/2024\/03\/WELL.jpg\" alt=\"Azienda-Italiana-Prodotti-Professionali-Sostenibili-Posa-Trattamento-Manutenzione-Pavimenti-Legno-Resina-Resilienti-Decking-WPC-Erba-Sintetica-Privati-Professionisti-Progettisti-Industria-Chimiver-Logo-WELL\" class=\"img-fluid\">\n                                    \n            \n        <\/div>\n    <\/div>\n<\/div>\n<\/section><section id=\"customlink_block-block_4329796cb602ccf0f715b67bd9c05fc4\" class=\"text-icon-block pubfa-block\" style=\"background-color:#FFFFFF;color:#2E2D2C;text-align:center;\">\n    <div class=\"container\">\n        <div class=\"d-flex flex-column justify-content-center \">\n\n            <!-- Image Group -->\n            \n                 <!-- Image (with or without Link) -->\n                 \n            \n            <!-- Text Group -->\n            \n                <!-- Title (with or without Link) -->\n                \n                <!-- Content -->\n                                    <div class=\"pubfa-block-text-1\"><h2><strong>Chimiver Panseri S.p.A.<\/strong> est en mesure d\u2019accompagner les clients, les entreprises, les concepteurs, les architectes et les bureaux des achats, en fournissant une cartographie des produits conformes aux protocoles LEED, BREEAM et WELL, disponible dans la <strong>S-Card<\/strong> (Sustainability Card) de produit.<\/h2>\n<p>Une valeur ajout\u00e9e qui permet d\u2019atteindre de nouveaux standards de durabilit\u00e9 et de salubrit\u00e9, et qui donne un \u00e9lan suppl\u00e9mentaire \u00e0 la conception, de plus en plus ax\u00e9e sur la combinaison de l\u2019esth\u00e9tique, de la fonctionnalit\u00e9 et du bien-\u00eatre : pour l\u2019environnement et pour l\u2019homme.<\/p>\n<\/div>\n                                \n            \n        <\/div>\n    <\/div>\n<\/section>","protected":false},"excerpt":{"rendered":"","protected":false},"author":2,"featured_media":0,"parent":0,"menu_order":29,"comment_status":"closed","ping_status":"closed","template":"","meta":{"_acf_changed":false,"inline_featured_image":false,"footnotes":""},"class_list":["post-18503","page","type-page","status-publish","hentry"],"acf":[],"yoast_head":"<!-- This site is optimized with the Yoast SEO plugin v26.2 - https:\/\/yoast.com\/wordpress\/plugins\/seo\/ -->\n<title>Construction \u00e9cologique - Produits LEED, BREEAM et WELL<\/title>\n<meta name=\"description\" content=\"Visita la sezione Construction \u00e9cologique. Chimiver \u00e8 in grado di supportare clienti, aziende, progettisti, architetti e uffici acquisti, fornendo una mappatura dei prodotti in conformit\u00e0 ai protocolli LEED, BREEAM e WELL.\" \/>\n<meta name=\"robots\" content=\"index, follow, max-snippet:-1, max-image-preview:large, max-video-preview:-1\" \/>\n<link rel=\"canonical\" href=\"https:\/\/chimiver.com\/fr\/construction-ecologique\/\" \/>\n<meta property=\"og:locale\" content=\"fr_FR\" \/>\n<meta property=\"og:type\" content=\"article\" \/>\n<meta property=\"og:title\" content=\"Construction \u00e9cologique - Produits LEED, BREEAM et WELL\" \/>\n<meta property=\"og:description\" content=\"Visita la sezione Construction \u00e9cologique. Chimiver \u00e8 in grado di supportare clienti, aziende, progettisti, architetti e uffici acquisti, fornendo una mappatura dei prodotti in conformit\u00e0 ai protocolli LEED, BREEAM e WELL.\" \/>\n<meta property=\"og:url\" content=\"https:\/\/chimiver.com\/fr\/construction-ecologique\/\" \/>\n<meta property=\"og:site_name\" content=\"Chimiver\" \/>\n<meta property=\"article:publisher\" content=\"https:\/\/www.facebook.com\/chimiver\" \/>\n<meta property=\"article:modified_time\" content=\"2024-05-30T12:11:30+00:00\" \/>\n<meta property=\"og:image\" content=\"https:\/\/chimiver.com\/wp-content\/uploads\/2022\/06\/Chimiver_500x500.jpg\" \/>\n\t<meta property=\"og:image:width\" content=\"500\" \/>\n\t<meta property=\"og:image:height\" content=\"500\" \/>\n\t<meta property=\"og:image:type\" content=\"image\/jpeg\" \/>\n<meta name=\"twitter:card\" content=\"summary_large_image\" \/>\n<script type=\"application\/ld+json\" class=\"yoast-schema-graph\">{\"@context\":\"https:\/\/schema.org\",\"@graph\":[{\"@type\":\"WebPage\",\"@id\":\"https:\/\/chimiver.com\/fr\/construction-ecologique\/\",\"url\":\"https:\/\/chimiver.com\/fr\/construction-ecologique\/\",\"name\":\"Construction \u00e9cologique - Produits LEED, BREEAM et WELL\",\"isPartOf\":{\"@id\":\"https:\/\/chimiver.com\/fr\/#website\"},\"datePublished\":\"2024-01-09T14:01:42+00:00\",\"dateModified\":\"2024-05-30T12:11:30+00:00\",\"description\":\"Visita la sezione Construction \u00e9cologique. Chimiver \u00e8 in grado di supportare clienti, aziende, progettisti, architetti e uffici acquisti, fornendo una mappatura dei prodotti in conformit\u00e0 ai protocolli LEED, BREEAM e WELL.\",\"breadcrumb\":{\"@id\":\"https:\/\/chimiver.com\/fr\/construction-ecologique\/#breadcrumb\"},\"inLanguage\":\"fr-FR\",\"potentialAction\":[{\"@type\":\"ReadAction\",\"target\":[\"https:\/\/chimiver.com\/fr\/construction-ecologique\/\"]}]},{\"@type\":\"BreadcrumbList\",\"@id\":\"https:\/\/chimiver.com\/fr\/construction-ecologique\/#breadcrumb\",\"itemListElement\":[{\"@type\":\"ListItem\",\"position\":1,\"name\":\"Home\",\"item\":\"https:\/\/chimiver.com\/fr\/\"},{\"@type\":\"ListItem\",\"position\":2,\"name\":\"Construction \u00e9cologique\"}]},{\"@type\":\"WebSite\",\"@id\":\"https:\/\/chimiver.com\/fr\/#website\",\"url\":\"https:\/\/chimiver.com\/fr\/\",\"name\":\"Chimiver, Your floors partner\",\"description\":\"Your floors partner\",\"publisher\":{\"@id\":\"https:\/\/chimiver.com\/fr\/#organization\"},\"alternateName\":\"Chimiver\",\"potentialAction\":[{\"@type\":\"SearchAction\",\"target\":{\"@type\":\"EntryPoint\",\"urlTemplate\":\"https:\/\/chimiver.com\/fr\/?s={search_term_string}\"},\"query-input\":{\"@type\":\"PropertyValueSpecification\",\"valueRequired\":true,\"valueName\":\"search_term_string\"}}],\"inLanguage\":\"fr-FR\"},{\"@type\":\"Organization\",\"@id\":\"https:\/\/chimiver.com\/fr\/#organization\",\"name\":\"Chimiver\",\"url\":\"https:\/\/chimiver.com\/fr\/\",\"logo\":{\"@type\":\"ImageObject\",\"inLanguage\":\"fr-FR\",\"@id\":\"https:\/\/chimiver.com\/fr\/#\/schema\/logo\/image\/\",\"url\":\"https:\/\/chimiver.com\/wp-content\/uploads\/2022\/06\/Chimiver_500x500.jpg\",\"contentUrl\":\"https:\/\/chimiver.com\/wp-content\/uploads\/2022\/06\/Chimiver_500x500.jpg\",\"width\":500,\"height\":500,\"caption\":\"Chimiver\"},\"image\":{\"@id\":\"https:\/\/chimiver.com\/fr\/#\/schema\/logo\/image\/\"},\"sameAs\":[\"https:\/\/www.facebook.com\/chimiver\"]}]}<\/script>\n<!-- \/ Yoast SEO plugin. -->","yoast_head_json":{"title":"Construction \u00e9cologique - Produits LEED, BREEAM et WELL","description":"Visita la sezione Construction \u00e9cologique. Chimiver \u00e8 in grado di supportare clienti, aziende, progettisti, architetti e uffici acquisti, fornendo una mappatura dei prodotti in conformit\u00e0 ai protocolli LEED, BREEAM e WELL.","robots":{"index":"index","follow":"follow","max-snippet":"max-snippet:-1","max-image-preview":"max-image-preview:large","max-video-preview":"max-video-preview:-1"},"canonical":"https:\/\/chimiver.com\/fr\/construction-ecologique\/","og_locale":"fr_FR","og_type":"article","og_title":"Construction \u00e9cologique - Produits LEED, BREEAM et WELL","og_description":"Visita la sezione Construction \u00e9cologique. Chimiver \u00e8 in grado di supportare clienti, aziende, progettisti, architetti e uffici acquisti, fornendo una mappatura dei prodotti in conformit\u00e0 ai protocolli LEED, BREEAM e WELL.","og_url":"https:\/\/chimiver.com\/fr\/construction-ecologique\/","og_site_name":"Chimiver","article_publisher":"https:\/\/www.facebook.com\/chimiver","article_modified_time":"2024-05-30T12:11:30+00:00","og_image":[{"width":500,"height":500,"url":"https:\/\/chimiver.com\/wp-content\/uploads\/2022\/06\/Chimiver_500x500.jpg","type":"image\/jpeg"}],"twitter_card":"summary_large_image","schema":{"@context":"https:\/\/schema.org","@graph":[{"@type":"WebPage","@id":"https:\/\/chimiver.com\/fr\/construction-ecologique\/","url":"https:\/\/chimiver.com\/fr\/construction-ecologique\/","name":"Construction \u00e9cologique - Produits LEED, BREEAM et WELL","isPartOf":{"@id":"https:\/\/chimiver.com\/fr\/#website"},"datePublished":"2024-01-09T14:01:42+00:00","dateModified":"2024-05-30T12:11:30+00:00","description":"Visita la sezione Construction \u00e9cologique. Chimiver \u00e8 in grado di supportare clienti, aziende, progettisti, architetti e uffici acquisti, fornendo una mappatura dei prodotti in conformit\u00e0 ai protocolli LEED, BREEAM e WELL.","breadcrumb":{"@id":"https:\/\/chimiver.com\/fr\/construction-ecologique\/#breadcrumb"},"inLanguage":"fr-FR","potentialAction":[{"@type":"ReadAction","target":["https:\/\/chimiver.com\/fr\/construction-ecologique\/"]}]},{"@type":"BreadcrumbList","@id":"https:\/\/chimiver.com\/fr\/construction-ecologique\/#breadcrumb","itemListElement":[{"@type":"ListItem","position":1,"name":"Home","item":"https:\/\/chimiver.com\/fr\/"},{"@type":"ListItem","position":2,"name":"Construction \u00e9cologique"}]},{"@type":"WebSite","@id":"https:\/\/chimiver.com\/fr\/#website","url":"https:\/\/chimiver.com\/fr\/","name":"Chimiver, Your floors partner","description":"Your floors partner","publisher":{"@id":"https:\/\/chimiver.com\/fr\/#organization"},"alternateName":"Chimiver","potentialAction":[{"@type":"SearchAction","target":{"@type":"EntryPoint","urlTemplate":"https:\/\/chimiver.com\/fr\/?s={search_term_string}"},"query-input":{"@type":"PropertyValueSpecification","valueRequired":true,"valueName":"search_term_string"}}],"inLanguage":"fr-FR"},{"@type":"Organization","@id":"https:\/\/chimiver.com\/fr\/#organization","name":"Chimiver","url":"https:\/\/chimiver.com\/fr\/","logo":{"@type":"ImageObject","inLanguage":"fr-FR","@id":"https:\/\/chimiver.com\/fr\/#\/schema\/logo\/image\/","url":"https:\/\/chimiver.com\/wp-content\/uploads\/2022\/06\/Chimiver_500x500.jpg","contentUrl":"https:\/\/chimiver.com\/wp-content\/uploads\/2022\/06\/Chimiver_500x500.jpg","width":500,"height":500,"caption":"Chimiver"},"image":{"@id":"https:\/\/chimiver.com\/fr\/#\/schema\/logo\/image\/"},"sameAs":["https:\/\/www.facebook.com\/chimiver"]}]}},"_links":{"self":[{"href":"https:\/\/chimiver.com\/fr\/wp-json\/wp\/v2\/pages\/18503","targetHints":{"allow":["GET"]}}],"collection":[{"href":"https:\/\/chimiver.com\/fr\/wp-json\/wp\/v2\/pages"}],"about":[{"href":"https:\/\/chimiver.com\/fr\/wp-json\/wp\/v2\/types\/page"}],"author":[{"embeddable":true,"href":"https:\/\/chimiver.com\/fr\/wp-json\/wp\/v2\/users\/2"}],"replies":[{"embeddable":true,"href":"https:\/\/chimiver.com\/fr\/wp-json\/wp\/v2\/comments?post=18503"}],"version-history":[{"count":5,"href":"https:\/\/chimiver.com\/fr\/wp-json\/wp\/v2\/pages\/18503\/revisions"}],"predecessor-version":[{"id":19769,"href":"https:\/\/chimiver.com\/fr\/wp-json\/wp\/v2\/pages\/18503\/revisions\/19769"}],"wp:attachment":[{"href":"https:\/\/chimiver.com\/fr\/wp-json\/wp\/v2\/media?parent=18503"}],"curies":[{"name":"wp","href":"https:\/\/api.w.org\/{rel}","templated":true}]}}