{"id":18510,"date":"2024-01-09T14:51:56","date_gmt":"2024-01-09T13:51:56","guid":{"rendered":"https:\/\/chimiver.com\/edilizia-sostenibile-prodotti-a-bassa-emissione\/"},"modified":"2024-05-30T14:09:42","modified_gmt":"2024-05-30T12:09:42","slug":"construction-durable-des-produits-a-faible-emission","status":"publish","type":"page","link":"https:\/\/chimiver.com\/fr\/construction-durable-des-produits-a-faible-emission\/","title":{"rendered":"Construction durable: des produits \u00e0 faible \u00e9mission"},"content":{"rendered":"<section id=\"customlink_block-block_03d5088aa54c383aa1e29912aeb28c57\" class=\"text-image-block pubfa-block\" style=\"background-color:#FFFFFF;color:#2E2D2C;text-align:left;padding:45px 0;\">\n<div class=\"container\">\n    <div class=\"row\">\n\n        <!-- Text Col -->\n        <div class=\"col-12 col-lg-7 d-flex flex-column order-2 justify-content-start \">\n\n            <!-- Text Group -->\n            \n                <!-- Title (with or without Link) -->\n                \n                <!-- Content -->\n                                    <div class=\"pubfa-block-text-1\"><h1>Construction durable: des produits \u00e0 faible \u00e9mission<\/h1>\n<p>Le\u00a0<strong>secteur du b\u00e2timent<\/strong> fait preuve d\u2019une prise de conscience de plus en plus grande en adoptant des approches synergiques qui combinent durabilit\u00e9, innovation, qualit\u00e9 de construction, conception et technologie de pointe. Les entreprises du b\u00e2timent dans leur ensemble \u00e9mergent en tant que protagonistes cl\u00e9s de la construction durable, influen\u00e7ant l\u2019ensemble de la cha\u00eene de conception, de production et de maintenance..<\/p>\n<p>Cette nouvelle perspective qui implique concepteurs, architectes, ing\u00e9nieurs, sp\u00e9cialistes en design et d\u00e9coration d\u2019int\u00e9rieur et d\u2019ext\u00e9rieur, favorise de fait un changement significatif tout au long de la cha\u00eene d\u2019approvisionnement.<\/p>\n<\/div>\n                                \n            \n        <\/div>\n\n        <!-- Image Col -->\n        <div class=\"col-12 col-lg-5 d-flex align-items-center justify-content-center order-3 \">\n\n            <!-- Image Group -->\n            \n                 <!-- Image (with or without Link) -->\n                                                             <img decoding=\"async\" src=\"https:\/\/chimiver.com\/wp-content\/uploads\/2024\/02\/Edilizia-sostenibile_1.jpg\" alt=\"Azienda-Italiana-Prodotti-Professionali-Sostenibili-Posa-Trattamento-Manutenzione-Pavimenti-Legno-Resina-Resilienti-Decking-WPC-Erba-Sintetica-Progettisti-Chimiver-Edilizia-Sostenibile-Cantiere-Green\" class=\"img-fluid\">\n                                    \n            \n        <\/div>\n    <\/div>\n<\/div>\n<\/section><section id=\"customlink_block-block_0f00fccfd026ebe59a5251ae4a384ae9\" class=\"text-image-block pubfa-block\" style=\"background-color:#FFFFFF;color:#2E2D2C;text-align:left;padding:45px 0;\">\n<div class=\"container\">\n    <div class=\"row\">\n\n        <!-- Text Col -->\n        <div class=\"col-12 col-lg-7 d-flex flex-column order-2 justify-content-start \">\n\n            <!-- Text Group -->\n            \n                <!-- Title (with or without Link) -->\n                \n                <!-- Content -->\n                                    <div class=\"pubfa-block-text-1\"><p>La strat\u00e9gie propre \u00e0 <strong>Chimiver Panseri S.p.A.<\/strong> repose sur son engagement sans rel\u00e2che \u00e0 formuler des produits avanc\u00e9s, par exemple vernis et adh\u00e9sifs, qui allient innovation, durabilit\u00e9 et performances sup\u00e9rieures. Notre philosophie se refl\u00e8te dans notre service de recherche et d\u00e9veloppement, o\u00f9 nous nous effor\u00e7ons chaque jour de cr\u00e9er des produits de pointe:<\/p>\n<ul>\n<li>en utilisant des mati\u00e8res premi\u00e8res \u00e0 faible impact environnemental en \u00e9liminant tout solvant \u00e0 l\u2019origine d\u2019\u00e9missions de COV;<\/li>\n<li>en employant des mati\u00e8res premi\u00e8res de qualit\u00e9 qui prolongent la dur\u00e9e de vie des produits;<\/li>\n<li>en certifiant tous les nouveaux produits;<\/li>\n<li>en employant des r\u00e9sines biosourc\u00e9es.<\/li>\n<\/ul>\n<\/div>\n                                \n            \n        <\/div>\n\n        <!-- Image Col -->\n        <div class=\"col-12 col-lg-5 d-flex align-items-center justify-content-center order-1 \">\n\n            <!-- Image Group -->\n            \n                 <!-- Image (with or without Link) -->\n                                                             <img decoding=\"async\" src=\"https:\/\/chimiver.com\/wp-content\/uploads\/2024\/02\/Edilizia-sostenibile_2.jpg\" alt=\"Azienda-Italiana-Prodotti-Professionali-Sostenibili-Posa-Trattamento-Manutenzione-Pavimenti-Legno-Resina-Resilienti-Decking-WPC-Erba-Sintetica-Progettisti-Chimiver-Edilizia-Sostenibile-Casa\" class=\"img-fluid\">\n                                    \n            \n        <\/div>\n    <\/div>\n<\/div>\n<\/section><section id=\"customlink_block-block_12067f28ff2bd9c0b6be0b7eb595447a\" class=\"text-icon-block pubfa-block\" style=\"background-color:#FFFFFF;color:#2E2D2C;text-align:center;\">\n    <div class=\"container\">\n        <div class=\"d-flex flex-column justify-content-center \">\n\n            <!-- Image Group -->\n            \n                 <!-- Image (with or without Link) -->\n                 \n            \n            <!-- Text Group -->\n            \n                <!-- Title (with or without Link) -->\n                \n                <!-- Content -->\n                                    <div class=\"pubfa-block-text-1\"><p>Il va sans dire que le monde a besoin d\u2019une transformation durable, m\u00eame dans le processus de construction. Nos solutions sont con\u00e7ues pour \u00eatre int\u00e9gr\u00e9es dans les b\u00e2timents \u00e0 chaque \u00e9tape, de la conception et construction, jusqu\u2019\u00e0 la r\u00e9novation.<\/p>\n<\/div>\n                                \n            \n        <\/div>\n    <\/div>\n<\/section>","protected":false},"excerpt":{"rendered":"","protected":false},"author":2,"featured_media":0,"parent":0,"menu_order":34,"comment_status":"closed","ping_status":"closed","template":"","meta":{"_acf_changed":false,"inline_featured_image":false,"footnotes":""},"class_list":["post-18510","page","type-page","status-publish","hentry"],"acf":[],"yoast_head":"<!-- This site is optimized with the Yoast SEO plugin v26.2 - https:\/\/yoast.com\/wordpress\/plugins\/seo\/ -->\n<title>Construction durable - Des produits durables et innovants<\/title>\n<meta name=\"description\" content=\"Visita la sezione Construction durable: des produits \u00e0 faible \u00e9mission. La strategia distintiva di Chimiver si basa sull&#039;incessante impegno nel formulare prodotti avanzati (colle e vernici) che sposano innovazione, sostenibilit\u00e0 e prestazioni superiori.\" \/>\n<meta name=\"robots\" content=\"index, follow, max-snippet:-1, max-image-preview:large, max-video-preview:-1\" \/>\n<link rel=\"canonical\" href=\"https:\/\/chimiver.com\/fr\/construction-durable-des-produits-a-faible-emission\/\" \/>\n<meta property=\"og:locale\" content=\"fr_FR\" \/>\n<meta property=\"og:type\" content=\"article\" \/>\n<meta property=\"og:title\" content=\"Construction durable - Des produits durables et innovants\" \/>\n<meta property=\"og:description\" content=\"Visita la sezione Construction durable: des produits \u00e0 faible \u00e9mission. La strategia distintiva di Chimiver si basa sull&#039;incessante impegno nel formulare prodotti avanzati (colle e vernici) che sposano innovazione, sostenibilit\u00e0 e prestazioni superiori.\" \/>\n<meta property=\"og:url\" content=\"https:\/\/chimiver.com\/fr\/construction-durable-des-produits-a-faible-emission\/\" \/>\n<meta property=\"og:site_name\" content=\"Chimiver\" \/>\n<meta property=\"article:publisher\" content=\"https:\/\/www.facebook.com\/chimiver\" \/>\n<meta property=\"article:modified_time\" content=\"2024-05-30T12:09:42+00:00\" \/>\n<meta property=\"og:image\" content=\"https:\/\/chimiver.com\/wp-content\/uploads\/2022\/06\/Chimiver_500x500.jpg\" \/>\n\t<meta property=\"og:image:width\" content=\"500\" \/>\n\t<meta property=\"og:image:height\" content=\"500\" \/>\n\t<meta property=\"og:image:type\" content=\"image\/jpeg\" \/>\n<meta name=\"twitter:card\" content=\"summary_large_image\" \/>\n<script type=\"application\/ld+json\" class=\"yoast-schema-graph\">{\"@context\":\"https:\/\/schema.org\",\"@graph\":[{\"@type\":\"WebPage\",\"@id\":\"https:\/\/chimiver.com\/fr\/construction-durable-des-produits-a-faible-emission\/\",\"url\":\"https:\/\/chimiver.com\/fr\/construction-durable-des-produits-a-faible-emission\/\",\"name\":\"Construction durable - Des produits durables et innovants\",\"isPartOf\":{\"@id\":\"https:\/\/chimiver.com\/fr\/#website\"},\"datePublished\":\"2024-01-09T13:51:56+00:00\",\"dateModified\":\"2024-05-30T12:09:42+00:00\",\"description\":\"Visita la sezione Construction durable: des produits \u00e0 faible \u00e9mission. La strategia distintiva di Chimiver si basa sull'incessante impegno nel formulare prodotti avanzati (colle e vernici) che sposano innovazione, sostenibilit\u00e0 e prestazioni superiori.\",\"breadcrumb\":{\"@id\":\"https:\/\/chimiver.com\/fr\/construction-durable-des-produits-a-faible-emission\/#breadcrumb\"},\"inLanguage\":\"fr-FR\",\"potentialAction\":[{\"@type\":\"ReadAction\",\"target\":[\"https:\/\/chimiver.com\/fr\/construction-durable-des-produits-a-faible-emission\/\"]}]},{\"@type\":\"BreadcrumbList\",\"@id\":\"https:\/\/chimiver.com\/fr\/construction-durable-des-produits-a-faible-emission\/#breadcrumb\",\"itemListElement\":[{\"@type\":\"ListItem\",\"position\":1,\"name\":\"Home\",\"item\":\"https:\/\/chimiver.com\/fr\/\"},{\"@type\":\"ListItem\",\"position\":2,\"name\":\"Construction durable: des produits \u00e0 faible \u00e9mission\"}]},{\"@type\":\"WebSite\",\"@id\":\"https:\/\/chimiver.com\/fr\/#website\",\"url\":\"https:\/\/chimiver.com\/fr\/\",\"name\":\"Chimiver, Your floors partner\",\"description\":\"Your floors partner\",\"publisher\":{\"@id\":\"https:\/\/chimiver.com\/fr\/#organization\"},\"alternateName\":\"Chimiver\",\"potentialAction\":[{\"@type\":\"SearchAction\",\"target\":{\"@type\":\"EntryPoint\",\"urlTemplate\":\"https:\/\/chimiver.com\/fr\/?s={search_term_string}\"},\"query-input\":{\"@type\":\"PropertyValueSpecification\",\"valueRequired\":true,\"valueName\":\"search_term_string\"}}],\"inLanguage\":\"fr-FR\"},{\"@type\":\"Organization\",\"@id\":\"https:\/\/chimiver.com\/fr\/#organization\",\"name\":\"Chimiver\",\"url\":\"https:\/\/chimiver.com\/fr\/\",\"logo\":{\"@type\":\"ImageObject\",\"inLanguage\":\"fr-FR\",\"@id\":\"https:\/\/chimiver.com\/fr\/#\/schema\/logo\/image\/\",\"url\":\"https:\/\/chimiver.com\/wp-content\/uploads\/2022\/06\/Chimiver_500x500.jpg\",\"contentUrl\":\"https:\/\/chimiver.com\/wp-content\/uploads\/2022\/06\/Chimiver_500x500.jpg\",\"width\":500,\"height\":500,\"caption\":\"Chimiver\"},\"image\":{\"@id\":\"https:\/\/chimiver.com\/fr\/#\/schema\/logo\/image\/\"},\"sameAs\":[\"https:\/\/www.facebook.com\/chimiver\"]}]}<\/script>\n<!-- \/ Yoast SEO plugin. -->","yoast_head_json":{"title":"Construction durable - Des produits durables et innovants","description":"Visita la sezione Construction durable: des produits \u00e0 faible \u00e9mission. La strategia distintiva di Chimiver si basa sull'incessante impegno nel formulare prodotti avanzati (colle e vernici) che sposano innovazione, sostenibilit\u00e0 e prestazioni superiori.","robots":{"index":"index","follow":"follow","max-snippet":"max-snippet:-1","max-image-preview":"max-image-preview:large","max-video-preview":"max-video-preview:-1"},"canonical":"https:\/\/chimiver.com\/fr\/construction-durable-des-produits-a-faible-emission\/","og_locale":"fr_FR","og_type":"article","og_title":"Construction durable - Des produits durables et innovants","og_description":"Visita la sezione Construction durable: des produits \u00e0 faible \u00e9mission. La strategia distintiva di Chimiver si basa sull'incessante impegno nel formulare prodotti avanzati (colle e vernici) che sposano innovazione, sostenibilit\u00e0 e prestazioni superiori.","og_url":"https:\/\/chimiver.com\/fr\/construction-durable-des-produits-a-faible-emission\/","og_site_name":"Chimiver","article_publisher":"https:\/\/www.facebook.com\/chimiver","article_modified_time":"2024-05-30T12:09:42+00:00","og_image":[{"width":500,"height":500,"url":"https:\/\/chimiver.com\/wp-content\/uploads\/2022\/06\/Chimiver_500x500.jpg","type":"image\/jpeg"}],"twitter_card":"summary_large_image","schema":{"@context":"https:\/\/schema.org","@graph":[{"@type":"WebPage","@id":"https:\/\/chimiver.com\/fr\/construction-durable-des-produits-a-faible-emission\/","url":"https:\/\/chimiver.com\/fr\/construction-durable-des-produits-a-faible-emission\/","name":"Construction durable - Des produits durables et innovants","isPartOf":{"@id":"https:\/\/chimiver.com\/fr\/#website"},"datePublished":"2024-01-09T13:51:56+00:00","dateModified":"2024-05-30T12:09:42+00:00","description":"Visita la sezione Construction durable: des produits \u00e0 faible \u00e9mission. La strategia distintiva di Chimiver si basa sull'incessante impegno nel formulare prodotti avanzati (colle e vernici) che sposano innovazione, sostenibilit\u00e0 e prestazioni superiori.","breadcrumb":{"@id":"https:\/\/chimiver.com\/fr\/construction-durable-des-produits-a-faible-emission\/#breadcrumb"},"inLanguage":"fr-FR","potentialAction":[{"@type":"ReadAction","target":["https:\/\/chimiver.com\/fr\/construction-durable-des-produits-a-faible-emission\/"]}]},{"@type":"BreadcrumbList","@id":"https:\/\/chimiver.com\/fr\/construction-durable-des-produits-a-faible-emission\/#breadcrumb","itemListElement":[{"@type":"ListItem","position":1,"name":"Home","item":"https:\/\/chimiver.com\/fr\/"},{"@type":"ListItem","position":2,"name":"Construction durable: des produits \u00e0 faible \u00e9mission"}]},{"@type":"WebSite","@id":"https:\/\/chimiver.com\/fr\/#website","url":"https:\/\/chimiver.com\/fr\/","name":"Chimiver, Your floors partner","description":"Your floors partner","publisher":{"@id":"https:\/\/chimiver.com\/fr\/#organization"},"alternateName":"Chimiver","potentialAction":[{"@type":"SearchAction","target":{"@type":"EntryPoint","urlTemplate":"https:\/\/chimiver.com\/fr\/?s={search_term_string}"},"query-input":{"@type":"PropertyValueSpecification","valueRequired":true,"valueName":"search_term_string"}}],"inLanguage":"fr-FR"},{"@type":"Organization","@id":"https:\/\/chimiver.com\/fr\/#organization","name":"Chimiver","url":"https:\/\/chimiver.com\/fr\/","logo":{"@type":"ImageObject","inLanguage":"fr-FR","@id":"https:\/\/chimiver.com\/fr\/#\/schema\/logo\/image\/","url":"https:\/\/chimiver.com\/wp-content\/uploads\/2022\/06\/Chimiver_500x500.jpg","contentUrl":"https:\/\/chimiver.com\/wp-content\/uploads\/2022\/06\/Chimiver_500x500.jpg","width":500,"height":500,"caption":"Chimiver"},"image":{"@id":"https:\/\/chimiver.com\/fr\/#\/schema\/logo\/image\/"},"sameAs":["https:\/\/www.facebook.com\/chimiver"]}]}},"_links":{"self":[{"href":"https:\/\/chimiver.com\/fr\/wp-json\/wp\/v2\/pages\/18510","targetHints":{"allow":["GET"]}}],"collection":[{"href":"https:\/\/chimiver.com\/fr\/wp-json\/wp\/v2\/pages"}],"about":[{"href":"https:\/\/chimiver.com\/fr\/wp-json\/wp\/v2\/types\/page"}],"author":[{"embeddable":true,"href":"https:\/\/chimiver.com\/fr\/wp-json\/wp\/v2\/users\/2"}],"replies":[{"embeddable":true,"href":"https:\/\/chimiver.com\/fr\/wp-json\/wp\/v2\/comments?post=18510"}],"version-history":[{"count":7,"href":"https:\/\/chimiver.com\/fr\/wp-json\/wp\/v2\/pages\/18510\/revisions"}],"predecessor-version":[{"id":19766,"href":"https:\/\/chimiver.com\/fr\/wp-json\/wp\/v2\/pages\/18510\/revisions\/19766"}],"wp:attachment":[{"href":"https:\/\/chimiver.com\/fr\/wp-json\/wp\/v2\/media?parent=18510"}],"curies":[{"name":"wp","href":"https:\/\/api.w.org\/{rel}","templated":true}]}}