{"id":18519,"date":"2023-12-22T15:26:53","date_gmt":"2023-12-22T14:26:53","guid":{"rendered":"https:\/\/chimiver.com\/bilancio\/"},"modified":"2025-10-21T08:05:36","modified_gmt":"2025-10-21T06:05:36","slug":"bilancio","status":"publish","type":"page","link":"https:\/\/chimiver.com\/fr\/bilancio\/","title":{"rendered":"Bilan de d\u00e9veloppement durable"},"content":{"rendered":"<section id=\"customlink_block-block_682f797c3eebeb11301a82c74f8cd1e2\" class=\"text-icon-block pubfa-block\" style=\"background-color:#FFFFFF;color:#2E2D2C;text-align:center;\">\n    <div class=\"container\">\n        <div class=\"d-flex flex-column justify-content-center \">\n\n            <!-- Image Group -->\n            \n                 <!-- Image (with or without Link) -->\n                 \n            \n            <!-- Text Group -->\n            \n                <!-- Title (with or without Link) -->\n                \n                <!-- Content -->\n                                    <div class=\"pubfa-block-text-1\"><p>La r\u00e9daction du premier\u00a0<strong>Bilan de d\u00e9veloppement durable<\/strong>\u00a0est la preuve, s\u2019il en faut, de l\u2019engagement et de l\u2019attention que Chimiver entend r\u00e9server \u00e0 la question de la durabilit\u00e9 et de la croissance du pays. Il n\u2019y a actuellement aucune obligation de rendre compte pour notre entreprise, il s\u2019agit donc d\u2019un choix enti\u00e8rement volontaire. L\u2019adoption du d\u00e9veloppement durable comme principe d\u2019entreprise est la raison pour laquelle nous avons engag\u00e9 (et continuerons d\u2019engager) des ressources, des investissements et du temps dans tous ces projets.<\/p>\n<\/div>\n                                \n            \n        <\/div>\n    <\/div>\n<\/section>","protected":false},"excerpt":{"rendered":"","protected":false},"author":673,"featured_media":0,"parent":0,"menu_order":134,"comment_status":"closed","ping_status":"closed","template":"documents.php","meta":{"_acf_changed":false,"inline_featured_image":false,"footnotes":""},"class_list":["post-18519","page","type-page","status-publish","hentry"],"acf":[],"yoast_head":"<!-- This site is optimized with the Yoast SEO plugin v26.2 - https:\/\/yoast.com\/wordpress\/plugins\/seo\/ -->\n<title>Bilan de d\u00e9veloppement durable - Chimiver<\/title>\n<meta name=\"description\" content=\"Visita la sezione Bilan de d\u00e9veloppement durable. Accedi alla documentazione ufficiale di Chimiver. Scarica i Bilanci di Sostenibilit\u00e0 dei vari anni. Sezione di utile e di facile consultazione.\" \/>\n<meta name=\"robots\" content=\"index, follow, max-snippet:-1, max-image-preview:large, max-video-preview:-1\" \/>\n<link rel=\"canonical\" href=\"https:\/\/chimiver.com\/fr\/bilancio\/\" \/>\n<meta property=\"og:locale\" content=\"fr_FR\" \/>\n<meta property=\"og:type\" content=\"article\" \/>\n<meta property=\"og:title\" content=\"Bilan de d\u00e9veloppement durable - Chimiver Prodotti per Pavimenti Indoor Outdoor\" \/>\n<meta property=\"og:description\" content=\"Prodotti Professionali per la posa e la manutenzione Pavimenti. Visita la sezione online dedicata a Bilan de d\u00e9veloppement durable. Siamo leader nel mercato dei prodotti di incollaggio, trattamento e manutenzione di pavimenti indoor e outdoor.\" \/>\n<meta property=\"og:url\" content=\"https:\/\/chimiver.com\/fr\/bilancio\/\" \/>\n<meta property=\"og:site_name\" content=\"Chimiver\" \/>\n<meta property=\"article:publisher\" content=\"https:\/\/www.facebook.com\/chimiver\" \/>\n<meta property=\"article:modified_time\" content=\"2025-10-21T06:05:36+00:00\" \/>\n<meta property=\"og:image\" content=\"https:\/\/chimiver.com\/wp-content\/uploads\/2022\/06\/Chimiver_500x500.jpg\" \/>\n\t<meta property=\"og:image:width\" content=\"500\" \/>\n\t<meta property=\"og:image:height\" content=\"500\" \/>\n\t<meta property=\"og:image:type\" content=\"image\/jpeg\" \/>\n<meta name=\"twitter:card\" content=\"summary_large_image\" \/>\n<meta name=\"twitter:title\" content=\"Bilan de d\u00e9veloppement durable - Chimiver Prodotti per Pavimenti Indoor Outdoor\" \/>\n<meta name=\"twitter:description\" content=\"Prodotti Professionali per la posa e la manutenzione Pavimenti. Visita la sezione online dedicata a Bilan de d\u00e9veloppement durable. Siamo leader nel mercato dei prodotti di incollaggio, trattamento e manutenzione di pavimenti indoor e outdoor.\" \/>\n<meta name=\"twitter:image\" content=\"https:\/\/chimiver.com\/wp-content\/uploads\/2022\/06\/Chimiver_500x500.jpg\" \/>\n<script type=\"application\/ld+json\" class=\"yoast-schema-graph\">{\"@context\":\"https:\/\/schema.org\",\"@graph\":[{\"@type\":\"WebPage\",\"@id\":\"https:\/\/chimiver.com\/fr\/bilancio\/\",\"url\":\"https:\/\/chimiver.com\/fr\/bilancio\/\",\"name\":\"Bilan de d\u00e9veloppement durable - Chimiver\",\"isPartOf\":{\"@id\":\"https:\/\/chimiver.com\/fr\/#website\"},\"datePublished\":\"2023-12-22T14:26:53+00:00\",\"dateModified\":\"2025-10-21T06:05:36+00:00\",\"description\":\"Visita la sezione Bilan de d\u00e9veloppement durable. Accedi alla documentazione ufficiale di Chimiver. Scarica i Bilanci di Sostenibilit\u00e0 dei vari anni. Sezione di utile e di facile consultazione.\",\"breadcrumb\":{\"@id\":\"https:\/\/chimiver.com\/fr\/bilancio\/#breadcrumb\"},\"inLanguage\":\"fr-FR\",\"potentialAction\":[{\"@type\":\"ReadAction\",\"target\":[\"https:\/\/chimiver.com\/fr\/bilancio\/\"]}]},{\"@type\":\"BreadcrumbList\",\"@id\":\"https:\/\/chimiver.com\/fr\/bilancio\/#breadcrumb\",\"itemListElement\":[{\"@type\":\"ListItem\",\"position\":1,\"name\":\"Home\",\"item\":\"https:\/\/chimiver.com\/fr\/\"},{\"@type\":\"ListItem\",\"position\":2,\"name\":\"Bilan de d\u00e9veloppement durable\"}]},{\"@type\":\"WebSite\",\"@id\":\"https:\/\/chimiver.com\/fr\/#website\",\"url\":\"https:\/\/chimiver.com\/fr\/\",\"name\":\"Chimiver, Your floors partner\",\"description\":\"Your floors partner\",\"publisher\":{\"@id\":\"https:\/\/chimiver.com\/fr\/#organization\"},\"alternateName\":\"Chimiver\",\"potentialAction\":[{\"@type\":\"SearchAction\",\"target\":{\"@type\":\"EntryPoint\",\"urlTemplate\":\"https:\/\/chimiver.com\/fr\/?s={search_term_string}\"},\"query-input\":{\"@type\":\"PropertyValueSpecification\",\"valueRequired\":true,\"valueName\":\"search_term_string\"}}],\"inLanguage\":\"fr-FR\"},{\"@type\":\"Organization\",\"@id\":\"https:\/\/chimiver.com\/fr\/#organization\",\"name\":\"Chimiver\",\"url\":\"https:\/\/chimiver.com\/fr\/\",\"logo\":{\"@type\":\"ImageObject\",\"inLanguage\":\"fr-FR\",\"@id\":\"https:\/\/chimiver.com\/fr\/#\/schema\/logo\/image\/\",\"url\":\"https:\/\/chimiver.com\/wp-content\/uploads\/2022\/06\/Chimiver_500x500.jpg\",\"contentUrl\":\"https:\/\/chimiver.com\/wp-content\/uploads\/2022\/06\/Chimiver_500x500.jpg\",\"width\":500,\"height\":500,\"caption\":\"Chimiver\"},\"image\":{\"@id\":\"https:\/\/chimiver.com\/fr\/#\/schema\/logo\/image\/\"},\"sameAs\":[\"https:\/\/www.facebook.com\/chimiver\"]}]}<\/script>\n<!-- \/ Yoast SEO plugin. -->","yoast_head_json":{"title":"Bilan de d\u00e9veloppement durable - Chimiver","description":"Visita la sezione Bilan de d\u00e9veloppement durable. Accedi alla documentazione ufficiale di Chimiver. Scarica i Bilanci di Sostenibilit\u00e0 dei vari anni. Sezione di utile e di facile consultazione.","robots":{"index":"index","follow":"follow","max-snippet":"max-snippet:-1","max-image-preview":"max-image-preview:large","max-video-preview":"max-video-preview:-1"},"canonical":"https:\/\/chimiver.com\/fr\/bilancio\/","og_locale":"fr_FR","og_type":"article","og_title":"Bilan de d\u00e9veloppement durable - Chimiver Prodotti per Pavimenti Indoor Outdoor","og_description":"Prodotti Professionali per la posa e la manutenzione Pavimenti. Visita la sezione online dedicata a Bilan de d\u00e9veloppement durable. Siamo leader nel mercato dei prodotti di incollaggio, trattamento e manutenzione di pavimenti indoor e outdoor.","og_url":"https:\/\/chimiver.com\/fr\/bilancio\/","og_site_name":"Chimiver","article_publisher":"https:\/\/www.facebook.com\/chimiver","article_modified_time":"2025-10-21T06:05:36+00:00","og_image":[{"width":500,"height":500,"url":"https:\/\/chimiver.com\/wp-content\/uploads\/2022\/06\/Chimiver_500x500.jpg","type":"image\/jpeg"}],"twitter_card":"summary_large_image","twitter_title":"Bilan de d\u00e9veloppement durable - Chimiver Prodotti per Pavimenti Indoor Outdoor","twitter_description":"Prodotti Professionali per la posa e la manutenzione Pavimenti. Visita la sezione online dedicata a Bilan de d\u00e9veloppement durable. Siamo leader nel mercato dei prodotti di incollaggio, trattamento e manutenzione di pavimenti indoor e outdoor.","twitter_image":"https:\/\/chimiver.com\/wp-content\/uploads\/2022\/06\/Chimiver_500x500.jpg","schema":{"@context":"https:\/\/schema.org","@graph":[{"@type":"WebPage","@id":"https:\/\/chimiver.com\/fr\/bilancio\/","url":"https:\/\/chimiver.com\/fr\/bilancio\/","name":"Bilan de d\u00e9veloppement durable - Chimiver","isPartOf":{"@id":"https:\/\/chimiver.com\/fr\/#website"},"datePublished":"2023-12-22T14:26:53+00:00","dateModified":"2025-10-21T06:05:36+00:00","description":"Visita la sezione Bilan de d\u00e9veloppement durable. Accedi alla documentazione ufficiale di Chimiver. Scarica i Bilanci di Sostenibilit\u00e0 dei vari anni. Sezione di utile e di facile consultazione.","breadcrumb":{"@id":"https:\/\/chimiver.com\/fr\/bilancio\/#breadcrumb"},"inLanguage":"fr-FR","potentialAction":[{"@type":"ReadAction","target":["https:\/\/chimiver.com\/fr\/bilancio\/"]}]},{"@type":"BreadcrumbList","@id":"https:\/\/chimiver.com\/fr\/bilancio\/#breadcrumb","itemListElement":[{"@type":"ListItem","position":1,"name":"Home","item":"https:\/\/chimiver.com\/fr\/"},{"@type":"ListItem","position":2,"name":"Bilan de d\u00e9veloppement durable"}]},{"@type":"WebSite","@id":"https:\/\/chimiver.com\/fr\/#website","url":"https:\/\/chimiver.com\/fr\/","name":"Chimiver, Your floors partner","description":"Your floors partner","publisher":{"@id":"https:\/\/chimiver.com\/fr\/#organization"},"alternateName":"Chimiver","potentialAction":[{"@type":"SearchAction","target":{"@type":"EntryPoint","urlTemplate":"https:\/\/chimiver.com\/fr\/?s={search_term_string}"},"query-input":{"@type":"PropertyValueSpecification","valueRequired":true,"valueName":"search_term_string"}}],"inLanguage":"fr-FR"},{"@type":"Organization","@id":"https:\/\/chimiver.com\/fr\/#organization","name":"Chimiver","url":"https:\/\/chimiver.com\/fr\/","logo":{"@type":"ImageObject","inLanguage":"fr-FR","@id":"https:\/\/chimiver.com\/fr\/#\/schema\/logo\/image\/","url":"https:\/\/chimiver.com\/wp-content\/uploads\/2022\/06\/Chimiver_500x500.jpg","contentUrl":"https:\/\/chimiver.com\/wp-content\/uploads\/2022\/06\/Chimiver_500x500.jpg","width":500,"height":500,"caption":"Chimiver"},"image":{"@id":"https:\/\/chimiver.com\/fr\/#\/schema\/logo\/image\/"},"sameAs":["https:\/\/www.facebook.com\/chimiver"]}]}},"_links":{"self":[{"href":"https:\/\/chimiver.com\/fr\/wp-json\/wp\/v2\/pages\/18519","targetHints":{"allow":["GET"]}}],"collection":[{"href":"https:\/\/chimiver.com\/fr\/wp-json\/wp\/v2\/pages"}],"about":[{"href":"https:\/\/chimiver.com\/fr\/wp-json\/wp\/v2\/types\/page"}],"author":[{"embeddable":true,"href":"https:\/\/chimiver.com\/fr\/wp-json\/wp\/v2\/users\/673"}],"replies":[{"embeddable":true,"href":"https:\/\/chimiver.com\/fr\/wp-json\/wp\/v2\/comments?post=18519"}],"version-history":[{"count":4,"href":"https:\/\/chimiver.com\/fr\/wp-json\/wp\/v2\/pages\/18519\/revisions"}],"predecessor-version":[{"id":23851,"href":"https:\/\/chimiver.com\/fr\/wp-json\/wp\/v2\/pages\/18519\/revisions\/23851"}],"wp:attachment":[{"href":"https:\/\/chimiver.com\/fr\/wp-json\/wp\/v2\/media?parent=18519"}],"curies":[{"name":"wp","href":"https:\/\/api.w.org\/{rel}","templated":true}]}}