{"id":18522,"date":"2024-02-15T14:47:21","date_gmt":"2024-02-15T13:47:21","guid":{"rendered":"https:\/\/chimiver.com\/s-card\/"},"modified":"2025-11-24T16:01:20","modified_gmt":"2025-11-24T15:01:20","slug":"s-card","status":"publish","type":"page","link":"https:\/\/chimiver.com\/fr\/s-card\/","title":{"rendered":"S-Card"},"content":{"rendered":"<section id=\"customlink_block-block_ffee0a32f1cb6ac6311a595193d6ab0f\" class=\"text-icon-block pubfa-block\" style=\"background-color:#FFFFFF;color:#2E2D2C;text-align:center;\">\n    <div class=\"container\">\n        <div class=\"d-flex flex-column justify-content-center \">\n\n            <!-- Image Group -->\n            \n                 <!-- Image (with or without Link) -->\n                 \n            \n            <!-- Text Group -->\n            \n                <!-- Title (with or without Link) -->\n                \n                <!-- Content -->\n                                    <div class=\"pubfa-block-text-1\"><p>Bienvenue \u00e0 la pr\u00e9sentation du document <strong>S-Card<\/strong>, une ressource pr\u00e9cieuse r\u00e9capitulative garantissant une vision compl\u00e8te et d\u00e9taill\u00e9e des certifications, des informations cl\u00e9s sur le produit et son emballage. Cet outil strat\u00e9gique est con\u00e7u pour r\u00e9pondre aux besoins des entreprises et des professionnels du secteur \u00e0 la recherche d&rsquo;un partenaire fiable. La S-Card repr\u00e9sente un recueil complet des certifications de produit, assurant la conformit\u00e9 aux normes les plus rigoureuses de l&rsquo;industrie.<\/p>\n<p>Cela inclut des informations d\u00e9taill\u00e9es sur la qualit\u00e9, la s\u00e9curit\u00e9 et la durabilit\u00e9 de nos produits, offrant une transparence essentielle \u00e0 votre processus d\u00e9cisionnel. Au-del\u00e0 d&rsquo;\u00eatre simplement une compilation de donn\u00e9es, la valeur de la S-Card se traduit par la <strong>simplification des op\u00e9rations commerciales<\/strong>. Avec toutes les <strong>informations cl\u00e9s<\/strong> \u00e0 port\u00e9e de main, vous \u00e9conomiserez un temps pr\u00e9cieux dans l&rsquo;\u00e9valuation des produits et la gestion de vos approvisionnements. Notre vision est de fournir non seulement des produits de haute qualit\u00e9, mais \u00e9galement un service qui optimise vos op\u00e9rations quotidiennes.<\/p>\n<p>Avoir <strong>Chimiver Panseri S.p.A.<\/strong> comme partenaire signifie b\u00e9n\u00e9ficier d&rsquo;un soutien fiable, avec un acc\u00e8s facile aux informations cruciales et aux certifications inspirant confiance et s\u00e9curit\u00e9. La S-Card n&rsquo;est pas seulement un outil de r\u00e9f\u00e9rence, mais aussi un t\u00e9moignage de notre <strong>engagement envers la qualit\u00e9, l&rsquo;int\u00e9grit\u00e9 et la satisfaction du client.<\/strong><\/p>\n<\/div>\n                                \n            \n        <\/div>\n    <\/div>\n<\/section>","protected":false},"excerpt":{"rendered":"","protected":false},"author":2,"featured_media":0,"parent":0,"menu_order":140,"comment_status":"closed","ping_status":"closed","template":"documents.php","meta":{"_acf_changed":false,"inline_featured_image":false,"footnotes":""},"class_list":["post-18522","page","type-page","status-publish","hentry"],"acf":[],"yoast_head":"<!-- This site is optimized with the Yoast SEO plugin v26.2 - https:\/\/yoast.com\/wordpress\/plugins\/seo\/ -->\n<title>S-Card - Carte de durabilit\u00e9 pour les produits Chimiver<\/title>\n<meta name=\"description\" content=\"Acc\u00e9dez \u00e0 la documentation officielle de Chimiver. T\u00e9l\u00e9chargez les fiches de durabilit\u00e9 (S-Cards) de notre gamme de produits.\" \/>\n<meta name=\"robots\" content=\"index, follow, max-snippet:-1, max-image-preview:large, max-video-preview:-1\" \/>\n<link rel=\"canonical\" href=\"https:\/\/chimiver.com\/fr\/s-card\/\" \/>\n<meta property=\"og:locale\" content=\"fr_FR\" \/>\n<meta property=\"og:type\" content=\"article\" \/>\n<meta property=\"og:title\" content=\"S-Card - Chimiver Prodotti per Pavimenti Indoor Outdoor\" \/>\n<meta property=\"og:description\" content=\"Prodotti Professionali per la posa e la manutenzione Pavimenti. Visita la sezione online dedicata a S-Card. Siamo leader nel mercato dei prodotti di incollaggio, trattamento e manutenzione di pavimenti indoor e outdoor.\" \/>\n<meta property=\"og:url\" content=\"https:\/\/chimiver.com\/fr\/s-card\/\" \/>\n<meta property=\"og:site_name\" content=\"Chimiver\" \/>\n<meta property=\"article:publisher\" content=\"https:\/\/www.facebook.com\/chimiver\" \/>\n<meta property=\"article:modified_time\" content=\"2025-11-24T15:01:20+00:00\" \/>\n<meta property=\"og:image\" content=\"https:\/\/chimiver.com\/wp-content\/uploads\/2022\/06\/Chimiver_500x500.jpg\" \/>\n\t<meta property=\"og:image:width\" content=\"500\" \/>\n\t<meta property=\"og:image:height\" content=\"500\" \/>\n\t<meta property=\"og:image:type\" content=\"image\/jpeg\" \/>\n<meta name=\"twitter:card\" content=\"summary_large_image\" \/>\n<meta name=\"twitter:title\" content=\"S-Card - Chimiver Prodotti per Pavimenti Indoor Outdoor\" \/>\n<meta name=\"twitter:description\" content=\"Prodotti Professionali per la posa e la manutenzione Pavimenti. Visita la sezione online dedicata a S-Card. Siamo leader nel mercato dei prodotti di incollaggio, trattamento e manutenzione di pavimenti indoor e outdoor.\" \/>\n<meta name=\"twitter:image\" content=\"https:\/\/chimiver.com\/wp-content\/uploads\/2022\/06\/Chimiver_500x500.jpg\" \/>\n<script type=\"application\/ld+json\" class=\"yoast-schema-graph\">{\"@context\":\"https:\/\/schema.org\",\"@graph\":[{\"@type\":\"WebPage\",\"@id\":\"https:\/\/chimiver.com\/fr\/s-card\/\",\"url\":\"https:\/\/chimiver.com\/fr\/s-card\/\",\"name\":\"S-Card - Carte de durabilit\u00e9 pour les produits Chimiver\",\"isPartOf\":{\"@id\":\"https:\/\/chimiver.com\/fr\/#website\"},\"datePublished\":\"2024-02-15T13:47:21+00:00\",\"dateModified\":\"2025-11-24T15:01:20+00:00\",\"description\":\"Acc\u00e9dez \u00e0 la documentation officielle de Chimiver. T\u00e9l\u00e9chargez les fiches de durabilit\u00e9 (S-Cards) de notre gamme de produits.\",\"breadcrumb\":{\"@id\":\"https:\/\/chimiver.com\/fr\/s-card\/#breadcrumb\"},\"inLanguage\":\"fr-FR\",\"potentialAction\":[{\"@type\":\"ReadAction\",\"target\":[\"https:\/\/chimiver.com\/fr\/s-card\/\"]}]},{\"@type\":\"BreadcrumbList\",\"@id\":\"https:\/\/chimiver.com\/fr\/s-card\/#breadcrumb\",\"itemListElement\":[{\"@type\":\"ListItem\",\"position\":1,\"name\":\"Home\",\"item\":\"https:\/\/chimiver.com\/fr\/\"},{\"@type\":\"ListItem\",\"position\":2,\"name\":\"S-Card\"}]},{\"@type\":\"WebSite\",\"@id\":\"https:\/\/chimiver.com\/fr\/#website\",\"url\":\"https:\/\/chimiver.com\/fr\/\",\"name\":\"Chimiver, Your floors partner\",\"description\":\"Your floors partner\",\"publisher\":{\"@id\":\"https:\/\/chimiver.com\/fr\/#organization\"},\"alternateName\":\"Chimiver\",\"potentialAction\":[{\"@type\":\"SearchAction\",\"target\":{\"@type\":\"EntryPoint\",\"urlTemplate\":\"https:\/\/chimiver.com\/fr\/?s={search_term_string}\"},\"query-input\":{\"@type\":\"PropertyValueSpecification\",\"valueRequired\":true,\"valueName\":\"search_term_string\"}}],\"inLanguage\":\"fr-FR\"},{\"@type\":\"Organization\",\"@id\":\"https:\/\/chimiver.com\/fr\/#organization\",\"name\":\"Chimiver\",\"url\":\"https:\/\/chimiver.com\/fr\/\",\"logo\":{\"@type\":\"ImageObject\",\"inLanguage\":\"fr-FR\",\"@id\":\"https:\/\/chimiver.com\/fr\/#\/schema\/logo\/image\/\",\"url\":\"https:\/\/chimiver.com\/wp-content\/uploads\/2022\/06\/Chimiver_500x500.jpg\",\"contentUrl\":\"https:\/\/chimiver.com\/wp-content\/uploads\/2022\/06\/Chimiver_500x500.jpg\",\"width\":500,\"height\":500,\"caption\":\"Chimiver\"},\"image\":{\"@id\":\"https:\/\/chimiver.com\/fr\/#\/schema\/logo\/image\/\"},\"sameAs\":[\"https:\/\/www.facebook.com\/chimiver\"]}]}<\/script>\n<!-- \/ Yoast SEO plugin. -->","yoast_head_json":{"title":"S-Card - Carte de durabilit\u00e9 pour les produits Chimiver","description":"Acc\u00e9dez \u00e0 la documentation officielle de Chimiver. T\u00e9l\u00e9chargez les fiches de durabilit\u00e9 (S-Cards) de notre gamme de produits.","robots":{"index":"index","follow":"follow","max-snippet":"max-snippet:-1","max-image-preview":"max-image-preview:large","max-video-preview":"max-video-preview:-1"},"canonical":"https:\/\/chimiver.com\/fr\/s-card\/","og_locale":"fr_FR","og_type":"article","og_title":"S-Card - Chimiver Prodotti per Pavimenti Indoor Outdoor","og_description":"Prodotti Professionali per la posa e la manutenzione Pavimenti. Visita la sezione online dedicata a S-Card. Siamo leader nel mercato dei prodotti di incollaggio, trattamento e manutenzione di pavimenti indoor e outdoor.","og_url":"https:\/\/chimiver.com\/fr\/s-card\/","og_site_name":"Chimiver","article_publisher":"https:\/\/www.facebook.com\/chimiver","article_modified_time":"2025-11-24T15:01:20+00:00","og_image":[{"width":500,"height":500,"url":"https:\/\/chimiver.com\/wp-content\/uploads\/2022\/06\/Chimiver_500x500.jpg","type":"image\/jpeg"}],"twitter_card":"summary_large_image","twitter_title":"S-Card - Chimiver Prodotti per Pavimenti Indoor Outdoor","twitter_description":"Prodotti Professionali per la posa e la manutenzione Pavimenti. Visita la sezione online dedicata a S-Card. Siamo leader nel mercato dei prodotti di incollaggio, trattamento e manutenzione di pavimenti indoor e outdoor.","twitter_image":"https:\/\/chimiver.com\/wp-content\/uploads\/2022\/06\/Chimiver_500x500.jpg","schema":{"@context":"https:\/\/schema.org","@graph":[{"@type":"WebPage","@id":"https:\/\/chimiver.com\/fr\/s-card\/","url":"https:\/\/chimiver.com\/fr\/s-card\/","name":"S-Card - Carte de durabilit\u00e9 pour les produits Chimiver","isPartOf":{"@id":"https:\/\/chimiver.com\/fr\/#website"},"datePublished":"2024-02-15T13:47:21+00:00","dateModified":"2025-11-24T15:01:20+00:00","description":"Acc\u00e9dez \u00e0 la documentation officielle de Chimiver. T\u00e9l\u00e9chargez les fiches de durabilit\u00e9 (S-Cards) de notre gamme de produits.","breadcrumb":{"@id":"https:\/\/chimiver.com\/fr\/s-card\/#breadcrumb"},"inLanguage":"fr-FR","potentialAction":[{"@type":"ReadAction","target":["https:\/\/chimiver.com\/fr\/s-card\/"]}]},{"@type":"BreadcrumbList","@id":"https:\/\/chimiver.com\/fr\/s-card\/#breadcrumb","itemListElement":[{"@type":"ListItem","position":1,"name":"Home","item":"https:\/\/chimiver.com\/fr\/"},{"@type":"ListItem","position":2,"name":"S-Card"}]},{"@type":"WebSite","@id":"https:\/\/chimiver.com\/fr\/#website","url":"https:\/\/chimiver.com\/fr\/","name":"Chimiver, Your floors partner","description":"Your floors partner","publisher":{"@id":"https:\/\/chimiver.com\/fr\/#organization"},"alternateName":"Chimiver","potentialAction":[{"@type":"SearchAction","target":{"@type":"EntryPoint","urlTemplate":"https:\/\/chimiver.com\/fr\/?s={search_term_string}"},"query-input":{"@type":"PropertyValueSpecification","valueRequired":true,"valueName":"search_term_string"}}],"inLanguage":"fr-FR"},{"@type":"Organization","@id":"https:\/\/chimiver.com\/fr\/#organization","name":"Chimiver","url":"https:\/\/chimiver.com\/fr\/","logo":{"@type":"ImageObject","inLanguage":"fr-FR","@id":"https:\/\/chimiver.com\/fr\/#\/schema\/logo\/image\/","url":"https:\/\/chimiver.com\/wp-content\/uploads\/2022\/06\/Chimiver_500x500.jpg","contentUrl":"https:\/\/chimiver.com\/wp-content\/uploads\/2022\/06\/Chimiver_500x500.jpg","width":500,"height":500,"caption":"Chimiver"},"image":{"@id":"https:\/\/chimiver.com\/fr\/#\/schema\/logo\/image\/"},"sameAs":["https:\/\/www.facebook.com\/chimiver"]}]}},"_links":{"self":[{"href":"https:\/\/chimiver.com\/fr\/wp-json\/wp\/v2\/pages\/18522","targetHints":{"allow":["GET"]}}],"collection":[{"href":"https:\/\/chimiver.com\/fr\/wp-json\/wp\/v2\/pages"}],"about":[{"href":"https:\/\/chimiver.com\/fr\/wp-json\/wp\/v2\/types\/page"}],"author":[{"embeddable":true,"href":"https:\/\/chimiver.com\/fr\/wp-json\/wp\/v2\/users\/2"}],"replies":[{"embeddable":true,"href":"https:\/\/chimiver.com\/fr\/wp-json\/wp\/v2\/comments?post=18522"}],"version-history":[{"count":30,"href":"https:\/\/chimiver.com\/fr\/wp-json\/wp\/v2\/pages\/18522\/revisions"}],"predecessor-version":[{"id":23700,"href":"https:\/\/chimiver.com\/fr\/wp-json\/wp\/v2\/pages\/18522\/revisions\/23700"}],"wp:attachment":[{"href":"https:\/\/chimiver.com\/fr\/wp-json\/wp\/v2\/media?parent=18522"}],"curies":[{"name":"wp","href":"https:\/\/api.w.org\/{rel}","templated":true}]}}