{"id":12990,"date":"2022-01-21T12:15:08","date_gmt":"2022-01-21T11:15:08","guid":{"rendered":"https:\/\/chimiver.com\/prodotto\/parkettkoll-flot-d-3\/"},"modified":"2025-08-20T16:36:50","modified_gmt":"2025-08-20T14:36:50","slug":"parkettkoll-flot-d-3","status":"publish","type":"product","link":"https:\/\/chimiver.com\/fr\/prodotto\/parkettkoll-flot-d-3\/","title":{"rendered":"PARKETTKOLL FLOT D\/3"},"content":{"rendered":"<p>Adh\u00e9sif vinyle monocomposant en dispersion aqueuse sans solvants, adapt\u00e9e au collage entre la rainure et la languette de sols en bois semi-finis ou de sols lamifi\u00e9s pos\u00e9s en \u00ab\u00a0pose-flottante\u00a0\u00bb. \u00c9tant donn\u00e9e son excellente r\u00e9sistance \u00e0 l&rsquo;eau et \u00e0 la stabilit\u00e9 thermique, cette colle s&rsquo;adapte aussi au secteur de la menuiserie. Que ce soit pour le collage de meubles de salle de bains, de plans de travail, fen\u00eatres, etc.<\/p>\n","protected":false},"excerpt":{"rendered":"Adh\u00e9sif vinyle monocomposant en dispersion aqueuse pour le collage de parquets flottants","protected":false},"featured_media":7938,"comment_status":"open","ping_status":"closed","template":"","meta":{"_acf_changed":false,"inline_featured_image":false},"product_brand":[],"product_cat":[739,740,743],"product_tag":[],"class_list":{"0":"post-12990","1":"product","2":"type-product","3":"status-publish","4":"has-post-thumbnail","6":"product_cat-parquet-fr","7":"product_cat-coller-le-parquet","8":"product_cat-adhesifs-monocomposants-vinylique","10":"first","11":"instock","12":"shipping-taxable","13":"product-type-simple","14":"add-to-wishlist-after_add_to_cart"},"acf":[],"yoast_head":"<!-- This site is optimized with the Yoast SEO plugin v26.2 - https:\/\/yoast.com\/wordpress\/plugins\/seo\/ -->\n<title>PARKETTKOLL FLOT D\/3 - Chimiver PARQUET, Coller le parquet, Adh\u00e9sifs monocomposants vinylique<\/title>\n<meta name=\"description\" content=\"Scopri PARKETTKOLL FLOT D\/3 PARQUET, Coller le parquet, Adh\u00e9sifs monocomposants vinylique. Dal 1965 Chimiver \u00e8 leader nel mercato dei prodotti per incollaggio, trattamento e manutenzione dei pavimenti.\" \/>\n<meta name=\"robots\" content=\"index, follow, max-snippet:-1, max-image-preview:large, max-video-preview:-1\" \/>\n<link rel=\"canonical\" href=\"https:\/\/chimiver.com\/fr\/prodotto\/parkettkoll-flot-d-3\/\" \/>\n<meta property=\"og:locale\" content=\"fr_FR\" \/>\n<meta property=\"og:type\" content=\"article\" \/>\n<meta property=\"og:title\" content=\"PARKETTKOLL FLOT D\/3 - Chimiver PARQUET, Coller le parquet, Adh\u00e9sifs monocomposants vinylique\" \/>\n<meta property=\"og:description\" content=\"Scopri PARKETTKOLL FLOT D\/3 PARQUET, Coller le parquet, Adh\u00e9sifs monocomposants vinylique. Dal 1965 Chimiver \u00e8 leader nel mercato dei prodotti per incollaggio, trattamento e manutenzione dei pavimenti.\" \/>\n<meta property=\"og:url\" content=\"https:\/\/chimiver.com\/fr\/prodotto\/parkettkoll-flot-d-3\/\" \/>\n<meta property=\"og:site_name\" content=\"Chimiver\" \/>\n<meta property=\"article:publisher\" content=\"https:\/\/www.facebook.com\/chimiver\" \/>\n<meta property=\"article:modified_time\" content=\"2025-08-20T14:36:50+00:00\" \/>\n<meta property=\"og:image\" content=\"https:\/\/chimiver.com\/wp-content\/uploads\/2022\/01\/10_10ada.jpg\" \/>\n\t<meta property=\"og:image:width\" content=\"640\" \/>\n\t<meta property=\"og:image:height\" content=\"640\" \/>\n\t<meta property=\"og:image:type\" content=\"image\/jpeg\" \/>\n<meta name=\"twitter:card\" content=\"summary_large_image\" \/>\n<meta name=\"twitter:label1\" content=\"Dur\u00e9e de lecture estim\u00e9e\" \/>\n\t<meta name=\"twitter:data1\" content=\"1 minute\" \/>\n<script type=\"application\/ld+json\" class=\"yoast-schema-graph\">{\"@context\":\"https:\/\/schema.org\",\"@graph\":[{\"@type\":\"WebPage\",\"@id\":\"https:\/\/chimiver.com\/fr\/prodotto\/parkettkoll-flot-d-3\/\",\"url\":\"https:\/\/chimiver.com\/fr\/prodotto\/parkettkoll-flot-d-3\/\",\"name\":\"PARKETTKOLL FLOT D\/3 - Chimiver PARQUET, Coller le parquet, Adh\u00e9sifs monocomposants vinylique\",\"isPartOf\":{\"@id\":\"https:\/\/chimiver.com\/fr\/#website\"},\"primaryImageOfPage\":{\"@id\":\"https:\/\/chimiver.com\/fr\/prodotto\/parkettkoll-flot-d-3\/#primaryimage\"},\"image\":{\"@id\":\"https:\/\/chimiver.com\/fr\/prodotto\/parkettkoll-flot-d-3\/#primaryimage\"},\"thumbnailUrl\":\"https:\/\/chimiver.com\/wp-content\/uploads\/2022\/01\/10_10ada.jpg\",\"datePublished\":\"2022-01-21T11:15:08+00:00\",\"dateModified\":\"2025-08-20T14:36:50+00:00\",\"description\":\"Scopri PARKETTKOLL FLOT D\/3 PARQUET, Coller le parquet, Adh\u00e9sifs monocomposants vinylique. Dal 1965 Chimiver \u00e8 leader nel mercato dei prodotti per incollaggio, trattamento e manutenzione dei pavimenti.\",\"breadcrumb\":{\"@id\":\"https:\/\/chimiver.com\/fr\/prodotto\/parkettkoll-flot-d-3\/#breadcrumb\"},\"inLanguage\":\"fr-FR\",\"potentialAction\":[{\"@type\":\"ReadAction\",\"target\":[\"https:\/\/chimiver.com\/fr\/prodotto\/parkettkoll-flot-d-3\/\"]}]},{\"@type\":\"ImageObject\",\"inLanguage\":\"fr-FR\",\"@id\":\"https:\/\/chimiver.com\/fr\/prodotto\/parkettkoll-flot-d-3\/#primaryimage\",\"url\":\"https:\/\/chimiver.com\/wp-content\/uploads\/2022\/01\/10_10ada.jpg\",\"contentUrl\":\"https:\/\/chimiver.com\/wp-content\/uploads\/2022\/01\/10_10ada.jpg\",\"width\":640,\"height\":640,\"caption\":\"Parkettkoll Flot D\/3_0,5 Kg\"},{\"@type\":\"BreadcrumbList\",\"@id\":\"https:\/\/chimiver.com\/fr\/prodotto\/parkettkoll-flot-d-3\/#breadcrumb\",\"itemListElement\":[{\"@type\":\"ListItem\",\"position\":1,\"name\":\"Home\",\"item\":\"https:\/\/chimiver.com\/fr\/\"},{\"@type\":\"ListItem\",\"position\":2,\"name\":\"Shop\",\"item\":\"https:\/\/chimiver.com\/?page_id=10\"},{\"@type\":\"ListItem\",\"position\":3,\"name\":\"PARKETTKOLL FLOT D\/3\"}]},{\"@type\":\"WebSite\",\"@id\":\"https:\/\/chimiver.com\/fr\/#website\",\"url\":\"https:\/\/chimiver.com\/fr\/\",\"name\":\"Chimiver, Your floors partner\",\"description\":\"Your floors partner\",\"publisher\":{\"@id\":\"https:\/\/chimiver.com\/fr\/#organization\"},\"alternateName\":\"Chimiver\",\"potentialAction\":[{\"@type\":\"SearchAction\",\"target\":{\"@type\":\"EntryPoint\",\"urlTemplate\":\"https:\/\/chimiver.com\/fr\/?s={search_term_string}\"},\"query-input\":{\"@type\":\"PropertyValueSpecification\",\"valueRequired\":true,\"valueName\":\"search_term_string\"}}],\"inLanguage\":\"fr-FR\"},{\"@type\":\"Organization\",\"@id\":\"https:\/\/chimiver.com\/fr\/#organization\",\"name\":\"Chimiver\",\"url\":\"https:\/\/chimiver.com\/fr\/\",\"logo\":{\"@type\":\"ImageObject\",\"inLanguage\":\"fr-FR\",\"@id\":\"https:\/\/chimiver.com\/fr\/#\/schema\/logo\/image\/\",\"url\":\"https:\/\/chimiver.com\/wp-content\/uploads\/2022\/06\/Chimiver_500x500.jpg\",\"contentUrl\":\"https:\/\/chimiver.com\/wp-content\/uploads\/2022\/06\/Chimiver_500x500.jpg\",\"width\":500,\"height\":500,\"caption\":\"Chimiver\"},\"image\":{\"@id\":\"https:\/\/chimiver.com\/fr\/#\/schema\/logo\/image\/\"},\"sameAs\":[\"https:\/\/www.facebook.com\/chimiver\"]}]}<\/script>\n<!-- \/ Yoast SEO plugin. -->","yoast_head_json":{"title":"PARKETTKOLL FLOT D\/3 - Chimiver PARQUET, Coller le parquet, Adh\u00e9sifs monocomposants vinylique","description":"Scopri PARKETTKOLL FLOT D\/3 PARQUET, Coller le parquet, Adh\u00e9sifs monocomposants vinylique. Dal 1965 Chimiver \u00e8 leader nel mercato dei prodotti per incollaggio, trattamento e manutenzione dei pavimenti.","robots":{"index":"index","follow":"follow","max-snippet":"max-snippet:-1","max-image-preview":"max-image-preview:large","max-video-preview":"max-video-preview:-1"},"canonical":"https:\/\/chimiver.com\/fr\/prodotto\/parkettkoll-flot-d-3\/","og_locale":"fr_FR","og_type":"article","og_title":"PARKETTKOLL FLOT D\/3 - Chimiver PARQUET, Coller le parquet, Adh\u00e9sifs monocomposants vinylique","og_description":"Scopri PARKETTKOLL FLOT D\/3 PARQUET, Coller le parquet, Adh\u00e9sifs monocomposants vinylique. Dal 1965 Chimiver \u00e8 leader nel mercato dei prodotti per incollaggio, trattamento e manutenzione dei pavimenti.","og_url":"https:\/\/chimiver.com\/fr\/prodotto\/parkettkoll-flot-d-3\/","og_site_name":"Chimiver","article_publisher":"https:\/\/www.facebook.com\/chimiver","article_modified_time":"2025-08-20T14:36:50+00:00","og_image":[{"width":640,"height":640,"url":"https:\/\/chimiver.com\/wp-content\/uploads\/2022\/01\/10_10ada.jpg","type":"image\/jpeg"}],"twitter_card":"summary_large_image","twitter_misc":{"Dur\u00e9e de lecture estim\u00e9e":"1 minute"},"schema":{"@context":"https:\/\/schema.org","@graph":[{"@type":"WebPage","@id":"https:\/\/chimiver.com\/fr\/prodotto\/parkettkoll-flot-d-3\/","url":"https:\/\/chimiver.com\/fr\/prodotto\/parkettkoll-flot-d-3\/","name":"PARKETTKOLL FLOT D\/3 - Chimiver PARQUET, Coller le parquet, Adh\u00e9sifs monocomposants vinylique","isPartOf":{"@id":"https:\/\/chimiver.com\/fr\/#website"},"primaryImageOfPage":{"@id":"https:\/\/chimiver.com\/fr\/prodotto\/parkettkoll-flot-d-3\/#primaryimage"},"image":{"@id":"https:\/\/chimiver.com\/fr\/prodotto\/parkettkoll-flot-d-3\/#primaryimage"},"thumbnailUrl":"https:\/\/chimiver.com\/wp-content\/uploads\/2022\/01\/10_10ada.jpg","datePublished":"2022-01-21T11:15:08+00:00","dateModified":"2025-08-20T14:36:50+00:00","description":"Scopri PARKETTKOLL FLOT D\/3 PARQUET, Coller le parquet, Adh\u00e9sifs monocomposants vinylique. Dal 1965 Chimiver \u00e8 leader nel mercato dei prodotti per incollaggio, trattamento e manutenzione dei pavimenti.","breadcrumb":{"@id":"https:\/\/chimiver.com\/fr\/prodotto\/parkettkoll-flot-d-3\/#breadcrumb"},"inLanguage":"fr-FR","potentialAction":[{"@type":"ReadAction","target":["https:\/\/chimiver.com\/fr\/prodotto\/parkettkoll-flot-d-3\/"]}]},{"@type":"ImageObject","inLanguage":"fr-FR","@id":"https:\/\/chimiver.com\/fr\/prodotto\/parkettkoll-flot-d-3\/#primaryimage","url":"https:\/\/chimiver.com\/wp-content\/uploads\/2022\/01\/10_10ada.jpg","contentUrl":"https:\/\/chimiver.com\/wp-content\/uploads\/2022\/01\/10_10ada.jpg","width":640,"height":640,"caption":"Parkettkoll Flot D\/3_0,5 Kg"},{"@type":"BreadcrumbList","@id":"https:\/\/chimiver.com\/fr\/prodotto\/parkettkoll-flot-d-3\/#breadcrumb","itemListElement":[{"@type":"ListItem","position":1,"name":"Home","item":"https:\/\/chimiver.com\/fr\/"},{"@type":"ListItem","position":2,"name":"Shop","item":"https:\/\/chimiver.com\/?page_id=10"},{"@type":"ListItem","position":3,"name":"PARKETTKOLL FLOT D\/3"}]},{"@type":"WebSite","@id":"https:\/\/chimiver.com\/fr\/#website","url":"https:\/\/chimiver.com\/fr\/","name":"Chimiver, Your floors partner","description":"Your floors partner","publisher":{"@id":"https:\/\/chimiver.com\/fr\/#organization"},"alternateName":"Chimiver","potentialAction":[{"@type":"SearchAction","target":{"@type":"EntryPoint","urlTemplate":"https:\/\/chimiver.com\/fr\/?s={search_term_string}"},"query-input":{"@type":"PropertyValueSpecification","valueRequired":true,"valueName":"search_term_string"}}],"inLanguage":"fr-FR"},{"@type":"Organization","@id":"https:\/\/chimiver.com\/fr\/#organization","name":"Chimiver","url":"https:\/\/chimiver.com\/fr\/","logo":{"@type":"ImageObject","inLanguage":"fr-FR","@id":"https:\/\/chimiver.com\/fr\/#\/schema\/logo\/image\/","url":"https:\/\/chimiver.com\/wp-content\/uploads\/2022\/06\/Chimiver_500x500.jpg","contentUrl":"https:\/\/chimiver.com\/wp-content\/uploads\/2022\/06\/Chimiver_500x500.jpg","width":500,"height":500,"caption":"Chimiver"},"image":{"@id":"https:\/\/chimiver.com\/fr\/#\/schema\/logo\/image\/"},"sameAs":["https:\/\/www.facebook.com\/chimiver"]}]}},"_links":{"self":[{"href":"https:\/\/chimiver.com\/fr\/wp-json\/wp\/v2\/product\/12990","targetHints":{"allow":["GET"]}}],"collection":[{"href":"https:\/\/chimiver.com\/fr\/wp-json\/wp\/v2\/product"}],"about":[{"href":"https:\/\/chimiver.com\/fr\/wp-json\/wp\/v2\/types\/product"}],"replies":[{"embeddable":true,"href":"https:\/\/chimiver.com\/fr\/wp-json\/wp\/v2\/comments?post=12990"}],"wp:featuredmedia":[{"embeddable":true,"href":"https:\/\/chimiver.com\/fr\/wp-json\/wp\/v2\/media\/7938"}],"wp:attachment":[{"href":"https:\/\/chimiver.com\/fr\/wp-json\/wp\/v2\/media?parent=12990"}],"wp:term":[{"taxonomy":"product_brand","embeddable":true,"href":"https:\/\/chimiver.com\/fr\/wp-json\/wp\/v2\/product_brand?post=12990"},{"taxonomy":"product_cat","embeddable":true,"href":"https:\/\/chimiver.com\/fr\/wp-json\/wp\/v2\/product_cat?post=12990"},{"taxonomy":"product_tag","embeddable":true,"href":"https:\/\/chimiver.com\/fr\/wp-json\/wp\/v2\/product_tag?post=12990"}],"curies":[{"name":"wp","href":"https:\/\/api.w.org\/{rel}","templated":true}]}}