{"id":14054,"date":"2022-01-21T12:15:31","date_gmt":"2022-01-21T11:15:31","guid":{"rendered":"https:\/\/chimiver.com\/prodotto\/ecoprime-hs-120-crom-ab\/"},"modified":"2024-04-04T14:21:52","modified_gmt":"2024-04-04T12:21:52","slug":"ecoprime-hs-120-crom-ab","status":"publish","type":"product","link":"https:\/\/chimiver.com\/fr\/prodotto\/ecoprime-hs-120-crom-ab\/","title":{"rendered":"ECOPRIME HS 120 CROM (A+B)"},"content":{"rendered":"<p>Fond bi-composants \u00e0 l\u2019eau  qui r\u00e9chauffe la premi\u00e8re couche dans les cycles compl\u00e8tement peints \u00e0 l\u2019eau pour parquet, pour obtenir l\u2019effet chaud typique d\u2019une vernis solvant\u00e9e polyur\u00e9thane. Gr\u00e2ce au tr\u00e8s haut r\u00e9sidu sec, le produit se caract\u00e9rise par un tr\u00e8s bon pouvoir couvrant, qui permet de remplir le pore du bois \u00e0 une seul couche, m\u00eame sur des bois difficiles (par exemple, afrormosia). Le produit a \u00e9galement un bon pon\u00e7age et peut \u00eatre utilis\u00e9 pour normaliser des fournitures de fan\u00e9 (ex. weng\u00e9).<\/p>\n","protected":false},"excerpt":{"rendered":"Fond polyur\u00e9thane acrylique bi-composants \u00e0 l\u2019eau  pour parquet","protected":false},"featured_media":9686,"comment_status":"open","ping_status":"closed","template":"","meta":{"_acf_changed":false,"inline_featured_image":false},"product_brand":[],"product_cat":[739,745,748],"product_tag":[],"class_list":{"0":"post-14054","1":"product","2":"type-product","3":"status-publish","4":"has-post-thumbnail","6":"product_cat-parquet-fr","7":"product_cat-preparation-du-sol","8":"product_cat-primaires-a-base-deau","10":"first","11":"instock","12":"shipping-taxable","13":"product-type-simple","14":"add-to-wishlist-after_add_to_cart"},"acf":[],"yoast_head":"<!-- This site is optimized with the Yoast SEO plugin v26.2 - https:\/\/yoast.com\/wordpress\/plugins\/seo\/ -->\n<title>ECOPRIME HS 120 CROM (A+B) - Chimiver PARQUET, Pr\u00e9paration du sol, Primaires \u00e0 base d&#039;eau<\/title>\n<meta name=\"description\" content=\"Scopri ECOPRIME HS 120 CROM (A+B) PARQUET, Pr\u00e9paration du sol, Primaires \u00e0 base d&#039;eau. Dal 1965 Chimiver \u00e8 leader nel mercato dei prodotti per incollaggio, trattamento e manutenzione dei pavimenti.\" \/>\n<meta name=\"robots\" content=\"index, follow, max-snippet:-1, max-image-preview:large, max-video-preview:-1\" \/>\n<link rel=\"canonical\" href=\"https:\/\/chimiver.com\/fr\/prodotto\/ecoprime-hs-120-crom-ab\/\" \/>\n<meta property=\"og:locale\" content=\"fr_FR\" \/>\n<meta property=\"og:type\" content=\"article\" \/>\n<meta property=\"og:title\" content=\"ECOPRIME HS 120 CROM (A+B) - Chimiver PARQUET, Pr\u00e9paration du sol, Primaires \u00e0 base d&#039;eau\" \/>\n<meta property=\"og:description\" content=\"Scopri ECOPRIME HS 120 CROM (A+B) PARQUET, Pr\u00e9paration du sol, Primaires \u00e0 base d&#039;eau. Dal 1965 Chimiver \u00e8 leader nel mercato dei prodotti per incollaggio, trattamento e manutenzione dei pavimenti.\" \/>\n<meta property=\"og:url\" content=\"https:\/\/chimiver.com\/fr\/prodotto\/ecoprime-hs-120-crom-ab\/\" \/>\n<meta property=\"og:site_name\" content=\"Chimiver\" \/>\n<meta property=\"article:publisher\" content=\"https:\/\/www.facebook.com\/chimiver\" \/>\n<meta property=\"article:modified_time\" content=\"2024-04-04T12:21:52+00:00\" \/>\n<meta property=\"og:image\" content=\"https:\/\/chimiver.com\/wp-content\/uploads\/2022\/01\/ECOPRIME-HS-120-CROM.jpg\" \/>\n\t<meta property=\"og:image:width\" content=\"640\" \/>\n\t<meta property=\"og:image:height\" content=\"640\" \/>\n\t<meta property=\"og:image:type\" content=\"image\/jpeg\" \/>\n<meta name=\"twitter:card\" content=\"summary_large_image\" \/>\n<meta name=\"twitter:label1\" content=\"Dur\u00e9e de lecture estim\u00e9e\" \/>\n\t<meta name=\"twitter:data1\" content=\"1 minute\" \/>\n<script type=\"application\/ld+json\" class=\"yoast-schema-graph\">{\"@context\":\"https:\/\/schema.org\",\"@graph\":[{\"@type\":\"WebPage\",\"@id\":\"https:\/\/chimiver.com\/fr\/prodotto\/ecoprime-hs-120-crom-ab\/\",\"url\":\"https:\/\/chimiver.com\/fr\/prodotto\/ecoprime-hs-120-crom-ab\/\",\"name\":\"ECOPRIME HS 120 CROM (A+B) - Chimiver PARQUET, Pr\u00e9paration du sol, Primaires \u00e0 base d'eau\",\"isPartOf\":{\"@id\":\"https:\/\/chimiver.com\/fr\/#website\"},\"primaryImageOfPage\":{\"@id\":\"https:\/\/chimiver.com\/fr\/prodotto\/ecoprime-hs-120-crom-ab\/#primaryimage\"},\"image\":{\"@id\":\"https:\/\/chimiver.com\/fr\/prodotto\/ecoprime-hs-120-crom-ab\/#primaryimage\"},\"thumbnailUrl\":\"https:\/\/chimiver.com\/wp-content\/uploads\/2022\/01\/ECOPRIME-HS-120-CROM.jpg\",\"datePublished\":\"2022-01-21T11:15:31+00:00\",\"dateModified\":\"2024-04-04T12:21:52+00:00\",\"description\":\"Scopri ECOPRIME HS 120 CROM (A+B) PARQUET, Pr\u00e9paration du sol, Primaires \u00e0 base d'eau. Dal 1965 Chimiver \u00e8 leader nel mercato dei prodotti per incollaggio, trattamento e manutenzione dei pavimenti.\",\"breadcrumb\":{\"@id\":\"https:\/\/chimiver.com\/fr\/prodotto\/ecoprime-hs-120-crom-ab\/#breadcrumb\"},\"inLanguage\":\"fr-FR\",\"potentialAction\":[{\"@type\":\"ReadAction\",\"target\":[\"https:\/\/chimiver.com\/fr\/prodotto\/ecoprime-hs-120-crom-ab\/\"]}]},{\"@type\":\"ImageObject\",\"inLanguage\":\"fr-FR\",\"@id\":\"https:\/\/chimiver.com\/fr\/prodotto\/ecoprime-hs-120-crom-ab\/#primaryimage\",\"url\":\"https:\/\/chimiver.com\/wp-content\/uploads\/2022\/01\/ECOPRIME-HS-120-CROM.jpg\",\"contentUrl\":\"https:\/\/chimiver.com\/wp-content\/uploads\/2022\/01\/ECOPRIME-HS-120-CROM.jpg\",\"width\":640,\"height\":640,\"caption\":\"Ecoprime HS 120 Crom_A&B\"},{\"@type\":\"BreadcrumbList\",\"@id\":\"https:\/\/chimiver.com\/fr\/prodotto\/ecoprime-hs-120-crom-ab\/#breadcrumb\",\"itemListElement\":[{\"@type\":\"ListItem\",\"position\":1,\"name\":\"Home\",\"item\":\"https:\/\/chimiver.com\/fr\/\"},{\"@type\":\"ListItem\",\"position\":2,\"name\":\"Shop\",\"item\":\"https:\/\/chimiver.com\/?page_id=10\"},{\"@type\":\"ListItem\",\"position\":3,\"name\":\"ECOPRIME HS 120 CROM (A+B)\"}]},{\"@type\":\"WebSite\",\"@id\":\"https:\/\/chimiver.com\/fr\/#website\",\"url\":\"https:\/\/chimiver.com\/fr\/\",\"name\":\"Chimiver, Your floors partner\",\"description\":\"Your floors partner\",\"publisher\":{\"@id\":\"https:\/\/chimiver.com\/fr\/#organization\"},\"alternateName\":\"Chimiver\",\"potentialAction\":[{\"@type\":\"SearchAction\",\"target\":{\"@type\":\"EntryPoint\",\"urlTemplate\":\"https:\/\/chimiver.com\/fr\/?s={search_term_string}\"},\"query-input\":{\"@type\":\"PropertyValueSpecification\",\"valueRequired\":true,\"valueName\":\"search_term_string\"}}],\"inLanguage\":\"fr-FR\"},{\"@type\":\"Organization\",\"@id\":\"https:\/\/chimiver.com\/fr\/#organization\",\"name\":\"Chimiver\",\"url\":\"https:\/\/chimiver.com\/fr\/\",\"logo\":{\"@type\":\"ImageObject\",\"inLanguage\":\"fr-FR\",\"@id\":\"https:\/\/chimiver.com\/fr\/#\/schema\/logo\/image\/\",\"url\":\"https:\/\/chimiver.com\/wp-content\/uploads\/2022\/06\/Chimiver_500x500.jpg\",\"contentUrl\":\"https:\/\/chimiver.com\/wp-content\/uploads\/2022\/06\/Chimiver_500x500.jpg\",\"width\":500,\"height\":500,\"caption\":\"Chimiver\"},\"image\":{\"@id\":\"https:\/\/chimiver.com\/fr\/#\/schema\/logo\/image\/\"},\"sameAs\":[\"https:\/\/www.facebook.com\/chimiver\"]}]}<\/script>\n<!-- \/ Yoast SEO plugin. -->","yoast_head_json":{"title":"ECOPRIME HS 120 CROM (A+B) - Chimiver PARQUET, Pr\u00e9paration du sol, Primaires \u00e0 base d'eau","description":"Scopri ECOPRIME HS 120 CROM (A+B) PARQUET, Pr\u00e9paration du sol, Primaires \u00e0 base d'eau. Dal 1965 Chimiver \u00e8 leader nel mercato dei prodotti per incollaggio, trattamento e manutenzione dei pavimenti.","robots":{"index":"index","follow":"follow","max-snippet":"max-snippet:-1","max-image-preview":"max-image-preview:large","max-video-preview":"max-video-preview:-1"},"canonical":"https:\/\/chimiver.com\/fr\/prodotto\/ecoprime-hs-120-crom-ab\/","og_locale":"fr_FR","og_type":"article","og_title":"ECOPRIME HS 120 CROM (A+B) - Chimiver PARQUET, Pr\u00e9paration du sol, Primaires \u00e0 base d'eau","og_description":"Scopri ECOPRIME HS 120 CROM (A+B) PARQUET, Pr\u00e9paration du sol, Primaires \u00e0 base d'eau. Dal 1965 Chimiver \u00e8 leader nel mercato dei prodotti per incollaggio, trattamento e manutenzione dei pavimenti.","og_url":"https:\/\/chimiver.com\/fr\/prodotto\/ecoprime-hs-120-crom-ab\/","og_site_name":"Chimiver","article_publisher":"https:\/\/www.facebook.com\/chimiver","article_modified_time":"2024-04-04T12:21:52+00:00","og_image":[{"width":640,"height":640,"url":"https:\/\/chimiver.com\/wp-content\/uploads\/2022\/01\/ECOPRIME-HS-120-CROM.jpg","type":"image\/jpeg"}],"twitter_card":"summary_large_image","twitter_misc":{"Dur\u00e9e de lecture estim\u00e9e":"1 minute"},"schema":{"@context":"https:\/\/schema.org","@graph":[{"@type":"WebPage","@id":"https:\/\/chimiver.com\/fr\/prodotto\/ecoprime-hs-120-crom-ab\/","url":"https:\/\/chimiver.com\/fr\/prodotto\/ecoprime-hs-120-crom-ab\/","name":"ECOPRIME HS 120 CROM (A+B) - Chimiver PARQUET, Pr\u00e9paration du sol, Primaires \u00e0 base d'eau","isPartOf":{"@id":"https:\/\/chimiver.com\/fr\/#website"},"primaryImageOfPage":{"@id":"https:\/\/chimiver.com\/fr\/prodotto\/ecoprime-hs-120-crom-ab\/#primaryimage"},"image":{"@id":"https:\/\/chimiver.com\/fr\/prodotto\/ecoprime-hs-120-crom-ab\/#primaryimage"},"thumbnailUrl":"https:\/\/chimiver.com\/wp-content\/uploads\/2022\/01\/ECOPRIME-HS-120-CROM.jpg","datePublished":"2022-01-21T11:15:31+00:00","dateModified":"2024-04-04T12:21:52+00:00","description":"Scopri ECOPRIME HS 120 CROM (A+B) PARQUET, Pr\u00e9paration du sol, Primaires \u00e0 base d'eau. Dal 1965 Chimiver \u00e8 leader nel mercato dei prodotti per incollaggio, trattamento e manutenzione dei pavimenti.","breadcrumb":{"@id":"https:\/\/chimiver.com\/fr\/prodotto\/ecoprime-hs-120-crom-ab\/#breadcrumb"},"inLanguage":"fr-FR","potentialAction":[{"@type":"ReadAction","target":["https:\/\/chimiver.com\/fr\/prodotto\/ecoprime-hs-120-crom-ab\/"]}]},{"@type":"ImageObject","inLanguage":"fr-FR","@id":"https:\/\/chimiver.com\/fr\/prodotto\/ecoprime-hs-120-crom-ab\/#primaryimage","url":"https:\/\/chimiver.com\/wp-content\/uploads\/2022\/01\/ECOPRIME-HS-120-CROM.jpg","contentUrl":"https:\/\/chimiver.com\/wp-content\/uploads\/2022\/01\/ECOPRIME-HS-120-CROM.jpg","width":640,"height":640,"caption":"Ecoprime HS 120 Crom_A&B"},{"@type":"BreadcrumbList","@id":"https:\/\/chimiver.com\/fr\/prodotto\/ecoprime-hs-120-crom-ab\/#breadcrumb","itemListElement":[{"@type":"ListItem","position":1,"name":"Home","item":"https:\/\/chimiver.com\/fr\/"},{"@type":"ListItem","position":2,"name":"Shop","item":"https:\/\/chimiver.com\/?page_id=10"},{"@type":"ListItem","position":3,"name":"ECOPRIME HS 120 CROM (A+B)"}]},{"@type":"WebSite","@id":"https:\/\/chimiver.com\/fr\/#website","url":"https:\/\/chimiver.com\/fr\/","name":"Chimiver, Your floors partner","description":"Your floors partner","publisher":{"@id":"https:\/\/chimiver.com\/fr\/#organization"},"alternateName":"Chimiver","potentialAction":[{"@type":"SearchAction","target":{"@type":"EntryPoint","urlTemplate":"https:\/\/chimiver.com\/fr\/?s={search_term_string}"},"query-input":{"@type":"PropertyValueSpecification","valueRequired":true,"valueName":"search_term_string"}}],"inLanguage":"fr-FR"},{"@type":"Organization","@id":"https:\/\/chimiver.com\/fr\/#organization","name":"Chimiver","url":"https:\/\/chimiver.com\/fr\/","logo":{"@type":"ImageObject","inLanguage":"fr-FR","@id":"https:\/\/chimiver.com\/fr\/#\/schema\/logo\/image\/","url":"https:\/\/chimiver.com\/wp-content\/uploads\/2022\/06\/Chimiver_500x500.jpg","contentUrl":"https:\/\/chimiver.com\/wp-content\/uploads\/2022\/06\/Chimiver_500x500.jpg","width":500,"height":500,"caption":"Chimiver"},"image":{"@id":"https:\/\/chimiver.com\/fr\/#\/schema\/logo\/image\/"},"sameAs":["https:\/\/www.facebook.com\/chimiver"]}]}},"_links":{"self":[{"href":"https:\/\/chimiver.com\/fr\/wp-json\/wp\/v2\/product\/14054","targetHints":{"allow":["GET"]}}],"collection":[{"href":"https:\/\/chimiver.com\/fr\/wp-json\/wp\/v2\/product"}],"about":[{"href":"https:\/\/chimiver.com\/fr\/wp-json\/wp\/v2\/types\/product"}],"replies":[{"embeddable":true,"href":"https:\/\/chimiver.com\/fr\/wp-json\/wp\/v2\/comments?post=14054"}],"wp:featuredmedia":[{"embeddable":true,"href":"https:\/\/chimiver.com\/fr\/wp-json\/wp\/v2\/media\/9686"}],"wp:attachment":[{"href":"https:\/\/chimiver.com\/fr\/wp-json\/wp\/v2\/media?parent=14054"}],"wp:term":[{"taxonomy":"product_brand","embeddable":true,"href":"https:\/\/chimiver.com\/fr\/wp-json\/wp\/v2\/product_brand?post=14054"},{"taxonomy":"product_cat","embeddable":true,"href":"https:\/\/chimiver.com\/fr\/wp-json\/wp\/v2\/product_cat?post=14054"},{"taxonomy":"product_tag","embeddable":true,"href":"https:\/\/chimiver.com\/fr\/wp-json\/wp\/v2\/product_tag?post=14054"}],"curies":[{"name":"wp","href":"https:\/\/api.w.org\/{rel}","templated":true}]}}