{"id":14055,"date":"2022-01-21T12:15:17","date_gmt":"2022-01-21T11:15:17","guid":{"rendered":"https:\/\/chimiver.com\/prodotto\/ecostar\/"},"modified":"2023-06-07T14:50:37","modified_gmt":"2023-06-07T12:50:37","slug":"ecostar","status":"publish","type":"product","link":"https:\/\/chimiver.com\/fr\/prodotto\/ecostar\/","title":{"rendered":"ECOSTAR"},"content":{"rendered":"<p>Vernis de finition monocomposant \u00e0 l\u2019eau. Gr\u00e2ce a son grand volume de mati\u00e8re s\u00e8che, il se caract\u00e9rise par un excellent pouvoir couvrant, qui lui permet d\u2019avoir un bon aspet final. Une autre particularit\u00e9 est de donner au bois une bonne oxydation et un aspect chaleureux.<\/p>\n","protected":false},"excerpt":{"rendered":"Vernis polyur\u00e9thane monocomposant \u00e0 l&rsquo;eau pour parquet","protected":false},"featured_media":8344,"comment_status":"open","ping_status":"closed","template":"","meta":{"_acf_changed":false,"inline_featured_image":false},"product_brand":[],"product_cat":[738,739,750,751],"product_tag":[],"class_list":{"0":"post-14055","1":"product","2":"type-product","3":"status-publish","4":"has-post-thumbnail","6":"product_cat-professionnels","7":"product_cat-parquet-fr","8":"product_cat-appliquer-la-finition","9":"product_cat-vernis-a-leau-monocomposants","11":"first","12":"instock","13":"shipping-taxable","14":"product-type-simple","15":"add-to-wishlist-after_add_to_cart"},"acf":[],"yoast_head":"<!-- This site is optimized with the Yoast SEO plugin v26.2 - https:\/\/yoast.com\/wordpress\/plugins\/seo\/ -->\n<title>ECOSTAR - Chimiver Professionnels, PARQUET, Appliquer la finition, Vernis \u00e0 l&#039;eau monocomposants<\/title>\n<meta name=\"description\" content=\"Scopri ECOSTAR Professionnels, PARQUET, Appliquer la finition, Vernis \u00e0 l&#039;eau monocomposants. Vernice poliuretanica monocomponente all&#039;acqua ad alto residuo secco e ottima resitenza al calpestio per la verniciatura di parquet.\" \/>\n<meta name=\"robots\" content=\"index, follow, max-snippet:-1, max-image-preview:large, max-video-preview:-1\" \/>\n<link rel=\"canonical\" href=\"https:\/\/chimiver.com\/fr\/prodotto\/ecostar\/\" \/>\n<meta property=\"og:locale\" content=\"fr_FR\" \/>\n<meta property=\"og:type\" content=\"article\" \/>\n<meta property=\"og:title\" content=\"ECOSTAR - Chimiver Professionnels, PARQUET, Appliquer la finition, Vernis \u00e0 l&#039;eau monocomposants\" \/>\n<meta property=\"og:description\" content=\"Scopri ECOSTAR Professionnels, PARQUET, Appliquer la finition, Vernis \u00e0 l&#039;eau monocomposants. Vernice poliuretanica monocomponente all&#039;acqua ad alto residuo secco e ottima resitenza al calpestio per la verniciatura di parquet.\" \/>\n<meta property=\"og:url\" content=\"https:\/\/chimiver.com\/fr\/prodotto\/ecostar\/\" \/>\n<meta property=\"og:site_name\" content=\"Chimiver\" \/>\n<meta property=\"article:publisher\" content=\"https:\/\/www.facebook.com\/chimiver\" \/>\n<meta property=\"article:modified_time\" content=\"2023-06-07T12:50:37+00:00\" \/>\n<meta property=\"og:image\" content=\"https:\/\/chimiver.com\/wp-content\/uploads\/2022\/01\/27_2b87d.jpg\" \/>\n\t<meta property=\"og:image:width\" content=\"640\" \/>\n\t<meta property=\"og:image:height\" content=\"640\" \/>\n\t<meta property=\"og:image:type\" content=\"image\/jpeg\" \/>\n<meta name=\"twitter:card\" content=\"summary_large_image\" \/>\n<meta name=\"twitter:label1\" content=\"Dur\u00e9e de lecture estim\u00e9e\" \/>\n\t<meta name=\"twitter:data1\" content=\"1 minute\" \/>\n<script type=\"application\/ld+json\" class=\"yoast-schema-graph\">{\"@context\":\"https:\/\/schema.org\",\"@graph\":[{\"@type\":\"WebPage\",\"@id\":\"https:\/\/chimiver.com\/fr\/prodotto\/ecostar\/\",\"url\":\"https:\/\/chimiver.com\/fr\/prodotto\/ecostar\/\",\"name\":\"ECOSTAR - Chimiver Professionnels, PARQUET, Appliquer la finition, Vernis \u00e0 l'eau monocomposants\",\"isPartOf\":{\"@id\":\"https:\/\/chimiver.com\/fr\/#website\"},\"primaryImageOfPage\":{\"@id\":\"https:\/\/chimiver.com\/fr\/prodotto\/ecostar\/#primaryimage\"},\"image\":{\"@id\":\"https:\/\/chimiver.com\/fr\/prodotto\/ecostar\/#primaryimage\"},\"thumbnailUrl\":\"https:\/\/chimiver.com\/wp-content\/uploads\/2022\/01\/27_2b87d.jpg\",\"datePublished\":\"2022-01-21T11:15:17+00:00\",\"dateModified\":\"2023-06-07T12:50:37+00:00\",\"description\":\"Scopri ECOSTAR Professionnels, PARQUET, Appliquer la finition, Vernis \u00e0 l'eau monocomposants. Vernice poliuretanica monocomponente all'acqua ad alto residuo secco e ottima resitenza al calpestio per la verniciatura di parquet.\",\"breadcrumb\":{\"@id\":\"https:\/\/chimiver.com\/fr\/prodotto\/ecostar\/#breadcrumb\"},\"inLanguage\":\"fr-FR\",\"potentialAction\":[{\"@type\":\"ReadAction\",\"target\":[\"https:\/\/chimiver.com\/fr\/prodotto\/ecostar\/\"]}]},{\"@type\":\"ImageObject\",\"inLanguage\":\"fr-FR\",\"@id\":\"https:\/\/chimiver.com\/fr\/prodotto\/ecostar\/#primaryimage\",\"url\":\"https:\/\/chimiver.com\/wp-content\/uploads\/2022\/01\/27_2b87d.jpg\",\"contentUrl\":\"https:\/\/chimiver.com\/wp-content\/uploads\/2022\/01\/27_2b87d.jpg\",\"width\":640,\"height\":640,\"caption\":\"Ecostar_5L\"},{\"@type\":\"BreadcrumbList\",\"@id\":\"https:\/\/chimiver.com\/fr\/prodotto\/ecostar\/#breadcrumb\",\"itemListElement\":[{\"@type\":\"ListItem\",\"position\":1,\"name\":\"Home\",\"item\":\"https:\/\/chimiver.com\/fr\/\"},{\"@type\":\"ListItem\",\"position\":2,\"name\":\"Shop\",\"item\":\"https:\/\/chimiver.com\/?page_id=10\"},{\"@type\":\"ListItem\",\"position\":3,\"name\":\"ECOSTAR\"}]},{\"@type\":\"WebSite\",\"@id\":\"https:\/\/chimiver.com\/fr\/#website\",\"url\":\"https:\/\/chimiver.com\/fr\/\",\"name\":\"Chimiver, Your floors partner\",\"description\":\"Your floors partner\",\"publisher\":{\"@id\":\"https:\/\/chimiver.com\/fr\/#organization\"},\"alternateName\":\"Chimiver\",\"potentialAction\":[{\"@type\":\"SearchAction\",\"target\":{\"@type\":\"EntryPoint\",\"urlTemplate\":\"https:\/\/chimiver.com\/fr\/?s={search_term_string}\"},\"query-input\":{\"@type\":\"PropertyValueSpecification\",\"valueRequired\":true,\"valueName\":\"search_term_string\"}}],\"inLanguage\":\"fr-FR\"},{\"@type\":\"Organization\",\"@id\":\"https:\/\/chimiver.com\/fr\/#organization\",\"name\":\"Chimiver\",\"url\":\"https:\/\/chimiver.com\/fr\/\",\"logo\":{\"@type\":\"ImageObject\",\"inLanguage\":\"fr-FR\",\"@id\":\"https:\/\/chimiver.com\/fr\/#\/schema\/logo\/image\/\",\"url\":\"https:\/\/chimiver.com\/wp-content\/uploads\/2022\/06\/Chimiver_500x500.jpg\",\"contentUrl\":\"https:\/\/chimiver.com\/wp-content\/uploads\/2022\/06\/Chimiver_500x500.jpg\",\"width\":500,\"height\":500,\"caption\":\"Chimiver\"},\"image\":{\"@id\":\"https:\/\/chimiver.com\/fr\/#\/schema\/logo\/image\/\"},\"sameAs\":[\"https:\/\/www.facebook.com\/chimiver\"]}]}<\/script>\n<!-- \/ Yoast SEO plugin. -->","yoast_head_json":{"title":"ECOSTAR - Chimiver Professionnels, PARQUET, Appliquer la finition, Vernis \u00e0 l'eau monocomposants","description":"Scopri ECOSTAR Professionnels, PARQUET, Appliquer la finition, Vernis \u00e0 l'eau monocomposants. Vernice poliuretanica monocomponente all'acqua ad alto residuo secco e ottima resitenza al calpestio per la verniciatura di parquet.","robots":{"index":"index","follow":"follow","max-snippet":"max-snippet:-1","max-image-preview":"max-image-preview:large","max-video-preview":"max-video-preview:-1"},"canonical":"https:\/\/chimiver.com\/fr\/prodotto\/ecostar\/","og_locale":"fr_FR","og_type":"article","og_title":"ECOSTAR - Chimiver Professionnels, PARQUET, Appliquer la finition, Vernis \u00e0 l'eau monocomposants","og_description":"Scopri ECOSTAR Professionnels, PARQUET, Appliquer la finition, Vernis \u00e0 l'eau monocomposants. Vernice poliuretanica monocomponente all'acqua ad alto residuo secco e ottima resitenza al calpestio per la verniciatura di parquet.","og_url":"https:\/\/chimiver.com\/fr\/prodotto\/ecostar\/","og_site_name":"Chimiver","article_publisher":"https:\/\/www.facebook.com\/chimiver","article_modified_time":"2023-06-07T12:50:37+00:00","og_image":[{"width":640,"height":640,"url":"https:\/\/chimiver.com\/wp-content\/uploads\/2022\/01\/27_2b87d.jpg","type":"image\/jpeg"}],"twitter_card":"summary_large_image","twitter_misc":{"Dur\u00e9e de lecture estim\u00e9e":"1 minute"},"schema":{"@context":"https:\/\/schema.org","@graph":[{"@type":"WebPage","@id":"https:\/\/chimiver.com\/fr\/prodotto\/ecostar\/","url":"https:\/\/chimiver.com\/fr\/prodotto\/ecostar\/","name":"ECOSTAR - Chimiver Professionnels, PARQUET, Appliquer la finition, Vernis \u00e0 l'eau monocomposants","isPartOf":{"@id":"https:\/\/chimiver.com\/fr\/#website"},"primaryImageOfPage":{"@id":"https:\/\/chimiver.com\/fr\/prodotto\/ecostar\/#primaryimage"},"image":{"@id":"https:\/\/chimiver.com\/fr\/prodotto\/ecostar\/#primaryimage"},"thumbnailUrl":"https:\/\/chimiver.com\/wp-content\/uploads\/2022\/01\/27_2b87d.jpg","datePublished":"2022-01-21T11:15:17+00:00","dateModified":"2023-06-07T12:50:37+00:00","description":"Scopri ECOSTAR Professionnels, PARQUET, Appliquer la finition, Vernis \u00e0 l'eau monocomposants. Vernice poliuretanica monocomponente all'acqua ad alto residuo secco e ottima resitenza al calpestio per la verniciatura di parquet.","breadcrumb":{"@id":"https:\/\/chimiver.com\/fr\/prodotto\/ecostar\/#breadcrumb"},"inLanguage":"fr-FR","potentialAction":[{"@type":"ReadAction","target":["https:\/\/chimiver.com\/fr\/prodotto\/ecostar\/"]}]},{"@type":"ImageObject","inLanguage":"fr-FR","@id":"https:\/\/chimiver.com\/fr\/prodotto\/ecostar\/#primaryimage","url":"https:\/\/chimiver.com\/wp-content\/uploads\/2022\/01\/27_2b87d.jpg","contentUrl":"https:\/\/chimiver.com\/wp-content\/uploads\/2022\/01\/27_2b87d.jpg","width":640,"height":640,"caption":"Ecostar_5L"},{"@type":"BreadcrumbList","@id":"https:\/\/chimiver.com\/fr\/prodotto\/ecostar\/#breadcrumb","itemListElement":[{"@type":"ListItem","position":1,"name":"Home","item":"https:\/\/chimiver.com\/fr\/"},{"@type":"ListItem","position":2,"name":"Shop","item":"https:\/\/chimiver.com\/?page_id=10"},{"@type":"ListItem","position":3,"name":"ECOSTAR"}]},{"@type":"WebSite","@id":"https:\/\/chimiver.com\/fr\/#website","url":"https:\/\/chimiver.com\/fr\/","name":"Chimiver, Your floors partner","description":"Your floors partner","publisher":{"@id":"https:\/\/chimiver.com\/fr\/#organization"},"alternateName":"Chimiver","potentialAction":[{"@type":"SearchAction","target":{"@type":"EntryPoint","urlTemplate":"https:\/\/chimiver.com\/fr\/?s={search_term_string}"},"query-input":{"@type":"PropertyValueSpecification","valueRequired":true,"valueName":"search_term_string"}}],"inLanguage":"fr-FR"},{"@type":"Organization","@id":"https:\/\/chimiver.com\/fr\/#organization","name":"Chimiver","url":"https:\/\/chimiver.com\/fr\/","logo":{"@type":"ImageObject","inLanguage":"fr-FR","@id":"https:\/\/chimiver.com\/fr\/#\/schema\/logo\/image\/","url":"https:\/\/chimiver.com\/wp-content\/uploads\/2022\/06\/Chimiver_500x500.jpg","contentUrl":"https:\/\/chimiver.com\/wp-content\/uploads\/2022\/06\/Chimiver_500x500.jpg","width":500,"height":500,"caption":"Chimiver"},"image":{"@id":"https:\/\/chimiver.com\/fr\/#\/schema\/logo\/image\/"},"sameAs":["https:\/\/www.facebook.com\/chimiver"]}]}},"_links":{"self":[{"href":"https:\/\/chimiver.com\/fr\/wp-json\/wp\/v2\/product\/14055","targetHints":{"allow":["GET"]}}],"collection":[{"href":"https:\/\/chimiver.com\/fr\/wp-json\/wp\/v2\/product"}],"about":[{"href":"https:\/\/chimiver.com\/fr\/wp-json\/wp\/v2\/types\/product"}],"replies":[{"embeddable":true,"href":"https:\/\/chimiver.com\/fr\/wp-json\/wp\/v2\/comments?post=14055"}],"wp:featuredmedia":[{"embeddable":true,"href":"https:\/\/chimiver.com\/fr\/wp-json\/wp\/v2\/media\/8344"}],"wp:attachment":[{"href":"https:\/\/chimiver.com\/fr\/wp-json\/wp\/v2\/media?parent=14055"}],"wp:term":[{"taxonomy":"product_brand","embeddable":true,"href":"https:\/\/chimiver.com\/fr\/wp-json\/wp\/v2\/product_brand?post=14055"},{"taxonomy":"product_cat","embeddable":true,"href":"https:\/\/chimiver.com\/fr\/wp-json\/wp\/v2\/product_cat?post=14055"},{"taxonomy":"product_tag","embeddable":true,"href":"https:\/\/chimiver.com\/fr\/wp-json\/wp\/v2\/product_tag?post=14055"}],"curies":[{"name":"wp","href":"https:\/\/api.w.org\/{rel}","templated":true}]}}