{"id":14088,"date":"2022-01-21T12:15:09","date_gmt":"2022-01-21T11:15:09","guid":{"rendered":"https:\/\/chimiver.com\/prodotto\/ecotraffik-2k-ab\/"},"modified":"2026-01-26T15:06:42","modified_gmt":"2026-01-26T14:06:42","slug":"ecotraffik-2k-ab","status":"publish","type":"product","link":"https:\/\/chimiver.com\/fr\/prodotto\/ecotraffik-2k-ab\/","title":{"rendered":"ECOTRAFFIK 2K (A+B)"},"content":{"rendered":"<p>Vernis polyur\u00e9thane bi-composant \u00e0 l\u2019eau pour parquet avec contenu tr\u00e8s faible de COV et tr\u00e8s haute contenu solide. Caract\u00e9ris\u00e9 par une application facile et un excellent mouillage des pores m\u00eame sur le bois bross\u00e9 donnant une tonalit\u00e9 l\u00e9g\u00e8rement chaude. Elle a une excellente r\u00e9sistance \u00e0 l\u2019abrasion, au pi\u00e9tinement et au \u201cd\u00e9rapage\u201d (Black Heel Mark) qui la rend adapt\u00e9 aux sols \u00e0 tr\u00e8s fort trafic.<\/p>\n","protected":false},"excerpt":{"rendered":"Vernis polyur\u00e9thane bi-composant \u00e0 l\u2019eau avec tr\u00e8s hautes r\u00e9sistances pour parquet","protected":false},"featured_media":8340,"comment_status":"open","ping_status":"closed","template":"","meta":{"_acf_changed":false,"inline_featured_image":false},"product_brand":[],"product_cat":[739,750,752],"product_tag":[],"class_list":{"0":"post-14088","1":"product","2":"type-product","3":"status-publish","4":"has-post-thumbnail","6":"product_cat-parquet-fr","7":"product_cat-appliquer-la-finition","8":"product_cat-vernis-a-leau-bi-composants","10":"first","11":"instock","12":"shipping-taxable","13":"product-type-simple","14":"add-to-wishlist-after_add_to_cart"},"acf":[],"yoast_head":"<!-- This site is optimized with the Yoast SEO plugin v26.2 - https:\/\/yoast.com\/wordpress\/plugins\/seo\/ -->\n<title>Vernis \u00e0 l\u2019eau pour parquet - ECOTRAFFIK 2K (A+B)<\/title>\n<meta name=\"description\" content=\"D\u00e9couvrez ECOTRAFFIK 2K (A+B) . Vernis polyur\u00e9thane bi-composant \u00e0 l\u2019eau avec tr\u00e8s hautes r\u00e9sistances \u00e0 l\u2019abrasion pour parquet.\" \/>\n<meta name=\"robots\" content=\"index, follow, max-snippet:-1, max-image-preview:large, max-video-preview:-1\" \/>\n<link rel=\"canonical\" href=\"https:\/\/chimiver.com\/fr\/prodotto\/ecotraffik-2k-ab\/\" \/>\n<meta property=\"og:locale\" content=\"fr_FR\" \/>\n<meta property=\"og:type\" content=\"article\" \/>\n<meta property=\"og:title\" content=\"Vernis \u00e0 l\u2019eau pour parquet - ECOTRAFFIK 2K (A+B)\" \/>\n<meta property=\"og:description\" content=\"D\u00e9couvrez ECOTRAFFIK 2K (A+B) . Vernis polyur\u00e9thane bi-composant \u00e0 l\u2019eau avec tr\u00e8s hautes r\u00e9sistances \u00e0 l\u2019abrasion pour parquet.\" \/>\n<meta property=\"og:url\" content=\"https:\/\/chimiver.com\/fr\/prodotto\/ecotraffik-2k-ab\/\" \/>\n<meta property=\"og:site_name\" content=\"Chimiver\" \/>\n<meta property=\"article:publisher\" content=\"https:\/\/www.facebook.com\/chimiver\" \/>\n<meta property=\"article:modified_time\" content=\"2026-01-26T14:06:42+00:00\" \/>\n<meta property=\"og:image\" content=\"https:\/\/chimiver.com\/wp-content\/uploads\/2022\/01\/ECOTRAFFIK-2K.jpg\" \/>\n\t<meta property=\"og:image:width\" content=\"640\" \/>\n\t<meta property=\"og:image:height\" content=\"640\" \/>\n\t<meta property=\"og:image:type\" content=\"image\/jpeg\" \/>\n<meta name=\"twitter:card\" content=\"summary_large_image\" \/>\n<meta name=\"twitter:label1\" content=\"Dur\u00e9e de lecture estim\u00e9e\" \/>\n\t<meta name=\"twitter:data1\" content=\"1 minute\" \/>\n<script type=\"application\/ld+json\" class=\"yoast-schema-graph\">{\"@context\":\"https:\/\/schema.org\",\"@graph\":[{\"@type\":\"WebPage\",\"@id\":\"https:\/\/chimiver.com\/fr\/prodotto\/ecotraffik-2k-ab\/\",\"url\":\"https:\/\/chimiver.com\/fr\/prodotto\/ecotraffik-2k-ab\/\",\"name\":\"Vernis \u00e0 l\u2019eau pour parquet - ECOTRAFFIK 2K (A+B)\",\"isPartOf\":{\"@id\":\"https:\/\/chimiver.com\/fr\/#website\"},\"primaryImageOfPage\":{\"@id\":\"https:\/\/chimiver.com\/fr\/prodotto\/ecotraffik-2k-ab\/#primaryimage\"},\"image\":{\"@id\":\"https:\/\/chimiver.com\/fr\/prodotto\/ecotraffik-2k-ab\/#primaryimage\"},\"thumbnailUrl\":\"https:\/\/chimiver.com\/wp-content\/uploads\/2022\/01\/ECOTRAFFIK-2K.jpg\",\"datePublished\":\"2022-01-21T11:15:09+00:00\",\"dateModified\":\"2026-01-26T14:06:42+00:00\",\"description\":\"D\u00e9couvrez ECOTRAFFIK 2K (A+B) . Vernis polyur\u00e9thane bi-composant \u00e0 l\u2019eau avec tr\u00e8s hautes r\u00e9sistances \u00e0 l\u2019abrasion pour parquet.\",\"breadcrumb\":{\"@id\":\"https:\/\/chimiver.com\/fr\/prodotto\/ecotraffik-2k-ab\/#breadcrumb\"},\"inLanguage\":\"fr-FR\",\"potentialAction\":[{\"@type\":\"ReadAction\",\"target\":[\"https:\/\/chimiver.com\/fr\/prodotto\/ecotraffik-2k-ab\/\"]}]},{\"@type\":\"ImageObject\",\"inLanguage\":\"fr-FR\",\"@id\":\"https:\/\/chimiver.com\/fr\/prodotto\/ecotraffik-2k-ab\/#primaryimage\",\"url\":\"https:\/\/chimiver.com\/wp-content\/uploads\/2022\/01\/ECOTRAFFIK-2K.jpg\",\"contentUrl\":\"https:\/\/chimiver.com\/wp-content\/uploads\/2022\/01\/ECOTRAFFIK-2K.jpg\",\"width\":640,\"height\":640,\"caption\":\"Ecotraffik 2K\"},{\"@type\":\"BreadcrumbList\",\"@id\":\"https:\/\/chimiver.com\/fr\/prodotto\/ecotraffik-2k-ab\/#breadcrumb\",\"itemListElement\":[{\"@type\":\"ListItem\",\"position\":1,\"name\":\"Home\",\"item\":\"https:\/\/chimiver.com\/fr\/\"},{\"@type\":\"ListItem\",\"position\":2,\"name\":\"Shop\",\"item\":\"https:\/\/chimiver.com\/?page_id=10\"},{\"@type\":\"ListItem\",\"position\":3,\"name\":\"ECOTRAFFIK 2K (A+B)\"}]},{\"@type\":\"WebSite\",\"@id\":\"https:\/\/chimiver.com\/fr\/#website\",\"url\":\"https:\/\/chimiver.com\/fr\/\",\"name\":\"Chimiver, Your floors partner\",\"description\":\"Your floors partner\",\"publisher\":{\"@id\":\"https:\/\/chimiver.com\/fr\/#organization\"},\"alternateName\":\"Chimiver\",\"potentialAction\":[{\"@type\":\"SearchAction\",\"target\":{\"@type\":\"EntryPoint\",\"urlTemplate\":\"https:\/\/chimiver.com\/fr\/?s={search_term_string}\"},\"query-input\":{\"@type\":\"PropertyValueSpecification\",\"valueRequired\":true,\"valueName\":\"search_term_string\"}}],\"inLanguage\":\"fr-FR\"},{\"@type\":\"Organization\",\"@id\":\"https:\/\/chimiver.com\/fr\/#organization\",\"name\":\"Chimiver\",\"url\":\"https:\/\/chimiver.com\/fr\/\",\"logo\":{\"@type\":\"ImageObject\",\"inLanguage\":\"fr-FR\",\"@id\":\"https:\/\/chimiver.com\/fr\/#\/schema\/logo\/image\/\",\"url\":\"https:\/\/chimiver.com\/wp-content\/uploads\/2022\/06\/Chimiver_500x500.jpg\",\"contentUrl\":\"https:\/\/chimiver.com\/wp-content\/uploads\/2022\/06\/Chimiver_500x500.jpg\",\"width\":500,\"height\":500,\"caption\":\"Chimiver\"},\"image\":{\"@id\":\"https:\/\/chimiver.com\/fr\/#\/schema\/logo\/image\/\"},\"sameAs\":[\"https:\/\/www.facebook.com\/chimiver\"]}]}<\/script>\n<!-- \/ Yoast SEO plugin. -->","yoast_head_json":{"title":"Vernis \u00e0 l\u2019eau pour parquet - ECOTRAFFIK 2K (A+B)","description":"D\u00e9couvrez ECOTRAFFIK 2K (A+B) . Vernis polyur\u00e9thane bi-composant \u00e0 l\u2019eau avec tr\u00e8s hautes r\u00e9sistances \u00e0 l\u2019abrasion pour parquet.","robots":{"index":"index","follow":"follow","max-snippet":"max-snippet:-1","max-image-preview":"max-image-preview:large","max-video-preview":"max-video-preview:-1"},"canonical":"https:\/\/chimiver.com\/fr\/prodotto\/ecotraffik-2k-ab\/","og_locale":"fr_FR","og_type":"article","og_title":"Vernis \u00e0 l\u2019eau pour parquet - ECOTRAFFIK 2K (A+B)","og_description":"D\u00e9couvrez ECOTRAFFIK 2K (A+B) . Vernis polyur\u00e9thane bi-composant \u00e0 l\u2019eau avec tr\u00e8s hautes r\u00e9sistances \u00e0 l\u2019abrasion pour parquet.","og_url":"https:\/\/chimiver.com\/fr\/prodotto\/ecotraffik-2k-ab\/","og_site_name":"Chimiver","article_publisher":"https:\/\/www.facebook.com\/chimiver","article_modified_time":"2026-01-26T14:06:42+00:00","og_image":[{"width":640,"height":640,"url":"https:\/\/chimiver.com\/wp-content\/uploads\/2022\/01\/ECOTRAFFIK-2K.jpg","type":"image\/jpeg"}],"twitter_card":"summary_large_image","twitter_misc":{"Dur\u00e9e de lecture estim\u00e9e":"1 minute"},"schema":{"@context":"https:\/\/schema.org","@graph":[{"@type":"WebPage","@id":"https:\/\/chimiver.com\/fr\/prodotto\/ecotraffik-2k-ab\/","url":"https:\/\/chimiver.com\/fr\/prodotto\/ecotraffik-2k-ab\/","name":"Vernis \u00e0 l\u2019eau pour parquet - ECOTRAFFIK 2K (A+B)","isPartOf":{"@id":"https:\/\/chimiver.com\/fr\/#website"},"primaryImageOfPage":{"@id":"https:\/\/chimiver.com\/fr\/prodotto\/ecotraffik-2k-ab\/#primaryimage"},"image":{"@id":"https:\/\/chimiver.com\/fr\/prodotto\/ecotraffik-2k-ab\/#primaryimage"},"thumbnailUrl":"https:\/\/chimiver.com\/wp-content\/uploads\/2022\/01\/ECOTRAFFIK-2K.jpg","datePublished":"2022-01-21T11:15:09+00:00","dateModified":"2026-01-26T14:06:42+00:00","description":"D\u00e9couvrez ECOTRAFFIK 2K (A+B) . Vernis polyur\u00e9thane bi-composant \u00e0 l\u2019eau avec tr\u00e8s hautes r\u00e9sistances \u00e0 l\u2019abrasion pour parquet.","breadcrumb":{"@id":"https:\/\/chimiver.com\/fr\/prodotto\/ecotraffik-2k-ab\/#breadcrumb"},"inLanguage":"fr-FR","potentialAction":[{"@type":"ReadAction","target":["https:\/\/chimiver.com\/fr\/prodotto\/ecotraffik-2k-ab\/"]}]},{"@type":"ImageObject","inLanguage":"fr-FR","@id":"https:\/\/chimiver.com\/fr\/prodotto\/ecotraffik-2k-ab\/#primaryimage","url":"https:\/\/chimiver.com\/wp-content\/uploads\/2022\/01\/ECOTRAFFIK-2K.jpg","contentUrl":"https:\/\/chimiver.com\/wp-content\/uploads\/2022\/01\/ECOTRAFFIK-2K.jpg","width":640,"height":640,"caption":"Ecotraffik 2K"},{"@type":"BreadcrumbList","@id":"https:\/\/chimiver.com\/fr\/prodotto\/ecotraffik-2k-ab\/#breadcrumb","itemListElement":[{"@type":"ListItem","position":1,"name":"Home","item":"https:\/\/chimiver.com\/fr\/"},{"@type":"ListItem","position":2,"name":"Shop","item":"https:\/\/chimiver.com\/?page_id=10"},{"@type":"ListItem","position":3,"name":"ECOTRAFFIK 2K (A+B)"}]},{"@type":"WebSite","@id":"https:\/\/chimiver.com\/fr\/#website","url":"https:\/\/chimiver.com\/fr\/","name":"Chimiver, Your floors partner","description":"Your floors partner","publisher":{"@id":"https:\/\/chimiver.com\/fr\/#organization"},"alternateName":"Chimiver","potentialAction":[{"@type":"SearchAction","target":{"@type":"EntryPoint","urlTemplate":"https:\/\/chimiver.com\/fr\/?s={search_term_string}"},"query-input":{"@type":"PropertyValueSpecification","valueRequired":true,"valueName":"search_term_string"}}],"inLanguage":"fr-FR"},{"@type":"Organization","@id":"https:\/\/chimiver.com\/fr\/#organization","name":"Chimiver","url":"https:\/\/chimiver.com\/fr\/","logo":{"@type":"ImageObject","inLanguage":"fr-FR","@id":"https:\/\/chimiver.com\/fr\/#\/schema\/logo\/image\/","url":"https:\/\/chimiver.com\/wp-content\/uploads\/2022\/06\/Chimiver_500x500.jpg","contentUrl":"https:\/\/chimiver.com\/wp-content\/uploads\/2022\/06\/Chimiver_500x500.jpg","width":500,"height":500,"caption":"Chimiver"},"image":{"@id":"https:\/\/chimiver.com\/fr\/#\/schema\/logo\/image\/"},"sameAs":["https:\/\/www.facebook.com\/chimiver"]}]}},"_links":{"self":[{"href":"https:\/\/chimiver.com\/fr\/wp-json\/wp\/v2\/product\/14088","targetHints":{"allow":["GET"]}}],"collection":[{"href":"https:\/\/chimiver.com\/fr\/wp-json\/wp\/v2\/product"}],"about":[{"href":"https:\/\/chimiver.com\/fr\/wp-json\/wp\/v2\/types\/product"}],"replies":[{"embeddable":true,"href":"https:\/\/chimiver.com\/fr\/wp-json\/wp\/v2\/comments?post=14088"}],"wp:featuredmedia":[{"embeddable":true,"href":"https:\/\/chimiver.com\/fr\/wp-json\/wp\/v2\/media\/8340"}],"wp:attachment":[{"href":"https:\/\/chimiver.com\/fr\/wp-json\/wp\/v2\/media?parent=14088"}],"wp:term":[{"taxonomy":"product_brand","embeddable":true,"href":"https:\/\/chimiver.com\/fr\/wp-json\/wp\/v2\/product_brand?post=14088"},{"taxonomy":"product_cat","embeddable":true,"href":"https:\/\/chimiver.com\/fr\/wp-json\/wp\/v2\/product_cat?post=14088"},{"taxonomy":"product_tag","embeddable":true,"href":"https:\/\/chimiver.com\/fr\/wp-json\/wp\/v2\/product_tag?post=14088"}],"curies":[{"name":"wp","href":"https:\/\/api.w.org\/{rel}","templated":true}]}}