{"id":14122,"date":"2022-01-21T12:15:09","date_gmt":"2022-01-21T11:15:09","guid":{"rendered":"https:\/\/chimiver.com\/prodotto\/ecowood-2k-ab\/"},"modified":"2023-05-23T16:17:06","modified_gmt":"2023-05-23T14:17:06","slug":"ecowood-2k-ab","status":"publish","type":"product","link":"https:\/\/chimiver.com\/fr\/prodotto\/ecowood-2k-ab\/","title":{"rendered":"ECOWOOD 2K (A+B)"},"content":{"rendered":"<p>Vernis polyur\u00e9thane bi-composant \u00e0 l\u2019eau avec un effet bois naturel. L\u2019utilisation de r\u00e9sines sp\u00e9ciales donne au parquet en ch\u00eane un aspect extr\u00eamement mat, naturel et antireflet. Grace \u00e0 sa sp\u00e9ciale formulation ECOWOOD 2K est \u00e9galement adapte sur bois fonc\u00e9. Est un produit avec des excellent r\u00e9sistances chimique et physique donc sugg\u00e9r\u00e9 pour le traitement de parquet dans les locaux commerciaux ou partout o\u00f9 une haute r\u00e9sistance \u00e0 l\u2019usure est n\u00e9cessaire.<\/p>\n","protected":false},"excerpt":{"rendered":"Vernis polyur\u00e9thane bi-composant \u00e0 l\u2019eau pour parquet, effet bois naturel antireflet\r\n","protected":false},"featured_media":8164,"comment_status":"open","ping_status":"closed","template":"","meta":{"_acf_changed":false,"inline_featured_image":false},"product_brand":[],"product_cat":[739,750,752],"product_tag":[],"class_list":{"0":"post-14122","1":"product","2":"type-product","3":"status-publish","4":"has-post-thumbnail","6":"product_cat-parquet-fr","7":"product_cat-appliquer-la-finition","8":"product_cat-vernis-a-leau-bi-composants","10":"first","11":"instock","12":"shipping-taxable","13":"product-type-simple","14":"add-to-wishlist-after_add_to_cart"},"acf":[],"yoast_head":"<!-- This site is optimized with the Yoast SEO plugin v26.2 - https:\/\/yoast.com\/wordpress\/plugins\/seo\/ -->\n<title>ECOWOOD 2K (A+B) - Chimiver PARQUET, Appliquer la finition, Vernis \u00e0 l&#039;eau bi-composants<\/title>\n<meta name=\"description\" content=\"Scopri ECOWOOD 2K (A+B) PARQUET, Appliquer la finition, Vernis \u00e0 l&#039;eau bi-composants. Dal 1965 Chimiver \u00e8 leader nel mercato dei prodotti per incollaggio, trattamento e manutenzione dei pavimenti.\" \/>\n<meta name=\"robots\" content=\"index, follow, max-snippet:-1, max-image-preview:large, max-video-preview:-1\" \/>\n<link rel=\"canonical\" href=\"https:\/\/chimiver.com\/fr\/prodotto\/ecowood-2k-ab\/\" \/>\n<meta property=\"og:locale\" content=\"fr_FR\" \/>\n<meta property=\"og:type\" content=\"article\" \/>\n<meta property=\"og:title\" content=\"ECOWOOD 2K (A+B) - Chimiver PARQUET, Appliquer la finition, Vernis \u00e0 l&#039;eau bi-composants\" \/>\n<meta property=\"og:description\" content=\"Scopri ECOWOOD 2K (A+B) PARQUET, Appliquer la finition, Vernis \u00e0 l&#039;eau bi-composants. Dal 1965 Chimiver \u00e8 leader nel mercato dei prodotti per incollaggio, trattamento e manutenzione dei pavimenti.\" \/>\n<meta property=\"og:url\" content=\"https:\/\/chimiver.com\/fr\/prodotto\/ecowood-2k-ab\/\" \/>\n<meta property=\"og:site_name\" content=\"Chimiver\" \/>\n<meta property=\"article:publisher\" content=\"https:\/\/www.facebook.com\/chimiver\" \/>\n<meta property=\"article:modified_time\" content=\"2023-05-23T14:17:06+00:00\" \/>\n<meta property=\"og:image\" content=\"https:\/\/chimiver.com\/wp-content\/uploads\/2022\/01\/32_22590.jpg\" \/>\n\t<meta property=\"og:image:width\" content=\"640\" \/>\n\t<meta property=\"og:image:height\" content=\"640\" \/>\n\t<meta property=\"og:image:type\" content=\"image\/jpeg\" \/>\n<meta name=\"twitter:card\" content=\"summary_large_image\" \/>\n<meta name=\"twitter:label1\" content=\"Dur\u00e9e de lecture estim\u00e9e\" \/>\n\t<meta name=\"twitter:data1\" content=\"1 minute\" \/>\n<script type=\"application\/ld+json\" class=\"yoast-schema-graph\">{\"@context\":\"https:\/\/schema.org\",\"@graph\":[{\"@type\":\"WebPage\",\"@id\":\"https:\/\/chimiver.com\/fr\/prodotto\/ecowood-2k-ab\/\",\"url\":\"https:\/\/chimiver.com\/fr\/prodotto\/ecowood-2k-ab\/\",\"name\":\"ECOWOOD 2K (A+B) - Chimiver PARQUET, Appliquer la finition, Vernis \u00e0 l'eau bi-composants\",\"isPartOf\":{\"@id\":\"https:\/\/chimiver.com\/fr\/#website\"},\"primaryImageOfPage\":{\"@id\":\"https:\/\/chimiver.com\/fr\/prodotto\/ecowood-2k-ab\/#primaryimage\"},\"image\":{\"@id\":\"https:\/\/chimiver.com\/fr\/prodotto\/ecowood-2k-ab\/#primaryimage\"},\"thumbnailUrl\":\"https:\/\/chimiver.com\/wp-content\/uploads\/2022\/01\/32_22590.jpg\",\"datePublished\":\"2022-01-21T11:15:09+00:00\",\"dateModified\":\"2023-05-23T14:17:06+00:00\",\"description\":\"Scopri ECOWOOD 2K (A+B) PARQUET, Appliquer la finition, Vernis \u00e0 l'eau bi-composants. Dal 1965 Chimiver \u00e8 leader nel mercato dei prodotti per incollaggio, trattamento e manutenzione dei pavimenti.\",\"breadcrumb\":{\"@id\":\"https:\/\/chimiver.com\/fr\/prodotto\/ecowood-2k-ab\/#breadcrumb\"},\"inLanguage\":\"fr-FR\",\"potentialAction\":[{\"@type\":\"ReadAction\",\"target\":[\"https:\/\/chimiver.com\/fr\/prodotto\/ecowood-2k-ab\/\"]}]},{\"@type\":\"ImageObject\",\"inLanguage\":\"fr-FR\",\"@id\":\"https:\/\/chimiver.com\/fr\/prodotto\/ecowood-2k-ab\/#primaryimage\",\"url\":\"https:\/\/chimiver.com\/wp-content\/uploads\/2022\/01\/32_22590.jpg\",\"contentUrl\":\"https:\/\/chimiver.com\/wp-content\/uploads\/2022\/01\/32_22590.jpg\",\"width\":640,\"height\":640,\"caption\":\"Ecowood 2K_A&B\"},{\"@type\":\"BreadcrumbList\",\"@id\":\"https:\/\/chimiver.com\/fr\/prodotto\/ecowood-2k-ab\/#breadcrumb\",\"itemListElement\":[{\"@type\":\"ListItem\",\"position\":1,\"name\":\"Home\",\"item\":\"https:\/\/chimiver.com\/fr\/\"},{\"@type\":\"ListItem\",\"position\":2,\"name\":\"Shop\",\"item\":\"https:\/\/chimiver.com\/?page_id=10\"},{\"@type\":\"ListItem\",\"position\":3,\"name\":\"ECOWOOD 2K (A+B)\"}]},{\"@type\":\"WebSite\",\"@id\":\"https:\/\/chimiver.com\/fr\/#website\",\"url\":\"https:\/\/chimiver.com\/fr\/\",\"name\":\"Chimiver, Your floors partner\",\"description\":\"Your floors partner\",\"publisher\":{\"@id\":\"https:\/\/chimiver.com\/fr\/#organization\"},\"alternateName\":\"Chimiver\",\"potentialAction\":[{\"@type\":\"SearchAction\",\"target\":{\"@type\":\"EntryPoint\",\"urlTemplate\":\"https:\/\/chimiver.com\/fr\/?s={search_term_string}\"},\"query-input\":{\"@type\":\"PropertyValueSpecification\",\"valueRequired\":true,\"valueName\":\"search_term_string\"}}],\"inLanguage\":\"fr-FR\"},{\"@type\":\"Organization\",\"@id\":\"https:\/\/chimiver.com\/fr\/#organization\",\"name\":\"Chimiver\",\"url\":\"https:\/\/chimiver.com\/fr\/\",\"logo\":{\"@type\":\"ImageObject\",\"inLanguage\":\"fr-FR\",\"@id\":\"https:\/\/chimiver.com\/fr\/#\/schema\/logo\/image\/\",\"url\":\"https:\/\/chimiver.com\/wp-content\/uploads\/2022\/06\/Chimiver_500x500.jpg\",\"contentUrl\":\"https:\/\/chimiver.com\/wp-content\/uploads\/2022\/06\/Chimiver_500x500.jpg\",\"width\":500,\"height\":500,\"caption\":\"Chimiver\"},\"image\":{\"@id\":\"https:\/\/chimiver.com\/fr\/#\/schema\/logo\/image\/\"},\"sameAs\":[\"https:\/\/www.facebook.com\/chimiver\"]}]}<\/script>\n<!-- \/ Yoast SEO plugin. -->","yoast_head_json":{"title":"ECOWOOD 2K (A+B) - Chimiver PARQUET, Appliquer la finition, Vernis \u00e0 l'eau bi-composants","description":"Scopri ECOWOOD 2K (A+B) PARQUET, Appliquer la finition, Vernis \u00e0 l'eau bi-composants. Dal 1965 Chimiver \u00e8 leader nel mercato dei prodotti per incollaggio, trattamento e manutenzione dei pavimenti.","robots":{"index":"index","follow":"follow","max-snippet":"max-snippet:-1","max-image-preview":"max-image-preview:large","max-video-preview":"max-video-preview:-1"},"canonical":"https:\/\/chimiver.com\/fr\/prodotto\/ecowood-2k-ab\/","og_locale":"fr_FR","og_type":"article","og_title":"ECOWOOD 2K (A+B) - Chimiver PARQUET, Appliquer la finition, Vernis \u00e0 l'eau bi-composants","og_description":"Scopri ECOWOOD 2K (A+B) PARQUET, Appliquer la finition, Vernis \u00e0 l'eau bi-composants. Dal 1965 Chimiver \u00e8 leader nel mercato dei prodotti per incollaggio, trattamento e manutenzione dei pavimenti.","og_url":"https:\/\/chimiver.com\/fr\/prodotto\/ecowood-2k-ab\/","og_site_name":"Chimiver","article_publisher":"https:\/\/www.facebook.com\/chimiver","article_modified_time":"2023-05-23T14:17:06+00:00","og_image":[{"width":640,"height":640,"url":"https:\/\/chimiver.com\/wp-content\/uploads\/2022\/01\/32_22590.jpg","type":"image\/jpeg"}],"twitter_card":"summary_large_image","twitter_misc":{"Dur\u00e9e de lecture estim\u00e9e":"1 minute"},"schema":{"@context":"https:\/\/schema.org","@graph":[{"@type":"WebPage","@id":"https:\/\/chimiver.com\/fr\/prodotto\/ecowood-2k-ab\/","url":"https:\/\/chimiver.com\/fr\/prodotto\/ecowood-2k-ab\/","name":"ECOWOOD 2K (A+B) - Chimiver PARQUET, Appliquer la finition, Vernis \u00e0 l'eau bi-composants","isPartOf":{"@id":"https:\/\/chimiver.com\/fr\/#website"},"primaryImageOfPage":{"@id":"https:\/\/chimiver.com\/fr\/prodotto\/ecowood-2k-ab\/#primaryimage"},"image":{"@id":"https:\/\/chimiver.com\/fr\/prodotto\/ecowood-2k-ab\/#primaryimage"},"thumbnailUrl":"https:\/\/chimiver.com\/wp-content\/uploads\/2022\/01\/32_22590.jpg","datePublished":"2022-01-21T11:15:09+00:00","dateModified":"2023-05-23T14:17:06+00:00","description":"Scopri ECOWOOD 2K (A+B) PARQUET, Appliquer la finition, Vernis \u00e0 l'eau bi-composants. Dal 1965 Chimiver \u00e8 leader nel mercato dei prodotti per incollaggio, trattamento e manutenzione dei pavimenti.","breadcrumb":{"@id":"https:\/\/chimiver.com\/fr\/prodotto\/ecowood-2k-ab\/#breadcrumb"},"inLanguage":"fr-FR","potentialAction":[{"@type":"ReadAction","target":["https:\/\/chimiver.com\/fr\/prodotto\/ecowood-2k-ab\/"]}]},{"@type":"ImageObject","inLanguage":"fr-FR","@id":"https:\/\/chimiver.com\/fr\/prodotto\/ecowood-2k-ab\/#primaryimage","url":"https:\/\/chimiver.com\/wp-content\/uploads\/2022\/01\/32_22590.jpg","contentUrl":"https:\/\/chimiver.com\/wp-content\/uploads\/2022\/01\/32_22590.jpg","width":640,"height":640,"caption":"Ecowood 2K_A&B"},{"@type":"BreadcrumbList","@id":"https:\/\/chimiver.com\/fr\/prodotto\/ecowood-2k-ab\/#breadcrumb","itemListElement":[{"@type":"ListItem","position":1,"name":"Home","item":"https:\/\/chimiver.com\/fr\/"},{"@type":"ListItem","position":2,"name":"Shop","item":"https:\/\/chimiver.com\/?page_id=10"},{"@type":"ListItem","position":3,"name":"ECOWOOD 2K (A+B)"}]},{"@type":"WebSite","@id":"https:\/\/chimiver.com\/fr\/#website","url":"https:\/\/chimiver.com\/fr\/","name":"Chimiver, Your floors partner","description":"Your floors partner","publisher":{"@id":"https:\/\/chimiver.com\/fr\/#organization"},"alternateName":"Chimiver","potentialAction":[{"@type":"SearchAction","target":{"@type":"EntryPoint","urlTemplate":"https:\/\/chimiver.com\/fr\/?s={search_term_string}"},"query-input":{"@type":"PropertyValueSpecification","valueRequired":true,"valueName":"search_term_string"}}],"inLanguage":"fr-FR"},{"@type":"Organization","@id":"https:\/\/chimiver.com\/fr\/#organization","name":"Chimiver","url":"https:\/\/chimiver.com\/fr\/","logo":{"@type":"ImageObject","inLanguage":"fr-FR","@id":"https:\/\/chimiver.com\/fr\/#\/schema\/logo\/image\/","url":"https:\/\/chimiver.com\/wp-content\/uploads\/2022\/06\/Chimiver_500x500.jpg","contentUrl":"https:\/\/chimiver.com\/wp-content\/uploads\/2022\/06\/Chimiver_500x500.jpg","width":500,"height":500,"caption":"Chimiver"},"image":{"@id":"https:\/\/chimiver.com\/fr\/#\/schema\/logo\/image\/"},"sameAs":["https:\/\/www.facebook.com\/chimiver"]}]}},"_links":{"self":[{"href":"https:\/\/chimiver.com\/fr\/wp-json\/wp\/v2\/product\/14122","targetHints":{"allow":["GET"]}}],"collection":[{"href":"https:\/\/chimiver.com\/fr\/wp-json\/wp\/v2\/product"}],"about":[{"href":"https:\/\/chimiver.com\/fr\/wp-json\/wp\/v2\/types\/product"}],"replies":[{"embeddable":true,"href":"https:\/\/chimiver.com\/fr\/wp-json\/wp\/v2\/comments?post=14122"}],"wp:featuredmedia":[{"embeddable":true,"href":"https:\/\/chimiver.com\/fr\/wp-json\/wp\/v2\/media\/8164"}],"wp:attachment":[{"href":"https:\/\/chimiver.com\/fr\/wp-json\/wp\/v2\/media?parent=14122"}],"wp:term":[{"taxonomy":"product_brand","embeddable":true,"href":"https:\/\/chimiver.com\/fr\/wp-json\/wp\/v2\/product_brand?post=14122"},{"taxonomy":"product_cat","embeddable":true,"href":"https:\/\/chimiver.com\/fr\/wp-json\/wp\/v2\/product_cat?post=14122"},{"taxonomy":"product_tag","embeddable":true,"href":"https:\/\/chimiver.com\/fr\/wp-json\/wp\/v2\/product_tag?post=14122"}],"curies":[{"name":"wp","href":"https:\/\/api.w.org\/{rel}","templated":true}]}}