{"id":14321,"date":"2022-01-21T12:14:47","date_gmt":"2022-01-21T11:14:47","guid":{"rendered":"https:\/\/chimiver.com\/prodotto\/additivo-saniplus-addi19s\/"},"modified":"2026-01-26T15:44:51","modified_gmt":"2026-01-26T14:44:51","slug":"additivo-saniplus-addi19s","status":"publish","type":"product","link":"https:\/\/chimiver.com\/fr\/prodotto\/additivo-saniplus-addi19s\/","title":{"rendered":"ADDITIVO SANIPLUS -ADDI19S-"},"content":{"rendered":"<p>Additifs sp\u00e9ciaux, \u00e0 base d\u2019ions argent, qui ajout\u00e9s aux vernis UV au solvant, cr\u00e9ent une barri\u00e8re m\u00e9canique avec une action assainissant. L\u2019ajout de cet additif maintient toutes les caract\u00e9ristiques de la vernis elle-m\u00eame (duret\u00e9, brillance, viscosit\u00e9, r\u00e9sistance chimique et m\u00e9canique, etc.).<\/p>\n","protected":false},"excerpt":{"rendered":"Additif assainissant pour vernis uv au solvant","protected":false},"featured_media":8134,"comment_status":"open","ping_status":"closed","template":"","meta":{"_acf_changed":false,"inline_featured_image":false},"product_brand":[],"product_cat":[754,753,766,767,770],"product_tag":[],"class_list":{"0":"post-14321","1":"product","2":"type-product","3":"status-publish","4":"has-post-thumbnail","6":"product_cat-vernis-a-base-de-solvant-bicomposant","7":"product_cat-vernis-a-base-de-solvant-monocomposant","8":"product_cat-resine-et-beton-cire","9":"product_cat-traitement-et-vernissage-des-resines-et-beton-cire","10":"product_cat-vernis-a-base-de-solvant","12":"first","13":"instock","14":"shipping-taxable","15":"product-type-simple","16":"add-to-wishlist-after_add_to_cart"},"acf":[],"yoast_head":"<!-- This site is optimized with the Yoast SEO plugin v26.2 - https:\/\/yoast.com\/wordpress\/plugins\/seo\/ -->\n<title>ADDITIVO SANIPLUS -ADDI19S- Chimiver Vernis \u00e0 base de solvant bicomposant, Vernis \u00e0 base de solvant monocomposant, R\u00c9SINE ET BETON CIRE, Traitement et vernissage des r\u00e9sines et beton cire, Vernis \u00e0 base de solvant<\/title>\n<meta name=\"description\" content=\"Scopri ADDITIVO SANIPLUS -ADDI19S- Vernis \u00e0 base de solvant bicomposant, Vernis \u00e0 base de solvant monocomposant, R\u00c9SINE ET BETON CIRE, Traitement et vernissage des r\u00e9sines et beton cire, Vernis \u00e0 base de solvant. Dal 1965 Chimiver \u00e8 leader nel mercato dei prodotti per incollaggio, trattamento e manutenzione dei pavimenti.\" \/>\n<meta name=\"robots\" content=\"index, follow, max-snippet:-1, max-image-preview:large, max-video-preview:-1\" \/>\n<link rel=\"canonical\" href=\"https:\/\/chimiver.com\/fr\/prodotto\/additivo-saniplus-addi19s\/\" \/>\n<meta property=\"og:locale\" content=\"fr_FR\" \/>\n<meta property=\"og:type\" content=\"article\" \/>\n<meta property=\"og:title\" content=\"ADDITIVO SANIPLUS -ADDI19S- Chimiver Vernis \u00e0 base de solvant bicomposant, Vernis \u00e0 base de solvant monocomposant, R\u00c9SINE ET BETON CIRE, Traitement et vernissage des r\u00e9sines et beton cire, Vernis \u00e0 base de solvant\" \/>\n<meta property=\"og:description\" content=\"Scopri ADDITIVO SANIPLUS -ADDI19S- Vernis \u00e0 base de solvant bicomposant, Vernis \u00e0 base de solvant monocomposant, R\u00c9SINE ET BETON CIRE, Traitement et vernissage des r\u00e9sines et beton cire, Vernis \u00e0 base de solvant. Dal 1965 Chimiver \u00e8 leader nel mercato dei prodotti per incollaggio, trattamento e manutenzione dei pavimenti.\" \/>\n<meta property=\"og:url\" content=\"https:\/\/chimiver.com\/fr\/prodotto\/additivo-saniplus-addi19s\/\" \/>\n<meta property=\"og:site_name\" content=\"Chimiver\" \/>\n<meta property=\"article:publisher\" content=\"https:\/\/www.facebook.com\/chimiver\" \/>\n<meta property=\"article:modified_time\" content=\"2026-01-26T14:44:51+00:00\" \/>\n<meta property=\"og:image\" content=\"https:\/\/chimiver.com\/wp-content\/uploads\/2022\/01\/330_1aa99.jpg\" \/>\n\t<meta property=\"og:image:width\" content=\"640\" \/>\n\t<meta property=\"og:image:height\" content=\"640\" \/>\n\t<meta property=\"og:image:type\" content=\"image\/jpeg\" \/>\n<meta name=\"twitter:card\" content=\"summary_large_image\" \/>\n<meta name=\"twitter:label1\" content=\"Dur\u00e9e de lecture estim\u00e9e\" \/>\n\t<meta name=\"twitter:data1\" content=\"1 minute\" \/>\n<script type=\"application\/ld+json\" class=\"yoast-schema-graph\">{\"@context\":\"https:\/\/schema.org\",\"@graph\":[{\"@type\":\"WebPage\",\"@id\":\"https:\/\/chimiver.com\/fr\/prodotto\/additivo-saniplus-addi19s\/\",\"url\":\"https:\/\/chimiver.com\/fr\/prodotto\/additivo-saniplus-addi19s\/\",\"name\":\"ADDITIVO SANIPLUS -ADDI19S- Chimiver Vernis \u00e0 base de solvant bicomposant, Vernis \u00e0 base de solvant monocomposant, R\u00c9SINE ET BETON CIRE, Traitement et vernissage des r\u00e9sines et beton cire, Vernis \u00e0 base de solvant\",\"isPartOf\":{\"@id\":\"https:\/\/chimiver.com\/fr\/#website\"},\"primaryImageOfPage\":{\"@id\":\"https:\/\/chimiver.com\/fr\/prodotto\/additivo-saniplus-addi19s\/#primaryimage\"},\"image\":{\"@id\":\"https:\/\/chimiver.com\/fr\/prodotto\/additivo-saniplus-addi19s\/#primaryimage\"},\"thumbnailUrl\":\"https:\/\/chimiver.com\/wp-content\/uploads\/2022\/01\/330_1aa99.jpg\",\"datePublished\":\"2022-01-21T11:14:47+00:00\",\"dateModified\":\"2026-01-26T14:44:51+00:00\",\"description\":\"Scopri ADDITIVO SANIPLUS -ADDI19S- Vernis \u00e0 base de solvant bicomposant, Vernis \u00e0 base de solvant monocomposant, R\u00c9SINE ET BETON CIRE, Traitement et vernissage des r\u00e9sines et beton cire, Vernis \u00e0 base de solvant. Dal 1965 Chimiver \u00e8 leader nel mercato dei prodotti per incollaggio, trattamento e manutenzione dei pavimenti.\",\"breadcrumb\":{\"@id\":\"https:\/\/chimiver.com\/fr\/prodotto\/additivo-saniplus-addi19s\/#breadcrumb\"},\"inLanguage\":\"fr-FR\",\"potentialAction\":[{\"@type\":\"ReadAction\",\"target\":[\"https:\/\/chimiver.com\/fr\/prodotto\/additivo-saniplus-addi19s\/\"]}]},{\"@type\":\"ImageObject\",\"inLanguage\":\"fr-FR\",\"@id\":\"https:\/\/chimiver.com\/fr\/prodotto\/additivo-saniplus-addi19s\/#primaryimage\",\"url\":\"https:\/\/chimiver.com\/wp-content\/uploads\/2022\/01\/330_1aa99.jpg\",\"contentUrl\":\"https:\/\/chimiver.com\/wp-content\/uploads\/2022\/01\/330_1aa99.jpg\",\"width\":640,\"height\":640,\"caption\":\"Additivo Saniplus -ADDI19S-\"},{\"@type\":\"BreadcrumbList\",\"@id\":\"https:\/\/chimiver.com\/fr\/prodotto\/additivo-saniplus-addi19s\/#breadcrumb\",\"itemListElement\":[{\"@type\":\"ListItem\",\"position\":1,\"name\":\"Home\",\"item\":\"https:\/\/chimiver.com\/fr\/\"},{\"@type\":\"ListItem\",\"position\":2,\"name\":\"Shop\",\"item\":\"https:\/\/chimiver.com\/?page_id=10\"},{\"@type\":\"ListItem\",\"position\":3,\"name\":\"ADDITIVO SANIPLUS -ADDI19S-\"}]},{\"@type\":\"WebSite\",\"@id\":\"https:\/\/chimiver.com\/fr\/#website\",\"url\":\"https:\/\/chimiver.com\/fr\/\",\"name\":\"Chimiver, Your floors partner\",\"description\":\"Your floors partner\",\"publisher\":{\"@id\":\"https:\/\/chimiver.com\/fr\/#organization\"},\"alternateName\":\"Chimiver\",\"potentialAction\":[{\"@type\":\"SearchAction\",\"target\":{\"@type\":\"EntryPoint\",\"urlTemplate\":\"https:\/\/chimiver.com\/fr\/?s={search_term_string}\"},\"query-input\":{\"@type\":\"PropertyValueSpecification\",\"valueRequired\":true,\"valueName\":\"search_term_string\"}}],\"inLanguage\":\"fr-FR\"},{\"@type\":\"Organization\",\"@id\":\"https:\/\/chimiver.com\/fr\/#organization\",\"name\":\"Chimiver\",\"url\":\"https:\/\/chimiver.com\/fr\/\",\"logo\":{\"@type\":\"ImageObject\",\"inLanguage\":\"fr-FR\",\"@id\":\"https:\/\/chimiver.com\/fr\/#\/schema\/logo\/image\/\",\"url\":\"https:\/\/chimiver.com\/wp-content\/uploads\/2022\/06\/Chimiver_500x500.jpg\",\"contentUrl\":\"https:\/\/chimiver.com\/wp-content\/uploads\/2022\/06\/Chimiver_500x500.jpg\",\"width\":500,\"height\":500,\"caption\":\"Chimiver\"},\"image\":{\"@id\":\"https:\/\/chimiver.com\/fr\/#\/schema\/logo\/image\/\"},\"sameAs\":[\"https:\/\/www.facebook.com\/chimiver\"]}]}<\/script>\n<!-- \/ Yoast SEO plugin. -->","yoast_head_json":{"title":"ADDITIVO SANIPLUS -ADDI19S- Chimiver Vernis \u00e0 base de solvant bicomposant, Vernis \u00e0 base de solvant monocomposant, R\u00c9SINE ET BETON CIRE, Traitement et vernissage des r\u00e9sines et beton cire, Vernis \u00e0 base de solvant","description":"Scopri ADDITIVO SANIPLUS -ADDI19S- Vernis \u00e0 base de solvant bicomposant, Vernis \u00e0 base de solvant monocomposant, R\u00c9SINE ET BETON CIRE, Traitement et vernissage des r\u00e9sines et beton cire, Vernis \u00e0 base de solvant. Dal 1965 Chimiver \u00e8 leader nel mercato dei prodotti per incollaggio, trattamento e manutenzione dei pavimenti.","robots":{"index":"index","follow":"follow","max-snippet":"max-snippet:-1","max-image-preview":"max-image-preview:large","max-video-preview":"max-video-preview:-1"},"canonical":"https:\/\/chimiver.com\/fr\/prodotto\/additivo-saniplus-addi19s\/","og_locale":"fr_FR","og_type":"article","og_title":"ADDITIVO SANIPLUS -ADDI19S- Chimiver Vernis \u00e0 base de solvant bicomposant, Vernis \u00e0 base de solvant monocomposant, R\u00c9SINE ET BETON CIRE, Traitement et vernissage des r\u00e9sines et beton cire, Vernis \u00e0 base de solvant","og_description":"Scopri ADDITIVO SANIPLUS -ADDI19S- Vernis \u00e0 base de solvant bicomposant, Vernis \u00e0 base de solvant monocomposant, R\u00c9SINE ET BETON CIRE, Traitement et vernissage des r\u00e9sines et beton cire, Vernis \u00e0 base de solvant. Dal 1965 Chimiver \u00e8 leader nel mercato dei prodotti per incollaggio, trattamento e manutenzione dei pavimenti.","og_url":"https:\/\/chimiver.com\/fr\/prodotto\/additivo-saniplus-addi19s\/","og_site_name":"Chimiver","article_publisher":"https:\/\/www.facebook.com\/chimiver","article_modified_time":"2026-01-26T14:44:51+00:00","og_image":[{"width":640,"height":640,"url":"https:\/\/chimiver.com\/wp-content\/uploads\/2022\/01\/330_1aa99.jpg","type":"image\/jpeg"}],"twitter_card":"summary_large_image","twitter_misc":{"Dur\u00e9e de lecture estim\u00e9e":"1 minute"},"schema":{"@context":"https:\/\/schema.org","@graph":[{"@type":"WebPage","@id":"https:\/\/chimiver.com\/fr\/prodotto\/additivo-saniplus-addi19s\/","url":"https:\/\/chimiver.com\/fr\/prodotto\/additivo-saniplus-addi19s\/","name":"ADDITIVO SANIPLUS -ADDI19S- Chimiver Vernis \u00e0 base de solvant bicomposant, Vernis \u00e0 base de solvant monocomposant, R\u00c9SINE ET BETON CIRE, Traitement et vernissage des r\u00e9sines et beton cire, Vernis \u00e0 base de solvant","isPartOf":{"@id":"https:\/\/chimiver.com\/fr\/#website"},"primaryImageOfPage":{"@id":"https:\/\/chimiver.com\/fr\/prodotto\/additivo-saniplus-addi19s\/#primaryimage"},"image":{"@id":"https:\/\/chimiver.com\/fr\/prodotto\/additivo-saniplus-addi19s\/#primaryimage"},"thumbnailUrl":"https:\/\/chimiver.com\/wp-content\/uploads\/2022\/01\/330_1aa99.jpg","datePublished":"2022-01-21T11:14:47+00:00","dateModified":"2026-01-26T14:44:51+00:00","description":"Scopri ADDITIVO SANIPLUS -ADDI19S- Vernis \u00e0 base de solvant bicomposant, Vernis \u00e0 base de solvant monocomposant, R\u00c9SINE ET BETON CIRE, Traitement et vernissage des r\u00e9sines et beton cire, Vernis \u00e0 base de solvant. Dal 1965 Chimiver \u00e8 leader nel mercato dei prodotti per incollaggio, trattamento e manutenzione dei pavimenti.","breadcrumb":{"@id":"https:\/\/chimiver.com\/fr\/prodotto\/additivo-saniplus-addi19s\/#breadcrumb"},"inLanguage":"fr-FR","potentialAction":[{"@type":"ReadAction","target":["https:\/\/chimiver.com\/fr\/prodotto\/additivo-saniplus-addi19s\/"]}]},{"@type":"ImageObject","inLanguage":"fr-FR","@id":"https:\/\/chimiver.com\/fr\/prodotto\/additivo-saniplus-addi19s\/#primaryimage","url":"https:\/\/chimiver.com\/wp-content\/uploads\/2022\/01\/330_1aa99.jpg","contentUrl":"https:\/\/chimiver.com\/wp-content\/uploads\/2022\/01\/330_1aa99.jpg","width":640,"height":640,"caption":"Additivo Saniplus -ADDI19S-"},{"@type":"BreadcrumbList","@id":"https:\/\/chimiver.com\/fr\/prodotto\/additivo-saniplus-addi19s\/#breadcrumb","itemListElement":[{"@type":"ListItem","position":1,"name":"Home","item":"https:\/\/chimiver.com\/fr\/"},{"@type":"ListItem","position":2,"name":"Shop","item":"https:\/\/chimiver.com\/?page_id=10"},{"@type":"ListItem","position":3,"name":"ADDITIVO SANIPLUS -ADDI19S-"}]},{"@type":"WebSite","@id":"https:\/\/chimiver.com\/fr\/#website","url":"https:\/\/chimiver.com\/fr\/","name":"Chimiver, Your floors partner","description":"Your floors partner","publisher":{"@id":"https:\/\/chimiver.com\/fr\/#organization"},"alternateName":"Chimiver","potentialAction":[{"@type":"SearchAction","target":{"@type":"EntryPoint","urlTemplate":"https:\/\/chimiver.com\/fr\/?s={search_term_string}"},"query-input":{"@type":"PropertyValueSpecification","valueRequired":true,"valueName":"search_term_string"}}],"inLanguage":"fr-FR"},{"@type":"Organization","@id":"https:\/\/chimiver.com\/fr\/#organization","name":"Chimiver","url":"https:\/\/chimiver.com\/fr\/","logo":{"@type":"ImageObject","inLanguage":"fr-FR","@id":"https:\/\/chimiver.com\/fr\/#\/schema\/logo\/image\/","url":"https:\/\/chimiver.com\/wp-content\/uploads\/2022\/06\/Chimiver_500x500.jpg","contentUrl":"https:\/\/chimiver.com\/wp-content\/uploads\/2022\/06\/Chimiver_500x500.jpg","width":500,"height":500,"caption":"Chimiver"},"image":{"@id":"https:\/\/chimiver.com\/fr\/#\/schema\/logo\/image\/"},"sameAs":["https:\/\/www.facebook.com\/chimiver"]}]}},"_links":{"self":[{"href":"https:\/\/chimiver.com\/fr\/wp-json\/wp\/v2\/product\/14321","targetHints":{"allow":["GET"]}}],"collection":[{"href":"https:\/\/chimiver.com\/fr\/wp-json\/wp\/v2\/product"}],"about":[{"href":"https:\/\/chimiver.com\/fr\/wp-json\/wp\/v2\/types\/product"}],"replies":[{"embeddable":true,"href":"https:\/\/chimiver.com\/fr\/wp-json\/wp\/v2\/comments?post=14321"}],"wp:featuredmedia":[{"embeddable":true,"href":"https:\/\/chimiver.com\/fr\/wp-json\/wp\/v2\/media\/8134"}],"wp:attachment":[{"href":"https:\/\/chimiver.com\/fr\/wp-json\/wp\/v2\/media?parent=14321"}],"wp:term":[{"taxonomy":"product_brand","embeddable":true,"href":"https:\/\/chimiver.com\/fr\/wp-json\/wp\/v2\/product_brand?post=14321"},{"taxonomy":"product_cat","embeddable":true,"href":"https:\/\/chimiver.com\/fr\/wp-json\/wp\/v2\/product_cat?post=14321"},{"taxonomy":"product_tag","embeddable":true,"href":"https:\/\/chimiver.com\/fr\/wp-json\/wp\/v2\/product_tag?post=14321"}],"curies":[{"name":"wp","href":"https:\/\/api.w.org\/{rel}","templated":true}]}}