{"id":14486,"date":"2022-11-03T08:47:31","date_gmt":"2022-11-03T07:47:31","guid":{"rendered":"https:\/\/chimiver.com\/prodotto\/oil-bee\/"},"modified":"2023-06-08T15:13:53","modified_gmt":"2023-06-08T13:13:53","slug":"oil-bee","status":"publish","type":"product","link":"https:\/\/chimiver.com\/fr\/prodotto\/oil-bee\/","title":{"rendered":"OIL BEE"},"content":{"rendered":"<p>Produit \u00e0 base d&rsquo;huiles v\u00e9g\u00e9tales et synth\u00e9tiques et de cire d&rsquo;abeille, qui donne au bois un aspect naturel et uniforme, conf\u00e9rant une excellente imperm\u00e9abilit\u00e9, duret\u00e9 et douceur au toucher. OIL BEE, gr\u00e2ce \u00e0 son haut pouvoir couvrant et son excellent pouvoir p\u00e9n\u00e9trant, est recommand\u00e9 pour tous les produits en bois.<\/p>\n","protected":false},"excerpt":{"rendered":"The ultimate Hard Wax: M\u00e9lange huile-cire haute r\u00e9sistance pour bois","protected":false},"featured_media":11027,"comment_status":"open","ping_status":"closed","template":"","meta":{"_acf_changed":false,"inline_featured_image":false},"product_brand":[],"product_cat":[739,750,878,835,854,856],"product_tag":[],"class_list":{"0":"post-14486","1":"product","2":"type-product","3":"status-publish","4":"has-post-thumbnail","6":"product_cat-parquet-fr","7":"product_cat-appliquer-la-finition","8":"product_cat-melanges-dhuiles-et-de-cires","9":"product_cat-industrie","10":"product_cat-huiles-naturelles-fr","11":"product_cat-produits-a-lhuile","13":"first","14":"instock","15":"shipping-taxable","16":"product-type-simple","17":"add-to-wishlist-after_add_to_cart"},"acf":[],"yoast_head":"<!-- This site is optimized with the Yoast SEO plugin v26.2 - https:\/\/yoast.com\/wordpress\/plugins\/seo\/ -->\n<title>OIL BEE - Chimiver PARQUET, Appliquer la finition, M\u00e9langes d&#039;huiles et de cires, Industrie, Huiles naturelles, Produits \u00e0 l\u2019huile<\/title>\n<meta name=\"description\" content=\"Scopri OIL BEE PARQUET, Appliquer la finition, M\u00e9langes d&#039;huiles et de cires, Industrie, Huiles naturelles, Produits \u00e0 l\u2019huile. Dal 1965 Chimiver \u00e8 leader nel mercato dei prodotti per incollaggio, trattamento e manutenzione dei pavimenti.\" \/>\n<meta name=\"robots\" content=\"index, follow, max-snippet:-1, max-image-preview:large, max-video-preview:-1\" \/>\n<link rel=\"canonical\" href=\"https:\/\/chimiver.com\/fr\/prodotto\/oil-bee\/\" \/>\n<meta property=\"og:locale\" content=\"fr_FR\" \/>\n<meta property=\"og:type\" content=\"article\" \/>\n<meta property=\"og:title\" content=\"OIL BEE - Chimiver PARQUET, Appliquer la finition, M\u00e9langes d&#039;huiles et de cires, Industrie, Huiles naturelles, Produits \u00e0 l\u2019huile\" \/>\n<meta property=\"og:description\" content=\"Scopri OIL BEE PARQUET, Appliquer la finition, M\u00e9langes d&#039;huiles et de cires, Industrie, Huiles naturelles, Produits \u00e0 l\u2019huile. Dal 1965 Chimiver \u00e8 leader nel mercato dei prodotti per incollaggio, trattamento e manutenzione dei pavimenti.\" \/>\n<meta property=\"og:url\" content=\"https:\/\/chimiver.com\/fr\/prodotto\/oil-bee\/\" \/>\n<meta property=\"og:site_name\" content=\"Chimiver\" \/>\n<meta property=\"article:publisher\" content=\"https:\/\/www.facebook.com\/chimiver\" \/>\n<meta property=\"article:modified_time\" content=\"2023-06-08T13:13:53+00:00\" \/>\n<meta property=\"og:image\" content=\"https:\/\/chimiver.com\/wp-content\/uploads\/2022\/11\/Oil-Bee_hard-wax-1.jpg\" \/>\n\t<meta property=\"og:image:width\" content=\"640\" \/>\n\t<meta property=\"og:image:height\" content=\"640\" \/>\n\t<meta property=\"og:image:type\" content=\"image\/jpeg\" \/>\n<meta name=\"twitter:card\" content=\"summary_large_image\" \/>\n<meta name=\"twitter:label1\" content=\"Dur\u00e9e de lecture estim\u00e9e\" \/>\n\t<meta name=\"twitter:data1\" content=\"1 minute\" \/>\n<script type=\"application\/ld+json\" class=\"yoast-schema-graph\">{\"@context\":\"https:\/\/schema.org\",\"@graph\":[{\"@type\":\"WebPage\",\"@id\":\"https:\/\/chimiver.com\/fr\/prodotto\/oil-bee\/\",\"url\":\"https:\/\/chimiver.com\/fr\/prodotto\/oil-bee\/\",\"name\":\"OIL BEE - Chimiver PARQUET, Appliquer la finition, M\u00e9langes d'huiles et de cires, Industrie, Huiles naturelles, Produits \u00e0 l\u2019huile\",\"isPartOf\":{\"@id\":\"https:\/\/chimiver.com\/fr\/#website\"},\"primaryImageOfPage\":{\"@id\":\"https:\/\/chimiver.com\/fr\/prodotto\/oil-bee\/#primaryimage\"},\"image\":{\"@id\":\"https:\/\/chimiver.com\/fr\/prodotto\/oil-bee\/#primaryimage\"},\"thumbnailUrl\":\"https:\/\/chimiver.com\/wp-content\/uploads\/2022\/11\/Oil-Bee_hard-wax-1.jpg\",\"datePublished\":\"2022-11-03T07:47:31+00:00\",\"dateModified\":\"2023-06-08T13:13:53+00:00\",\"description\":\"Scopri OIL BEE PARQUET, Appliquer la finition, M\u00e9langes d'huiles et de cires, Industrie, Huiles naturelles, Produits \u00e0 l\u2019huile. Dal 1965 Chimiver \u00e8 leader nel mercato dei prodotti per incollaggio, trattamento e manutenzione dei pavimenti.\",\"breadcrumb\":{\"@id\":\"https:\/\/chimiver.com\/fr\/prodotto\/oil-bee\/#breadcrumb\"},\"inLanguage\":\"fr-FR\",\"potentialAction\":[{\"@type\":\"ReadAction\",\"target\":[\"https:\/\/chimiver.com\/fr\/prodotto\/oil-bee\/\"]}]},{\"@type\":\"ImageObject\",\"inLanguage\":\"fr-FR\",\"@id\":\"https:\/\/chimiver.com\/fr\/prodotto\/oil-bee\/#primaryimage\",\"url\":\"https:\/\/chimiver.com\/wp-content\/uploads\/2022\/11\/Oil-Bee_hard-wax-1.jpg\",\"contentUrl\":\"https:\/\/chimiver.com\/wp-content\/uploads\/2022\/11\/Oil-Bee_hard-wax-1.jpg\",\"width\":640,\"height\":640},{\"@type\":\"BreadcrumbList\",\"@id\":\"https:\/\/chimiver.com\/fr\/prodotto\/oil-bee\/#breadcrumb\",\"itemListElement\":[{\"@type\":\"ListItem\",\"position\":1,\"name\":\"Home\",\"item\":\"https:\/\/chimiver.com\/fr\/\"},{\"@type\":\"ListItem\",\"position\":2,\"name\":\"Shop\",\"item\":\"https:\/\/chimiver.com\/?page_id=10\"},{\"@type\":\"ListItem\",\"position\":3,\"name\":\"OIL BEE\"}]},{\"@type\":\"WebSite\",\"@id\":\"https:\/\/chimiver.com\/fr\/#website\",\"url\":\"https:\/\/chimiver.com\/fr\/\",\"name\":\"Chimiver, Your floors partner\",\"description\":\"Your floors partner\",\"publisher\":{\"@id\":\"https:\/\/chimiver.com\/fr\/#organization\"},\"alternateName\":\"Chimiver\",\"potentialAction\":[{\"@type\":\"SearchAction\",\"target\":{\"@type\":\"EntryPoint\",\"urlTemplate\":\"https:\/\/chimiver.com\/fr\/?s={search_term_string}\"},\"query-input\":{\"@type\":\"PropertyValueSpecification\",\"valueRequired\":true,\"valueName\":\"search_term_string\"}}],\"inLanguage\":\"fr-FR\"},{\"@type\":\"Organization\",\"@id\":\"https:\/\/chimiver.com\/fr\/#organization\",\"name\":\"Chimiver\",\"url\":\"https:\/\/chimiver.com\/fr\/\",\"logo\":{\"@type\":\"ImageObject\",\"inLanguage\":\"fr-FR\",\"@id\":\"https:\/\/chimiver.com\/fr\/#\/schema\/logo\/image\/\",\"url\":\"https:\/\/chimiver.com\/wp-content\/uploads\/2022\/06\/Chimiver_500x500.jpg\",\"contentUrl\":\"https:\/\/chimiver.com\/wp-content\/uploads\/2022\/06\/Chimiver_500x500.jpg\",\"width\":500,\"height\":500,\"caption\":\"Chimiver\"},\"image\":{\"@id\":\"https:\/\/chimiver.com\/fr\/#\/schema\/logo\/image\/\"},\"sameAs\":[\"https:\/\/www.facebook.com\/chimiver\"]}]}<\/script>\n<!-- \/ Yoast SEO plugin. -->","yoast_head_json":{"title":"OIL BEE - Chimiver PARQUET, Appliquer la finition, M\u00e9langes d'huiles et de cires, Industrie, Huiles naturelles, Produits \u00e0 l\u2019huile","description":"Scopri OIL BEE PARQUET, Appliquer la finition, M\u00e9langes d'huiles et de cires, Industrie, Huiles naturelles, Produits \u00e0 l\u2019huile. Dal 1965 Chimiver \u00e8 leader nel mercato dei prodotti per incollaggio, trattamento e manutenzione dei pavimenti.","robots":{"index":"index","follow":"follow","max-snippet":"max-snippet:-1","max-image-preview":"max-image-preview:large","max-video-preview":"max-video-preview:-1"},"canonical":"https:\/\/chimiver.com\/fr\/prodotto\/oil-bee\/","og_locale":"fr_FR","og_type":"article","og_title":"OIL BEE - Chimiver PARQUET, Appliquer la finition, M\u00e9langes d'huiles et de cires, Industrie, Huiles naturelles, Produits \u00e0 l\u2019huile","og_description":"Scopri OIL BEE PARQUET, Appliquer la finition, M\u00e9langes d'huiles et de cires, Industrie, Huiles naturelles, Produits \u00e0 l\u2019huile. Dal 1965 Chimiver \u00e8 leader nel mercato dei prodotti per incollaggio, trattamento e manutenzione dei pavimenti.","og_url":"https:\/\/chimiver.com\/fr\/prodotto\/oil-bee\/","og_site_name":"Chimiver","article_publisher":"https:\/\/www.facebook.com\/chimiver","article_modified_time":"2023-06-08T13:13:53+00:00","og_image":[{"width":640,"height":640,"url":"https:\/\/chimiver.com\/wp-content\/uploads\/2022\/11\/Oil-Bee_hard-wax-1.jpg","type":"image\/jpeg"}],"twitter_card":"summary_large_image","twitter_misc":{"Dur\u00e9e de lecture estim\u00e9e":"1 minute"},"schema":{"@context":"https:\/\/schema.org","@graph":[{"@type":"WebPage","@id":"https:\/\/chimiver.com\/fr\/prodotto\/oil-bee\/","url":"https:\/\/chimiver.com\/fr\/prodotto\/oil-bee\/","name":"OIL BEE - Chimiver PARQUET, Appliquer la finition, M\u00e9langes d'huiles et de cires, Industrie, Huiles naturelles, Produits \u00e0 l\u2019huile","isPartOf":{"@id":"https:\/\/chimiver.com\/fr\/#website"},"primaryImageOfPage":{"@id":"https:\/\/chimiver.com\/fr\/prodotto\/oil-bee\/#primaryimage"},"image":{"@id":"https:\/\/chimiver.com\/fr\/prodotto\/oil-bee\/#primaryimage"},"thumbnailUrl":"https:\/\/chimiver.com\/wp-content\/uploads\/2022\/11\/Oil-Bee_hard-wax-1.jpg","datePublished":"2022-11-03T07:47:31+00:00","dateModified":"2023-06-08T13:13:53+00:00","description":"Scopri OIL BEE PARQUET, Appliquer la finition, M\u00e9langes d'huiles et de cires, Industrie, Huiles naturelles, Produits \u00e0 l\u2019huile. Dal 1965 Chimiver \u00e8 leader nel mercato dei prodotti per incollaggio, trattamento e manutenzione dei pavimenti.","breadcrumb":{"@id":"https:\/\/chimiver.com\/fr\/prodotto\/oil-bee\/#breadcrumb"},"inLanguage":"fr-FR","potentialAction":[{"@type":"ReadAction","target":["https:\/\/chimiver.com\/fr\/prodotto\/oil-bee\/"]}]},{"@type":"ImageObject","inLanguage":"fr-FR","@id":"https:\/\/chimiver.com\/fr\/prodotto\/oil-bee\/#primaryimage","url":"https:\/\/chimiver.com\/wp-content\/uploads\/2022\/11\/Oil-Bee_hard-wax-1.jpg","contentUrl":"https:\/\/chimiver.com\/wp-content\/uploads\/2022\/11\/Oil-Bee_hard-wax-1.jpg","width":640,"height":640},{"@type":"BreadcrumbList","@id":"https:\/\/chimiver.com\/fr\/prodotto\/oil-bee\/#breadcrumb","itemListElement":[{"@type":"ListItem","position":1,"name":"Home","item":"https:\/\/chimiver.com\/fr\/"},{"@type":"ListItem","position":2,"name":"Shop","item":"https:\/\/chimiver.com\/?page_id=10"},{"@type":"ListItem","position":3,"name":"OIL BEE"}]},{"@type":"WebSite","@id":"https:\/\/chimiver.com\/fr\/#website","url":"https:\/\/chimiver.com\/fr\/","name":"Chimiver, Your floors partner","description":"Your floors partner","publisher":{"@id":"https:\/\/chimiver.com\/fr\/#organization"},"alternateName":"Chimiver","potentialAction":[{"@type":"SearchAction","target":{"@type":"EntryPoint","urlTemplate":"https:\/\/chimiver.com\/fr\/?s={search_term_string}"},"query-input":{"@type":"PropertyValueSpecification","valueRequired":true,"valueName":"search_term_string"}}],"inLanguage":"fr-FR"},{"@type":"Organization","@id":"https:\/\/chimiver.com\/fr\/#organization","name":"Chimiver","url":"https:\/\/chimiver.com\/fr\/","logo":{"@type":"ImageObject","inLanguage":"fr-FR","@id":"https:\/\/chimiver.com\/fr\/#\/schema\/logo\/image\/","url":"https:\/\/chimiver.com\/wp-content\/uploads\/2022\/06\/Chimiver_500x500.jpg","contentUrl":"https:\/\/chimiver.com\/wp-content\/uploads\/2022\/06\/Chimiver_500x500.jpg","width":500,"height":500,"caption":"Chimiver"},"image":{"@id":"https:\/\/chimiver.com\/fr\/#\/schema\/logo\/image\/"},"sameAs":["https:\/\/www.facebook.com\/chimiver"]}]}},"_links":{"self":[{"href":"https:\/\/chimiver.com\/fr\/wp-json\/wp\/v2\/product\/14486","targetHints":{"allow":["GET"]}}],"collection":[{"href":"https:\/\/chimiver.com\/fr\/wp-json\/wp\/v2\/product"}],"about":[{"href":"https:\/\/chimiver.com\/fr\/wp-json\/wp\/v2\/types\/product"}],"replies":[{"embeddable":true,"href":"https:\/\/chimiver.com\/fr\/wp-json\/wp\/v2\/comments?post=14486"}],"wp:featuredmedia":[{"embeddable":true,"href":"https:\/\/chimiver.com\/fr\/wp-json\/wp\/v2\/media\/11027"}],"wp:attachment":[{"href":"https:\/\/chimiver.com\/fr\/wp-json\/wp\/v2\/media?parent=14486"}],"wp:term":[{"taxonomy":"product_brand","embeddable":true,"href":"https:\/\/chimiver.com\/fr\/wp-json\/wp\/v2\/product_brand?post=14486"},{"taxonomy":"product_cat","embeddable":true,"href":"https:\/\/chimiver.com\/fr\/wp-json\/wp\/v2\/product_cat?post=14486"},{"taxonomy":"product_tag","embeddable":true,"href":"https:\/\/chimiver.com\/fr\/wp-json\/wp\/v2\/product_tag?post=14486"}],"curies":[{"name":"wp","href":"https:\/\/api.w.org\/{rel}","templated":true}]}}