{"id":14505,"date":"2023-03-23T11:29:01","date_gmt":"2023-03-23T10:29:01","guid":{"rendered":"https:\/\/chimiver.com\/prodotto\/ecofast-uv-led\/"},"modified":"2025-05-12T09:34:41","modified_gmt":"2025-05-12T07:34:41","slug":"ecofast-uv-led","status":"publish","type":"product","link":"https:\/\/chimiver.com\/fr\/prodotto\/ecofast-uv-led\/","title":{"rendered":"ECOFAST UV LED"},"content":{"rendered":"<p>Vernis LED \u00e0 base d&rsquo;eau (395 nm) \u00e0 composant unique pour les sols en bois. ECOFAST UV LED a une haute r\u00e9sistance \u00e0 la circulation des pieds et \u00e0 l&rsquo;abrasion et convient donc aux sols soumis \u00e0 une usure \u00e9lev\u00e9e. ECOFAST UV LED est r\u00e9ticul\u00e9 \u00e0 l&rsquo;aide de machines LED portables (LEDY) et est recommand\u00e9 lorsque l&rsquo;utilisation rapide de parquet est n\u00e9cessaire.<\/p>\n","protected":false},"excerpt":{"rendered":"Vernis de durcissement LED \u00e0 base d&rsquo;eau monocomposant pour sols en bois","protected":false},"featured_media":12019,"comment_status":"open","ping_status":"closed","template":"","meta":{"_acf_changed":false,"inline_featured_image":false},"product_brand":[],"product_cat":[739,758],"product_tag":[],"class_list":{"0":"post-14505","1":"product","2":"type-product","3":"status-publish","4":"has-post-thumbnail","6":"product_cat-parquet-fr","7":"product_cat-cycle-uv-led","9":"first","10":"instock","11":"shipping-taxable","12":"product-type-simple","13":"add-to-wishlist-after_add_to_cart"},"acf":[],"yoast_head":"<!-- This site is optimized with the Yoast SEO plugin v26.2 - https:\/\/yoast.com\/wordpress\/plugins\/seo\/ -->\n<title>ECOFAST UV LED - Chimiver PARQUET, Cycle UV LED<\/title>\n<meta name=\"description\" content=\"Scopri ECOFAST UV LED PARQUET, Cycle UV LED. Vernice UV all&#039;acqua monocomponente fotoreticolabile LED per la verniciatura di parquet\" \/>\n<meta name=\"robots\" content=\"index, follow, max-snippet:-1, max-image-preview:large, max-video-preview:-1\" \/>\n<link rel=\"canonical\" href=\"https:\/\/chimiver.com\/fr\/prodotto\/ecofast-uv-led\/\" \/>\n<meta property=\"og:locale\" content=\"fr_FR\" \/>\n<meta property=\"og:type\" content=\"article\" \/>\n<meta property=\"og:title\" content=\"ECOFAST UV LED - Chimiver PARQUET, Cycle UV LED\" \/>\n<meta property=\"og:description\" content=\"Scopri ECOFAST UV LED PARQUET, Cycle UV LED. Vernice UV all&#039;acqua monocomponente fotoreticolabile LED per la verniciatura di parquet\" \/>\n<meta property=\"og:url\" content=\"https:\/\/chimiver.com\/fr\/prodotto\/ecofast-uv-led\/\" \/>\n<meta property=\"og:site_name\" content=\"Chimiver\" \/>\n<meta property=\"article:publisher\" content=\"https:\/\/www.facebook.com\/chimiver\" \/>\n<meta property=\"article:modified_time\" content=\"2025-05-12T07:34:41+00:00\" \/>\n<meta property=\"og:image\" content=\"https:\/\/chimiver.com\/wp-content\/uploads\/2023\/03\/ECOFAST-UV-LED_5L.jpg\" \/>\n\t<meta property=\"og:image:width\" content=\"640\" \/>\n\t<meta property=\"og:image:height\" content=\"640\" \/>\n\t<meta property=\"og:image:type\" content=\"image\/jpeg\" \/>\n<meta name=\"twitter:card\" content=\"summary_large_image\" \/>\n<meta name=\"twitter:label1\" content=\"Dur\u00e9e de lecture estim\u00e9e\" \/>\n\t<meta name=\"twitter:data1\" content=\"1 minute\" \/>\n<script type=\"application\/ld+json\" class=\"yoast-schema-graph\">{\"@context\":\"https:\/\/schema.org\",\"@graph\":[{\"@type\":\"WebPage\",\"@id\":\"https:\/\/chimiver.com\/fr\/prodotto\/ecofast-uv-led\/\",\"url\":\"https:\/\/chimiver.com\/fr\/prodotto\/ecofast-uv-led\/\",\"name\":\"ECOFAST UV LED - Chimiver PARQUET, Cycle UV LED\",\"isPartOf\":{\"@id\":\"https:\/\/chimiver.com\/fr\/#website\"},\"primaryImageOfPage\":{\"@id\":\"https:\/\/chimiver.com\/fr\/prodotto\/ecofast-uv-led\/#primaryimage\"},\"image\":{\"@id\":\"https:\/\/chimiver.com\/fr\/prodotto\/ecofast-uv-led\/#primaryimage\"},\"thumbnailUrl\":\"https:\/\/chimiver.com\/wp-content\/uploads\/2023\/03\/ECOFAST-UV-LED_5L.jpg\",\"datePublished\":\"2023-03-23T10:29:01+00:00\",\"dateModified\":\"2025-05-12T07:34:41+00:00\",\"description\":\"Scopri ECOFAST UV LED PARQUET, Cycle UV LED. Vernice UV all'acqua monocomponente fotoreticolabile LED per la verniciatura di parquet\",\"breadcrumb\":{\"@id\":\"https:\/\/chimiver.com\/fr\/prodotto\/ecofast-uv-led\/#breadcrumb\"},\"inLanguage\":\"fr-FR\",\"potentialAction\":[{\"@type\":\"ReadAction\",\"target\":[\"https:\/\/chimiver.com\/fr\/prodotto\/ecofast-uv-led\/\"]}]},{\"@type\":\"ImageObject\",\"inLanguage\":\"fr-FR\",\"@id\":\"https:\/\/chimiver.com\/fr\/prodotto\/ecofast-uv-led\/#primaryimage\",\"url\":\"https:\/\/chimiver.com\/wp-content\/uploads\/2023\/03\/ECOFAST-UV-LED_5L.jpg\",\"contentUrl\":\"https:\/\/chimiver.com\/wp-content\/uploads\/2023\/03\/ECOFAST-UV-LED_5L.jpg\",\"width\":640,\"height\":640},{\"@type\":\"BreadcrumbList\",\"@id\":\"https:\/\/chimiver.com\/fr\/prodotto\/ecofast-uv-led\/#breadcrumb\",\"itemListElement\":[{\"@type\":\"ListItem\",\"position\":1,\"name\":\"Home\",\"item\":\"https:\/\/chimiver.com\/fr\/\"},{\"@type\":\"ListItem\",\"position\":2,\"name\":\"Shop\",\"item\":\"https:\/\/chimiver.com\/?page_id=10\"},{\"@type\":\"ListItem\",\"position\":3,\"name\":\"ECOFAST UV LED\"}]},{\"@type\":\"WebSite\",\"@id\":\"https:\/\/chimiver.com\/fr\/#website\",\"url\":\"https:\/\/chimiver.com\/fr\/\",\"name\":\"Chimiver, Your floors partner\",\"description\":\"Your floors partner\",\"publisher\":{\"@id\":\"https:\/\/chimiver.com\/fr\/#organization\"},\"alternateName\":\"Chimiver\",\"potentialAction\":[{\"@type\":\"SearchAction\",\"target\":{\"@type\":\"EntryPoint\",\"urlTemplate\":\"https:\/\/chimiver.com\/fr\/?s={search_term_string}\"},\"query-input\":{\"@type\":\"PropertyValueSpecification\",\"valueRequired\":true,\"valueName\":\"search_term_string\"}}],\"inLanguage\":\"fr-FR\"},{\"@type\":\"Organization\",\"@id\":\"https:\/\/chimiver.com\/fr\/#organization\",\"name\":\"Chimiver\",\"url\":\"https:\/\/chimiver.com\/fr\/\",\"logo\":{\"@type\":\"ImageObject\",\"inLanguage\":\"fr-FR\",\"@id\":\"https:\/\/chimiver.com\/fr\/#\/schema\/logo\/image\/\",\"url\":\"https:\/\/chimiver.com\/wp-content\/uploads\/2022\/06\/Chimiver_500x500.jpg\",\"contentUrl\":\"https:\/\/chimiver.com\/wp-content\/uploads\/2022\/06\/Chimiver_500x500.jpg\",\"width\":500,\"height\":500,\"caption\":\"Chimiver\"},\"image\":{\"@id\":\"https:\/\/chimiver.com\/fr\/#\/schema\/logo\/image\/\"},\"sameAs\":[\"https:\/\/www.facebook.com\/chimiver\"]}]}<\/script>\n<!-- \/ Yoast SEO plugin. -->","yoast_head_json":{"title":"ECOFAST UV LED - Chimiver PARQUET, Cycle UV LED","description":"Scopri ECOFAST UV LED PARQUET, Cycle UV LED. Vernice UV all'acqua monocomponente fotoreticolabile LED per la verniciatura di parquet","robots":{"index":"index","follow":"follow","max-snippet":"max-snippet:-1","max-image-preview":"max-image-preview:large","max-video-preview":"max-video-preview:-1"},"canonical":"https:\/\/chimiver.com\/fr\/prodotto\/ecofast-uv-led\/","og_locale":"fr_FR","og_type":"article","og_title":"ECOFAST UV LED - Chimiver PARQUET, Cycle UV LED","og_description":"Scopri ECOFAST UV LED PARQUET, Cycle UV LED. Vernice UV all'acqua monocomponente fotoreticolabile LED per la verniciatura di parquet","og_url":"https:\/\/chimiver.com\/fr\/prodotto\/ecofast-uv-led\/","og_site_name":"Chimiver","article_publisher":"https:\/\/www.facebook.com\/chimiver","article_modified_time":"2025-05-12T07:34:41+00:00","og_image":[{"width":640,"height":640,"url":"https:\/\/chimiver.com\/wp-content\/uploads\/2023\/03\/ECOFAST-UV-LED_5L.jpg","type":"image\/jpeg"}],"twitter_card":"summary_large_image","twitter_misc":{"Dur\u00e9e de lecture estim\u00e9e":"1 minute"},"schema":{"@context":"https:\/\/schema.org","@graph":[{"@type":"WebPage","@id":"https:\/\/chimiver.com\/fr\/prodotto\/ecofast-uv-led\/","url":"https:\/\/chimiver.com\/fr\/prodotto\/ecofast-uv-led\/","name":"ECOFAST UV LED - Chimiver PARQUET, Cycle UV LED","isPartOf":{"@id":"https:\/\/chimiver.com\/fr\/#website"},"primaryImageOfPage":{"@id":"https:\/\/chimiver.com\/fr\/prodotto\/ecofast-uv-led\/#primaryimage"},"image":{"@id":"https:\/\/chimiver.com\/fr\/prodotto\/ecofast-uv-led\/#primaryimage"},"thumbnailUrl":"https:\/\/chimiver.com\/wp-content\/uploads\/2023\/03\/ECOFAST-UV-LED_5L.jpg","datePublished":"2023-03-23T10:29:01+00:00","dateModified":"2025-05-12T07:34:41+00:00","description":"Scopri ECOFAST UV LED PARQUET, Cycle UV LED. Vernice UV all'acqua monocomponente fotoreticolabile LED per la verniciatura di parquet","breadcrumb":{"@id":"https:\/\/chimiver.com\/fr\/prodotto\/ecofast-uv-led\/#breadcrumb"},"inLanguage":"fr-FR","potentialAction":[{"@type":"ReadAction","target":["https:\/\/chimiver.com\/fr\/prodotto\/ecofast-uv-led\/"]}]},{"@type":"ImageObject","inLanguage":"fr-FR","@id":"https:\/\/chimiver.com\/fr\/prodotto\/ecofast-uv-led\/#primaryimage","url":"https:\/\/chimiver.com\/wp-content\/uploads\/2023\/03\/ECOFAST-UV-LED_5L.jpg","contentUrl":"https:\/\/chimiver.com\/wp-content\/uploads\/2023\/03\/ECOFAST-UV-LED_5L.jpg","width":640,"height":640},{"@type":"BreadcrumbList","@id":"https:\/\/chimiver.com\/fr\/prodotto\/ecofast-uv-led\/#breadcrumb","itemListElement":[{"@type":"ListItem","position":1,"name":"Home","item":"https:\/\/chimiver.com\/fr\/"},{"@type":"ListItem","position":2,"name":"Shop","item":"https:\/\/chimiver.com\/?page_id=10"},{"@type":"ListItem","position":3,"name":"ECOFAST UV LED"}]},{"@type":"WebSite","@id":"https:\/\/chimiver.com\/fr\/#website","url":"https:\/\/chimiver.com\/fr\/","name":"Chimiver, Your floors partner","description":"Your floors partner","publisher":{"@id":"https:\/\/chimiver.com\/fr\/#organization"},"alternateName":"Chimiver","potentialAction":[{"@type":"SearchAction","target":{"@type":"EntryPoint","urlTemplate":"https:\/\/chimiver.com\/fr\/?s={search_term_string}"},"query-input":{"@type":"PropertyValueSpecification","valueRequired":true,"valueName":"search_term_string"}}],"inLanguage":"fr-FR"},{"@type":"Organization","@id":"https:\/\/chimiver.com\/fr\/#organization","name":"Chimiver","url":"https:\/\/chimiver.com\/fr\/","logo":{"@type":"ImageObject","inLanguage":"fr-FR","@id":"https:\/\/chimiver.com\/fr\/#\/schema\/logo\/image\/","url":"https:\/\/chimiver.com\/wp-content\/uploads\/2022\/06\/Chimiver_500x500.jpg","contentUrl":"https:\/\/chimiver.com\/wp-content\/uploads\/2022\/06\/Chimiver_500x500.jpg","width":500,"height":500,"caption":"Chimiver"},"image":{"@id":"https:\/\/chimiver.com\/fr\/#\/schema\/logo\/image\/"},"sameAs":["https:\/\/www.facebook.com\/chimiver"]}]}},"_links":{"self":[{"href":"https:\/\/chimiver.com\/fr\/wp-json\/wp\/v2\/product\/14505","targetHints":{"allow":["GET"]}}],"collection":[{"href":"https:\/\/chimiver.com\/fr\/wp-json\/wp\/v2\/product"}],"about":[{"href":"https:\/\/chimiver.com\/fr\/wp-json\/wp\/v2\/types\/product"}],"replies":[{"embeddable":true,"href":"https:\/\/chimiver.com\/fr\/wp-json\/wp\/v2\/comments?post=14505"}],"wp:featuredmedia":[{"embeddable":true,"href":"https:\/\/chimiver.com\/fr\/wp-json\/wp\/v2\/media\/12019"}],"wp:attachment":[{"href":"https:\/\/chimiver.com\/fr\/wp-json\/wp\/v2\/media?parent=14505"}],"wp:term":[{"taxonomy":"product_brand","embeddable":true,"href":"https:\/\/chimiver.com\/fr\/wp-json\/wp\/v2\/product_brand?post=14505"},{"taxonomy":"product_cat","embeddable":true,"href":"https:\/\/chimiver.com\/fr\/wp-json\/wp\/v2\/product_cat?post=14505"},{"taxonomy":"product_tag","embeddable":true,"href":"https:\/\/chimiver.com\/fr\/wp-json\/wp\/v2\/product_tag?post=14505"}],"curies":[{"name":"wp","href":"https:\/\/api.w.org\/{rel}","templated":true}]}}