{"id":14617,"date":"2022-01-21T12:14:45","date_gmt":"2022-01-21T11:14:45","guid":{"rendered":"https:\/\/chimiver.com\/prodotto\/adesiver-re-400-rf\/"},"modified":"2026-04-21T11:46:26","modified_gmt":"2026-04-21T09:46:26","slug":"adesiver-re-400-rf","status":"publish","type":"product","link":"https:\/\/chimiver.com\/fr\/prodotto\/adesiver-re-400-rf\/","title":{"rendered":"ADESIVER RE 400\/RF"},"content":{"rendered":"<p>Adh\u00e9sif thixotropique ignifuge en dispersion aqueuse \u00e0 base de terpolym\u00e8res acryliques, caract\u00e9ris\u00e9 par un r\u00e9sidu sec tr\u00e8s \u00e9lev\u00e9, une excellente spatulabilit\u00e9 et une faible teneur en eau. Sp\u00e9cifique pour la pose \u00e0 l&rsquo;int\u00e9rieur de:<\/p>\n<ul>\n<li>moquette et aiguillet\u00e9s avec n&rsquo;import quel envers mais ind\u00e9formable;<\/li>\n<li>rev\u00eatements de sol en linol\u00e9um jusqu&rsquo;\u00e0 3 mm d&rsquo;\u00e9paisseur;<\/li>\n<li>rev\u00eatements de sol vinyliques \u00e0 envers feutre;<\/li>\n<li>rev\u00eatements de sol PVC en dalles et en les;<\/li>\n<li>rev\u00eatements de sol et rev\u00eatements muraux textile;<\/li>\n<li>dalles vinyle semi-flexibles;<\/li>\n<li>rev\u00eatements de sol feuille de caoutchouc jusqu&rsquo;\u00e0 3 mm d&rsquo;\u00e9paisseur;<\/li>\n<li>sol r\u00e9silient et rev\u00eatements muraux en PVC;<\/li>\n<li>sol et rev\u00eatements muraux en coco \u00e0 envers latex;<\/li>\n<li>rev\u00eatements muraux en polystyr\u00e8ne.<\/li>\n<\/ul>\n","protected":false},"excerpt":{"rendered":"Adh\u00e9sif acrylique universel ignifuge en dispersion aqueuse, avec une excellente adh\u00e9rence permanente pour l&rsquo;installation verticale profil\u00e9s et rev\u00eatements r\u00e9silients sur des substrats absorbants ou semi-absorbants","protected":false},"featured_media":8118,"comment_status":"open","ping_status":"closed","template":"","meta":{"_acf_changed":false,"inline_featured_image":false},"product_brand":[],"product_cat":[761,762,763],"product_tag":[],"class_list":{"0":"post-14617","1":"product","2":"type-product","3":"status-publish","4":"has-post-thumbnail","6":"product_cat-sols-resilients","7":"product_cat-collage-de-moquette-linoleum-pvc-caoutchouc-lvt","8":"product_cat-adhesifs-pour-linterieur","10":"first","11":"instock","12":"shipping-taxable","13":"product-type-simple","14":"add-to-wishlist-after_add_to_cart"},"acf":[],"yoast_head":"<!-- This site is optimized with the Yoast SEO plugin v26.2 - https:\/\/yoast.com\/wordpress\/plugins\/seo\/ -->\n<title>Adh\u00e9sif pour r\u00e9silient - ADESIVER RE 400\/RF<\/title>\n<meta name=\"description\" content=\"Adh\u00e9sif acrylique universel ignifuge pour l&#039;installation verticale profil\u00e9s et rev\u00eatements r\u00e9silients sur des substrats absorbants ou semi-absorbants\" \/>\n<meta name=\"robots\" content=\"index, follow, max-snippet:-1, max-image-preview:large, max-video-preview:-1\" \/>\n<link rel=\"canonical\" href=\"https:\/\/chimiver.com\/fr\/prodotto\/adesiver-re-400-rf\/\" \/>\n<meta property=\"og:locale\" content=\"fr_FR\" \/>\n<meta property=\"og:type\" content=\"article\" \/>\n<meta property=\"og:title\" content=\"Adh\u00e9sif pour r\u00e9silient - ADESIVER RE 400\/RF\" \/>\n<meta property=\"og:description\" content=\"Adh\u00e9sif acrylique universel ignifuge pour l&#039;installation verticale profil\u00e9s et rev\u00eatements r\u00e9silients sur des substrats absorbants ou semi-absorbants\" \/>\n<meta property=\"og:url\" content=\"https:\/\/chimiver.com\/fr\/prodotto\/adesiver-re-400-rf\/\" \/>\n<meta property=\"og:site_name\" content=\"Chimiver\" \/>\n<meta property=\"article:publisher\" content=\"https:\/\/www.facebook.com\/chimiver\" \/>\n<meta property=\"article:modified_time\" content=\"2026-04-21T09:46:26+00:00\" \/>\n<meta property=\"og:image\" content=\"https:\/\/chimiver.com\/wp-content\/uploads\/2022\/01\/272_3cc27.jpg\" \/>\n\t<meta property=\"og:image:width\" content=\"640\" \/>\n\t<meta property=\"og:image:height\" content=\"640\" \/>\n\t<meta property=\"og:image:type\" content=\"image\/jpeg\" \/>\n<meta name=\"twitter:card\" content=\"summary_large_image\" \/>\n<meta name=\"twitter:label1\" content=\"Dur\u00e9e de lecture estim\u00e9e\" \/>\n\t<meta name=\"twitter:data1\" content=\"1 minute\" \/>\n<script type=\"application\/ld+json\" class=\"yoast-schema-graph\">{\"@context\":\"https:\/\/schema.org\",\"@graph\":[{\"@type\":\"WebPage\",\"@id\":\"https:\/\/chimiver.com\/fr\/prodotto\/adesiver-re-400-rf\/\",\"url\":\"https:\/\/chimiver.com\/fr\/prodotto\/adesiver-re-400-rf\/\",\"name\":\"Adh\u00e9sif pour r\u00e9silient - ADESIVER RE 400\/RF\",\"isPartOf\":{\"@id\":\"https:\/\/chimiver.com\/fr\/#website\"},\"primaryImageOfPage\":{\"@id\":\"https:\/\/chimiver.com\/fr\/prodotto\/adesiver-re-400-rf\/#primaryimage\"},\"image\":{\"@id\":\"https:\/\/chimiver.com\/fr\/prodotto\/adesiver-re-400-rf\/#primaryimage\"},\"thumbnailUrl\":\"https:\/\/chimiver.com\/wp-content\/uploads\/2022\/01\/272_3cc27.jpg\",\"datePublished\":\"2022-01-21T11:14:45+00:00\",\"dateModified\":\"2026-04-21T09:46:26+00:00\",\"description\":\"Adh\u00e9sif acrylique universel ignifuge pour l'installation verticale profil\u00e9s et rev\u00eatements r\u00e9silients sur des substrats absorbants ou semi-absorbants\",\"breadcrumb\":{\"@id\":\"https:\/\/chimiver.com\/fr\/prodotto\/adesiver-re-400-rf\/#breadcrumb\"},\"inLanguage\":\"fr-FR\",\"potentialAction\":[{\"@type\":\"ReadAction\",\"target\":[\"https:\/\/chimiver.com\/fr\/prodotto\/adesiver-re-400-rf\/\"]}]},{\"@type\":\"ImageObject\",\"inLanguage\":\"fr-FR\",\"@id\":\"https:\/\/chimiver.com\/fr\/prodotto\/adesiver-re-400-rf\/#primaryimage\",\"url\":\"https:\/\/chimiver.com\/wp-content\/uploads\/2022\/01\/272_3cc27.jpg\",\"contentUrl\":\"https:\/\/chimiver.com\/wp-content\/uploads\/2022\/01\/272_3cc27.jpg\",\"width\":640,\"height\":640,\"caption\":\"Adesiver RE 400\/RF\"},{\"@type\":\"BreadcrumbList\",\"@id\":\"https:\/\/chimiver.com\/fr\/prodotto\/adesiver-re-400-rf\/#breadcrumb\",\"itemListElement\":[{\"@type\":\"ListItem\",\"position\":1,\"name\":\"Home\",\"item\":\"https:\/\/chimiver.com\/fr\/\"},{\"@type\":\"ListItem\",\"position\":2,\"name\":\"Shop\",\"item\":\"https:\/\/chimiver.com\/?page_id=10\"},{\"@type\":\"ListItem\",\"position\":3,\"name\":\"ADESIVER RE 400\/RF\"}]},{\"@type\":\"WebSite\",\"@id\":\"https:\/\/chimiver.com\/fr\/#website\",\"url\":\"https:\/\/chimiver.com\/fr\/\",\"name\":\"Chimiver, Your floors partner\",\"description\":\"Your floors partner\",\"publisher\":{\"@id\":\"https:\/\/chimiver.com\/fr\/#organization\"},\"alternateName\":\"Chimiver\",\"potentialAction\":[{\"@type\":\"SearchAction\",\"target\":{\"@type\":\"EntryPoint\",\"urlTemplate\":\"https:\/\/chimiver.com\/fr\/?s={search_term_string}\"},\"query-input\":{\"@type\":\"PropertyValueSpecification\",\"valueRequired\":true,\"valueName\":\"search_term_string\"}}],\"inLanguage\":\"fr-FR\"},{\"@type\":\"Organization\",\"@id\":\"https:\/\/chimiver.com\/fr\/#organization\",\"name\":\"Chimiver\",\"url\":\"https:\/\/chimiver.com\/fr\/\",\"logo\":{\"@type\":\"ImageObject\",\"inLanguage\":\"fr-FR\",\"@id\":\"https:\/\/chimiver.com\/fr\/#\/schema\/logo\/image\/\",\"url\":\"https:\/\/chimiver.com\/wp-content\/uploads\/2022\/06\/Chimiver_500x500.jpg\",\"contentUrl\":\"https:\/\/chimiver.com\/wp-content\/uploads\/2022\/06\/Chimiver_500x500.jpg\",\"width\":500,\"height\":500,\"caption\":\"Chimiver\"},\"image\":{\"@id\":\"https:\/\/chimiver.com\/fr\/#\/schema\/logo\/image\/\"},\"sameAs\":[\"https:\/\/www.facebook.com\/chimiver\"]}]}<\/script>\n<!-- \/ Yoast SEO plugin. -->","yoast_head_json":{"title":"Adh\u00e9sif pour r\u00e9silient - ADESIVER RE 400\/RF","description":"Adh\u00e9sif acrylique universel ignifuge pour l'installation verticale profil\u00e9s et rev\u00eatements r\u00e9silients sur des substrats absorbants ou semi-absorbants","robots":{"index":"index","follow":"follow","max-snippet":"max-snippet:-1","max-image-preview":"max-image-preview:large","max-video-preview":"max-video-preview:-1"},"canonical":"https:\/\/chimiver.com\/fr\/prodotto\/adesiver-re-400-rf\/","og_locale":"fr_FR","og_type":"article","og_title":"Adh\u00e9sif pour r\u00e9silient - ADESIVER RE 400\/RF","og_description":"Adh\u00e9sif acrylique universel ignifuge pour l'installation verticale profil\u00e9s et rev\u00eatements r\u00e9silients sur des substrats absorbants ou semi-absorbants","og_url":"https:\/\/chimiver.com\/fr\/prodotto\/adesiver-re-400-rf\/","og_site_name":"Chimiver","article_publisher":"https:\/\/www.facebook.com\/chimiver","article_modified_time":"2026-04-21T09:46:26+00:00","og_image":[{"width":640,"height":640,"url":"https:\/\/chimiver.com\/wp-content\/uploads\/2022\/01\/272_3cc27.jpg","type":"image\/jpeg"}],"twitter_card":"summary_large_image","twitter_misc":{"Dur\u00e9e de lecture estim\u00e9e":"1 minute"},"schema":{"@context":"https:\/\/schema.org","@graph":[{"@type":"WebPage","@id":"https:\/\/chimiver.com\/fr\/prodotto\/adesiver-re-400-rf\/","url":"https:\/\/chimiver.com\/fr\/prodotto\/adesiver-re-400-rf\/","name":"Adh\u00e9sif pour r\u00e9silient - ADESIVER RE 400\/RF","isPartOf":{"@id":"https:\/\/chimiver.com\/fr\/#website"},"primaryImageOfPage":{"@id":"https:\/\/chimiver.com\/fr\/prodotto\/adesiver-re-400-rf\/#primaryimage"},"image":{"@id":"https:\/\/chimiver.com\/fr\/prodotto\/adesiver-re-400-rf\/#primaryimage"},"thumbnailUrl":"https:\/\/chimiver.com\/wp-content\/uploads\/2022\/01\/272_3cc27.jpg","datePublished":"2022-01-21T11:14:45+00:00","dateModified":"2026-04-21T09:46:26+00:00","description":"Adh\u00e9sif acrylique universel ignifuge pour l'installation verticale profil\u00e9s et rev\u00eatements r\u00e9silients sur des substrats absorbants ou semi-absorbants","breadcrumb":{"@id":"https:\/\/chimiver.com\/fr\/prodotto\/adesiver-re-400-rf\/#breadcrumb"},"inLanguage":"fr-FR","potentialAction":[{"@type":"ReadAction","target":["https:\/\/chimiver.com\/fr\/prodotto\/adesiver-re-400-rf\/"]}]},{"@type":"ImageObject","inLanguage":"fr-FR","@id":"https:\/\/chimiver.com\/fr\/prodotto\/adesiver-re-400-rf\/#primaryimage","url":"https:\/\/chimiver.com\/wp-content\/uploads\/2022\/01\/272_3cc27.jpg","contentUrl":"https:\/\/chimiver.com\/wp-content\/uploads\/2022\/01\/272_3cc27.jpg","width":640,"height":640,"caption":"Adesiver RE 400\/RF"},{"@type":"BreadcrumbList","@id":"https:\/\/chimiver.com\/fr\/prodotto\/adesiver-re-400-rf\/#breadcrumb","itemListElement":[{"@type":"ListItem","position":1,"name":"Home","item":"https:\/\/chimiver.com\/fr\/"},{"@type":"ListItem","position":2,"name":"Shop","item":"https:\/\/chimiver.com\/?page_id=10"},{"@type":"ListItem","position":3,"name":"ADESIVER RE 400\/RF"}]},{"@type":"WebSite","@id":"https:\/\/chimiver.com\/fr\/#website","url":"https:\/\/chimiver.com\/fr\/","name":"Chimiver, Your floors partner","description":"Your floors partner","publisher":{"@id":"https:\/\/chimiver.com\/fr\/#organization"},"alternateName":"Chimiver","potentialAction":[{"@type":"SearchAction","target":{"@type":"EntryPoint","urlTemplate":"https:\/\/chimiver.com\/fr\/?s={search_term_string}"},"query-input":{"@type":"PropertyValueSpecification","valueRequired":true,"valueName":"search_term_string"}}],"inLanguage":"fr-FR"},{"@type":"Organization","@id":"https:\/\/chimiver.com\/fr\/#organization","name":"Chimiver","url":"https:\/\/chimiver.com\/fr\/","logo":{"@type":"ImageObject","inLanguage":"fr-FR","@id":"https:\/\/chimiver.com\/fr\/#\/schema\/logo\/image\/","url":"https:\/\/chimiver.com\/wp-content\/uploads\/2022\/06\/Chimiver_500x500.jpg","contentUrl":"https:\/\/chimiver.com\/wp-content\/uploads\/2022\/06\/Chimiver_500x500.jpg","width":500,"height":500,"caption":"Chimiver"},"image":{"@id":"https:\/\/chimiver.com\/fr\/#\/schema\/logo\/image\/"},"sameAs":["https:\/\/www.facebook.com\/chimiver"]}]}},"_links":{"self":[{"href":"https:\/\/chimiver.com\/fr\/wp-json\/wp\/v2\/product\/14617","targetHints":{"allow":["GET"]}}],"collection":[{"href":"https:\/\/chimiver.com\/fr\/wp-json\/wp\/v2\/product"}],"about":[{"href":"https:\/\/chimiver.com\/fr\/wp-json\/wp\/v2\/types\/product"}],"replies":[{"embeddable":true,"href":"https:\/\/chimiver.com\/fr\/wp-json\/wp\/v2\/comments?post=14617"}],"wp:featuredmedia":[{"embeddable":true,"href":"https:\/\/chimiver.com\/fr\/wp-json\/wp\/v2\/media\/8118"}],"wp:attachment":[{"href":"https:\/\/chimiver.com\/fr\/wp-json\/wp\/v2\/media?parent=14617"}],"wp:term":[{"taxonomy":"product_brand","embeddable":true,"href":"https:\/\/chimiver.com\/fr\/wp-json\/wp\/v2\/product_brand?post=14617"},{"taxonomy":"product_cat","embeddable":true,"href":"https:\/\/chimiver.com\/fr\/wp-json\/wp\/v2\/product_cat?post=14617"},{"taxonomy":"product_tag","embeddable":true,"href":"https:\/\/chimiver.com\/fr\/wp-json\/wp\/v2\/product_tag?post=14617"}],"curies":[{"name":"wp","href":"https:\/\/api.w.org\/{rel}","templated":true}]}}