{"id":14631,"date":"2022-01-21T12:14:25","date_gmt":"2022-01-21T11:14:25","guid":{"rendered":"https:\/\/chimiver.com\/prodotto\/adesiver-406-hv\/"},"modified":"2024-05-31T14:28:48","modified_gmt":"2024-05-31T12:28:48","slug":"adesiver-406-hv","status":"publish","type":"product","link":"https:\/\/chimiver.com\/fr\/prodotto\/adesiver-406-hv\/","title":{"rendered":"ADESIVER 406 HV"},"content":{"rendered":"<p>Adh\u00e9sif \u00e0 double couche \u00e0 base de solvant polychloropr\u00e8ne adapt\u00e9 au collage difficile de stratifi\u00e9s, de m\u00e9taux, de profil\u00e9s, de sols r\u00e9silients et de rev\u00eatements sur des surfaces absorbantes ou mal absorbantes o\u00f9 une adh\u00e9rence imm\u00e9diate et une adh\u00e9rence initiale sont n\u00e9cessaires. ADESIVER 406 HV pr\u00e9sente une r\u00e9sistance thermique \u00e9lev\u00e9e et une adh\u00e9rence initiale forte.<\/p>\n","protected":false},"excerpt":{"rendered":"Adh\u00e9sif de contact \u00e0 base de solvant \u00e0 haute viscosit\u00e9","protected":false},"featured_media":8066,"comment_status":"open","ping_status":"closed","template":"","meta":{"_acf_changed":false,"inline_featured_image":false},"product_brand":[],"product_cat":[761,762,763],"product_tag":[],"class_list":{"0":"post-14631","1":"product","2":"type-product","3":"status-publish","4":"has-post-thumbnail","6":"product_cat-sols-resilients","7":"product_cat-collage-de-moquette-linoleum-pvc-caoutchouc-lvt","8":"product_cat-adhesifs-pour-linterieur","10":"first","11":"instock","12":"shipping-taxable","13":"product-type-simple","14":"add-to-wishlist-after_add_to_cart"},"acf":[],"yoast_head":"<!-- This site is optimized with the Yoast SEO plugin v26.2 - https:\/\/yoast.com\/wordpress\/plugins\/seo\/ -->\n<title>ADESIVER 406 HV - Chimiver SOLS R\u00c9SILIENTS, Collage de moquette, linol\u00e9um, PVC, caoutchouc, LVT, Adh\u00e9sifs pour l&#039;int\u00e9rieur<\/title>\n<meta name=\"description\" content=\"Scopri ADESIVER 406 HV SOLS R\u00c9SILIENTS, Collage de moquette, linol\u00e9um, PVC, caoutchouc, LVT, Adh\u00e9sifs pour l&#039;int\u00e9rieur. Dal 1965 Chimiver \u00e8 leader nel mercato dei prodotti per incollaggio, trattamento e manutenzione dei pavimenti.\" \/>\n<meta name=\"robots\" content=\"index, follow, max-snippet:-1, max-image-preview:large, max-video-preview:-1\" \/>\n<link rel=\"canonical\" href=\"https:\/\/chimiver.com\/fr\/prodotto\/adesiver-406-hv\/\" \/>\n<meta property=\"og:locale\" content=\"fr_FR\" \/>\n<meta property=\"og:type\" content=\"article\" \/>\n<meta property=\"og:title\" content=\"ADESIVER 406 HV - Chimiver SOLS R\u00c9SILIENTS, Collage de moquette, linol\u00e9um, PVC, caoutchouc, LVT, Adh\u00e9sifs pour l&#039;int\u00e9rieur\" \/>\n<meta property=\"og:description\" content=\"Scopri ADESIVER 406 HV SOLS R\u00c9SILIENTS, Collage de moquette, linol\u00e9um, PVC, caoutchouc, LVT, Adh\u00e9sifs pour l&#039;int\u00e9rieur. Dal 1965 Chimiver \u00e8 leader nel mercato dei prodotti per incollaggio, trattamento e manutenzione dei pavimenti.\" \/>\n<meta property=\"og:url\" content=\"https:\/\/chimiver.com\/fr\/prodotto\/adesiver-406-hv\/\" \/>\n<meta property=\"og:site_name\" content=\"Chimiver\" \/>\n<meta property=\"article:publisher\" content=\"https:\/\/www.facebook.com\/chimiver\" \/>\n<meta property=\"article:modified_time\" content=\"2024-05-31T12:28:48+00:00\" \/>\n<meta property=\"og:image\" content=\"https:\/\/chimiver.com\/wp-content\/uploads\/2022\/01\/86_1f96d.jpg\" \/>\n\t<meta property=\"og:image:width\" content=\"640\" \/>\n\t<meta property=\"og:image:height\" content=\"640\" \/>\n\t<meta property=\"og:image:type\" content=\"image\/jpeg\" \/>\n<meta name=\"twitter:card\" content=\"summary_large_image\" \/>\n<meta name=\"twitter:label1\" content=\"Dur\u00e9e de lecture estim\u00e9e\" \/>\n\t<meta name=\"twitter:data1\" content=\"1 minute\" \/>\n<script type=\"application\/ld+json\" class=\"yoast-schema-graph\">{\"@context\":\"https:\/\/schema.org\",\"@graph\":[{\"@type\":\"WebPage\",\"@id\":\"https:\/\/chimiver.com\/fr\/prodotto\/adesiver-406-hv\/\",\"url\":\"https:\/\/chimiver.com\/fr\/prodotto\/adesiver-406-hv\/\",\"name\":\"ADESIVER 406 HV - Chimiver SOLS R\u00c9SILIENTS, Collage de moquette, linol\u00e9um, PVC, caoutchouc, LVT, Adh\u00e9sifs pour l'int\u00e9rieur\",\"isPartOf\":{\"@id\":\"https:\/\/chimiver.com\/fr\/#website\"},\"primaryImageOfPage\":{\"@id\":\"https:\/\/chimiver.com\/fr\/prodotto\/adesiver-406-hv\/#primaryimage\"},\"image\":{\"@id\":\"https:\/\/chimiver.com\/fr\/prodotto\/adesiver-406-hv\/#primaryimage\"},\"thumbnailUrl\":\"https:\/\/chimiver.com\/wp-content\/uploads\/2022\/01\/86_1f96d.jpg\",\"datePublished\":\"2022-01-21T11:14:25+00:00\",\"dateModified\":\"2024-05-31T12:28:48+00:00\",\"description\":\"Scopri ADESIVER 406 HV SOLS R\u00c9SILIENTS, Collage de moquette, linol\u00e9um, PVC, caoutchouc, LVT, Adh\u00e9sifs pour l'int\u00e9rieur. Dal 1965 Chimiver \u00e8 leader nel mercato dei prodotti per incollaggio, trattamento e manutenzione dei pavimenti.\",\"breadcrumb\":{\"@id\":\"https:\/\/chimiver.com\/fr\/prodotto\/adesiver-406-hv\/#breadcrumb\"},\"inLanguage\":\"fr-FR\",\"potentialAction\":[{\"@type\":\"ReadAction\",\"target\":[\"https:\/\/chimiver.com\/fr\/prodotto\/adesiver-406-hv\/\"]}]},{\"@type\":\"ImageObject\",\"inLanguage\":\"fr-FR\",\"@id\":\"https:\/\/chimiver.com\/fr\/prodotto\/adesiver-406-hv\/#primaryimage\",\"url\":\"https:\/\/chimiver.com\/wp-content\/uploads\/2022\/01\/86_1f96d.jpg\",\"contentUrl\":\"https:\/\/chimiver.com\/wp-content\/uploads\/2022\/01\/86_1f96d.jpg\",\"width\":640,\"height\":640},{\"@type\":\"BreadcrumbList\",\"@id\":\"https:\/\/chimiver.com\/fr\/prodotto\/adesiver-406-hv\/#breadcrumb\",\"itemListElement\":[{\"@type\":\"ListItem\",\"position\":1,\"name\":\"Home\",\"item\":\"https:\/\/chimiver.com\/fr\/\"},{\"@type\":\"ListItem\",\"position\":2,\"name\":\"Shop\",\"item\":\"https:\/\/chimiver.com\/?page_id=10\"},{\"@type\":\"ListItem\",\"position\":3,\"name\":\"ADESIVER 406 HV\"}]},{\"@type\":\"WebSite\",\"@id\":\"https:\/\/chimiver.com\/fr\/#website\",\"url\":\"https:\/\/chimiver.com\/fr\/\",\"name\":\"Chimiver, Your floors partner\",\"description\":\"Your floors partner\",\"publisher\":{\"@id\":\"https:\/\/chimiver.com\/fr\/#organization\"},\"alternateName\":\"Chimiver\",\"potentialAction\":[{\"@type\":\"SearchAction\",\"target\":{\"@type\":\"EntryPoint\",\"urlTemplate\":\"https:\/\/chimiver.com\/fr\/?s={search_term_string}\"},\"query-input\":{\"@type\":\"PropertyValueSpecification\",\"valueRequired\":true,\"valueName\":\"search_term_string\"}}],\"inLanguage\":\"fr-FR\"},{\"@type\":\"Organization\",\"@id\":\"https:\/\/chimiver.com\/fr\/#organization\",\"name\":\"Chimiver\",\"url\":\"https:\/\/chimiver.com\/fr\/\",\"logo\":{\"@type\":\"ImageObject\",\"inLanguage\":\"fr-FR\",\"@id\":\"https:\/\/chimiver.com\/fr\/#\/schema\/logo\/image\/\",\"url\":\"https:\/\/chimiver.com\/wp-content\/uploads\/2022\/06\/Chimiver_500x500.jpg\",\"contentUrl\":\"https:\/\/chimiver.com\/wp-content\/uploads\/2022\/06\/Chimiver_500x500.jpg\",\"width\":500,\"height\":500,\"caption\":\"Chimiver\"},\"image\":{\"@id\":\"https:\/\/chimiver.com\/fr\/#\/schema\/logo\/image\/\"},\"sameAs\":[\"https:\/\/www.facebook.com\/chimiver\"]}]}<\/script>\n<!-- \/ Yoast SEO plugin. -->","yoast_head_json":{"title":"ADESIVER 406 HV - Chimiver SOLS R\u00c9SILIENTS, Collage de moquette, linol\u00e9um, PVC, caoutchouc, LVT, Adh\u00e9sifs pour l'int\u00e9rieur","description":"Scopri ADESIVER 406 HV SOLS R\u00c9SILIENTS, Collage de moquette, linol\u00e9um, PVC, caoutchouc, LVT, Adh\u00e9sifs pour l'int\u00e9rieur. Dal 1965 Chimiver \u00e8 leader nel mercato dei prodotti per incollaggio, trattamento e manutenzione dei pavimenti.","robots":{"index":"index","follow":"follow","max-snippet":"max-snippet:-1","max-image-preview":"max-image-preview:large","max-video-preview":"max-video-preview:-1"},"canonical":"https:\/\/chimiver.com\/fr\/prodotto\/adesiver-406-hv\/","og_locale":"fr_FR","og_type":"article","og_title":"ADESIVER 406 HV - Chimiver SOLS R\u00c9SILIENTS, Collage de moquette, linol\u00e9um, PVC, caoutchouc, LVT, Adh\u00e9sifs pour l'int\u00e9rieur","og_description":"Scopri ADESIVER 406 HV SOLS R\u00c9SILIENTS, Collage de moquette, linol\u00e9um, PVC, caoutchouc, LVT, Adh\u00e9sifs pour l'int\u00e9rieur. Dal 1965 Chimiver \u00e8 leader nel mercato dei prodotti per incollaggio, trattamento e manutenzione dei pavimenti.","og_url":"https:\/\/chimiver.com\/fr\/prodotto\/adesiver-406-hv\/","og_site_name":"Chimiver","article_publisher":"https:\/\/www.facebook.com\/chimiver","article_modified_time":"2024-05-31T12:28:48+00:00","og_image":[{"width":640,"height":640,"url":"https:\/\/chimiver.com\/wp-content\/uploads\/2022\/01\/86_1f96d.jpg","type":"image\/jpeg"}],"twitter_card":"summary_large_image","twitter_misc":{"Dur\u00e9e de lecture estim\u00e9e":"1 minute"},"schema":{"@context":"https:\/\/schema.org","@graph":[{"@type":"WebPage","@id":"https:\/\/chimiver.com\/fr\/prodotto\/adesiver-406-hv\/","url":"https:\/\/chimiver.com\/fr\/prodotto\/adesiver-406-hv\/","name":"ADESIVER 406 HV - Chimiver SOLS R\u00c9SILIENTS, Collage de moquette, linol\u00e9um, PVC, caoutchouc, LVT, Adh\u00e9sifs pour l'int\u00e9rieur","isPartOf":{"@id":"https:\/\/chimiver.com\/fr\/#website"},"primaryImageOfPage":{"@id":"https:\/\/chimiver.com\/fr\/prodotto\/adesiver-406-hv\/#primaryimage"},"image":{"@id":"https:\/\/chimiver.com\/fr\/prodotto\/adesiver-406-hv\/#primaryimage"},"thumbnailUrl":"https:\/\/chimiver.com\/wp-content\/uploads\/2022\/01\/86_1f96d.jpg","datePublished":"2022-01-21T11:14:25+00:00","dateModified":"2024-05-31T12:28:48+00:00","description":"Scopri ADESIVER 406 HV SOLS R\u00c9SILIENTS, Collage de moquette, linol\u00e9um, PVC, caoutchouc, LVT, Adh\u00e9sifs pour l'int\u00e9rieur. Dal 1965 Chimiver \u00e8 leader nel mercato dei prodotti per incollaggio, trattamento e manutenzione dei pavimenti.","breadcrumb":{"@id":"https:\/\/chimiver.com\/fr\/prodotto\/adesiver-406-hv\/#breadcrumb"},"inLanguage":"fr-FR","potentialAction":[{"@type":"ReadAction","target":["https:\/\/chimiver.com\/fr\/prodotto\/adesiver-406-hv\/"]}]},{"@type":"ImageObject","inLanguage":"fr-FR","@id":"https:\/\/chimiver.com\/fr\/prodotto\/adesiver-406-hv\/#primaryimage","url":"https:\/\/chimiver.com\/wp-content\/uploads\/2022\/01\/86_1f96d.jpg","contentUrl":"https:\/\/chimiver.com\/wp-content\/uploads\/2022\/01\/86_1f96d.jpg","width":640,"height":640},{"@type":"BreadcrumbList","@id":"https:\/\/chimiver.com\/fr\/prodotto\/adesiver-406-hv\/#breadcrumb","itemListElement":[{"@type":"ListItem","position":1,"name":"Home","item":"https:\/\/chimiver.com\/fr\/"},{"@type":"ListItem","position":2,"name":"Shop","item":"https:\/\/chimiver.com\/?page_id=10"},{"@type":"ListItem","position":3,"name":"ADESIVER 406 HV"}]},{"@type":"WebSite","@id":"https:\/\/chimiver.com\/fr\/#website","url":"https:\/\/chimiver.com\/fr\/","name":"Chimiver, Your floors partner","description":"Your floors partner","publisher":{"@id":"https:\/\/chimiver.com\/fr\/#organization"},"alternateName":"Chimiver","potentialAction":[{"@type":"SearchAction","target":{"@type":"EntryPoint","urlTemplate":"https:\/\/chimiver.com\/fr\/?s={search_term_string}"},"query-input":{"@type":"PropertyValueSpecification","valueRequired":true,"valueName":"search_term_string"}}],"inLanguage":"fr-FR"},{"@type":"Organization","@id":"https:\/\/chimiver.com\/fr\/#organization","name":"Chimiver","url":"https:\/\/chimiver.com\/fr\/","logo":{"@type":"ImageObject","inLanguage":"fr-FR","@id":"https:\/\/chimiver.com\/fr\/#\/schema\/logo\/image\/","url":"https:\/\/chimiver.com\/wp-content\/uploads\/2022\/06\/Chimiver_500x500.jpg","contentUrl":"https:\/\/chimiver.com\/wp-content\/uploads\/2022\/06\/Chimiver_500x500.jpg","width":500,"height":500,"caption":"Chimiver"},"image":{"@id":"https:\/\/chimiver.com\/fr\/#\/schema\/logo\/image\/"},"sameAs":["https:\/\/www.facebook.com\/chimiver"]}]}},"_links":{"self":[{"href":"https:\/\/chimiver.com\/fr\/wp-json\/wp\/v2\/product\/14631","targetHints":{"allow":["GET"]}}],"collection":[{"href":"https:\/\/chimiver.com\/fr\/wp-json\/wp\/v2\/product"}],"about":[{"href":"https:\/\/chimiver.com\/fr\/wp-json\/wp\/v2\/types\/product"}],"replies":[{"embeddable":true,"href":"https:\/\/chimiver.com\/fr\/wp-json\/wp\/v2\/comments?post=14631"}],"wp:featuredmedia":[{"embeddable":true,"href":"https:\/\/chimiver.com\/fr\/wp-json\/wp\/v2\/media\/8066"}],"wp:attachment":[{"href":"https:\/\/chimiver.com\/fr\/wp-json\/wp\/v2\/media?parent=14631"}],"wp:term":[{"taxonomy":"product_brand","embeddable":true,"href":"https:\/\/chimiver.com\/fr\/wp-json\/wp\/v2\/product_brand?post=14631"},{"taxonomy":"product_cat","embeddable":true,"href":"https:\/\/chimiver.com\/fr\/wp-json\/wp\/v2\/product_cat?post=14631"},{"taxonomy":"product_tag","embeddable":true,"href":"https:\/\/chimiver.com\/fr\/wp-json\/wp\/v2\/product_tag?post=14631"}],"curies":[{"name":"wp","href":"https:\/\/api.w.org\/{rel}","templated":true}]}}