{"id":14658,"date":"2022-01-21T12:15:17","date_gmt":"2022-01-21T11:15:17","guid":{"rendered":"https:\/\/chimiver.com\/prodotto\/ecostar-2k-hp-colorata-ab\/"},"modified":"2024-10-28T15:40:45","modified_gmt":"2024-10-28T14:40:45","slug":"ecostar-2k-hp-colorata-ab","status":"publish","type":"product","link":"https:\/\/chimiver.com\/fr\/prodotto\/ecostar-2k-hp-colorata-ab\/","title":{"rendered":"ECOSTAR 2K HP COLORATA (A+B)"},"content":{"rendered":"<p>Vernis bi-composant, polyur\u00e9thane aliphatique \u00e0 base d&rsquo;eau pour le sols en LVT, PVC, LINOLEUM, ecc, recommand\u00e9 dans toutes les maisons et dans les b\u00e2timents publics, m\u00eame ceux qui sont soumis \u00e0 un trafic pi\u00e9tonnier \u00e9lev\u00e9. ECOSTAR 2K HP COLORATA poss\u00e8de des r\u00e9sistances chimique et physique \u00e9lev\u00e9e, flexibilit\u00e9, r\u00e9sistance \u00e0 l&rsquo;usure, \u00e0 la rayur et \u00e0 l&rsquo;abrasion. Produit \u00e0 tr\u00e8s faible \u00e9mission; id\u00e9al \u00e0 l&rsquo;int\u00e9rieur.<\/p>\n<ul>\n<li><strong>Disponible en couleurs RAL, NCS et sur demande.<\/strong><\/li>\n<li><strong>Disponible en TIX version: Peinture thixotropique sp\u00e9cialement formul\u00e9e pour les lignes de d\u00e9marcation.<\/strong><\/li>\n<\/ul>\n","protected":false},"excerpt":{"rendered":"Vernis bi-composant polyur\u00e9thane \u00e0 l&rsquo;eau pour sols \u00e9lastiques","protected":false},"featured_media":8354,"comment_status":"open","ping_status":"closed","template":"","meta":{"_acf_changed":false,"inline_featured_image":false},"product_brand":[],"product_cat":[738,761,765],"product_tag":[],"class_list":{"0":"post-14658","1":"product","2":"type-product","3":"status-publish","4":"has-post-thumbnail","6":"product_cat-professionnels","7":"product_cat-sols-resilients","8":"product_cat-appliquer-la-finition-fr","10":"first","11":"instock","12":"shipping-taxable","13":"product-type-simple","14":"add-to-wishlist-after_add_to_cart"},"acf":[],"yoast_head":"<!-- This site is optimized with the Yoast SEO plugin v26.2 - https:\/\/yoast.com\/wordpress\/plugins\/seo\/ -->\n<title>ECOSTAR 2K HP COLORATA (A+B) - Chimiver Professionnels, SOLS R\u00c9SILIENTS, Appliquer la finition<\/title>\n<meta name=\"description\" content=\"Scopri ECOSTAR 2K HP COLORATA (A+B) Professionnels, SOLS R\u00c9SILIENTS, Appliquer la finition. Dal 1965 Chimiver \u00e8 leader nel mercato dei prodotti per incollaggio, trattamento e manutenzione dei pavimenti.\" \/>\n<meta name=\"robots\" content=\"index, follow, max-snippet:-1, max-image-preview:large, max-video-preview:-1\" \/>\n<link rel=\"canonical\" href=\"https:\/\/chimiver.com\/fr\/prodotto\/ecostar-2k-hp-colorata-ab\/\" \/>\n<meta property=\"og:locale\" content=\"fr_FR\" \/>\n<meta property=\"og:type\" content=\"article\" \/>\n<meta property=\"og:title\" content=\"ECOSTAR 2K HP COLORATA (A+B) - Chimiver Professionnels, SOLS R\u00c9SILIENTS, Appliquer la finition\" \/>\n<meta property=\"og:description\" content=\"Scopri ECOSTAR 2K HP COLORATA (A+B) Professionnels, SOLS R\u00c9SILIENTS, Appliquer la finition. Dal 1965 Chimiver \u00e8 leader nel mercato dei prodotti per incollaggio, trattamento e manutenzione dei pavimenti.\" \/>\n<meta property=\"og:url\" content=\"https:\/\/chimiver.com\/fr\/prodotto\/ecostar-2k-hp-colorata-ab\/\" \/>\n<meta property=\"og:site_name\" content=\"Chimiver\" \/>\n<meta property=\"article:publisher\" content=\"https:\/\/www.facebook.com\/chimiver\" \/>\n<meta property=\"article:modified_time\" content=\"2024-10-28T14:40:45+00:00\" \/>\n<meta property=\"og:image\" content=\"https:\/\/chimiver.com\/wp-content\/uploads\/2022\/01\/334_2793e.jpg\" \/>\n\t<meta property=\"og:image:width\" content=\"640\" \/>\n\t<meta property=\"og:image:height\" content=\"640\" \/>\n\t<meta property=\"og:image:type\" content=\"image\/jpeg\" \/>\n<meta name=\"twitter:card\" content=\"summary_large_image\" \/>\n<meta name=\"twitter:label1\" content=\"Dur\u00e9e de lecture estim\u00e9e\" \/>\n\t<meta name=\"twitter:data1\" content=\"1 minute\" \/>\n<script type=\"application\/ld+json\" class=\"yoast-schema-graph\">{\"@context\":\"https:\/\/schema.org\",\"@graph\":[{\"@type\":\"WebPage\",\"@id\":\"https:\/\/chimiver.com\/fr\/prodotto\/ecostar-2k-hp-colorata-ab\/\",\"url\":\"https:\/\/chimiver.com\/fr\/prodotto\/ecostar-2k-hp-colorata-ab\/\",\"name\":\"ECOSTAR 2K HP COLORATA (A+B) - Chimiver Professionnels, SOLS R\u00c9SILIENTS, Appliquer la finition\",\"isPartOf\":{\"@id\":\"https:\/\/chimiver.com\/fr\/#website\"},\"primaryImageOfPage\":{\"@id\":\"https:\/\/chimiver.com\/fr\/prodotto\/ecostar-2k-hp-colorata-ab\/#primaryimage\"},\"image\":{\"@id\":\"https:\/\/chimiver.com\/fr\/prodotto\/ecostar-2k-hp-colorata-ab\/#primaryimage\"},\"thumbnailUrl\":\"https:\/\/chimiver.com\/wp-content\/uploads\/2022\/01\/334_2793e.jpg\",\"datePublished\":\"2022-01-21T11:15:17+00:00\",\"dateModified\":\"2024-10-28T14:40:45+00:00\",\"description\":\"Scopri ECOSTAR 2K HP COLORATA (A+B) Professionnels, SOLS R\u00c9SILIENTS, Appliquer la finition. Dal 1965 Chimiver \u00e8 leader nel mercato dei prodotti per incollaggio, trattamento e manutenzione dei pavimenti.\",\"breadcrumb\":{\"@id\":\"https:\/\/chimiver.com\/fr\/prodotto\/ecostar-2k-hp-colorata-ab\/#breadcrumb\"},\"inLanguage\":\"fr-FR\",\"potentialAction\":[{\"@type\":\"ReadAction\",\"target\":[\"https:\/\/chimiver.com\/fr\/prodotto\/ecostar-2k-hp-colorata-ab\/\"]}]},{\"@type\":\"ImageObject\",\"inLanguage\":\"fr-FR\",\"@id\":\"https:\/\/chimiver.com\/fr\/prodotto\/ecostar-2k-hp-colorata-ab\/#primaryimage\",\"url\":\"https:\/\/chimiver.com\/wp-content\/uploads\/2022\/01\/334_2793e.jpg\",\"contentUrl\":\"https:\/\/chimiver.com\/wp-content\/uploads\/2022\/01\/334_2793e.jpg\",\"width\":640,\"height\":640,\"caption\":\"Ecostar 2K HP Colorata per LVT_A&B\"},{\"@type\":\"BreadcrumbList\",\"@id\":\"https:\/\/chimiver.com\/fr\/prodotto\/ecostar-2k-hp-colorata-ab\/#breadcrumb\",\"itemListElement\":[{\"@type\":\"ListItem\",\"position\":1,\"name\":\"Home\",\"item\":\"https:\/\/chimiver.com\/fr\/\"},{\"@type\":\"ListItem\",\"position\":2,\"name\":\"Shop\",\"item\":\"https:\/\/chimiver.com\/?page_id=10\"},{\"@type\":\"ListItem\",\"position\":3,\"name\":\"ECOSTAR 2K HP COLORATA (A+B)\"}]},{\"@type\":\"WebSite\",\"@id\":\"https:\/\/chimiver.com\/fr\/#website\",\"url\":\"https:\/\/chimiver.com\/fr\/\",\"name\":\"Chimiver, Your floors partner\",\"description\":\"Your floors partner\",\"publisher\":{\"@id\":\"https:\/\/chimiver.com\/fr\/#organization\"},\"alternateName\":\"Chimiver\",\"potentialAction\":[{\"@type\":\"SearchAction\",\"target\":{\"@type\":\"EntryPoint\",\"urlTemplate\":\"https:\/\/chimiver.com\/fr\/?s={search_term_string}\"},\"query-input\":{\"@type\":\"PropertyValueSpecification\",\"valueRequired\":true,\"valueName\":\"search_term_string\"}}],\"inLanguage\":\"fr-FR\"},{\"@type\":\"Organization\",\"@id\":\"https:\/\/chimiver.com\/fr\/#organization\",\"name\":\"Chimiver\",\"url\":\"https:\/\/chimiver.com\/fr\/\",\"logo\":{\"@type\":\"ImageObject\",\"inLanguage\":\"fr-FR\",\"@id\":\"https:\/\/chimiver.com\/fr\/#\/schema\/logo\/image\/\",\"url\":\"https:\/\/chimiver.com\/wp-content\/uploads\/2022\/06\/Chimiver_500x500.jpg\",\"contentUrl\":\"https:\/\/chimiver.com\/wp-content\/uploads\/2022\/06\/Chimiver_500x500.jpg\",\"width\":500,\"height\":500,\"caption\":\"Chimiver\"},\"image\":{\"@id\":\"https:\/\/chimiver.com\/fr\/#\/schema\/logo\/image\/\"},\"sameAs\":[\"https:\/\/www.facebook.com\/chimiver\"]}]}<\/script>\n<!-- \/ Yoast SEO plugin. -->","yoast_head_json":{"title":"ECOSTAR 2K HP COLORATA (A+B) - Chimiver Professionnels, SOLS R\u00c9SILIENTS, Appliquer la finition","description":"Scopri ECOSTAR 2K HP COLORATA (A+B) Professionnels, SOLS R\u00c9SILIENTS, Appliquer la finition. Dal 1965 Chimiver \u00e8 leader nel mercato dei prodotti per incollaggio, trattamento e manutenzione dei pavimenti.","robots":{"index":"index","follow":"follow","max-snippet":"max-snippet:-1","max-image-preview":"max-image-preview:large","max-video-preview":"max-video-preview:-1"},"canonical":"https:\/\/chimiver.com\/fr\/prodotto\/ecostar-2k-hp-colorata-ab\/","og_locale":"fr_FR","og_type":"article","og_title":"ECOSTAR 2K HP COLORATA (A+B) - Chimiver Professionnels, SOLS R\u00c9SILIENTS, Appliquer la finition","og_description":"Scopri ECOSTAR 2K HP COLORATA (A+B) Professionnels, SOLS R\u00c9SILIENTS, Appliquer la finition. Dal 1965 Chimiver \u00e8 leader nel mercato dei prodotti per incollaggio, trattamento e manutenzione dei pavimenti.","og_url":"https:\/\/chimiver.com\/fr\/prodotto\/ecostar-2k-hp-colorata-ab\/","og_site_name":"Chimiver","article_publisher":"https:\/\/www.facebook.com\/chimiver","article_modified_time":"2024-10-28T14:40:45+00:00","og_image":[{"width":640,"height":640,"url":"https:\/\/chimiver.com\/wp-content\/uploads\/2022\/01\/334_2793e.jpg","type":"image\/jpeg"}],"twitter_card":"summary_large_image","twitter_misc":{"Dur\u00e9e de lecture estim\u00e9e":"1 minute"},"schema":{"@context":"https:\/\/schema.org","@graph":[{"@type":"WebPage","@id":"https:\/\/chimiver.com\/fr\/prodotto\/ecostar-2k-hp-colorata-ab\/","url":"https:\/\/chimiver.com\/fr\/prodotto\/ecostar-2k-hp-colorata-ab\/","name":"ECOSTAR 2K HP COLORATA (A+B) - Chimiver Professionnels, SOLS R\u00c9SILIENTS, Appliquer la finition","isPartOf":{"@id":"https:\/\/chimiver.com\/fr\/#website"},"primaryImageOfPage":{"@id":"https:\/\/chimiver.com\/fr\/prodotto\/ecostar-2k-hp-colorata-ab\/#primaryimage"},"image":{"@id":"https:\/\/chimiver.com\/fr\/prodotto\/ecostar-2k-hp-colorata-ab\/#primaryimage"},"thumbnailUrl":"https:\/\/chimiver.com\/wp-content\/uploads\/2022\/01\/334_2793e.jpg","datePublished":"2022-01-21T11:15:17+00:00","dateModified":"2024-10-28T14:40:45+00:00","description":"Scopri ECOSTAR 2K HP COLORATA (A+B) Professionnels, SOLS R\u00c9SILIENTS, Appliquer la finition. Dal 1965 Chimiver \u00e8 leader nel mercato dei prodotti per incollaggio, trattamento e manutenzione dei pavimenti.","breadcrumb":{"@id":"https:\/\/chimiver.com\/fr\/prodotto\/ecostar-2k-hp-colorata-ab\/#breadcrumb"},"inLanguage":"fr-FR","potentialAction":[{"@type":"ReadAction","target":["https:\/\/chimiver.com\/fr\/prodotto\/ecostar-2k-hp-colorata-ab\/"]}]},{"@type":"ImageObject","inLanguage":"fr-FR","@id":"https:\/\/chimiver.com\/fr\/prodotto\/ecostar-2k-hp-colorata-ab\/#primaryimage","url":"https:\/\/chimiver.com\/wp-content\/uploads\/2022\/01\/334_2793e.jpg","contentUrl":"https:\/\/chimiver.com\/wp-content\/uploads\/2022\/01\/334_2793e.jpg","width":640,"height":640,"caption":"Ecostar 2K HP Colorata per LVT_A&B"},{"@type":"BreadcrumbList","@id":"https:\/\/chimiver.com\/fr\/prodotto\/ecostar-2k-hp-colorata-ab\/#breadcrumb","itemListElement":[{"@type":"ListItem","position":1,"name":"Home","item":"https:\/\/chimiver.com\/fr\/"},{"@type":"ListItem","position":2,"name":"Shop","item":"https:\/\/chimiver.com\/?page_id=10"},{"@type":"ListItem","position":3,"name":"ECOSTAR 2K HP COLORATA (A+B)"}]},{"@type":"WebSite","@id":"https:\/\/chimiver.com\/fr\/#website","url":"https:\/\/chimiver.com\/fr\/","name":"Chimiver, Your floors partner","description":"Your floors partner","publisher":{"@id":"https:\/\/chimiver.com\/fr\/#organization"},"alternateName":"Chimiver","potentialAction":[{"@type":"SearchAction","target":{"@type":"EntryPoint","urlTemplate":"https:\/\/chimiver.com\/fr\/?s={search_term_string}"},"query-input":{"@type":"PropertyValueSpecification","valueRequired":true,"valueName":"search_term_string"}}],"inLanguage":"fr-FR"},{"@type":"Organization","@id":"https:\/\/chimiver.com\/fr\/#organization","name":"Chimiver","url":"https:\/\/chimiver.com\/fr\/","logo":{"@type":"ImageObject","inLanguage":"fr-FR","@id":"https:\/\/chimiver.com\/fr\/#\/schema\/logo\/image\/","url":"https:\/\/chimiver.com\/wp-content\/uploads\/2022\/06\/Chimiver_500x500.jpg","contentUrl":"https:\/\/chimiver.com\/wp-content\/uploads\/2022\/06\/Chimiver_500x500.jpg","width":500,"height":500,"caption":"Chimiver"},"image":{"@id":"https:\/\/chimiver.com\/fr\/#\/schema\/logo\/image\/"},"sameAs":["https:\/\/www.facebook.com\/chimiver"]}]}},"_links":{"self":[{"href":"https:\/\/chimiver.com\/fr\/wp-json\/wp\/v2\/product\/14658","targetHints":{"allow":["GET"]}}],"collection":[{"href":"https:\/\/chimiver.com\/fr\/wp-json\/wp\/v2\/product"}],"about":[{"href":"https:\/\/chimiver.com\/fr\/wp-json\/wp\/v2\/types\/product"}],"replies":[{"embeddable":true,"href":"https:\/\/chimiver.com\/fr\/wp-json\/wp\/v2\/comments?post=14658"}],"wp:featuredmedia":[{"embeddable":true,"href":"https:\/\/chimiver.com\/fr\/wp-json\/wp\/v2\/media\/8354"}],"wp:attachment":[{"href":"https:\/\/chimiver.com\/fr\/wp-json\/wp\/v2\/media?parent=14658"}],"wp:term":[{"taxonomy":"product_brand","embeddable":true,"href":"https:\/\/chimiver.com\/fr\/wp-json\/wp\/v2\/product_brand?post=14658"},{"taxonomy":"product_cat","embeddable":true,"href":"https:\/\/chimiver.com\/fr\/wp-json\/wp\/v2\/product_cat?post=14658"},{"taxonomy":"product_tag","embeddable":true,"href":"https:\/\/chimiver.com\/fr\/wp-json\/wp\/v2\/product_tag?post=14658"}],"curies":[{"name":"wp","href":"https:\/\/api.w.org\/{rel}","templated":true}]}}