{"id":14668,"date":"2022-01-21T12:14:46","date_gmt":"2022-01-21T11:14:46","guid":{"rendered":"https:\/\/chimiver.com\/prodotto\/prymaren-cream\/"},"modified":"2024-08-08T13:37:46","modified_gmt":"2024-08-08T11:37:46","slug":"prymaren-cream","status":"publish","type":"product","link":"https:\/\/chimiver.com\/fr\/prodotto\/prymaren-cream\/","title":{"rendered":"PRYMAREN CREAM"},"content":{"rendered":"<p>Appr\u00eat acrylique monocomposant isolant \u00e0 base d&rsquo;eau avec des r\u00e9sines non jaunissantes adapt\u00e9es \u00e0 l&rsquo;application de la gamme de produits ECOSTAR 2K HD per Pavimenti in resina (10-2). Sa formulation sp\u00e9ciale am\u00e9liore l&rsquo;adh\u00e9rence de la laque \u00e0 base d&rsquo;eau sur les microciments et le support min\u00e9ral augmentant la r\u00e9sistance \u00e0 l&rsquo;eau et aux surfaces alcalines. Les propri\u00e9t\u00e9s de non jaunissement et de durcissement \u00e9lev\u00e9 recommandent l&rsquo;application de PRYMAREN CREAM sur un microciment clair ou fonc\u00e9.<\/p>\n","protected":false},"excerpt":{"rendered":"Primaire monocomposant acrylique \u00e0 l&rsquo;eau pour micro-ciments","protected":false},"featured_media":8284,"comment_status":"open","ping_status":"closed","template":"","meta":{"_acf_changed":false,"inline_featured_image":false},"product_brand":[],"product_cat":[766,767,768],"product_tag":[],"class_list":{"0":"post-14668","1":"product","2":"type-product","3":"status-publish","4":"has-post-thumbnail","6":"product_cat-resine-et-beton-cire","7":"product_cat-traitement-et-vernissage-des-resines-et-beton-cire","8":"product_cat-fonds-et-vernis-a-leau","10":"first","11":"instock","12":"shipping-taxable","13":"product-type-simple","14":"add-to-wishlist-after_add_to_cart"},"acf":[],"yoast_head":"<!-- This site is optimized with the Yoast SEO plugin v26.2 - https:\/\/yoast.com\/wordpress\/plugins\/seo\/ -->\n<title>PRYMAREN CREAM - Chimiver R\u00c9SINE ET BETON CIRE, Traitement et vernissage des r\u00e9sines et beton cire, Fonds et vernis \u00e0 l&#039;eau<\/title>\n<meta name=\"description\" content=\"Scopri PRYMAREN CREAM R\u00c9SINE ET BETON CIRE, Traitement et vernissage des r\u00e9sines et beton cire, Fonds et vernis \u00e0 l&#039;eau. Dal 1965 Chimiver \u00e8 leader nel mercato dei prodotti per incollaggio, trattamento e manutenzione dei pavimenti.\" \/>\n<meta name=\"robots\" content=\"index, follow, max-snippet:-1, max-image-preview:large, max-video-preview:-1\" \/>\n<link rel=\"canonical\" href=\"https:\/\/chimiver.com\/fr\/prodotto\/prymaren-cream\/\" \/>\n<meta property=\"og:locale\" content=\"fr_FR\" \/>\n<meta property=\"og:type\" content=\"article\" \/>\n<meta property=\"og:title\" content=\"PRYMAREN CREAM - Chimiver R\u00c9SINE ET BETON CIRE, Traitement et vernissage des r\u00e9sines et beton cire, Fonds et vernis \u00e0 l&#039;eau\" \/>\n<meta property=\"og:description\" content=\"Scopri PRYMAREN CREAM R\u00c9SINE ET BETON CIRE, Traitement et vernissage des r\u00e9sines et beton cire, Fonds et vernis \u00e0 l&#039;eau. Dal 1965 Chimiver \u00e8 leader nel mercato dei prodotti per incollaggio, trattamento e manutenzione dei pavimenti.\" \/>\n<meta property=\"og:url\" content=\"https:\/\/chimiver.com\/fr\/prodotto\/prymaren-cream\/\" \/>\n<meta property=\"og:site_name\" content=\"Chimiver\" \/>\n<meta property=\"article:publisher\" content=\"https:\/\/www.facebook.com\/chimiver\" \/>\n<meta property=\"article:modified_time\" content=\"2024-08-08T11:37:46+00:00\" \/>\n<meta property=\"og:image\" content=\"https:\/\/chimiver.com\/wp-content\/uploads\/2022\/01\/325_1f697.jpg\" \/>\n\t<meta property=\"og:image:width\" content=\"640\" \/>\n\t<meta property=\"og:image:height\" content=\"640\" \/>\n\t<meta property=\"og:image:type\" content=\"image\/jpeg\" \/>\n<meta name=\"twitter:card\" content=\"summary_large_image\" \/>\n<meta name=\"twitter:label1\" content=\"Dur\u00e9e de lecture estim\u00e9e\" \/>\n\t<meta name=\"twitter:data1\" content=\"1 minute\" \/>\n<script type=\"application\/ld+json\" class=\"yoast-schema-graph\">{\"@context\":\"https:\/\/schema.org\",\"@graph\":[{\"@type\":\"WebPage\",\"@id\":\"https:\/\/chimiver.com\/fr\/prodotto\/prymaren-cream\/\",\"url\":\"https:\/\/chimiver.com\/fr\/prodotto\/prymaren-cream\/\",\"name\":\"PRYMAREN CREAM - Chimiver R\u00c9SINE ET BETON CIRE, Traitement et vernissage des r\u00e9sines et beton cire, Fonds et vernis \u00e0 l'eau\",\"isPartOf\":{\"@id\":\"https:\/\/chimiver.com\/fr\/#website\"},\"primaryImageOfPage\":{\"@id\":\"https:\/\/chimiver.com\/fr\/prodotto\/prymaren-cream\/#primaryimage\"},\"image\":{\"@id\":\"https:\/\/chimiver.com\/fr\/prodotto\/prymaren-cream\/#primaryimage\"},\"thumbnailUrl\":\"https:\/\/chimiver.com\/wp-content\/uploads\/2022\/01\/325_1f697.jpg\",\"datePublished\":\"2022-01-21T11:14:46+00:00\",\"dateModified\":\"2024-08-08T11:37:46+00:00\",\"description\":\"Scopri PRYMAREN CREAM R\u00c9SINE ET BETON CIRE, Traitement et vernissage des r\u00e9sines et beton cire, Fonds et vernis \u00e0 l'eau. Dal 1965 Chimiver \u00e8 leader nel mercato dei prodotti per incollaggio, trattamento e manutenzione dei pavimenti.\",\"breadcrumb\":{\"@id\":\"https:\/\/chimiver.com\/fr\/prodotto\/prymaren-cream\/#breadcrumb\"},\"inLanguage\":\"fr-FR\",\"potentialAction\":[{\"@type\":\"ReadAction\",\"target\":[\"https:\/\/chimiver.com\/fr\/prodotto\/prymaren-cream\/\"]}]},{\"@type\":\"ImageObject\",\"inLanguage\":\"fr-FR\",\"@id\":\"https:\/\/chimiver.com\/fr\/prodotto\/prymaren-cream\/#primaryimage\",\"url\":\"https:\/\/chimiver.com\/wp-content\/uploads\/2022\/01\/325_1f697.jpg\",\"contentUrl\":\"https:\/\/chimiver.com\/wp-content\/uploads\/2022\/01\/325_1f697.jpg\",\"width\":640,\"height\":640,\"caption\":\"Prymaren Cream\"},{\"@type\":\"BreadcrumbList\",\"@id\":\"https:\/\/chimiver.com\/fr\/prodotto\/prymaren-cream\/#breadcrumb\",\"itemListElement\":[{\"@type\":\"ListItem\",\"position\":1,\"name\":\"Home\",\"item\":\"https:\/\/chimiver.com\/fr\/\"},{\"@type\":\"ListItem\",\"position\":2,\"name\":\"Shop\",\"item\":\"https:\/\/chimiver.com\/?page_id=10\"},{\"@type\":\"ListItem\",\"position\":3,\"name\":\"PRYMAREN CREAM\"}]},{\"@type\":\"WebSite\",\"@id\":\"https:\/\/chimiver.com\/fr\/#website\",\"url\":\"https:\/\/chimiver.com\/fr\/\",\"name\":\"Chimiver, Your floors partner\",\"description\":\"Your floors partner\",\"publisher\":{\"@id\":\"https:\/\/chimiver.com\/fr\/#organization\"},\"alternateName\":\"Chimiver\",\"potentialAction\":[{\"@type\":\"SearchAction\",\"target\":{\"@type\":\"EntryPoint\",\"urlTemplate\":\"https:\/\/chimiver.com\/fr\/?s={search_term_string}\"},\"query-input\":{\"@type\":\"PropertyValueSpecification\",\"valueRequired\":true,\"valueName\":\"search_term_string\"}}],\"inLanguage\":\"fr-FR\"},{\"@type\":\"Organization\",\"@id\":\"https:\/\/chimiver.com\/fr\/#organization\",\"name\":\"Chimiver\",\"url\":\"https:\/\/chimiver.com\/fr\/\",\"logo\":{\"@type\":\"ImageObject\",\"inLanguage\":\"fr-FR\",\"@id\":\"https:\/\/chimiver.com\/fr\/#\/schema\/logo\/image\/\",\"url\":\"https:\/\/chimiver.com\/wp-content\/uploads\/2022\/06\/Chimiver_500x500.jpg\",\"contentUrl\":\"https:\/\/chimiver.com\/wp-content\/uploads\/2022\/06\/Chimiver_500x500.jpg\",\"width\":500,\"height\":500,\"caption\":\"Chimiver\"},\"image\":{\"@id\":\"https:\/\/chimiver.com\/fr\/#\/schema\/logo\/image\/\"},\"sameAs\":[\"https:\/\/www.facebook.com\/chimiver\"]}]}<\/script>\n<!-- \/ Yoast SEO plugin. -->","yoast_head_json":{"title":"PRYMAREN CREAM - Chimiver R\u00c9SINE ET BETON CIRE, Traitement et vernissage des r\u00e9sines et beton cire, Fonds et vernis \u00e0 l'eau","description":"Scopri PRYMAREN CREAM R\u00c9SINE ET BETON CIRE, Traitement et vernissage des r\u00e9sines et beton cire, Fonds et vernis \u00e0 l'eau. Dal 1965 Chimiver \u00e8 leader nel mercato dei prodotti per incollaggio, trattamento e manutenzione dei pavimenti.","robots":{"index":"index","follow":"follow","max-snippet":"max-snippet:-1","max-image-preview":"max-image-preview:large","max-video-preview":"max-video-preview:-1"},"canonical":"https:\/\/chimiver.com\/fr\/prodotto\/prymaren-cream\/","og_locale":"fr_FR","og_type":"article","og_title":"PRYMAREN CREAM - Chimiver R\u00c9SINE ET BETON CIRE, Traitement et vernissage des r\u00e9sines et beton cire, Fonds et vernis \u00e0 l'eau","og_description":"Scopri PRYMAREN CREAM R\u00c9SINE ET BETON CIRE, Traitement et vernissage des r\u00e9sines et beton cire, Fonds et vernis \u00e0 l'eau. Dal 1965 Chimiver \u00e8 leader nel mercato dei prodotti per incollaggio, trattamento e manutenzione dei pavimenti.","og_url":"https:\/\/chimiver.com\/fr\/prodotto\/prymaren-cream\/","og_site_name":"Chimiver","article_publisher":"https:\/\/www.facebook.com\/chimiver","article_modified_time":"2024-08-08T11:37:46+00:00","og_image":[{"width":640,"height":640,"url":"https:\/\/chimiver.com\/wp-content\/uploads\/2022\/01\/325_1f697.jpg","type":"image\/jpeg"}],"twitter_card":"summary_large_image","twitter_misc":{"Dur\u00e9e de lecture estim\u00e9e":"1 minute"},"schema":{"@context":"https:\/\/schema.org","@graph":[{"@type":"WebPage","@id":"https:\/\/chimiver.com\/fr\/prodotto\/prymaren-cream\/","url":"https:\/\/chimiver.com\/fr\/prodotto\/prymaren-cream\/","name":"PRYMAREN CREAM - Chimiver R\u00c9SINE ET BETON CIRE, Traitement et vernissage des r\u00e9sines et beton cire, Fonds et vernis \u00e0 l'eau","isPartOf":{"@id":"https:\/\/chimiver.com\/fr\/#website"},"primaryImageOfPage":{"@id":"https:\/\/chimiver.com\/fr\/prodotto\/prymaren-cream\/#primaryimage"},"image":{"@id":"https:\/\/chimiver.com\/fr\/prodotto\/prymaren-cream\/#primaryimage"},"thumbnailUrl":"https:\/\/chimiver.com\/wp-content\/uploads\/2022\/01\/325_1f697.jpg","datePublished":"2022-01-21T11:14:46+00:00","dateModified":"2024-08-08T11:37:46+00:00","description":"Scopri PRYMAREN CREAM R\u00c9SINE ET BETON CIRE, Traitement et vernissage des r\u00e9sines et beton cire, Fonds et vernis \u00e0 l'eau. Dal 1965 Chimiver \u00e8 leader nel mercato dei prodotti per incollaggio, trattamento e manutenzione dei pavimenti.","breadcrumb":{"@id":"https:\/\/chimiver.com\/fr\/prodotto\/prymaren-cream\/#breadcrumb"},"inLanguage":"fr-FR","potentialAction":[{"@type":"ReadAction","target":["https:\/\/chimiver.com\/fr\/prodotto\/prymaren-cream\/"]}]},{"@type":"ImageObject","inLanguage":"fr-FR","@id":"https:\/\/chimiver.com\/fr\/prodotto\/prymaren-cream\/#primaryimage","url":"https:\/\/chimiver.com\/wp-content\/uploads\/2022\/01\/325_1f697.jpg","contentUrl":"https:\/\/chimiver.com\/wp-content\/uploads\/2022\/01\/325_1f697.jpg","width":640,"height":640,"caption":"Prymaren Cream"},{"@type":"BreadcrumbList","@id":"https:\/\/chimiver.com\/fr\/prodotto\/prymaren-cream\/#breadcrumb","itemListElement":[{"@type":"ListItem","position":1,"name":"Home","item":"https:\/\/chimiver.com\/fr\/"},{"@type":"ListItem","position":2,"name":"Shop","item":"https:\/\/chimiver.com\/?page_id=10"},{"@type":"ListItem","position":3,"name":"PRYMAREN CREAM"}]},{"@type":"WebSite","@id":"https:\/\/chimiver.com\/fr\/#website","url":"https:\/\/chimiver.com\/fr\/","name":"Chimiver, Your floors partner","description":"Your floors partner","publisher":{"@id":"https:\/\/chimiver.com\/fr\/#organization"},"alternateName":"Chimiver","potentialAction":[{"@type":"SearchAction","target":{"@type":"EntryPoint","urlTemplate":"https:\/\/chimiver.com\/fr\/?s={search_term_string}"},"query-input":{"@type":"PropertyValueSpecification","valueRequired":true,"valueName":"search_term_string"}}],"inLanguage":"fr-FR"},{"@type":"Organization","@id":"https:\/\/chimiver.com\/fr\/#organization","name":"Chimiver","url":"https:\/\/chimiver.com\/fr\/","logo":{"@type":"ImageObject","inLanguage":"fr-FR","@id":"https:\/\/chimiver.com\/fr\/#\/schema\/logo\/image\/","url":"https:\/\/chimiver.com\/wp-content\/uploads\/2022\/06\/Chimiver_500x500.jpg","contentUrl":"https:\/\/chimiver.com\/wp-content\/uploads\/2022\/06\/Chimiver_500x500.jpg","width":500,"height":500,"caption":"Chimiver"},"image":{"@id":"https:\/\/chimiver.com\/fr\/#\/schema\/logo\/image\/"},"sameAs":["https:\/\/www.facebook.com\/chimiver"]}]}},"_links":{"self":[{"href":"https:\/\/chimiver.com\/fr\/wp-json\/wp\/v2\/product\/14668","targetHints":{"allow":["GET"]}}],"collection":[{"href":"https:\/\/chimiver.com\/fr\/wp-json\/wp\/v2\/product"}],"about":[{"href":"https:\/\/chimiver.com\/fr\/wp-json\/wp\/v2\/types\/product"}],"replies":[{"embeddable":true,"href":"https:\/\/chimiver.com\/fr\/wp-json\/wp\/v2\/comments?post=14668"}],"wp:featuredmedia":[{"embeddable":true,"href":"https:\/\/chimiver.com\/fr\/wp-json\/wp\/v2\/media\/8284"}],"wp:attachment":[{"href":"https:\/\/chimiver.com\/fr\/wp-json\/wp\/v2\/media?parent=14668"}],"wp:term":[{"taxonomy":"product_brand","embeddable":true,"href":"https:\/\/chimiver.com\/fr\/wp-json\/wp\/v2\/product_brand?post=14668"},{"taxonomy":"product_cat","embeddable":true,"href":"https:\/\/chimiver.com\/fr\/wp-json\/wp\/v2\/product_cat?post=14668"},{"taxonomy":"product_tag","embeddable":true,"href":"https:\/\/chimiver.com\/fr\/wp-json\/wp\/v2\/product_tag?post=14668"}],"curies":[{"name":"wp","href":"https:\/\/api.w.org\/{rel}","templated":true}]}}