{"id":14677,"date":"2022-01-21T12:15:31","date_gmt":"2022-01-21T11:15:31","guid":{"rendered":"https:\/\/chimiver.com\/prodotto\/durolack-mc-50-extra-alifatica-ab\/"},"modified":"2024-08-08T13:48:05","modified_gmt":"2024-08-08T11:48:05","slug":"durolack-mc-50-extra-alifatica-ab","status":"publish","type":"product","link":"https:\/\/chimiver.com\/fr\/prodotto\/durolack-mc-50-extra-alifatica-ab\/","title":{"rendered":"DUROLACK MC 50 EXTRA ALIFATICA (A+B)"},"content":{"rendered":"<p>Laque de polyur\u00e9thane aliphatique \u00e0 deux composants avec une duret\u00e9 superficielle tr\u00e8s \u00e9lev\u00e9e et une \u00e9lasticit\u00e9 sup\u00e9rieure, formul\u00e9e avec de la r\u00e9sine non jaunissante et dop\u00e9e avec des absorbeurs UV et anti-craquage pour am\u00e9liorer davantage la r\u00e9sistance au jaunissement et au wheater. Emplois: laque pour int\u00e9rieur et ext\u00e9rieur sur ciment et pierre, peintures de sols industriels soumis \u00e0 de lourdes charges m\u00e9caniques, rev\u00eatements en r\u00e9sine \u00e9poxy, rev\u00eatements en ciment \u00e9poxy, r\u00e9sines polyur\u00e9thane sur sols et murs, ciment et microciment \u00e0 porosit\u00e9 \u00e9lev\u00e9e\/faible.<\/p>\n","protected":false},"excerpt":{"rendered":"Laque de polyur\u00e9thane aliphatique \u00e0 deux composants pour int\u00e9rieur \/ ext\u00e9rieur pour sols en r\u00e9sine, ciment et microciment","protected":false},"featured_media":8392,"comment_status":"open","ping_status":"closed","template":"","meta":{"_acf_changed":false,"inline_featured_image":false},"product_brand":[],"product_cat":[766,767,770],"product_tag":[],"class_list":{"0":"post-14677","1":"product","2":"type-product","3":"status-publish","4":"has-post-thumbnail","6":"product_cat-resine-et-beton-cire","7":"product_cat-traitement-et-vernissage-des-resines-et-beton-cire","8":"product_cat-vernis-a-base-de-solvant","10":"first","11":"instock","12":"shipping-taxable","13":"product-type-simple","14":"add-to-wishlist-after_add_to_cart"},"acf":[],"yoast_head":"<!-- This site is optimized with the Yoast SEO plugin v26.2 - https:\/\/yoast.com\/wordpress\/plugins\/seo\/ -->\n<title>DUROLACK MC 50 EXTRA ALIFATICA (A+B) - Chimiver R\u00c9SINE ET BETON CIRE, Traitement et vernissage des r\u00e9sines et beton cire, Vernis \u00e0 base de solvant<\/title>\n<meta name=\"description\" content=\"Scopri DUROLACK MC 50 EXTRA ALIFATICA (A+B) R\u00c9SINE ET BETON CIRE, Traitement et vernissage des r\u00e9sines et beton cire, Vernis \u00e0 base de solvant. Dal 1965 Chimiver \u00e8 leader nel mercato dei prodotti per incollaggio, trattamento e manutenzione dei pavimenti.\" \/>\n<meta name=\"robots\" content=\"index, follow, max-snippet:-1, max-image-preview:large, max-video-preview:-1\" \/>\n<link rel=\"canonical\" href=\"https:\/\/chimiver.com\/fr\/prodotto\/durolack-mc-50-extra-alifatica-ab\/\" \/>\n<meta property=\"og:locale\" content=\"fr_FR\" \/>\n<meta property=\"og:type\" content=\"article\" \/>\n<meta property=\"og:title\" content=\"DUROLACK MC 50 EXTRA ALIFATICA (A+B) - Chimiver R\u00c9SINE ET BETON CIRE, Traitement et vernissage des r\u00e9sines et beton cire, Vernis \u00e0 base de solvant\" \/>\n<meta property=\"og:description\" content=\"Scopri DUROLACK MC 50 EXTRA ALIFATICA (A+B) R\u00c9SINE ET BETON CIRE, Traitement et vernissage des r\u00e9sines et beton cire, Vernis \u00e0 base de solvant. Dal 1965 Chimiver \u00e8 leader nel mercato dei prodotti per incollaggio, trattamento e manutenzione dei pavimenti.\" \/>\n<meta property=\"og:url\" content=\"https:\/\/chimiver.com\/fr\/prodotto\/durolack-mc-50-extra-alifatica-ab\/\" \/>\n<meta property=\"og:site_name\" content=\"Chimiver\" \/>\n<meta property=\"article:publisher\" content=\"https:\/\/www.facebook.com\/chimiver\" \/>\n<meta property=\"article:modified_time\" content=\"2024-08-08T11:48:05+00:00\" \/>\n<meta property=\"og:image\" content=\"https:\/\/chimiver.com\/wp-content\/uploads\/2022\/01\/94_2b7b9.jpg\" \/>\n\t<meta property=\"og:image:width\" content=\"640\" \/>\n\t<meta property=\"og:image:height\" content=\"630\" \/>\n\t<meta property=\"og:image:type\" content=\"image\/jpeg\" \/>\n<meta name=\"twitter:card\" content=\"summary_large_image\" \/>\n<meta name=\"twitter:label1\" content=\"Dur\u00e9e de lecture estim\u00e9e\" \/>\n\t<meta name=\"twitter:data1\" content=\"1 minute\" \/>\n<script type=\"application\/ld+json\" class=\"yoast-schema-graph\">{\"@context\":\"https:\/\/schema.org\",\"@graph\":[{\"@type\":\"WebPage\",\"@id\":\"https:\/\/chimiver.com\/fr\/prodotto\/durolack-mc-50-extra-alifatica-ab\/\",\"url\":\"https:\/\/chimiver.com\/fr\/prodotto\/durolack-mc-50-extra-alifatica-ab\/\",\"name\":\"DUROLACK MC 50 EXTRA ALIFATICA (A+B) - Chimiver R\u00c9SINE ET BETON CIRE, Traitement et vernissage des r\u00e9sines et beton cire, Vernis \u00e0 base de solvant\",\"isPartOf\":{\"@id\":\"https:\/\/chimiver.com\/fr\/#website\"},\"primaryImageOfPage\":{\"@id\":\"https:\/\/chimiver.com\/fr\/prodotto\/durolack-mc-50-extra-alifatica-ab\/#primaryimage\"},\"image\":{\"@id\":\"https:\/\/chimiver.com\/fr\/prodotto\/durolack-mc-50-extra-alifatica-ab\/#primaryimage\"},\"thumbnailUrl\":\"https:\/\/chimiver.com\/wp-content\/uploads\/2022\/01\/94_2b7b9.jpg\",\"datePublished\":\"2022-01-21T11:15:31+00:00\",\"dateModified\":\"2024-08-08T11:48:05+00:00\",\"description\":\"Scopri DUROLACK MC 50 EXTRA ALIFATICA (A+B) R\u00c9SINE ET BETON CIRE, Traitement et vernissage des r\u00e9sines et beton cire, Vernis \u00e0 base de solvant. Dal 1965 Chimiver \u00e8 leader nel mercato dei prodotti per incollaggio, trattamento e manutenzione dei pavimenti.\",\"breadcrumb\":{\"@id\":\"https:\/\/chimiver.com\/fr\/prodotto\/durolack-mc-50-extra-alifatica-ab\/#breadcrumb\"},\"inLanguage\":\"fr-FR\",\"potentialAction\":[{\"@type\":\"ReadAction\",\"target\":[\"https:\/\/chimiver.com\/fr\/prodotto\/durolack-mc-50-extra-alifatica-ab\/\"]}]},{\"@type\":\"ImageObject\",\"inLanguage\":\"fr-FR\",\"@id\":\"https:\/\/chimiver.com\/fr\/prodotto\/durolack-mc-50-extra-alifatica-ab\/#primaryimage\",\"url\":\"https:\/\/chimiver.com\/wp-content\/uploads\/2022\/01\/94_2b7b9.jpg\",\"contentUrl\":\"https:\/\/chimiver.com\/wp-content\/uploads\/2022\/01\/94_2b7b9.jpg\",\"width\":640,\"height\":630,\"caption\":\"Durolack MC 50 Extra Alifatica_A&B\"},{\"@type\":\"BreadcrumbList\",\"@id\":\"https:\/\/chimiver.com\/fr\/prodotto\/durolack-mc-50-extra-alifatica-ab\/#breadcrumb\",\"itemListElement\":[{\"@type\":\"ListItem\",\"position\":1,\"name\":\"Home\",\"item\":\"https:\/\/chimiver.com\/fr\/\"},{\"@type\":\"ListItem\",\"position\":2,\"name\":\"Shop\",\"item\":\"https:\/\/chimiver.com\/?page_id=10\"},{\"@type\":\"ListItem\",\"position\":3,\"name\":\"DUROLACK MC 50 EXTRA ALIFATICA (A+B)\"}]},{\"@type\":\"WebSite\",\"@id\":\"https:\/\/chimiver.com\/fr\/#website\",\"url\":\"https:\/\/chimiver.com\/fr\/\",\"name\":\"Chimiver, Your floors partner\",\"description\":\"Your floors partner\",\"publisher\":{\"@id\":\"https:\/\/chimiver.com\/fr\/#organization\"},\"alternateName\":\"Chimiver\",\"potentialAction\":[{\"@type\":\"SearchAction\",\"target\":{\"@type\":\"EntryPoint\",\"urlTemplate\":\"https:\/\/chimiver.com\/fr\/?s={search_term_string}\"},\"query-input\":{\"@type\":\"PropertyValueSpecification\",\"valueRequired\":true,\"valueName\":\"search_term_string\"}}],\"inLanguage\":\"fr-FR\"},{\"@type\":\"Organization\",\"@id\":\"https:\/\/chimiver.com\/fr\/#organization\",\"name\":\"Chimiver\",\"url\":\"https:\/\/chimiver.com\/fr\/\",\"logo\":{\"@type\":\"ImageObject\",\"inLanguage\":\"fr-FR\",\"@id\":\"https:\/\/chimiver.com\/fr\/#\/schema\/logo\/image\/\",\"url\":\"https:\/\/chimiver.com\/wp-content\/uploads\/2022\/06\/Chimiver_500x500.jpg\",\"contentUrl\":\"https:\/\/chimiver.com\/wp-content\/uploads\/2022\/06\/Chimiver_500x500.jpg\",\"width\":500,\"height\":500,\"caption\":\"Chimiver\"},\"image\":{\"@id\":\"https:\/\/chimiver.com\/fr\/#\/schema\/logo\/image\/\"},\"sameAs\":[\"https:\/\/www.facebook.com\/chimiver\"]}]}<\/script>\n<!-- \/ Yoast SEO plugin. -->","yoast_head_json":{"title":"DUROLACK MC 50 EXTRA ALIFATICA (A+B) - Chimiver R\u00c9SINE ET BETON CIRE, Traitement et vernissage des r\u00e9sines et beton cire, Vernis \u00e0 base de solvant","description":"Scopri DUROLACK MC 50 EXTRA ALIFATICA (A+B) R\u00c9SINE ET BETON CIRE, Traitement et vernissage des r\u00e9sines et beton cire, Vernis \u00e0 base de solvant. Dal 1965 Chimiver \u00e8 leader nel mercato dei prodotti per incollaggio, trattamento e manutenzione dei pavimenti.","robots":{"index":"index","follow":"follow","max-snippet":"max-snippet:-1","max-image-preview":"max-image-preview:large","max-video-preview":"max-video-preview:-1"},"canonical":"https:\/\/chimiver.com\/fr\/prodotto\/durolack-mc-50-extra-alifatica-ab\/","og_locale":"fr_FR","og_type":"article","og_title":"DUROLACK MC 50 EXTRA ALIFATICA (A+B) - Chimiver R\u00c9SINE ET BETON CIRE, Traitement et vernissage des r\u00e9sines et beton cire, Vernis \u00e0 base de solvant","og_description":"Scopri DUROLACK MC 50 EXTRA ALIFATICA (A+B) R\u00c9SINE ET BETON CIRE, Traitement et vernissage des r\u00e9sines et beton cire, Vernis \u00e0 base de solvant. Dal 1965 Chimiver \u00e8 leader nel mercato dei prodotti per incollaggio, trattamento e manutenzione dei pavimenti.","og_url":"https:\/\/chimiver.com\/fr\/prodotto\/durolack-mc-50-extra-alifatica-ab\/","og_site_name":"Chimiver","article_publisher":"https:\/\/www.facebook.com\/chimiver","article_modified_time":"2024-08-08T11:48:05+00:00","og_image":[{"width":640,"height":630,"url":"https:\/\/chimiver.com\/wp-content\/uploads\/2022\/01\/94_2b7b9.jpg","type":"image\/jpeg"}],"twitter_card":"summary_large_image","twitter_misc":{"Dur\u00e9e de lecture estim\u00e9e":"1 minute"},"schema":{"@context":"https:\/\/schema.org","@graph":[{"@type":"WebPage","@id":"https:\/\/chimiver.com\/fr\/prodotto\/durolack-mc-50-extra-alifatica-ab\/","url":"https:\/\/chimiver.com\/fr\/prodotto\/durolack-mc-50-extra-alifatica-ab\/","name":"DUROLACK MC 50 EXTRA ALIFATICA (A+B) - Chimiver R\u00c9SINE ET BETON CIRE, Traitement et vernissage des r\u00e9sines et beton cire, Vernis \u00e0 base de solvant","isPartOf":{"@id":"https:\/\/chimiver.com\/fr\/#website"},"primaryImageOfPage":{"@id":"https:\/\/chimiver.com\/fr\/prodotto\/durolack-mc-50-extra-alifatica-ab\/#primaryimage"},"image":{"@id":"https:\/\/chimiver.com\/fr\/prodotto\/durolack-mc-50-extra-alifatica-ab\/#primaryimage"},"thumbnailUrl":"https:\/\/chimiver.com\/wp-content\/uploads\/2022\/01\/94_2b7b9.jpg","datePublished":"2022-01-21T11:15:31+00:00","dateModified":"2024-08-08T11:48:05+00:00","description":"Scopri DUROLACK MC 50 EXTRA ALIFATICA (A+B) R\u00c9SINE ET BETON CIRE, Traitement et vernissage des r\u00e9sines et beton cire, Vernis \u00e0 base de solvant. Dal 1965 Chimiver \u00e8 leader nel mercato dei prodotti per incollaggio, trattamento e manutenzione dei pavimenti.","breadcrumb":{"@id":"https:\/\/chimiver.com\/fr\/prodotto\/durolack-mc-50-extra-alifatica-ab\/#breadcrumb"},"inLanguage":"fr-FR","potentialAction":[{"@type":"ReadAction","target":["https:\/\/chimiver.com\/fr\/prodotto\/durolack-mc-50-extra-alifatica-ab\/"]}]},{"@type":"ImageObject","inLanguage":"fr-FR","@id":"https:\/\/chimiver.com\/fr\/prodotto\/durolack-mc-50-extra-alifatica-ab\/#primaryimage","url":"https:\/\/chimiver.com\/wp-content\/uploads\/2022\/01\/94_2b7b9.jpg","contentUrl":"https:\/\/chimiver.com\/wp-content\/uploads\/2022\/01\/94_2b7b9.jpg","width":640,"height":630,"caption":"Durolack MC 50 Extra Alifatica_A&B"},{"@type":"BreadcrumbList","@id":"https:\/\/chimiver.com\/fr\/prodotto\/durolack-mc-50-extra-alifatica-ab\/#breadcrumb","itemListElement":[{"@type":"ListItem","position":1,"name":"Home","item":"https:\/\/chimiver.com\/fr\/"},{"@type":"ListItem","position":2,"name":"Shop","item":"https:\/\/chimiver.com\/?page_id=10"},{"@type":"ListItem","position":3,"name":"DUROLACK MC 50 EXTRA ALIFATICA (A+B)"}]},{"@type":"WebSite","@id":"https:\/\/chimiver.com\/fr\/#website","url":"https:\/\/chimiver.com\/fr\/","name":"Chimiver, Your floors partner","description":"Your floors partner","publisher":{"@id":"https:\/\/chimiver.com\/fr\/#organization"},"alternateName":"Chimiver","potentialAction":[{"@type":"SearchAction","target":{"@type":"EntryPoint","urlTemplate":"https:\/\/chimiver.com\/fr\/?s={search_term_string}"},"query-input":{"@type":"PropertyValueSpecification","valueRequired":true,"valueName":"search_term_string"}}],"inLanguage":"fr-FR"},{"@type":"Organization","@id":"https:\/\/chimiver.com\/fr\/#organization","name":"Chimiver","url":"https:\/\/chimiver.com\/fr\/","logo":{"@type":"ImageObject","inLanguage":"fr-FR","@id":"https:\/\/chimiver.com\/fr\/#\/schema\/logo\/image\/","url":"https:\/\/chimiver.com\/wp-content\/uploads\/2022\/06\/Chimiver_500x500.jpg","contentUrl":"https:\/\/chimiver.com\/wp-content\/uploads\/2022\/06\/Chimiver_500x500.jpg","width":500,"height":500,"caption":"Chimiver"},"image":{"@id":"https:\/\/chimiver.com\/fr\/#\/schema\/logo\/image\/"},"sameAs":["https:\/\/www.facebook.com\/chimiver"]}]}},"_links":{"self":[{"href":"https:\/\/chimiver.com\/fr\/wp-json\/wp\/v2\/product\/14677","targetHints":{"allow":["GET"]}}],"collection":[{"href":"https:\/\/chimiver.com\/fr\/wp-json\/wp\/v2\/product"}],"about":[{"href":"https:\/\/chimiver.com\/fr\/wp-json\/wp\/v2\/types\/product"}],"replies":[{"embeddable":true,"href":"https:\/\/chimiver.com\/fr\/wp-json\/wp\/v2\/comments?post=14677"}],"wp:featuredmedia":[{"embeddable":true,"href":"https:\/\/chimiver.com\/fr\/wp-json\/wp\/v2\/media\/8392"}],"wp:attachment":[{"href":"https:\/\/chimiver.com\/fr\/wp-json\/wp\/v2\/media?parent=14677"}],"wp:term":[{"taxonomy":"product_brand","embeddable":true,"href":"https:\/\/chimiver.com\/fr\/wp-json\/wp\/v2\/product_brand?post=14677"},{"taxonomy":"product_cat","embeddable":true,"href":"https:\/\/chimiver.com\/fr\/wp-json\/wp\/v2\/product_cat?post=14677"},{"taxonomy":"product_tag","embeddable":true,"href":"https:\/\/chimiver.com\/fr\/wp-json\/wp\/v2\/product_tag?post=14677"}],"curies":[{"name":"wp","href":"https:\/\/api.w.org\/{rel}","templated":true}]}}