{"id":14772,"date":"2022-11-23T12:03:39","date_gmt":"2022-11-23T11:03:39","guid":{"rendered":"https:\/\/chimiver.com\/prodotto\/clean-panda\/"},"modified":"2024-04-11T11:55:50","modified_gmt":"2024-04-11T09:55:50","slug":"clean-panda","status":"publish","type":"product","link":"https:\/\/chimiver.com\/fr\/prodotto\/clean-panda\/","title":{"rendered":"CLEAN PANDA"},"content":{"rendered":"<p>Nettoyant d\u00e9graissant concentr\u00e9 universel avec action d\u00e9sinfectante et d\u00e9odorant, actif sur tout type de salet\u00e9. Laisse les surfaces brillantes et ne n\u00e9cessite pas de rin\u00e7age. Id\u00e9al pour l&rsquo;entretien quotidien. Peut \u00eatre utilis\u00e9 sur tout type de sol et de surfaces lavables.<\/p>\n","protected":false},"excerpt":{"rendered":"Nettoyant pour sols \u00e9cologique et parfum\u00e9 aux agrumes. Ecolabel","protected":false},"featured_media":11038,"comment_status":"open","ping_status":"closed","template":"","meta":{"_acf_changed":false,"inline_featured_image":false},"product_brand":[],"product_cat":[776,777,778,779,780,786,787,788,784,812,813,814,815,816,817,819,820],"product_tag":[],"class_list":{"0":"post-14772","1":"product","2":"type-product","3":"status-publish","4":"has-post-thumbnail","6":"product_cat-nettoyage-et-entretien","7":"product_cat-sols-vernis","8":"product_cat-sols-huiles","9":"product_cat-sols-cires","10":"product_cat-sols-stratifies","11":"product_cat-sols-en-vinyle","12":"product_cat-sols-en-ceramique","13":"product_cat-sols-en-resine","14":"product_cat-home-care-fr","15":"product_cat-sols-interieur","16":"product_cat-sols-vernis-fr","17":"product_cat-sols-huiles-fr","18":"product_cat-sols-cires-fr","19":"product_cat-sols-stratifies-fr","20":"product_cat-sols-en-vinyle-fr","21":"product_cat-sols-en-ceramique-fr","22":"product_cat-sols-en-resine-fr","24":"first","25":"instock","26":"shipping-taxable","27":"product-type-simple","28":"add-to-wishlist-after_add_to_cart"},"acf":[],"yoast_head":"<!-- This site is optimized with the Yoast SEO plugin v26.2 - https:\/\/yoast.com\/wordpress\/plugins\/seo\/ -->\n<title>CLEAN PANDA - Chimiver NETTOYAGE ET ENTRETIEN, Sols vernis, Sols huil\u00e9s, Sols cir\u00e9s, Sols stratifi\u00e9s, Sols en vinyle, Sols en c\u00e9ramique, Sols en r\u00e9sine, Home Care, SOLS INTERIEUR, Sols vernis, Sols huil\u00e9s, Sols cir\u00e9s, Sols stratifi\u00e9s, Sols en vinyle, Sols en c\u00e9ramique, Sols en r\u00e9sine<\/title>\n<meta name=\"description\" content=\"Scopri CLEAN PANDA NETTOYAGE ET ENTRETIEN, Sols vernis, Sols huil\u00e9s, Sols cir\u00e9s, Sols stratifi\u00e9s, Sols en vinyle, Sols en c\u00e9ramique, Sols en r\u00e9sine, Home Care, SOLS INTERIEUR, Sols vernis, Sols huil\u00e9s, Sols cir\u00e9s, Sols stratifi\u00e9s, Sols en vinyle, Sols en c\u00e9ramique, Sols en r\u00e9sine. Dal 1965 Chimiver \u00e8 leader nel mercato dei prodotti per incollaggio, trattamento e manutenzione dei pavimenti.\" \/>\n<meta name=\"robots\" content=\"index, follow, max-snippet:-1, max-image-preview:large, max-video-preview:-1\" \/>\n<link rel=\"canonical\" href=\"https:\/\/chimiver.com\/fr\/prodotto\/clean-panda\/\" \/>\n<meta property=\"og:locale\" content=\"fr_FR\" \/>\n<meta property=\"og:type\" content=\"article\" \/>\n<meta property=\"og:title\" content=\"CLEAN PANDA - Chimiver NETTOYAGE ET ENTRETIEN, Sols vernis, Sols huil\u00e9s, Sols cir\u00e9s, Sols stratifi\u00e9s, Sols en vinyle, Sols en c\u00e9ramique, Sols en r\u00e9sine, Home Care, SOLS INTERIEUR, Sols vernis, Sols huil\u00e9s, Sols cir\u00e9s, Sols stratifi\u00e9s, Sols en vinyle, Sols en c\u00e9ramique, Sols en r\u00e9sine\" \/>\n<meta property=\"og:description\" content=\"Scopri CLEAN PANDA NETTOYAGE ET ENTRETIEN, Sols vernis, Sols huil\u00e9s, Sols cir\u00e9s, Sols stratifi\u00e9s, Sols en vinyle, Sols en c\u00e9ramique, Sols en r\u00e9sine, Home Care, SOLS INTERIEUR, Sols vernis, Sols huil\u00e9s, Sols cir\u00e9s, Sols stratifi\u00e9s, Sols en vinyle, Sols en c\u00e9ramique, Sols en r\u00e9sine. Dal 1965 Chimiver \u00e8 leader nel mercato dei prodotti per incollaggio, trattamento e manutenzione dei pavimenti.\" \/>\n<meta property=\"og:url\" content=\"https:\/\/chimiver.com\/fr\/prodotto\/clean-panda\/\" \/>\n<meta property=\"og:site_name\" content=\"Chimiver\" \/>\n<meta property=\"article:publisher\" content=\"https:\/\/www.facebook.com\/chimiver\" \/>\n<meta property=\"article:modified_time\" content=\"2024-04-11T09:55:50+00:00\" \/>\n<meta property=\"og:image\" content=\"https:\/\/chimiver.com\/wp-content\/uploads\/2022\/11\/Clean-Panda.jpg\" \/>\n\t<meta property=\"og:image:width\" content=\"640\" \/>\n\t<meta property=\"og:image:height\" content=\"640\" \/>\n\t<meta property=\"og:image:type\" content=\"image\/jpeg\" \/>\n<meta name=\"twitter:card\" content=\"summary_large_image\" \/>\n<meta name=\"twitter:label1\" content=\"Dur\u00e9e de lecture estim\u00e9e\" \/>\n\t<meta name=\"twitter:data1\" content=\"1 minute\" \/>\n<script type=\"application\/ld+json\" class=\"yoast-schema-graph\">{\"@context\":\"https:\/\/schema.org\",\"@graph\":[{\"@type\":\"WebPage\",\"@id\":\"https:\/\/chimiver.com\/fr\/prodotto\/clean-panda\/\",\"url\":\"https:\/\/chimiver.com\/fr\/prodotto\/clean-panda\/\",\"name\":\"CLEAN PANDA - Chimiver NETTOYAGE ET ENTRETIEN, Sols vernis, Sols huil\u00e9s, Sols cir\u00e9s, Sols stratifi\u00e9s, Sols en vinyle, Sols en c\u00e9ramique, Sols en r\u00e9sine, Home Care, SOLS INTERIEUR, Sols vernis, Sols huil\u00e9s, Sols cir\u00e9s, Sols stratifi\u00e9s, Sols en vinyle, Sols en c\u00e9ramique, Sols en r\u00e9sine\",\"isPartOf\":{\"@id\":\"https:\/\/chimiver.com\/fr\/#website\"},\"primaryImageOfPage\":{\"@id\":\"https:\/\/chimiver.com\/fr\/prodotto\/clean-panda\/#primaryimage\"},\"image\":{\"@id\":\"https:\/\/chimiver.com\/fr\/prodotto\/clean-panda\/#primaryimage\"},\"thumbnailUrl\":\"https:\/\/chimiver.com\/wp-content\/uploads\/2022\/11\/Clean-Panda.jpg\",\"datePublished\":\"2022-11-23T11:03:39+00:00\",\"dateModified\":\"2024-04-11T09:55:50+00:00\",\"description\":\"Scopri CLEAN PANDA NETTOYAGE ET ENTRETIEN, Sols vernis, Sols huil\u00e9s, Sols cir\u00e9s, Sols stratifi\u00e9s, Sols en vinyle, Sols en c\u00e9ramique, Sols en r\u00e9sine, Home Care, SOLS INTERIEUR, Sols vernis, Sols huil\u00e9s, Sols cir\u00e9s, Sols stratifi\u00e9s, Sols en vinyle, Sols en c\u00e9ramique, Sols en r\u00e9sine. Dal 1965 Chimiver \u00e8 leader nel mercato dei prodotti per incollaggio, trattamento e manutenzione dei pavimenti.\",\"breadcrumb\":{\"@id\":\"https:\/\/chimiver.com\/fr\/prodotto\/clean-panda\/#breadcrumb\"},\"inLanguage\":\"fr-FR\",\"potentialAction\":[{\"@type\":\"ReadAction\",\"target\":[\"https:\/\/chimiver.com\/fr\/prodotto\/clean-panda\/\"]}]},{\"@type\":\"ImageObject\",\"inLanguage\":\"fr-FR\",\"@id\":\"https:\/\/chimiver.com\/fr\/prodotto\/clean-panda\/#primaryimage\",\"url\":\"https:\/\/chimiver.com\/wp-content\/uploads\/2022\/11\/Clean-Panda.jpg\",\"contentUrl\":\"https:\/\/chimiver.com\/wp-content\/uploads\/2022\/11\/Clean-Panda.jpg\",\"width\":640,\"height\":640,\"caption\":\"Clean-Panda-Detergente\"},{\"@type\":\"BreadcrumbList\",\"@id\":\"https:\/\/chimiver.com\/fr\/prodotto\/clean-panda\/#breadcrumb\",\"itemListElement\":[{\"@type\":\"ListItem\",\"position\":1,\"name\":\"Home\",\"item\":\"https:\/\/chimiver.com\/fr\/\"},{\"@type\":\"ListItem\",\"position\":2,\"name\":\"Shop\",\"item\":\"https:\/\/chimiver.com\/?page_id=10\"},{\"@type\":\"ListItem\",\"position\":3,\"name\":\"CLEAN PANDA\"}]},{\"@type\":\"WebSite\",\"@id\":\"https:\/\/chimiver.com\/fr\/#website\",\"url\":\"https:\/\/chimiver.com\/fr\/\",\"name\":\"Chimiver, Your floors partner\",\"description\":\"Your floors partner\",\"publisher\":{\"@id\":\"https:\/\/chimiver.com\/fr\/#organization\"},\"alternateName\":\"Chimiver\",\"potentialAction\":[{\"@type\":\"SearchAction\",\"target\":{\"@type\":\"EntryPoint\",\"urlTemplate\":\"https:\/\/chimiver.com\/fr\/?s={search_term_string}\"},\"query-input\":{\"@type\":\"PropertyValueSpecification\",\"valueRequired\":true,\"valueName\":\"search_term_string\"}}],\"inLanguage\":\"fr-FR\"},{\"@type\":\"Organization\",\"@id\":\"https:\/\/chimiver.com\/fr\/#organization\",\"name\":\"Chimiver\",\"url\":\"https:\/\/chimiver.com\/fr\/\",\"logo\":{\"@type\":\"ImageObject\",\"inLanguage\":\"fr-FR\",\"@id\":\"https:\/\/chimiver.com\/fr\/#\/schema\/logo\/image\/\",\"url\":\"https:\/\/chimiver.com\/wp-content\/uploads\/2022\/06\/Chimiver_500x500.jpg\",\"contentUrl\":\"https:\/\/chimiver.com\/wp-content\/uploads\/2022\/06\/Chimiver_500x500.jpg\",\"width\":500,\"height\":500,\"caption\":\"Chimiver\"},\"image\":{\"@id\":\"https:\/\/chimiver.com\/fr\/#\/schema\/logo\/image\/\"},\"sameAs\":[\"https:\/\/www.facebook.com\/chimiver\"]}]}<\/script>\n<!-- \/ Yoast SEO plugin. -->","yoast_head_json":{"title":"CLEAN PANDA - Chimiver NETTOYAGE ET ENTRETIEN, Sols vernis, Sols huil\u00e9s, Sols cir\u00e9s, Sols stratifi\u00e9s, Sols en vinyle, Sols en c\u00e9ramique, Sols en r\u00e9sine, Home Care, SOLS INTERIEUR, Sols vernis, Sols huil\u00e9s, Sols cir\u00e9s, Sols stratifi\u00e9s, Sols en vinyle, Sols en c\u00e9ramique, Sols en r\u00e9sine","description":"Scopri CLEAN PANDA NETTOYAGE ET ENTRETIEN, Sols vernis, Sols huil\u00e9s, Sols cir\u00e9s, Sols stratifi\u00e9s, Sols en vinyle, Sols en c\u00e9ramique, Sols en r\u00e9sine, Home Care, SOLS INTERIEUR, Sols vernis, Sols huil\u00e9s, Sols cir\u00e9s, Sols stratifi\u00e9s, Sols en vinyle, Sols en c\u00e9ramique, Sols en r\u00e9sine. Dal 1965 Chimiver \u00e8 leader nel mercato dei prodotti per incollaggio, trattamento e manutenzione dei pavimenti.","robots":{"index":"index","follow":"follow","max-snippet":"max-snippet:-1","max-image-preview":"max-image-preview:large","max-video-preview":"max-video-preview:-1"},"canonical":"https:\/\/chimiver.com\/fr\/prodotto\/clean-panda\/","og_locale":"fr_FR","og_type":"article","og_title":"CLEAN PANDA - Chimiver NETTOYAGE ET ENTRETIEN, Sols vernis, Sols huil\u00e9s, Sols cir\u00e9s, Sols stratifi\u00e9s, Sols en vinyle, Sols en c\u00e9ramique, Sols en r\u00e9sine, Home Care, SOLS INTERIEUR, Sols vernis, Sols huil\u00e9s, Sols cir\u00e9s, Sols stratifi\u00e9s, Sols en vinyle, Sols en c\u00e9ramique, Sols en r\u00e9sine","og_description":"Scopri CLEAN PANDA NETTOYAGE ET ENTRETIEN, Sols vernis, Sols huil\u00e9s, Sols cir\u00e9s, Sols stratifi\u00e9s, Sols en vinyle, Sols en c\u00e9ramique, Sols en r\u00e9sine, Home Care, SOLS INTERIEUR, Sols vernis, Sols huil\u00e9s, Sols cir\u00e9s, Sols stratifi\u00e9s, Sols en vinyle, Sols en c\u00e9ramique, Sols en r\u00e9sine. Dal 1965 Chimiver \u00e8 leader nel mercato dei prodotti per incollaggio, trattamento e manutenzione dei pavimenti.","og_url":"https:\/\/chimiver.com\/fr\/prodotto\/clean-panda\/","og_site_name":"Chimiver","article_publisher":"https:\/\/www.facebook.com\/chimiver","article_modified_time":"2024-04-11T09:55:50+00:00","og_image":[{"width":640,"height":640,"url":"https:\/\/chimiver.com\/wp-content\/uploads\/2022\/11\/Clean-Panda.jpg","type":"image\/jpeg"}],"twitter_card":"summary_large_image","twitter_misc":{"Dur\u00e9e de lecture estim\u00e9e":"1 minute"},"schema":{"@context":"https:\/\/schema.org","@graph":[{"@type":"WebPage","@id":"https:\/\/chimiver.com\/fr\/prodotto\/clean-panda\/","url":"https:\/\/chimiver.com\/fr\/prodotto\/clean-panda\/","name":"CLEAN PANDA - Chimiver NETTOYAGE ET ENTRETIEN, Sols vernis, Sols huil\u00e9s, Sols cir\u00e9s, Sols stratifi\u00e9s, Sols en vinyle, Sols en c\u00e9ramique, Sols en r\u00e9sine, Home Care, SOLS INTERIEUR, Sols vernis, Sols huil\u00e9s, Sols cir\u00e9s, Sols stratifi\u00e9s, Sols en vinyle, Sols en c\u00e9ramique, Sols en r\u00e9sine","isPartOf":{"@id":"https:\/\/chimiver.com\/fr\/#website"},"primaryImageOfPage":{"@id":"https:\/\/chimiver.com\/fr\/prodotto\/clean-panda\/#primaryimage"},"image":{"@id":"https:\/\/chimiver.com\/fr\/prodotto\/clean-panda\/#primaryimage"},"thumbnailUrl":"https:\/\/chimiver.com\/wp-content\/uploads\/2022\/11\/Clean-Panda.jpg","datePublished":"2022-11-23T11:03:39+00:00","dateModified":"2024-04-11T09:55:50+00:00","description":"Scopri CLEAN PANDA NETTOYAGE ET ENTRETIEN, Sols vernis, Sols huil\u00e9s, Sols cir\u00e9s, Sols stratifi\u00e9s, Sols en vinyle, Sols en c\u00e9ramique, Sols en r\u00e9sine, Home Care, SOLS INTERIEUR, Sols vernis, Sols huil\u00e9s, Sols cir\u00e9s, Sols stratifi\u00e9s, Sols en vinyle, Sols en c\u00e9ramique, Sols en r\u00e9sine. Dal 1965 Chimiver \u00e8 leader nel mercato dei prodotti per incollaggio, trattamento e manutenzione dei pavimenti.","breadcrumb":{"@id":"https:\/\/chimiver.com\/fr\/prodotto\/clean-panda\/#breadcrumb"},"inLanguage":"fr-FR","potentialAction":[{"@type":"ReadAction","target":["https:\/\/chimiver.com\/fr\/prodotto\/clean-panda\/"]}]},{"@type":"ImageObject","inLanguage":"fr-FR","@id":"https:\/\/chimiver.com\/fr\/prodotto\/clean-panda\/#primaryimage","url":"https:\/\/chimiver.com\/wp-content\/uploads\/2022\/11\/Clean-Panda.jpg","contentUrl":"https:\/\/chimiver.com\/wp-content\/uploads\/2022\/11\/Clean-Panda.jpg","width":640,"height":640,"caption":"Clean-Panda-Detergente"},{"@type":"BreadcrumbList","@id":"https:\/\/chimiver.com\/fr\/prodotto\/clean-panda\/#breadcrumb","itemListElement":[{"@type":"ListItem","position":1,"name":"Home","item":"https:\/\/chimiver.com\/fr\/"},{"@type":"ListItem","position":2,"name":"Shop","item":"https:\/\/chimiver.com\/?page_id=10"},{"@type":"ListItem","position":3,"name":"CLEAN PANDA"}]},{"@type":"WebSite","@id":"https:\/\/chimiver.com\/fr\/#website","url":"https:\/\/chimiver.com\/fr\/","name":"Chimiver, Your floors partner","description":"Your floors partner","publisher":{"@id":"https:\/\/chimiver.com\/fr\/#organization"},"alternateName":"Chimiver","potentialAction":[{"@type":"SearchAction","target":{"@type":"EntryPoint","urlTemplate":"https:\/\/chimiver.com\/fr\/?s={search_term_string}"},"query-input":{"@type":"PropertyValueSpecification","valueRequired":true,"valueName":"search_term_string"}}],"inLanguage":"fr-FR"},{"@type":"Organization","@id":"https:\/\/chimiver.com\/fr\/#organization","name":"Chimiver","url":"https:\/\/chimiver.com\/fr\/","logo":{"@type":"ImageObject","inLanguage":"fr-FR","@id":"https:\/\/chimiver.com\/fr\/#\/schema\/logo\/image\/","url":"https:\/\/chimiver.com\/wp-content\/uploads\/2022\/06\/Chimiver_500x500.jpg","contentUrl":"https:\/\/chimiver.com\/wp-content\/uploads\/2022\/06\/Chimiver_500x500.jpg","width":500,"height":500,"caption":"Chimiver"},"image":{"@id":"https:\/\/chimiver.com\/fr\/#\/schema\/logo\/image\/"},"sameAs":["https:\/\/www.facebook.com\/chimiver"]}]}},"_links":{"self":[{"href":"https:\/\/chimiver.com\/fr\/wp-json\/wp\/v2\/product\/14772","targetHints":{"allow":["GET"]}}],"collection":[{"href":"https:\/\/chimiver.com\/fr\/wp-json\/wp\/v2\/product"}],"about":[{"href":"https:\/\/chimiver.com\/fr\/wp-json\/wp\/v2\/types\/product"}],"replies":[{"embeddable":true,"href":"https:\/\/chimiver.com\/fr\/wp-json\/wp\/v2\/comments?post=14772"}],"wp:featuredmedia":[{"embeddable":true,"href":"https:\/\/chimiver.com\/fr\/wp-json\/wp\/v2\/media\/11038"}],"wp:attachment":[{"href":"https:\/\/chimiver.com\/fr\/wp-json\/wp\/v2\/media?parent=14772"}],"wp:term":[{"taxonomy":"product_brand","embeddable":true,"href":"https:\/\/chimiver.com\/fr\/wp-json\/wp\/v2\/product_brand?post=14772"},{"taxonomy":"product_cat","embeddable":true,"href":"https:\/\/chimiver.com\/fr\/wp-json\/wp\/v2\/product_cat?post=14772"},{"taxonomy":"product_tag","embeddable":true,"href":"https:\/\/chimiver.com\/fr\/wp-json\/wp\/v2\/product_tag?post=14772"}],"curies":[{"name":"wp","href":"https:\/\/api.w.org\/{rel}","templated":true}]}}