{"id":14807,"date":"2022-01-21T12:14:45","date_gmt":"2022-01-21T11:14:45","guid":{"rendered":"https:\/\/chimiver.com\/prodotto\/wax-care\/"},"modified":"2023-07-25T15:54:59","modified_gmt":"2023-07-25T13:54:59","slug":"wax-care","status":"publish","type":"product","link":"https:\/\/chimiver.com\/fr\/prodotto\/wax-care\/","title":{"rendered":"WAX CARE"},"content":{"rendered":"<p>Dispersion de cires pour l&rsquo;entretien de sols vernis (solvant, eau) huil\u00e9 ou cir\u00e9 et pour le sols d&rsquo;int\u00e9rieur en cotto en pierre. WAX CARE donne \u00e0 la surface un agr\u00e9able effet naturel et une tr\u00e8s bonne protection hydrofuge. Sa sp\u00e9ciale formulation renouvelle, prot\u00e8ge et restaure les sols ruin\u00e9 et ray\u00e9e.<\/p>\n","protected":false},"excerpt":{"rendered":"Dispersion hydrofuge \u00e0 base de cires","protected":false},"featured_media":8120,"comment_status":"open","ping_status":"closed","template":"","meta":{"_acf_changed":false,"inline_featured_image":false},"product_brand":[],"product_cat":[776,777,778,779,812,813,814,815],"product_tag":[],"class_list":{"0":"post-14807","1":"product","2":"type-product","3":"status-publish","4":"has-post-thumbnail","6":"product_cat-nettoyage-et-entretien","7":"product_cat-sols-vernis","8":"product_cat-sols-huiles","9":"product_cat-sols-cires","10":"product_cat-sols-interieur","11":"product_cat-sols-vernis-fr","12":"product_cat-sols-huiles-fr","13":"product_cat-sols-cires-fr","15":"first","16":"instock","17":"shipping-taxable","18":"product-type-simple","19":"add-to-wishlist-after_add_to_cart"},"acf":[],"yoast_head":"<!-- This site is optimized with the Yoast SEO plugin v26.2 - https:\/\/yoast.com\/wordpress\/plugins\/seo\/ -->\n<title>WAX CARE - Chimiver NETTOYAGE ET ENTRETIEN, Sols vernis, Sols huil\u00e9s, Sols cir\u00e9s, SOLS INTERIEUR, Sols vernis, Sols huil\u00e9s, Sols cir\u00e9s<\/title>\n<meta name=\"description\" content=\"Scopri WAX CARE NETTOYAGE ET ENTRETIEN, Sols vernis, Sols huil\u00e9s, Sols cir\u00e9s, SOLS INTERIEUR, Sols vernis, Sols huil\u00e9s, Sols cir\u00e9s. Dal 1965 Chimiver \u00e8 leader nel mercato dei prodotti per incollaggio, trattamento e manutenzione dei pavimenti.\" \/>\n<meta name=\"robots\" content=\"index, follow, max-snippet:-1, max-image-preview:large, max-video-preview:-1\" \/>\n<link rel=\"canonical\" href=\"https:\/\/chimiver.com\/fr\/prodotto\/wax-care\/\" \/>\n<meta property=\"og:locale\" content=\"fr_FR\" \/>\n<meta property=\"og:type\" content=\"article\" \/>\n<meta property=\"og:title\" content=\"WAX CARE - Chimiver NETTOYAGE ET ENTRETIEN, Sols vernis, Sols huil\u00e9s, Sols cir\u00e9s, SOLS INTERIEUR, Sols vernis, Sols huil\u00e9s, Sols cir\u00e9s\" \/>\n<meta property=\"og:description\" content=\"Scopri WAX CARE NETTOYAGE ET ENTRETIEN, Sols vernis, Sols huil\u00e9s, Sols cir\u00e9s, SOLS INTERIEUR, Sols vernis, Sols huil\u00e9s, Sols cir\u00e9s. Dal 1965 Chimiver \u00e8 leader nel mercato dei prodotti per incollaggio, trattamento e manutenzione dei pavimenti.\" \/>\n<meta property=\"og:url\" content=\"https:\/\/chimiver.com\/fr\/prodotto\/wax-care\/\" \/>\n<meta property=\"og:site_name\" content=\"Chimiver\" \/>\n<meta property=\"article:publisher\" content=\"https:\/\/www.facebook.com\/chimiver\" \/>\n<meta property=\"article:modified_time\" content=\"2023-07-25T13:54:59+00:00\" \/>\n<meta property=\"og:image\" content=\"https:\/\/chimiver.com\/wp-content\/uploads\/2022\/01\/127_1dc6b.jpg\" \/>\n\t<meta property=\"og:image:width\" content=\"640\" \/>\n\t<meta property=\"og:image:height\" content=\"640\" \/>\n\t<meta property=\"og:image:type\" content=\"image\/jpeg\" \/>\n<meta name=\"twitter:card\" content=\"summary_large_image\" \/>\n<meta name=\"twitter:label1\" content=\"Dur\u00e9e de lecture estim\u00e9e\" \/>\n\t<meta name=\"twitter:data1\" content=\"1 minute\" \/>\n<script type=\"application\/ld+json\" class=\"yoast-schema-graph\">{\"@context\":\"https:\/\/schema.org\",\"@graph\":[{\"@type\":\"WebPage\",\"@id\":\"https:\/\/chimiver.com\/fr\/prodotto\/wax-care\/\",\"url\":\"https:\/\/chimiver.com\/fr\/prodotto\/wax-care\/\",\"name\":\"WAX CARE - Chimiver NETTOYAGE ET ENTRETIEN, Sols vernis, Sols huil\u00e9s, Sols cir\u00e9s, SOLS INTERIEUR, Sols vernis, Sols huil\u00e9s, Sols cir\u00e9s\",\"isPartOf\":{\"@id\":\"https:\/\/chimiver.com\/fr\/#website\"},\"primaryImageOfPage\":{\"@id\":\"https:\/\/chimiver.com\/fr\/prodotto\/wax-care\/#primaryimage\"},\"image\":{\"@id\":\"https:\/\/chimiver.com\/fr\/prodotto\/wax-care\/#primaryimage\"},\"thumbnailUrl\":\"https:\/\/chimiver.com\/wp-content\/uploads\/2022\/01\/127_1dc6b.jpg\",\"datePublished\":\"2022-01-21T11:14:45+00:00\",\"dateModified\":\"2023-07-25T13:54:59+00:00\",\"description\":\"Scopri WAX CARE NETTOYAGE ET ENTRETIEN, Sols vernis, Sols huil\u00e9s, Sols cir\u00e9s, SOLS INTERIEUR, Sols vernis, Sols huil\u00e9s, Sols cir\u00e9s. Dal 1965 Chimiver \u00e8 leader nel mercato dei prodotti per incollaggio, trattamento e manutenzione dei pavimenti.\",\"breadcrumb\":{\"@id\":\"https:\/\/chimiver.com\/fr\/prodotto\/wax-care\/#breadcrumb\"},\"inLanguage\":\"fr-FR\",\"potentialAction\":[{\"@type\":\"ReadAction\",\"target\":[\"https:\/\/chimiver.com\/fr\/prodotto\/wax-care\/\"]}]},{\"@type\":\"ImageObject\",\"inLanguage\":\"fr-FR\",\"@id\":\"https:\/\/chimiver.com\/fr\/prodotto\/wax-care\/#primaryimage\",\"url\":\"https:\/\/chimiver.com\/wp-content\/uploads\/2022\/01\/127_1dc6b.jpg\",\"contentUrl\":\"https:\/\/chimiver.com\/wp-content\/uploads\/2022\/01\/127_1dc6b.jpg\",\"width\":640,\"height\":640,\"caption\":\"Wax Care_1L\"},{\"@type\":\"BreadcrumbList\",\"@id\":\"https:\/\/chimiver.com\/fr\/prodotto\/wax-care\/#breadcrumb\",\"itemListElement\":[{\"@type\":\"ListItem\",\"position\":1,\"name\":\"Home\",\"item\":\"https:\/\/chimiver.com\/fr\/\"},{\"@type\":\"ListItem\",\"position\":2,\"name\":\"Shop\",\"item\":\"https:\/\/chimiver.com\/?page_id=10\"},{\"@type\":\"ListItem\",\"position\":3,\"name\":\"WAX CARE\"}]},{\"@type\":\"WebSite\",\"@id\":\"https:\/\/chimiver.com\/fr\/#website\",\"url\":\"https:\/\/chimiver.com\/fr\/\",\"name\":\"Chimiver, Your floors partner\",\"description\":\"Your floors partner\",\"publisher\":{\"@id\":\"https:\/\/chimiver.com\/fr\/#organization\"},\"alternateName\":\"Chimiver\",\"potentialAction\":[{\"@type\":\"SearchAction\",\"target\":{\"@type\":\"EntryPoint\",\"urlTemplate\":\"https:\/\/chimiver.com\/fr\/?s={search_term_string}\"},\"query-input\":{\"@type\":\"PropertyValueSpecification\",\"valueRequired\":true,\"valueName\":\"search_term_string\"}}],\"inLanguage\":\"fr-FR\"},{\"@type\":\"Organization\",\"@id\":\"https:\/\/chimiver.com\/fr\/#organization\",\"name\":\"Chimiver\",\"url\":\"https:\/\/chimiver.com\/fr\/\",\"logo\":{\"@type\":\"ImageObject\",\"inLanguage\":\"fr-FR\",\"@id\":\"https:\/\/chimiver.com\/fr\/#\/schema\/logo\/image\/\",\"url\":\"https:\/\/chimiver.com\/wp-content\/uploads\/2022\/06\/Chimiver_500x500.jpg\",\"contentUrl\":\"https:\/\/chimiver.com\/wp-content\/uploads\/2022\/06\/Chimiver_500x500.jpg\",\"width\":500,\"height\":500,\"caption\":\"Chimiver\"},\"image\":{\"@id\":\"https:\/\/chimiver.com\/fr\/#\/schema\/logo\/image\/\"},\"sameAs\":[\"https:\/\/www.facebook.com\/chimiver\"]}]}<\/script>\n<!-- \/ Yoast SEO plugin. -->","yoast_head_json":{"title":"WAX CARE - Chimiver NETTOYAGE ET ENTRETIEN, Sols vernis, Sols huil\u00e9s, Sols cir\u00e9s, SOLS INTERIEUR, Sols vernis, Sols huil\u00e9s, Sols cir\u00e9s","description":"Scopri WAX CARE NETTOYAGE ET ENTRETIEN, Sols vernis, Sols huil\u00e9s, Sols cir\u00e9s, SOLS INTERIEUR, Sols vernis, Sols huil\u00e9s, Sols cir\u00e9s. Dal 1965 Chimiver \u00e8 leader nel mercato dei prodotti per incollaggio, trattamento e manutenzione dei pavimenti.","robots":{"index":"index","follow":"follow","max-snippet":"max-snippet:-1","max-image-preview":"max-image-preview:large","max-video-preview":"max-video-preview:-1"},"canonical":"https:\/\/chimiver.com\/fr\/prodotto\/wax-care\/","og_locale":"fr_FR","og_type":"article","og_title":"WAX CARE - Chimiver NETTOYAGE ET ENTRETIEN, Sols vernis, Sols huil\u00e9s, Sols cir\u00e9s, SOLS INTERIEUR, Sols vernis, Sols huil\u00e9s, Sols cir\u00e9s","og_description":"Scopri WAX CARE NETTOYAGE ET ENTRETIEN, Sols vernis, Sols huil\u00e9s, Sols cir\u00e9s, SOLS INTERIEUR, Sols vernis, Sols huil\u00e9s, Sols cir\u00e9s. Dal 1965 Chimiver \u00e8 leader nel mercato dei prodotti per incollaggio, trattamento e manutenzione dei pavimenti.","og_url":"https:\/\/chimiver.com\/fr\/prodotto\/wax-care\/","og_site_name":"Chimiver","article_publisher":"https:\/\/www.facebook.com\/chimiver","article_modified_time":"2023-07-25T13:54:59+00:00","og_image":[{"width":640,"height":640,"url":"https:\/\/chimiver.com\/wp-content\/uploads\/2022\/01\/127_1dc6b.jpg","type":"image\/jpeg"}],"twitter_card":"summary_large_image","twitter_misc":{"Dur\u00e9e de lecture estim\u00e9e":"1 minute"},"schema":{"@context":"https:\/\/schema.org","@graph":[{"@type":"WebPage","@id":"https:\/\/chimiver.com\/fr\/prodotto\/wax-care\/","url":"https:\/\/chimiver.com\/fr\/prodotto\/wax-care\/","name":"WAX CARE - Chimiver NETTOYAGE ET ENTRETIEN, Sols vernis, Sols huil\u00e9s, Sols cir\u00e9s, SOLS INTERIEUR, Sols vernis, Sols huil\u00e9s, Sols cir\u00e9s","isPartOf":{"@id":"https:\/\/chimiver.com\/fr\/#website"},"primaryImageOfPage":{"@id":"https:\/\/chimiver.com\/fr\/prodotto\/wax-care\/#primaryimage"},"image":{"@id":"https:\/\/chimiver.com\/fr\/prodotto\/wax-care\/#primaryimage"},"thumbnailUrl":"https:\/\/chimiver.com\/wp-content\/uploads\/2022\/01\/127_1dc6b.jpg","datePublished":"2022-01-21T11:14:45+00:00","dateModified":"2023-07-25T13:54:59+00:00","description":"Scopri WAX CARE NETTOYAGE ET ENTRETIEN, Sols vernis, Sols huil\u00e9s, Sols cir\u00e9s, SOLS INTERIEUR, Sols vernis, Sols huil\u00e9s, Sols cir\u00e9s. Dal 1965 Chimiver \u00e8 leader nel mercato dei prodotti per incollaggio, trattamento e manutenzione dei pavimenti.","breadcrumb":{"@id":"https:\/\/chimiver.com\/fr\/prodotto\/wax-care\/#breadcrumb"},"inLanguage":"fr-FR","potentialAction":[{"@type":"ReadAction","target":["https:\/\/chimiver.com\/fr\/prodotto\/wax-care\/"]}]},{"@type":"ImageObject","inLanguage":"fr-FR","@id":"https:\/\/chimiver.com\/fr\/prodotto\/wax-care\/#primaryimage","url":"https:\/\/chimiver.com\/wp-content\/uploads\/2022\/01\/127_1dc6b.jpg","contentUrl":"https:\/\/chimiver.com\/wp-content\/uploads\/2022\/01\/127_1dc6b.jpg","width":640,"height":640,"caption":"Wax Care_1L"},{"@type":"BreadcrumbList","@id":"https:\/\/chimiver.com\/fr\/prodotto\/wax-care\/#breadcrumb","itemListElement":[{"@type":"ListItem","position":1,"name":"Home","item":"https:\/\/chimiver.com\/fr\/"},{"@type":"ListItem","position":2,"name":"Shop","item":"https:\/\/chimiver.com\/?page_id=10"},{"@type":"ListItem","position":3,"name":"WAX CARE"}]},{"@type":"WebSite","@id":"https:\/\/chimiver.com\/fr\/#website","url":"https:\/\/chimiver.com\/fr\/","name":"Chimiver, Your floors partner","description":"Your floors partner","publisher":{"@id":"https:\/\/chimiver.com\/fr\/#organization"},"alternateName":"Chimiver","potentialAction":[{"@type":"SearchAction","target":{"@type":"EntryPoint","urlTemplate":"https:\/\/chimiver.com\/fr\/?s={search_term_string}"},"query-input":{"@type":"PropertyValueSpecification","valueRequired":true,"valueName":"search_term_string"}}],"inLanguage":"fr-FR"},{"@type":"Organization","@id":"https:\/\/chimiver.com\/fr\/#organization","name":"Chimiver","url":"https:\/\/chimiver.com\/fr\/","logo":{"@type":"ImageObject","inLanguage":"fr-FR","@id":"https:\/\/chimiver.com\/fr\/#\/schema\/logo\/image\/","url":"https:\/\/chimiver.com\/wp-content\/uploads\/2022\/06\/Chimiver_500x500.jpg","contentUrl":"https:\/\/chimiver.com\/wp-content\/uploads\/2022\/06\/Chimiver_500x500.jpg","width":500,"height":500,"caption":"Chimiver"},"image":{"@id":"https:\/\/chimiver.com\/fr\/#\/schema\/logo\/image\/"},"sameAs":["https:\/\/www.facebook.com\/chimiver"]}]}},"_links":{"self":[{"href":"https:\/\/chimiver.com\/fr\/wp-json\/wp\/v2\/product\/14807","targetHints":{"allow":["GET"]}}],"collection":[{"href":"https:\/\/chimiver.com\/fr\/wp-json\/wp\/v2\/product"}],"about":[{"href":"https:\/\/chimiver.com\/fr\/wp-json\/wp\/v2\/types\/product"}],"replies":[{"embeddable":true,"href":"https:\/\/chimiver.com\/fr\/wp-json\/wp\/v2\/comments?post=14807"}],"wp:featuredmedia":[{"embeddable":true,"href":"https:\/\/chimiver.com\/fr\/wp-json\/wp\/v2\/media\/8120"}],"wp:attachment":[{"href":"https:\/\/chimiver.com\/fr\/wp-json\/wp\/v2\/media?parent=14807"}],"wp:term":[{"taxonomy":"product_brand","embeddable":true,"href":"https:\/\/chimiver.com\/fr\/wp-json\/wp\/v2\/product_brand?post=14807"},{"taxonomy":"product_cat","embeddable":true,"href":"https:\/\/chimiver.com\/fr\/wp-json\/wp\/v2\/product_cat?post=14807"},{"taxonomy":"product_tag","embeddable":true,"href":"https:\/\/chimiver.com\/fr\/wp-json\/wp\/v2\/product_tag?post=14807"}],"curies":[{"name":"wp","href":"https:\/\/api.w.org\/{rel}","templated":true}]}}