{"id":14814,"date":"2022-01-21T12:15:18","date_gmt":"2022-01-21T11:15:18","guid":{"rendered":"https:\/\/chimiver.com\/prodotto\/antislip-professional\/"},"modified":"2024-11-26T08:29:09","modified_gmt":"2024-11-26T07:29:09","slug":"antislip-professional","status":"publish","type":"product","link":"https:\/\/chimiver.com\/fr\/prodotto\/antislip-professional\/","title":{"rendered":"ANTISLIP PROFESSIONAL"},"content":{"rendered":"<p>Solution concentr\u00e9e, \u00e0 base d&rsquo;eau et antid\u00e9rapante qui ne n\u00e9cessite pas de rin\u00e7age, n&rsquo;est pas agressive et n#alt\u00e8re pas la surface. Il est id\u00e9al pour pr\u00e9venir et limiter le risque de chute. Il peut \u00eatre utilis\u00e9 sur la plupart des surfaces dures (planchers en bois laqu\u00e9, c\u00e9ramique, gr\u00e8s, marbre, r\u00e9sine, microciment, PVC, LVT, etc). De plus, gr\u00e2ce \u00e0 sa formulation, il ne tache pas et ne filme pas.<\/p>\n","protected":false},"excerpt":{"rendered":"Solution sans glissement \u00e0 base d&rsquo;eau concentr\u00e9e et tr\u00e8s efficace","protected":false},"featured_media":8182,"comment_status":"open","ping_status":"closed","template":"","meta":{"_acf_changed":false,"inline_featured_image":false},"product_brand":[],"product_cat":[776,777,786,787,788,812,813,817,819,820],"product_tag":[],"class_list":{"0":"post-14814","1":"product","2":"type-product","3":"status-publish","4":"has-post-thumbnail","6":"product_cat-nettoyage-et-entretien","7":"product_cat-sols-vernis","8":"product_cat-sols-en-vinyle","9":"product_cat-sols-en-ceramique","10":"product_cat-sols-en-resine","11":"product_cat-sols-interieur","12":"product_cat-sols-vernis-fr","13":"product_cat-sols-en-vinyle-fr","14":"product_cat-sols-en-ceramique-fr","15":"product_cat-sols-en-resine-fr","17":"first","18":"instock","19":"shipping-taxable","20":"product-type-simple","21":"add-to-wishlist-after_add_to_cart"},"acf":[],"yoast_head":"<!-- This site is optimized with the Yoast SEO plugin v26.2 - https:\/\/yoast.com\/wordpress\/plugins\/seo\/ -->\n<title>ANTISLIP PROFESSIONAL - Chimiver NETTOYAGE ET ENTRETIEN, Sols vernis, Sols en vinyle, Sols en c\u00e9ramique, Sols en r\u00e9sine, SOLS INTERIEUR, Sols vernis, Sols en vinyle, Sols en c\u00e9ramique, Sols en r\u00e9sine<\/title>\n<meta name=\"description\" content=\"Scopri ANTISLIP PROFESSIONAL NETTOYAGE ET ENTRETIEN, Sols vernis, Sols en vinyle, Sols en c\u00e9ramique, Sols en r\u00e9sine, SOLS INTERIEUR, Sols vernis, Sols en vinyle, Sols en c\u00e9ramique, Sols en r\u00e9sine. Dal 1965 Chimiver \u00e8 leader nel mercato dei prodotti per incollaggio, trattamento e manutenzione dei pavimenti.\" \/>\n<meta name=\"robots\" content=\"index, follow, max-snippet:-1, max-image-preview:large, max-video-preview:-1\" \/>\n<link rel=\"canonical\" href=\"https:\/\/chimiver.com\/fr\/prodotto\/antislip-professional\/\" \/>\n<meta property=\"og:locale\" content=\"fr_FR\" \/>\n<meta property=\"og:type\" content=\"article\" \/>\n<meta property=\"og:title\" content=\"ANTISLIP PROFESSIONAL - Chimiver NETTOYAGE ET ENTRETIEN, Sols vernis, Sols en vinyle, Sols en c\u00e9ramique, Sols en r\u00e9sine, SOLS INTERIEUR, Sols vernis, Sols en vinyle, Sols en c\u00e9ramique, Sols en r\u00e9sine\" \/>\n<meta property=\"og:description\" content=\"Scopri ANTISLIP PROFESSIONAL NETTOYAGE ET ENTRETIEN, Sols vernis, Sols en vinyle, Sols en c\u00e9ramique, Sols en r\u00e9sine, SOLS INTERIEUR, Sols vernis, Sols en vinyle, Sols en c\u00e9ramique, Sols en r\u00e9sine. Dal 1965 Chimiver \u00e8 leader nel mercato dei prodotti per incollaggio, trattamento e manutenzione dei pavimenti.\" \/>\n<meta property=\"og:url\" content=\"https:\/\/chimiver.com\/fr\/prodotto\/antislip-professional\/\" \/>\n<meta property=\"og:site_name\" content=\"Chimiver\" \/>\n<meta property=\"article:publisher\" content=\"https:\/\/www.facebook.com\/chimiver\" \/>\n<meta property=\"article:modified_time\" content=\"2024-11-26T07:29:09+00:00\" \/>\n<meta property=\"og:image\" content=\"https:\/\/chimiver.com\/wp-content\/uploads\/2022\/01\/326_12852.jpg\" \/>\n\t<meta property=\"og:image:width\" content=\"640\" \/>\n\t<meta property=\"og:image:height\" content=\"640\" \/>\n\t<meta property=\"og:image:type\" content=\"image\/jpeg\" \/>\n<meta name=\"twitter:card\" content=\"summary_large_image\" \/>\n<meta name=\"twitter:label1\" content=\"Dur\u00e9e de lecture estim\u00e9e\" \/>\n\t<meta name=\"twitter:data1\" content=\"1 minute\" \/>\n<script type=\"application\/ld+json\" class=\"yoast-schema-graph\">{\"@context\":\"https:\/\/schema.org\",\"@graph\":[{\"@type\":\"WebPage\",\"@id\":\"https:\/\/chimiver.com\/fr\/prodotto\/antislip-professional\/\",\"url\":\"https:\/\/chimiver.com\/fr\/prodotto\/antislip-professional\/\",\"name\":\"ANTISLIP PROFESSIONAL - Chimiver NETTOYAGE ET ENTRETIEN, Sols vernis, Sols en vinyle, Sols en c\u00e9ramique, Sols en r\u00e9sine, SOLS INTERIEUR, Sols vernis, Sols en vinyle, Sols en c\u00e9ramique, Sols en r\u00e9sine\",\"isPartOf\":{\"@id\":\"https:\/\/chimiver.com\/fr\/#website\"},\"primaryImageOfPage\":{\"@id\":\"https:\/\/chimiver.com\/fr\/prodotto\/antislip-professional\/#primaryimage\"},\"image\":{\"@id\":\"https:\/\/chimiver.com\/fr\/prodotto\/antislip-professional\/#primaryimage\"},\"thumbnailUrl\":\"https:\/\/chimiver.com\/wp-content\/uploads\/2022\/01\/326_12852.jpg\",\"datePublished\":\"2022-01-21T11:15:18+00:00\",\"dateModified\":\"2024-11-26T07:29:09+00:00\",\"description\":\"Scopri ANTISLIP PROFESSIONAL NETTOYAGE ET ENTRETIEN, Sols vernis, Sols en vinyle, Sols en c\u00e9ramique, Sols en r\u00e9sine, SOLS INTERIEUR, Sols vernis, Sols en vinyle, Sols en c\u00e9ramique, Sols en r\u00e9sine. Dal 1965 Chimiver \u00e8 leader nel mercato dei prodotti per incollaggio, trattamento e manutenzione dei pavimenti.\",\"breadcrumb\":{\"@id\":\"https:\/\/chimiver.com\/fr\/prodotto\/antislip-professional\/#breadcrumb\"},\"inLanguage\":\"fr-FR\",\"potentialAction\":[{\"@type\":\"ReadAction\",\"target\":[\"https:\/\/chimiver.com\/fr\/prodotto\/antislip-professional\/\"]}]},{\"@type\":\"ImageObject\",\"inLanguage\":\"fr-FR\",\"@id\":\"https:\/\/chimiver.com\/fr\/prodotto\/antislip-professional\/#primaryimage\",\"url\":\"https:\/\/chimiver.com\/wp-content\/uploads\/2022\/01\/326_12852.jpg\",\"contentUrl\":\"https:\/\/chimiver.com\/wp-content\/uploads\/2022\/01\/326_12852.jpg\",\"width\":640,\"height\":640,\"caption\":\"Antislip Professional_1L\"},{\"@type\":\"BreadcrumbList\",\"@id\":\"https:\/\/chimiver.com\/fr\/prodotto\/antislip-professional\/#breadcrumb\",\"itemListElement\":[{\"@type\":\"ListItem\",\"position\":1,\"name\":\"Home\",\"item\":\"https:\/\/chimiver.com\/fr\/\"},{\"@type\":\"ListItem\",\"position\":2,\"name\":\"Shop\",\"item\":\"https:\/\/chimiver.com\/?page_id=10\"},{\"@type\":\"ListItem\",\"position\":3,\"name\":\"ANTISLIP PROFESSIONAL\"}]},{\"@type\":\"WebSite\",\"@id\":\"https:\/\/chimiver.com\/fr\/#website\",\"url\":\"https:\/\/chimiver.com\/fr\/\",\"name\":\"Chimiver, Your floors partner\",\"description\":\"Your floors partner\",\"publisher\":{\"@id\":\"https:\/\/chimiver.com\/fr\/#organization\"},\"alternateName\":\"Chimiver\",\"potentialAction\":[{\"@type\":\"SearchAction\",\"target\":{\"@type\":\"EntryPoint\",\"urlTemplate\":\"https:\/\/chimiver.com\/fr\/?s={search_term_string}\"},\"query-input\":{\"@type\":\"PropertyValueSpecification\",\"valueRequired\":true,\"valueName\":\"search_term_string\"}}],\"inLanguage\":\"fr-FR\"},{\"@type\":\"Organization\",\"@id\":\"https:\/\/chimiver.com\/fr\/#organization\",\"name\":\"Chimiver\",\"url\":\"https:\/\/chimiver.com\/fr\/\",\"logo\":{\"@type\":\"ImageObject\",\"inLanguage\":\"fr-FR\",\"@id\":\"https:\/\/chimiver.com\/fr\/#\/schema\/logo\/image\/\",\"url\":\"https:\/\/chimiver.com\/wp-content\/uploads\/2022\/06\/Chimiver_500x500.jpg\",\"contentUrl\":\"https:\/\/chimiver.com\/wp-content\/uploads\/2022\/06\/Chimiver_500x500.jpg\",\"width\":500,\"height\":500,\"caption\":\"Chimiver\"},\"image\":{\"@id\":\"https:\/\/chimiver.com\/fr\/#\/schema\/logo\/image\/\"},\"sameAs\":[\"https:\/\/www.facebook.com\/chimiver\"]}]}<\/script>\n<!-- \/ Yoast SEO plugin. -->","yoast_head_json":{"title":"ANTISLIP PROFESSIONAL - Chimiver NETTOYAGE ET ENTRETIEN, Sols vernis, Sols en vinyle, Sols en c\u00e9ramique, Sols en r\u00e9sine, SOLS INTERIEUR, Sols vernis, Sols en vinyle, Sols en c\u00e9ramique, Sols en r\u00e9sine","description":"Scopri ANTISLIP PROFESSIONAL NETTOYAGE ET ENTRETIEN, Sols vernis, Sols en vinyle, Sols en c\u00e9ramique, Sols en r\u00e9sine, SOLS INTERIEUR, Sols vernis, Sols en vinyle, Sols en c\u00e9ramique, Sols en r\u00e9sine. Dal 1965 Chimiver \u00e8 leader nel mercato dei prodotti per incollaggio, trattamento e manutenzione dei pavimenti.","robots":{"index":"index","follow":"follow","max-snippet":"max-snippet:-1","max-image-preview":"max-image-preview:large","max-video-preview":"max-video-preview:-1"},"canonical":"https:\/\/chimiver.com\/fr\/prodotto\/antislip-professional\/","og_locale":"fr_FR","og_type":"article","og_title":"ANTISLIP PROFESSIONAL - Chimiver NETTOYAGE ET ENTRETIEN, Sols vernis, Sols en vinyle, Sols en c\u00e9ramique, Sols en r\u00e9sine, SOLS INTERIEUR, Sols vernis, Sols en vinyle, Sols en c\u00e9ramique, Sols en r\u00e9sine","og_description":"Scopri ANTISLIP PROFESSIONAL NETTOYAGE ET ENTRETIEN, Sols vernis, Sols en vinyle, Sols en c\u00e9ramique, Sols en r\u00e9sine, SOLS INTERIEUR, Sols vernis, Sols en vinyle, Sols en c\u00e9ramique, Sols en r\u00e9sine. Dal 1965 Chimiver \u00e8 leader nel mercato dei prodotti per incollaggio, trattamento e manutenzione dei pavimenti.","og_url":"https:\/\/chimiver.com\/fr\/prodotto\/antislip-professional\/","og_site_name":"Chimiver","article_publisher":"https:\/\/www.facebook.com\/chimiver","article_modified_time":"2024-11-26T07:29:09+00:00","og_image":[{"width":640,"height":640,"url":"https:\/\/chimiver.com\/wp-content\/uploads\/2022\/01\/326_12852.jpg","type":"image\/jpeg"}],"twitter_card":"summary_large_image","twitter_misc":{"Dur\u00e9e de lecture estim\u00e9e":"1 minute"},"schema":{"@context":"https:\/\/schema.org","@graph":[{"@type":"WebPage","@id":"https:\/\/chimiver.com\/fr\/prodotto\/antislip-professional\/","url":"https:\/\/chimiver.com\/fr\/prodotto\/antislip-professional\/","name":"ANTISLIP PROFESSIONAL - Chimiver NETTOYAGE ET ENTRETIEN, Sols vernis, Sols en vinyle, Sols en c\u00e9ramique, Sols en r\u00e9sine, SOLS INTERIEUR, Sols vernis, Sols en vinyle, Sols en c\u00e9ramique, Sols en r\u00e9sine","isPartOf":{"@id":"https:\/\/chimiver.com\/fr\/#website"},"primaryImageOfPage":{"@id":"https:\/\/chimiver.com\/fr\/prodotto\/antislip-professional\/#primaryimage"},"image":{"@id":"https:\/\/chimiver.com\/fr\/prodotto\/antislip-professional\/#primaryimage"},"thumbnailUrl":"https:\/\/chimiver.com\/wp-content\/uploads\/2022\/01\/326_12852.jpg","datePublished":"2022-01-21T11:15:18+00:00","dateModified":"2024-11-26T07:29:09+00:00","description":"Scopri ANTISLIP PROFESSIONAL NETTOYAGE ET ENTRETIEN, Sols vernis, Sols en vinyle, Sols en c\u00e9ramique, Sols en r\u00e9sine, SOLS INTERIEUR, Sols vernis, Sols en vinyle, Sols en c\u00e9ramique, Sols en r\u00e9sine. Dal 1965 Chimiver \u00e8 leader nel mercato dei prodotti per incollaggio, trattamento e manutenzione dei pavimenti.","breadcrumb":{"@id":"https:\/\/chimiver.com\/fr\/prodotto\/antislip-professional\/#breadcrumb"},"inLanguage":"fr-FR","potentialAction":[{"@type":"ReadAction","target":["https:\/\/chimiver.com\/fr\/prodotto\/antislip-professional\/"]}]},{"@type":"ImageObject","inLanguage":"fr-FR","@id":"https:\/\/chimiver.com\/fr\/prodotto\/antislip-professional\/#primaryimage","url":"https:\/\/chimiver.com\/wp-content\/uploads\/2022\/01\/326_12852.jpg","contentUrl":"https:\/\/chimiver.com\/wp-content\/uploads\/2022\/01\/326_12852.jpg","width":640,"height":640,"caption":"Antislip Professional_1L"},{"@type":"BreadcrumbList","@id":"https:\/\/chimiver.com\/fr\/prodotto\/antislip-professional\/#breadcrumb","itemListElement":[{"@type":"ListItem","position":1,"name":"Home","item":"https:\/\/chimiver.com\/fr\/"},{"@type":"ListItem","position":2,"name":"Shop","item":"https:\/\/chimiver.com\/?page_id=10"},{"@type":"ListItem","position":3,"name":"ANTISLIP PROFESSIONAL"}]},{"@type":"WebSite","@id":"https:\/\/chimiver.com\/fr\/#website","url":"https:\/\/chimiver.com\/fr\/","name":"Chimiver, Your floors partner","description":"Your floors partner","publisher":{"@id":"https:\/\/chimiver.com\/fr\/#organization"},"alternateName":"Chimiver","potentialAction":[{"@type":"SearchAction","target":{"@type":"EntryPoint","urlTemplate":"https:\/\/chimiver.com\/fr\/?s={search_term_string}"},"query-input":{"@type":"PropertyValueSpecification","valueRequired":true,"valueName":"search_term_string"}}],"inLanguage":"fr-FR"},{"@type":"Organization","@id":"https:\/\/chimiver.com\/fr\/#organization","name":"Chimiver","url":"https:\/\/chimiver.com\/fr\/","logo":{"@type":"ImageObject","inLanguage":"fr-FR","@id":"https:\/\/chimiver.com\/fr\/#\/schema\/logo\/image\/","url":"https:\/\/chimiver.com\/wp-content\/uploads\/2022\/06\/Chimiver_500x500.jpg","contentUrl":"https:\/\/chimiver.com\/wp-content\/uploads\/2022\/06\/Chimiver_500x500.jpg","width":500,"height":500,"caption":"Chimiver"},"image":{"@id":"https:\/\/chimiver.com\/fr\/#\/schema\/logo\/image\/"},"sameAs":["https:\/\/www.facebook.com\/chimiver"]}]}},"_links":{"self":[{"href":"https:\/\/chimiver.com\/fr\/wp-json\/wp\/v2\/product\/14814","targetHints":{"allow":["GET"]}}],"collection":[{"href":"https:\/\/chimiver.com\/fr\/wp-json\/wp\/v2\/product"}],"about":[{"href":"https:\/\/chimiver.com\/fr\/wp-json\/wp\/v2\/types\/product"}],"replies":[{"embeddable":true,"href":"https:\/\/chimiver.com\/fr\/wp-json\/wp\/v2\/comments?post=14814"}],"wp:featuredmedia":[{"embeddable":true,"href":"https:\/\/chimiver.com\/fr\/wp-json\/wp\/v2\/media\/8182"}],"wp:attachment":[{"href":"https:\/\/chimiver.com\/fr\/wp-json\/wp\/v2\/media?parent=14814"}],"wp:term":[{"taxonomy":"product_brand","embeddable":true,"href":"https:\/\/chimiver.com\/fr\/wp-json\/wp\/v2\/product_brand?post=14814"},{"taxonomy":"product_cat","embeddable":true,"href":"https:\/\/chimiver.com\/fr\/wp-json\/wp\/v2\/product_cat?post=14814"},{"taxonomy":"product_tag","embeddable":true,"href":"https:\/\/chimiver.com\/fr\/wp-json\/wp\/v2\/product_tag?post=14814"}],"curies":[{"name":"wp","href":"https:\/\/api.w.org\/{rel}","templated":true}]}}