{"id":14831,"date":"2022-01-21T12:14:54","date_gmt":"2022-01-21T11:14:54","guid":{"rendered":"https:\/\/chimiver.com\/prodotto\/velurex-re-pair-lack\/"},"modified":"2023-07-25T15:36:36","modified_gmt":"2023-07-25T13:36:36","slug":"velurex-re-pair-lack","status":"publish","type":"product","link":"https:\/\/chimiver.com\/fr\/prodotto\/velurex-re-pair-lack\/","title":{"rendered":"VELUREX RE-PAIR LACK"},"content":{"rendered":"<p>Produit \u00e0 base de r\u00e9sines polyur\u00e9thanes adapt\u00e9 \u00e0 l&rsquo;entretien extraordinaire de sols de bois, sols en r\u00e9sine et r\u00e9silients tels que LVT, PVC et linol\u00e9um particuli\u00e8rement endommag\u00e9s et soumis \u00e0 un pi\u00e9tonni\u00e8re \u00e9lev\u00e9e. Pour une utilisation sur des sols en bois verni avec UV, il est recommand\u00e9 d&rsquo;effectuer un essai pr\u00e9liminaire, en \u00e9valuant ensuite l&rsquo;adh\u00e9rence. VELUREX Re-Pair donne \u00e0 la surface trait\u00e9e un nouveau look caract\u00e9ris\u00e9 par les propri\u00e9t\u00e9s suivantes: duret\u00e9 superficielle, t\u00e9nacit\u00e9 et transparence.<\/p>\n","protected":false},"excerpt":{"rendered":"Produit de protection brillant pour l&rsquo;entretien extraordinaire des sols en bois, r\u00e9sine et r\u00e9silients","protected":false},"featured_media":8138,"comment_status":"open","ping_status":"closed","template":"","meta":{"_acf_changed":false,"inline_featured_image":false},"product_brand":[],"product_cat":[776,777,786,788,812,813,817,820],"product_tag":[],"class_list":{"0":"post-14831","1":"product","2":"type-product","3":"status-publish","4":"has-post-thumbnail","6":"product_cat-nettoyage-et-entretien","7":"product_cat-sols-vernis","8":"product_cat-sols-en-vinyle","9":"product_cat-sols-en-resine","10":"product_cat-sols-interieur","11":"product_cat-sols-vernis-fr","12":"product_cat-sols-en-vinyle-fr","13":"product_cat-sols-en-resine-fr","15":"first","16":"instock","17":"shipping-taxable","18":"product-type-simple","19":"add-to-wishlist-after_add_to_cart"},"acf":[],"yoast_head":"<!-- This site is optimized with the Yoast SEO plugin v26.2 - https:\/\/yoast.com\/wordpress\/plugins\/seo\/ -->\n<title>VELUREX RE-PAIR LACK - Chimiver NETTOYAGE ET ENTRETIEN, Sols vernis, Sols en vinyle, Sols en r\u00e9sine, SOLS INTERIEUR, Sols vernis, Sols en vinyle, Sols en r\u00e9sine<\/title>\n<meta name=\"description\" content=\"Scopri VELUREX RE-PAIR LACK NETTOYAGE ET ENTRETIEN, Sols vernis, Sols en vinyle, Sols en r\u00e9sine, SOLS INTERIEUR, Sols vernis, Sols en vinyle, Sols en r\u00e9sine. Dal 1965 Chimiver \u00e8 leader nel mercato dei prodotti per incollaggio, trattamento e manutenzione dei pavimenti.\" \/>\n<meta name=\"robots\" content=\"index, follow, max-snippet:-1, max-image-preview:large, max-video-preview:-1\" \/>\n<link rel=\"canonical\" href=\"https:\/\/chimiver.com\/fr\/prodotto\/velurex-re-pair-lack\/\" \/>\n<meta property=\"og:locale\" content=\"fr_FR\" \/>\n<meta property=\"og:type\" content=\"article\" \/>\n<meta property=\"og:title\" content=\"VELUREX RE-PAIR LACK - Chimiver NETTOYAGE ET ENTRETIEN, Sols vernis, Sols en vinyle, Sols en r\u00e9sine, SOLS INTERIEUR, Sols vernis, Sols en vinyle, Sols en r\u00e9sine\" \/>\n<meta property=\"og:description\" content=\"Scopri VELUREX RE-PAIR LACK NETTOYAGE ET ENTRETIEN, Sols vernis, Sols en vinyle, Sols en r\u00e9sine, SOLS INTERIEUR, Sols vernis, Sols en vinyle, Sols en r\u00e9sine. Dal 1965 Chimiver \u00e8 leader nel mercato dei prodotti per incollaggio, trattamento e manutenzione dei pavimenti.\" \/>\n<meta property=\"og:url\" content=\"https:\/\/chimiver.com\/fr\/prodotto\/velurex-re-pair-lack\/\" \/>\n<meta property=\"og:site_name\" content=\"Chimiver\" \/>\n<meta property=\"article:publisher\" content=\"https:\/\/www.facebook.com\/chimiver\" \/>\n<meta property=\"article:modified_time\" content=\"2023-07-25T13:36:36+00:00\" \/>\n<meta property=\"og:image\" content=\"https:\/\/chimiver.com\/wp-content\/uploads\/2022\/01\/Re-pair_Lack.jpg\" \/>\n\t<meta property=\"og:image:width\" content=\"640\" \/>\n\t<meta property=\"og:image:height\" content=\"640\" \/>\n\t<meta property=\"og:image:type\" content=\"image\/jpeg\" \/>\n<meta name=\"twitter:card\" content=\"summary_large_image\" \/>\n<meta name=\"twitter:label1\" content=\"Dur\u00e9e de lecture estim\u00e9e\" \/>\n\t<meta name=\"twitter:data1\" content=\"1 minute\" \/>\n<script type=\"application\/ld+json\" class=\"yoast-schema-graph\">{\"@context\":\"https:\/\/schema.org\",\"@graph\":[{\"@type\":\"WebPage\",\"@id\":\"https:\/\/chimiver.com\/fr\/prodotto\/velurex-re-pair-lack\/\",\"url\":\"https:\/\/chimiver.com\/fr\/prodotto\/velurex-re-pair-lack\/\",\"name\":\"VELUREX RE-PAIR LACK - Chimiver NETTOYAGE ET ENTRETIEN, Sols vernis, Sols en vinyle, Sols en r\u00e9sine, SOLS INTERIEUR, Sols vernis, Sols en vinyle, Sols en r\u00e9sine\",\"isPartOf\":{\"@id\":\"https:\/\/chimiver.com\/fr\/#website\"},\"primaryImageOfPage\":{\"@id\":\"https:\/\/chimiver.com\/fr\/prodotto\/velurex-re-pair-lack\/#primaryimage\"},\"image\":{\"@id\":\"https:\/\/chimiver.com\/fr\/prodotto\/velurex-re-pair-lack\/#primaryimage\"},\"thumbnailUrl\":\"https:\/\/chimiver.com\/wp-content\/uploads\/2022\/01\/Re-pair_Lack.jpg\",\"datePublished\":\"2022-01-21T11:14:54+00:00\",\"dateModified\":\"2023-07-25T13:36:36+00:00\",\"description\":\"Scopri VELUREX RE-PAIR LACK NETTOYAGE ET ENTRETIEN, Sols vernis, Sols en vinyle, Sols en r\u00e9sine, SOLS INTERIEUR, Sols vernis, Sols en vinyle, Sols en r\u00e9sine. Dal 1965 Chimiver \u00e8 leader nel mercato dei prodotti per incollaggio, trattamento e manutenzione dei pavimenti.\",\"breadcrumb\":{\"@id\":\"https:\/\/chimiver.com\/fr\/prodotto\/velurex-re-pair-lack\/#breadcrumb\"},\"inLanguage\":\"fr-FR\",\"potentialAction\":[{\"@type\":\"ReadAction\",\"target\":[\"https:\/\/chimiver.com\/fr\/prodotto\/velurex-re-pair-lack\/\"]}]},{\"@type\":\"ImageObject\",\"inLanguage\":\"fr-FR\",\"@id\":\"https:\/\/chimiver.com\/fr\/prodotto\/velurex-re-pair-lack\/#primaryimage\",\"url\":\"https:\/\/chimiver.com\/wp-content\/uploads\/2022\/01\/Re-pair_Lack.jpg\",\"contentUrl\":\"https:\/\/chimiver.com\/wp-content\/uploads\/2022\/01\/Re-pair_Lack.jpg\",\"width\":640,\"height\":640,\"caption\":\"VELUREX Re-Pair Lack_1L\"},{\"@type\":\"BreadcrumbList\",\"@id\":\"https:\/\/chimiver.com\/fr\/prodotto\/velurex-re-pair-lack\/#breadcrumb\",\"itemListElement\":[{\"@type\":\"ListItem\",\"position\":1,\"name\":\"Home\",\"item\":\"https:\/\/chimiver.com\/fr\/\"},{\"@type\":\"ListItem\",\"position\":2,\"name\":\"Shop\",\"item\":\"https:\/\/chimiver.com\/?page_id=10\"},{\"@type\":\"ListItem\",\"position\":3,\"name\":\"VELUREX RE-PAIR LACK\"}]},{\"@type\":\"WebSite\",\"@id\":\"https:\/\/chimiver.com\/fr\/#website\",\"url\":\"https:\/\/chimiver.com\/fr\/\",\"name\":\"Chimiver, Your floors partner\",\"description\":\"Your floors partner\",\"publisher\":{\"@id\":\"https:\/\/chimiver.com\/fr\/#organization\"},\"alternateName\":\"Chimiver\",\"potentialAction\":[{\"@type\":\"SearchAction\",\"target\":{\"@type\":\"EntryPoint\",\"urlTemplate\":\"https:\/\/chimiver.com\/fr\/?s={search_term_string}\"},\"query-input\":{\"@type\":\"PropertyValueSpecification\",\"valueRequired\":true,\"valueName\":\"search_term_string\"}}],\"inLanguage\":\"fr-FR\"},{\"@type\":\"Organization\",\"@id\":\"https:\/\/chimiver.com\/fr\/#organization\",\"name\":\"Chimiver\",\"url\":\"https:\/\/chimiver.com\/fr\/\",\"logo\":{\"@type\":\"ImageObject\",\"inLanguage\":\"fr-FR\",\"@id\":\"https:\/\/chimiver.com\/fr\/#\/schema\/logo\/image\/\",\"url\":\"https:\/\/chimiver.com\/wp-content\/uploads\/2022\/06\/Chimiver_500x500.jpg\",\"contentUrl\":\"https:\/\/chimiver.com\/wp-content\/uploads\/2022\/06\/Chimiver_500x500.jpg\",\"width\":500,\"height\":500,\"caption\":\"Chimiver\"},\"image\":{\"@id\":\"https:\/\/chimiver.com\/fr\/#\/schema\/logo\/image\/\"},\"sameAs\":[\"https:\/\/www.facebook.com\/chimiver\"]}]}<\/script>\n<!-- \/ Yoast SEO plugin. -->","yoast_head_json":{"title":"VELUREX RE-PAIR LACK - Chimiver NETTOYAGE ET ENTRETIEN, Sols vernis, Sols en vinyle, Sols en r\u00e9sine, SOLS INTERIEUR, Sols vernis, Sols en vinyle, Sols en r\u00e9sine","description":"Scopri VELUREX RE-PAIR LACK NETTOYAGE ET ENTRETIEN, Sols vernis, Sols en vinyle, Sols en r\u00e9sine, SOLS INTERIEUR, Sols vernis, Sols en vinyle, Sols en r\u00e9sine. Dal 1965 Chimiver \u00e8 leader nel mercato dei prodotti per incollaggio, trattamento e manutenzione dei pavimenti.","robots":{"index":"index","follow":"follow","max-snippet":"max-snippet:-1","max-image-preview":"max-image-preview:large","max-video-preview":"max-video-preview:-1"},"canonical":"https:\/\/chimiver.com\/fr\/prodotto\/velurex-re-pair-lack\/","og_locale":"fr_FR","og_type":"article","og_title":"VELUREX RE-PAIR LACK - Chimiver NETTOYAGE ET ENTRETIEN, Sols vernis, Sols en vinyle, Sols en r\u00e9sine, SOLS INTERIEUR, Sols vernis, Sols en vinyle, Sols en r\u00e9sine","og_description":"Scopri VELUREX RE-PAIR LACK NETTOYAGE ET ENTRETIEN, Sols vernis, Sols en vinyle, Sols en r\u00e9sine, SOLS INTERIEUR, Sols vernis, Sols en vinyle, Sols en r\u00e9sine. Dal 1965 Chimiver \u00e8 leader nel mercato dei prodotti per incollaggio, trattamento e manutenzione dei pavimenti.","og_url":"https:\/\/chimiver.com\/fr\/prodotto\/velurex-re-pair-lack\/","og_site_name":"Chimiver","article_publisher":"https:\/\/www.facebook.com\/chimiver","article_modified_time":"2023-07-25T13:36:36+00:00","og_image":[{"width":640,"height":640,"url":"https:\/\/chimiver.com\/wp-content\/uploads\/2022\/01\/Re-pair_Lack.jpg","type":"image\/jpeg"}],"twitter_card":"summary_large_image","twitter_misc":{"Dur\u00e9e de lecture estim\u00e9e":"1 minute"},"schema":{"@context":"https:\/\/schema.org","@graph":[{"@type":"WebPage","@id":"https:\/\/chimiver.com\/fr\/prodotto\/velurex-re-pair-lack\/","url":"https:\/\/chimiver.com\/fr\/prodotto\/velurex-re-pair-lack\/","name":"VELUREX RE-PAIR LACK - Chimiver NETTOYAGE ET ENTRETIEN, Sols vernis, Sols en vinyle, Sols en r\u00e9sine, SOLS INTERIEUR, Sols vernis, Sols en vinyle, Sols en r\u00e9sine","isPartOf":{"@id":"https:\/\/chimiver.com\/fr\/#website"},"primaryImageOfPage":{"@id":"https:\/\/chimiver.com\/fr\/prodotto\/velurex-re-pair-lack\/#primaryimage"},"image":{"@id":"https:\/\/chimiver.com\/fr\/prodotto\/velurex-re-pair-lack\/#primaryimage"},"thumbnailUrl":"https:\/\/chimiver.com\/wp-content\/uploads\/2022\/01\/Re-pair_Lack.jpg","datePublished":"2022-01-21T11:14:54+00:00","dateModified":"2023-07-25T13:36:36+00:00","description":"Scopri VELUREX RE-PAIR LACK NETTOYAGE ET ENTRETIEN, Sols vernis, Sols en vinyle, Sols en r\u00e9sine, SOLS INTERIEUR, Sols vernis, Sols en vinyle, Sols en r\u00e9sine. Dal 1965 Chimiver \u00e8 leader nel mercato dei prodotti per incollaggio, trattamento e manutenzione dei pavimenti.","breadcrumb":{"@id":"https:\/\/chimiver.com\/fr\/prodotto\/velurex-re-pair-lack\/#breadcrumb"},"inLanguage":"fr-FR","potentialAction":[{"@type":"ReadAction","target":["https:\/\/chimiver.com\/fr\/prodotto\/velurex-re-pair-lack\/"]}]},{"@type":"ImageObject","inLanguage":"fr-FR","@id":"https:\/\/chimiver.com\/fr\/prodotto\/velurex-re-pair-lack\/#primaryimage","url":"https:\/\/chimiver.com\/wp-content\/uploads\/2022\/01\/Re-pair_Lack.jpg","contentUrl":"https:\/\/chimiver.com\/wp-content\/uploads\/2022\/01\/Re-pair_Lack.jpg","width":640,"height":640,"caption":"VELUREX Re-Pair Lack_1L"},{"@type":"BreadcrumbList","@id":"https:\/\/chimiver.com\/fr\/prodotto\/velurex-re-pair-lack\/#breadcrumb","itemListElement":[{"@type":"ListItem","position":1,"name":"Home","item":"https:\/\/chimiver.com\/fr\/"},{"@type":"ListItem","position":2,"name":"Shop","item":"https:\/\/chimiver.com\/?page_id=10"},{"@type":"ListItem","position":3,"name":"VELUREX RE-PAIR LACK"}]},{"@type":"WebSite","@id":"https:\/\/chimiver.com\/fr\/#website","url":"https:\/\/chimiver.com\/fr\/","name":"Chimiver, Your floors partner","description":"Your floors partner","publisher":{"@id":"https:\/\/chimiver.com\/fr\/#organization"},"alternateName":"Chimiver","potentialAction":[{"@type":"SearchAction","target":{"@type":"EntryPoint","urlTemplate":"https:\/\/chimiver.com\/fr\/?s={search_term_string}"},"query-input":{"@type":"PropertyValueSpecification","valueRequired":true,"valueName":"search_term_string"}}],"inLanguage":"fr-FR"},{"@type":"Organization","@id":"https:\/\/chimiver.com\/fr\/#organization","name":"Chimiver","url":"https:\/\/chimiver.com\/fr\/","logo":{"@type":"ImageObject","inLanguage":"fr-FR","@id":"https:\/\/chimiver.com\/fr\/#\/schema\/logo\/image\/","url":"https:\/\/chimiver.com\/wp-content\/uploads\/2022\/06\/Chimiver_500x500.jpg","contentUrl":"https:\/\/chimiver.com\/wp-content\/uploads\/2022\/06\/Chimiver_500x500.jpg","width":500,"height":500,"caption":"Chimiver"},"image":{"@id":"https:\/\/chimiver.com\/fr\/#\/schema\/logo\/image\/"},"sameAs":["https:\/\/www.facebook.com\/chimiver"]}]}},"_links":{"self":[{"href":"https:\/\/chimiver.com\/fr\/wp-json\/wp\/v2\/product\/14831","targetHints":{"allow":["GET"]}}],"collection":[{"href":"https:\/\/chimiver.com\/fr\/wp-json\/wp\/v2\/product"}],"about":[{"href":"https:\/\/chimiver.com\/fr\/wp-json\/wp\/v2\/types\/product"}],"replies":[{"embeddable":true,"href":"https:\/\/chimiver.com\/fr\/wp-json\/wp\/v2\/comments?post=14831"}],"wp:featuredmedia":[{"embeddable":true,"href":"https:\/\/chimiver.com\/fr\/wp-json\/wp\/v2\/media\/8138"}],"wp:attachment":[{"href":"https:\/\/chimiver.com\/fr\/wp-json\/wp\/v2\/media?parent=14831"}],"wp:term":[{"taxonomy":"product_brand","embeddable":true,"href":"https:\/\/chimiver.com\/fr\/wp-json\/wp\/v2\/product_brand?post=14831"},{"taxonomy":"product_cat","embeddable":true,"href":"https:\/\/chimiver.com\/fr\/wp-json\/wp\/v2\/product_cat?post=14831"},{"taxonomy":"product_tag","embeddable":true,"href":"https:\/\/chimiver.com\/fr\/wp-json\/wp\/v2\/product_tag?post=14831"}],"curies":[{"name":"wp","href":"https:\/\/api.w.org\/{rel}","templated":true}]}}