{"id":14864,"date":"2022-01-21T12:14:26","date_gmt":"2022-01-21T11:14:26","guid":{"rendered":"https:\/\/chimiver.com\/prodotto\/lios-natural-wax\/"},"modified":"2023-06-14T16:37:09","modified_gmt":"2023-06-14T14:37:09","slug":"lios-natural-wax","status":"publish","type":"product","link":"https:\/\/chimiver.com\/fr\/prodotto\/lios-natural-wax\/","title":{"rendered":"LIOS NATURAL WAX"},"content":{"rendered":"<p>M\u00e9lange d&rsquo;huiles pr\u00e9cieuses et naturelles, adapt\u00e9 au cirage \u00e0 froid de sols en bois, de tomettes et de meubles. Leur point de fusion moyen particuli\u00e8rement \u00e9lev\u00e9 donne aux surfaces trait\u00e9es une excellente duret\u00e9 superficielle et une brillance totale. La tendance au blanchiment est particuli\u00e8rement r\u00e9duite gr\u00e2ce \u00e0 la pr\u00e9sence des cires naturelles.<\/p>\n","protected":false},"excerpt":{"rendered":"M\u00e9lange de cires naturelles pour le cirage \u00e0 froid des sols en bois","protected":false},"featured_media":8070,"comment_status":"open","ping_status":"closed","template":"","meta":{"_acf_changed":false,"inline_featured_image":false},"product_brand":[],"product_cat":[776,779,812,815],"product_tag":[],"class_list":{"0":"post-14864","1":"product","2":"type-product","3":"status-publish","4":"has-post-thumbnail","6":"product_cat-nettoyage-et-entretien","7":"product_cat-sols-cires","8":"product_cat-sols-interieur","9":"product_cat-sols-cires-fr","11":"first","12":"instock","13":"shipping-taxable","14":"product-type-simple","15":"add-to-wishlist-after_add_to_cart"},"acf":[],"yoast_head":"<!-- This site is optimized with the Yoast SEO plugin v26.2 - https:\/\/yoast.com\/wordpress\/plugins\/seo\/ -->\n<title>LIOS NATURAL WAX - Chimiver NETTOYAGE ET ENTRETIEN, Sols cir\u00e9s, SOLS INTERIEUR, Sols cir\u00e9s<\/title>\n<meta name=\"description\" content=\"Scopri LIOS NATURAL WAX NETTOYAGE ET ENTRETIEN, Sols cir\u00e9s, SOLS INTERIEUR, Sols cir\u00e9s. Dal 1965 Chimiver \u00e8 leader nel mercato dei prodotti per incollaggio, trattamento e manutenzione dei pavimenti.\" \/>\n<meta name=\"robots\" content=\"index, follow, max-snippet:-1, max-image-preview:large, max-video-preview:-1\" \/>\n<link rel=\"canonical\" href=\"https:\/\/chimiver.com\/fr\/prodotto\/lios-natural-wax\/\" \/>\n<meta property=\"og:locale\" content=\"fr_FR\" \/>\n<meta property=\"og:type\" content=\"article\" \/>\n<meta property=\"og:title\" content=\"LIOS NATURAL WAX - Chimiver NETTOYAGE ET ENTRETIEN, Sols cir\u00e9s, SOLS INTERIEUR, Sols cir\u00e9s\" \/>\n<meta property=\"og:description\" content=\"Scopri LIOS NATURAL WAX NETTOYAGE ET ENTRETIEN, Sols cir\u00e9s, SOLS INTERIEUR, Sols cir\u00e9s. Dal 1965 Chimiver \u00e8 leader nel mercato dei prodotti per incollaggio, trattamento e manutenzione dei pavimenti.\" \/>\n<meta property=\"og:url\" content=\"https:\/\/chimiver.com\/fr\/prodotto\/lios-natural-wax\/\" \/>\n<meta property=\"og:site_name\" content=\"Chimiver\" \/>\n<meta property=\"article:publisher\" content=\"https:\/\/www.facebook.com\/chimiver\" \/>\n<meta property=\"article:modified_time\" content=\"2023-06-14T14:37:09+00:00\" \/>\n<meta property=\"og:image\" content=\"https:\/\/chimiver.com\/wp-content\/uploads\/2022\/01\/125_166be.jpg\" \/>\n\t<meta property=\"og:image:width\" content=\"600\" \/>\n\t<meta property=\"og:image:height\" content=\"600\" \/>\n\t<meta property=\"og:image:type\" content=\"image\/jpeg\" \/>\n<meta name=\"twitter:card\" content=\"summary_large_image\" \/>\n<meta name=\"twitter:label1\" content=\"Dur\u00e9e de lecture estim\u00e9e\" \/>\n\t<meta name=\"twitter:data1\" content=\"1 minute\" \/>\n<script type=\"application\/ld+json\" class=\"yoast-schema-graph\">{\"@context\":\"https:\/\/schema.org\",\"@graph\":[{\"@type\":\"WebPage\",\"@id\":\"https:\/\/chimiver.com\/fr\/prodotto\/lios-natural-wax\/\",\"url\":\"https:\/\/chimiver.com\/fr\/prodotto\/lios-natural-wax\/\",\"name\":\"LIOS NATURAL WAX - Chimiver NETTOYAGE ET ENTRETIEN, Sols cir\u00e9s, SOLS INTERIEUR, Sols cir\u00e9s\",\"isPartOf\":{\"@id\":\"https:\/\/chimiver.com\/fr\/#website\"},\"primaryImageOfPage\":{\"@id\":\"https:\/\/chimiver.com\/fr\/prodotto\/lios-natural-wax\/#primaryimage\"},\"image\":{\"@id\":\"https:\/\/chimiver.com\/fr\/prodotto\/lios-natural-wax\/#primaryimage\"},\"thumbnailUrl\":\"https:\/\/chimiver.com\/wp-content\/uploads\/2022\/01\/125_166be.jpg\",\"datePublished\":\"2022-01-21T11:14:26+00:00\",\"dateModified\":\"2023-06-14T14:37:09+00:00\",\"description\":\"Scopri LIOS NATURAL WAX NETTOYAGE ET ENTRETIEN, Sols cir\u00e9s, SOLS INTERIEUR, Sols cir\u00e9s. Dal 1965 Chimiver \u00e8 leader nel mercato dei prodotti per incollaggio, trattamento e manutenzione dei pavimenti.\",\"breadcrumb\":{\"@id\":\"https:\/\/chimiver.com\/fr\/prodotto\/lios-natural-wax\/#breadcrumb\"},\"inLanguage\":\"fr-FR\",\"potentialAction\":[{\"@type\":\"ReadAction\",\"target\":[\"https:\/\/chimiver.com\/fr\/prodotto\/lios-natural-wax\/\"]}]},{\"@type\":\"ImageObject\",\"inLanguage\":\"fr-FR\",\"@id\":\"https:\/\/chimiver.com\/fr\/prodotto\/lios-natural-wax\/#primaryimage\",\"url\":\"https:\/\/chimiver.com\/wp-content\/uploads\/2022\/01\/125_166be.jpg\",\"contentUrl\":\"https:\/\/chimiver.com\/wp-content\/uploads\/2022\/01\/125_166be.jpg\",\"width\":600,\"height\":600},{\"@type\":\"BreadcrumbList\",\"@id\":\"https:\/\/chimiver.com\/fr\/prodotto\/lios-natural-wax\/#breadcrumb\",\"itemListElement\":[{\"@type\":\"ListItem\",\"position\":1,\"name\":\"Home\",\"item\":\"https:\/\/chimiver.com\/fr\/\"},{\"@type\":\"ListItem\",\"position\":2,\"name\":\"Shop\",\"item\":\"https:\/\/chimiver.com\/?page_id=10\"},{\"@type\":\"ListItem\",\"position\":3,\"name\":\"LIOS NATURAL WAX\"}]},{\"@type\":\"WebSite\",\"@id\":\"https:\/\/chimiver.com\/fr\/#website\",\"url\":\"https:\/\/chimiver.com\/fr\/\",\"name\":\"Chimiver, Your floors partner\",\"description\":\"Your floors partner\",\"publisher\":{\"@id\":\"https:\/\/chimiver.com\/fr\/#organization\"},\"alternateName\":\"Chimiver\",\"potentialAction\":[{\"@type\":\"SearchAction\",\"target\":{\"@type\":\"EntryPoint\",\"urlTemplate\":\"https:\/\/chimiver.com\/fr\/?s={search_term_string}\"},\"query-input\":{\"@type\":\"PropertyValueSpecification\",\"valueRequired\":true,\"valueName\":\"search_term_string\"}}],\"inLanguage\":\"fr-FR\"},{\"@type\":\"Organization\",\"@id\":\"https:\/\/chimiver.com\/fr\/#organization\",\"name\":\"Chimiver\",\"url\":\"https:\/\/chimiver.com\/fr\/\",\"logo\":{\"@type\":\"ImageObject\",\"inLanguage\":\"fr-FR\",\"@id\":\"https:\/\/chimiver.com\/fr\/#\/schema\/logo\/image\/\",\"url\":\"https:\/\/chimiver.com\/wp-content\/uploads\/2022\/06\/Chimiver_500x500.jpg\",\"contentUrl\":\"https:\/\/chimiver.com\/wp-content\/uploads\/2022\/06\/Chimiver_500x500.jpg\",\"width\":500,\"height\":500,\"caption\":\"Chimiver\"},\"image\":{\"@id\":\"https:\/\/chimiver.com\/fr\/#\/schema\/logo\/image\/\"},\"sameAs\":[\"https:\/\/www.facebook.com\/chimiver\"]}]}<\/script>\n<!-- \/ Yoast SEO plugin. -->","yoast_head_json":{"title":"LIOS NATURAL WAX - Chimiver NETTOYAGE ET ENTRETIEN, Sols cir\u00e9s, SOLS INTERIEUR, Sols cir\u00e9s","description":"Scopri LIOS NATURAL WAX NETTOYAGE ET ENTRETIEN, Sols cir\u00e9s, SOLS INTERIEUR, Sols cir\u00e9s. Dal 1965 Chimiver \u00e8 leader nel mercato dei prodotti per incollaggio, trattamento e manutenzione dei pavimenti.","robots":{"index":"index","follow":"follow","max-snippet":"max-snippet:-1","max-image-preview":"max-image-preview:large","max-video-preview":"max-video-preview:-1"},"canonical":"https:\/\/chimiver.com\/fr\/prodotto\/lios-natural-wax\/","og_locale":"fr_FR","og_type":"article","og_title":"LIOS NATURAL WAX - Chimiver NETTOYAGE ET ENTRETIEN, Sols cir\u00e9s, SOLS INTERIEUR, Sols cir\u00e9s","og_description":"Scopri LIOS NATURAL WAX NETTOYAGE ET ENTRETIEN, Sols cir\u00e9s, SOLS INTERIEUR, Sols cir\u00e9s. Dal 1965 Chimiver \u00e8 leader nel mercato dei prodotti per incollaggio, trattamento e manutenzione dei pavimenti.","og_url":"https:\/\/chimiver.com\/fr\/prodotto\/lios-natural-wax\/","og_site_name":"Chimiver","article_publisher":"https:\/\/www.facebook.com\/chimiver","article_modified_time":"2023-06-14T14:37:09+00:00","og_image":[{"width":600,"height":600,"url":"https:\/\/chimiver.com\/wp-content\/uploads\/2022\/01\/125_166be.jpg","type":"image\/jpeg"}],"twitter_card":"summary_large_image","twitter_misc":{"Dur\u00e9e de lecture estim\u00e9e":"1 minute"},"schema":{"@context":"https:\/\/schema.org","@graph":[{"@type":"WebPage","@id":"https:\/\/chimiver.com\/fr\/prodotto\/lios-natural-wax\/","url":"https:\/\/chimiver.com\/fr\/prodotto\/lios-natural-wax\/","name":"LIOS NATURAL WAX - Chimiver NETTOYAGE ET ENTRETIEN, Sols cir\u00e9s, SOLS INTERIEUR, Sols cir\u00e9s","isPartOf":{"@id":"https:\/\/chimiver.com\/fr\/#website"},"primaryImageOfPage":{"@id":"https:\/\/chimiver.com\/fr\/prodotto\/lios-natural-wax\/#primaryimage"},"image":{"@id":"https:\/\/chimiver.com\/fr\/prodotto\/lios-natural-wax\/#primaryimage"},"thumbnailUrl":"https:\/\/chimiver.com\/wp-content\/uploads\/2022\/01\/125_166be.jpg","datePublished":"2022-01-21T11:14:26+00:00","dateModified":"2023-06-14T14:37:09+00:00","description":"Scopri LIOS NATURAL WAX NETTOYAGE ET ENTRETIEN, Sols cir\u00e9s, SOLS INTERIEUR, Sols cir\u00e9s. Dal 1965 Chimiver \u00e8 leader nel mercato dei prodotti per incollaggio, trattamento e manutenzione dei pavimenti.","breadcrumb":{"@id":"https:\/\/chimiver.com\/fr\/prodotto\/lios-natural-wax\/#breadcrumb"},"inLanguage":"fr-FR","potentialAction":[{"@type":"ReadAction","target":["https:\/\/chimiver.com\/fr\/prodotto\/lios-natural-wax\/"]}]},{"@type":"ImageObject","inLanguage":"fr-FR","@id":"https:\/\/chimiver.com\/fr\/prodotto\/lios-natural-wax\/#primaryimage","url":"https:\/\/chimiver.com\/wp-content\/uploads\/2022\/01\/125_166be.jpg","contentUrl":"https:\/\/chimiver.com\/wp-content\/uploads\/2022\/01\/125_166be.jpg","width":600,"height":600},{"@type":"BreadcrumbList","@id":"https:\/\/chimiver.com\/fr\/prodotto\/lios-natural-wax\/#breadcrumb","itemListElement":[{"@type":"ListItem","position":1,"name":"Home","item":"https:\/\/chimiver.com\/fr\/"},{"@type":"ListItem","position":2,"name":"Shop","item":"https:\/\/chimiver.com\/?page_id=10"},{"@type":"ListItem","position":3,"name":"LIOS NATURAL WAX"}]},{"@type":"WebSite","@id":"https:\/\/chimiver.com\/fr\/#website","url":"https:\/\/chimiver.com\/fr\/","name":"Chimiver, Your floors partner","description":"Your floors partner","publisher":{"@id":"https:\/\/chimiver.com\/fr\/#organization"},"alternateName":"Chimiver","potentialAction":[{"@type":"SearchAction","target":{"@type":"EntryPoint","urlTemplate":"https:\/\/chimiver.com\/fr\/?s={search_term_string}"},"query-input":{"@type":"PropertyValueSpecification","valueRequired":true,"valueName":"search_term_string"}}],"inLanguage":"fr-FR"},{"@type":"Organization","@id":"https:\/\/chimiver.com\/fr\/#organization","name":"Chimiver","url":"https:\/\/chimiver.com\/fr\/","logo":{"@type":"ImageObject","inLanguage":"fr-FR","@id":"https:\/\/chimiver.com\/fr\/#\/schema\/logo\/image\/","url":"https:\/\/chimiver.com\/wp-content\/uploads\/2022\/06\/Chimiver_500x500.jpg","contentUrl":"https:\/\/chimiver.com\/wp-content\/uploads\/2022\/06\/Chimiver_500x500.jpg","width":500,"height":500,"caption":"Chimiver"},"image":{"@id":"https:\/\/chimiver.com\/fr\/#\/schema\/logo\/image\/"},"sameAs":["https:\/\/www.facebook.com\/chimiver"]}]}},"_links":{"self":[{"href":"https:\/\/chimiver.com\/fr\/wp-json\/wp\/v2\/product\/14864","targetHints":{"allow":["GET"]}}],"collection":[{"href":"https:\/\/chimiver.com\/fr\/wp-json\/wp\/v2\/product"}],"about":[{"href":"https:\/\/chimiver.com\/fr\/wp-json\/wp\/v2\/types\/product"}],"replies":[{"embeddable":true,"href":"https:\/\/chimiver.com\/fr\/wp-json\/wp\/v2\/comments?post=14864"}],"wp:featuredmedia":[{"embeddable":true,"href":"https:\/\/chimiver.com\/fr\/wp-json\/wp\/v2\/media\/8070"}],"wp:attachment":[{"href":"https:\/\/chimiver.com\/fr\/wp-json\/wp\/v2\/media?parent=14864"}],"wp:term":[{"taxonomy":"product_brand","embeddable":true,"href":"https:\/\/chimiver.com\/fr\/wp-json\/wp\/v2\/product_brand?post=14864"},{"taxonomy":"product_cat","embeddable":true,"href":"https:\/\/chimiver.com\/fr\/wp-json\/wp\/v2\/product_cat?post=14864"},{"taxonomy":"product_tag","embeddable":true,"href":"https:\/\/chimiver.com\/fr\/wp-json\/wp\/v2\/product_tag?post=14864"}],"curies":[{"name":"wp","href":"https:\/\/api.w.org\/{rel}","templated":true}]}}