{"id":14878,"date":"2022-01-21T12:14:54","date_gmt":"2022-01-21T11:14:54","guid":{"rendered":"https:\/\/chimiver.com\/prodotto\/velurex-lvt-cleaner\/"},"modified":"2026-02-27T13:43:34","modified_gmt":"2026-02-27T12:43:34","slug":"velurex-lvt-cleaner","status":"publish","type":"product","link":"https:\/\/chimiver.com\/fr\/prodotto\/velurex-lvt-cleaner\/","title":{"rendered":"VELUREX SPC \/ LVT CLEANER"},"content":{"rendered":"<p>Nettoyant antistatique intensif pour le nettoyage des rev\u00eatements de sol en vinyle. L&rsquo;\u00e9mulsion antistatique aide \u00e0 l&rsquo;absorption et \u00e0 la pr\u00e9vention de l&rsquo;accumulation de poussi\u00e8re. VELUREX SPC \/ LVT Cleaner contient des nanoparticules sp\u00e9ciales qui donnent aux surfaces trait\u00e9es une profonde nettoyage et une action durable. Ne laisse pas de halos et ne doit \u00eatre rinc\u00e9 il laisse une odeur agr\u00e9able et un parfum frais dans l&rsquo;ambiance. Id\u00e9al aussi en pr\u00e9sence d&rsquo;animaux domestiques.<\/p>\n","protected":false},"excerpt":{"rendered":"Nettoyant intensif antistatique pour seuls vinylique: SPC, LVT, PVC, linol\u00e9um","protected":false},"featured_media":21663,"comment_status":"open","ping_status":"closed","template":"","meta":{"_acf_changed":false,"inline_featured_image":false},"product_brand":[],"product_cat":[776,786,812,817],"product_tag":[],"class_list":{"0":"post-14878","1":"product","2":"type-product","3":"status-publish","4":"has-post-thumbnail","6":"product_cat-nettoyage-et-entretien","7":"product_cat-sols-en-vinyle","8":"product_cat-sols-interieur","9":"product_cat-sols-en-vinyle-fr","11":"first","12":"instock","13":"shipping-taxable","14":"product-type-simple","15":"add-to-wishlist-after_add_to_cart"},"acf":[],"yoast_head":"<!-- This site is optimized with the Yoast SEO plugin v26.2 - https:\/\/yoast.com\/wordpress\/plugins\/seo\/ -->\n<title>Nettoyant pour sols SPC, LVT- VELUREX SPC \/ LVT CLEANER<\/title>\n<meta name=\"description\" content=\"D\u00e9couvrezVELUREX SPC \/ LVT CLEANER . Nettoyant intensif antistatique pour le nettoyage des rev\u00eatements de sol en vinyle: SPC, LVT, PVC, linol\u00e9um\" \/>\n<meta name=\"robots\" content=\"index, follow, max-snippet:-1, max-image-preview:large, max-video-preview:-1\" \/>\n<link rel=\"canonical\" href=\"https:\/\/chimiver.com\/fr\/prodotto\/velurex-lvt-cleaner\/\" \/>\n<meta property=\"og:locale\" content=\"fr_FR\" \/>\n<meta property=\"og:type\" content=\"article\" \/>\n<meta property=\"og:title\" content=\"Nettoyant pour sols SPC, LVT- VELUREX SPC \/ LVT CLEANER\" \/>\n<meta property=\"og:description\" content=\"D\u00e9couvrezVELUREX SPC \/ LVT CLEANER . Nettoyant intensif antistatique pour le nettoyage des rev\u00eatements de sol en vinyle: SPC, LVT, PVC, linol\u00e9um\" \/>\n<meta property=\"og:url\" content=\"https:\/\/chimiver.com\/fr\/prodotto\/velurex-lvt-cleaner\/\" \/>\n<meta property=\"og:site_name\" content=\"Chimiver\" \/>\n<meta property=\"article:publisher\" content=\"https:\/\/www.facebook.com\/chimiver\" \/>\n<meta property=\"article:modified_time\" content=\"2026-02-27T12:43:34+00:00\" \/>\n<meta property=\"og:image\" content=\"https:\/\/chimiver.com\/wp-content\/uploads\/2025\/01\/LVT-SPC-Cleaner.jpg\" \/>\n\t<meta property=\"og:image:width\" content=\"640\" \/>\n\t<meta property=\"og:image:height\" content=\"640\" \/>\n\t<meta property=\"og:image:type\" content=\"image\/jpeg\" \/>\n<meta name=\"twitter:card\" content=\"summary_large_image\" \/>\n<meta name=\"twitter:label1\" content=\"Dur\u00e9e de lecture estim\u00e9e\" \/>\n\t<meta name=\"twitter:data1\" content=\"1 minute\" \/>\n<script type=\"application\/ld+json\" class=\"yoast-schema-graph\">{\"@context\":\"https:\/\/schema.org\",\"@graph\":[{\"@type\":\"WebPage\",\"@id\":\"https:\/\/chimiver.com\/fr\/prodotto\/velurex-lvt-cleaner\/\",\"url\":\"https:\/\/chimiver.com\/fr\/prodotto\/velurex-lvt-cleaner\/\",\"name\":\"Nettoyant pour sols SPC, LVT- VELUREX SPC \/ LVT CLEANER\",\"isPartOf\":{\"@id\":\"https:\/\/chimiver.com\/fr\/#website\"},\"primaryImageOfPage\":{\"@id\":\"https:\/\/chimiver.com\/fr\/prodotto\/velurex-lvt-cleaner\/#primaryimage\"},\"image\":{\"@id\":\"https:\/\/chimiver.com\/fr\/prodotto\/velurex-lvt-cleaner\/#primaryimage\"},\"thumbnailUrl\":\"https:\/\/chimiver.com\/wp-content\/uploads\/2025\/01\/LVT-SPC-Cleaner.jpg\",\"datePublished\":\"2022-01-21T11:14:54+00:00\",\"dateModified\":\"2026-02-27T12:43:34+00:00\",\"description\":\"D\u00e9couvrezVELUREX SPC \/ LVT CLEANER . Nettoyant intensif antistatique pour le nettoyage des rev\u00eatements de sol en vinyle: SPC, LVT, PVC, linol\u00e9um\",\"breadcrumb\":{\"@id\":\"https:\/\/chimiver.com\/fr\/prodotto\/velurex-lvt-cleaner\/#breadcrumb\"},\"inLanguage\":\"fr-FR\",\"potentialAction\":[{\"@type\":\"ReadAction\",\"target\":[\"https:\/\/chimiver.com\/fr\/prodotto\/velurex-lvt-cleaner\/\"]}]},{\"@type\":\"ImageObject\",\"inLanguage\":\"fr-FR\",\"@id\":\"https:\/\/chimiver.com\/fr\/prodotto\/velurex-lvt-cleaner\/#primaryimage\",\"url\":\"https:\/\/chimiver.com\/wp-content\/uploads\/2025\/01\/LVT-SPC-Cleaner.jpg\",\"contentUrl\":\"https:\/\/chimiver.com\/wp-content\/uploads\/2025\/01\/LVT-SPC-Cleaner.jpg\",\"width\":640,\"height\":640,\"caption\":\"Created with GIMP\"},{\"@type\":\"BreadcrumbList\",\"@id\":\"https:\/\/chimiver.com\/fr\/prodotto\/velurex-lvt-cleaner\/#breadcrumb\",\"itemListElement\":[{\"@type\":\"ListItem\",\"position\":1,\"name\":\"Home\",\"item\":\"https:\/\/chimiver.com\/fr\/\"},{\"@type\":\"ListItem\",\"position\":2,\"name\":\"Shop\",\"item\":\"https:\/\/chimiver.com\/?page_id=10\"},{\"@type\":\"ListItem\",\"position\":3,\"name\":\"VELUREX SPC \/ LVT CLEANER\"}]},{\"@type\":\"WebSite\",\"@id\":\"https:\/\/chimiver.com\/fr\/#website\",\"url\":\"https:\/\/chimiver.com\/fr\/\",\"name\":\"Chimiver, Your floors partner\",\"description\":\"Your floors partner\",\"publisher\":{\"@id\":\"https:\/\/chimiver.com\/fr\/#organization\"},\"alternateName\":\"Chimiver\",\"potentialAction\":[{\"@type\":\"SearchAction\",\"target\":{\"@type\":\"EntryPoint\",\"urlTemplate\":\"https:\/\/chimiver.com\/fr\/?s={search_term_string}\"},\"query-input\":{\"@type\":\"PropertyValueSpecification\",\"valueRequired\":true,\"valueName\":\"search_term_string\"}}],\"inLanguage\":\"fr-FR\"},{\"@type\":\"Organization\",\"@id\":\"https:\/\/chimiver.com\/fr\/#organization\",\"name\":\"Chimiver\",\"url\":\"https:\/\/chimiver.com\/fr\/\",\"logo\":{\"@type\":\"ImageObject\",\"inLanguage\":\"fr-FR\",\"@id\":\"https:\/\/chimiver.com\/fr\/#\/schema\/logo\/image\/\",\"url\":\"https:\/\/chimiver.com\/wp-content\/uploads\/2022\/06\/Chimiver_500x500.jpg\",\"contentUrl\":\"https:\/\/chimiver.com\/wp-content\/uploads\/2022\/06\/Chimiver_500x500.jpg\",\"width\":500,\"height\":500,\"caption\":\"Chimiver\"},\"image\":{\"@id\":\"https:\/\/chimiver.com\/fr\/#\/schema\/logo\/image\/\"},\"sameAs\":[\"https:\/\/www.facebook.com\/chimiver\"]}]}<\/script>\n<!-- \/ Yoast SEO plugin. -->","yoast_head_json":{"title":"Nettoyant pour sols SPC, LVT- VELUREX SPC \/ LVT CLEANER","description":"D\u00e9couvrezVELUREX SPC \/ LVT CLEANER . Nettoyant intensif antistatique pour le nettoyage des rev\u00eatements de sol en vinyle: SPC, LVT, PVC, linol\u00e9um","robots":{"index":"index","follow":"follow","max-snippet":"max-snippet:-1","max-image-preview":"max-image-preview:large","max-video-preview":"max-video-preview:-1"},"canonical":"https:\/\/chimiver.com\/fr\/prodotto\/velurex-lvt-cleaner\/","og_locale":"fr_FR","og_type":"article","og_title":"Nettoyant pour sols SPC, LVT- VELUREX SPC \/ LVT CLEANER","og_description":"D\u00e9couvrezVELUREX SPC \/ LVT CLEANER . Nettoyant intensif antistatique pour le nettoyage des rev\u00eatements de sol en vinyle: SPC, LVT, PVC, linol\u00e9um","og_url":"https:\/\/chimiver.com\/fr\/prodotto\/velurex-lvt-cleaner\/","og_site_name":"Chimiver","article_publisher":"https:\/\/www.facebook.com\/chimiver","article_modified_time":"2026-02-27T12:43:34+00:00","og_image":[{"width":640,"height":640,"url":"https:\/\/chimiver.com\/wp-content\/uploads\/2025\/01\/LVT-SPC-Cleaner.jpg","type":"image\/jpeg"}],"twitter_card":"summary_large_image","twitter_misc":{"Dur\u00e9e de lecture estim\u00e9e":"1 minute"},"schema":{"@context":"https:\/\/schema.org","@graph":[{"@type":"WebPage","@id":"https:\/\/chimiver.com\/fr\/prodotto\/velurex-lvt-cleaner\/","url":"https:\/\/chimiver.com\/fr\/prodotto\/velurex-lvt-cleaner\/","name":"Nettoyant pour sols SPC, LVT- VELUREX SPC \/ LVT CLEANER","isPartOf":{"@id":"https:\/\/chimiver.com\/fr\/#website"},"primaryImageOfPage":{"@id":"https:\/\/chimiver.com\/fr\/prodotto\/velurex-lvt-cleaner\/#primaryimage"},"image":{"@id":"https:\/\/chimiver.com\/fr\/prodotto\/velurex-lvt-cleaner\/#primaryimage"},"thumbnailUrl":"https:\/\/chimiver.com\/wp-content\/uploads\/2025\/01\/LVT-SPC-Cleaner.jpg","datePublished":"2022-01-21T11:14:54+00:00","dateModified":"2026-02-27T12:43:34+00:00","description":"D\u00e9couvrezVELUREX SPC \/ LVT CLEANER . Nettoyant intensif antistatique pour le nettoyage des rev\u00eatements de sol en vinyle: SPC, LVT, PVC, linol\u00e9um","breadcrumb":{"@id":"https:\/\/chimiver.com\/fr\/prodotto\/velurex-lvt-cleaner\/#breadcrumb"},"inLanguage":"fr-FR","potentialAction":[{"@type":"ReadAction","target":["https:\/\/chimiver.com\/fr\/prodotto\/velurex-lvt-cleaner\/"]}]},{"@type":"ImageObject","inLanguage":"fr-FR","@id":"https:\/\/chimiver.com\/fr\/prodotto\/velurex-lvt-cleaner\/#primaryimage","url":"https:\/\/chimiver.com\/wp-content\/uploads\/2025\/01\/LVT-SPC-Cleaner.jpg","contentUrl":"https:\/\/chimiver.com\/wp-content\/uploads\/2025\/01\/LVT-SPC-Cleaner.jpg","width":640,"height":640,"caption":"Created with GIMP"},{"@type":"BreadcrumbList","@id":"https:\/\/chimiver.com\/fr\/prodotto\/velurex-lvt-cleaner\/#breadcrumb","itemListElement":[{"@type":"ListItem","position":1,"name":"Home","item":"https:\/\/chimiver.com\/fr\/"},{"@type":"ListItem","position":2,"name":"Shop","item":"https:\/\/chimiver.com\/?page_id=10"},{"@type":"ListItem","position":3,"name":"VELUREX SPC \/ LVT CLEANER"}]},{"@type":"WebSite","@id":"https:\/\/chimiver.com\/fr\/#website","url":"https:\/\/chimiver.com\/fr\/","name":"Chimiver, Your floors partner","description":"Your floors partner","publisher":{"@id":"https:\/\/chimiver.com\/fr\/#organization"},"alternateName":"Chimiver","potentialAction":[{"@type":"SearchAction","target":{"@type":"EntryPoint","urlTemplate":"https:\/\/chimiver.com\/fr\/?s={search_term_string}"},"query-input":{"@type":"PropertyValueSpecification","valueRequired":true,"valueName":"search_term_string"}}],"inLanguage":"fr-FR"},{"@type":"Organization","@id":"https:\/\/chimiver.com\/fr\/#organization","name":"Chimiver","url":"https:\/\/chimiver.com\/fr\/","logo":{"@type":"ImageObject","inLanguage":"fr-FR","@id":"https:\/\/chimiver.com\/fr\/#\/schema\/logo\/image\/","url":"https:\/\/chimiver.com\/wp-content\/uploads\/2022\/06\/Chimiver_500x500.jpg","contentUrl":"https:\/\/chimiver.com\/wp-content\/uploads\/2022\/06\/Chimiver_500x500.jpg","width":500,"height":500,"caption":"Chimiver"},"image":{"@id":"https:\/\/chimiver.com\/fr\/#\/schema\/logo\/image\/"},"sameAs":["https:\/\/www.facebook.com\/chimiver"]}]}},"_links":{"self":[{"href":"https:\/\/chimiver.com\/fr\/wp-json\/wp\/v2\/product\/14878","targetHints":{"allow":["GET"]}}],"collection":[{"href":"https:\/\/chimiver.com\/fr\/wp-json\/wp\/v2\/product"}],"about":[{"href":"https:\/\/chimiver.com\/fr\/wp-json\/wp\/v2\/types\/product"}],"replies":[{"embeddable":true,"href":"https:\/\/chimiver.com\/fr\/wp-json\/wp\/v2\/comments?post=14878"}],"wp:featuredmedia":[{"embeddable":true,"href":"https:\/\/chimiver.com\/fr\/wp-json\/wp\/v2\/media\/21663"}],"wp:attachment":[{"href":"https:\/\/chimiver.com\/fr\/wp-json\/wp\/v2\/media?parent=14878"}],"wp:term":[{"taxonomy":"product_brand","embeddable":true,"href":"https:\/\/chimiver.com\/fr\/wp-json\/wp\/v2\/product_brand?post=14878"},{"taxonomy":"product_cat","embeddable":true,"href":"https:\/\/chimiver.com\/fr\/wp-json\/wp\/v2\/product_cat?post=14878"},{"taxonomy":"product_tag","embeddable":true,"href":"https:\/\/chimiver.com\/fr\/wp-json\/wp\/v2\/product_tag?post=14878"}],"curies":[{"name":"wp","href":"https:\/\/api.w.org\/{rel}","templated":true}]}}