{"id":15017,"date":"2022-11-30T09:54:16","date_gmt":"2022-11-30T08:54:16","guid":{"rendered":"https:\/\/chimiver.com\/prodotto\/11124\/"},"modified":"2024-04-11T11:54:39","modified_gmt":"2024-04-11T09:54:39","slug":"11124","status":"publish","type":"product","link":"https:\/\/chimiver.com\/fr\/prodotto\/11124\/","title":{"rendered":"GLUEFIX PROTECTOR"},"content":{"rendered":"<p>Solution d\u00e9tachable \u00e0 base de r\u00e9sines dispers\u00e9es dans l&rsquo;eau utilis\u00e9e afin d&rsquo;\u00e9viter les taches sur les outils de travail avec des adh\u00e9sifs pour gazon synth\u00e9tique. Il est capable de pr\u00e9server l&rsquo;\u00e9quipement au fil du temps<br \/>\ncouramment utilis\u00e9 pour l&rsquo;application d&rsquo;adh\u00e9sifs: comme le m\u00e9langeur, la truelle et le r\u00e9servoir de la machine \u00e0 colle, etc. Utilis\u00e9 r\u00e9guli\u00e8rement, il assure une plus longue durabilit\u00e9 de vos outils et rend le nettoyage aussi rapide et efficace que possible.<\/p>\n","protected":false},"excerpt":{"rendered":"Solution d\u00e9tachable pour colles de gazon synth\u00e9tique","protected":false},"featured_media":11142,"comment_status":"open","ping_status":"closed","template":"","meta":{"_acf_changed":false,"inline_featured_image":false},"product_brand":[],"product_cat":[785,789,790],"product_tag":[],"class_list":{"0":"post-15017","1":"product","2":"type-product","3":"status-publish","4":"has-post-thumbnail","6":"product_cat-gazon-synthetique","7":"product_cat-coller-et-tracer-gazone-synthetique-et-naturelle","8":"product_cat-adhesifs-pour-linterieur-et-lexterieur-fr","10":"first","11":"instock","12":"shipping-taxable","13":"product-type-simple","14":"add-to-wishlist-after_add_to_cart"},"acf":[],"yoast_head":"<!-- This site is optimized with the Yoast SEO plugin v26.2 - https:\/\/yoast.com\/wordpress\/plugins\/seo\/ -->\n<title>GLUEFIX PROTECTOR - Chimiver GAZON SYNTH\u00c9TIQUE, Coller et tracer gazone synth\u00e9tique et naturelle, Adh\u00e9sifs pour l&#039;int\u00e9rieur et l\u2019ext\u00e9rieur<\/title>\n<meta name=\"description\" content=\"Scopri GLUEFIX PROTECTOR GAZON SYNTH\u00c9TIQUE, Coller et tracer gazone synth\u00e9tique et naturelle, Adh\u00e9sifs pour l&#039;int\u00e9rieur et l\u2019ext\u00e9rieur. Dal 1965 Chimiver \u00e8 leader nel mercato dei prodotti per incollaggio, trattamento e manutenzione dei pavimenti.\" \/>\n<meta name=\"robots\" content=\"index, follow, max-snippet:-1, max-image-preview:large, max-video-preview:-1\" \/>\n<link rel=\"canonical\" href=\"https:\/\/chimiver.com\/fr\/prodotto\/11124\/\" \/>\n<meta property=\"og:locale\" content=\"fr_FR\" \/>\n<meta property=\"og:type\" content=\"article\" \/>\n<meta property=\"og:title\" content=\"GLUEFIX PROTECTOR - Chimiver GAZON SYNTH\u00c9TIQUE, Coller et tracer gazone synth\u00e9tique et naturelle, Adh\u00e9sifs pour l&#039;int\u00e9rieur et l\u2019ext\u00e9rieur\" \/>\n<meta property=\"og:description\" content=\"Scopri GLUEFIX PROTECTOR GAZON SYNTH\u00c9TIQUE, Coller et tracer gazone synth\u00e9tique et naturelle, Adh\u00e9sifs pour l&#039;int\u00e9rieur et l\u2019ext\u00e9rieur. Dal 1965 Chimiver \u00e8 leader nel mercato dei prodotti per incollaggio, trattamento e manutenzione dei pavimenti.\" \/>\n<meta property=\"og:url\" content=\"https:\/\/chimiver.com\/fr\/prodotto\/11124\/\" \/>\n<meta property=\"og:site_name\" content=\"Chimiver\" \/>\n<meta property=\"article:publisher\" content=\"https:\/\/www.facebook.com\/chimiver\" \/>\n<meta property=\"article:modified_time\" content=\"2024-04-11T09:54:39+00:00\" \/>\n<meta property=\"og:image\" content=\"https:\/\/chimiver.com\/wp-content\/uploads\/2022\/11\/Gluefix-Protector.jpg\" \/>\n\t<meta property=\"og:image:width\" content=\"640\" \/>\n\t<meta property=\"og:image:height\" content=\"640\" \/>\n\t<meta property=\"og:image:type\" content=\"image\/jpeg\" \/>\n<meta name=\"twitter:card\" content=\"summary_large_image\" \/>\n<meta name=\"twitter:label1\" content=\"Dur\u00e9e de lecture estim\u00e9e\" \/>\n\t<meta name=\"twitter:data1\" content=\"1 minute\" \/>\n<script type=\"application\/ld+json\" class=\"yoast-schema-graph\">{\"@context\":\"https:\/\/schema.org\",\"@graph\":[{\"@type\":\"WebPage\",\"@id\":\"https:\/\/chimiver.com\/fr\/prodotto\/11124\/\",\"url\":\"https:\/\/chimiver.com\/fr\/prodotto\/11124\/\",\"name\":\"GLUEFIX PROTECTOR - Chimiver GAZON SYNTH\u00c9TIQUE, Coller et tracer gazone synth\u00e9tique et naturelle, Adh\u00e9sifs pour l'int\u00e9rieur et l\u2019ext\u00e9rieur\",\"isPartOf\":{\"@id\":\"https:\/\/chimiver.com\/fr\/#website\"},\"primaryImageOfPage\":{\"@id\":\"https:\/\/chimiver.com\/fr\/prodotto\/11124\/#primaryimage\"},\"image\":{\"@id\":\"https:\/\/chimiver.com\/fr\/prodotto\/11124\/#primaryimage\"},\"thumbnailUrl\":\"https:\/\/chimiver.com\/wp-content\/uploads\/2022\/11\/Gluefix-Protector.jpg\",\"datePublished\":\"2022-11-30T08:54:16+00:00\",\"dateModified\":\"2024-04-11T09:54:39+00:00\",\"description\":\"Scopri GLUEFIX PROTECTOR GAZON SYNTH\u00c9TIQUE, Coller et tracer gazone synth\u00e9tique et naturelle, Adh\u00e9sifs pour l'int\u00e9rieur et l\u2019ext\u00e9rieur. Dal 1965 Chimiver \u00e8 leader nel mercato dei prodotti per incollaggio, trattamento e manutenzione dei pavimenti.\",\"breadcrumb\":{\"@id\":\"https:\/\/chimiver.com\/fr\/prodotto\/11124\/#breadcrumb\"},\"inLanguage\":\"fr-FR\",\"potentialAction\":[{\"@type\":\"ReadAction\",\"target\":[\"https:\/\/chimiver.com\/fr\/prodotto\/11124\/\"]}]},{\"@type\":\"ImageObject\",\"inLanguage\":\"fr-FR\",\"@id\":\"https:\/\/chimiver.com\/fr\/prodotto\/11124\/#primaryimage\",\"url\":\"https:\/\/chimiver.com\/wp-content\/uploads\/2022\/11\/Gluefix-Protector.jpg\",\"contentUrl\":\"https:\/\/chimiver.com\/wp-content\/uploads\/2022\/11\/Gluefix-Protector.jpg\",\"width\":640,\"height\":640},{\"@type\":\"BreadcrumbList\",\"@id\":\"https:\/\/chimiver.com\/fr\/prodotto\/11124\/#breadcrumb\",\"itemListElement\":[{\"@type\":\"ListItem\",\"position\":1,\"name\":\"Home\",\"item\":\"https:\/\/chimiver.com\/fr\/\"},{\"@type\":\"ListItem\",\"position\":2,\"name\":\"Shop\",\"item\":\"https:\/\/chimiver.com\/?page_id=10\"},{\"@type\":\"ListItem\",\"position\":3,\"name\":\"GLUEFIX PROTECTOR\"}]},{\"@type\":\"WebSite\",\"@id\":\"https:\/\/chimiver.com\/fr\/#website\",\"url\":\"https:\/\/chimiver.com\/fr\/\",\"name\":\"Chimiver, Your floors partner\",\"description\":\"Your floors partner\",\"publisher\":{\"@id\":\"https:\/\/chimiver.com\/fr\/#organization\"},\"alternateName\":\"Chimiver\",\"potentialAction\":[{\"@type\":\"SearchAction\",\"target\":{\"@type\":\"EntryPoint\",\"urlTemplate\":\"https:\/\/chimiver.com\/fr\/?s={search_term_string}\"},\"query-input\":{\"@type\":\"PropertyValueSpecification\",\"valueRequired\":true,\"valueName\":\"search_term_string\"}}],\"inLanguage\":\"fr-FR\"},{\"@type\":\"Organization\",\"@id\":\"https:\/\/chimiver.com\/fr\/#organization\",\"name\":\"Chimiver\",\"url\":\"https:\/\/chimiver.com\/fr\/\",\"logo\":{\"@type\":\"ImageObject\",\"inLanguage\":\"fr-FR\",\"@id\":\"https:\/\/chimiver.com\/fr\/#\/schema\/logo\/image\/\",\"url\":\"https:\/\/chimiver.com\/wp-content\/uploads\/2022\/06\/Chimiver_500x500.jpg\",\"contentUrl\":\"https:\/\/chimiver.com\/wp-content\/uploads\/2022\/06\/Chimiver_500x500.jpg\",\"width\":500,\"height\":500,\"caption\":\"Chimiver\"},\"image\":{\"@id\":\"https:\/\/chimiver.com\/fr\/#\/schema\/logo\/image\/\"},\"sameAs\":[\"https:\/\/www.facebook.com\/chimiver\"]}]}<\/script>\n<!-- \/ Yoast SEO plugin. -->","yoast_head_json":{"title":"GLUEFIX PROTECTOR - Chimiver GAZON SYNTH\u00c9TIQUE, Coller et tracer gazone synth\u00e9tique et naturelle, Adh\u00e9sifs pour l'int\u00e9rieur et l\u2019ext\u00e9rieur","description":"Scopri GLUEFIX PROTECTOR GAZON SYNTH\u00c9TIQUE, Coller et tracer gazone synth\u00e9tique et naturelle, Adh\u00e9sifs pour l'int\u00e9rieur et l\u2019ext\u00e9rieur. Dal 1965 Chimiver \u00e8 leader nel mercato dei prodotti per incollaggio, trattamento e manutenzione dei pavimenti.","robots":{"index":"index","follow":"follow","max-snippet":"max-snippet:-1","max-image-preview":"max-image-preview:large","max-video-preview":"max-video-preview:-1"},"canonical":"https:\/\/chimiver.com\/fr\/prodotto\/11124\/","og_locale":"fr_FR","og_type":"article","og_title":"GLUEFIX PROTECTOR - Chimiver GAZON SYNTH\u00c9TIQUE, Coller et tracer gazone synth\u00e9tique et naturelle, Adh\u00e9sifs pour l'int\u00e9rieur et l\u2019ext\u00e9rieur","og_description":"Scopri GLUEFIX PROTECTOR GAZON SYNTH\u00c9TIQUE, Coller et tracer gazone synth\u00e9tique et naturelle, Adh\u00e9sifs pour l'int\u00e9rieur et l\u2019ext\u00e9rieur. Dal 1965 Chimiver \u00e8 leader nel mercato dei prodotti per incollaggio, trattamento e manutenzione dei pavimenti.","og_url":"https:\/\/chimiver.com\/fr\/prodotto\/11124\/","og_site_name":"Chimiver","article_publisher":"https:\/\/www.facebook.com\/chimiver","article_modified_time":"2024-04-11T09:54:39+00:00","og_image":[{"width":640,"height":640,"url":"https:\/\/chimiver.com\/wp-content\/uploads\/2022\/11\/Gluefix-Protector.jpg","type":"image\/jpeg"}],"twitter_card":"summary_large_image","twitter_misc":{"Dur\u00e9e de lecture estim\u00e9e":"1 minute"},"schema":{"@context":"https:\/\/schema.org","@graph":[{"@type":"WebPage","@id":"https:\/\/chimiver.com\/fr\/prodotto\/11124\/","url":"https:\/\/chimiver.com\/fr\/prodotto\/11124\/","name":"GLUEFIX PROTECTOR - Chimiver GAZON SYNTH\u00c9TIQUE, Coller et tracer gazone synth\u00e9tique et naturelle, Adh\u00e9sifs pour l'int\u00e9rieur et l\u2019ext\u00e9rieur","isPartOf":{"@id":"https:\/\/chimiver.com\/fr\/#website"},"primaryImageOfPage":{"@id":"https:\/\/chimiver.com\/fr\/prodotto\/11124\/#primaryimage"},"image":{"@id":"https:\/\/chimiver.com\/fr\/prodotto\/11124\/#primaryimage"},"thumbnailUrl":"https:\/\/chimiver.com\/wp-content\/uploads\/2022\/11\/Gluefix-Protector.jpg","datePublished":"2022-11-30T08:54:16+00:00","dateModified":"2024-04-11T09:54:39+00:00","description":"Scopri GLUEFIX PROTECTOR GAZON SYNTH\u00c9TIQUE, Coller et tracer gazone synth\u00e9tique et naturelle, Adh\u00e9sifs pour l'int\u00e9rieur et l\u2019ext\u00e9rieur. Dal 1965 Chimiver \u00e8 leader nel mercato dei prodotti per incollaggio, trattamento e manutenzione dei pavimenti.","breadcrumb":{"@id":"https:\/\/chimiver.com\/fr\/prodotto\/11124\/#breadcrumb"},"inLanguage":"fr-FR","potentialAction":[{"@type":"ReadAction","target":["https:\/\/chimiver.com\/fr\/prodotto\/11124\/"]}]},{"@type":"ImageObject","inLanguage":"fr-FR","@id":"https:\/\/chimiver.com\/fr\/prodotto\/11124\/#primaryimage","url":"https:\/\/chimiver.com\/wp-content\/uploads\/2022\/11\/Gluefix-Protector.jpg","contentUrl":"https:\/\/chimiver.com\/wp-content\/uploads\/2022\/11\/Gluefix-Protector.jpg","width":640,"height":640},{"@type":"BreadcrumbList","@id":"https:\/\/chimiver.com\/fr\/prodotto\/11124\/#breadcrumb","itemListElement":[{"@type":"ListItem","position":1,"name":"Home","item":"https:\/\/chimiver.com\/fr\/"},{"@type":"ListItem","position":2,"name":"Shop","item":"https:\/\/chimiver.com\/?page_id=10"},{"@type":"ListItem","position":3,"name":"GLUEFIX PROTECTOR"}]},{"@type":"WebSite","@id":"https:\/\/chimiver.com\/fr\/#website","url":"https:\/\/chimiver.com\/fr\/","name":"Chimiver, Your floors partner","description":"Your floors partner","publisher":{"@id":"https:\/\/chimiver.com\/fr\/#organization"},"alternateName":"Chimiver","potentialAction":[{"@type":"SearchAction","target":{"@type":"EntryPoint","urlTemplate":"https:\/\/chimiver.com\/fr\/?s={search_term_string}"},"query-input":{"@type":"PropertyValueSpecification","valueRequired":true,"valueName":"search_term_string"}}],"inLanguage":"fr-FR"},{"@type":"Organization","@id":"https:\/\/chimiver.com\/fr\/#organization","name":"Chimiver","url":"https:\/\/chimiver.com\/fr\/","logo":{"@type":"ImageObject","inLanguage":"fr-FR","@id":"https:\/\/chimiver.com\/fr\/#\/schema\/logo\/image\/","url":"https:\/\/chimiver.com\/wp-content\/uploads\/2022\/06\/Chimiver_500x500.jpg","contentUrl":"https:\/\/chimiver.com\/wp-content\/uploads\/2022\/06\/Chimiver_500x500.jpg","width":500,"height":500,"caption":"Chimiver"},"image":{"@id":"https:\/\/chimiver.com\/fr\/#\/schema\/logo\/image\/"},"sameAs":["https:\/\/www.facebook.com\/chimiver"]}]}},"_links":{"self":[{"href":"https:\/\/chimiver.com\/fr\/wp-json\/wp\/v2\/product\/15017","targetHints":{"allow":["GET"]}}],"collection":[{"href":"https:\/\/chimiver.com\/fr\/wp-json\/wp\/v2\/product"}],"about":[{"href":"https:\/\/chimiver.com\/fr\/wp-json\/wp\/v2\/types\/product"}],"replies":[{"embeddable":true,"href":"https:\/\/chimiver.com\/fr\/wp-json\/wp\/v2\/comments?post=15017"}],"wp:featuredmedia":[{"embeddable":true,"href":"https:\/\/chimiver.com\/fr\/wp-json\/wp\/v2\/media\/11142"}],"wp:attachment":[{"href":"https:\/\/chimiver.com\/fr\/wp-json\/wp\/v2\/media?parent=15017"}],"wp:term":[{"taxonomy":"product_brand","embeddable":true,"href":"https:\/\/chimiver.com\/fr\/wp-json\/wp\/v2\/product_brand?post=15017"},{"taxonomy":"product_cat","embeddable":true,"href":"https:\/\/chimiver.com\/fr\/wp-json\/wp\/v2\/product_cat?post=15017"},{"taxonomy":"product_tag","embeddable":true,"href":"https:\/\/chimiver.com\/fr\/wp-json\/wp\/v2\/product_tag?post=15017"}],"curies":[{"name":"wp","href":"https:\/\/api.w.org\/{rel}","templated":true}]}}