{"id":15029,"date":"2022-01-21T12:15:18","date_gmt":"2022-01-21T11:15:18","guid":{"rendered":"https:\/\/chimiver.com\/prodotto\/clean-garden-sport\/"},"modified":"2026-03-02T16:05:15","modified_gmt":"2026-03-02T15:05:15","slug":"clean-garden-sport","status":"publish","type":"product","link":"https:\/\/chimiver.com\/fr\/prodotto\/clean-garden-sport\/","title":{"rendered":"CLEAN GARDEN SPORT"},"content":{"rendered":"<p>Nettoyant intensif alcalin pour l&rsquo;entretien r\u00e9guli\u00e8re du gazon synth\u00e9tique des terrains de sport. Grace \u00e0 sa composition CLEAN GARDEN a une action forte et rapide pour l&rsquo;\u00e9limination de la poussi\u00e8re et les taches. CLEAN GARDEN SPORT est addictive avec des nanoparticules sp\u00e9ciales qui garantie \u00e0 la surface une nettoyage prolong\u00e9e. CLEAN GARDEN nettoie et laisse un agr\u00e9able parfum de prairie. Disponible en version antistatique.<\/p>\n","protected":false},"excerpt":{"rendered":"Nettoyant intensif alcalin pour l&rsquo;entretien du gazon synth\u00e9tique des terrains de sport","protected":false},"featured_media":8186,"comment_status":"open","ping_status":"closed","template":"","meta":{"_acf_changed":false,"inline_featured_image":false},"product_brand":[],"product_cat":[785,792,832,834],"product_tag":[],"class_list":{"0":"post-15029","1":"product","2":"type-product","3":"status-publish","4":"has-post-thumbnail","6":"product_cat-gazon-synthetique","7":"product_cat-nettoyage-et-entretien-fr","8":"product_cat-gazon-synthetique-fr","9":"product_cat-gazon-synthetique-sportif","11":"first","12":"instock","13":"shipping-taxable","14":"product-type-simple","15":"add-to-wishlist-after_add_to_cart"},"acf":[],"yoast_head":"<!-- This site is optimized with the Yoast SEO plugin v26.2 - https:\/\/yoast.com\/wordpress\/plugins\/seo\/ -->\n<title>Nettoyant pour gazon synth\u00e9tique - CLEAN GARDEN SPORT<\/title>\n<meta name=\"description\" content=\"D\u00e9couvrez CLEAN GARDEN SPORT . Nettoyant intensif alcalin pour l&#039;entretien r\u00e9guli\u00e8re du gazon synth\u00e9tique des terrains de sport.\" \/>\n<meta name=\"robots\" content=\"index, follow, max-snippet:-1, max-image-preview:large, max-video-preview:-1\" \/>\n<link rel=\"canonical\" href=\"https:\/\/chimiver.com\/fr\/prodotto\/clean-garden-sport\/\" \/>\n<meta property=\"og:locale\" content=\"fr_FR\" \/>\n<meta property=\"og:type\" content=\"article\" \/>\n<meta property=\"og:title\" content=\"Nettoyant pour gazon synth\u00e9tique - CLEAN GARDEN SPORT\" \/>\n<meta property=\"og:description\" content=\"D\u00e9couvrez CLEAN GARDEN SPORT . Nettoyant intensif alcalin pour l&#039;entretien r\u00e9guli\u00e8re du gazon synth\u00e9tique des terrains de sport.\" \/>\n<meta property=\"og:url\" content=\"https:\/\/chimiver.com\/fr\/prodotto\/clean-garden-sport\/\" \/>\n<meta property=\"og:site_name\" content=\"Chimiver\" \/>\n<meta property=\"article:publisher\" content=\"https:\/\/www.facebook.com\/chimiver\" \/>\n<meta property=\"article:modified_time\" content=\"2026-03-02T15:05:15+00:00\" \/>\n<meta property=\"og:image\" content=\"https:\/\/chimiver.com\/wp-content\/uploads\/2022\/01\/203_19459.jpg\" \/>\n\t<meta property=\"og:image:width\" content=\"640\" \/>\n\t<meta property=\"og:image:height\" content=\"640\" \/>\n\t<meta property=\"og:image:type\" content=\"image\/jpeg\" \/>\n<meta name=\"twitter:card\" content=\"summary_large_image\" \/>\n<meta name=\"twitter:label1\" content=\"Dur\u00e9e de lecture estim\u00e9e\" \/>\n\t<meta name=\"twitter:data1\" content=\"1 minute\" \/>\n<script type=\"application\/ld+json\" class=\"yoast-schema-graph\">{\"@context\":\"https:\/\/schema.org\",\"@graph\":[{\"@type\":\"WebPage\",\"@id\":\"https:\/\/chimiver.com\/fr\/prodotto\/clean-garden-sport\/\",\"url\":\"https:\/\/chimiver.com\/fr\/prodotto\/clean-garden-sport\/\",\"name\":\"Nettoyant pour gazon synth\u00e9tique - CLEAN GARDEN SPORT\",\"isPartOf\":{\"@id\":\"https:\/\/chimiver.com\/fr\/#website\"},\"primaryImageOfPage\":{\"@id\":\"https:\/\/chimiver.com\/fr\/prodotto\/clean-garden-sport\/#primaryimage\"},\"image\":{\"@id\":\"https:\/\/chimiver.com\/fr\/prodotto\/clean-garden-sport\/#primaryimage\"},\"thumbnailUrl\":\"https:\/\/chimiver.com\/wp-content\/uploads\/2022\/01\/203_19459.jpg\",\"datePublished\":\"2022-01-21T11:15:18+00:00\",\"dateModified\":\"2026-03-02T15:05:15+00:00\",\"description\":\"D\u00e9couvrez CLEAN GARDEN SPORT . Nettoyant intensif alcalin pour l'entretien r\u00e9guli\u00e8re du gazon synth\u00e9tique des terrains de sport.\",\"breadcrumb\":{\"@id\":\"https:\/\/chimiver.com\/fr\/prodotto\/clean-garden-sport\/#breadcrumb\"},\"inLanguage\":\"fr-FR\",\"potentialAction\":[{\"@type\":\"ReadAction\",\"target\":[\"https:\/\/chimiver.com\/fr\/prodotto\/clean-garden-sport\/\"]}]},{\"@type\":\"ImageObject\",\"inLanguage\":\"fr-FR\",\"@id\":\"https:\/\/chimiver.com\/fr\/prodotto\/clean-garden-sport\/#primaryimage\",\"url\":\"https:\/\/chimiver.com\/wp-content\/uploads\/2022\/01\/203_19459.jpg\",\"contentUrl\":\"https:\/\/chimiver.com\/wp-content\/uploads\/2022\/01\/203_19459.jpg\",\"width\":640,\"height\":640,\"caption\":\"Clean Garden Sport_5L\"},{\"@type\":\"BreadcrumbList\",\"@id\":\"https:\/\/chimiver.com\/fr\/prodotto\/clean-garden-sport\/#breadcrumb\",\"itemListElement\":[{\"@type\":\"ListItem\",\"position\":1,\"name\":\"Home\",\"item\":\"https:\/\/chimiver.com\/fr\/\"},{\"@type\":\"ListItem\",\"position\":2,\"name\":\"Shop\",\"item\":\"https:\/\/chimiver.com\/?page_id=10\"},{\"@type\":\"ListItem\",\"position\":3,\"name\":\"CLEAN GARDEN SPORT\"}]},{\"@type\":\"WebSite\",\"@id\":\"https:\/\/chimiver.com\/fr\/#website\",\"url\":\"https:\/\/chimiver.com\/fr\/\",\"name\":\"Chimiver, Your floors partner\",\"description\":\"Your floors partner\",\"publisher\":{\"@id\":\"https:\/\/chimiver.com\/fr\/#organization\"},\"alternateName\":\"Chimiver\",\"potentialAction\":[{\"@type\":\"SearchAction\",\"target\":{\"@type\":\"EntryPoint\",\"urlTemplate\":\"https:\/\/chimiver.com\/fr\/?s={search_term_string}\"},\"query-input\":{\"@type\":\"PropertyValueSpecification\",\"valueRequired\":true,\"valueName\":\"search_term_string\"}}],\"inLanguage\":\"fr-FR\"},{\"@type\":\"Organization\",\"@id\":\"https:\/\/chimiver.com\/fr\/#organization\",\"name\":\"Chimiver\",\"url\":\"https:\/\/chimiver.com\/fr\/\",\"logo\":{\"@type\":\"ImageObject\",\"inLanguage\":\"fr-FR\",\"@id\":\"https:\/\/chimiver.com\/fr\/#\/schema\/logo\/image\/\",\"url\":\"https:\/\/chimiver.com\/wp-content\/uploads\/2022\/06\/Chimiver_500x500.jpg\",\"contentUrl\":\"https:\/\/chimiver.com\/wp-content\/uploads\/2022\/06\/Chimiver_500x500.jpg\",\"width\":500,\"height\":500,\"caption\":\"Chimiver\"},\"image\":{\"@id\":\"https:\/\/chimiver.com\/fr\/#\/schema\/logo\/image\/\"},\"sameAs\":[\"https:\/\/www.facebook.com\/chimiver\"]}]}<\/script>\n<!-- \/ Yoast SEO plugin. -->","yoast_head_json":{"title":"Nettoyant pour gazon synth\u00e9tique - CLEAN GARDEN SPORT","description":"D\u00e9couvrez CLEAN GARDEN SPORT . Nettoyant intensif alcalin pour l'entretien r\u00e9guli\u00e8re du gazon synth\u00e9tique des terrains de sport.","robots":{"index":"index","follow":"follow","max-snippet":"max-snippet:-1","max-image-preview":"max-image-preview:large","max-video-preview":"max-video-preview:-1"},"canonical":"https:\/\/chimiver.com\/fr\/prodotto\/clean-garden-sport\/","og_locale":"fr_FR","og_type":"article","og_title":"Nettoyant pour gazon synth\u00e9tique - CLEAN GARDEN SPORT","og_description":"D\u00e9couvrez CLEAN GARDEN SPORT . Nettoyant intensif alcalin pour l'entretien r\u00e9guli\u00e8re du gazon synth\u00e9tique des terrains de sport.","og_url":"https:\/\/chimiver.com\/fr\/prodotto\/clean-garden-sport\/","og_site_name":"Chimiver","article_publisher":"https:\/\/www.facebook.com\/chimiver","article_modified_time":"2026-03-02T15:05:15+00:00","og_image":[{"width":640,"height":640,"url":"https:\/\/chimiver.com\/wp-content\/uploads\/2022\/01\/203_19459.jpg","type":"image\/jpeg"}],"twitter_card":"summary_large_image","twitter_misc":{"Dur\u00e9e de lecture estim\u00e9e":"1 minute"},"schema":{"@context":"https:\/\/schema.org","@graph":[{"@type":"WebPage","@id":"https:\/\/chimiver.com\/fr\/prodotto\/clean-garden-sport\/","url":"https:\/\/chimiver.com\/fr\/prodotto\/clean-garden-sport\/","name":"Nettoyant pour gazon synth\u00e9tique - CLEAN GARDEN SPORT","isPartOf":{"@id":"https:\/\/chimiver.com\/fr\/#website"},"primaryImageOfPage":{"@id":"https:\/\/chimiver.com\/fr\/prodotto\/clean-garden-sport\/#primaryimage"},"image":{"@id":"https:\/\/chimiver.com\/fr\/prodotto\/clean-garden-sport\/#primaryimage"},"thumbnailUrl":"https:\/\/chimiver.com\/wp-content\/uploads\/2022\/01\/203_19459.jpg","datePublished":"2022-01-21T11:15:18+00:00","dateModified":"2026-03-02T15:05:15+00:00","description":"D\u00e9couvrez CLEAN GARDEN SPORT . Nettoyant intensif alcalin pour l'entretien r\u00e9guli\u00e8re du gazon synth\u00e9tique des terrains de sport.","breadcrumb":{"@id":"https:\/\/chimiver.com\/fr\/prodotto\/clean-garden-sport\/#breadcrumb"},"inLanguage":"fr-FR","potentialAction":[{"@type":"ReadAction","target":["https:\/\/chimiver.com\/fr\/prodotto\/clean-garden-sport\/"]}]},{"@type":"ImageObject","inLanguage":"fr-FR","@id":"https:\/\/chimiver.com\/fr\/prodotto\/clean-garden-sport\/#primaryimage","url":"https:\/\/chimiver.com\/wp-content\/uploads\/2022\/01\/203_19459.jpg","contentUrl":"https:\/\/chimiver.com\/wp-content\/uploads\/2022\/01\/203_19459.jpg","width":640,"height":640,"caption":"Clean Garden Sport_5L"},{"@type":"BreadcrumbList","@id":"https:\/\/chimiver.com\/fr\/prodotto\/clean-garden-sport\/#breadcrumb","itemListElement":[{"@type":"ListItem","position":1,"name":"Home","item":"https:\/\/chimiver.com\/fr\/"},{"@type":"ListItem","position":2,"name":"Shop","item":"https:\/\/chimiver.com\/?page_id=10"},{"@type":"ListItem","position":3,"name":"CLEAN GARDEN SPORT"}]},{"@type":"WebSite","@id":"https:\/\/chimiver.com\/fr\/#website","url":"https:\/\/chimiver.com\/fr\/","name":"Chimiver, Your floors partner","description":"Your floors partner","publisher":{"@id":"https:\/\/chimiver.com\/fr\/#organization"},"alternateName":"Chimiver","potentialAction":[{"@type":"SearchAction","target":{"@type":"EntryPoint","urlTemplate":"https:\/\/chimiver.com\/fr\/?s={search_term_string}"},"query-input":{"@type":"PropertyValueSpecification","valueRequired":true,"valueName":"search_term_string"}}],"inLanguage":"fr-FR"},{"@type":"Organization","@id":"https:\/\/chimiver.com\/fr\/#organization","name":"Chimiver","url":"https:\/\/chimiver.com\/fr\/","logo":{"@type":"ImageObject","inLanguage":"fr-FR","@id":"https:\/\/chimiver.com\/fr\/#\/schema\/logo\/image\/","url":"https:\/\/chimiver.com\/wp-content\/uploads\/2022\/06\/Chimiver_500x500.jpg","contentUrl":"https:\/\/chimiver.com\/wp-content\/uploads\/2022\/06\/Chimiver_500x500.jpg","width":500,"height":500,"caption":"Chimiver"},"image":{"@id":"https:\/\/chimiver.com\/fr\/#\/schema\/logo\/image\/"},"sameAs":["https:\/\/www.facebook.com\/chimiver"]}]}},"_links":{"self":[{"href":"https:\/\/chimiver.com\/fr\/wp-json\/wp\/v2\/product\/15029","targetHints":{"allow":["GET"]}}],"collection":[{"href":"https:\/\/chimiver.com\/fr\/wp-json\/wp\/v2\/product"}],"about":[{"href":"https:\/\/chimiver.com\/fr\/wp-json\/wp\/v2\/types\/product"}],"replies":[{"embeddable":true,"href":"https:\/\/chimiver.com\/fr\/wp-json\/wp\/v2\/comments?post=15029"}],"wp:featuredmedia":[{"embeddable":true,"href":"https:\/\/chimiver.com\/fr\/wp-json\/wp\/v2\/media\/8186"}],"wp:attachment":[{"href":"https:\/\/chimiver.com\/fr\/wp-json\/wp\/v2\/media?parent=15029"}],"wp:term":[{"taxonomy":"product_brand","embeddable":true,"href":"https:\/\/chimiver.com\/fr\/wp-json\/wp\/v2\/product_brand?post=15029"},{"taxonomy":"product_cat","embeddable":true,"href":"https:\/\/chimiver.com\/fr\/wp-json\/wp\/v2\/product_cat?post=15029"},{"taxonomy":"product_tag","embeddable":true,"href":"https:\/\/chimiver.com\/fr\/wp-json\/wp\/v2\/product_tag?post=15029"}],"curies":[{"name":"wp","href":"https:\/\/api.w.org\/{rel}","templated":true}]}}