{"id":15047,"date":"2022-01-21T12:15:31","date_gmt":"2022-01-21T11:15:31","guid":{"rendered":"https:\/\/chimiver.com\/prodotto\/clean-padel\/"},"modified":"2024-04-11T10:58:34","modified_gmt":"2024-04-11T08:58:34","slug":"clean-padel","status":"publish","type":"product","link":"https:\/\/chimiver.com\/fr\/prodotto\/clean-padel\/","title":{"rendered":"CLEAN PADEL"},"content":{"rendered":"<p>Nettoyant alcalin concentr\u00e9 intensif adapt\u00e9 au nettoyage de tous les terrains de padel int\u00e9rieurs et ext\u00e9rieurs. Thanks to its special formulation containing tea tree, acts effectively and quickly on the surface. CLEAN PADEL is prepared using special nanoparticles that ensure an intensive and thorough cleaning. Its special formulation contains three essences unwelcome to insects: it cleanses and refreshes the treated surface leaving a fresh and pleasant scent of citrus, lemon and eucalyptus.<\/p>\n","protected":false},"excerpt":{"rendered":"Nettoyant concentr\u00e9 alcalin intensif pour terrains de padel","protected":false},"featured_media":8394,"comment_status":"open","ping_status":"closed","template":"","meta":{"_acf_changed":false,"inline_featured_image":false},"product_brand":[],"product_cat":[785,792,832,834],"product_tag":[],"class_list":{"0":"post-15047","1":"product","2":"type-product","3":"status-publish","4":"has-post-thumbnail","6":"product_cat-gazon-synthetique","7":"product_cat-nettoyage-et-entretien-fr","8":"product_cat-gazon-synthetique-fr","9":"product_cat-gazon-synthetique-sportif","11":"first","12":"instock","13":"shipping-taxable","14":"product-type-simple","15":"add-to-wishlist-after_add_to_cart"},"acf":[],"yoast_head":"<!-- This site is optimized with the Yoast SEO plugin v26.2 - https:\/\/yoast.com\/wordpress\/plugins\/seo\/ -->\n<title>CLEAN PADEL - Chimiver GAZON SYNTH\u00c9TIQUE, Nettoyage et entretien, GAZON SYNTH\u00c9TIQUE, Gazon synth\u00e9tique sportif<\/title>\n<meta name=\"description\" content=\"Scopri CLEAN PADEL GAZON SYNTH\u00c9TIQUE, Nettoyage et entretien, GAZON SYNTH\u00c9TIQUE, Gazon synth\u00e9tique sportif. Dal 1965 Chimiver \u00e8 leader nel mercato dei prodotti per incollaggio, trattamento e manutenzione dei pavimenti.\" \/>\n<meta name=\"robots\" content=\"index, follow, max-snippet:-1, max-image-preview:large, max-video-preview:-1\" \/>\n<link rel=\"canonical\" href=\"https:\/\/chimiver.com\/fr\/prodotto\/clean-padel\/\" \/>\n<meta property=\"og:locale\" content=\"fr_FR\" \/>\n<meta property=\"og:type\" content=\"article\" \/>\n<meta property=\"og:title\" content=\"CLEAN PADEL - Chimiver GAZON SYNTH\u00c9TIQUE, Nettoyage et entretien, GAZON SYNTH\u00c9TIQUE, Gazon synth\u00e9tique sportif\" \/>\n<meta property=\"og:description\" content=\"Scopri CLEAN PADEL GAZON SYNTH\u00c9TIQUE, Nettoyage et entretien, GAZON SYNTH\u00c9TIQUE, Gazon synth\u00e9tique sportif. Dal 1965 Chimiver \u00e8 leader nel mercato dei prodotti per incollaggio, trattamento e manutenzione dei pavimenti.\" \/>\n<meta property=\"og:url\" content=\"https:\/\/chimiver.com\/fr\/prodotto\/clean-padel\/\" \/>\n<meta property=\"og:site_name\" content=\"Chimiver\" \/>\n<meta property=\"article:publisher\" content=\"https:\/\/www.facebook.com\/chimiver\" \/>\n<meta property=\"article:modified_time\" content=\"2024-04-11T08:58:34+00:00\" \/>\n<meta property=\"og:image\" content=\"https:\/\/chimiver.com\/wp-content\/uploads\/2022\/01\/336_326ed.jpg\" \/>\n\t<meta property=\"og:image:width\" content=\"640\" \/>\n\t<meta property=\"og:image:height\" content=\"640\" \/>\n\t<meta property=\"og:image:type\" content=\"image\/jpeg\" \/>\n<meta name=\"twitter:card\" content=\"summary_large_image\" \/>\n<meta name=\"twitter:label1\" content=\"Dur\u00e9e de lecture estim\u00e9e\" \/>\n\t<meta name=\"twitter:data1\" content=\"1 minute\" \/>\n<script type=\"application\/ld+json\" class=\"yoast-schema-graph\">{\"@context\":\"https:\/\/schema.org\",\"@graph\":[{\"@type\":\"WebPage\",\"@id\":\"https:\/\/chimiver.com\/fr\/prodotto\/clean-padel\/\",\"url\":\"https:\/\/chimiver.com\/fr\/prodotto\/clean-padel\/\",\"name\":\"CLEAN PADEL - Chimiver GAZON SYNTH\u00c9TIQUE, Nettoyage et entretien, GAZON SYNTH\u00c9TIQUE, Gazon synth\u00e9tique sportif\",\"isPartOf\":{\"@id\":\"https:\/\/chimiver.com\/fr\/#website\"},\"primaryImageOfPage\":{\"@id\":\"https:\/\/chimiver.com\/fr\/prodotto\/clean-padel\/#primaryimage\"},\"image\":{\"@id\":\"https:\/\/chimiver.com\/fr\/prodotto\/clean-padel\/#primaryimage\"},\"thumbnailUrl\":\"https:\/\/chimiver.com\/wp-content\/uploads\/2022\/01\/336_326ed.jpg\",\"datePublished\":\"2022-01-21T11:15:31+00:00\",\"dateModified\":\"2024-04-11T08:58:34+00:00\",\"description\":\"Scopri CLEAN PADEL GAZON SYNTH\u00c9TIQUE, Nettoyage et entretien, GAZON SYNTH\u00c9TIQUE, Gazon synth\u00e9tique sportif. Dal 1965 Chimiver \u00e8 leader nel mercato dei prodotti per incollaggio, trattamento e manutenzione dei pavimenti.\",\"breadcrumb\":{\"@id\":\"https:\/\/chimiver.com\/fr\/prodotto\/clean-padel\/#breadcrumb\"},\"inLanguage\":\"fr-FR\",\"potentialAction\":[{\"@type\":\"ReadAction\",\"target\":[\"https:\/\/chimiver.com\/fr\/prodotto\/clean-padel\/\"]}]},{\"@type\":\"ImageObject\",\"inLanguage\":\"fr-FR\",\"@id\":\"https:\/\/chimiver.com\/fr\/prodotto\/clean-padel\/#primaryimage\",\"url\":\"https:\/\/chimiver.com\/wp-content\/uploads\/2022\/01\/336_326ed.jpg\",\"contentUrl\":\"https:\/\/chimiver.com\/wp-content\/uploads\/2022\/01\/336_326ed.jpg\",\"width\":640,\"height\":640,\"caption\":\"Clean Padel\"},{\"@type\":\"BreadcrumbList\",\"@id\":\"https:\/\/chimiver.com\/fr\/prodotto\/clean-padel\/#breadcrumb\",\"itemListElement\":[{\"@type\":\"ListItem\",\"position\":1,\"name\":\"Home\",\"item\":\"https:\/\/chimiver.com\/fr\/\"},{\"@type\":\"ListItem\",\"position\":2,\"name\":\"Shop\",\"item\":\"https:\/\/chimiver.com\/?page_id=10\"},{\"@type\":\"ListItem\",\"position\":3,\"name\":\"CLEAN PADEL\"}]},{\"@type\":\"WebSite\",\"@id\":\"https:\/\/chimiver.com\/fr\/#website\",\"url\":\"https:\/\/chimiver.com\/fr\/\",\"name\":\"Chimiver, Your floors partner\",\"description\":\"Your floors partner\",\"publisher\":{\"@id\":\"https:\/\/chimiver.com\/fr\/#organization\"},\"alternateName\":\"Chimiver\",\"potentialAction\":[{\"@type\":\"SearchAction\",\"target\":{\"@type\":\"EntryPoint\",\"urlTemplate\":\"https:\/\/chimiver.com\/fr\/?s={search_term_string}\"},\"query-input\":{\"@type\":\"PropertyValueSpecification\",\"valueRequired\":true,\"valueName\":\"search_term_string\"}}],\"inLanguage\":\"fr-FR\"},{\"@type\":\"Organization\",\"@id\":\"https:\/\/chimiver.com\/fr\/#organization\",\"name\":\"Chimiver\",\"url\":\"https:\/\/chimiver.com\/fr\/\",\"logo\":{\"@type\":\"ImageObject\",\"inLanguage\":\"fr-FR\",\"@id\":\"https:\/\/chimiver.com\/fr\/#\/schema\/logo\/image\/\",\"url\":\"https:\/\/chimiver.com\/wp-content\/uploads\/2022\/06\/Chimiver_500x500.jpg\",\"contentUrl\":\"https:\/\/chimiver.com\/wp-content\/uploads\/2022\/06\/Chimiver_500x500.jpg\",\"width\":500,\"height\":500,\"caption\":\"Chimiver\"},\"image\":{\"@id\":\"https:\/\/chimiver.com\/fr\/#\/schema\/logo\/image\/\"},\"sameAs\":[\"https:\/\/www.facebook.com\/chimiver\"]}]}<\/script>\n<!-- \/ Yoast SEO plugin. -->","yoast_head_json":{"title":"CLEAN PADEL - Chimiver GAZON SYNTH\u00c9TIQUE, Nettoyage et entretien, GAZON SYNTH\u00c9TIQUE, Gazon synth\u00e9tique sportif","description":"Scopri CLEAN PADEL GAZON SYNTH\u00c9TIQUE, Nettoyage et entretien, GAZON SYNTH\u00c9TIQUE, Gazon synth\u00e9tique sportif. Dal 1965 Chimiver \u00e8 leader nel mercato dei prodotti per incollaggio, trattamento e manutenzione dei pavimenti.","robots":{"index":"index","follow":"follow","max-snippet":"max-snippet:-1","max-image-preview":"max-image-preview:large","max-video-preview":"max-video-preview:-1"},"canonical":"https:\/\/chimiver.com\/fr\/prodotto\/clean-padel\/","og_locale":"fr_FR","og_type":"article","og_title":"CLEAN PADEL - Chimiver GAZON SYNTH\u00c9TIQUE, Nettoyage et entretien, GAZON SYNTH\u00c9TIQUE, Gazon synth\u00e9tique sportif","og_description":"Scopri CLEAN PADEL GAZON SYNTH\u00c9TIQUE, Nettoyage et entretien, GAZON SYNTH\u00c9TIQUE, Gazon synth\u00e9tique sportif. Dal 1965 Chimiver \u00e8 leader nel mercato dei prodotti per incollaggio, trattamento e manutenzione dei pavimenti.","og_url":"https:\/\/chimiver.com\/fr\/prodotto\/clean-padel\/","og_site_name":"Chimiver","article_publisher":"https:\/\/www.facebook.com\/chimiver","article_modified_time":"2024-04-11T08:58:34+00:00","og_image":[{"width":640,"height":640,"url":"https:\/\/chimiver.com\/wp-content\/uploads\/2022\/01\/336_326ed.jpg","type":"image\/jpeg"}],"twitter_card":"summary_large_image","twitter_misc":{"Dur\u00e9e de lecture estim\u00e9e":"1 minute"},"schema":{"@context":"https:\/\/schema.org","@graph":[{"@type":"WebPage","@id":"https:\/\/chimiver.com\/fr\/prodotto\/clean-padel\/","url":"https:\/\/chimiver.com\/fr\/prodotto\/clean-padel\/","name":"CLEAN PADEL - Chimiver GAZON SYNTH\u00c9TIQUE, Nettoyage et entretien, GAZON SYNTH\u00c9TIQUE, Gazon synth\u00e9tique sportif","isPartOf":{"@id":"https:\/\/chimiver.com\/fr\/#website"},"primaryImageOfPage":{"@id":"https:\/\/chimiver.com\/fr\/prodotto\/clean-padel\/#primaryimage"},"image":{"@id":"https:\/\/chimiver.com\/fr\/prodotto\/clean-padel\/#primaryimage"},"thumbnailUrl":"https:\/\/chimiver.com\/wp-content\/uploads\/2022\/01\/336_326ed.jpg","datePublished":"2022-01-21T11:15:31+00:00","dateModified":"2024-04-11T08:58:34+00:00","description":"Scopri CLEAN PADEL GAZON SYNTH\u00c9TIQUE, Nettoyage et entretien, GAZON SYNTH\u00c9TIQUE, Gazon synth\u00e9tique sportif. Dal 1965 Chimiver \u00e8 leader nel mercato dei prodotti per incollaggio, trattamento e manutenzione dei pavimenti.","breadcrumb":{"@id":"https:\/\/chimiver.com\/fr\/prodotto\/clean-padel\/#breadcrumb"},"inLanguage":"fr-FR","potentialAction":[{"@type":"ReadAction","target":["https:\/\/chimiver.com\/fr\/prodotto\/clean-padel\/"]}]},{"@type":"ImageObject","inLanguage":"fr-FR","@id":"https:\/\/chimiver.com\/fr\/prodotto\/clean-padel\/#primaryimage","url":"https:\/\/chimiver.com\/wp-content\/uploads\/2022\/01\/336_326ed.jpg","contentUrl":"https:\/\/chimiver.com\/wp-content\/uploads\/2022\/01\/336_326ed.jpg","width":640,"height":640,"caption":"Clean Padel"},{"@type":"BreadcrumbList","@id":"https:\/\/chimiver.com\/fr\/prodotto\/clean-padel\/#breadcrumb","itemListElement":[{"@type":"ListItem","position":1,"name":"Home","item":"https:\/\/chimiver.com\/fr\/"},{"@type":"ListItem","position":2,"name":"Shop","item":"https:\/\/chimiver.com\/?page_id=10"},{"@type":"ListItem","position":3,"name":"CLEAN PADEL"}]},{"@type":"WebSite","@id":"https:\/\/chimiver.com\/fr\/#website","url":"https:\/\/chimiver.com\/fr\/","name":"Chimiver, Your floors partner","description":"Your floors partner","publisher":{"@id":"https:\/\/chimiver.com\/fr\/#organization"},"alternateName":"Chimiver","potentialAction":[{"@type":"SearchAction","target":{"@type":"EntryPoint","urlTemplate":"https:\/\/chimiver.com\/fr\/?s={search_term_string}"},"query-input":{"@type":"PropertyValueSpecification","valueRequired":true,"valueName":"search_term_string"}}],"inLanguage":"fr-FR"},{"@type":"Organization","@id":"https:\/\/chimiver.com\/fr\/#organization","name":"Chimiver","url":"https:\/\/chimiver.com\/fr\/","logo":{"@type":"ImageObject","inLanguage":"fr-FR","@id":"https:\/\/chimiver.com\/fr\/#\/schema\/logo\/image\/","url":"https:\/\/chimiver.com\/wp-content\/uploads\/2022\/06\/Chimiver_500x500.jpg","contentUrl":"https:\/\/chimiver.com\/wp-content\/uploads\/2022\/06\/Chimiver_500x500.jpg","width":500,"height":500,"caption":"Chimiver"},"image":{"@id":"https:\/\/chimiver.com\/fr\/#\/schema\/logo\/image\/"},"sameAs":["https:\/\/www.facebook.com\/chimiver"]}]}},"_links":{"self":[{"href":"https:\/\/chimiver.com\/fr\/wp-json\/wp\/v2\/product\/15047","targetHints":{"allow":["GET"]}}],"collection":[{"href":"https:\/\/chimiver.com\/fr\/wp-json\/wp\/v2\/product"}],"about":[{"href":"https:\/\/chimiver.com\/fr\/wp-json\/wp\/v2\/types\/product"}],"replies":[{"embeddable":true,"href":"https:\/\/chimiver.com\/fr\/wp-json\/wp\/v2\/comments?post=15047"}],"wp:featuredmedia":[{"embeddable":true,"href":"https:\/\/chimiver.com\/fr\/wp-json\/wp\/v2\/media\/8394"}],"wp:attachment":[{"href":"https:\/\/chimiver.com\/fr\/wp-json\/wp\/v2\/media?parent=15047"}],"wp:term":[{"taxonomy":"product_brand","embeddable":true,"href":"https:\/\/chimiver.com\/fr\/wp-json\/wp\/v2\/product_brand?post=15047"},{"taxonomy":"product_cat","embeddable":true,"href":"https:\/\/chimiver.com\/fr\/wp-json\/wp\/v2\/product_cat?post=15047"},{"taxonomy":"product_tag","embeddable":true,"href":"https:\/\/chimiver.com\/fr\/wp-json\/wp\/v2\/product_tag?post=15047"}],"curies":[{"name":"wp","href":"https:\/\/api.w.org\/{rel}","templated":true}]}}