{"id":15136,"date":"2022-01-21T12:14:55","date_gmt":"2022-01-21T11:14:55","guid":{"rendered":"https:\/\/chimiver.com\/prodotto\/pulitore-intensivo-wpc\/"},"modified":"2023-07-25T15:43:33","modified_gmt":"2023-07-25T13:43:33","slug":"pulitore-intensivo-wpc","status":"publish","type":"product","link":"https:\/\/chimiver.com\/fr\/prodotto\/pulitore-intensivo-wpc\/","title":{"rendered":"PULITORE INTENSIVO WPC"},"content":{"rendered":"<p>Nettoyant intensif bas\u00e9e sur des extraits v\u00e9g\u00e9taux; appropri\u00e9 pour le nettoyage intensif des sols en WPC (Bois Composite), bois pr\u00e9contraint et des autres composite \u00e0 base de bois. PULITORE INTENSIVO WPC est un d\u00e9tergent avec des nanoparticules particuli\u00e8res, qui donnent aux surfaces trait\u00e9es une profond nettoyage prolong\u00e9e m\u00eame en pr\u00e9sence d&rsquo;animaux.<\/p>\n","protected":false},"excerpt":{"rendered":"Nettoyant intensif pour WPC (Bois Composite)","protected":false},"featured_media":8312,"comment_status":"open","ping_status":"closed","template":"","meta":{"_acf_changed":false,"inline_featured_image":false},"product_brand":[],"product_cat":[793,801,803,821,823],"product_tag":[],"class_list":{"0":"post-15136","1":"product","2":"type-product","3":"status-publish","4":"has-post-thumbnail","6":"product_cat-exterieur","7":"product_cat-decking-wpc-fr","8":"product_cat-nettoyage-wpc","9":"product_cat-sols-exterieur","10":"product_cat-decking-wpc-fr-2","12":"first","13":"instock","14":"shipping-taxable","15":"product-type-simple","16":"add-to-wishlist-after_add_to_cart"},"acf":[],"yoast_head":"<!-- This site is optimized with the Yoast SEO plugin v26.2 - https:\/\/yoast.com\/wordpress\/plugins\/seo\/ -->\n<title>PULITORE INTENSIVO WPC - Chimiver EXT\u00c9RIEUR, Decking-WPC, Nettoyage WPC, SOLS EXTERIEUR, Decking-WPC<\/title>\n<meta name=\"description\" content=\"Scopri PULITORE INTENSIVO WPC EXT\u00c9RIEUR, Decking-WPC, Nettoyage WPC, SOLS EXTERIEUR, Decking-WPC. Dal 1965 Chimiver \u00e8 leader nel mercato dei prodotti per incollaggio, trattamento e manutenzione dei pavimenti.\" \/>\n<meta name=\"robots\" content=\"index, follow, max-snippet:-1, max-image-preview:large, max-video-preview:-1\" \/>\n<link rel=\"canonical\" href=\"https:\/\/chimiver.com\/fr\/prodotto\/pulitore-intensivo-wpc\/\" \/>\n<meta property=\"og:locale\" content=\"fr_FR\" \/>\n<meta property=\"og:type\" content=\"article\" \/>\n<meta property=\"og:title\" content=\"PULITORE INTENSIVO WPC - Chimiver EXT\u00c9RIEUR, Decking-WPC, Nettoyage WPC, SOLS EXTERIEUR, Decking-WPC\" \/>\n<meta property=\"og:description\" content=\"Scopri PULITORE INTENSIVO WPC EXT\u00c9RIEUR, Decking-WPC, Nettoyage WPC, SOLS EXTERIEUR, Decking-WPC. Dal 1965 Chimiver \u00e8 leader nel mercato dei prodotti per incollaggio, trattamento e manutenzione dei pavimenti.\" \/>\n<meta property=\"og:url\" content=\"https:\/\/chimiver.com\/fr\/prodotto\/pulitore-intensivo-wpc\/\" \/>\n<meta property=\"og:site_name\" content=\"Chimiver\" \/>\n<meta property=\"article:publisher\" content=\"https:\/\/www.facebook.com\/chimiver\" \/>\n<meta property=\"article:modified_time\" content=\"2023-07-25T13:43:33+00:00\" \/>\n<meta property=\"og:image\" content=\"https:\/\/chimiver.com\/wp-content\/uploads\/2022\/01\/164_22d19.jpg\" \/>\n\t<meta property=\"og:image:width\" content=\"640\" \/>\n\t<meta property=\"og:image:height\" content=\"640\" \/>\n\t<meta property=\"og:image:type\" content=\"image\/jpeg\" \/>\n<meta name=\"twitter:card\" content=\"summary_large_image\" \/>\n<meta name=\"twitter:label1\" content=\"Dur\u00e9e de lecture estim\u00e9e\" \/>\n\t<meta name=\"twitter:data1\" content=\"1 minute\" \/>\n<script type=\"application\/ld+json\" class=\"yoast-schema-graph\">{\"@context\":\"https:\/\/schema.org\",\"@graph\":[{\"@type\":\"WebPage\",\"@id\":\"https:\/\/chimiver.com\/fr\/prodotto\/pulitore-intensivo-wpc\/\",\"url\":\"https:\/\/chimiver.com\/fr\/prodotto\/pulitore-intensivo-wpc\/\",\"name\":\"PULITORE INTENSIVO WPC - Chimiver EXT\u00c9RIEUR, Decking-WPC, Nettoyage WPC, SOLS EXTERIEUR, Decking-WPC\",\"isPartOf\":{\"@id\":\"https:\/\/chimiver.com\/fr\/#website\"},\"primaryImageOfPage\":{\"@id\":\"https:\/\/chimiver.com\/fr\/prodotto\/pulitore-intensivo-wpc\/#primaryimage\"},\"image\":{\"@id\":\"https:\/\/chimiver.com\/fr\/prodotto\/pulitore-intensivo-wpc\/#primaryimage\"},\"thumbnailUrl\":\"https:\/\/chimiver.com\/wp-content\/uploads\/2022\/01\/164_22d19.jpg\",\"datePublished\":\"2022-01-21T11:14:55+00:00\",\"dateModified\":\"2023-07-25T13:43:33+00:00\",\"description\":\"Scopri PULITORE INTENSIVO WPC EXT\u00c9RIEUR, Decking-WPC, Nettoyage WPC, SOLS EXTERIEUR, Decking-WPC. Dal 1965 Chimiver \u00e8 leader nel mercato dei prodotti per incollaggio, trattamento e manutenzione dei pavimenti.\",\"breadcrumb\":{\"@id\":\"https:\/\/chimiver.com\/fr\/prodotto\/pulitore-intensivo-wpc\/#breadcrumb\"},\"inLanguage\":\"fr-FR\",\"potentialAction\":[{\"@type\":\"ReadAction\",\"target\":[\"https:\/\/chimiver.com\/fr\/prodotto\/pulitore-intensivo-wpc\/\"]}]},{\"@type\":\"ImageObject\",\"inLanguage\":\"fr-FR\",\"@id\":\"https:\/\/chimiver.com\/fr\/prodotto\/pulitore-intensivo-wpc\/#primaryimage\",\"url\":\"https:\/\/chimiver.com\/wp-content\/uploads\/2022\/01\/164_22d19.jpg\",\"contentUrl\":\"https:\/\/chimiver.com\/wp-content\/uploads\/2022\/01\/164_22d19.jpg\",\"width\":640,\"height\":640,\"caption\":\"Pulitore Intensivo WPC_1L\"},{\"@type\":\"BreadcrumbList\",\"@id\":\"https:\/\/chimiver.com\/fr\/prodotto\/pulitore-intensivo-wpc\/#breadcrumb\",\"itemListElement\":[{\"@type\":\"ListItem\",\"position\":1,\"name\":\"Home\",\"item\":\"https:\/\/chimiver.com\/fr\/\"},{\"@type\":\"ListItem\",\"position\":2,\"name\":\"Shop\",\"item\":\"https:\/\/chimiver.com\/?page_id=10\"},{\"@type\":\"ListItem\",\"position\":3,\"name\":\"PULITORE INTENSIVO WPC\"}]},{\"@type\":\"WebSite\",\"@id\":\"https:\/\/chimiver.com\/fr\/#website\",\"url\":\"https:\/\/chimiver.com\/fr\/\",\"name\":\"Chimiver, Your floors partner\",\"description\":\"Your floors partner\",\"publisher\":{\"@id\":\"https:\/\/chimiver.com\/fr\/#organization\"},\"alternateName\":\"Chimiver\",\"potentialAction\":[{\"@type\":\"SearchAction\",\"target\":{\"@type\":\"EntryPoint\",\"urlTemplate\":\"https:\/\/chimiver.com\/fr\/?s={search_term_string}\"},\"query-input\":{\"@type\":\"PropertyValueSpecification\",\"valueRequired\":true,\"valueName\":\"search_term_string\"}}],\"inLanguage\":\"fr-FR\"},{\"@type\":\"Organization\",\"@id\":\"https:\/\/chimiver.com\/fr\/#organization\",\"name\":\"Chimiver\",\"url\":\"https:\/\/chimiver.com\/fr\/\",\"logo\":{\"@type\":\"ImageObject\",\"inLanguage\":\"fr-FR\",\"@id\":\"https:\/\/chimiver.com\/fr\/#\/schema\/logo\/image\/\",\"url\":\"https:\/\/chimiver.com\/wp-content\/uploads\/2022\/06\/Chimiver_500x500.jpg\",\"contentUrl\":\"https:\/\/chimiver.com\/wp-content\/uploads\/2022\/06\/Chimiver_500x500.jpg\",\"width\":500,\"height\":500,\"caption\":\"Chimiver\"},\"image\":{\"@id\":\"https:\/\/chimiver.com\/fr\/#\/schema\/logo\/image\/\"},\"sameAs\":[\"https:\/\/www.facebook.com\/chimiver\"]}]}<\/script>\n<!-- \/ Yoast SEO plugin. -->","yoast_head_json":{"title":"PULITORE INTENSIVO WPC - Chimiver EXT\u00c9RIEUR, Decking-WPC, Nettoyage WPC, SOLS EXTERIEUR, Decking-WPC","description":"Scopri PULITORE INTENSIVO WPC EXT\u00c9RIEUR, Decking-WPC, Nettoyage WPC, SOLS EXTERIEUR, Decking-WPC. Dal 1965 Chimiver \u00e8 leader nel mercato dei prodotti per incollaggio, trattamento e manutenzione dei pavimenti.","robots":{"index":"index","follow":"follow","max-snippet":"max-snippet:-1","max-image-preview":"max-image-preview:large","max-video-preview":"max-video-preview:-1"},"canonical":"https:\/\/chimiver.com\/fr\/prodotto\/pulitore-intensivo-wpc\/","og_locale":"fr_FR","og_type":"article","og_title":"PULITORE INTENSIVO WPC - Chimiver EXT\u00c9RIEUR, Decking-WPC, Nettoyage WPC, SOLS EXTERIEUR, Decking-WPC","og_description":"Scopri PULITORE INTENSIVO WPC EXT\u00c9RIEUR, Decking-WPC, Nettoyage WPC, SOLS EXTERIEUR, Decking-WPC. Dal 1965 Chimiver \u00e8 leader nel mercato dei prodotti per incollaggio, trattamento e manutenzione dei pavimenti.","og_url":"https:\/\/chimiver.com\/fr\/prodotto\/pulitore-intensivo-wpc\/","og_site_name":"Chimiver","article_publisher":"https:\/\/www.facebook.com\/chimiver","article_modified_time":"2023-07-25T13:43:33+00:00","og_image":[{"width":640,"height":640,"url":"https:\/\/chimiver.com\/wp-content\/uploads\/2022\/01\/164_22d19.jpg","type":"image\/jpeg"}],"twitter_card":"summary_large_image","twitter_misc":{"Dur\u00e9e de lecture estim\u00e9e":"1 minute"},"schema":{"@context":"https:\/\/schema.org","@graph":[{"@type":"WebPage","@id":"https:\/\/chimiver.com\/fr\/prodotto\/pulitore-intensivo-wpc\/","url":"https:\/\/chimiver.com\/fr\/prodotto\/pulitore-intensivo-wpc\/","name":"PULITORE INTENSIVO WPC - Chimiver EXT\u00c9RIEUR, Decking-WPC, Nettoyage WPC, SOLS EXTERIEUR, Decking-WPC","isPartOf":{"@id":"https:\/\/chimiver.com\/fr\/#website"},"primaryImageOfPage":{"@id":"https:\/\/chimiver.com\/fr\/prodotto\/pulitore-intensivo-wpc\/#primaryimage"},"image":{"@id":"https:\/\/chimiver.com\/fr\/prodotto\/pulitore-intensivo-wpc\/#primaryimage"},"thumbnailUrl":"https:\/\/chimiver.com\/wp-content\/uploads\/2022\/01\/164_22d19.jpg","datePublished":"2022-01-21T11:14:55+00:00","dateModified":"2023-07-25T13:43:33+00:00","description":"Scopri PULITORE INTENSIVO WPC EXT\u00c9RIEUR, Decking-WPC, Nettoyage WPC, SOLS EXTERIEUR, Decking-WPC. Dal 1965 Chimiver \u00e8 leader nel mercato dei prodotti per incollaggio, trattamento e manutenzione dei pavimenti.","breadcrumb":{"@id":"https:\/\/chimiver.com\/fr\/prodotto\/pulitore-intensivo-wpc\/#breadcrumb"},"inLanguage":"fr-FR","potentialAction":[{"@type":"ReadAction","target":["https:\/\/chimiver.com\/fr\/prodotto\/pulitore-intensivo-wpc\/"]}]},{"@type":"ImageObject","inLanguage":"fr-FR","@id":"https:\/\/chimiver.com\/fr\/prodotto\/pulitore-intensivo-wpc\/#primaryimage","url":"https:\/\/chimiver.com\/wp-content\/uploads\/2022\/01\/164_22d19.jpg","contentUrl":"https:\/\/chimiver.com\/wp-content\/uploads\/2022\/01\/164_22d19.jpg","width":640,"height":640,"caption":"Pulitore Intensivo WPC_1L"},{"@type":"BreadcrumbList","@id":"https:\/\/chimiver.com\/fr\/prodotto\/pulitore-intensivo-wpc\/#breadcrumb","itemListElement":[{"@type":"ListItem","position":1,"name":"Home","item":"https:\/\/chimiver.com\/fr\/"},{"@type":"ListItem","position":2,"name":"Shop","item":"https:\/\/chimiver.com\/?page_id=10"},{"@type":"ListItem","position":3,"name":"PULITORE INTENSIVO WPC"}]},{"@type":"WebSite","@id":"https:\/\/chimiver.com\/fr\/#website","url":"https:\/\/chimiver.com\/fr\/","name":"Chimiver, Your floors partner","description":"Your floors partner","publisher":{"@id":"https:\/\/chimiver.com\/fr\/#organization"},"alternateName":"Chimiver","potentialAction":[{"@type":"SearchAction","target":{"@type":"EntryPoint","urlTemplate":"https:\/\/chimiver.com\/fr\/?s={search_term_string}"},"query-input":{"@type":"PropertyValueSpecification","valueRequired":true,"valueName":"search_term_string"}}],"inLanguage":"fr-FR"},{"@type":"Organization","@id":"https:\/\/chimiver.com\/fr\/#organization","name":"Chimiver","url":"https:\/\/chimiver.com\/fr\/","logo":{"@type":"ImageObject","inLanguage":"fr-FR","@id":"https:\/\/chimiver.com\/fr\/#\/schema\/logo\/image\/","url":"https:\/\/chimiver.com\/wp-content\/uploads\/2022\/06\/Chimiver_500x500.jpg","contentUrl":"https:\/\/chimiver.com\/wp-content\/uploads\/2022\/06\/Chimiver_500x500.jpg","width":500,"height":500,"caption":"Chimiver"},"image":{"@id":"https:\/\/chimiver.com\/fr\/#\/schema\/logo\/image\/"},"sameAs":["https:\/\/www.facebook.com\/chimiver"]}]}},"_links":{"self":[{"href":"https:\/\/chimiver.com\/fr\/wp-json\/wp\/v2\/product\/15136","targetHints":{"allow":["GET"]}}],"collection":[{"href":"https:\/\/chimiver.com\/fr\/wp-json\/wp\/v2\/product"}],"about":[{"href":"https:\/\/chimiver.com\/fr\/wp-json\/wp\/v2\/types\/product"}],"replies":[{"embeddable":true,"href":"https:\/\/chimiver.com\/fr\/wp-json\/wp\/v2\/comments?post=15136"}],"wp:featuredmedia":[{"embeddable":true,"href":"https:\/\/chimiver.com\/fr\/wp-json\/wp\/v2\/media\/8312"}],"wp:attachment":[{"href":"https:\/\/chimiver.com\/fr\/wp-json\/wp\/v2\/media?parent=15136"}],"wp:term":[{"taxonomy":"product_brand","embeddable":true,"href":"https:\/\/chimiver.com\/fr\/wp-json\/wp\/v2\/product_brand?post=15136"},{"taxonomy":"product_cat","embeddable":true,"href":"https:\/\/chimiver.com\/fr\/wp-json\/wp\/v2\/product_cat?post=15136"},{"taxonomy":"product_tag","embeddable":true,"href":"https:\/\/chimiver.com\/fr\/wp-json\/wp\/v2\/product_tag?post=15136"}],"curies":[{"name":"wp","href":"https:\/\/api.w.org\/{rel}","templated":true}]}}