{"id":15214,"date":"2022-03-10T15:08:28","date_gmt":"2022-03-10T14:08:28","guid":{"rendered":"https:\/\/chimiver.com\/prodotto\/led-hard-wax-oil\/"},"modified":"2025-05-09T14:15:53","modified_gmt":"2025-05-09T12:15:53","slug":"led-hard-wax-oil","status":"publish","type":"product","link":"https:\/\/chimiver.com\/fr\/prodotto\/led-hard-wax-oil\/","title":{"rendered":"LED HARD WAX OIL"},"content":{"rendered":"<p>Huile de polym\u00e9risation UV LED, modifi\u00e9e avec des oligom\u00e8res acrylates, adapt\u00e9e au vernissage des planchers en bois. Les planchers en bois vernis avec LED HARD WAX OIL se caract\u00e9risent par une excellente duret\u00e9, la distension et l&rsquo;\u00e9lasticit\u00e9. Il conf\u00e8re \u00e0 l&rsquo;article en bois un aspect naturel, doux au toucher et une coloration huileuse.<\/p>\n","protected":false},"excerpt":{"rendered":"Cire d&rsquo;huile \u00e0 polym\u00e9risation LED","protected":false},"featured_media":10597,"comment_status":"open","ping_status":"closed","template":"","meta":{"_acf_changed":false,"inline_featured_image":false},"product_brand":[],"product_cat":[835,836],"product_tag":[],"class_list":{"0":"post-15214","1":"product","2":"type-product","3":"status-publish","4":"has-post-thumbnail","6":"product_cat-industrie","7":"product_cat-led-fr","9":"first","10":"instock","11":"shipping-taxable","12":"product-type-simple","13":"add-to-wishlist-after_add_to_cart"},"acf":[],"yoast_head":"<!-- This site is optimized with the Yoast SEO plugin v26.2 - https:\/\/yoast.com\/wordpress\/plugins\/seo\/ -->\n<title>LED HARD WAX OIL - Chimiver Industrie, Led<\/title>\n<meta name=\"description\" content=\"Scopri LED HARD WAX OIL Industrie, Led. Dal 1965 Chimiver \u00e8 leader nel mercato dei prodotti per incollaggio, trattamento e manutenzione dei pavimenti.\" \/>\n<meta name=\"robots\" content=\"index, follow, max-snippet:-1, max-image-preview:large, max-video-preview:-1\" \/>\n<link rel=\"canonical\" href=\"https:\/\/chimiver.com\/fr\/prodotto\/led-hard-wax-oil\/\" \/>\n<meta property=\"og:locale\" content=\"fr_FR\" \/>\n<meta property=\"og:type\" content=\"article\" \/>\n<meta property=\"og:title\" content=\"LED HARD WAX OIL - Chimiver Industrie, Led\" \/>\n<meta property=\"og:description\" content=\"Scopri LED HARD WAX OIL Industrie, Led. Dal 1965 Chimiver \u00e8 leader nel mercato dei prodotti per incollaggio, trattamento e manutenzione dei pavimenti.\" \/>\n<meta property=\"og:url\" content=\"https:\/\/chimiver.com\/fr\/prodotto\/led-hard-wax-oil\/\" \/>\n<meta property=\"og:site_name\" content=\"Chimiver\" \/>\n<meta property=\"article:publisher\" content=\"https:\/\/www.facebook.com\/chimiver\" \/>\n<meta property=\"article:modified_time\" content=\"2025-05-09T12:15:53+00:00\" \/>\n<meta property=\"og:image\" content=\"https:\/\/chimiver.com\/wp-content\/uploads\/2022\/01\/LED-HARD-WAX-OIL_5kg.jpg\" \/>\n\t<meta property=\"og:image:width\" content=\"640\" \/>\n\t<meta property=\"og:image:height\" content=\"640\" \/>\n\t<meta property=\"og:image:type\" content=\"image\/jpeg\" \/>\n<meta name=\"twitter:card\" content=\"summary_large_image\" \/>\n<meta name=\"twitter:label1\" content=\"Dur\u00e9e de lecture estim\u00e9e\" \/>\n\t<meta name=\"twitter:data1\" content=\"1 minute\" \/>\n<script type=\"application\/ld+json\" class=\"yoast-schema-graph\">{\"@context\":\"https:\/\/schema.org\",\"@graph\":[{\"@type\":\"WebPage\",\"@id\":\"https:\/\/chimiver.com\/fr\/prodotto\/led-hard-wax-oil\/\",\"url\":\"https:\/\/chimiver.com\/fr\/prodotto\/led-hard-wax-oil\/\",\"name\":\"LED HARD WAX OIL - Chimiver Industrie, Led\",\"isPartOf\":{\"@id\":\"https:\/\/chimiver.com\/fr\/#website\"},\"primaryImageOfPage\":{\"@id\":\"https:\/\/chimiver.com\/fr\/prodotto\/led-hard-wax-oil\/#primaryimage\"},\"image\":{\"@id\":\"https:\/\/chimiver.com\/fr\/prodotto\/led-hard-wax-oil\/#primaryimage\"},\"thumbnailUrl\":\"https:\/\/chimiver.com\/wp-content\/uploads\/2022\/01\/LED-HARD-WAX-OIL_5kg.jpg\",\"datePublished\":\"2022-03-10T14:08:28+00:00\",\"dateModified\":\"2025-05-09T12:15:53+00:00\",\"description\":\"Scopri LED HARD WAX OIL Industrie, Led. Dal 1965 Chimiver \u00e8 leader nel mercato dei prodotti per incollaggio, trattamento e manutenzione dei pavimenti.\",\"breadcrumb\":{\"@id\":\"https:\/\/chimiver.com\/fr\/prodotto\/led-hard-wax-oil\/#breadcrumb\"},\"inLanguage\":\"fr-FR\",\"potentialAction\":[{\"@type\":\"ReadAction\",\"target\":[\"https:\/\/chimiver.com\/fr\/prodotto\/led-hard-wax-oil\/\"]}]},{\"@type\":\"ImageObject\",\"inLanguage\":\"fr-FR\",\"@id\":\"https:\/\/chimiver.com\/fr\/prodotto\/led-hard-wax-oil\/#primaryimage\",\"url\":\"https:\/\/chimiver.com\/wp-content\/uploads\/2022\/01\/LED-HARD-WAX-OIL_5kg.jpg\",\"contentUrl\":\"https:\/\/chimiver.com\/wp-content\/uploads\/2022\/01\/LED-HARD-WAX-OIL_5kg.jpg\",\"width\":640,\"height\":640},{\"@type\":\"BreadcrumbList\",\"@id\":\"https:\/\/chimiver.com\/fr\/prodotto\/led-hard-wax-oil\/#breadcrumb\",\"itemListElement\":[{\"@type\":\"ListItem\",\"position\":1,\"name\":\"Home\",\"item\":\"https:\/\/chimiver.com\/fr\/\"},{\"@type\":\"ListItem\",\"position\":2,\"name\":\"Shop\",\"item\":\"https:\/\/chimiver.com\/?page_id=10\"},{\"@type\":\"ListItem\",\"position\":3,\"name\":\"LED HARD WAX OIL\"}]},{\"@type\":\"WebSite\",\"@id\":\"https:\/\/chimiver.com\/fr\/#website\",\"url\":\"https:\/\/chimiver.com\/fr\/\",\"name\":\"Chimiver, Your floors partner\",\"description\":\"Your floors partner\",\"publisher\":{\"@id\":\"https:\/\/chimiver.com\/fr\/#organization\"},\"alternateName\":\"Chimiver\",\"potentialAction\":[{\"@type\":\"SearchAction\",\"target\":{\"@type\":\"EntryPoint\",\"urlTemplate\":\"https:\/\/chimiver.com\/fr\/?s={search_term_string}\"},\"query-input\":{\"@type\":\"PropertyValueSpecification\",\"valueRequired\":true,\"valueName\":\"search_term_string\"}}],\"inLanguage\":\"fr-FR\"},{\"@type\":\"Organization\",\"@id\":\"https:\/\/chimiver.com\/fr\/#organization\",\"name\":\"Chimiver\",\"url\":\"https:\/\/chimiver.com\/fr\/\",\"logo\":{\"@type\":\"ImageObject\",\"inLanguage\":\"fr-FR\",\"@id\":\"https:\/\/chimiver.com\/fr\/#\/schema\/logo\/image\/\",\"url\":\"https:\/\/chimiver.com\/wp-content\/uploads\/2022\/06\/Chimiver_500x500.jpg\",\"contentUrl\":\"https:\/\/chimiver.com\/wp-content\/uploads\/2022\/06\/Chimiver_500x500.jpg\",\"width\":500,\"height\":500,\"caption\":\"Chimiver\"},\"image\":{\"@id\":\"https:\/\/chimiver.com\/fr\/#\/schema\/logo\/image\/\"},\"sameAs\":[\"https:\/\/www.facebook.com\/chimiver\"]}]}<\/script>\n<!-- \/ Yoast SEO plugin. -->","yoast_head_json":{"title":"LED HARD WAX OIL - Chimiver Industrie, Led","description":"Scopri LED HARD WAX OIL Industrie, Led. Dal 1965 Chimiver \u00e8 leader nel mercato dei prodotti per incollaggio, trattamento e manutenzione dei pavimenti.","robots":{"index":"index","follow":"follow","max-snippet":"max-snippet:-1","max-image-preview":"max-image-preview:large","max-video-preview":"max-video-preview:-1"},"canonical":"https:\/\/chimiver.com\/fr\/prodotto\/led-hard-wax-oil\/","og_locale":"fr_FR","og_type":"article","og_title":"LED HARD WAX OIL - Chimiver Industrie, Led","og_description":"Scopri LED HARD WAX OIL Industrie, Led. Dal 1965 Chimiver \u00e8 leader nel mercato dei prodotti per incollaggio, trattamento e manutenzione dei pavimenti.","og_url":"https:\/\/chimiver.com\/fr\/prodotto\/led-hard-wax-oil\/","og_site_name":"Chimiver","article_publisher":"https:\/\/www.facebook.com\/chimiver","article_modified_time":"2025-05-09T12:15:53+00:00","og_image":[{"width":640,"height":640,"url":"https:\/\/chimiver.com\/wp-content\/uploads\/2022\/01\/LED-HARD-WAX-OIL_5kg.jpg","type":"image\/jpeg"}],"twitter_card":"summary_large_image","twitter_misc":{"Dur\u00e9e de lecture estim\u00e9e":"1 minute"},"schema":{"@context":"https:\/\/schema.org","@graph":[{"@type":"WebPage","@id":"https:\/\/chimiver.com\/fr\/prodotto\/led-hard-wax-oil\/","url":"https:\/\/chimiver.com\/fr\/prodotto\/led-hard-wax-oil\/","name":"LED HARD WAX OIL - Chimiver Industrie, Led","isPartOf":{"@id":"https:\/\/chimiver.com\/fr\/#website"},"primaryImageOfPage":{"@id":"https:\/\/chimiver.com\/fr\/prodotto\/led-hard-wax-oil\/#primaryimage"},"image":{"@id":"https:\/\/chimiver.com\/fr\/prodotto\/led-hard-wax-oil\/#primaryimage"},"thumbnailUrl":"https:\/\/chimiver.com\/wp-content\/uploads\/2022\/01\/LED-HARD-WAX-OIL_5kg.jpg","datePublished":"2022-03-10T14:08:28+00:00","dateModified":"2025-05-09T12:15:53+00:00","description":"Scopri LED HARD WAX OIL Industrie, Led. Dal 1965 Chimiver \u00e8 leader nel mercato dei prodotti per incollaggio, trattamento e manutenzione dei pavimenti.","breadcrumb":{"@id":"https:\/\/chimiver.com\/fr\/prodotto\/led-hard-wax-oil\/#breadcrumb"},"inLanguage":"fr-FR","potentialAction":[{"@type":"ReadAction","target":["https:\/\/chimiver.com\/fr\/prodotto\/led-hard-wax-oil\/"]}]},{"@type":"ImageObject","inLanguage":"fr-FR","@id":"https:\/\/chimiver.com\/fr\/prodotto\/led-hard-wax-oil\/#primaryimage","url":"https:\/\/chimiver.com\/wp-content\/uploads\/2022\/01\/LED-HARD-WAX-OIL_5kg.jpg","contentUrl":"https:\/\/chimiver.com\/wp-content\/uploads\/2022\/01\/LED-HARD-WAX-OIL_5kg.jpg","width":640,"height":640},{"@type":"BreadcrumbList","@id":"https:\/\/chimiver.com\/fr\/prodotto\/led-hard-wax-oil\/#breadcrumb","itemListElement":[{"@type":"ListItem","position":1,"name":"Home","item":"https:\/\/chimiver.com\/fr\/"},{"@type":"ListItem","position":2,"name":"Shop","item":"https:\/\/chimiver.com\/?page_id=10"},{"@type":"ListItem","position":3,"name":"LED HARD WAX OIL"}]},{"@type":"WebSite","@id":"https:\/\/chimiver.com\/fr\/#website","url":"https:\/\/chimiver.com\/fr\/","name":"Chimiver, Your floors partner","description":"Your floors partner","publisher":{"@id":"https:\/\/chimiver.com\/fr\/#organization"},"alternateName":"Chimiver","potentialAction":[{"@type":"SearchAction","target":{"@type":"EntryPoint","urlTemplate":"https:\/\/chimiver.com\/fr\/?s={search_term_string}"},"query-input":{"@type":"PropertyValueSpecification","valueRequired":true,"valueName":"search_term_string"}}],"inLanguage":"fr-FR"},{"@type":"Organization","@id":"https:\/\/chimiver.com\/fr\/#organization","name":"Chimiver","url":"https:\/\/chimiver.com\/fr\/","logo":{"@type":"ImageObject","inLanguage":"fr-FR","@id":"https:\/\/chimiver.com\/fr\/#\/schema\/logo\/image\/","url":"https:\/\/chimiver.com\/wp-content\/uploads\/2022\/06\/Chimiver_500x500.jpg","contentUrl":"https:\/\/chimiver.com\/wp-content\/uploads\/2022\/06\/Chimiver_500x500.jpg","width":500,"height":500,"caption":"Chimiver"},"image":{"@id":"https:\/\/chimiver.com\/fr\/#\/schema\/logo\/image\/"},"sameAs":["https:\/\/www.facebook.com\/chimiver"]}]}},"_links":{"self":[{"href":"https:\/\/chimiver.com\/fr\/wp-json\/wp\/v2\/product\/15214","targetHints":{"allow":["GET"]}}],"collection":[{"href":"https:\/\/chimiver.com\/fr\/wp-json\/wp\/v2\/product"}],"about":[{"href":"https:\/\/chimiver.com\/fr\/wp-json\/wp\/v2\/types\/product"}],"replies":[{"embeddable":true,"href":"https:\/\/chimiver.com\/fr\/wp-json\/wp\/v2\/comments?post=15214"}],"wp:featuredmedia":[{"embeddable":true,"href":"https:\/\/chimiver.com\/fr\/wp-json\/wp\/v2\/media\/10597"}],"wp:attachment":[{"href":"https:\/\/chimiver.com\/fr\/wp-json\/wp\/v2\/media?parent=15214"}],"wp:term":[{"taxonomy":"product_brand","embeddable":true,"href":"https:\/\/chimiver.com\/fr\/wp-json\/wp\/v2\/product_brand?post=15214"},{"taxonomy":"product_cat","embeddable":true,"href":"https:\/\/chimiver.com\/fr\/wp-json\/wp\/v2\/product_cat?post=15214"},{"taxonomy":"product_tag","embeddable":true,"href":"https:\/\/chimiver.com\/fr\/wp-json\/wp\/v2\/product_tag?post=15214"}],"curies":[{"name":"wp","href":"https:\/\/api.w.org\/{rel}","templated":true}]}}