{"id":15275,"date":"2022-03-11T09:01:34","date_gmt":"2022-03-11T08:01:34","guid":{"rendered":"https:\/\/chimiver.com\/prodotto\/oil-wood-traffik-a-spalma-hv\/"},"modified":"2024-04-08T11:22:05","modified_gmt":"2024-04-08T09:22:05","slug":"oil-wood-traffik-a-spalma-hv","status":"publish","type":"product","link":"https:\/\/chimiver.com\/fr\/prodotto\/oil-wood-traffik-a-spalma-hv\/","title":{"rendered":"OIL WOOD TRAFFIK A SPALMA HV"},"content":{"rendered":"<p>Finition huile-ur\u00e9thane monocomposant pour sols en bois caract\u00e9ris\u00e9e par une haute r\u00e9sistance \u00e0 l&rsquo;usure et \u00e0 l&rsquo;abrasion, qui peut \u00eatre compar\u00e9e \u00e0 un excellent vernis polyur\u00e9thane \u00e0 base de solvant \u00e0 deux composants. Il donne au parquet un aspect chaleureux et doux, typique des finitions naturelles \u00e0 base d&rsquo;huile, et il est tr\u00e8s facile \u00e0 entretenir. En outre, il est tr\u00e8s facile \u00e0 appliquer car il ne montre jamais de pointe orange, ni chevauchement, pas de bulles, il s\u00e8che rapidement et le compos\u00e9 opaque se r\u00e9pand sur la surface de mani\u00e8re homog\u00e8ne.<\/p>\n","protected":false},"excerpt":{"rendered":"Fini huile-ur\u00e9thane monocomposant avec effet cir\u00e9\/huil\u00e9","protected":false},"featured_media":18262,"comment_status":"open","ping_status":"closed","template":"","meta":{"_acf_changed":false,"inline_featured_image":false},"product_brand":[],"product_cat":[835,837,839],"product_tag":[],"class_list":{"0":"post-15275","1":"product","2":"type-product","3":"status-publish","4":"has-post-thumbnail","6":"product_cat-industrie","7":"product_cat-vernis-a-base-de-solvant-fr","8":"product_cat-vernis-oleurethanes","10":"first","11":"instock","12":"shipping-taxable","13":"product-type-simple","14":"add-to-wishlist-after_add_to_cart"},"acf":[],"yoast_head":"<!-- This site is optimized with the Yoast SEO plugin v26.2 - https:\/\/yoast.com\/wordpress\/plugins\/seo\/ -->\n<title>OIL WOOD TRAFFIK A SPALMA HV - Chimiver Industrie, Vernis \u00e0 base de solvant, Vernis oleur\u00e9thanes<\/title>\n<meta name=\"description\" content=\"Scopri OIL WOOD TRAFFIK A SPALMA HV Industrie, Vernis \u00e0 base de solvant, Vernis oleur\u00e9thanes. Dal 1965 Chimiver \u00e8 leader nel mercato dei prodotti per incollaggio, trattamento e manutenzione dei pavimenti.\" \/>\n<meta name=\"robots\" content=\"index, follow, max-snippet:-1, max-image-preview:large, max-video-preview:-1\" \/>\n<link rel=\"canonical\" href=\"https:\/\/chimiver.com\/fr\/prodotto\/oil-wood-traffik-a-spalma-hv\/\" \/>\n<meta property=\"og:locale\" content=\"fr_FR\" \/>\n<meta property=\"og:type\" content=\"article\" \/>\n<meta property=\"og:title\" content=\"OIL WOOD TRAFFIK A SPALMA HV - Chimiver Industrie, Vernis \u00e0 base de solvant, Vernis oleur\u00e9thanes\" \/>\n<meta property=\"og:description\" content=\"Scopri OIL WOOD TRAFFIK A SPALMA HV Industrie, Vernis \u00e0 base de solvant, Vernis oleur\u00e9thanes. Dal 1965 Chimiver \u00e8 leader nel mercato dei prodotti per incollaggio, trattamento e manutenzione dei pavimenti.\" \/>\n<meta property=\"og:url\" content=\"https:\/\/chimiver.com\/fr\/prodotto\/oil-wood-traffik-a-spalma-hv\/\" \/>\n<meta property=\"og:site_name\" content=\"Chimiver\" \/>\n<meta property=\"article:publisher\" content=\"https:\/\/www.facebook.com\/chimiver\" \/>\n<meta property=\"article:modified_time\" content=\"2024-04-08T09:22:05+00:00\" \/>\n<meta property=\"og:image\" content=\"https:\/\/chimiver.com\/wp-content\/uploads\/2024\/03\/LATTA-SOLVENTE-25-INDUSTRIA.jpg\" \/>\n\t<meta property=\"og:image:width\" content=\"640\" \/>\n\t<meta property=\"og:image:height\" content=\"640\" \/>\n\t<meta property=\"og:image:type\" content=\"image\/jpeg\" \/>\n<meta name=\"twitter:card\" content=\"summary_large_image\" \/>\n<meta name=\"twitter:label1\" content=\"Dur\u00e9e de lecture estim\u00e9e\" \/>\n\t<meta name=\"twitter:data1\" content=\"1 minute\" \/>\n<script type=\"application\/ld+json\" class=\"yoast-schema-graph\">{\"@context\":\"https:\/\/schema.org\",\"@graph\":[{\"@type\":\"WebPage\",\"@id\":\"https:\/\/chimiver.com\/fr\/prodotto\/oil-wood-traffik-a-spalma-hv\/\",\"url\":\"https:\/\/chimiver.com\/fr\/prodotto\/oil-wood-traffik-a-spalma-hv\/\",\"name\":\"OIL WOOD TRAFFIK A SPALMA HV - Chimiver Industrie, Vernis \u00e0 base de solvant, Vernis oleur\u00e9thanes\",\"isPartOf\":{\"@id\":\"https:\/\/chimiver.com\/fr\/#website\"},\"primaryImageOfPage\":{\"@id\":\"https:\/\/chimiver.com\/fr\/prodotto\/oil-wood-traffik-a-spalma-hv\/#primaryimage\"},\"image\":{\"@id\":\"https:\/\/chimiver.com\/fr\/prodotto\/oil-wood-traffik-a-spalma-hv\/#primaryimage\"},\"thumbnailUrl\":\"https:\/\/chimiver.com\/wp-content\/uploads\/2024\/03\/LATTA-SOLVENTE-25-INDUSTRIA.jpg\",\"datePublished\":\"2022-03-11T08:01:34+00:00\",\"dateModified\":\"2024-04-08T09:22:05+00:00\",\"description\":\"Scopri OIL WOOD TRAFFIK A SPALMA HV Industrie, Vernis \u00e0 base de solvant, Vernis oleur\u00e9thanes. Dal 1965 Chimiver \u00e8 leader nel mercato dei prodotti per incollaggio, trattamento e manutenzione dei pavimenti.\",\"breadcrumb\":{\"@id\":\"https:\/\/chimiver.com\/fr\/prodotto\/oil-wood-traffik-a-spalma-hv\/#breadcrumb\"},\"inLanguage\":\"fr-FR\",\"potentialAction\":[{\"@type\":\"ReadAction\",\"target\":[\"https:\/\/chimiver.com\/fr\/prodotto\/oil-wood-traffik-a-spalma-hv\/\"]}]},{\"@type\":\"ImageObject\",\"inLanguage\":\"fr-FR\",\"@id\":\"https:\/\/chimiver.com\/fr\/prodotto\/oil-wood-traffik-a-spalma-hv\/#primaryimage\",\"url\":\"https:\/\/chimiver.com\/wp-content\/uploads\/2024\/03\/LATTA-SOLVENTE-25-INDUSTRIA.jpg\",\"contentUrl\":\"https:\/\/chimiver.com\/wp-content\/uploads\/2024\/03\/LATTA-SOLVENTE-25-INDUSTRIA.jpg\",\"width\":640,\"height\":640},{\"@type\":\"BreadcrumbList\",\"@id\":\"https:\/\/chimiver.com\/fr\/prodotto\/oil-wood-traffik-a-spalma-hv\/#breadcrumb\",\"itemListElement\":[{\"@type\":\"ListItem\",\"position\":1,\"name\":\"Home\",\"item\":\"https:\/\/chimiver.com\/fr\/\"},{\"@type\":\"ListItem\",\"position\":2,\"name\":\"Shop\",\"item\":\"https:\/\/chimiver.com\/?page_id=10\"},{\"@type\":\"ListItem\",\"position\":3,\"name\":\"OIL WOOD TRAFFIK A SPALMA HV\"}]},{\"@type\":\"WebSite\",\"@id\":\"https:\/\/chimiver.com\/fr\/#website\",\"url\":\"https:\/\/chimiver.com\/fr\/\",\"name\":\"Chimiver, Your floors partner\",\"description\":\"Your floors partner\",\"publisher\":{\"@id\":\"https:\/\/chimiver.com\/fr\/#organization\"},\"alternateName\":\"Chimiver\",\"potentialAction\":[{\"@type\":\"SearchAction\",\"target\":{\"@type\":\"EntryPoint\",\"urlTemplate\":\"https:\/\/chimiver.com\/fr\/?s={search_term_string}\"},\"query-input\":{\"@type\":\"PropertyValueSpecification\",\"valueRequired\":true,\"valueName\":\"search_term_string\"}}],\"inLanguage\":\"fr-FR\"},{\"@type\":\"Organization\",\"@id\":\"https:\/\/chimiver.com\/fr\/#organization\",\"name\":\"Chimiver\",\"url\":\"https:\/\/chimiver.com\/fr\/\",\"logo\":{\"@type\":\"ImageObject\",\"inLanguage\":\"fr-FR\",\"@id\":\"https:\/\/chimiver.com\/fr\/#\/schema\/logo\/image\/\",\"url\":\"https:\/\/chimiver.com\/wp-content\/uploads\/2022\/06\/Chimiver_500x500.jpg\",\"contentUrl\":\"https:\/\/chimiver.com\/wp-content\/uploads\/2022\/06\/Chimiver_500x500.jpg\",\"width\":500,\"height\":500,\"caption\":\"Chimiver\"},\"image\":{\"@id\":\"https:\/\/chimiver.com\/fr\/#\/schema\/logo\/image\/\"},\"sameAs\":[\"https:\/\/www.facebook.com\/chimiver\"]}]}<\/script>\n<!-- \/ Yoast SEO plugin. -->","yoast_head_json":{"title":"OIL WOOD TRAFFIK A SPALMA HV - Chimiver Industrie, Vernis \u00e0 base de solvant, Vernis oleur\u00e9thanes","description":"Scopri OIL WOOD TRAFFIK A SPALMA HV Industrie, Vernis \u00e0 base de solvant, Vernis oleur\u00e9thanes. Dal 1965 Chimiver \u00e8 leader nel mercato dei prodotti per incollaggio, trattamento e manutenzione dei pavimenti.","robots":{"index":"index","follow":"follow","max-snippet":"max-snippet:-1","max-image-preview":"max-image-preview:large","max-video-preview":"max-video-preview:-1"},"canonical":"https:\/\/chimiver.com\/fr\/prodotto\/oil-wood-traffik-a-spalma-hv\/","og_locale":"fr_FR","og_type":"article","og_title":"OIL WOOD TRAFFIK A SPALMA HV - Chimiver Industrie, Vernis \u00e0 base de solvant, Vernis oleur\u00e9thanes","og_description":"Scopri OIL WOOD TRAFFIK A SPALMA HV Industrie, Vernis \u00e0 base de solvant, Vernis oleur\u00e9thanes. Dal 1965 Chimiver \u00e8 leader nel mercato dei prodotti per incollaggio, trattamento e manutenzione dei pavimenti.","og_url":"https:\/\/chimiver.com\/fr\/prodotto\/oil-wood-traffik-a-spalma-hv\/","og_site_name":"Chimiver","article_publisher":"https:\/\/www.facebook.com\/chimiver","article_modified_time":"2024-04-08T09:22:05+00:00","og_image":[{"width":640,"height":640,"url":"https:\/\/chimiver.com\/wp-content\/uploads\/2024\/03\/LATTA-SOLVENTE-25-INDUSTRIA.jpg","type":"image\/jpeg"}],"twitter_card":"summary_large_image","twitter_misc":{"Dur\u00e9e de lecture estim\u00e9e":"1 minute"},"schema":{"@context":"https:\/\/schema.org","@graph":[{"@type":"WebPage","@id":"https:\/\/chimiver.com\/fr\/prodotto\/oil-wood-traffik-a-spalma-hv\/","url":"https:\/\/chimiver.com\/fr\/prodotto\/oil-wood-traffik-a-spalma-hv\/","name":"OIL WOOD TRAFFIK A SPALMA HV - Chimiver Industrie, Vernis \u00e0 base de solvant, Vernis oleur\u00e9thanes","isPartOf":{"@id":"https:\/\/chimiver.com\/fr\/#website"},"primaryImageOfPage":{"@id":"https:\/\/chimiver.com\/fr\/prodotto\/oil-wood-traffik-a-spalma-hv\/#primaryimage"},"image":{"@id":"https:\/\/chimiver.com\/fr\/prodotto\/oil-wood-traffik-a-spalma-hv\/#primaryimage"},"thumbnailUrl":"https:\/\/chimiver.com\/wp-content\/uploads\/2024\/03\/LATTA-SOLVENTE-25-INDUSTRIA.jpg","datePublished":"2022-03-11T08:01:34+00:00","dateModified":"2024-04-08T09:22:05+00:00","description":"Scopri OIL WOOD TRAFFIK A SPALMA HV Industrie, Vernis \u00e0 base de solvant, Vernis oleur\u00e9thanes. Dal 1965 Chimiver \u00e8 leader nel mercato dei prodotti per incollaggio, trattamento e manutenzione dei pavimenti.","breadcrumb":{"@id":"https:\/\/chimiver.com\/fr\/prodotto\/oil-wood-traffik-a-spalma-hv\/#breadcrumb"},"inLanguage":"fr-FR","potentialAction":[{"@type":"ReadAction","target":["https:\/\/chimiver.com\/fr\/prodotto\/oil-wood-traffik-a-spalma-hv\/"]}]},{"@type":"ImageObject","inLanguage":"fr-FR","@id":"https:\/\/chimiver.com\/fr\/prodotto\/oil-wood-traffik-a-spalma-hv\/#primaryimage","url":"https:\/\/chimiver.com\/wp-content\/uploads\/2024\/03\/LATTA-SOLVENTE-25-INDUSTRIA.jpg","contentUrl":"https:\/\/chimiver.com\/wp-content\/uploads\/2024\/03\/LATTA-SOLVENTE-25-INDUSTRIA.jpg","width":640,"height":640},{"@type":"BreadcrumbList","@id":"https:\/\/chimiver.com\/fr\/prodotto\/oil-wood-traffik-a-spalma-hv\/#breadcrumb","itemListElement":[{"@type":"ListItem","position":1,"name":"Home","item":"https:\/\/chimiver.com\/fr\/"},{"@type":"ListItem","position":2,"name":"Shop","item":"https:\/\/chimiver.com\/?page_id=10"},{"@type":"ListItem","position":3,"name":"OIL WOOD TRAFFIK A SPALMA HV"}]},{"@type":"WebSite","@id":"https:\/\/chimiver.com\/fr\/#website","url":"https:\/\/chimiver.com\/fr\/","name":"Chimiver, Your floors partner","description":"Your floors partner","publisher":{"@id":"https:\/\/chimiver.com\/fr\/#organization"},"alternateName":"Chimiver","potentialAction":[{"@type":"SearchAction","target":{"@type":"EntryPoint","urlTemplate":"https:\/\/chimiver.com\/fr\/?s={search_term_string}"},"query-input":{"@type":"PropertyValueSpecification","valueRequired":true,"valueName":"search_term_string"}}],"inLanguage":"fr-FR"},{"@type":"Organization","@id":"https:\/\/chimiver.com\/fr\/#organization","name":"Chimiver","url":"https:\/\/chimiver.com\/fr\/","logo":{"@type":"ImageObject","inLanguage":"fr-FR","@id":"https:\/\/chimiver.com\/fr\/#\/schema\/logo\/image\/","url":"https:\/\/chimiver.com\/wp-content\/uploads\/2022\/06\/Chimiver_500x500.jpg","contentUrl":"https:\/\/chimiver.com\/wp-content\/uploads\/2022\/06\/Chimiver_500x500.jpg","width":500,"height":500,"caption":"Chimiver"},"image":{"@id":"https:\/\/chimiver.com\/fr\/#\/schema\/logo\/image\/"},"sameAs":["https:\/\/www.facebook.com\/chimiver"]}]}},"_links":{"self":[{"href":"https:\/\/chimiver.com\/fr\/wp-json\/wp\/v2\/product\/15275","targetHints":{"allow":["GET"]}}],"collection":[{"href":"https:\/\/chimiver.com\/fr\/wp-json\/wp\/v2\/product"}],"about":[{"href":"https:\/\/chimiver.com\/fr\/wp-json\/wp\/v2\/types\/product"}],"replies":[{"embeddable":true,"href":"https:\/\/chimiver.com\/fr\/wp-json\/wp\/v2\/comments?post=15275"}],"wp:featuredmedia":[{"embeddable":true,"href":"https:\/\/chimiver.com\/fr\/wp-json\/wp\/v2\/media\/18262"}],"wp:attachment":[{"href":"https:\/\/chimiver.com\/fr\/wp-json\/wp\/v2\/media?parent=15275"}],"wp:term":[{"taxonomy":"product_brand","embeddable":true,"href":"https:\/\/chimiver.com\/fr\/wp-json\/wp\/v2\/product_brand?post=15275"},{"taxonomy":"product_cat","embeddable":true,"href":"https:\/\/chimiver.com\/fr\/wp-json\/wp\/v2\/product_cat?post=15275"},{"taxonomy":"product_tag","embeddable":true,"href":"https:\/\/chimiver.com\/fr\/wp-json\/wp\/v2\/product_tag?post=15275"}],"curies":[{"name":"wp","href":"https:\/\/api.w.org\/{rel}","templated":true}]}}