{"id":15308,"date":"2022-03-14T16:26:42","date_gmt":"2022-03-14T15:26:42","guid":{"rendered":"https:\/\/chimiver.com\/prodotto\/ecorapid-industry\/"},"modified":"2024-04-05T14:25:13","modified_gmt":"2024-04-05T12:25:13","slug":"ecorapid-industry","status":"publish","type":"product","link":"https:\/\/chimiver.com\/fr\/prodotto\/ecorapid-industry\/","title":{"rendered":"ECORAPID INDUSTRY"},"content":{"rendered":"<p>Appr\u00eat \u00e0 base d&rsquo;eau acryliquepolyur\u00e9thane monocomposant\/bi-composant \u00e0 usage industriel, sp\u00e9cifique pour la premi\u00e8re couche de cycles de laque pour sols et produits en bois; poss\u00e8de d&rsquo;excellentes caract\u00e9ristiques physico-chimiques telles que : r\u00e9sidus secs \u00e9lev\u00e9s et transparence, S\u00e9chage rapide, facile \u00e0 poncer.<\/p>\n","protected":false},"excerpt":{"rendered":"Primaire en acrylique-polyur\u00e9thane monocomposant\/bi-composant avec s\u00e9chage tr\u00e8s rapide pour planchers en bois","protected":false},"featured_media":9158,"comment_status":"open","ping_status":"closed","template":"","meta":{"_acf_changed":false,"inline_featured_image":false},"product_brand":[],"product_cat":[835,841,842],"product_tag":[],"class_list":{"0":"post-15308","1":"product","2":"type-product","3":"status-publish","4":"has-post-thumbnail","6":"product_cat-industrie","7":"product_cat-vernis-base-eau","8":"product_cat-vernis-a-base-eau","10":"first","11":"instock","12":"shipping-taxable","13":"product-type-simple","14":"add-to-wishlist-after_add_to_cart"},"acf":[],"yoast_head":"<!-- This site is optimized with the Yoast SEO plugin v26.2 - https:\/\/yoast.com\/wordpress\/plugins\/seo\/ -->\n<title>ECORAPID INDUSTRY - Chimiver Industrie, Vernis base eau, Vernis \u00e0 base eau<\/title>\n<meta name=\"description\" content=\"Scopri ECORAPID INDUSTRY Industrie, Vernis base eau, Vernis \u00e0 base eau. Dal 1965 Chimiver \u00e8 leader nel mercato dei prodotti per incollaggio, trattamento e manutenzione dei pavimenti.\" \/>\n<meta name=\"robots\" content=\"index, follow, max-snippet:-1, max-image-preview:large, max-video-preview:-1\" \/>\n<link rel=\"canonical\" href=\"https:\/\/chimiver.com\/fr\/prodotto\/ecorapid-industry\/\" \/>\n<meta property=\"og:locale\" content=\"fr_FR\" \/>\n<meta property=\"og:type\" content=\"article\" \/>\n<meta property=\"og:title\" content=\"ECORAPID INDUSTRY - Chimiver Industrie, Vernis base eau, Vernis \u00e0 base eau\" \/>\n<meta property=\"og:description\" content=\"Scopri ECORAPID INDUSTRY Industrie, Vernis base eau, Vernis \u00e0 base eau. Dal 1965 Chimiver \u00e8 leader nel mercato dei prodotti per incollaggio, trattamento e manutenzione dei pavimenti.\" \/>\n<meta property=\"og:url\" content=\"https:\/\/chimiver.com\/fr\/prodotto\/ecorapid-industry\/\" \/>\n<meta property=\"og:site_name\" content=\"Chimiver\" \/>\n<meta property=\"article:publisher\" content=\"https:\/\/www.facebook.com\/chimiver\" \/>\n<meta property=\"article:modified_time\" content=\"2024-04-05T12:25:13+00:00\" \/>\n<meta property=\"og:image\" content=\"https:\/\/chimiver.com\/wp-content\/uploads\/2022\/03\/LATTA-BLU-INDUSTRIA-1.jpg\" \/>\n\t<meta property=\"og:image:width\" content=\"640\" \/>\n\t<meta property=\"og:image:height\" content=\"640\" \/>\n\t<meta property=\"og:image:type\" content=\"image\/jpeg\" \/>\n<meta name=\"twitter:card\" content=\"summary_large_image\" \/>\n<meta name=\"twitter:label1\" content=\"Dur\u00e9e de lecture estim\u00e9e\" \/>\n\t<meta name=\"twitter:data1\" content=\"1 minute\" \/>\n<script type=\"application\/ld+json\" class=\"yoast-schema-graph\">{\"@context\":\"https:\/\/schema.org\",\"@graph\":[{\"@type\":[\"WebPage\",\"ItemPage\"],\"@id\":\"https:\/\/chimiver.com\/fr\/prodotto\/ecorapid-industry\/\",\"url\":\"https:\/\/chimiver.com\/fr\/prodotto\/ecorapid-industry\/\",\"name\":\"ECORAPID INDUSTRY - Chimiver Industrie, Vernis base eau, Vernis \u00e0 base eau\",\"isPartOf\":{\"@id\":\"https:\/\/chimiver.com\/fr\/#website\"},\"primaryImageOfPage\":{\"@id\":\"https:\/\/chimiver.com\/fr\/prodotto\/ecorapid-industry\/#primaryimage\"},\"image\":{\"@id\":\"https:\/\/chimiver.com\/fr\/prodotto\/ecorapid-industry\/#primaryimage\"},\"thumbnailUrl\":\"https:\/\/chimiver.com\/wp-content\/uploads\/2022\/03\/LATTA-BLU-INDUSTRIA-1.jpg\",\"datePublished\":\"2022-03-14T15:26:42+00:00\",\"dateModified\":\"2024-04-05T12:25:13+00:00\",\"description\":\"Scopri ECORAPID INDUSTRY Industrie, Vernis base eau, Vernis \u00e0 base eau. Dal 1965 Chimiver \u00e8 leader nel mercato dei prodotti per incollaggio, trattamento e manutenzione dei pavimenti.\",\"breadcrumb\":{\"@id\":\"https:\/\/chimiver.com\/fr\/prodotto\/ecorapid-industry\/#breadcrumb\"},\"inLanguage\":\"fr-FR\",\"potentialAction\":[{\"@type\":\"ReadAction\",\"target\":[\"https:\/\/chimiver.com\/fr\/prodotto\/ecorapid-industry\/\"]}]},{\"@type\":\"ImageObject\",\"inLanguage\":\"fr-FR\",\"@id\":\"https:\/\/chimiver.com\/fr\/prodotto\/ecorapid-industry\/#primaryimage\",\"url\":\"https:\/\/chimiver.com\/wp-content\/uploads\/2022\/03\/LATTA-BLU-INDUSTRIA-1.jpg\",\"contentUrl\":\"https:\/\/chimiver.com\/wp-content\/uploads\/2022\/03\/LATTA-BLU-INDUSTRIA-1.jpg\",\"width\":640,\"height\":640,\"caption\":\"Latta Chimiver 25 Acqua\"},{\"@type\":\"BreadcrumbList\",\"@id\":\"https:\/\/chimiver.com\/fr\/prodotto\/ecorapid-industry\/#breadcrumb\",\"itemListElement\":[{\"@type\":\"ListItem\",\"position\":1,\"name\":\"Home\",\"item\":\"https:\/\/chimiver.com\/fr\/\"},{\"@type\":\"ListItem\",\"position\":2,\"name\":\"Shop\",\"item\":\"https:\/\/chimiver.com\/?page_id=10\"},{\"@type\":\"ListItem\",\"position\":3,\"name\":\"ECORAPID INDUSTRY\"}]},{\"@type\":\"WebSite\",\"@id\":\"https:\/\/chimiver.com\/fr\/#website\",\"url\":\"https:\/\/chimiver.com\/fr\/\",\"name\":\"Chimiver, Your floors partner\",\"description\":\"Chimiver Panseri S.p.A. produce adesivi, vernici, oli e detergenti professionali per tutti i tipi di pavimenti: parquet, resilienti, resina, erba sintetica e decking.\",\"publisher\":{\"@id\":\"https:\/\/chimiver.com\/fr\/#organization\"},\"alternateName\":\"Chimiver\",\"potentialAction\":[{\"@type\":\"SearchAction\",\"target\":{\"@type\":\"EntryPoint\",\"urlTemplate\":\"https:\/\/chimiver.com\/fr\/?s={search_term_string}\"},\"query-input\":{\"@type\":\"PropertyValueSpecification\",\"valueRequired\":true,\"valueName\":\"search_term_string\"}}],\"inLanguage\":[\"it\",\"en\",\"es\",\"fr\"]},{\"@type\":\"Organization\",\"@id\":\"https:\/\/chimiver.com\/fr\/#organization\",\"name\":\"CHIMIVER PANSERI S.p.A.\",\"alternateName\":\"CHIMIVER\",\"url\":\"https:\/\/chimiver.com\/fr\/\",\"logo\":{\"@type\":\"ImageObject\",\"inLanguage\":\"fr-FR\",\"@id\":\"https:\/\/chimiver.com\/fr\/#\/schema\/logo\/image\/\",\"url\":\"https:\/\/chimiver.com\/wp-content\/uploads\/2022\/06\/Chimiver_500x500.jpg\",\"contentUrl\":\"https:\/\/chimiver.com\/wp-content\/uploads\/2022\/06\/Chimiver_500x500.jpg\",\"width\":500,\"height\":500,\"caption\":\"CHIMIVER PANSERI S.p.A.\"},\"image\":{\"@id\":\"https:\/\/chimiver.com\/fr\/#\/schema\/logo\/image\/\"},\"sameAs\":[\"https:\/\/www.facebook.com\/chimiver\",\"https:\/\/www.linkedin.com\/company\/chimiver-panseri-s.p.a.\",\"https:\/\/www.youtube.com\/user\/ChimiverChannel\/videos\",\"https:\/\/amzn.to\/2Kz2H8b\",\"https:\/\/www.instagram.com\/chimiver\"]}]}<\/script>\n<!-- \/ Yoast SEO plugin. -->","yoast_head_json":{"title":"ECORAPID INDUSTRY - Chimiver Industrie, Vernis base eau, Vernis \u00e0 base eau","description":"Scopri ECORAPID INDUSTRY Industrie, Vernis base eau, Vernis \u00e0 base eau. Dal 1965 Chimiver \u00e8 leader nel mercato dei prodotti per incollaggio, trattamento e manutenzione dei pavimenti.","robots":{"index":"index","follow":"follow","max-snippet":"max-snippet:-1","max-image-preview":"max-image-preview:large","max-video-preview":"max-video-preview:-1"},"canonical":"https:\/\/chimiver.com\/fr\/prodotto\/ecorapid-industry\/","og_locale":"fr_FR","og_type":"article","og_title":"ECORAPID INDUSTRY - Chimiver Industrie, Vernis base eau, Vernis \u00e0 base eau","og_description":"Scopri ECORAPID INDUSTRY Industrie, Vernis base eau, Vernis \u00e0 base eau. Dal 1965 Chimiver \u00e8 leader nel mercato dei prodotti per incollaggio, trattamento e manutenzione dei pavimenti.","og_url":"https:\/\/chimiver.com\/fr\/prodotto\/ecorapid-industry\/","og_site_name":"Chimiver","article_publisher":"https:\/\/www.facebook.com\/chimiver","article_modified_time":"2024-04-05T12:25:13+00:00","og_image":[{"width":640,"height":640,"url":"https:\/\/chimiver.com\/wp-content\/uploads\/2022\/03\/LATTA-BLU-INDUSTRIA-1.jpg","type":"image\/jpeg"}],"twitter_card":"summary_large_image","twitter_misc":{"Dur\u00e9e de lecture estim\u00e9e":"1 minute"},"schema":{"@context":"https:\/\/schema.org","@graph":[{"@type":["WebPage","ItemPage"],"@id":"https:\/\/chimiver.com\/fr\/prodotto\/ecorapid-industry\/","url":"https:\/\/chimiver.com\/fr\/prodotto\/ecorapid-industry\/","name":"ECORAPID INDUSTRY - Chimiver Industrie, Vernis base eau, Vernis \u00e0 base eau","isPartOf":{"@id":"https:\/\/chimiver.com\/fr\/#website"},"primaryImageOfPage":{"@id":"https:\/\/chimiver.com\/fr\/prodotto\/ecorapid-industry\/#primaryimage"},"image":{"@id":"https:\/\/chimiver.com\/fr\/prodotto\/ecorapid-industry\/#primaryimage"},"thumbnailUrl":"https:\/\/chimiver.com\/wp-content\/uploads\/2022\/03\/LATTA-BLU-INDUSTRIA-1.jpg","datePublished":"2022-03-14T15:26:42+00:00","dateModified":"2024-04-05T12:25:13+00:00","description":"Scopri ECORAPID INDUSTRY Industrie, Vernis base eau, Vernis \u00e0 base eau. Dal 1965 Chimiver \u00e8 leader nel mercato dei prodotti per incollaggio, trattamento e manutenzione dei pavimenti.","breadcrumb":{"@id":"https:\/\/chimiver.com\/fr\/prodotto\/ecorapid-industry\/#breadcrumb"},"inLanguage":"fr-FR","potentialAction":[{"@type":"ReadAction","target":["https:\/\/chimiver.com\/fr\/prodotto\/ecorapid-industry\/"]}]},{"@type":"ImageObject","inLanguage":"fr-FR","@id":"https:\/\/chimiver.com\/fr\/prodotto\/ecorapid-industry\/#primaryimage","url":"https:\/\/chimiver.com\/wp-content\/uploads\/2022\/03\/LATTA-BLU-INDUSTRIA-1.jpg","contentUrl":"https:\/\/chimiver.com\/wp-content\/uploads\/2022\/03\/LATTA-BLU-INDUSTRIA-1.jpg","width":640,"height":640,"caption":"Latta Chimiver 25 Acqua"},{"@type":"BreadcrumbList","@id":"https:\/\/chimiver.com\/fr\/prodotto\/ecorapid-industry\/#breadcrumb","itemListElement":[{"@type":"ListItem","position":1,"name":"Home","item":"https:\/\/chimiver.com\/fr\/"},{"@type":"ListItem","position":2,"name":"Shop","item":"https:\/\/chimiver.com\/?page_id=10"},{"@type":"ListItem","position":3,"name":"ECORAPID INDUSTRY"}]},{"@type":"WebSite","@id":"https:\/\/chimiver.com\/fr\/#website","url":"https:\/\/chimiver.com\/fr\/","name":"Chimiver, Your floors partner","description":"Chimiver Panseri S.p.A. produce adesivi, vernici, oli e detergenti professionali per tutti i tipi di pavimenti: parquet, resilienti, resina, erba sintetica e decking.","publisher":{"@id":"https:\/\/chimiver.com\/fr\/#organization"},"alternateName":"Chimiver","potentialAction":[{"@type":"SearchAction","target":{"@type":"EntryPoint","urlTemplate":"https:\/\/chimiver.com\/fr\/?s={search_term_string}"},"query-input":{"@type":"PropertyValueSpecification","valueRequired":true,"valueName":"search_term_string"}}],"inLanguage":["it","en","es","fr"]},{"@type":"Organization","@id":"https:\/\/chimiver.com\/fr\/#organization","name":"CHIMIVER PANSERI S.p.A.","alternateName":"CHIMIVER","url":"https:\/\/chimiver.com\/fr\/","logo":{"@type":"ImageObject","inLanguage":"fr-FR","@id":"https:\/\/chimiver.com\/fr\/#\/schema\/logo\/image\/","url":"https:\/\/chimiver.com\/wp-content\/uploads\/2022\/06\/Chimiver_500x500.jpg","contentUrl":"https:\/\/chimiver.com\/wp-content\/uploads\/2022\/06\/Chimiver_500x500.jpg","width":500,"height":500,"caption":"CHIMIVER PANSERI S.p.A."},"image":{"@id":"https:\/\/chimiver.com\/fr\/#\/schema\/logo\/image\/"},"sameAs":["https:\/\/www.facebook.com\/chimiver","https:\/\/www.linkedin.com\/company\/chimiver-panseri-s.p.a.","https:\/\/www.youtube.com\/user\/ChimiverChannel\/videos","https:\/\/amzn.to\/2Kz2H8b","https:\/\/www.instagram.com\/chimiver"]}]}},"_links":{"self":[{"href":"https:\/\/chimiver.com\/fr\/wp-json\/wp\/v2\/product\/15308","targetHints":{"allow":["GET"]}}],"collection":[{"href":"https:\/\/chimiver.com\/fr\/wp-json\/wp\/v2\/product"}],"about":[{"href":"https:\/\/chimiver.com\/fr\/wp-json\/wp\/v2\/types\/product"}],"replies":[{"embeddable":true,"href":"https:\/\/chimiver.com\/fr\/wp-json\/wp\/v2\/comments?post=15308"}],"wp:featuredmedia":[{"embeddable":true,"href":"https:\/\/chimiver.com\/fr\/wp-json\/wp\/v2\/media\/9158"}],"wp:attachment":[{"href":"https:\/\/chimiver.com\/fr\/wp-json\/wp\/v2\/media?parent=15308"}],"wp:term":[{"taxonomy":"product_brand","embeddable":true,"href":"https:\/\/chimiver.com\/fr\/wp-json\/wp\/v2\/product_brand?post=15308"},{"taxonomy":"product_cat","embeddable":true,"href":"https:\/\/chimiver.com\/fr\/wp-json\/wp\/v2\/product_cat?post=15308"},{"taxonomy":"product_tag","embeddable":true,"href":"https:\/\/chimiver.com\/fr\/wp-json\/wp\/v2\/product_tag?post=15308"}],"curies":[{"name":"wp","href":"https:\/\/api.w.org\/{rel}","templated":true}]}}