{"id":15426,"date":"2022-03-16T14:56:54","date_gmt":"2022-03-16T13:56:54","guid":{"rendered":"https:\/\/chimiver.com\/prodotto\/attivatore-west-barrique\/"},"modified":"2025-07-28T15:03:06","modified_gmt":"2025-07-28T13:03:06","slug":"attivatore-west-barrique","status":"publish","type":"product","link":"https:\/\/chimiver.com\/fr\/prodotto\/attivatore-west-barrique\/","title":{"rendered":"ATTIVATORE WEST BARRIQUE"},"content":{"rendered":"<p>Solution \u00e0 base d&rsquo;eau, sans colorant ni pigment, recommand\u00e9e pour intensifier et modifier la couleur des bois de r\u00e9sine ou de tanin, en r\u00e9agissant avec les substances contenues sans recouvrir la flamme et le motif du bois. Donne au bois trait\u00e9 une coloration rose rouge\u00e2tre.<\/p>\n","protected":false},"excerpt":{"rendered":"Activateur pour intensifier l&rsquo;effet vintage des bois &#8211; OLD WEST","protected":false},"featured_media":9952,"comment_status":"open","ping_status":"closed","template":"","meta":{"_acf_changed":false,"inline_featured_image":false},"product_brand":[],"product_cat":[835,857],"product_tag":[],"class_list":{"0":"post-15426","1":"product","2":"type-product","3":"status-publish","4":"has-post-thumbnail","6":"product_cat-industrie","7":"product_cat-old-west-fr","9":"first","10":"instock","11":"shipping-taxable","12":"product-type-simple","13":"add-to-wishlist-after_add_to_cart"},"acf":[],"yoast_head":"<!-- This site is optimized with the Yoast SEO plugin v26.2 - https:\/\/yoast.com\/wordpress\/plugins\/seo\/ -->\n<title>Activateur pour bois - ATTIVATORE WEST BARRIQUE<\/title>\n<meta name=\"description\" content=\"D\u00e9couvrirATTIVATORE WEST BARRIQUE . Activateur pour intensifier l&#039;effet vintage des bois - OLD WEST. Donne au bois trait\u00e9 une coloration rose rouge\u00e2tre.\" \/>\n<meta name=\"robots\" content=\"index, follow, max-snippet:-1, max-image-preview:large, max-video-preview:-1\" \/>\n<link rel=\"canonical\" href=\"https:\/\/chimiver.com\/fr\/prodotto\/attivatore-west-barrique\/\" \/>\n<meta property=\"og:locale\" content=\"fr_FR\" \/>\n<meta property=\"og:type\" content=\"article\" \/>\n<meta property=\"og:title\" content=\"Activateur pour bois - ATTIVATORE WEST BARRIQUE\" \/>\n<meta property=\"og:description\" content=\"D\u00e9couvrirATTIVATORE WEST BARRIQUE . Activateur pour intensifier l&#039;effet vintage des bois - OLD WEST. Donne au bois trait\u00e9 une coloration rose rouge\u00e2tre.\" \/>\n<meta property=\"og:url\" content=\"https:\/\/chimiver.com\/fr\/prodotto\/attivatore-west-barrique\/\" \/>\n<meta property=\"og:site_name\" content=\"Chimiver\" \/>\n<meta property=\"article:publisher\" content=\"https:\/\/www.facebook.com\/chimiver\" \/>\n<meta property=\"article:modified_time\" content=\"2025-07-28T13:03:06+00:00\" \/>\n<meta property=\"og:image\" content=\"https:\/\/chimiver.com\/wp-content\/uploads\/2022\/03\/Attivatore-West-Barrique_5L-1.jpg\" \/>\n\t<meta property=\"og:image:width\" content=\"640\" \/>\n\t<meta property=\"og:image:height\" content=\"640\" \/>\n\t<meta property=\"og:image:type\" content=\"image\/jpeg\" \/>\n<meta name=\"twitter:card\" content=\"summary_large_image\" \/>\n<meta name=\"twitter:label1\" content=\"Dur\u00e9e de lecture estim\u00e9e\" \/>\n\t<meta name=\"twitter:data1\" content=\"1 minute\" \/>\n<script type=\"application\/ld+json\" class=\"yoast-schema-graph\">{\"@context\":\"https:\/\/schema.org\",\"@graph\":[{\"@type\":\"WebPage\",\"@id\":\"https:\/\/chimiver.com\/fr\/prodotto\/attivatore-west-barrique\/\",\"url\":\"https:\/\/chimiver.com\/fr\/prodotto\/attivatore-west-barrique\/\",\"name\":\"Activateur pour bois - ATTIVATORE WEST BARRIQUE\",\"isPartOf\":{\"@id\":\"https:\/\/chimiver.com\/fr\/#website\"},\"primaryImageOfPage\":{\"@id\":\"https:\/\/chimiver.com\/fr\/prodotto\/attivatore-west-barrique\/#primaryimage\"},\"image\":{\"@id\":\"https:\/\/chimiver.com\/fr\/prodotto\/attivatore-west-barrique\/#primaryimage\"},\"thumbnailUrl\":\"https:\/\/chimiver.com\/wp-content\/uploads\/2022\/03\/Attivatore-West-Barrique_5L-1.jpg\",\"datePublished\":\"2022-03-16T13:56:54+00:00\",\"dateModified\":\"2025-07-28T13:03:06+00:00\",\"description\":\"D\u00e9couvrirATTIVATORE WEST BARRIQUE . Activateur pour intensifier l'effet vintage des bois - OLD WEST. Donne au bois trait\u00e9 une coloration rose rouge\u00e2tre.\",\"breadcrumb\":{\"@id\":\"https:\/\/chimiver.com\/fr\/prodotto\/attivatore-west-barrique\/#breadcrumb\"},\"inLanguage\":\"fr-FR\",\"potentialAction\":[{\"@type\":\"ReadAction\",\"target\":[\"https:\/\/chimiver.com\/fr\/prodotto\/attivatore-west-barrique\/\"]}]},{\"@type\":\"ImageObject\",\"inLanguage\":\"fr-FR\",\"@id\":\"https:\/\/chimiver.com\/fr\/prodotto\/attivatore-west-barrique\/#primaryimage\",\"url\":\"https:\/\/chimiver.com\/wp-content\/uploads\/2022\/03\/Attivatore-West-Barrique_5L-1.jpg\",\"contentUrl\":\"https:\/\/chimiver.com\/wp-content\/uploads\/2022\/03\/Attivatore-West-Barrique_5L-1.jpg\",\"width\":640,\"height\":640,\"caption\":\"Attivatore West Barrique_5L\"},{\"@type\":\"BreadcrumbList\",\"@id\":\"https:\/\/chimiver.com\/fr\/prodotto\/attivatore-west-barrique\/#breadcrumb\",\"itemListElement\":[{\"@type\":\"ListItem\",\"position\":1,\"name\":\"Home\",\"item\":\"https:\/\/chimiver.com\/fr\/\"},{\"@type\":\"ListItem\",\"position\":2,\"name\":\"Shop\",\"item\":\"https:\/\/chimiver.com\/?page_id=10\"},{\"@type\":\"ListItem\",\"position\":3,\"name\":\"ATTIVATORE WEST BARRIQUE\"}]},{\"@type\":\"WebSite\",\"@id\":\"https:\/\/chimiver.com\/fr\/#website\",\"url\":\"https:\/\/chimiver.com\/fr\/\",\"name\":\"Chimiver, Your floors partner\",\"description\":\"Your floors partner\",\"publisher\":{\"@id\":\"https:\/\/chimiver.com\/fr\/#organization\"},\"alternateName\":\"Chimiver\",\"potentialAction\":[{\"@type\":\"SearchAction\",\"target\":{\"@type\":\"EntryPoint\",\"urlTemplate\":\"https:\/\/chimiver.com\/fr\/?s={search_term_string}\"},\"query-input\":{\"@type\":\"PropertyValueSpecification\",\"valueRequired\":true,\"valueName\":\"search_term_string\"}}],\"inLanguage\":\"fr-FR\"},{\"@type\":\"Organization\",\"@id\":\"https:\/\/chimiver.com\/fr\/#organization\",\"name\":\"Chimiver\",\"url\":\"https:\/\/chimiver.com\/fr\/\",\"logo\":{\"@type\":\"ImageObject\",\"inLanguage\":\"fr-FR\",\"@id\":\"https:\/\/chimiver.com\/fr\/#\/schema\/logo\/image\/\",\"url\":\"https:\/\/chimiver.com\/wp-content\/uploads\/2022\/06\/Chimiver_500x500.jpg\",\"contentUrl\":\"https:\/\/chimiver.com\/wp-content\/uploads\/2022\/06\/Chimiver_500x500.jpg\",\"width\":500,\"height\":500,\"caption\":\"Chimiver\"},\"image\":{\"@id\":\"https:\/\/chimiver.com\/fr\/#\/schema\/logo\/image\/\"},\"sameAs\":[\"https:\/\/www.facebook.com\/chimiver\"]}]}<\/script>\n<!-- \/ Yoast SEO plugin. -->","yoast_head_json":{"title":"Activateur pour bois - ATTIVATORE WEST BARRIQUE","description":"D\u00e9couvrirATTIVATORE WEST BARRIQUE . Activateur pour intensifier l'effet vintage des bois - OLD WEST. Donne au bois trait\u00e9 une coloration rose rouge\u00e2tre.","robots":{"index":"index","follow":"follow","max-snippet":"max-snippet:-1","max-image-preview":"max-image-preview:large","max-video-preview":"max-video-preview:-1"},"canonical":"https:\/\/chimiver.com\/fr\/prodotto\/attivatore-west-barrique\/","og_locale":"fr_FR","og_type":"article","og_title":"Activateur pour bois - ATTIVATORE WEST BARRIQUE","og_description":"D\u00e9couvrirATTIVATORE WEST BARRIQUE . Activateur pour intensifier l'effet vintage des bois - OLD WEST. Donne au bois trait\u00e9 une coloration rose rouge\u00e2tre.","og_url":"https:\/\/chimiver.com\/fr\/prodotto\/attivatore-west-barrique\/","og_site_name":"Chimiver","article_publisher":"https:\/\/www.facebook.com\/chimiver","article_modified_time":"2025-07-28T13:03:06+00:00","og_image":[{"width":640,"height":640,"url":"https:\/\/chimiver.com\/wp-content\/uploads\/2022\/03\/Attivatore-West-Barrique_5L-1.jpg","type":"image\/jpeg"}],"twitter_card":"summary_large_image","twitter_misc":{"Dur\u00e9e de lecture estim\u00e9e":"1 minute"},"schema":{"@context":"https:\/\/schema.org","@graph":[{"@type":"WebPage","@id":"https:\/\/chimiver.com\/fr\/prodotto\/attivatore-west-barrique\/","url":"https:\/\/chimiver.com\/fr\/prodotto\/attivatore-west-barrique\/","name":"Activateur pour bois - ATTIVATORE WEST BARRIQUE","isPartOf":{"@id":"https:\/\/chimiver.com\/fr\/#website"},"primaryImageOfPage":{"@id":"https:\/\/chimiver.com\/fr\/prodotto\/attivatore-west-barrique\/#primaryimage"},"image":{"@id":"https:\/\/chimiver.com\/fr\/prodotto\/attivatore-west-barrique\/#primaryimage"},"thumbnailUrl":"https:\/\/chimiver.com\/wp-content\/uploads\/2022\/03\/Attivatore-West-Barrique_5L-1.jpg","datePublished":"2022-03-16T13:56:54+00:00","dateModified":"2025-07-28T13:03:06+00:00","description":"D\u00e9couvrirATTIVATORE WEST BARRIQUE . Activateur pour intensifier l'effet vintage des bois - OLD WEST. Donne au bois trait\u00e9 une coloration rose rouge\u00e2tre.","breadcrumb":{"@id":"https:\/\/chimiver.com\/fr\/prodotto\/attivatore-west-barrique\/#breadcrumb"},"inLanguage":"fr-FR","potentialAction":[{"@type":"ReadAction","target":["https:\/\/chimiver.com\/fr\/prodotto\/attivatore-west-barrique\/"]}]},{"@type":"ImageObject","inLanguage":"fr-FR","@id":"https:\/\/chimiver.com\/fr\/prodotto\/attivatore-west-barrique\/#primaryimage","url":"https:\/\/chimiver.com\/wp-content\/uploads\/2022\/03\/Attivatore-West-Barrique_5L-1.jpg","contentUrl":"https:\/\/chimiver.com\/wp-content\/uploads\/2022\/03\/Attivatore-West-Barrique_5L-1.jpg","width":640,"height":640,"caption":"Attivatore West Barrique_5L"},{"@type":"BreadcrumbList","@id":"https:\/\/chimiver.com\/fr\/prodotto\/attivatore-west-barrique\/#breadcrumb","itemListElement":[{"@type":"ListItem","position":1,"name":"Home","item":"https:\/\/chimiver.com\/fr\/"},{"@type":"ListItem","position":2,"name":"Shop","item":"https:\/\/chimiver.com\/?page_id=10"},{"@type":"ListItem","position":3,"name":"ATTIVATORE WEST BARRIQUE"}]},{"@type":"WebSite","@id":"https:\/\/chimiver.com\/fr\/#website","url":"https:\/\/chimiver.com\/fr\/","name":"Chimiver, Your floors partner","description":"Your floors partner","publisher":{"@id":"https:\/\/chimiver.com\/fr\/#organization"},"alternateName":"Chimiver","potentialAction":[{"@type":"SearchAction","target":{"@type":"EntryPoint","urlTemplate":"https:\/\/chimiver.com\/fr\/?s={search_term_string}"},"query-input":{"@type":"PropertyValueSpecification","valueRequired":true,"valueName":"search_term_string"}}],"inLanguage":"fr-FR"},{"@type":"Organization","@id":"https:\/\/chimiver.com\/fr\/#organization","name":"Chimiver","url":"https:\/\/chimiver.com\/fr\/","logo":{"@type":"ImageObject","inLanguage":"fr-FR","@id":"https:\/\/chimiver.com\/fr\/#\/schema\/logo\/image\/","url":"https:\/\/chimiver.com\/wp-content\/uploads\/2022\/06\/Chimiver_500x500.jpg","contentUrl":"https:\/\/chimiver.com\/wp-content\/uploads\/2022\/06\/Chimiver_500x500.jpg","width":500,"height":500,"caption":"Chimiver"},"image":{"@id":"https:\/\/chimiver.com\/fr\/#\/schema\/logo\/image\/"},"sameAs":["https:\/\/www.facebook.com\/chimiver"]}]}},"_links":{"self":[{"href":"https:\/\/chimiver.com\/fr\/wp-json\/wp\/v2\/product\/15426","targetHints":{"allow":["GET"]}}],"collection":[{"href":"https:\/\/chimiver.com\/fr\/wp-json\/wp\/v2\/product"}],"about":[{"href":"https:\/\/chimiver.com\/fr\/wp-json\/wp\/v2\/types\/product"}],"replies":[{"embeddable":true,"href":"https:\/\/chimiver.com\/fr\/wp-json\/wp\/v2\/comments?post=15426"}],"wp:featuredmedia":[{"embeddable":true,"href":"https:\/\/chimiver.com\/fr\/wp-json\/wp\/v2\/media\/9952"}],"wp:attachment":[{"href":"https:\/\/chimiver.com\/fr\/wp-json\/wp\/v2\/media?parent=15426"}],"wp:term":[{"taxonomy":"product_brand","embeddable":true,"href":"https:\/\/chimiver.com\/fr\/wp-json\/wp\/v2\/product_brand?post=15426"},{"taxonomy":"product_cat","embeddable":true,"href":"https:\/\/chimiver.com\/fr\/wp-json\/wp\/v2\/product_cat?post=15426"},{"taxonomy":"product_tag","embeddable":true,"href":"https:\/\/chimiver.com\/fr\/wp-json\/wp\/v2\/product_tag?post=15426"}],"curies":[{"name":"wp","href":"https:\/\/api.w.org\/{rel}","templated":true}]}}