{"id":15470,"date":"2022-03-16T17:06:50","date_gmt":"2022-03-16T16:06:50","guid":{"rendered":"https:\/\/chimiver.com\/prodotto\/dlc-0044-diluente-lenta-solventazione\/"},"modified":"2024-04-15T12:50:13","modified_gmt":"2024-04-15T10:50:13","slug":"dlc-0044-diluente-lenta-solventazione","status":"publish","type":"product","link":"https:\/\/chimiver.com\/fr\/prodotto\/dlc-0044-diluente-lenta-solventazione\/","title":{"rendered":"DLC-0044 DILUENTE LENTA SOLVENTAZIONE"},"content":{"rendered":"<p>Tr\u00e8s lent, \u00e0 utiliser dans les cas o\u00f9 une tr\u00e8s longue dur\u00e9e de maniabilit\u00e9 est n\u00e9cessaire. G\u00e9n\u00e9ralement utilis\u00e9 en combinaison avec d&rsquo;autres diluants. Peut \u00eatre utilis\u00e9 m\u00e9lang\u00e9 avec de l&rsquo;eau pour ralentir la vitesse de s\u00e9chage et augmenter la maniabilit\u00e9.<\/p>\n","protected":false},"excerpt":{"rendered":"Diluant \u00e0 peinture Chimiver","protected":false},"featured_media":18252,"comment_status":"open","ping_status":"closed","template":"","meta":{"_acf_changed":false,"inline_featured_image":false},"product_brand":[],"product_cat":[835,858,859,860,861],"product_tag":[],"class_list":{"0":"post-15470","1":"product","2":"type-product","3":"status-publish","4":"has-post-thumbnail","6":"product_cat-industrie","7":"product_cat-teintes","8":"product_cat-serie-cuc-concentres-universels-chimiver","9":"product_cat-serie-csc-concentres-solvant-chimiver","10":"product_cat-serie-cac-concentres-eau-chimiver","12":"first","13":"instock","14":"shipping-taxable","15":"product-type-simple","16":"add-to-wishlist-after_add_to_cart"},"acf":[],"yoast_head":"<!-- This site is optimized with the Yoast SEO plugin v26.2 - https:\/\/yoast.com\/wordpress\/plugins\/seo\/ -->\n<title>DLC-0044 DILUENTE LENTA SOLVENTAZIONE - Chimiver Industrie, Teintes, S\u00e9rie CUC (Concentr\u00e9s universels Chimiver), S\u00e9rie CSC (Concentr\u00e9s solvant Chimiver), S\u00e9rie CAC (Concentr\u00e9s eau Chimiver)<\/title>\n<meta name=\"description\" content=\"Scopri DLC-0044 DILUENTE LENTA SOLVENTAZIONE Industrie, Teintes, S\u00e9rie CUC (Concentr\u00e9s universels Chimiver), S\u00e9rie CSC (Concentr\u00e9s solvant Chimiver), S\u00e9rie CAC (Concentr\u00e9s eau Chimiver). Dal 1965 Chimiver \u00e8 leader nel mercato dei prodotti per incollaggio, trattamento e manutenzione dei pavimenti.\" \/>\n<meta name=\"robots\" content=\"index, follow, max-snippet:-1, max-image-preview:large, max-video-preview:-1\" \/>\n<link rel=\"canonical\" href=\"https:\/\/chimiver.com\/fr\/prodotto\/dlc-0044-diluente-lenta-solventazione\/\" \/>\n<meta property=\"og:locale\" content=\"fr_FR\" \/>\n<meta property=\"og:type\" content=\"article\" \/>\n<meta property=\"og:title\" content=\"DLC-0044 DILUENTE LENTA SOLVENTAZIONE - Chimiver Industrie, Teintes, S\u00e9rie CUC (Concentr\u00e9s universels Chimiver), S\u00e9rie CSC (Concentr\u00e9s solvant Chimiver), S\u00e9rie CAC (Concentr\u00e9s eau Chimiver)\" \/>\n<meta property=\"og:description\" content=\"Scopri DLC-0044 DILUENTE LENTA SOLVENTAZIONE Industrie, Teintes, S\u00e9rie CUC (Concentr\u00e9s universels Chimiver), S\u00e9rie CSC (Concentr\u00e9s solvant Chimiver), S\u00e9rie CAC (Concentr\u00e9s eau Chimiver). Dal 1965 Chimiver \u00e8 leader nel mercato dei prodotti per incollaggio, trattamento e manutenzione dei pavimenti.\" \/>\n<meta property=\"og:url\" content=\"https:\/\/chimiver.com\/fr\/prodotto\/dlc-0044-diluente-lenta-solventazione\/\" \/>\n<meta property=\"og:site_name\" content=\"Chimiver\" \/>\n<meta property=\"article:publisher\" content=\"https:\/\/www.facebook.com\/chimiver\" \/>\n<meta property=\"article:modified_time\" content=\"2024-04-15T10:50:13+00:00\" \/>\n<meta property=\"og:image\" content=\"https:\/\/chimiver.com\/wp-content\/uploads\/2024\/03\/latta-chimiver.jpg\" \/>\n\t<meta property=\"og:image:width\" content=\"640\" \/>\n\t<meta property=\"og:image:height\" content=\"640\" \/>\n\t<meta property=\"og:image:type\" content=\"image\/jpeg\" \/>\n<meta name=\"twitter:card\" content=\"summary_large_image\" \/>\n<meta name=\"twitter:label1\" content=\"Dur\u00e9e de lecture estim\u00e9e\" \/>\n\t<meta name=\"twitter:data1\" content=\"1 minute\" \/>\n<script type=\"application\/ld+json\" class=\"yoast-schema-graph\">{\"@context\":\"https:\/\/schema.org\",\"@graph\":[{\"@type\":\"WebPage\",\"@id\":\"https:\/\/chimiver.com\/fr\/prodotto\/dlc-0044-diluente-lenta-solventazione\/\",\"url\":\"https:\/\/chimiver.com\/fr\/prodotto\/dlc-0044-diluente-lenta-solventazione\/\",\"name\":\"DLC-0044 DILUENTE LENTA SOLVENTAZIONE - Chimiver Industrie, Teintes, S\u00e9rie CUC (Concentr\u00e9s universels Chimiver), S\u00e9rie CSC (Concentr\u00e9s solvant Chimiver), S\u00e9rie CAC (Concentr\u00e9s eau Chimiver)\",\"isPartOf\":{\"@id\":\"https:\/\/chimiver.com\/fr\/#website\"},\"primaryImageOfPage\":{\"@id\":\"https:\/\/chimiver.com\/fr\/prodotto\/dlc-0044-diluente-lenta-solventazione\/#primaryimage\"},\"image\":{\"@id\":\"https:\/\/chimiver.com\/fr\/prodotto\/dlc-0044-diluente-lenta-solventazione\/#primaryimage\"},\"thumbnailUrl\":\"https:\/\/chimiver.com\/wp-content\/uploads\/2024\/03\/latta-chimiver.jpg\",\"datePublished\":\"2022-03-16T16:06:50+00:00\",\"dateModified\":\"2024-04-15T10:50:13+00:00\",\"description\":\"Scopri DLC-0044 DILUENTE LENTA SOLVENTAZIONE Industrie, Teintes, S\u00e9rie CUC (Concentr\u00e9s universels Chimiver), S\u00e9rie CSC (Concentr\u00e9s solvant Chimiver), S\u00e9rie CAC (Concentr\u00e9s eau Chimiver). Dal 1965 Chimiver \u00e8 leader nel mercato dei prodotti per incollaggio, trattamento e manutenzione dei pavimenti.\",\"breadcrumb\":{\"@id\":\"https:\/\/chimiver.com\/fr\/prodotto\/dlc-0044-diluente-lenta-solventazione\/#breadcrumb\"},\"inLanguage\":\"fr-FR\",\"potentialAction\":[{\"@type\":\"ReadAction\",\"target\":[\"https:\/\/chimiver.com\/fr\/prodotto\/dlc-0044-diluente-lenta-solventazione\/\"]}]},{\"@type\":\"ImageObject\",\"inLanguage\":\"fr-FR\",\"@id\":\"https:\/\/chimiver.com\/fr\/prodotto\/dlc-0044-diluente-lenta-solventazione\/#primaryimage\",\"url\":\"https:\/\/chimiver.com\/wp-content\/uploads\/2024\/03\/latta-chimiver.jpg\",\"contentUrl\":\"https:\/\/chimiver.com\/wp-content\/uploads\/2024\/03\/latta-chimiver.jpg\",\"width\":640,\"height\":640},{\"@type\":\"BreadcrumbList\",\"@id\":\"https:\/\/chimiver.com\/fr\/prodotto\/dlc-0044-diluente-lenta-solventazione\/#breadcrumb\",\"itemListElement\":[{\"@type\":\"ListItem\",\"position\":1,\"name\":\"Home\",\"item\":\"https:\/\/chimiver.com\/fr\/\"},{\"@type\":\"ListItem\",\"position\":2,\"name\":\"Shop\",\"item\":\"https:\/\/chimiver.com\/?page_id=10\"},{\"@type\":\"ListItem\",\"position\":3,\"name\":\"DLC-0044 DILUENTE LENTA SOLVENTAZIONE\"}]},{\"@type\":\"WebSite\",\"@id\":\"https:\/\/chimiver.com\/fr\/#website\",\"url\":\"https:\/\/chimiver.com\/fr\/\",\"name\":\"Chimiver, Your floors partner\",\"description\":\"Your floors partner\",\"publisher\":{\"@id\":\"https:\/\/chimiver.com\/fr\/#organization\"},\"alternateName\":\"Chimiver\",\"potentialAction\":[{\"@type\":\"SearchAction\",\"target\":{\"@type\":\"EntryPoint\",\"urlTemplate\":\"https:\/\/chimiver.com\/fr\/?s={search_term_string}\"},\"query-input\":{\"@type\":\"PropertyValueSpecification\",\"valueRequired\":true,\"valueName\":\"search_term_string\"}}],\"inLanguage\":\"fr-FR\"},{\"@type\":\"Organization\",\"@id\":\"https:\/\/chimiver.com\/fr\/#organization\",\"name\":\"Chimiver\",\"url\":\"https:\/\/chimiver.com\/fr\/\",\"logo\":{\"@type\":\"ImageObject\",\"inLanguage\":\"fr-FR\",\"@id\":\"https:\/\/chimiver.com\/fr\/#\/schema\/logo\/image\/\",\"url\":\"https:\/\/chimiver.com\/wp-content\/uploads\/2022\/06\/Chimiver_500x500.jpg\",\"contentUrl\":\"https:\/\/chimiver.com\/wp-content\/uploads\/2022\/06\/Chimiver_500x500.jpg\",\"width\":500,\"height\":500,\"caption\":\"Chimiver\"},\"image\":{\"@id\":\"https:\/\/chimiver.com\/fr\/#\/schema\/logo\/image\/\"},\"sameAs\":[\"https:\/\/www.facebook.com\/chimiver\"]}]}<\/script>\n<!-- \/ Yoast SEO plugin. -->","yoast_head_json":{"title":"DLC-0044 DILUENTE LENTA SOLVENTAZIONE - Chimiver Industrie, Teintes, S\u00e9rie CUC (Concentr\u00e9s universels Chimiver), S\u00e9rie CSC (Concentr\u00e9s solvant Chimiver), S\u00e9rie CAC (Concentr\u00e9s eau Chimiver)","description":"Scopri DLC-0044 DILUENTE LENTA SOLVENTAZIONE Industrie, Teintes, S\u00e9rie CUC (Concentr\u00e9s universels Chimiver), S\u00e9rie CSC (Concentr\u00e9s solvant Chimiver), S\u00e9rie CAC (Concentr\u00e9s eau Chimiver). Dal 1965 Chimiver \u00e8 leader nel mercato dei prodotti per incollaggio, trattamento e manutenzione dei pavimenti.","robots":{"index":"index","follow":"follow","max-snippet":"max-snippet:-1","max-image-preview":"max-image-preview:large","max-video-preview":"max-video-preview:-1"},"canonical":"https:\/\/chimiver.com\/fr\/prodotto\/dlc-0044-diluente-lenta-solventazione\/","og_locale":"fr_FR","og_type":"article","og_title":"DLC-0044 DILUENTE LENTA SOLVENTAZIONE - Chimiver Industrie, Teintes, S\u00e9rie CUC (Concentr\u00e9s universels Chimiver), S\u00e9rie CSC (Concentr\u00e9s solvant Chimiver), S\u00e9rie CAC (Concentr\u00e9s eau Chimiver)","og_description":"Scopri DLC-0044 DILUENTE LENTA SOLVENTAZIONE Industrie, Teintes, S\u00e9rie CUC (Concentr\u00e9s universels Chimiver), S\u00e9rie CSC (Concentr\u00e9s solvant Chimiver), S\u00e9rie CAC (Concentr\u00e9s eau Chimiver). Dal 1965 Chimiver \u00e8 leader nel mercato dei prodotti per incollaggio, trattamento e manutenzione dei pavimenti.","og_url":"https:\/\/chimiver.com\/fr\/prodotto\/dlc-0044-diluente-lenta-solventazione\/","og_site_name":"Chimiver","article_publisher":"https:\/\/www.facebook.com\/chimiver","article_modified_time":"2024-04-15T10:50:13+00:00","og_image":[{"width":640,"height":640,"url":"https:\/\/chimiver.com\/wp-content\/uploads\/2024\/03\/latta-chimiver.jpg","type":"image\/jpeg"}],"twitter_card":"summary_large_image","twitter_misc":{"Dur\u00e9e de lecture estim\u00e9e":"1 minute"},"schema":{"@context":"https:\/\/schema.org","@graph":[{"@type":"WebPage","@id":"https:\/\/chimiver.com\/fr\/prodotto\/dlc-0044-diluente-lenta-solventazione\/","url":"https:\/\/chimiver.com\/fr\/prodotto\/dlc-0044-diluente-lenta-solventazione\/","name":"DLC-0044 DILUENTE LENTA SOLVENTAZIONE - Chimiver Industrie, Teintes, S\u00e9rie CUC (Concentr\u00e9s universels Chimiver), S\u00e9rie CSC (Concentr\u00e9s solvant Chimiver), S\u00e9rie CAC (Concentr\u00e9s eau Chimiver)","isPartOf":{"@id":"https:\/\/chimiver.com\/fr\/#website"},"primaryImageOfPage":{"@id":"https:\/\/chimiver.com\/fr\/prodotto\/dlc-0044-diluente-lenta-solventazione\/#primaryimage"},"image":{"@id":"https:\/\/chimiver.com\/fr\/prodotto\/dlc-0044-diluente-lenta-solventazione\/#primaryimage"},"thumbnailUrl":"https:\/\/chimiver.com\/wp-content\/uploads\/2024\/03\/latta-chimiver.jpg","datePublished":"2022-03-16T16:06:50+00:00","dateModified":"2024-04-15T10:50:13+00:00","description":"Scopri DLC-0044 DILUENTE LENTA SOLVENTAZIONE Industrie, Teintes, S\u00e9rie CUC (Concentr\u00e9s universels Chimiver), S\u00e9rie CSC (Concentr\u00e9s solvant Chimiver), S\u00e9rie CAC (Concentr\u00e9s eau Chimiver). Dal 1965 Chimiver \u00e8 leader nel mercato dei prodotti per incollaggio, trattamento e manutenzione dei pavimenti.","breadcrumb":{"@id":"https:\/\/chimiver.com\/fr\/prodotto\/dlc-0044-diluente-lenta-solventazione\/#breadcrumb"},"inLanguage":"fr-FR","potentialAction":[{"@type":"ReadAction","target":["https:\/\/chimiver.com\/fr\/prodotto\/dlc-0044-diluente-lenta-solventazione\/"]}]},{"@type":"ImageObject","inLanguage":"fr-FR","@id":"https:\/\/chimiver.com\/fr\/prodotto\/dlc-0044-diluente-lenta-solventazione\/#primaryimage","url":"https:\/\/chimiver.com\/wp-content\/uploads\/2024\/03\/latta-chimiver.jpg","contentUrl":"https:\/\/chimiver.com\/wp-content\/uploads\/2024\/03\/latta-chimiver.jpg","width":640,"height":640},{"@type":"BreadcrumbList","@id":"https:\/\/chimiver.com\/fr\/prodotto\/dlc-0044-diluente-lenta-solventazione\/#breadcrumb","itemListElement":[{"@type":"ListItem","position":1,"name":"Home","item":"https:\/\/chimiver.com\/fr\/"},{"@type":"ListItem","position":2,"name":"Shop","item":"https:\/\/chimiver.com\/?page_id=10"},{"@type":"ListItem","position":3,"name":"DLC-0044 DILUENTE LENTA SOLVENTAZIONE"}]},{"@type":"WebSite","@id":"https:\/\/chimiver.com\/fr\/#website","url":"https:\/\/chimiver.com\/fr\/","name":"Chimiver, Your floors partner","description":"Your floors partner","publisher":{"@id":"https:\/\/chimiver.com\/fr\/#organization"},"alternateName":"Chimiver","potentialAction":[{"@type":"SearchAction","target":{"@type":"EntryPoint","urlTemplate":"https:\/\/chimiver.com\/fr\/?s={search_term_string}"},"query-input":{"@type":"PropertyValueSpecification","valueRequired":true,"valueName":"search_term_string"}}],"inLanguage":"fr-FR"},{"@type":"Organization","@id":"https:\/\/chimiver.com\/fr\/#organization","name":"Chimiver","url":"https:\/\/chimiver.com\/fr\/","logo":{"@type":"ImageObject","inLanguage":"fr-FR","@id":"https:\/\/chimiver.com\/fr\/#\/schema\/logo\/image\/","url":"https:\/\/chimiver.com\/wp-content\/uploads\/2022\/06\/Chimiver_500x500.jpg","contentUrl":"https:\/\/chimiver.com\/wp-content\/uploads\/2022\/06\/Chimiver_500x500.jpg","width":500,"height":500,"caption":"Chimiver"},"image":{"@id":"https:\/\/chimiver.com\/fr\/#\/schema\/logo\/image\/"},"sameAs":["https:\/\/www.facebook.com\/chimiver"]}]}},"_links":{"self":[{"href":"https:\/\/chimiver.com\/fr\/wp-json\/wp\/v2\/product\/15470","targetHints":{"allow":["GET"]}}],"collection":[{"href":"https:\/\/chimiver.com\/fr\/wp-json\/wp\/v2\/product"}],"about":[{"href":"https:\/\/chimiver.com\/fr\/wp-json\/wp\/v2\/types\/product"}],"replies":[{"embeddable":true,"href":"https:\/\/chimiver.com\/fr\/wp-json\/wp\/v2\/comments?post=15470"}],"wp:featuredmedia":[{"embeddable":true,"href":"https:\/\/chimiver.com\/fr\/wp-json\/wp\/v2\/media\/18252"}],"wp:attachment":[{"href":"https:\/\/chimiver.com\/fr\/wp-json\/wp\/v2\/media?parent=15470"}],"wp:term":[{"taxonomy":"product_brand","embeddable":true,"href":"https:\/\/chimiver.com\/fr\/wp-json\/wp\/v2\/product_brand?post=15470"},{"taxonomy":"product_cat","embeddable":true,"href":"https:\/\/chimiver.com\/fr\/wp-json\/wp\/v2\/product_cat?post=15470"},{"taxonomy":"product_tag","embeddable":true,"href":"https:\/\/chimiver.com\/fr\/wp-json\/wp\/v2\/product_tag?post=15470"}],"curies":[{"name":"wp","href":"https:\/\/api.w.org\/{rel}","templated":true}]}}