{"id":17392,"date":"2024-01-17T14:25:30","date_gmt":"2024-01-17T13:25:30","guid":{"rendered":"https:\/\/chimiver.com\/prodotto\/epoxy-filler-2k\/"},"modified":"2024-01-17T15:22:02","modified_gmt":"2024-01-17T14:22:02","slug":"epoxy-filler-2k","status":"publish","type":"product","link":"https:\/\/chimiver.com\/fr\/prodotto\/epoxy-filler-2k\/","title":{"rendered":"EPOXY FILLER 2K"},"content":{"rendered":"<p>Mastic \u00e9poxy \u00e0 deux composants pour le bois, avec une excellente vitesse de durcissement, une excellente adh\u00e9rence sur tous les types de bois, pratiquement z\u00e9ro retrait et une bonne flexibilit\u00e9. Le produit durci peut \u00eatre trait\u00e9 avec tout type d&rsquo;outil \u00e0 bois (scie, raboteuse, gouge) ou dans l&rsquo;industrie avec des fraiseuses et des ponceuses utilis\u00e9es pour la production de parquet et de parquet, sans subir aucune modification de couleur ou m\u00e9canique. Sa bonne thixotropie permet de reconstruire en une seule application des parties manquantes de grande taille et d&rsquo;obtenir d&rsquo;excellents r\u00e9sultats avec le jointoiement des noeuds, fissures et toute imperfection pr\u00e9sente sur l&rsquo;artefact.<\/p>\n","protected":false},"excerpt":{"rendered":"Mastic \u00e9poxy \u00e0 deux composants","protected":false},"featured_media":17339,"comment_status":"open","ping_status":"closed","template":"","meta":{"_acf_changed":false,"inline_featured_image":false},"product_brand":[],"product_cat":[835,888],"product_tag":[],"class_list":{"0":"post-17392","1":"product","2":"type-product","3":"status-publish","4":"has-post-thumbnail","6":"product_cat-industrie","7":"product_cat-mastics","9":"first","10":"instock","11":"shipping-taxable","12":"product-type-simple","13":"add-to-wishlist-after_add_to_cart"},"acf":[],"yoast_head":"<!-- This site is optimized with the Yoast SEO plugin v26.2 - https:\/\/yoast.com\/wordpress\/plugins\/seo\/ -->\n<title>EPOXY FILLER 2K - Chimiver Industrie, Mastics<\/title>\n<meta name=\"description\" content=\"Scopri EPOXY FILLER 2K Industrie, Mastics. Stucco epossidico bicomponente per riparare e ricostruire parti di legno mancanti per stuccare nodi e altri imperfezioni del legno\" \/>\n<meta name=\"robots\" content=\"index, follow, max-snippet:-1, max-image-preview:large, max-video-preview:-1\" \/>\n<link rel=\"canonical\" href=\"https:\/\/chimiver.com\/fr\/prodotto\/epoxy-filler-2k\/\" \/>\n<meta property=\"og:locale\" content=\"fr_FR\" \/>\n<meta property=\"og:type\" content=\"article\" \/>\n<meta property=\"og:title\" content=\"EPOXY FILLER 2K - Chimiver Industrie, Mastics\" \/>\n<meta property=\"og:description\" content=\"Scopri EPOXY FILLER 2K Industrie, Mastics. Stucco epossidico bicomponente per riparare e ricostruire parti di legno mancanti per stuccare nodi e altri imperfezioni del legno\" \/>\n<meta property=\"og:url\" content=\"https:\/\/chimiver.com\/fr\/prodotto\/epoxy-filler-2k\/\" \/>\n<meta property=\"og:site_name\" content=\"Chimiver\" \/>\n<meta property=\"article:publisher\" content=\"https:\/\/www.facebook.com\/chimiver\" \/>\n<meta property=\"article:modified_time\" content=\"2024-01-17T14:22:02+00:00\" \/>\n<meta property=\"og:image\" content=\"https:\/\/chimiver.com\/wp-content\/uploads\/2024\/01\/EPOXY-FILLER-2K.jpg\" \/>\n\t<meta property=\"og:image:width\" content=\"640\" \/>\n\t<meta property=\"og:image:height\" content=\"640\" \/>\n\t<meta property=\"og:image:type\" content=\"image\/jpeg\" \/>\n<meta name=\"twitter:card\" content=\"summary_large_image\" \/>\n<meta name=\"twitter:label1\" content=\"Dur\u00e9e de lecture estim\u00e9e\" \/>\n\t<meta name=\"twitter:data1\" content=\"1 minute\" \/>\n<script type=\"application\/ld+json\" class=\"yoast-schema-graph\">{\"@context\":\"https:\/\/schema.org\",\"@graph\":[{\"@type\":\"WebPage\",\"@id\":\"https:\/\/chimiver.com\/fr\/prodotto\/epoxy-filler-2k\/\",\"url\":\"https:\/\/chimiver.com\/fr\/prodotto\/epoxy-filler-2k\/\",\"name\":\"EPOXY FILLER 2K - Chimiver Industrie, Mastics\",\"isPartOf\":{\"@id\":\"https:\/\/chimiver.com\/fr\/#website\"},\"primaryImageOfPage\":{\"@id\":\"https:\/\/chimiver.com\/fr\/prodotto\/epoxy-filler-2k\/#primaryimage\"},\"image\":{\"@id\":\"https:\/\/chimiver.com\/fr\/prodotto\/epoxy-filler-2k\/#primaryimage\"},\"thumbnailUrl\":\"https:\/\/chimiver.com\/wp-content\/uploads\/2024\/01\/EPOXY-FILLER-2K.jpg\",\"datePublished\":\"2024-01-17T13:25:30+00:00\",\"dateModified\":\"2024-01-17T14:22:02+00:00\",\"description\":\"Scopri EPOXY FILLER 2K Industrie, Mastics. Stucco epossidico bicomponente per riparare e ricostruire parti di legno mancanti per stuccare nodi e altri imperfezioni del legno\",\"breadcrumb\":{\"@id\":\"https:\/\/chimiver.com\/fr\/prodotto\/epoxy-filler-2k\/#breadcrumb\"},\"inLanguage\":\"fr-FR\",\"potentialAction\":[{\"@type\":\"ReadAction\",\"target\":[\"https:\/\/chimiver.com\/fr\/prodotto\/epoxy-filler-2k\/\"]}]},{\"@type\":\"ImageObject\",\"inLanguage\":\"fr-FR\",\"@id\":\"https:\/\/chimiver.com\/fr\/prodotto\/epoxy-filler-2k\/#primaryimage\",\"url\":\"https:\/\/chimiver.com\/wp-content\/uploads\/2024\/01\/EPOXY-FILLER-2K.jpg\",\"contentUrl\":\"https:\/\/chimiver.com\/wp-content\/uploads\/2024\/01\/EPOXY-FILLER-2K.jpg\",\"width\":640,\"height\":640,\"caption\":\"Created with GIMP\"},{\"@type\":\"BreadcrumbList\",\"@id\":\"https:\/\/chimiver.com\/fr\/prodotto\/epoxy-filler-2k\/#breadcrumb\",\"itemListElement\":[{\"@type\":\"ListItem\",\"position\":1,\"name\":\"Home\",\"item\":\"https:\/\/chimiver.com\/fr\/\"},{\"@type\":\"ListItem\",\"position\":2,\"name\":\"Shop\",\"item\":\"https:\/\/chimiver.com\/?page_id=10\"},{\"@type\":\"ListItem\",\"position\":3,\"name\":\"EPOXY FILLER 2K\"}]},{\"@type\":\"WebSite\",\"@id\":\"https:\/\/chimiver.com\/fr\/#website\",\"url\":\"https:\/\/chimiver.com\/fr\/\",\"name\":\"Chimiver, Your floors partner\",\"description\":\"Your floors partner\",\"publisher\":{\"@id\":\"https:\/\/chimiver.com\/fr\/#organization\"},\"alternateName\":\"Chimiver\",\"potentialAction\":[{\"@type\":\"SearchAction\",\"target\":{\"@type\":\"EntryPoint\",\"urlTemplate\":\"https:\/\/chimiver.com\/fr\/?s={search_term_string}\"},\"query-input\":{\"@type\":\"PropertyValueSpecification\",\"valueRequired\":true,\"valueName\":\"search_term_string\"}}],\"inLanguage\":\"fr-FR\"},{\"@type\":\"Organization\",\"@id\":\"https:\/\/chimiver.com\/fr\/#organization\",\"name\":\"Chimiver\",\"url\":\"https:\/\/chimiver.com\/fr\/\",\"logo\":{\"@type\":\"ImageObject\",\"inLanguage\":\"fr-FR\",\"@id\":\"https:\/\/chimiver.com\/fr\/#\/schema\/logo\/image\/\",\"url\":\"https:\/\/chimiver.com\/wp-content\/uploads\/2022\/06\/Chimiver_500x500.jpg\",\"contentUrl\":\"https:\/\/chimiver.com\/wp-content\/uploads\/2022\/06\/Chimiver_500x500.jpg\",\"width\":500,\"height\":500,\"caption\":\"Chimiver\"},\"image\":{\"@id\":\"https:\/\/chimiver.com\/fr\/#\/schema\/logo\/image\/\"},\"sameAs\":[\"https:\/\/www.facebook.com\/chimiver\"]}]}<\/script>\n<!-- \/ Yoast SEO plugin. -->","yoast_head_json":{"title":"EPOXY FILLER 2K - Chimiver Industrie, Mastics","description":"Scopri EPOXY FILLER 2K Industrie, Mastics. Stucco epossidico bicomponente per riparare e ricostruire parti di legno mancanti per stuccare nodi e altri imperfezioni del legno","robots":{"index":"index","follow":"follow","max-snippet":"max-snippet:-1","max-image-preview":"max-image-preview:large","max-video-preview":"max-video-preview:-1"},"canonical":"https:\/\/chimiver.com\/fr\/prodotto\/epoxy-filler-2k\/","og_locale":"fr_FR","og_type":"article","og_title":"EPOXY FILLER 2K - Chimiver Industrie, Mastics","og_description":"Scopri EPOXY FILLER 2K Industrie, Mastics. Stucco epossidico bicomponente per riparare e ricostruire parti di legno mancanti per stuccare nodi e altri imperfezioni del legno","og_url":"https:\/\/chimiver.com\/fr\/prodotto\/epoxy-filler-2k\/","og_site_name":"Chimiver","article_publisher":"https:\/\/www.facebook.com\/chimiver","article_modified_time":"2024-01-17T14:22:02+00:00","og_image":[{"width":640,"height":640,"url":"https:\/\/chimiver.com\/wp-content\/uploads\/2024\/01\/EPOXY-FILLER-2K.jpg","type":"image\/jpeg"}],"twitter_card":"summary_large_image","twitter_misc":{"Dur\u00e9e de lecture estim\u00e9e":"1 minute"},"schema":{"@context":"https:\/\/schema.org","@graph":[{"@type":"WebPage","@id":"https:\/\/chimiver.com\/fr\/prodotto\/epoxy-filler-2k\/","url":"https:\/\/chimiver.com\/fr\/prodotto\/epoxy-filler-2k\/","name":"EPOXY FILLER 2K - Chimiver Industrie, Mastics","isPartOf":{"@id":"https:\/\/chimiver.com\/fr\/#website"},"primaryImageOfPage":{"@id":"https:\/\/chimiver.com\/fr\/prodotto\/epoxy-filler-2k\/#primaryimage"},"image":{"@id":"https:\/\/chimiver.com\/fr\/prodotto\/epoxy-filler-2k\/#primaryimage"},"thumbnailUrl":"https:\/\/chimiver.com\/wp-content\/uploads\/2024\/01\/EPOXY-FILLER-2K.jpg","datePublished":"2024-01-17T13:25:30+00:00","dateModified":"2024-01-17T14:22:02+00:00","description":"Scopri EPOXY FILLER 2K Industrie, Mastics. Stucco epossidico bicomponente per riparare e ricostruire parti di legno mancanti per stuccare nodi e altri imperfezioni del legno","breadcrumb":{"@id":"https:\/\/chimiver.com\/fr\/prodotto\/epoxy-filler-2k\/#breadcrumb"},"inLanguage":"fr-FR","potentialAction":[{"@type":"ReadAction","target":["https:\/\/chimiver.com\/fr\/prodotto\/epoxy-filler-2k\/"]}]},{"@type":"ImageObject","inLanguage":"fr-FR","@id":"https:\/\/chimiver.com\/fr\/prodotto\/epoxy-filler-2k\/#primaryimage","url":"https:\/\/chimiver.com\/wp-content\/uploads\/2024\/01\/EPOXY-FILLER-2K.jpg","contentUrl":"https:\/\/chimiver.com\/wp-content\/uploads\/2024\/01\/EPOXY-FILLER-2K.jpg","width":640,"height":640,"caption":"Created with GIMP"},{"@type":"BreadcrumbList","@id":"https:\/\/chimiver.com\/fr\/prodotto\/epoxy-filler-2k\/#breadcrumb","itemListElement":[{"@type":"ListItem","position":1,"name":"Home","item":"https:\/\/chimiver.com\/fr\/"},{"@type":"ListItem","position":2,"name":"Shop","item":"https:\/\/chimiver.com\/?page_id=10"},{"@type":"ListItem","position":3,"name":"EPOXY FILLER 2K"}]},{"@type":"WebSite","@id":"https:\/\/chimiver.com\/fr\/#website","url":"https:\/\/chimiver.com\/fr\/","name":"Chimiver, Your floors partner","description":"Your floors partner","publisher":{"@id":"https:\/\/chimiver.com\/fr\/#organization"},"alternateName":"Chimiver","potentialAction":[{"@type":"SearchAction","target":{"@type":"EntryPoint","urlTemplate":"https:\/\/chimiver.com\/fr\/?s={search_term_string}"},"query-input":{"@type":"PropertyValueSpecification","valueRequired":true,"valueName":"search_term_string"}}],"inLanguage":"fr-FR"},{"@type":"Organization","@id":"https:\/\/chimiver.com\/fr\/#organization","name":"Chimiver","url":"https:\/\/chimiver.com\/fr\/","logo":{"@type":"ImageObject","inLanguage":"fr-FR","@id":"https:\/\/chimiver.com\/fr\/#\/schema\/logo\/image\/","url":"https:\/\/chimiver.com\/wp-content\/uploads\/2022\/06\/Chimiver_500x500.jpg","contentUrl":"https:\/\/chimiver.com\/wp-content\/uploads\/2022\/06\/Chimiver_500x500.jpg","width":500,"height":500,"caption":"Chimiver"},"image":{"@id":"https:\/\/chimiver.com\/fr\/#\/schema\/logo\/image\/"},"sameAs":["https:\/\/www.facebook.com\/chimiver"]}]}},"_links":{"self":[{"href":"https:\/\/chimiver.com\/fr\/wp-json\/wp\/v2\/product\/17392","targetHints":{"allow":["GET"]}}],"collection":[{"href":"https:\/\/chimiver.com\/fr\/wp-json\/wp\/v2\/product"}],"about":[{"href":"https:\/\/chimiver.com\/fr\/wp-json\/wp\/v2\/types\/product"}],"replies":[{"embeddable":true,"href":"https:\/\/chimiver.com\/fr\/wp-json\/wp\/v2\/comments?post=17392"}],"wp:featuredmedia":[{"embeddable":true,"href":"https:\/\/chimiver.com\/fr\/wp-json\/wp\/v2\/media\/17339"}],"wp:attachment":[{"href":"https:\/\/chimiver.com\/fr\/wp-json\/wp\/v2\/media?parent=17392"}],"wp:term":[{"taxonomy":"product_brand","embeddable":true,"href":"https:\/\/chimiver.com\/fr\/wp-json\/wp\/v2\/product_brand?post=17392"},{"taxonomy":"product_cat","embeddable":true,"href":"https:\/\/chimiver.com\/fr\/wp-json\/wp\/v2\/product_cat?post=17392"},{"taxonomy":"product_tag","embeddable":true,"href":"https:\/\/chimiver.com\/fr\/wp-json\/wp\/v2\/product_tag?post=17392"}],"curies":[{"name":"wp","href":"https:\/\/api.w.org\/{rel}","templated":true}]}}