{"id":17424,"date":"2024-01-17T15:42:57","date_gmt":"2024-01-17T14:42:57","guid":{"rendered":"https:\/\/chimiver.com\/prodotto\/dual-cure-wood-filler\/"},"modified":"2024-01-17T15:57:03","modified_gmt":"2024-01-17T14:57:03","slug":"dual-cure-wood-filler","status":"publish","type":"product","link":"https:\/\/chimiver.com\/fr\/prodotto\/dual-cure-wood-filler\/","title":{"rendered":"DUAL CURE WOOD FILLER"},"content":{"rendered":"<p>P\u00e2te de remplissage souple bicomposant longue dur\u00e9e, \u00e0 base de r\u00e9sines sp\u00e9ciales. Il convient aux travaux sur des surfaces en bois, telles que la reconstruction de pi\u00e8ces d\u00e9fectueuses, les plombages, les joints, etc. Une fois durci, il peut \u00eatre sci\u00e9, rabot\u00e9, perc\u00e9 et ponc\u00e9 comme un morceau de bois. Il durcit en ajoutant le catalyseur appropri\u00e9 et s&rsquo;il est irradi\u00e9 avec des lampes UV LED ou Mercure-Gallium est imm\u00e9diatement empilable. Il peut \u00eatre peint avec les produits les plus courants sur le march\u00e9 : huiles, taches ou peintures, peu importe si base d&rsquo;eau ou de solvant.<\/p>\n","protected":false},"excerpt":{"rendered":"Mastic polyester bicomposant exempt de styr\u00e8ne","protected":false},"featured_media":17329,"comment_status":"open","ping_status":"closed","template":"","meta":{"_acf_changed":false,"inline_featured_image":false},"product_brand":[],"product_cat":[835,888],"product_tag":[],"class_list":{"0":"post-17424","1":"product","2":"type-product","3":"status-publish","4":"has-post-thumbnail","6":"product_cat-industrie","7":"product_cat-mastics","9":"first","10":"instock","11":"shipping-taxable","12":"product-type-simple","13":"add-to-wishlist-after_add_to_cart"},"acf":[],"yoast_head":"<!-- This site is optimized with the Yoast SEO plugin v26.2 - https:\/\/yoast.com\/wordpress\/plugins\/seo\/ -->\n<title>DUAL CURE WOOD FILLER - Chimiver Industrie, Mastics<\/title>\n<meta name=\"description\" content=\"Scopri DUAL CURE WOOD FILLER Industrie, Mastics. Stucco bicomponente a lunga durata adatto per eseguire lavori di ricostruzione di parti difettose su superfici in legno.\" \/>\n<meta name=\"robots\" content=\"index, follow, max-snippet:-1, max-image-preview:large, max-video-preview:-1\" \/>\n<link rel=\"canonical\" href=\"https:\/\/chimiver.com\/fr\/prodotto\/dual-cure-wood-filler\/\" \/>\n<meta property=\"og:locale\" content=\"fr_FR\" \/>\n<meta property=\"og:type\" content=\"article\" \/>\n<meta property=\"og:title\" content=\"DUAL CURE WOOD FILLER - Chimiver Industrie, Mastics\" \/>\n<meta property=\"og:description\" content=\"Scopri DUAL CURE WOOD FILLER Industrie, Mastics. Stucco bicomponente a lunga durata adatto per eseguire lavori di ricostruzione di parti difettose su superfici in legno.\" \/>\n<meta property=\"og:url\" content=\"https:\/\/chimiver.com\/fr\/prodotto\/dual-cure-wood-filler\/\" \/>\n<meta property=\"og:site_name\" content=\"Chimiver\" \/>\n<meta property=\"article:publisher\" content=\"https:\/\/www.facebook.com\/chimiver\" \/>\n<meta property=\"article:modified_time\" content=\"2024-01-17T14:57:03+00:00\" \/>\n<meta property=\"og:image\" content=\"https:\/\/chimiver.com\/wp-content\/uploads\/2024\/01\/DUAL-CURE-WOOD-FILLER.jpg\" \/>\n\t<meta property=\"og:image:width\" content=\"640\" \/>\n\t<meta property=\"og:image:height\" content=\"640\" \/>\n\t<meta property=\"og:image:type\" content=\"image\/jpeg\" \/>\n<meta name=\"twitter:card\" content=\"summary_large_image\" \/>\n<meta name=\"twitter:label1\" content=\"Dur\u00e9e de lecture estim\u00e9e\" \/>\n\t<meta name=\"twitter:data1\" content=\"1 minute\" \/>\n<script type=\"application\/ld+json\" class=\"yoast-schema-graph\">{\"@context\":\"https:\/\/schema.org\",\"@graph\":[{\"@type\":\"WebPage\",\"@id\":\"https:\/\/chimiver.com\/fr\/prodotto\/dual-cure-wood-filler\/\",\"url\":\"https:\/\/chimiver.com\/fr\/prodotto\/dual-cure-wood-filler\/\",\"name\":\"DUAL CURE WOOD FILLER - Chimiver Industrie, Mastics\",\"isPartOf\":{\"@id\":\"https:\/\/chimiver.com\/fr\/#website\"},\"primaryImageOfPage\":{\"@id\":\"https:\/\/chimiver.com\/fr\/prodotto\/dual-cure-wood-filler\/#primaryimage\"},\"image\":{\"@id\":\"https:\/\/chimiver.com\/fr\/prodotto\/dual-cure-wood-filler\/#primaryimage\"},\"thumbnailUrl\":\"https:\/\/chimiver.com\/wp-content\/uploads\/2024\/01\/DUAL-CURE-WOOD-FILLER.jpg\",\"datePublished\":\"2024-01-17T14:42:57+00:00\",\"dateModified\":\"2024-01-17T14:57:03+00:00\",\"description\":\"Scopri DUAL CURE WOOD FILLER Industrie, Mastics. Stucco bicomponente a lunga durata adatto per eseguire lavori di ricostruzione di parti difettose su superfici in legno.\",\"breadcrumb\":{\"@id\":\"https:\/\/chimiver.com\/fr\/prodotto\/dual-cure-wood-filler\/#breadcrumb\"},\"inLanguage\":\"fr-FR\",\"potentialAction\":[{\"@type\":\"ReadAction\",\"target\":[\"https:\/\/chimiver.com\/fr\/prodotto\/dual-cure-wood-filler\/\"]}]},{\"@type\":\"ImageObject\",\"inLanguage\":\"fr-FR\",\"@id\":\"https:\/\/chimiver.com\/fr\/prodotto\/dual-cure-wood-filler\/#primaryimage\",\"url\":\"https:\/\/chimiver.com\/wp-content\/uploads\/2024\/01\/DUAL-CURE-WOOD-FILLER.jpg\",\"contentUrl\":\"https:\/\/chimiver.com\/wp-content\/uploads\/2024\/01\/DUAL-CURE-WOOD-FILLER.jpg\",\"width\":640,\"height\":640,\"caption\":\"Created with GIMP\"},{\"@type\":\"BreadcrumbList\",\"@id\":\"https:\/\/chimiver.com\/fr\/prodotto\/dual-cure-wood-filler\/#breadcrumb\",\"itemListElement\":[{\"@type\":\"ListItem\",\"position\":1,\"name\":\"Home\",\"item\":\"https:\/\/chimiver.com\/fr\/\"},{\"@type\":\"ListItem\",\"position\":2,\"name\":\"Shop\",\"item\":\"https:\/\/chimiver.com\/?page_id=10\"},{\"@type\":\"ListItem\",\"position\":3,\"name\":\"DUAL CURE WOOD FILLER\"}]},{\"@type\":\"WebSite\",\"@id\":\"https:\/\/chimiver.com\/fr\/#website\",\"url\":\"https:\/\/chimiver.com\/fr\/\",\"name\":\"Chimiver, Your floors partner\",\"description\":\"Your floors partner\",\"publisher\":{\"@id\":\"https:\/\/chimiver.com\/fr\/#organization\"},\"alternateName\":\"Chimiver\",\"potentialAction\":[{\"@type\":\"SearchAction\",\"target\":{\"@type\":\"EntryPoint\",\"urlTemplate\":\"https:\/\/chimiver.com\/fr\/?s={search_term_string}\"},\"query-input\":{\"@type\":\"PropertyValueSpecification\",\"valueRequired\":true,\"valueName\":\"search_term_string\"}}],\"inLanguage\":\"fr-FR\"},{\"@type\":\"Organization\",\"@id\":\"https:\/\/chimiver.com\/fr\/#organization\",\"name\":\"Chimiver\",\"url\":\"https:\/\/chimiver.com\/fr\/\",\"logo\":{\"@type\":\"ImageObject\",\"inLanguage\":\"fr-FR\",\"@id\":\"https:\/\/chimiver.com\/fr\/#\/schema\/logo\/image\/\",\"url\":\"https:\/\/chimiver.com\/wp-content\/uploads\/2022\/06\/Chimiver_500x500.jpg\",\"contentUrl\":\"https:\/\/chimiver.com\/wp-content\/uploads\/2022\/06\/Chimiver_500x500.jpg\",\"width\":500,\"height\":500,\"caption\":\"Chimiver\"},\"image\":{\"@id\":\"https:\/\/chimiver.com\/fr\/#\/schema\/logo\/image\/\"},\"sameAs\":[\"https:\/\/www.facebook.com\/chimiver\"]}]}<\/script>\n<!-- \/ Yoast SEO plugin. -->","yoast_head_json":{"title":"DUAL CURE WOOD FILLER - Chimiver Industrie, Mastics","description":"Scopri DUAL CURE WOOD FILLER Industrie, Mastics. Stucco bicomponente a lunga durata adatto per eseguire lavori di ricostruzione di parti difettose su superfici in legno.","robots":{"index":"index","follow":"follow","max-snippet":"max-snippet:-1","max-image-preview":"max-image-preview:large","max-video-preview":"max-video-preview:-1"},"canonical":"https:\/\/chimiver.com\/fr\/prodotto\/dual-cure-wood-filler\/","og_locale":"fr_FR","og_type":"article","og_title":"DUAL CURE WOOD FILLER - Chimiver Industrie, Mastics","og_description":"Scopri DUAL CURE WOOD FILLER Industrie, Mastics. Stucco bicomponente a lunga durata adatto per eseguire lavori di ricostruzione di parti difettose su superfici in legno.","og_url":"https:\/\/chimiver.com\/fr\/prodotto\/dual-cure-wood-filler\/","og_site_name":"Chimiver","article_publisher":"https:\/\/www.facebook.com\/chimiver","article_modified_time":"2024-01-17T14:57:03+00:00","og_image":[{"width":640,"height":640,"url":"https:\/\/chimiver.com\/wp-content\/uploads\/2024\/01\/DUAL-CURE-WOOD-FILLER.jpg","type":"image\/jpeg"}],"twitter_card":"summary_large_image","twitter_misc":{"Dur\u00e9e de lecture estim\u00e9e":"1 minute"},"schema":{"@context":"https:\/\/schema.org","@graph":[{"@type":"WebPage","@id":"https:\/\/chimiver.com\/fr\/prodotto\/dual-cure-wood-filler\/","url":"https:\/\/chimiver.com\/fr\/prodotto\/dual-cure-wood-filler\/","name":"DUAL CURE WOOD FILLER - Chimiver Industrie, Mastics","isPartOf":{"@id":"https:\/\/chimiver.com\/fr\/#website"},"primaryImageOfPage":{"@id":"https:\/\/chimiver.com\/fr\/prodotto\/dual-cure-wood-filler\/#primaryimage"},"image":{"@id":"https:\/\/chimiver.com\/fr\/prodotto\/dual-cure-wood-filler\/#primaryimage"},"thumbnailUrl":"https:\/\/chimiver.com\/wp-content\/uploads\/2024\/01\/DUAL-CURE-WOOD-FILLER.jpg","datePublished":"2024-01-17T14:42:57+00:00","dateModified":"2024-01-17T14:57:03+00:00","description":"Scopri DUAL CURE WOOD FILLER Industrie, Mastics. Stucco bicomponente a lunga durata adatto per eseguire lavori di ricostruzione di parti difettose su superfici in legno.","breadcrumb":{"@id":"https:\/\/chimiver.com\/fr\/prodotto\/dual-cure-wood-filler\/#breadcrumb"},"inLanguage":"fr-FR","potentialAction":[{"@type":"ReadAction","target":["https:\/\/chimiver.com\/fr\/prodotto\/dual-cure-wood-filler\/"]}]},{"@type":"ImageObject","inLanguage":"fr-FR","@id":"https:\/\/chimiver.com\/fr\/prodotto\/dual-cure-wood-filler\/#primaryimage","url":"https:\/\/chimiver.com\/wp-content\/uploads\/2024\/01\/DUAL-CURE-WOOD-FILLER.jpg","contentUrl":"https:\/\/chimiver.com\/wp-content\/uploads\/2024\/01\/DUAL-CURE-WOOD-FILLER.jpg","width":640,"height":640,"caption":"Created with GIMP"},{"@type":"BreadcrumbList","@id":"https:\/\/chimiver.com\/fr\/prodotto\/dual-cure-wood-filler\/#breadcrumb","itemListElement":[{"@type":"ListItem","position":1,"name":"Home","item":"https:\/\/chimiver.com\/fr\/"},{"@type":"ListItem","position":2,"name":"Shop","item":"https:\/\/chimiver.com\/?page_id=10"},{"@type":"ListItem","position":3,"name":"DUAL CURE WOOD FILLER"}]},{"@type":"WebSite","@id":"https:\/\/chimiver.com\/fr\/#website","url":"https:\/\/chimiver.com\/fr\/","name":"Chimiver, Your floors partner","description":"Your floors partner","publisher":{"@id":"https:\/\/chimiver.com\/fr\/#organization"},"alternateName":"Chimiver","potentialAction":[{"@type":"SearchAction","target":{"@type":"EntryPoint","urlTemplate":"https:\/\/chimiver.com\/fr\/?s={search_term_string}"},"query-input":{"@type":"PropertyValueSpecification","valueRequired":true,"valueName":"search_term_string"}}],"inLanguage":"fr-FR"},{"@type":"Organization","@id":"https:\/\/chimiver.com\/fr\/#organization","name":"Chimiver","url":"https:\/\/chimiver.com\/fr\/","logo":{"@type":"ImageObject","inLanguage":"fr-FR","@id":"https:\/\/chimiver.com\/fr\/#\/schema\/logo\/image\/","url":"https:\/\/chimiver.com\/wp-content\/uploads\/2022\/06\/Chimiver_500x500.jpg","contentUrl":"https:\/\/chimiver.com\/wp-content\/uploads\/2022\/06\/Chimiver_500x500.jpg","width":500,"height":500,"caption":"Chimiver"},"image":{"@id":"https:\/\/chimiver.com\/fr\/#\/schema\/logo\/image\/"},"sameAs":["https:\/\/www.facebook.com\/chimiver"]}]}},"_links":{"self":[{"href":"https:\/\/chimiver.com\/fr\/wp-json\/wp\/v2\/product\/17424","targetHints":{"allow":["GET"]}}],"collection":[{"href":"https:\/\/chimiver.com\/fr\/wp-json\/wp\/v2\/product"}],"about":[{"href":"https:\/\/chimiver.com\/fr\/wp-json\/wp\/v2\/types\/product"}],"replies":[{"embeddable":true,"href":"https:\/\/chimiver.com\/fr\/wp-json\/wp\/v2\/comments?post=17424"}],"wp:featuredmedia":[{"embeddable":true,"href":"https:\/\/chimiver.com\/fr\/wp-json\/wp\/v2\/media\/17329"}],"wp:attachment":[{"href":"https:\/\/chimiver.com\/fr\/wp-json\/wp\/v2\/media?parent=17424"}],"wp:term":[{"taxonomy":"product_brand","embeddable":true,"href":"https:\/\/chimiver.com\/fr\/wp-json\/wp\/v2\/product_brand?post=17424"},{"taxonomy":"product_cat","embeddable":true,"href":"https:\/\/chimiver.com\/fr\/wp-json\/wp\/v2\/product_cat?post=17424"},{"taxonomy":"product_tag","embeddable":true,"href":"https:\/\/chimiver.com\/fr\/wp-json\/wp\/v2\/product_tag?post=17424"}],"curies":[{"name":"wp","href":"https:\/\/api.w.org\/{rel}","templated":true}]}}