{"id":19192,"date":"2024-04-15T14:59:56","date_gmt":"2024-04-15T12:59:56","guid":{"rendered":"https:\/\/chimiver.com\/prodotto\/wc-gel-cleaner\/"},"modified":"2024-04-15T15:29:01","modified_gmt":"2024-04-15T13:29:01","slug":"wc-gel-cleaner","status":"publish","type":"product","link":"https:\/\/chimiver.com\/fr\/prodotto\/wc-gel-cleaner\/","title":{"rendered":"WC GEL CLEANER"},"content":{"rendered":"<p>Nettoyant concentr\u00e9 en gel, compos\u00e9 de tensioactifs acides sp\u00e9cifiques et d&rsquo;agents synergiques dans l&rsquo;eau, con\u00e7u pour le nettoyage et l&rsquo;entretien quotidien des toilettes. La forme sp\u00e9ciale de la bouteille avec col coud\u00e9 permet une application facile sous le bord de la toilette. Sa formule sp\u00e9ciale \u00ab\u00a06 action\u00a0\u00bb vous permet de :<\/p>\n<ul>\n<li>nettoyer toute la surface;<\/li>\n<li>d\u00e9tartrer et enlever les taches de calcaire;<\/li>\n<li>faire la toilette brillante et blanche;<\/li>\n<li>d\u00e9sinfecter;<\/li>\n<li>avoir une adh\u00e9rence parfaite aux murs pour une action en profondeur;<\/li>\n<li>assurer un nettoyage en profondeur.<\/li>\n<\/ul>\n<p>Il contient une grande quantit\u00e9 de parfum qui permet une explosion de parfum \u00e0 chaque utilisation.<\/p>\n","protected":false},"excerpt":{"rendered":"Nettoyant gel concentr\u00e9 pour le nettoyage des toilettes","protected":false},"featured_media":19167,"comment_status":"open","ping_status":"closed","template":"","meta":{"_acf_changed":false,"inline_featured_image":false},"product_brand":[],"product_cat":[738,776,784,811,825,829],"product_tag":[],"class_list":{"0":"post-19192","1":"product","2":"type-product","3":"status-publish","4":"has-post-thumbnail","6":"product_cat-professionnels","7":"product_cat-nettoyage-et-entretien","8":"product_cat-home-care-fr","9":"product_cat-particuliers","10":"product_cat-surfaces-fr","11":"product_cat-salle-de-bains","13":"first","14":"instock","15":"shipping-taxable","16":"product-type-simple","17":"add-to-wishlist-after_add_to_cart"},"acf":[],"yoast_head":"<!-- This site is optimized with the Yoast SEO plugin v26.2 - https:\/\/yoast.com\/wordpress\/plugins\/seo\/ -->\n<title>Cleaner for Nettoyant - WC GEL CLEANER<\/title>\n<meta name=\"description\" content=\"Scopri WC GEL CLEANER Professionnels, NETTOYAGE ET ENTRETIEN, Home Care, Particuliers, SURFACES, Salle de bains. Nettoyant gel concentr\u00e9 pour le nettoyage des toilettes\" \/>\n<meta name=\"robots\" content=\"index, follow, max-snippet:-1, max-image-preview:large, max-video-preview:-1\" \/>\n<link rel=\"canonical\" href=\"https:\/\/chimiver.com\/fr\/prodotto\/wc-gel-cleaner\/\" \/>\n<meta property=\"og:locale\" content=\"fr_FR\" \/>\n<meta property=\"og:type\" content=\"article\" \/>\n<meta property=\"og:title\" content=\"Cleaner for Nettoyant - WC GEL CLEANER\" \/>\n<meta property=\"og:description\" content=\"Scopri WC GEL CLEANER Professionnels, NETTOYAGE ET ENTRETIEN, Home Care, Particuliers, SURFACES, Salle de bains. Nettoyant gel concentr\u00e9 pour le nettoyage des toilettes\" \/>\n<meta property=\"og:url\" content=\"https:\/\/chimiver.com\/fr\/prodotto\/wc-gel-cleaner\/\" \/>\n<meta property=\"og:site_name\" content=\"Chimiver\" \/>\n<meta property=\"article:publisher\" content=\"https:\/\/www.facebook.com\/chimiver\" \/>\n<meta property=\"article:modified_time\" content=\"2024-04-15T13:29:01+00:00\" \/>\n<meta property=\"og:image\" content=\"https:\/\/chimiver.com\/wp-content\/uploads\/2024\/04\/WC-Gel-Cleaner.jpg\" \/>\n\t<meta property=\"og:image:width\" content=\"640\" \/>\n\t<meta property=\"og:image:height\" content=\"640\" \/>\n\t<meta property=\"og:image:type\" content=\"image\/jpeg\" \/>\n<meta name=\"twitter:card\" content=\"summary_large_image\" \/>\n<meta name=\"twitter:label1\" content=\"Dur\u00e9e de lecture estim\u00e9e\" \/>\n\t<meta name=\"twitter:data1\" content=\"1 minute\" \/>\n<script type=\"application\/ld+json\" class=\"yoast-schema-graph\">{\"@context\":\"https:\/\/schema.org\",\"@graph\":[{\"@type\":\"WebPage\",\"@id\":\"https:\/\/chimiver.com\/fr\/prodotto\/wc-gel-cleaner\/\",\"url\":\"https:\/\/chimiver.com\/fr\/prodotto\/wc-gel-cleaner\/\",\"name\":\"Cleaner for Nettoyant - WC GEL CLEANER\",\"isPartOf\":{\"@id\":\"https:\/\/chimiver.com\/fr\/#website\"},\"primaryImageOfPage\":{\"@id\":\"https:\/\/chimiver.com\/fr\/prodotto\/wc-gel-cleaner\/#primaryimage\"},\"image\":{\"@id\":\"https:\/\/chimiver.com\/fr\/prodotto\/wc-gel-cleaner\/#primaryimage\"},\"thumbnailUrl\":\"https:\/\/chimiver.com\/wp-content\/uploads\/2024\/04\/WC-Gel-Cleaner.jpg\",\"datePublished\":\"2024-04-15T12:59:56+00:00\",\"dateModified\":\"2024-04-15T13:29:01+00:00\",\"description\":\"Scopri WC GEL CLEANER Professionnels, NETTOYAGE ET ENTRETIEN, Home Care, Particuliers, SURFACES, Salle de bains. Nettoyant gel concentr\u00e9 pour le nettoyage des toilettes\",\"breadcrumb\":{\"@id\":\"https:\/\/chimiver.com\/fr\/prodotto\/wc-gel-cleaner\/#breadcrumb\"},\"inLanguage\":\"fr-FR\",\"potentialAction\":[{\"@type\":\"ReadAction\",\"target\":[\"https:\/\/chimiver.com\/fr\/prodotto\/wc-gel-cleaner\/\"]}]},{\"@type\":\"ImageObject\",\"inLanguage\":\"fr-FR\",\"@id\":\"https:\/\/chimiver.com\/fr\/prodotto\/wc-gel-cleaner\/#primaryimage\",\"url\":\"https:\/\/chimiver.com\/wp-content\/uploads\/2024\/04\/WC-Gel-Cleaner.jpg\",\"contentUrl\":\"https:\/\/chimiver.com\/wp-content\/uploads\/2024\/04\/WC-Gel-Cleaner.jpg\",\"width\":640,\"height\":640,\"caption\":\"Created with GIMP\"},{\"@type\":\"BreadcrumbList\",\"@id\":\"https:\/\/chimiver.com\/fr\/prodotto\/wc-gel-cleaner\/#breadcrumb\",\"itemListElement\":[{\"@type\":\"ListItem\",\"position\":1,\"name\":\"Home\",\"item\":\"https:\/\/chimiver.com\/fr\/\"},{\"@type\":\"ListItem\",\"position\":2,\"name\":\"Shop\",\"item\":\"https:\/\/chimiver.com\/?page_id=10\"},{\"@type\":\"ListItem\",\"position\":3,\"name\":\"WC GEL CLEANER\"}]},{\"@type\":\"WebSite\",\"@id\":\"https:\/\/chimiver.com\/fr\/#website\",\"url\":\"https:\/\/chimiver.com\/fr\/\",\"name\":\"Chimiver, Your floors partner\",\"description\":\"Your floors partner\",\"publisher\":{\"@id\":\"https:\/\/chimiver.com\/fr\/#organization\"},\"alternateName\":\"Chimiver\",\"potentialAction\":[{\"@type\":\"SearchAction\",\"target\":{\"@type\":\"EntryPoint\",\"urlTemplate\":\"https:\/\/chimiver.com\/fr\/?s={search_term_string}\"},\"query-input\":{\"@type\":\"PropertyValueSpecification\",\"valueRequired\":true,\"valueName\":\"search_term_string\"}}],\"inLanguage\":\"fr-FR\"},{\"@type\":\"Organization\",\"@id\":\"https:\/\/chimiver.com\/fr\/#organization\",\"name\":\"Chimiver\",\"url\":\"https:\/\/chimiver.com\/fr\/\",\"logo\":{\"@type\":\"ImageObject\",\"inLanguage\":\"fr-FR\",\"@id\":\"https:\/\/chimiver.com\/fr\/#\/schema\/logo\/image\/\",\"url\":\"https:\/\/chimiver.com\/wp-content\/uploads\/2022\/06\/Chimiver_500x500.jpg\",\"contentUrl\":\"https:\/\/chimiver.com\/wp-content\/uploads\/2022\/06\/Chimiver_500x500.jpg\",\"width\":500,\"height\":500,\"caption\":\"Chimiver\"},\"image\":{\"@id\":\"https:\/\/chimiver.com\/fr\/#\/schema\/logo\/image\/\"},\"sameAs\":[\"https:\/\/www.facebook.com\/chimiver\"]}]}<\/script>\n<!-- \/ Yoast SEO plugin. -->","yoast_head_json":{"title":"Cleaner for Nettoyant - WC GEL CLEANER","description":"Scopri WC GEL CLEANER Professionnels, NETTOYAGE ET ENTRETIEN, Home Care, Particuliers, SURFACES, Salle de bains. Nettoyant gel concentr\u00e9 pour le nettoyage des toilettes","robots":{"index":"index","follow":"follow","max-snippet":"max-snippet:-1","max-image-preview":"max-image-preview:large","max-video-preview":"max-video-preview:-1"},"canonical":"https:\/\/chimiver.com\/fr\/prodotto\/wc-gel-cleaner\/","og_locale":"fr_FR","og_type":"article","og_title":"Cleaner for Nettoyant - WC GEL CLEANER","og_description":"Scopri WC GEL CLEANER Professionnels, NETTOYAGE ET ENTRETIEN, Home Care, Particuliers, SURFACES, Salle de bains. Nettoyant gel concentr\u00e9 pour le nettoyage des toilettes","og_url":"https:\/\/chimiver.com\/fr\/prodotto\/wc-gel-cleaner\/","og_site_name":"Chimiver","article_publisher":"https:\/\/www.facebook.com\/chimiver","article_modified_time":"2024-04-15T13:29:01+00:00","og_image":[{"width":640,"height":640,"url":"https:\/\/chimiver.com\/wp-content\/uploads\/2024\/04\/WC-Gel-Cleaner.jpg","type":"image\/jpeg"}],"twitter_card":"summary_large_image","twitter_misc":{"Dur\u00e9e de lecture estim\u00e9e":"1 minute"},"schema":{"@context":"https:\/\/schema.org","@graph":[{"@type":"WebPage","@id":"https:\/\/chimiver.com\/fr\/prodotto\/wc-gel-cleaner\/","url":"https:\/\/chimiver.com\/fr\/prodotto\/wc-gel-cleaner\/","name":"Cleaner for Nettoyant - WC GEL CLEANER","isPartOf":{"@id":"https:\/\/chimiver.com\/fr\/#website"},"primaryImageOfPage":{"@id":"https:\/\/chimiver.com\/fr\/prodotto\/wc-gel-cleaner\/#primaryimage"},"image":{"@id":"https:\/\/chimiver.com\/fr\/prodotto\/wc-gel-cleaner\/#primaryimage"},"thumbnailUrl":"https:\/\/chimiver.com\/wp-content\/uploads\/2024\/04\/WC-Gel-Cleaner.jpg","datePublished":"2024-04-15T12:59:56+00:00","dateModified":"2024-04-15T13:29:01+00:00","description":"Scopri WC GEL CLEANER Professionnels, NETTOYAGE ET ENTRETIEN, Home Care, Particuliers, SURFACES, Salle de bains. Nettoyant gel concentr\u00e9 pour le nettoyage des toilettes","breadcrumb":{"@id":"https:\/\/chimiver.com\/fr\/prodotto\/wc-gel-cleaner\/#breadcrumb"},"inLanguage":"fr-FR","potentialAction":[{"@type":"ReadAction","target":["https:\/\/chimiver.com\/fr\/prodotto\/wc-gel-cleaner\/"]}]},{"@type":"ImageObject","inLanguage":"fr-FR","@id":"https:\/\/chimiver.com\/fr\/prodotto\/wc-gel-cleaner\/#primaryimage","url":"https:\/\/chimiver.com\/wp-content\/uploads\/2024\/04\/WC-Gel-Cleaner.jpg","contentUrl":"https:\/\/chimiver.com\/wp-content\/uploads\/2024\/04\/WC-Gel-Cleaner.jpg","width":640,"height":640,"caption":"Created with GIMP"},{"@type":"BreadcrumbList","@id":"https:\/\/chimiver.com\/fr\/prodotto\/wc-gel-cleaner\/#breadcrumb","itemListElement":[{"@type":"ListItem","position":1,"name":"Home","item":"https:\/\/chimiver.com\/fr\/"},{"@type":"ListItem","position":2,"name":"Shop","item":"https:\/\/chimiver.com\/?page_id=10"},{"@type":"ListItem","position":3,"name":"WC GEL CLEANER"}]},{"@type":"WebSite","@id":"https:\/\/chimiver.com\/fr\/#website","url":"https:\/\/chimiver.com\/fr\/","name":"Chimiver, Your floors partner","description":"Your floors partner","publisher":{"@id":"https:\/\/chimiver.com\/fr\/#organization"},"alternateName":"Chimiver","potentialAction":[{"@type":"SearchAction","target":{"@type":"EntryPoint","urlTemplate":"https:\/\/chimiver.com\/fr\/?s={search_term_string}"},"query-input":{"@type":"PropertyValueSpecification","valueRequired":true,"valueName":"search_term_string"}}],"inLanguage":"fr-FR"},{"@type":"Organization","@id":"https:\/\/chimiver.com\/fr\/#organization","name":"Chimiver","url":"https:\/\/chimiver.com\/fr\/","logo":{"@type":"ImageObject","inLanguage":"fr-FR","@id":"https:\/\/chimiver.com\/fr\/#\/schema\/logo\/image\/","url":"https:\/\/chimiver.com\/wp-content\/uploads\/2022\/06\/Chimiver_500x500.jpg","contentUrl":"https:\/\/chimiver.com\/wp-content\/uploads\/2022\/06\/Chimiver_500x500.jpg","width":500,"height":500,"caption":"Chimiver"},"image":{"@id":"https:\/\/chimiver.com\/fr\/#\/schema\/logo\/image\/"},"sameAs":["https:\/\/www.facebook.com\/chimiver"]}]}},"_links":{"self":[{"href":"https:\/\/chimiver.com\/fr\/wp-json\/wp\/v2\/product\/19192","targetHints":{"allow":["GET"]}}],"collection":[{"href":"https:\/\/chimiver.com\/fr\/wp-json\/wp\/v2\/product"}],"about":[{"href":"https:\/\/chimiver.com\/fr\/wp-json\/wp\/v2\/types\/product"}],"replies":[{"embeddable":true,"href":"https:\/\/chimiver.com\/fr\/wp-json\/wp\/v2\/comments?post=19192"}],"wp:featuredmedia":[{"embeddable":true,"href":"https:\/\/chimiver.com\/fr\/wp-json\/wp\/v2\/media\/19167"}],"wp:attachment":[{"href":"https:\/\/chimiver.com\/fr\/wp-json\/wp\/v2\/media?parent=19192"}],"wp:term":[{"taxonomy":"product_brand","embeddable":true,"href":"https:\/\/chimiver.com\/fr\/wp-json\/wp\/v2\/product_brand?post=19192"},{"taxonomy":"product_cat","embeddable":true,"href":"https:\/\/chimiver.com\/fr\/wp-json\/wp\/v2\/product_cat?post=19192"},{"taxonomy":"product_tag","embeddable":true,"href":"https:\/\/chimiver.com\/fr\/wp-json\/wp\/v2\/product_tag?post=19192"}],"curies":[{"name":"wp","href":"https:\/\/api.w.org\/{rel}","templated":true}]}}