{"id":19496,"date":"2024-05-07T15:02:38","date_gmt":"2024-05-07T13:02:38","guid":{"rendered":"https:\/\/chimiver.com\/prodotto\/adesiver-re-ms\/"},"modified":"2025-02-07T12:39:30","modified_gmt":"2025-02-07T11:39:30","slug":"adesiver-re-ms","status":"publish","type":"product","link":"https:\/\/chimiver.com\/fr\/prodotto\/adesiver-re-ms\/","title":{"rendered":"ADESIVER RE MS"},"content":{"rendered":"<p>Adh\u00e9sif \u00e0 durcissement par humidit\u00e9 \u00e0 composant unique \u00e0 base de pr\u00e9polym\u00e8res \u00e0 terminaison silanique (technologie MS). L&rsquo;adh\u00e9sif convient au collage de LVT rigide, de SPC et de LVT au mur et au plancher \u00e9galement appropri\u00e9 \u00e0 la pose de tous les types de rev\u00eatements r\u00e9silients (rouleaux de PVC). Convient pour le collage sur des surfaces correctement pr\u00e9par\u00e9es, absorbantes et non absorbantes et sur des syst\u00e8mes de chauffage et de refroidissement par rayonnement au sol et au mur.<\/p>\n","protected":false},"excerpt":{"rendered":"Adh\u00e9sif silane \u00e0 composant unique pour l&rsquo;installation de sols r\u00e9silients et de rev\u00eatements r\u00e9silients","protected":false},"featured_media":19479,"comment_status":"open","ping_status":"closed","template":"","meta":{"_acf_changed":false,"inline_featured_image":false},"product_brand":[],"product_cat":[738,761,762,763],"product_tag":[],"class_list":{"0":"post-19496","1":"product","2":"type-product","3":"status-publish","4":"has-post-thumbnail","6":"product_cat-professionnels","7":"product_cat-sols-resilients","8":"product_cat-collage-de-moquette-linoleum-pvc-caoutchouc-lvt","9":"product_cat-adhesifs-pour-linterieur","11":"first","12":"instock","13":"shipping-taxable","14":"product-type-simple","15":"add-to-wishlist-after_add_to_cart"},"acf":[],"yoast_head":"<!-- This site is optimized with the Yoast SEO plugin v26.2 - https:\/\/yoast.com\/wordpress\/plugins\/seo\/ -->\n<title>Adhesive for LVT e SPC - ADESIVER RE MS<\/title>\n<meta name=\"description\" content=\"Scopri ADESIVER RE MS Professionnels, SOLS R\u00c9SILIENTS, Collage de moquette, linol\u00e9um, PVC, caoutchouc, LVT, Adh\u00e9sifs pour l&#039;int\u00e9rieur. Single-component silane adhesive for bonding rigid LVT, SPC and LVT to wall and floor.\" \/>\n<meta name=\"robots\" content=\"index, follow, max-snippet:-1, max-image-preview:large, max-video-preview:-1\" \/>\n<link rel=\"canonical\" href=\"https:\/\/chimiver.com\/fr\/prodotto\/adesiver-re-ms\/\" \/>\n<meta property=\"og:locale\" content=\"fr_FR\" \/>\n<meta property=\"og:type\" content=\"article\" \/>\n<meta property=\"og:title\" content=\"Adhesive for LVT e SPC - ADESIVER RE MS\" \/>\n<meta property=\"og:description\" content=\"Scopri ADESIVER RE MS Professionnels, SOLS R\u00c9SILIENTS, Collage de moquette, linol\u00e9um, PVC, caoutchouc, LVT, Adh\u00e9sifs pour l&#039;int\u00e9rieur. Single-component silane adhesive for bonding rigid LVT, SPC and LVT to wall and floor.\" \/>\n<meta property=\"og:url\" content=\"https:\/\/chimiver.com\/fr\/prodotto\/adesiver-re-ms\/\" \/>\n<meta property=\"og:site_name\" content=\"Chimiver\" \/>\n<meta property=\"article:publisher\" content=\"https:\/\/www.facebook.com\/chimiver\" \/>\n<meta property=\"article:modified_time\" content=\"2025-02-07T11:39:30+00:00\" \/>\n<meta property=\"og:image\" content=\"https:\/\/chimiver.com\/wp-content\/uploads\/2024\/05\/Adesiver-RE-MS.jpg\" \/>\n\t<meta property=\"og:image:width\" content=\"640\" \/>\n\t<meta property=\"og:image:height\" content=\"640\" \/>\n\t<meta property=\"og:image:type\" content=\"image\/jpeg\" \/>\n<meta name=\"twitter:card\" content=\"summary_large_image\" \/>\n<meta name=\"twitter:label1\" content=\"Dur\u00e9e de lecture estim\u00e9e\" \/>\n\t<meta name=\"twitter:data1\" content=\"1 minute\" \/>\n<script type=\"application\/ld+json\" class=\"yoast-schema-graph\">{\"@context\":\"https:\/\/schema.org\",\"@graph\":[{\"@type\":\"WebPage\",\"@id\":\"https:\/\/chimiver.com\/fr\/prodotto\/adesiver-re-ms\/\",\"url\":\"https:\/\/chimiver.com\/fr\/prodotto\/adesiver-re-ms\/\",\"name\":\"Adhesive for LVT e SPC - ADESIVER RE MS\",\"isPartOf\":{\"@id\":\"https:\/\/chimiver.com\/fr\/#website\"},\"primaryImageOfPage\":{\"@id\":\"https:\/\/chimiver.com\/fr\/prodotto\/adesiver-re-ms\/#primaryimage\"},\"image\":{\"@id\":\"https:\/\/chimiver.com\/fr\/prodotto\/adesiver-re-ms\/#primaryimage\"},\"thumbnailUrl\":\"https:\/\/chimiver.com\/wp-content\/uploads\/2024\/05\/Adesiver-RE-MS.jpg\",\"datePublished\":\"2024-05-07T13:02:38+00:00\",\"dateModified\":\"2025-02-07T11:39:30+00:00\",\"description\":\"Scopri ADESIVER RE MS Professionnels, SOLS R\u00c9SILIENTS, Collage de moquette, linol\u00e9um, PVC, caoutchouc, LVT, Adh\u00e9sifs pour l'int\u00e9rieur. Single-component silane adhesive for bonding rigid LVT, SPC and LVT to wall and floor.\",\"breadcrumb\":{\"@id\":\"https:\/\/chimiver.com\/fr\/prodotto\/adesiver-re-ms\/#breadcrumb\"},\"inLanguage\":\"fr-FR\",\"potentialAction\":[{\"@type\":\"ReadAction\",\"target\":[\"https:\/\/chimiver.com\/fr\/prodotto\/adesiver-re-ms\/\"]}]},{\"@type\":\"ImageObject\",\"inLanguage\":\"fr-FR\",\"@id\":\"https:\/\/chimiver.com\/fr\/prodotto\/adesiver-re-ms\/#primaryimage\",\"url\":\"https:\/\/chimiver.com\/wp-content\/uploads\/2024\/05\/Adesiver-RE-MS.jpg\",\"contentUrl\":\"https:\/\/chimiver.com\/wp-content\/uploads\/2024\/05\/Adesiver-RE-MS.jpg\",\"width\":640,\"height\":640,\"caption\":\"Created with GIMP\"},{\"@type\":\"BreadcrumbList\",\"@id\":\"https:\/\/chimiver.com\/fr\/prodotto\/adesiver-re-ms\/#breadcrumb\",\"itemListElement\":[{\"@type\":\"ListItem\",\"position\":1,\"name\":\"Home\",\"item\":\"https:\/\/chimiver.com\/fr\/\"},{\"@type\":\"ListItem\",\"position\":2,\"name\":\"Shop\",\"item\":\"https:\/\/chimiver.com\/?page_id=10\"},{\"@type\":\"ListItem\",\"position\":3,\"name\":\"ADESIVER RE MS\"}]},{\"@type\":\"WebSite\",\"@id\":\"https:\/\/chimiver.com\/fr\/#website\",\"url\":\"https:\/\/chimiver.com\/fr\/\",\"name\":\"Chimiver, Your floors partner\",\"description\":\"Your floors partner\",\"publisher\":{\"@id\":\"https:\/\/chimiver.com\/fr\/#organization\"},\"alternateName\":\"Chimiver\",\"potentialAction\":[{\"@type\":\"SearchAction\",\"target\":{\"@type\":\"EntryPoint\",\"urlTemplate\":\"https:\/\/chimiver.com\/fr\/?s={search_term_string}\"},\"query-input\":{\"@type\":\"PropertyValueSpecification\",\"valueRequired\":true,\"valueName\":\"search_term_string\"}}],\"inLanguage\":\"fr-FR\"},{\"@type\":\"Organization\",\"@id\":\"https:\/\/chimiver.com\/fr\/#organization\",\"name\":\"Chimiver\",\"url\":\"https:\/\/chimiver.com\/fr\/\",\"logo\":{\"@type\":\"ImageObject\",\"inLanguage\":\"fr-FR\",\"@id\":\"https:\/\/chimiver.com\/fr\/#\/schema\/logo\/image\/\",\"url\":\"https:\/\/chimiver.com\/wp-content\/uploads\/2022\/06\/Chimiver_500x500.jpg\",\"contentUrl\":\"https:\/\/chimiver.com\/wp-content\/uploads\/2022\/06\/Chimiver_500x500.jpg\",\"width\":500,\"height\":500,\"caption\":\"Chimiver\"},\"image\":{\"@id\":\"https:\/\/chimiver.com\/fr\/#\/schema\/logo\/image\/\"},\"sameAs\":[\"https:\/\/www.facebook.com\/chimiver\"]}]}<\/script>\n<!-- \/ Yoast SEO plugin. -->","yoast_head_json":{"title":"Adhesive for LVT e SPC - ADESIVER RE MS","description":"Scopri ADESIVER RE MS Professionnels, SOLS R\u00c9SILIENTS, Collage de moquette, linol\u00e9um, PVC, caoutchouc, LVT, Adh\u00e9sifs pour l'int\u00e9rieur. Single-component silane adhesive for bonding rigid LVT, SPC and LVT to wall and floor.","robots":{"index":"index","follow":"follow","max-snippet":"max-snippet:-1","max-image-preview":"max-image-preview:large","max-video-preview":"max-video-preview:-1"},"canonical":"https:\/\/chimiver.com\/fr\/prodotto\/adesiver-re-ms\/","og_locale":"fr_FR","og_type":"article","og_title":"Adhesive for LVT e SPC - ADESIVER RE MS","og_description":"Scopri ADESIVER RE MS Professionnels, SOLS R\u00c9SILIENTS, Collage de moquette, linol\u00e9um, PVC, caoutchouc, LVT, Adh\u00e9sifs pour l'int\u00e9rieur. Single-component silane adhesive for bonding rigid LVT, SPC and LVT to wall and floor.","og_url":"https:\/\/chimiver.com\/fr\/prodotto\/adesiver-re-ms\/","og_site_name":"Chimiver","article_publisher":"https:\/\/www.facebook.com\/chimiver","article_modified_time":"2025-02-07T11:39:30+00:00","og_image":[{"width":640,"height":640,"url":"https:\/\/chimiver.com\/wp-content\/uploads\/2024\/05\/Adesiver-RE-MS.jpg","type":"image\/jpeg"}],"twitter_card":"summary_large_image","twitter_misc":{"Dur\u00e9e de lecture estim\u00e9e":"1 minute"},"schema":{"@context":"https:\/\/schema.org","@graph":[{"@type":"WebPage","@id":"https:\/\/chimiver.com\/fr\/prodotto\/adesiver-re-ms\/","url":"https:\/\/chimiver.com\/fr\/prodotto\/adesiver-re-ms\/","name":"Adhesive for LVT e SPC - ADESIVER RE MS","isPartOf":{"@id":"https:\/\/chimiver.com\/fr\/#website"},"primaryImageOfPage":{"@id":"https:\/\/chimiver.com\/fr\/prodotto\/adesiver-re-ms\/#primaryimage"},"image":{"@id":"https:\/\/chimiver.com\/fr\/prodotto\/adesiver-re-ms\/#primaryimage"},"thumbnailUrl":"https:\/\/chimiver.com\/wp-content\/uploads\/2024\/05\/Adesiver-RE-MS.jpg","datePublished":"2024-05-07T13:02:38+00:00","dateModified":"2025-02-07T11:39:30+00:00","description":"Scopri ADESIVER RE MS Professionnels, SOLS R\u00c9SILIENTS, Collage de moquette, linol\u00e9um, PVC, caoutchouc, LVT, Adh\u00e9sifs pour l'int\u00e9rieur. Single-component silane adhesive for bonding rigid LVT, SPC and LVT to wall and floor.","breadcrumb":{"@id":"https:\/\/chimiver.com\/fr\/prodotto\/adesiver-re-ms\/#breadcrumb"},"inLanguage":"fr-FR","potentialAction":[{"@type":"ReadAction","target":["https:\/\/chimiver.com\/fr\/prodotto\/adesiver-re-ms\/"]}]},{"@type":"ImageObject","inLanguage":"fr-FR","@id":"https:\/\/chimiver.com\/fr\/prodotto\/adesiver-re-ms\/#primaryimage","url":"https:\/\/chimiver.com\/wp-content\/uploads\/2024\/05\/Adesiver-RE-MS.jpg","contentUrl":"https:\/\/chimiver.com\/wp-content\/uploads\/2024\/05\/Adesiver-RE-MS.jpg","width":640,"height":640,"caption":"Created with GIMP"},{"@type":"BreadcrumbList","@id":"https:\/\/chimiver.com\/fr\/prodotto\/adesiver-re-ms\/#breadcrumb","itemListElement":[{"@type":"ListItem","position":1,"name":"Home","item":"https:\/\/chimiver.com\/fr\/"},{"@type":"ListItem","position":2,"name":"Shop","item":"https:\/\/chimiver.com\/?page_id=10"},{"@type":"ListItem","position":3,"name":"ADESIVER RE MS"}]},{"@type":"WebSite","@id":"https:\/\/chimiver.com\/fr\/#website","url":"https:\/\/chimiver.com\/fr\/","name":"Chimiver, Your floors partner","description":"Your floors partner","publisher":{"@id":"https:\/\/chimiver.com\/fr\/#organization"},"alternateName":"Chimiver","potentialAction":[{"@type":"SearchAction","target":{"@type":"EntryPoint","urlTemplate":"https:\/\/chimiver.com\/fr\/?s={search_term_string}"},"query-input":{"@type":"PropertyValueSpecification","valueRequired":true,"valueName":"search_term_string"}}],"inLanguage":"fr-FR"},{"@type":"Organization","@id":"https:\/\/chimiver.com\/fr\/#organization","name":"Chimiver","url":"https:\/\/chimiver.com\/fr\/","logo":{"@type":"ImageObject","inLanguage":"fr-FR","@id":"https:\/\/chimiver.com\/fr\/#\/schema\/logo\/image\/","url":"https:\/\/chimiver.com\/wp-content\/uploads\/2022\/06\/Chimiver_500x500.jpg","contentUrl":"https:\/\/chimiver.com\/wp-content\/uploads\/2022\/06\/Chimiver_500x500.jpg","width":500,"height":500,"caption":"Chimiver"},"image":{"@id":"https:\/\/chimiver.com\/fr\/#\/schema\/logo\/image\/"},"sameAs":["https:\/\/www.facebook.com\/chimiver"]}]}},"_links":{"self":[{"href":"https:\/\/chimiver.com\/fr\/wp-json\/wp\/v2\/product\/19496","targetHints":{"allow":["GET"]}}],"collection":[{"href":"https:\/\/chimiver.com\/fr\/wp-json\/wp\/v2\/product"}],"about":[{"href":"https:\/\/chimiver.com\/fr\/wp-json\/wp\/v2\/types\/product"}],"replies":[{"embeddable":true,"href":"https:\/\/chimiver.com\/fr\/wp-json\/wp\/v2\/comments?post=19496"}],"wp:featuredmedia":[{"embeddable":true,"href":"https:\/\/chimiver.com\/fr\/wp-json\/wp\/v2\/media\/19479"}],"wp:attachment":[{"href":"https:\/\/chimiver.com\/fr\/wp-json\/wp\/v2\/media?parent=19496"}],"wp:term":[{"taxonomy":"product_brand","embeddable":true,"href":"https:\/\/chimiver.com\/fr\/wp-json\/wp\/v2\/product_brand?post=19496"},{"taxonomy":"product_cat","embeddable":true,"href":"https:\/\/chimiver.com\/fr\/wp-json\/wp\/v2\/product_cat?post=19496"},{"taxonomy":"product_tag","embeddable":true,"href":"https:\/\/chimiver.com\/fr\/wp-json\/wp\/v2\/product_tag?post=19496"}],"curies":[{"name":"wp","href":"https:\/\/api.w.org\/{rel}","templated":true}]}}