{"id":19856,"date":"2024-06-05T10:58:00","date_gmt":"2024-06-05T08:58:00","guid":{"rendered":"https:\/\/chimiver.com\/prodotto\/adesiver-green-turf-1k-ms\/"},"modified":"2024-06-05T11:06:50","modified_gmt":"2024-06-05T09:06:50","slug":"adesiver-green-turf-1k-ms","status":"publish","type":"product","link":"https:\/\/chimiver.com\/fr\/prodotto\/adesiver-green-turf-1k-ms\/","title":{"rendered":"ADESIVER GREEN TURF 1K MS"},"content":{"rendered":"<p>Adh\u00e9sif silanique monocomposant hygrom\u00e9trique caract\u00e9ris\u00e9 par une thixotropie \u00e9lev\u00e9e et une excellente adh\u00e9rence initiale. Il est facile \u00e0 appliquer, haute \u00e9lasticit\u00e9 qui maintient la constante dans le temps, bonne adh\u00e9rence sur la plupart des surfaces. ADESIVER GREEN TURF 1K MS non mousse en phase de durcissement. Il a une bonne r\u00e9sistance \u00e0 l&rsquo;eau sal\u00e9e, aux solvants aliphatiques et aux alcools. Emplois: Collage des bandes de jonction entre les feuilles de gazon synth\u00e9tique plac\u00e9es \u00e0 l&rsquo;int\u00e9rieur et \u00e0 l&rsquo;ext\u00e9rieur, m\u00eame en pr\u00e9sence d&rsquo;humidit\u00e9 r\u00e9siduelle. Ne convient pas aux terrains de sport professionnels.<\/p>\n","protected":false},"excerpt":{"rendered":"Adh\u00e9sif \u00e0 un composant silanique tixotropique pour le collage de gazon synth\u00e9tique","protected":false},"featured_media":19824,"comment_status":"open","ping_status":"closed","template":"","meta":{"_acf_changed":false,"inline_featured_image":false},"product_brand":[],"product_cat":[785,789,790],"product_tag":[],"class_list":{"0":"post-19856","1":"product","2":"type-product","3":"status-publish","4":"has-post-thumbnail","6":"product_cat-gazon-synthetique","7":"product_cat-coller-et-tracer-gazone-synthetique-et-naturelle","8":"product_cat-adhesifs-pour-linterieur-et-lexterieur-fr","10":"first","11":"instock","12":"shipping-taxable","13":"product-type-simple","14":"add-to-wishlist-after_add_to_cart"},"acf":[],"yoast_head":"<!-- This site is optimized with the Yoast SEO plugin v26.2 - https:\/\/yoast.com\/wordpress\/plugins\/seo\/ -->\n<title>Adh\u00e9sif pour gazon synth\u00e9tique - ADESIVER GREEN TURF 1K MS<\/title>\n<meta name=\"description\" content=\"Discover ADESIVER GREEN TURF 1K MS . Adh\u00e9sif \u00e0 un composant silanique tixotropique pour le collage de gazonsynth\u00e9tique\" \/>\n<meta name=\"robots\" content=\"index, follow, max-snippet:-1, max-image-preview:large, max-video-preview:-1\" \/>\n<link rel=\"canonical\" href=\"https:\/\/chimiver.com\/fr\/prodotto\/adesiver-green-turf-1k-ms\/\" \/>\n<meta property=\"og:locale\" content=\"fr_FR\" \/>\n<meta property=\"og:type\" content=\"article\" \/>\n<meta property=\"og:title\" content=\"Adh\u00e9sif pour gazon synth\u00e9tique - ADESIVER GREEN TURF 1K MS\" \/>\n<meta property=\"og:description\" content=\"Discover ADESIVER GREEN TURF 1K MS . Adh\u00e9sif \u00e0 un composant silanique tixotropique pour le collage de gazonsynth\u00e9tique\" \/>\n<meta property=\"og:url\" content=\"https:\/\/chimiver.com\/fr\/prodotto\/adesiver-green-turf-1k-ms\/\" \/>\n<meta property=\"og:site_name\" content=\"Chimiver\" \/>\n<meta property=\"article:publisher\" content=\"https:\/\/www.facebook.com\/chimiver\" \/>\n<meta property=\"article:modified_time\" content=\"2024-06-05T09:06:50+00:00\" \/>\n<meta property=\"og:image\" content=\"https:\/\/chimiver.com\/wp-content\/uploads\/2024\/06\/green-turf-1k-MS_290-ML.jpg\" \/>\n\t<meta property=\"og:image:width\" content=\"640\" \/>\n\t<meta property=\"og:image:height\" content=\"640\" \/>\n\t<meta property=\"og:image:type\" content=\"image\/jpeg\" \/>\n<meta name=\"twitter:card\" content=\"summary_large_image\" \/>\n<meta name=\"twitter:label1\" content=\"Dur\u00e9e de lecture estim\u00e9e\" \/>\n\t<meta name=\"twitter:data1\" content=\"1 minute\" \/>\n<script type=\"application\/ld+json\" class=\"yoast-schema-graph\">{\"@context\":\"https:\/\/schema.org\",\"@graph\":[{\"@type\":\"WebPage\",\"@id\":\"https:\/\/chimiver.com\/fr\/prodotto\/adesiver-green-turf-1k-ms\/\",\"url\":\"https:\/\/chimiver.com\/fr\/prodotto\/adesiver-green-turf-1k-ms\/\",\"name\":\"Adh\u00e9sif pour gazon synth\u00e9tique - ADESIVER GREEN TURF 1K MS\",\"isPartOf\":{\"@id\":\"https:\/\/chimiver.com\/fr\/#website\"},\"primaryImageOfPage\":{\"@id\":\"https:\/\/chimiver.com\/fr\/prodotto\/adesiver-green-turf-1k-ms\/#primaryimage\"},\"image\":{\"@id\":\"https:\/\/chimiver.com\/fr\/prodotto\/adesiver-green-turf-1k-ms\/#primaryimage\"},\"thumbnailUrl\":\"https:\/\/chimiver.com\/wp-content\/uploads\/2024\/06\/green-turf-1k-MS_290-ML.jpg\",\"datePublished\":\"2024-06-05T08:58:00+00:00\",\"dateModified\":\"2024-06-05T09:06:50+00:00\",\"description\":\"Discover ADESIVER GREEN TURF 1K MS . Adh\u00e9sif \u00e0 un composant silanique tixotropique pour le collage de gazonsynth\u00e9tique\",\"breadcrumb\":{\"@id\":\"https:\/\/chimiver.com\/fr\/prodotto\/adesiver-green-turf-1k-ms\/#breadcrumb\"},\"inLanguage\":\"fr-FR\",\"potentialAction\":[{\"@type\":\"ReadAction\",\"target\":[\"https:\/\/chimiver.com\/fr\/prodotto\/adesiver-green-turf-1k-ms\/\"]}]},{\"@type\":\"ImageObject\",\"inLanguage\":\"fr-FR\",\"@id\":\"https:\/\/chimiver.com\/fr\/prodotto\/adesiver-green-turf-1k-ms\/#primaryimage\",\"url\":\"https:\/\/chimiver.com\/wp-content\/uploads\/2024\/06\/green-turf-1k-MS_290-ML.jpg\",\"contentUrl\":\"https:\/\/chimiver.com\/wp-content\/uploads\/2024\/06\/green-turf-1k-MS_290-ML.jpg\",\"width\":640,\"height\":640,\"caption\":\"Created with GIMP\"},{\"@type\":\"BreadcrumbList\",\"@id\":\"https:\/\/chimiver.com\/fr\/prodotto\/adesiver-green-turf-1k-ms\/#breadcrumb\",\"itemListElement\":[{\"@type\":\"ListItem\",\"position\":1,\"name\":\"Home\",\"item\":\"https:\/\/chimiver.com\/fr\/\"},{\"@type\":\"ListItem\",\"position\":2,\"name\":\"Shop\",\"item\":\"https:\/\/chimiver.com\/?page_id=10\"},{\"@type\":\"ListItem\",\"position\":3,\"name\":\"ADESIVER GREEN TURF 1K MS\"}]},{\"@type\":\"WebSite\",\"@id\":\"https:\/\/chimiver.com\/fr\/#website\",\"url\":\"https:\/\/chimiver.com\/fr\/\",\"name\":\"Chimiver, Your floors partner\",\"description\":\"Your floors partner\",\"publisher\":{\"@id\":\"https:\/\/chimiver.com\/fr\/#organization\"},\"alternateName\":\"Chimiver\",\"potentialAction\":[{\"@type\":\"SearchAction\",\"target\":{\"@type\":\"EntryPoint\",\"urlTemplate\":\"https:\/\/chimiver.com\/fr\/?s={search_term_string}\"},\"query-input\":{\"@type\":\"PropertyValueSpecification\",\"valueRequired\":true,\"valueName\":\"search_term_string\"}}],\"inLanguage\":\"fr-FR\"},{\"@type\":\"Organization\",\"@id\":\"https:\/\/chimiver.com\/fr\/#organization\",\"name\":\"Chimiver\",\"url\":\"https:\/\/chimiver.com\/fr\/\",\"logo\":{\"@type\":\"ImageObject\",\"inLanguage\":\"fr-FR\",\"@id\":\"https:\/\/chimiver.com\/fr\/#\/schema\/logo\/image\/\",\"url\":\"https:\/\/chimiver.com\/wp-content\/uploads\/2022\/06\/Chimiver_500x500.jpg\",\"contentUrl\":\"https:\/\/chimiver.com\/wp-content\/uploads\/2022\/06\/Chimiver_500x500.jpg\",\"width\":500,\"height\":500,\"caption\":\"Chimiver\"},\"image\":{\"@id\":\"https:\/\/chimiver.com\/fr\/#\/schema\/logo\/image\/\"},\"sameAs\":[\"https:\/\/www.facebook.com\/chimiver\"]}]}<\/script>\n<!-- \/ Yoast SEO plugin. -->","yoast_head_json":{"title":"Adh\u00e9sif pour gazon synth\u00e9tique - ADESIVER GREEN TURF 1K MS","description":"Discover ADESIVER GREEN TURF 1K MS . Adh\u00e9sif \u00e0 un composant silanique tixotropique pour le collage de gazonsynth\u00e9tique","robots":{"index":"index","follow":"follow","max-snippet":"max-snippet:-1","max-image-preview":"max-image-preview:large","max-video-preview":"max-video-preview:-1"},"canonical":"https:\/\/chimiver.com\/fr\/prodotto\/adesiver-green-turf-1k-ms\/","og_locale":"fr_FR","og_type":"article","og_title":"Adh\u00e9sif pour gazon synth\u00e9tique - ADESIVER GREEN TURF 1K MS","og_description":"Discover ADESIVER GREEN TURF 1K MS . Adh\u00e9sif \u00e0 un composant silanique tixotropique pour le collage de gazonsynth\u00e9tique","og_url":"https:\/\/chimiver.com\/fr\/prodotto\/adesiver-green-turf-1k-ms\/","og_site_name":"Chimiver","article_publisher":"https:\/\/www.facebook.com\/chimiver","article_modified_time":"2024-06-05T09:06:50+00:00","og_image":[{"width":640,"height":640,"url":"https:\/\/chimiver.com\/wp-content\/uploads\/2024\/06\/green-turf-1k-MS_290-ML.jpg","type":"image\/jpeg"}],"twitter_card":"summary_large_image","twitter_misc":{"Dur\u00e9e de lecture estim\u00e9e":"1 minute"},"schema":{"@context":"https:\/\/schema.org","@graph":[{"@type":"WebPage","@id":"https:\/\/chimiver.com\/fr\/prodotto\/adesiver-green-turf-1k-ms\/","url":"https:\/\/chimiver.com\/fr\/prodotto\/adesiver-green-turf-1k-ms\/","name":"Adh\u00e9sif pour gazon synth\u00e9tique - ADESIVER GREEN TURF 1K MS","isPartOf":{"@id":"https:\/\/chimiver.com\/fr\/#website"},"primaryImageOfPage":{"@id":"https:\/\/chimiver.com\/fr\/prodotto\/adesiver-green-turf-1k-ms\/#primaryimage"},"image":{"@id":"https:\/\/chimiver.com\/fr\/prodotto\/adesiver-green-turf-1k-ms\/#primaryimage"},"thumbnailUrl":"https:\/\/chimiver.com\/wp-content\/uploads\/2024\/06\/green-turf-1k-MS_290-ML.jpg","datePublished":"2024-06-05T08:58:00+00:00","dateModified":"2024-06-05T09:06:50+00:00","description":"Discover ADESIVER GREEN TURF 1K MS . Adh\u00e9sif \u00e0 un composant silanique tixotropique pour le collage de gazonsynth\u00e9tique","breadcrumb":{"@id":"https:\/\/chimiver.com\/fr\/prodotto\/adesiver-green-turf-1k-ms\/#breadcrumb"},"inLanguage":"fr-FR","potentialAction":[{"@type":"ReadAction","target":["https:\/\/chimiver.com\/fr\/prodotto\/adesiver-green-turf-1k-ms\/"]}]},{"@type":"ImageObject","inLanguage":"fr-FR","@id":"https:\/\/chimiver.com\/fr\/prodotto\/adesiver-green-turf-1k-ms\/#primaryimage","url":"https:\/\/chimiver.com\/wp-content\/uploads\/2024\/06\/green-turf-1k-MS_290-ML.jpg","contentUrl":"https:\/\/chimiver.com\/wp-content\/uploads\/2024\/06\/green-turf-1k-MS_290-ML.jpg","width":640,"height":640,"caption":"Created with GIMP"},{"@type":"BreadcrumbList","@id":"https:\/\/chimiver.com\/fr\/prodotto\/adesiver-green-turf-1k-ms\/#breadcrumb","itemListElement":[{"@type":"ListItem","position":1,"name":"Home","item":"https:\/\/chimiver.com\/fr\/"},{"@type":"ListItem","position":2,"name":"Shop","item":"https:\/\/chimiver.com\/?page_id=10"},{"@type":"ListItem","position":3,"name":"ADESIVER GREEN TURF 1K MS"}]},{"@type":"WebSite","@id":"https:\/\/chimiver.com\/fr\/#website","url":"https:\/\/chimiver.com\/fr\/","name":"Chimiver, Your floors partner","description":"Your floors partner","publisher":{"@id":"https:\/\/chimiver.com\/fr\/#organization"},"alternateName":"Chimiver","potentialAction":[{"@type":"SearchAction","target":{"@type":"EntryPoint","urlTemplate":"https:\/\/chimiver.com\/fr\/?s={search_term_string}"},"query-input":{"@type":"PropertyValueSpecification","valueRequired":true,"valueName":"search_term_string"}}],"inLanguage":"fr-FR"},{"@type":"Organization","@id":"https:\/\/chimiver.com\/fr\/#organization","name":"Chimiver","url":"https:\/\/chimiver.com\/fr\/","logo":{"@type":"ImageObject","inLanguage":"fr-FR","@id":"https:\/\/chimiver.com\/fr\/#\/schema\/logo\/image\/","url":"https:\/\/chimiver.com\/wp-content\/uploads\/2022\/06\/Chimiver_500x500.jpg","contentUrl":"https:\/\/chimiver.com\/wp-content\/uploads\/2022\/06\/Chimiver_500x500.jpg","width":500,"height":500,"caption":"Chimiver"},"image":{"@id":"https:\/\/chimiver.com\/fr\/#\/schema\/logo\/image\/"},"sameAs":["https:\/\/www.facebook.com\/chimiver"]}]}},"_links":{"self":[{"href":"https:\/\/chimiver.com\/fr\/wp-json\/wp\/v2\/product\/19856","targetHints":{"allow":["GET"]}}],"collection":[{"href":"https:\/\/chimiver.com\/fr\/wp-json\/wp\/v2\/product"}],"about":[{"href":"https:\/\/chimiver.com\/fr\/wp-json\/wp\/v2\/types\/product"}],"replies":[{"embeddable":true,"href":"https:\/\/chimiver.com\/fr\/wp-json\/wp\/v2\/comments?post=19856"}],"wp:featuredmedia":[{"embeddable":true,"href":"https:\/\/chimiver.com\/fr\/wp-json\/wp\/v2\/media\/19824"}],"wp:attachment":[{"href":"https:\/\/chimiver.com\/fr\/wp-json\/wp\/v2\/media?parent=19856"}],"wp:term":[{"taxonomy":"product_brand","embeddable":true,"href":"https:\/\/chimiver.com\/fr\/wp-json\/wp\/v2\/product_brand?post=19856"},{"taxonomy":"product_cat","embeddable":true,"href":"https:\/\/chimiver.com\/fr\/wp-json\/wp\/v2\/product_cat?post=19856"},{"taxonomy":"product_tag","embeddable":true,"href":"https:\/\/chimiver.com\/fr\/wp-json\/wp\/v2\/product_tag?post=19856"}],"curies":[{"name":"wp","href":"https:\/\/api.w.org\/{rel}","templated":true}]}}