{"id":21971,"date":"2025-02-05T15:46:27","date_gmt":"2025-02-05T14:46:27","guid":{"rendered":"https:\/\/chimiver.com\/prodotto\/kit-3-ecoricariche-velurex-resina-cleaner\/"},"modified":"2025-11-27T11:50:00","modified_gmt":"2025-11-27T10:50:00","slug":"kit-3-ecoricariche-velurex-resina-cleaner","status":"publish","type":"product","link":"https:\/\/chimiver.com\/fr\/prodotto\/kit-3-ecoricariche-velurex-resina-cleaner\/","title":{"rendered":"KIT 3 ECORICARICHE Velurex Resina Cleaner"},"content":{"rendered":"<p>Nettoyant neutre polyvalent et intesif, particuli\u00e8rement indiqu\u00e9 pour le nettoyage de sols en r\u00e9sine et micro-ciment. Il agit aussi efficacement en enlevant la salet\u00e9, les traces de chaussure, les taches; il ne laisse pas de halos et donne un bon parfum. VELUREX Resina Cleaner est un d\u00e9tergent neutre additiv\u00e9 avec des nanoparticules qui garantie \u00e0 la surface une nettoyage intensif prolong\u00e9e m\u00eame en pr\u00e9sence d&rsquo;animaux.<\/p>\n<ul>\n<li>1 \u00c9CORECHARGE = 1 FLACON R\u00c9G\u00c9N\u00c9R\u00c9<\/li>\n<\/ul>\n","protected":false},"excerpt":{"rendered":"Nettoyant neutre polyvalent intensif pour sols en r\u00e9sine et micro-ciment","protected":false},"featured_media":21937,"comment_status":"open","ping_status":"closed","template":"","meta":{"_acf_changed":false,"inline_featured_image":false},"product_brand":[],"product_cat":[811,812,820],"product_tag":[],"class_list":{"0":"post-21971","1":"product","2":"type-product","3":"status-publish","4":"has-post-thumbnail","6":"product_cat-particuliers","7":"product_cat-sols-interieur","8":"product_cat-sols-en-resine-fr","10":"first","11":"instock","12":"shipping-taxable","13":"product-type-simple","14":"add-to-wishlist-after_add_to_cart"},"acf":[],"yoast_head":"<!-- This site is optimized with the Yoast SEO plugin v26.2 - https:\/\/yoast.com\/wordpress\/plugins\/seo\/ -->\n<title>Nettoyant pour sols en r\u00e9sine - ECORICARICHE RESINA CLEANER<\/title>\n<meta name=\"description\" content=\"D\u00e9couvrez KIT 3 ECORICARICHE Velurex Resina Cleaner . Nettoyant multi-usages intensif adapt\u00e9 aux sols en r\u00e9sine et au microciment, pr\u00e9sent\u00e9 sous forme de capsule hydrosoluble.\" \/>\n<meta name=\"robots\" content=\"index, follow, max-snippet:-1, max-image-preview:large, max-video-preview:-1\" \/>\n<link rel=\"canonical\" href=\"https:\/\/chimiver.com\/fr\/prodotto\/kit-3-ecoricariche-velurex-resina-cleaner\/\" \/>\n<meta property=\"og:locale\" content=\"fr_FR\" \/>\n<meta property=\"og:type\" content=\"article\" \/>\n<meta property=\"og:title\" content=\"Nettoyant pour sols en r\u00e9sine - ECORICARICHE RESINA CLEANER\" \/>\n<meta property=\"og:description\" content=\"D\u00e9couvrez KIT 3 ECORICARICHE Velurex Resina Cleaner . Nettoyant multi-usages intensif adapt\u00e9 aux sols en r\u00e9sine et au microciment, pr\u00e9sent\u00e9 sous forme de capsule hydrosoluble.\" \/>\n<meta property=\"og:url\" content=\"https:\/\/chimiver.com\/fr\/prodotto\/kit-3-ecoricariche-velurex-resina-cleaner\/\" \/>\n<meta property=\"og:site_name\" content=\"Chimiver\" \/>\n<meta property=\"article:publisher\" content=\"https:\/\/www.facebook.com\/chimiver\" \/>\n<meta property=\"article:modified_time\" content=\"2025-11-27T10:50:00+00:00\" \/>\n<meta property=\"og:image\" content=\"https:\/\/chimiver.com\/wp-content\/uploads\/2025\/02\/Ecoricariche_Resina-Cleaner.jpg\" \/>\n\t<meta property=\"og:image:width\" content=\"640\" \/>\n\t<meta property=\"og:image:height\" content=\"640\" \/>\n\t<meta property=\"og:image:type\" content=\"image\/jpeg\" \/>\n<meta name=\"twitter:card\" content=\"summary_large_image\" \/>\n<meta name=\"twitter:label1\" content=\"Dur\u00e9e de lecture estim\u00e9e\" \/>\n\t<meta name=\"twitter:data1\" content=\"1 minute\" \/>\n<script type=\"application\/ld+json\" class=\"yoast-schema-graph\">{\"@context\":\"https:\/\/schema.org\",\"@graph\":[{\"@type\":\"WebPage\",\"@id\":\"https:\/\/chimiver.com\/fr\/prodotto\/kit-3-ecoricariche-velurex-resina-cleaner\/\",\"url\":\"https:\/\/chimiver.com\/fr\/prodotto\/kit-3-ecoricariche-velurex-resina-cleaner\/\",\"name\":\"Nettoyant pour sols en r\u00e9sine - ECORICARICHE RESINA CLEANER\",\"isPartOf\":{\"@id\":\"https:\/\/chimiver.com\/fr\/#website\"},\"primaryImageOfPage\":{\"@id\":\"https:\/\/chimiver.com\/fr\/prodotto\/kit-3-ecoricariche-velurex-resina-cleaner\/#primaryimage\"},\"image\":{\"@id\":\"https:\/\/chimiver.com\/fr\/prodotto\/kit-3-ecoricariche-velurex-resina-cleaner\/#primaryimage\"},\"thumbnailUrl\":\"https:\/\/chimiver.com\/wp-content\/uploads\/2025\/02\/Ecoricariche_Resina-Cleaner.jpg\",\"datePublished\":\"2025-02-05T14:46:27+00:00\",\"dateModified\":\"2025-11-27T10:50:00+00:00\",\"description\":\"D\u00e9couvrez KIT 3 ECORICARICHE Velurex Resina Cleaner . Nettoyant multi-usages intensif adapt\u00e9 aux sols en r\u00e9sine et au microciment, pr\u00e9sent\u00e9 sous forme de capsule hydrosoluble.\",\"breadcrumb\":{\"@id\":\"https:\/\/chimiver.com\/fr\/prodotto\/kit-3-ecoricariche-velurex-resina-cleaner\/#breadcrumb\"},\"inLanguage\":\"fr-FR\",\"potentialAction\":[{\"@type\":\"ReadAction\",\"target\":[\"https:\/\/chimiver.com\/fr\/prodotto\/kit-3-ecoricariche-velurex-resina-cleaner\/\"]}]},{\"@type\":\"ImageObject\",\"inLanguage\":\"fr-FR\",\"@id\":\"https:\/\/chimiver.com\/fr\/prodotto\/kit-3-ecoricariche-velurex-resina-cleaner\/#primaryimage\",\"url\":\"https:\/\/chimiver.com\/wp-content\/uploads\/2025\/02\/Ecoricariche_Resina-Cleaner.jpg\",\"contentUrl\":\"https:\/\/chimiver.com\/wp-content\/uploads\/2025\/02\/Ecoricariche_Resina-Cleaner.jpg\",\"width\":640,\"height\":640},{\"@type\":\"BreadcrumbList\",\"@id\":\"https:\/\/chimiver.com\/fr\/prodotto\/kit-3-ecoricariche-velurex-resina-cleaner\/#breadcrumb\",\"itemListElement\":[{\"@type\":\"ListItem\",\"position\":1,\"name\":\"Home\",\"item\":\"https:\/\/chimiver.com\/fr\/\"},{\"@type\":\"ListItem\",\"position\":2,\"name\":\"Shop\",\"item\":\"https:\/\/chimiver.com\/?page_id=10\"},{\"@type\":\"ListItem\",\"position\":3,\"name\":\"KIT 3 ECORICARICHE Velurex Resina Cleaner\"}]},{\"@type\":\"WebSite\",\"@id\":\"https:\/\/chimiver.com\/fr\/#website\",\"url\":\"https:\/\/chimiver.com\/fr\/\",\"name\":\"Chimiver, Your floors partner\",\"description\":\"Your floors partner\",\"publisher\":{\"@id\":\"https:\/\/chimiver.com\/fr\/#organization\"},\"alternateName\":\"Chimiver\",\"potentialAction\":[{\"@type\":\"SearchAction\",\"target\":{\"@type\":\"EntryPoint\",\"urlTemplate\":\"https:\/\/chimiver.com\/fr\/?s={search_term_string}\"},\"query-input\":{\"@type\":\"PropertyValueSpecification\",\"valueRequired\":true,\"valueName\":\"search_term_string\"}}],\"inLanguage\":\"fr-FR\"},{\"@type\":\"Organization\",\"@id\":\"https:\/\/chimiver.com\/fr\/#organization\",\"name\":\"Chimiver\",\"url\":\"https:\/\/chimiver.com\/fr\/\",\"logo\":{\"@type\":\"ImageObject\",\"inLanguage\":\"fr-FR\",\"@id\":\"https:\/\/chimiver.com\/fr\/#\/schema\/logo\/image\/\",\"url\":\"https:\/\/chimiver.com\/wp-content\/uploads\/2022\/06\/Chimiver_500x500.jpg\",\"contentUrl\":\"https:\/\/chimiver.com\/wp-content\/uploads\/2022\/06\/Chimiver_500x500.jpg\",\"width\":500,\"height\":500,\"caption\":\"Chimiver\"},\"image\":{\"@id\":\"https:\/\/chimiver.com\/fr\/#\/schema\/logo\/image\/\"},\"sameAs\":[\"https:\/\/www.facebook.com\/chimiver\"]}]}<\/script>\n<!-- \/ Yoast SEO plugin. -->","yoast_head_json":{"title":"Nettoyant pour sols en r\u00e9sine - ECORICARICHE RESINA CLEANER","description":"D\u00e9couvrez KIT 3 ECORICARICHE Velurex Resina Cleaner . Nettoyant multi-usages intensif adapt\u00e9 aux sols en r\u00e9sine et au microciment, pr\u00e9sent\u00e9 sous forme de capsule hydrosoluble.","robots":{"index":"index","follow":"follow","max-snippet":"max-snippet:-1","max-image-preview":"max-image-preview:large","max-video-preview":"max-video-preview:-1"},"canonical":"https:\/\/chimiver.com\/fr\/prodotto\/kit-3-ecoricariche-velurex-resina-cleaner\/","og_locale":"fr_FR","og_type":"article","og_title":"Nettoyant pour sols en r\u00e9sine - ECORICARICHE RESINA CLEANER","og_description":"D\u00e9couvrez KIT 3 ECORICARICHE Velurex Resina Cleaner . Nettoyant multi-usages intensif adapt\u00e9 aux sols en r\u00e9sine et au microciment, pr\u00e9sent\u00e9 sous forme de capsule hydrosoluble.","og_url":"https:\/\/chimiver.com\/fr\/prodotto\/kit-3-ecoricariche-velurex-resina-cleaner\/","og_site_name":"Chimiver","article_publisher":"https:\/\/www.facebook.com\/chimiver","article_modified_time":"2025-11-27T10:50:00+00:00","og_image":[{"width":640,"height":640,"url":"https:\/\/chimiver.com\/wp-content\/uploads\/2025\/02\/Ecoricariche_Resina-Cleaner.jpg","type":"image\/jpeg"}],"twitter_card":"summary_large_image","twitter_misc":{"Dur\u00e9e de lecture estim\u00e9e":"1 minute"},"schema":{"@context":"https:\/\/schema.org","@graph":[{"@type":"WebPage","@id":"https:\/\/chimiver.com\/fr\/prodotto\/kit-3-ecoricariche-velurex-resina-cleaner\/","url":"https:\/\/chimiver.com\/fr\/prodotto\/kit-3-ecoricariche-velurex-resina-cleaner\/","name":"Nettoyant pour sols en r\u00e9sine - ECORICARICHE RESINA CLEANER","isPartOf":{"@id":"https:\/\/chimiver.com\/fr\/#website"},"primaryImageOfPage":{"@id":"https:\/\/chimiver.com\/fr\/prodotto\/kit-3-ecoricariche-velurex-resina-cleaner\/#primaryimage"},"image":{"@id":"https:\/\/chimiver.com\/fr\/prodotto\/kit-3-ecoricariche-velurex-resina-cleaner\/#primaryimage"},"thumbnailUrl":"https:\/\/chimiver.com\/wp-content\/uploads\/2025\/02\/Ecoricariche_Resina-Cleaner.jpg","datePublished":"2025-02-05T14:46:27+00:00","dateModified":"2025-11-27T10:50:00+00:00","description":"D\u00e9couvrez KIT 3 ECORICARICHE Velurex Resina Cleaner . Nettoyant multi-usages intensif adapt\u00e9 aux sols en r\u00e9sine et au microciment, pr\u00e9sent\u00e9 sous forme de capsule hydrosoluble.","breadcrumb":{"@id":"https:\/\/chimiver.com\/fr\/prodotto\/kit-3-ecoricariche-velurex-resina-cleaner\/#breadcrumb"},"inLanguage":"fr-FR","potentialAction":[{"@type":"ReadAction","target":["https:\/\/chimiver.com\/fr\/prodotto\/kit-3-ecoricariche-velurex-resina-cleaner\/"]}]},{"@type":"ImageObject","inLanguage":"fr-FR","@id":"https:\/\/chimiver.com\/fr\/prodotto\/kit-3-ecoricariche-velurex-resina-cleaner\/#primaryimage","url":"https:\/\/chimiver.com\/wp-content\/uploads\/2025\/02\/Ecoricariche_Resina-Cleaner.jpg","contentUrl":"https:\/\/chimiver.com\/wp-content\/uploads\/2025\/02\/Ecoricariche_Resina-Cleaner.jpg","width":640,"height":640},{"@type":"BreadcrumbList","@id":"https:\/\/chimiver.com\/fr\/prodotto\/kit-3-ecoricariche-velurex-resina-cleaner\/#breadcrumb","itemListElement":[{"@type":"ListItem","position":1,"name":"Home","item":"https:\/\/chimiver.com\/fr\/"},{"@type":"ListItem","position":2,"name":"Shop","item":"https:\/\/chimiver.com\/?page_id=10"},{"@type":"ListItem","position":3,"name":"KIT 3 ECORICARICHE Velurex Resina Cleaner"}]},{"@type":"WebSite","@id":"https:\/\/chimiver.com\/fr\/#website","url":"https:\/\/chimiver.com\/fr\/","name":"Chimiver, Your floors partner","description":"Your floors partner","publisher":{"@id":"https:\/\/chimiver.com\/fr\/#organization"},"alternateName":"Chimiver","potentialAction":[{"@type":"SearchAction","target":{"@type":"EntryPoint","urlTemplate":"https:\/\/chimiver.com\/fr\/?s={search_term_string}"},"query-input":{"@type":"PropertyValueSpecification","valueRequired":true,"valueName":"search_term_string"}}],"inLanguage":"fr-FR"},{"@type":"Organization","@id":"https:\/\/chimiver.com\/fr\/#organization","name":"Chimiver","url":"https:\/\/chimiver.com\/fr\/","logo":{"@type":"ImageObject","inLanguage":"fr-FR","@id":"https:\/\/chimiver.com\/fr\/#\/schema\/logo\/image\/","url":"https:\/\/chimiver.com\/wp-content\/uploads\/2022\/06\/Chimiver_500x500.jpg","contentUrl":"https:\/\/chimiver.com\/wp-content\/uploads\/2022\/06\/Chimiver_500x500.jpg","width":500,"height":500,"caption":"Chimiver"},"image":{"@id":"https:\/\/chimiver.com\/fr\/#\/schema\/logo\/image\/"},"sameAs":["https:\/\/www.facebook.com\/chimiver"]}]}},"_links":{"self":[{"href":"https:\/\/chimiver.com\/fr\/wp-json\/wp\/v2\/product\/21971","targetHints":{"allow":["GET"]}}],"collection":[{"href":"https:\/\/chimiver.com\/fr\/wp-json\/wp\/v2\/product"}],"about":[{"href":"https:\/\/chimiver.com\/fr\/wp-json\/wp\/v2\/types\/product"}],"replies":[{"embeddable":true,"href":"https:\/\/chimiver.com\/fr\/wp-json\/wp\/v2\/comments?post=21971"}],"wp:featuredmedia":[{"embeddable":true,"href":"https:\/\/chimiver.com\/fr\/wp-json\/wp\/v2\/media\/21937"}],"wp:attachment":[{"href":"https:\/\/chimiver.com\/fr\/wp-json\/wp\/v2\/media?parent=21971"}],"wp:term":[{"taxonomy":"product_brand","embeddable":true,"href":"https:\/\/chimiver.com\/fr\/wp-json\/wp\/v2\/product_brand?post=21971"},{"taxonomy":"product_cat","embeddable":true,"href":"https:\/\/chimiver.com\/fr\/wp-json\/wp\/v2\/product_cat?post=21971"},{"taxonomy":"product_tag","embeddable":true,"href":"https:\/\/chimiver.com\/fr\/wp-json\/wp\/v2\/product_tag?post=21971"}],"curies":[{"name":"wp","href":"https:\/\/api.w.org\/{rel}","templated":true}]}}