{"id":21990,"date":"2025-02-05T16:43:49","date_gmt":"2025-02-05T15:43:49","guid":{"rendered":"https:\/\/chimiver.com\/prodotto\/kit-3-ecoricariche-velurex-lvt-spc-cleaner\/"},"modified":"2026-02-27T13:39:55","modified_gmt":"2026-02-27T12:39:55","slug":"kit-3-ecoricariche-velurex-lvt-spc-cleaner","status":"publish","type":"product","link":"https:\/\/chimiver.com\/fr\/prodotto\/kit-3-ecoricariche-velurex-lvt-spc-cleaner\/","title":{"rendered":"KIT 3 ECORICARICHE Velurex SPC \/ LVT Cleaner"},"content":{"rendered":"<p>Nettoyant antistatique intensif pour le nettoyage des rev\u00eatements de sol en vinyle. L&rsquo;\u00e9mulsion antistatique aide \u00e0 l&rsquo;absorption et \u00e0 la pr\u00e9vention de l&rsquo;accumulation de poussi\u00e8re. VELUREX SPC \/ LVT Cleaner contient des nanoparticules sp\u00e9ciales qui donnent aux surfaces trait\u00e9es une profonde nettoyage et une action durable. Ne laisse pas de halos et ne doit \u00eatre rinc\u00e9 il laisse une odeur agr\u00e9able et un parfum frais dans l&rsquo;ambiance. Id\u00e9al aussi en pr\u00e9sence d&rsquo;animaux domestiques.<\/p>\n<ul>\n<li>1 \u00c9CORECHARGE = 1 FLACON R\u00c9G\u00c9N\u00c9R\u00c9<\/li>\n<\/ul>\n","protected":false},"excerpt":{"rendered":"D\u00e9tergent antistatique pour le nettoyage des sols en LVT, SPC, Linol\u00e9um et PVC","protected":false},"featured_media":21985,"comment_status":"open","ping_status":"closed","template":"","meta":{"_acf_changed":false,"inline_featured_image":false},"product_brand":[],"product_cat":[811,812,817],"product_tag":[],"class_list":{"0":"post-21990","1":"product","2":"type-product","3":"status-publish","4":"has-post-thumbnail","6":"product_cat-particuliers","7":"product_cat-sols-interieur","8":"product_cat-sols-en-vinyle-fr","10":"first","11":"instock","12":"shipping-taxable","13":"product-type-simple","14":"add-to-wishlist-after_add_to_cart"},"acf":[],"yoast_head":"<!-- This site is optimized with the Yoast SEO plugin v26.2 - https:\/\/yoast.com\/wordpress\/plugins\/seo\/ -->\n<title>LVT et SPC d\u00e9tergent - ECORICARICHE SPC \/ LVT CLEANER<\/title>\n<meta name=\"description\" content=\"Discover KIT 3 ECORICARICHE Velurex SPC \/ LVT Cleaner . D\u00e9tergent antistatique pour le nettoyage des sols en LVT, SPC, Linol\u00e9um et PVC en capsule hydrosoluble.\" \/>\n<meta name=\"robots\" content=\"index, follow, max-snippet:-1, max-image-preview:large, max-video-preview:-1\" \/>\n<link rel=\"canonical\" href=\"https:\/\/chimiver.com\/fr\/prodotto\/kit-3-ecoricariche-velurex-lvt-spc-cleaner\/\" \/>\n<meta property=\"og:locale\" content=\"fr_FR\" \/>\n<meta property=\"og:type\" content=\"article\" \/>\n<meta property=\"og:title\" content=\"LVT et SPC d\u00e9tergent - ECORICARICHE SPC \/ LVT CLEANER\" \/>\n<meta property=\"og:description\" content=\"Discover KIT 3 ECORICARICHE Velurex SPC \/ LVT Cleaner . D\u00e9tergent antistatique pour le nettoyage des sols en LVT, SPC, Linol\u00e9um et PVC en capsule hydrosoluble.\" \/>\n<meta property=\"og:url\" content=\"https:\/\/chimiver.com\/fr\/prodotto\/kit-3-ecoricariche-velurex-lvt-spc-cleaner\/\" \/>\n<meta property=\"og:site_name\" content=\"Chimiver\" \/>\n<meta property=\"article:publisher\" content=\"https:\/\/www.facebook.com\/chimiver\" \/>\n<meta property=\"article:modified_time\" content=\"2026-02-27T12:39:55+00:00\" \/>\n<meta property=\"og:image\" content=\"https:\/\/chimiver.com\/wp-content\/uploads\/2025\/02\/Ecoricariche_LVT_SPC-Cleaner.jpg\" \/>\n\t<meta property=\"og:image:width\" content=\"640\" \/>\n\t<meta property=\"og:image:height\" content=\"640\" \/>\n\t<meta property=\"og:image:type\" content=\"image\/jpeg\" \/>\n<meta name=\"twitter:card\" content=\"summary_large_image\" \/>\n<meta name=\"twitter:label1\" content=\"Dur\u00e9e de lecture estim\u00e9e\" \/>\n\t<meta name=\"twitter:data1\" content=\"1 minute\" \/>\n<script type=\"application\/ld+json\" class=\"yoast-schema-graph\">{\"@context\":\"https:\/\/schema.org\",\"@graph\":[{\"@type\":\"WebPage\",\"@id\":\"https:\/\/chimiver.com\/fr\/prodotto\/kit-3-ecoricariche-velurex-lvt-spc-cleaner\/\",\"url\":\"https:\/\/chimiver.com\/fr\/prodotto\/kit-3-ecoricariche-velurex-lvt-spc-cleaner\/\",\"name\":\"LVT et SPC d\u00e9tergent - ECORICARICHE SPC \/ LVT CLEANER\",\"isPartOf\":{\"@id\":\"https:\/\/chimiver.com\/fr\/#website\"},\"primaryImageOfPage\":{\"@id\":\"https:\/\/chimiver.com\/fr\/prodotto\/kit-3-ecoricariche-velurex-lvt-spc-cleaner\/#primaryimage\"},\"image\":{\"@id\":\"https:\/\/chimiver.com\/fr\/prodotto\/kit-3-ecoricariche-velurex-lvt-spc-cleaner\/#primaryimage\"},\"thumbnailUrl\":\"https:\/\/chimiver.com\/wp-content\/uploads\/2025\/02\/Ecoricariche_LVT_SPC-Cleaner.jpg\",\"datePublished\":\"2025-02-05T15:43:49+00:00\",\"dateModified\":\"2026-02-27T12:39:55+00:00\",\"description\":\"Discover KIT 3 ECORICARICHE Velurex SPC \/ LVT Cleaner . D\u00e9tergent antistatique pour le nettoyage des sols en LVT, SPC, Linol\u00e9um et PVC en capsule hydrosoluble.\",\"breadcrumb\":{\"@id\":\"https:\/\/chimiver.com\/fr\/prodotto\/kit-3-ecoricariche-velurex-lvt-spc-cleaner\/#breadcrumb\"},\"inLanguage\":\"fr-FR\",\"potentialAction\":[{\"@type\":\"ReadAction\",\"target\":[\"https:\/\/chimiver.com\/fr\/prodotto\/kit-3-ecoricariche-velurex-lvt-spc-cleaner\/\"]}]},{\"@type\":\"ImageObject\",\"inLanguage\":\"fr-FR\",\"@id\":\"https:\/\/chimiver.com\/fr\/prodotto\/kit-3-ecoricariche-velurex-lvt-spc-cleaner\/#primaryimage\",\"url\":\"https:\/\/chimiver.com\/wp-content\/uploads\/2025\/02\/Ecoricariche_LVT_SPC-Cleaner.jpg\",\"contentUrl\":\"https:\/\/chimiver.com\/wp-content\/uploads\/2025\/02\/Ecoricariche_LVT_SPC-Cleaner.jpg\",\"width\":640,\"height\":640},{\"@type\":\"BreadcrumbList\",\"@id\":\"https:\/\/chimiver.com\/fr\/prodotto\/kit-3-ecoricariche-velurex-lvt-spc-cleaner\/#breadcrumb\",\"itemListElement\":[{\"@type\":\"ListItem\",\"position\":1,\"name\":\"Home\",\"item\":\"https:\/\/chimiver.com\/fr\/\"},{\"@type\":\"ListItem\",\"position\":2,\"name\":\"Shop\",\"item\":\"https:\/\/chimiver.com\/?page_id=10\"},{\"@type\":\"ListItem\",\"position\":3,\"name\":\"KIT 3 ECORICARICHE Velurex SPC \/ LVT Cleaner\"}]},{\"@type\":\"WebSite\",\"@id\":\"https:\/\/chimiver.com\/fr\/#website\",\"url\":\"https:\/\/chimiver.com\/fr\/\",\"name\":\"Chimiver, Your floors partner\",\"description\":\"Your floors partner\",\"publisher\":{\"@id\":\"https:\/\/chimiver.com\/fr\/#organization\"},\"alternateName\":\"Chimiver\",\"potentialAction\":[{\"@type\":\"SearchAction\",\"target\":{\"@type\":\"EntryPoint\",\"urlTemplate\":\"https:\/\/chimiver.com\/fr\/?s={search_term_string}\"},\"query-input\":{\"@type\":\"PropertyValueSpecification\",\"valueRequired\":true,\"valueName\":\"search_term_string\"}}],\"inLanguage\":\"fr-FR\"},{\"@type\":\"Organization\",\"@id\":\"https:\/\/chimiver.com\/fr\/#organization\",\"name\":\"Chimiver\",\"url\":\"https:\/\/chimiver.com\/fr\/\",\"logo\":{\"@type\":\"ImageObject\",\"inLanguage\":\"fr-FR\",\"@id\":\"https:\/\/chimiver.com\/fr\/#\/schema\/logo\/image\/\",\"url\":\"https:\/\/chimiver.com\/wp-content\/uploads\/2022\/06\/Chimiver_500x500.jpg\",\"contentUrl\":\"https:\/\/chimiver.com\/wp-content\/uploads\/2022\/06\/Chimiver_500x500.jpg\",\"width\":500,\"height\":500,\"caption\":\"Chimiver\"},\"image\":{\"@id\":\"https:\/\/chimiver.com\/fr\/#\/schema\/logo\/image\/\"},\"sameAs\":[\"https:\/\/www.facebook.com\/chimiver\"]}]}<\/script>\n<!-- \/ Yoast SEO plugin. -->","yoast_head_json":{"title":"LVT et SPC d\u00e9tergent - ECORICARICHE SPC \/ LVT CLEANER","description":"Discover KIT 3 ECORICARICHE Velurex SPC \/ LVT Cleaner . D\u00e9tergent antistatique pour le nettoyage des sols en LVT, SPC, Linol\u00e9um et PVC en capsule hydrosoluble.","robots":{"index":"index","follow":"follow","max-snippet":"max-snippet:-1","max-image-preview":"max-image-preview:large","max-video-preview":"max-video-preview:-1"},"canonical":"https:\/\/chimiver.com\/fr\/prodotto\/kit-3-ecoricariche-velurex-lvt-spc-cleaner\/","og_locale":"fr_FR","og_type":"article","og_title":"LVT et SPC d\u00e9tergent - ECORICARICHE SPC \/ LVT CLEANER","og_description":"Discover KIT 3 ECORICARICHE Velurex SPC \/ LVT Cleaner . D\u00e9tergent antistatique pour le nettoyage des sols en LVT, SPC, Linol\u00e9um et PVC en capsule hydrosoluble.","og_url":"https:\/\/chimiver.com\/fr\/prodotto\/kit-3-ecoricariche-velurex-lvt-spc-cleaner\/","og_site_name":"Chimiver","article_publisher":"https:\/\/www.facebook.com\/chimiver","article_modified_time":"2026-02-27T12:39:55+00:00","og_image":[{"width":640,"height":640,"url":"https:\/\/chimiver.com\/wp-content\/uploads\/2025\/02\/Ecoricariche_LVT_SPC-Cleaner.jpg","type":"image\/jpeg"}],"twitter_card":"summary_large_image","twitter_misc":{"Dur\u00e9e de lecture estim\u00e9e":"1 minute"},"schema":{"@context":"https:\/\/schema.org","@graph":[{"@type":"WebPage","@id":"https:\/\/chimiver.com\/fr\/prodotto\/kit-3-ecoricariche-velurex-lvt-spc-cleaner\/","url":"https:\/\/chimiver.com\/fr\/prodotto\/kit-3-ecoricariche-velurex-lvt-spc-cleaner\/","name":"LVT et SPC d\u00e9tergent - ECORICARICHE SPC \/ LVT CLEANER","isPartOf":{"@id":"https:\/\/chimiver.com\/fr\/#website"},"primaryImageOfPage":{"@id":"https:\/\/chimiver.com\/fr\/prodotto\/kit-3-ecoricariche-velurex-lvt-spc-cleaner\/#primaryimage"},"image":{"@id":"https:\/\/chimiver.com\/fr\/prodotto\/kit-3-ecoricariche-velurex-lvt-spc-cleaner\/#primaryimage"},"thumbnailUrl":"https:\/\/chimiver.com\/wp-content\/uploads\/2025\/02\/Ecoricariche_LVT_SPC-Cleaner.jpg","datePublished":"2025-02-05T15:43:49+00:00","dateModified":"2026-02-27T12:39:55+00:00","description":"Discover KIT 3 ECORICARICHE Velurex SPC \/ LVT Cleaner . D\u00e9tergent antistatique pour le nettoyage des sols en LVT, SPC, Linol\u00e9um et PVC en capsule hydrosoluble.","breadcrumb":{"@id":"https:\/\/chimiver.com\/fr\/prodotto\/kit-3-ecoricariche-velurex-lvt-spc-cleaner\/#breadcrumb"},"inLanguage":"fr-FR","potentialAction":[{"@type":"ReadAction","target":["https:\/\/chimiver.com\/fr\/prodotto\/kit-3-ecoricariche-velurex-lvt-spc-cleaner\/"]}]},{"@type":"ImageObject","inLanguage":"fr-FR","@id":"https:\/\/chimiver.com\/fr\/prodotto\/kit-3-ecoricariche-velurex-lvt-spc-cleaner\/#primaryimage","url":"https:\/\/chimiver.com\/wp-content\/uploads\/2025\/02\/Ecoricariche_LVT_SPC-Cleaner.jpg","contentUrl":"https:\/\/chimiver.com\/wp-content\/uploads\/2025\/02\/Ecoricariche_LVT_SPC-Cleaner.jpg","width":640,"height":640},{"@type":"BreadcrumbList","@id":"https:\/\/chimiver.com\/fr\/prodotto\/kit-3-ecoricariche-velurex-lvt-spc-cleaner\/#breadcrumb","itemListElement":[{"@type":"ListItem","position":1,"name":"Home","item":"https:\/\/chimiver.com\/fr\/"},{"@type":"ListItem","position":2,"name":"Shop","item":"https:\/\/chimiver.com\/?page_id=10"},{"@type":"ListItem","position":3,"name":"KIT 3 ECORICARICHE Velurex SPC \/ LVT Cleaner"}]},{"@type":"WebSite","@id":"https:\/\/chimiver.com\/fr\/#website","url":"https:\/\/chimiver.com\/fr\/","name":"Chimiver, Your floors partner","description":"Your floors partner","publisher":{"@id":"https:\/\/chimiver.com\/fr\/#organization"},"alternateName":"Chimiver","potentialAction":[{"@type":"SearchAction","target":{"@type":"EntryPoint","urlTemplate":"https:\/\/chimiver.com\/fr\/?s={search_term_string}"},"query-input":{"@type":"PropertyValueSpecification","valueRequired":true,"valueName":"search_term_string"}}],"inLanguage":"fr-FR"},{"@type":"Organization","@id":"https:\/\/chimiver.com\/fr\/#organization","name":"Chimiver","url":"https:\/\/chimiver.com\/fr\/","logo":{"@type":"ImageObject","inLanguage":"fr-FR","@id":"https:\/\/chimiver.com\/fr\/#\/schema\/logo\/image\/","url":"https:\/\/chimiver.com\/wp-content\/uploads\/2022\/06\/Chimiver_500x500.jpg","contentUrl":"https:\/\/chimiver.com\/wp-content\/uploads\/2022\/06\/Chimiver_500x500.jpg","width":500,"height":500,"caption":"Chimiver"},"image":{"@id":"https:\/\/chimiver.com\/fr\/#\/schema\/logo\/image\/"},"sameAs":["https:\/\/www.facebook.com\/chimiver"]}]}},"_links":{"self":[{"href":"https:\/\/chimiver.com\/fr\/wp-json\/wp\/v2\/product\/21990","targetHints":{"allow":["GET"]}}],"collection":[{"href":"https:\/\/chimiver.com\/fr\/wp-json\/wp\/v2\/product"}],"about":[{"href":"https:\/\/chimiver.com\/fr\/wp-json\/wp\/v2\/types\/product"}],"replies":[{"embeddable":true,"href":"https:\/\/chimiver.com\/fr\/wp-json\/wp\/v2\/comments?post=21990"}],"wp:featuredmedia":[{"embeddable":true,"href":"https:\/\/chimiver.com\/fr\/wp-json\/wp\/v2\/media\/21985"}],"wp:attachment":[{"href":"https:\/\/chimiver.com\/fr\/wp-json\/wp\/v2\/media?parent=21990"}],"wp:term":[{"taxonomy":"product_brand","embeddable":true,"href":"https:\/\/chimiver.com\/fr\/wp-json\/wp\/v2\/product_brand?post=21990"},{"taxonomy":"product_cat","embeddable":true,"href":"https:\/\/chimiver.com\/fr\/wp-json\/wp\/v2\/product_cat?post=21990"},{"taxonomy":"product_tag","embeddable":true,"href":"https:\/\/chimiver.com\/fr\/wp-json\/wp\/v2\/product_tag?post=21990"}],"curies":[{"name":"wp","href":"https:\/\/api.w.org\/{rel}","templated":true}]}}