{"id":22022,"date":"2025-02-06T08:34:23","date_gmt":"2025-02-06T07:34:23","guid":{"rendered":"https:\/\/chimiver.com\/prodotto\/kit-3-ecoricariche-clean-garden\/"},"modified":"2025-11-27T11:30:57","modified_gmt":"2025-11-27T10:30:57","slug":"kit-3-ecoricariche-clean-garden","status":"publish","type":"product","link":"https:\/\/chimiver.com\/fr\/prodotto\/kit-3-ecoricariche-clean-garden\/","title":{"rendered":"KIT 3 ECORICARICHE Clean Garden"},"content":{"rendered":"<p>Nettoyant alcalin, intensif pour l&rsquo;entretien quotidien du gazon synth\u00e9tique. Grace \u00e0 sa composition CLEAN GARDEN a une action forte et rapide pour l&rsquo;\u00e9limination de la poussi\u00e8re et les taches. CLEAN GARDEN est additiv\u00e9 avec des nanoparticules qui garantie \u00e0 la surface une nettoyage intensif prolong\u00e9e m\u00eame en pr\u00e9sence d&rsquo;animaux. CLEAN GARDEN nettoie et laisse un agr\u00e9able parfum de prairie.<\/p>\n<ul>\n<li>1 \u00c9CORECHARGE = 1 FLACON R\u00c9G\u00c9N\u00c9R\u00c9<\/li>\n<\/ul>\n","protected":false},"excerpt":{"rendered":"Nettoyant intensif alcalin pour l&rsquo;entretien quotidien du gazon synth\u00e9tique","protected":false},"featured_media":21932,"comment_status":"open","ping_status":"closed","template":"","meta":{"_acf_changed":false,"inline_featured_image":false},"product_brand":[],"product_cat":[811,832,833],"product_tag":[],"class_list":{"0":"post-22022","1":"product","2":"type-product","3":"status-publish","4":"has-post-thumbnail","6":"product_cat-particuliers","7":"product_cat-gazon-synthetique-fr","8":"product_cat-gazon-synthetique-residentiel","10":"first","11":"instock","12":"shipping-taxable","13":"product-type-simple","14":"add-to-wishlist-after_add_to_cart"},"acf":[],"yoast_head":"<!-- This site is optimized with the Yoast SEO plugin v26.2 - https:\/\/yoast.com\/wordpress\/plugins\/seo\/ -->\n<title>Nettoyant gazon synth\u00e9tique - ECORICARICHE CLEAN GARDEN<\/title>\n<meta name=\"description\" content=\"D\u00e9couvrez KIT 3 ECORICARICHE Clean Garden . Nettoyant alcalin concentr\u00e9 intensif pour gazon synth\u00e9tique, pr\u00e9sent\u00e9 sous forme de capsule hydrosoluble\" \/>\n<meta name=\"robots\" content=\"index, follow, max-snippet:-1, max-image-preview:large, max-video-preview:-1\" \/>\n<link rel=\"canonical\" href=\"https:\/\/chimiver.com\/fr\/prodotto\/kit-3-ecoricariche-clean-garden\/\" \/>\n<meta property=\"og:locale\" content=\"fr_FR\" \/>\n<meta property=\"og:type\" content=\"article\" \/>\n<meta property=\"og:title\" content=\"Nettoyant gazon synth\u00e9tique - ECORICARICHE CLEAN GARDEN\" \/>\n<meta property=\"og:description\" content=\"D\u00e9couvrez KIT 3 ECORICARICHE Clean Garden . Nettoyant alcalin concentr\u00e9 intensif pour gazon synth\u00e9tique, pr\u00e9sent\u00e9 sous forme de capsule hydrosoluble\" \/>\n<meta property=\"og:url\" content=\"https:\/\/chimiver.com\/fr\/prodotto\/kit-3-ecoricariche-clean-garden\/\" \/>\n<meta property=\"og:site_name\" content=\"Chimiver\" \/>\n<meta property=\"article:publisher\" content=\"https:\/\/www.facebook.com\/chimiver\" \/>\n<meta property=\"article:modified_time\" content=\"2025-11-27T10:30:57+00:00\" \/>\n<meta property=\"og:image\" content=\"https:\/\/chimiver.com\/wp-content\/uploads\/2025\/02\/Ecoricariche_Clean-Garden.jpg\" \/>\n\t<meta property=\"og:image:width\" content=\"640\" \/>\n\t<meta property=\"og:image:height\" content=\"640\" \/>\n\t<meta property=\"og:image:type\" content=\"image\/jpeg\" \/>\n<meta name=\"twitter:card\" content=\"summary_large_image\" \/>\n<meta name=\"twitter:label1\" content=\"Dur\u00e9e de lecture estim\u00e9e\" \/>\n\t<meta name=\"twitter:data1\" content=\"1 minute\" \/>\n<script type=\"application\/ld+json\" class=\"yoast-schema-graph\">{\"@context\":\"https:\/\/schema.org\",\"@graph\":[{\"@type\":\"WebPage\",\"@id\":\"https:\/\/chimiver.com\/fr\/prodotto\/kit-3-ecoricariche-clean-garden\/\",\"url\":\"https:\/\/chimiver.com\/fr\/prodotto\/kit-3-ecoricariche-clean-garden\/\",\"name\":\"Nettoyant gazon synth\u00e9tique - ECORICARICHE CLEAN GARDEN\",\"isPartOf\":{\"@id\":\"https:\/\/chimiver.com\/fr\/#website\"},\"primaryImageOfPage\":{\"@id\":\"https:\/\/chimiver.com\/fr\/prodotto\/kit-3-ecoricariche-clean-garden\/#primaryimage\"},\"image\":{\"@id\":\"https:\/\/chimiver.com\/fr\/prodotto\/kit-3-ecoricariche-clean-garden\/#primaryimage\"},\"thumbnailUrl\":\"https:\/\/chimiver.com\/wp-content\/uploads\/2025\/02\/Ecoricariche_Clean-Garden.jpg\",\"datePublished\":\"2025-02-06T07:34:23+00:00\",\"dateModified\":\"2025-11-27T10:30:57+00:00\",\"description\":\"D\u00e9couvrez KIT 3 ECORICARICHE Clean Garden . Nettoyant alcalin concentr\u00e9 intensif pour gazon synth\u00e9tique, pr\u00e9sent\u00e9 sous forme de capsule hydrosoluble\",\"breadcrumb\":{\"@id\":\"https:\/\/chimiver.com\/fr\/prodotto\/kit-3-ecoricariche-clean-garden\/#breadcrumb\"},\"inLanguage\":\"fr-FR\",\"potentialAction\":[{\"@type\":\"ReadAction\",\"target\":[\"https:\/\/chimiver.com\/fr\/prodotto\/kit-3-ecoricariche-clean-garden\/\"]}]},{\"@type\":\"ImageObject\",\"inLanguage\":\"fr-FR\",\"@id\":\"https:\/\/chimiver.com\/fr\/prodotto\/kit-3-ecoricariche-clean-garden\/#primaryimage\",\"url\":\"https:\/\/chimiver.com\/wp-content\/uploads\/2025\/02\/Ecoricariche_Clean-Garden.jpg\",\"contentUrl\":\"https:\/\/chimiver.com\/wp-content\/uploads\/2025\/02\/Ecoricariche_Clean-Garden.jpg\",\"width\":640,\"height\":640},{\"@type\":\"BreadcrumbList\",\"@id\":\"https:\/\/chimiver.com\/fr\/prodotto\/kit-3-ecoricariche-clean-garden\/#breadcrumb\",\"itemListElement\":[{\"@type\":\"ListItem\",\"position\":1,\"name\":\"Home\",\"item\":\"https:\/\/chimiver.com\/fr\/\"},{\"@type\":\"ListItem\",\"position\":2,\"name\":\"Shop\",\"item\":\"https:\/\/chimiver.com\/?page_id=10\"},{\"@type\":\"ListItem\",\"position\":3,\"name\":\"KIT 3 ECORICARICHE Clean Garden\"}]},{\"@type\":\"WebSite\",\"@id\":\"https:\/\/chimiver.com\/fr\/#website\",\"url\":\"https:\/\/chimiver.com\/fr\/\",\"name\":\"Chimiver, Your floors partner\",\"description\":\"Your floors partner\",\"publisher\":{\"@id\":\"https:\/\/chimiver.com\/fr\/#organization\"},\"alternateName\":\"Chimiver\",\"potentialAction\":[{\"@type\":\"SearchAction\",\"target\":{\"@type\":\"EntryPoint\",\"urlTemplate\":\"https:\/\/chimiver.com\/fr\/?s={search_term_string}\"},\"query-input\":{\"@type\":\"PropertyValueSpecification\",\"valueRequired\":true,\"valueName\":\"search_term_string\"}}],\"inLanguage\":\"fr-FR\"},{\"@type\":\"Organization\",\"@id\":\"https:\/\/chimiver.com\/fr\/#organization\",\"name\":\"Chimiver\",\"url\":\"https:\/\/chimiver.com\/fr\/\",\"logo\":{\"@type\":\"ImageObject\",\"inLanguage\":\"fr-FR\",\"@id\":\"https:\/\/chimiver.com\/fr\/#\/schema\/logo\/image\/\",\"url\":\"https:\/\/chimiver.com\/wp-content\/uploads\/2022\/06\/Chimiver_500x500.jpg\",\"contentUrl\":\"https:\/\/chimiver.com\/wp-content\/uploads\/2022\/06\/Chimiver_500x500.jpg\",\"width\":500,\"height\":500,\"caption\":\"Chimiver\"},\"image\":{\"@id\":\"https:\/\/chimiver.com\/fr\/#\/schema\/logo\/image\/\"},\"sameAs\":[\"https:\/\/www.facebook.com\/chimiver\"]}]}<\/script>\n<!-- \/ Yoast SEO plugin. -->","yoast_head_json":{"title":"Nettoyant gazon synth\u00e9tique - ECORICARICHE CLEAN GARDEN","description":"D\u00e9couvrez KIT 3 ECORICARICHE Clean Garden . Nettoyant alcalin concentr\u00e9 intensif pour gazon synth\u00e9tique, pr\u00e9sent\u00e9 sous forme de capsule hydrosoluble","robots":{"index":"index","follow":"follow","max-snippet":"max-snippet:-1","max-image-preview":"max-image-preview:large","max-video-preview":"max-video-preview:-1"},"canonical":"https:\/\/chimiver.com\/fr\/prodotto\/kit-3-ecoricariche-clean-garden\/","og_locale":"fr_FR","og_type":"article","og_title":"Nettoyant gazon synth\u00e9tique - ECORICARICHE CLEAN GARDEN","og_description":"D\u00e9couvrez KIT 3 ECORICARICHE Clean Garden . Nettoyant alcalin concentr\u00e9 intensif pour gazon synth\u00e9tique, pr\u00e9sent\u00e9 sous forme de capsule hydrosoluble","og_url":"https:\/\/chimiver.com\/fr\/prodotto\/kit-3-ecoricariche-clean-garden\/","og_site_name":"Chimiver","article_publisher":"https:\/\/www.facebook.com\/chimiver","article_modified_time":"2025-11-27T10:30:57+00:00","og_image":[{"width":640,"height":640,"url":"https:\/\/chimiver.com\/wp-content\/uploads\/2025\/02\/Ecoricariche_Clean-Garden.jpg","type":"image\/jpeg"}],"twitter_card":"summary_large_image","twitter_misc":{"Dur\u00e9e de lecture estim\u00e9e":"1 minute"},"schema":{"@context":"https:\/\/schema.org","@graph":[{"@type":"WebPage","@id":"https:\/\/chimiver.com\/fr\/prodotto\/kit-3-ecoricariche-clean-garden\/","url":"https:\/\/chimiver.com\/fr\/prodotto\/kit-3-ecoricariche-clean-garden\/","name":"Nettoyant gazon synth\u00e9tique - ECORICARICHE CLEAN GARDEN","isPartOf":{"@id":"https:\/\/chimiver.com\/fr\/#website"},"primaryImageOfPage":{"@id":"https:\/\/chimiver.com\/fr\/prodotto\/kit-3-ecoricariche-clean-garden\/#primaryimage"},"image":{"@id":"https:\/\/chimiver.com\/fr\/prodotto\/kit-3-ecoricariche-clean-garden\/#primaryimage"},"thumbnailUrl":"https:\/\/chimiver.com\/wp-content\/uploads\/2025\/02\/Ecoricariche_Clean-Garden.jpg","datePublished":"2025-02-06T07:34:23+00:00","dateModified":"2025-11-27T10:30:57+00:00","description":"D\u00e9couvrez KIT 3 ECORICARICHE Clean Garden . Nettoyant alcalin concentr\u00e9 intensif pour gazon synth\u00e9tique, pr\u00e9sent\u00e9 sous forme de capsule hydrosoluble","breadcrumb":{"@id":"https:\/\/chimiver.com\/fr\/prodotto\/kit-3-ecoricariche-clean-garden\/#breadcrumb"},"inLanguage":"fr-FR","potentialAction":[{"@type":"ReadAction","target":["https:\/\/chimiver.com\/fr\/prodotto\/kit-3-ecoricariche-clean-garden\/"]}]},{"@type":"ImageObject","inLanguage":"fr-FR","@id":"https:\/\/chimiver.com\/fr\/prodotto\/kit-3-ecoricariche-clean-garden\/#primaryimage","url":"https:\/\/chimiver.com\/wp-content\/uploads\/2025\/02\/Ecoricariche_Clean-Garden.jpg","contentUrl":"https:\/\/chimiver.com\/wp-content\/uploads\/2025\/02\/Ecoricariche_Clean-Garden.jpg","width":640,"height":640},{"@type":"BreadcrumbList","@id":"https:\/\/chimiver.com\/fr\/prodotto\/kit-3-ecoricariche-clean-garden\/#breadcrumb","itemListElement":[{"@type":"ListItem","position":1,"name":"Home","item":"https:\/\/chimiver.com\/fr\/"},{"@type":"ListItem","position":2,"name":"Shop","item":"https:\/\/chimiver.com\/?page_id=10"},{"@type":"ListItem","position":3,"name":"KIT 3 ECORICARICHE Clean Garden"}]},{"@type":"WebSite","@id":"https:\/\/chimiver.com\/fr\/#website","url":"https:\/\/chimiver.com\/fr\/","name":"Chimiver, Your floors partner","description":"Your floors partner","publisher":{"@id":"https:\/\/chimiver.com\/fr\/#organization"},"alternateName":"Chimiver","potentialAction":[{"@type":"SearchAction","target":{"@type":"EntryPoint","urlTemplate":"https:\/\/chimiver.com\/fr\/?s={search_term_string}"},"query-input":{"@type":"PropertyValueSpecification","valueRequired":true,"valueName":"search_term_string"}}],"inLanguage":"fr-FR"},{"@type":"Organization","@id":"https:\/\/chimiver.com\/fr\/#organization","name":"Chimiver","url":"https:\/\/chimiver.com\/fr\/","logo":{"@type":"ImageObject","inLanguage":"fr-FR","@id":"https:\/\/chimiver.com\/fr\/#\/schema\/logo\/image\/","url":"https:\/\/chimiver.com\/wp-content\/uploads\/2022\/06\/Chimiver_500x500.jpg","contentUrl":"https:\/\/chimiver.com\/wp-content\/uploads\/2022\/06\/Chimiver_500x500.jpg","width":500,"height":500,"caption":"Chimiver"},"image":{"@id":"https:\/\/chimiver.com\/fr\/#\/schema\/logo\/image\/"},"sameAs":["https:\/\/www.facebook.com\/chimiver"]}]}},"_links":{"self":[{"href":"https:\/\/chimiver.com\/fr\/wp-json\/wp\/v2\/product\/22022","targetHints":{"allow":["GET"]}}],"collection":[{"href":"https:\/\/chimiver.com\/fr\/wp-json\/wp\/v2\/product"}],"about":[{"href":"https:\/\/chimiver.com\/fr\/wp-json\/wp\/v2\/types\/product"}],"replies":[{"embeddable":true,"href":"https:\/\/chimiver.com\/fr\/wp-json\/wp\/v2\/comments?post=22022"}],"wp:featuredmedia":[{"embeddable":true,"href":"https:\/\/chimiver.com\/fr\/wp-json\/wp\/v2\/media\/21932"}],"wp:attachment":[{"href":"https:\/\/chimiver.com\/fr\/wp-json\/wp\/v2\/media?parent=22022"}],"wp:term":[{"taxonomy":"product_brand","embeddable":true,"href":"https:\/\/chimiver.com\/fr\/wp-json\/wp\/v2\/product_brand?post=22022"},{"taxonomy":"product_cat","embeddable":true,"href":"https:\/\/chimiver.com\/fr\/wp-json\/wp\/v2\/product_cat?post=22022"},{"taxonomy":"product_tag","embeddable":true,"href":"https:\/\/chimiver.com\/fr\/wp-json\/wp\/v2\/product_tag?post=22022"}],"curies":[{"name":"wp","href":"https:\/\/api.w.org\/{rel}","templated":true}]}}