{"id":22304,"date":"2025-03-27T09:25:48","date_gmt":"2025-03-27T08:25:48","guid":{"rendered":"https:\/\/chimiver.com\/prodotto\/pebbleblock\/"},"modified":"2025-06-05T14:21:36","modified_gmt":"2025-06-05T12:21:36","slug":"pebbleblock","status":"publish","type":"product","link":"https:\/\/chimiver.com\/fr\/prodotto\/pebbleblock\/","title":{"rendered":"PEBBLEBLOCK"},"content":{"rendered":"<p>Fixateur sans solvants, con\u00e7u pour \u00eatre pulv\u00e9ris\u00e9 sur des mat\u00e9riaux inertes tels que le gravier et similaires. Il assure une fixation s\u00fbre des \u00e9l\u00e9ments, emp\u00eachant leur d\u00e9placement d\u00fb au pi\u00e9tinement, aux intemp\u00e9ries ou \u00e0<br \/>\nl&rsquo;utilisation d&rsquo;appareils comme les souffleuses \u00e0 feuilles. Gr\u00e2ce \u00e0 son efficacit\u00e9, PEBBLEBLOCK am\u00e9liore la stabilit\u00e9 de la surface, r\u00e9duit le risque de dispersion des mat\u00e9riaux granulaires et prolonge leur durabilit\u00e9 en prot\u00e9geant le substrat contre l&rsquo;\u00e9rosion provoqu\u00e9e par le vent, la pluie ou d&rsquo;autres conditions climatiques.<\/p>\n","protected":false},"excerpt":{"rendered":"Fixateur \u00e0 base d&rsquo;eau pour pierre","protected":false},"featured_media":22273,"comment_status":"open","ping_status":"closed","template":"","meta":{"_acf_changed":false,"inline_featured_image":false},"product_brand":[],"product_cat":[738,793,804,805,811,821,824],"product_tag":[],"class_list":{"0":"post-22304","1":"product","2":"type-product","3":"status-publish","4":"has-post-thumbnail","6":"product_cat-professionnels","7":"product_cat-exterieur","8":"product_cat-pierre","9":"product_cat-traitement-pierre","10":"product_cat-particuliers","11":"product_cat-sols-exterieur","12":"product_cat-pierre-fr","14":"first","15":"instock","16":"shipping-taxable","17":"product-type-simple","18":"add-to-wishlist-after_add_to_cart"},"acf":[],"yoast_head":"<!-- This site is optimized with the Yoast SEO plugin v26.2 - https:\/\/yoast.com\/wordpress\/plugins\/seo\/ -->\n<title>Fixateur pour pierre - PEBBLEBLOCK<\/title>\n<meta name=\"description\" content=\"D\u00e9couvrez PEBBLEBLOCK . Fixateur \u00e0 base d&#039;eau pour graviers, granulats, galets et granulats divers, applicable par projection.\" \/>\n<meta name=\"robots\" content=\"index, follow, max-snippet:-1, max-image-preview:large, max-video-preview:-1\" \/>\n<link rel=\"canonical\" href=\"https:\/\/chimiver.com\/fr\/prodotto\/pebbleblock\/\" \/>\n<meta property=\"og:locale\" content=\"fr_FR\" \/>\n<meta property=\"og:type\" content=\"article\" \/>\n<meta property=\"og:title\" content=\"Fixateur pour pierre - PEBBLEBLOCK\" \/>\n<meta property=\"og:description\" content=\"D\u00e9couvrez PEBBLEBLOCK . Fixateur \u00e0 base d&#039;eau pour graviers, granulats, galets et granulats divers, applicable par projection.\" \/>\n<meta property=\"og:url\" content=\"https:\/\/chimiver.com\/fr\/prodotto\/pebbleblock\/\" \/>\n<meta property=\"og:site_name\" content=\"Chimiver\" \/>\n<meta property=\"article:publisher\" content=\"https:\/\/www.facebook.com\/chimiver\" \/>\n<meta property=\"article:modified_time\" content=\"2025-06-05T12:21:36+00:00\" \/>\n<meta property=\"og:image\" content=\"https:\/\/chimiver.com\/wp-content\/uploads\/2025\/03\/PEBBLEBLOCK.jpg\" \/>\n\t<meta property=\"og:image:width\" content=\"640\" \/>\n\t<meta property=\"og:image:height\" content=\"640\" \/>\n\t<meta property=\"og:image:type\" content=\"image\/jpeg\" \/>\n<meta name=\"twitter:card\" content=\"summary_large_image\" \/>\n<meta name=\"twitter:label1\" content=\"Dur\u00e9e de lecture estim\u00e9e\" \/>\n\t<meta name=\"twitter:data1\" content=\"1 minute\" \/>\n<script type=\"application\/ld+json\" class=\"yoast-schema-graph\">{\"@context\":\"https:\/\/schema.org\",\"@graph\":[{\"@type\":\"WebPage\",\"@id\":\"https:\/\/chimiver.com\/fr\/prodotto\/pebbleblock\/\",\"url\":\"https:\/\/chimiver.com\/fr\/prodotto\/pebbleblock\/\",\"name\":\"Fixateur pour pierre - PEBBLEBLOCK\",\"isPartOf\":{\"@id\":\"https:\/\/chimiver.com\/fr\/#website\"},\"primaryImageOfPage\":{\"@id\":\"https:\/\/chimiver.com\/fr\/prodotto\/pebbleblock\/#primaryimage\"},\"image\":{\"@id\":\"https:\/\/chimiver.com\/fr\/prodotto\/pebbleblock\/#primaryimage\"},\"thumbnailUrl\":\"https:\/\/chimiver.com\/wp-content\/uploads\/2025\/03\/PEBBLEBLOCK.jpg\",\"datePublished\":\"2025-03-27T08:25:48+00:00\",\"dateModified\":\"2025-06-05T12:21:36+00:00\",\"description\":\"D\u00e9couvrez PEBBLEBLOCK . Fixateur \u00e0 base d'eau pour graviers, granulats, galets et granulats divers, applicable par projection.\",\"breadcrumb\":{\"@id\":\"https:\/\/chimiver.com\/fr\/prodotto\/pebbleblock\/#breadcrumb\"},\"inLanguage\":\"fr-FR\",\"potentialAction\":[{\"@type\":\"ReadAction\",\"target\":[\"https:\/\/chimiver.com\/fr\/prodotto\/pebbleblock\/\"]}]},{\"@type\":\"ImageObject\",\"inLanguage\":\"fr-FR\",\"@id\":\"https:\/\/chimiver.com\/fr\/prodotto\/pebbleblock\/#primaryimage\",\"url\":\"https:\/\/chimiver.com\/wp-content\/uploads\/2025\/03\/PEBBLEBLOCK.jpg\",\"contentUrl\":\"https:\/\/chimiver.com\/wp-content\/uploads\/2025\/03\/PEBBLEBLOCK.jpg\",\"width\":640,\"height\":640},{\"@type\":\"BreadcrumbList\",\"@id\":\"https:\/\/chimiver.com\/fr\/prodotto\/pebbleblock\/#breadcrumb\",\"itemListElement\":[{\"@type\":\"ListItem\",\"position\":1,\"name\":\"Home\",\"item\":\"https:\/\/chimiver.com\/fr\/\"},{\"@type\":\"ListItem\",\"position\":2,\"name\":\"Shop\",\"item\":\"https:\/\/chimiver.com\/?page_id=10\"},{\"@type\":\"ListItem\",\"position\":3,\"name\":\"PEBBLEBLOCK\"}]},{\"@type\":\"WebSite\",\"@id\":\"https:\/\/chimiver.com\/fr\/#website\",\"url\":\"https:\/\/chimiver.com\/fr\/\",\"name\":\"Chimiver, Your floors partner\",\"description\":\"Your floors partner\",\"publisher\":{\"@id\":\"https:\/\/chimiver.com\/fr\/#organization\"},\"alternateName\":\"Chimiver\",\"potentialAction\":[{\"@type\":\"SearchAction\",\"target\":{\"@type\":\"EntryPoint\",\"urlTemplate\":\"https:\/\/chimiver.com\/fr\/?s={search_term_string}\"},\"query-input\":{\"@type\":\"PropertyValueSpecification\",\"valueRequired\":true,\"valueName\":\"search_term_string\"}}],\"inLanguage\":\"fr-FR\"},{\"@type\":\"Organization\",\"@id\":\"https:\/\/chimiver.com\/fr\/#organization\",\"name\":\"Chimiver\",\"url\":\"https:\/\/chimiver.com\/fr\/\",\"logo\":{\"@type\":\"ImageObject\",\"inLanguage\":\"fr-FR\",\"@id\":\"https:\/\/chimiver.com\/fr\/#\/schema\/logo\/image\/\",\"url\":\"https:\/\/chimiver.com\/wp-content\/uploads\/2022\/06\/Chimiver_500x500.jpg\",\"contentUrl\":\"https:\/\/chimiver.com\/wp-content\/uploads\/2022\/06\/Chimiver_500x500.jpg\",\"width\":500,\"height\":500,\"caption\":\"Chimiver\"},\"image\":{\"@id\":\"https:\/\/chimiver.com\/fr\/#\/schema\/logo\/image\/\"},\"sameAs\":[\"https:\/\/www.facebook.com\/chimiver\"]}]}<\/script>\n<!-- \/ Yoast SEO plugin. -->","yoast_head_json":{"title":"Fixateur pour pierre - PEBBLEBLOCK","description":"D\u00e9couvrez PEBBLEBLOCK . Fixateur \u00e0 base d'eau pour graviers, granulats, galets et granulats divers, applicable par projection.","robots":{"index":"index","follow":"follow","max-snippet":"max-snippet:-1","max-image-preview":"max-image-preview:large","max-video-preview":"max-video-preview:-1"},"canonical":"https:\/\/chimiver.com\/fr\/prodotto\/pebbleblock\/","og_locale":"fr_FR","og_type":"article","og_title":"Fixateur pour pierre - PEBBLEBLOCK","og_description":"D\u00e9couvrez PEBBLEBLOCK . Fixateur \u00e0 base d'eau pour graviers, granulats, galets et granulats divers, applicable par projection.","og_url":"https:\/\/chimiver.com\/fr\/prodotto\/pebbleblock\/","og_site_name":"Chimiver","article_publisher":"https:\/\/www.facebook.com\/chimiver","article_modified_time":"2025-06-05T12:21:36+00:00","og_image":[{"width":640,"height":640,"url":"https:\/\/chimiver.com\/wp-content\/uploads\/2025\/03\/PEBBLEBLOCK.jpg","type":"image\/jpeg"}],"twitter_card":"summary_large_image","twitter_misc":{"Dur\u00e9e de lecture estim\u00e9e":"1 minute"},"schema":{"@context":"https:\/\/schema.org","@graph":[{"@type":"WebPage","@id":"https:\/\/chimiver.com\/fr\/prodotto\/pebbleblock\/","url":"https:\/\/chimiver.com\/fr\/prodotto\/pebbleblock\/","name":"Fixateur pour pierre - PEBBLEBLOCK","isPartOf":{"@id":"https:\/\/chimiver.com\/fr\/#website"},"primaryImageOfPage":{"@id":"https:\/\/chimiver.com\/fr\/prodotto\/pebbleblock\/#primaryimage"},"image":{"@id":"https:\/\/chimiver.com\/fr\/prodotto\/pebbleblock\/#primaryimage"},"thumbnailUrl":"https:\/\/chimiver.com\/wp-content\/uploads\/2025\/03\/PEBBLEBLOCK.jpg","datePublished":"2025-03-27T08:25:48+00:00","dateModified":"2025-06-05T12:21:36+00:00","description":"D\u00e9couvrez PEBBLEBLOCK . Fixateur \u00e0 base d'eau pour graviers, granulats, galets et granulats divers, applicable par projection.","breadcrumb":{"@id":"https:\/\/chimiver.com\/fr\/prodotto\/pebbleblock\/#breadcrumb"},"inLanguage":"fr-FR","potentialAction":[{"@type":"ReadAction","target":["https:\/\/chimiver.com\/fr\/prodotto\/pebbleblock\/"]}]},{"@type":"ImageObject","inLanguage":"fr-FR","@id":"https:\/\/chimiver.com\/fr\/prodotto\/pebbleblock\/#primaryimage","url":"https:\/\/chimiver.com\/wp-content\/uploads\/2025\/03\/PEBBLEBLOCK.jpg","contentUrl":"https:\/\/chimiver.com\/wp-content\/uploads\/2025\/03\/PEBBLEBLOCK.jpg","width":640,"height":640},{"@type":"BreadcrumbList","@id":"https:\/\/chimiver.com\/fr\/prodotto\/pebbleblock\/#breadcrumb","itemListElement":[{"@type":"ListItem","position":1,"name":"Home","item":"https:\/\/chimiver.com\/fr\/"},{"@type":"ListItem","position":2,"name":"Shop","item":"https:\/\/chimiver.com\/?page_id=10"},{"@type":"ListItem","position":3,"name":"PEBBLEBLOCK"}]},{"@type":"WebSite","@id":"https:\/\/chimiver.com\/fr\/#website","url":"https:\/\/chimiver.com\/fr\/","name":"Chimiver, Your floors partner","description":"Your floors partner","publisher":{"@id":"https:\/\/chimiver.com\/fr\/#organization"},"alternateName":"Chimiver","potentialAction":[{"@type":"SearchAction","target":{"@type":"EntryPoint","urlTemplate":"https:\/\/chimiver.com\/fr\/?s={search_term_string}"},"query-input":{"@type":"PropertyValueSpecification","valueRequired":true,"valueName":"search_term_string"}}],"inLanguage":"fr-FR"},{"@type":"Organization","@id":"https:\/\/chimiver.com\/fr\/#organization","name":"Chimiver","url":"https:\/\/chimiver.com\/fr\/","logo":{"@type":"ImageObject","inLanguage":"fr-FR","@id":"https:\/\/chimiver.com\/fr\/#\/schema\/logo\/image\/","url":"https:\/\/chimiver.com\/wp-content\/uploads\/2022\/06\/Chimiver_500x500.jpg","contentUrl":"https:\/\/chimiver.com\/wp-content\/uploads\/2022\/06\/Chimiver_500x500.jpg","width":500,"height":500,"caption":"Chimiver"},"image":{"@id":"https:\/\/chimiver.com\/fr\/#\/schema\/logo\/image\/"},"sameAs":["https:\/\/www.facebook.com\/chimiver"]}]}},"_links":{"self":[{"href":"https:\/\/chimiver.com\/fr\/wp-json\/wp\/v2\/product\/22304","targetHints":{"allow":["GET"]}}],"collection":[{"href":"https:\/\/chimiver.com\/fr\/wp-json\/wp\/v2\/product"}],"about":[{"href":"https:\/\/chimiver.com\/fr\/wp-json\/wp\/v2\/types\/product"}],"replies":[{"embeddable":true,"href":"https:\/\/chimiver.com\/fr\/wp-json\/wp\/v2\/comments?post=22304"}],"wp:featuredmedia":[{"embeddable":true,"href":"https:\/\/chimiver.com\/fr\/wp-json\/wp\/v2\/media\/22273"}],"wp:attachment":[{"href":"https:\/\/chimiver.com\/fr\/wp-json\/wp\/v2\/media?parent=22304"}],"wp:term":[{"taxonomy":"product_brand","embeddable":true,"href":"https:\/\/chimiver.com\/fr\/wp-json\/wp\/v2\/product_brand?post=22304"},{"taxonomy":"product_cat","embeddable":true,"href":"https:\/\/chimiver.com\/fr\/wp-json\/wp\/v2\/product_cat?post=22304"},{"taxonomy":"product_tag","embeddable":true,"href":"https:\/\/chimiver.com\/fr\/wp-json\/wp\/v2\/product_tag?post=22304"}],"curies":[{"name":"wp","href":"https:\/\/api.w.org\/{rel}","templated":true}]}}