{"id":22758,"date":"2025-07-08T14:39:21","date_gmt":"2025-07-08T12:39:21","guid":{"rendered":"https:\/\/chimiver.com\/prodotto\/ironver\/"},"modified":"2025-07-11T11:03:40","modified_gmt":"2025-07-11T09:03:40","slug":"ironver","status":"publish","type":"product","link":"https:\/\/chimiver.com\/fr\/prodotto\/ironver\/","title":{"rendered":"IRONVER"},"content":{"rendered":"<p>\u00c9mail acrylique monocomposant en dispersion aqueuse, formul\u00e9 avec des r\u00e9sines s\u00e9lectionn\u00e9es et des additifs anticorrosifs haute performance. Sa composition garantit un passif efficace du support m\u00e9tallique, inhibant le ph\u00e9nom\u00e8ne oxydatif et emp\u00eachant la formation de rouille. Il a une excellente mouillabilit\u00e9, une bonne adh\u00e9rence sur des surfaces ferreuses convenablement pr\u00e9par\u00e9es, un nivellement \u00e9lev\u00e9 et une r\u00e9sistance \u00e0 l&rsquo;eau. Disponible pour les applications int\u00e9rieures et ext\u00e9rieures, il est disponible en cinq couleurs:<\/p>\n<ul>\n<li>Gris Anthracite;<\/li>\n<li>Gris;<\/li>\n<li>Noir;<\/li>\n<li>Marron;<\/li>\n<li>Vert.<\/li>\n<\/ul>\n","protected":false},"excerpt":{"rendered":"\u00c9mail \u00e0 base d&rsquo;eau pour ext\u00e9rieur","protected":false},"featured_media":22697,"comment_status":"open","ping_status":"closed","template":"","meta":{"_acf_changed":false,"inline_featured_image":false},"product_brand":[],"product_cat":[811,825,896],"product_tag":[],"class_list":{"0":"post-22758","1":"product","2":"type-product","3":"status-publish","4":"has-post-thumbnail","6":"product_cat-particuliers","7":"product_cat-surfaces-fr","8":"product_cat-vernis-antirouille","10":"first","11":"instock","12":"shipping-taxable","13":"product-type-simple","14":"add-to-wishlist-after_add_to_cart"},"acf":[],"yoast_head":"<!-- This site is optimized with the Yoast SEO plugin v26.2 - https:\/\/yoast.com\/wordpress\/plugins\/seo\/ -->\n<title>Vernis antirouille - IRONVER<\/title>\n<meta name=\"description\" content=\"D\u00e9couvrez IRONVER, une peinture antirouille color\u00e9e \u00e0 l\u2019eau, adh\u00e9rente et id\u00e9ale pour surfaces ferreuses int\u00e9rieures et ext\u00e9rieures.\" \/>\n<meta name=\"robots\" content=\"index, follow, max-snippet:-1, max-image-preview:large, max-video-preview:-1\" \/>\n<link rel=\"canonical\" href=\"https:\/\/chimiver.com\/fr\/prodotto\/ironver\/\" \/>\n<meta property=\"og:locale\" content=\"fr_FR\" \/>\n<meta property=\"og:type\" content=\"article\" \/>\n<meta property=\"og:title\" content=\"Vernis antirouille - IRONVER\" \/>\n<meta property=\"og:description\" content=\"D\u00e9couvrez IRONVER, une peinture antirouille color\u00e9e \u00e0 l\u2019eau, adh\u00e9rente et id\u00e9ale pour surfaces ferreuses int\u00e9rieures et ext\u00e9rieures.\" \/>\n<meta property=\"og:url\" content=\"https:\/\/chimiver.com\/fr\/prodotto\/ironver\/\" \/>\n<meta property=\"og:site_name\" content=\"Chimiver\" \/>\n<meta property=\"article:publisher\" content=\"https:\/\/www.facebook.com\/chimiver\" \/>\n<meta property=\"article:modified_time\" content=\"2025-07-11T09:03:40+00:00\" \/>\n<meta property=\"og:image\" content=\"https:\/\/chimiver.com\/wp-content\/uploads\/2025\/07\/IRONVER_GRIGIO-ANTRACITE.jpg\" \/>\n\t<meta property=\"og:image:width\" content=\"640\" \/>\n\t<meta property=\"og:image:height\" content=\"640\" \/>\n\t<meta property=\"og:image:type\" content=\"image\/jpeg\" \/>\n<meta name=\"twitter:card\" content=\"summary_large_image\" \/>\n<meta name=\"twitter:label1\" content=\"Dur\u00e9e de lecture estim\u00e9e\" \/>\n\t<meta name=\"twitter:data1\" content=\"1 minute\" \/>\n<script type=\"application\/ld+json\" class=\"yoast-schema-graph\">{\"@context\":\"https:\/\/schema.org\",\"@graph\":[{\"@type\":\"WebPage\",\"@id\":\"https:\/\/chimiver.com\/fr\/prodotto\/ironver\/\",\"url\":\"https:\/\/chimiver.com\/fr\/prodotto\/ironver\/\",\"name\":\"Vernis antirouille - IRONVER\",\"isPartOf\":{\"@id\":\"https:\/\/chimiver.com\/fr\/#website\"},\"primaryImageOfPage\":{\"@id\":\"https:\/\/chimiver.com\/fr\/prodotto\/ironver\/#primaryimage\"},\"image\":{\"@id\":\"https:\/\/chimiver.com\/fr\/prodotto\/ironver\/#primaryimage\"},\"thumbnailUrl\":\"https:\/\/chimiver.com\/wp-content\/uploads\/2025\/07\/IRONVER_GRIGIO-ANTRACITE.jpg\",\"datePublished\":\"2025-07-08T12:39:21+00:00\",\"dateModified\":\"2025-07-11T09:03:40+00:00\",\"description\":\"D\u00e9couvrez IRONVER, une peinture antirouille color\u00e9e \u00e0 l\u2019eau, adh\u00e9rente et id\u00e9ale pour surfaces ferreuses int\u00e9rieures et ext\u00e9rieures.\",\"breadcrumb\":{\"@id\":\"https:\/\/chimiver.com\/fr\/prodotto\/ironver\/#breadcrumb\"},\"inLanguage\":\"fr-FR\",\"potentialAction\":[{\"@type\":\"ReadAction\",\"target\":[\"https:\/\/chimiver.com\/fr\/prodotto\/ironver\/\"]}]},{\"@type\":\"ImageObject\",\"inLanguage\":\"fr-FR\",\"@id\":\"https:\/\/chimiver.com\/fr\/prodotto\/ironver\/#primaryimage\",\"url\":\"https:\/\/chimiver.com\/wp-content\/uploads\/2025\/07\/IRONVER_GRIGIO-ANTRACITE.jpg\",\"contentUrl\":\"https:\/\/chimiver.com\/wp-content\/uploads\/2025\/07\/IRONVER_GRIGIO-ANTRACITE.jpg\",\"width\":640,\"height\":640},{\"@type\":\"BreadcrumbList\",\"@id\":\"https:\/\/chimiver.com\/fr\/prodotto\/ironver\/#breadcrumb\",\"itemListElement\":[{\"@type\":\"ListItem\",\"position\":1,\"name\":\"Home\",\"item\":\"https:\/\/chimiver.com\/fr\/\"},{\"@type\":\"ListItem\",\"position\":2,\"name\":\"Shop\",\"item\":\"https:\/\/chimiver.com\/?page_id=10\"},{\"@type\":\"ListItem\",\"position\":3,\"name\":\"IRONVER\"}]},{\"@type\":\"WebSite\",\"@id\":\"https:\/\/chimiver.com\/fr\/#website\",\"url\":\"https:\/\/chimiver.com\/fr\/\",\"name\":\"Chimiver, Your floors partner\",\"description\":\"Your floors partner\",\"publisher\":{\"@id\":\"https:\/\/chimiver.com\/fr\/#organization\"},\"alternateName\":\"Chimiver\",\"potentialAction\":[{\"@type\":\"SearchAction\",\"target\":{\"@type\":\"EntryPoint\",\"urlTemplate\":\"https:\/\/chimiver.com\/fr\/?s={search_term_string}\"},\"query-input\":{\"@type\":\"PropertyValueSpecification\",\"valueRequired\":true,\"valueName\":\"search_term_string\"}}],\"inLanguage\":\"fr-FR\"},{\"@type\":\"Organization\",\"@id\":\"https:\/\/chimiver.com\/fr\/#organization\",\"name\":\"Chimiver\",\"url\":\"https:\/\/chimiver.com\/fr\/\",\"logo\":{\"@type\":\"ImageObject\",\"inLanguage\":\"fr-FR\",\"@id\":\"https:\/\/chimiver.com\/fr\/#\/schema\/logo\/image\/\",\"url\":\"https:\/\/chimiver.com\/wp-content\/uploads\/2022\/06\/Chimiver_500x500.jpg\",\"contentUrl\":\"https:\/\/chimiver.com\/wp-content\/uploads\/2022\/06\/Chimiver_500x500.jpg\",\"width\":500,\"height\":500,\"caption\":\"Chimiver\"},\"image\":{\"@id\":\"https:\/\/chimiver.com\/fr\/#\/schema\/logo\/image\/\"},\"sameAs\":[\"https:\/\/www.facebook.com\/chimiver\"]}]}<\/script>\n<!-- \/ Yoast SEO plugin. -->","yoast_head_json":{"title":"Vernis antirouille - IRONVER","description":"D\u00e9couvrez IRONVER, une peinture antirouille color\u00e9e \u00e0 l\u2019eau, adh\u00e9rente et id\u00e9ale pour surfaces ferreuses int\u00e9rieures et ext\u00e9rieures.","robots":{"index":"index","follow":"follow","max-snippet":"max-snippet:-1","max-image-preview":"max-image-preview:large","max-video-preview":"max-video-preview:-1"},"canonical":"https:\/\/chimiver.com\/fr\/prodotto\/ironver\/","og_locale":"fr_FR","og_type":"article","og_title":"Vernis antirouille - IRONVER","og_description":"D\u00e9couvrez IRONVER, une peinture antirouille color\u00e9e \u00e0 l\u2019eau, adh\u00e9rente et id\u00e9ale pour surfaces ferreuses int\u00e9rieures et ext\u00e9rieures.","og_url":"https:\/\/chimiver.com\/fr\/prodotto\/ironver\/","og_site_name":"Chimiver","article_publisher":"https:\/\/www.facebook.com\/chimiver","article_modified_time":"2025-07-11T09:03:40+00:00","og_image":[{"width":640,"height":640,"url":"https:\/\/chimiver.com\/wp-content\/uploads\/2025\/07\/IRONVER_GRIGIO-ANTRACITE.jpg","type":"image\/jpeg"}],"twitter_card":"summary_large_image","twitter_misc":{"Dur\u00e9e de lecture estim\u00e9e":"1 minute"},"schema":{"@context":"https:\/\/schema.org","@graph":[{"@type":"WebPage","@id":"https:\/\/chimiver.com\/fr\/prodotto\/ironver\/","url":"https:\/\/chimiver.com\/fr\/prodotto\/ironver\/","name":"Vernis antirouille - IRONVER","isPartOf":{"@id":"https:\/\/chimiver.com\/fr\/#website"},"primaryImageOfPage":{"@id":"https:\/\/chimiver.com\/fr\/prodotto\/ironver\/#primaryimage"},"image":{"@id":"https:\/\/chimiver.com\/fr\/prodotto\/ironver\/#primaryimage"},"thumbnailUrl":"https:\/\/chimiver.com\/wp-content\/uploads\/2025\/07\/IRONVER_GRIGIO-ANTRACITE.jpg","datePublished":"2025-07-08T12:39:21+00:00","dateModified":"2025-07-11T09:03:40+00:00","description":"D\u00e9couvrez IRONVER, une peinture antirouille color\u00e9e \u00e0 l\u2019eau, adh\u00e9rente et id\u00e9ale pour surfaces ferreuses int\u00e9rieures et ext\u00e9rieures.","breadcrumb":{"@id":"https:\/\/chimiver.com\/fr\/prodotto\/ironver\/#breadcrumb"},"inLanguage":"fr-FR","potentialAction":[{"@type":"ReadAction","target":["https:\/\/chimiver.com\/fr\/prodotto\/ironver\/"]}]},{"@type":"ImageObject","inLanguage":"fr-FR","@id":"https:\/\/chimiver.com\/fr\/prodotto\/ironver\/#primaryimage","url":"https:\/\/chimiver.com\/wp-content\/uploads\/2025\/07\/IRONVER_GRIGIO-ANTRACITE.jpg","contentUrl":"https:\/\/chimiver.com\/wp-content\/uploads\/2025\/07\/IRONVER_GRIGIO-ANTRACITE.jpg","width":640,"height":640},{"@type":"BreadcrumbList","@id":"https:\/\/chimiver.com\/fr\/prodotto\/ironver\/#breadcrumb","itemListElement":[{"@type":"ListItem","position":1,"name":"Home","item":"https:\/\/chimiver.com\/fr\/"},{"@type":"ListItem","position":2,"name":"Shop","item":"https:\/\/chimiver.com\/?page_id=10"},{"@type":"ListItem","position":3,"name":"IRONVER"}]},{"@type":"WebSite","@id":"https:\/\/chimiver.com\/fr\/#website","url":"https:\/\/chimiver.com\/fr\/","name":"Chimiver, Your floors partner","description":"Your floors partner","publisher":{"@id":"https:\/\/chimiver.com\/fr\/#organization"},"alternateName":"Chimiver","potentialAction":[{"@type":"SearchAction","target":{"@type":"EntryPoint","urlTemplate":"https:\/\/chimiver.com\/fr\/?s={search_term_string}"},"query-input":{"@type":"PropertyValueSpecification","valueRequired":true,"valueName":"search_term_string"}}],"inLanguage":"fr-FR"},{"@type":"Organization","@id":"https:\/\/chimiver.com\/fr\/#organization","name":"Chimiver","url":"https:\/\/chimiver.com\/fr\/","logo":{"@type":"ImageObject","inLanguage":"fr-FR","@id":"https:\/\/chimiver.com\/fr\/#\/schema\/logo\/image\/","url":"https:\/\/chimiver.com\/wp-content\/uploads\/2022\/06\/Chimiver_500x500.jpg","contentUrl":"https:\/\/chimiver.com\/wp-content\/uploads\/2022\/06\/Chimiver_500x500.jpg","width":500,"height":500,"caption":"Chimiver"},"image":{"@id":"https:\/\/chimiver.com\/fr\/#\/schema\/logo\/image\/"},"sameAs":["https:\/\/www.facebook.com\/chimiver"]}]}},"_links":{"self":[{"href":"https:\/\/chimiver.com\/fr\/wp-json\/wp\/v2\/product\/22758","targetHints":{"allow":["GET"]}}],"collection":[{"href":"https:\/\/chimiver.com\/fr\/wp-json\/wp\/v2\/product"}],"about":[{"href":"https:\/\/chimiver.com\/fr\/wp-json\/wp\/v2\/types\/product"}],"replies":[{"embeddable":true,"href":"https:\/\/chimiver.com\/fr\/wp-json\/wp\/v2\/comments?post=22758"}],"wp:featuredmedia":[{"embeddable":true,"href":"https:\/\/chimiver.com\/fr\/wp-json\/wp\/v2\/media\/22697"}],"wp:attachment":[{"href":"https:\/\/chimiver.com\/fr\/wp-json\/wp\/v2\/media?parent=22758"}],"wp:term":[{"taxonomy":"product_brand","embeddable":true,"href":"https:\/\/chimiver.com\/fr\/wp-json\/wp\/v2\/product_brand?post=22758"},{"taxonomy":"product_cat","embeddable":true,"href":"https:\/\/chimiver.com\/fr\/wp-json\/wp\/v2\/product_cat?post=22758"},{"taxonomy":"product_tag","embeddable":true,"href":"https:\/\/chimiver.com\/fr\/wp-json\/wp\/v2\/product_tag?post=22758"}],"curies":[{"name":"wp","href":"https:\/\/api.w.org\/{rel}","templated":true}]}}