{"id":22784,"date":"2025-07-24T15:03:32","date_gmt":"2025-07-24T13:03:32","guid":{"rendered":"https:\/\/chimiver.com\/?post_type=product&#038;p=22784"},"modified":"2025-07-30T15:01:51","modified_gmt":"2025-07-30T13:01:51","slug":"fondo-acr-276","status":"publish","type":"product","link":"https:\/\/chimiver.com\/fr\/prodotto\/fondo-acr-276\/","title":{"rendered":"FONDO ACR-276"},"content":{"rendered":"<p>Fond aliphatique bicomposant \u00e0 s\u00e9chage rapide, facile \u00e0 poncer et capable de donner au bois trait\u00e9 un effet naturel et peu oxyd\u00e9, \u00e9vitant ainsi l&rsquo;effet mouill\u00e9 typique des produits \u00e0 base de solvant et conf\u00e9rant \u00e0 la pi\u00e8ce trait\u00e9e un aspect visuel plat-naturel-non verni.<\/p>\n","protected":false},"excerpt":{"rendered":"Fond acrylique bicomposant \u00e0 s\u00e9chage rapide non jaunissant","protected":false},"featured_media":18232,"comment_status":"open","ping_status":"closed","template":"","meta":{"_acf_changed":false,"inline_featured_image":false},"product_brand":[],"product_cat":[835,838],"product_tag":[],"class_list":{"0":"post-22784","1":"product","2":"type-product","3":"status-publish","4":"has-post-thumbnail","6":"product_cat-industrie","7":"product_cat-vernis-solvant","9":"first","10":"instock","11":"shipping-taxable","12":"product-type-simple","13":"add-to-wishlist-after_add_to_cart"},"acf":[],"yoast_head":"<!-- This site is optimized with the Yoast SEO plugin v26.2 - https:\/\/yoast.com\/wordpress\/plugins\/seo\/ -->\n<title>Appr\u00eat pour bois - FONDO ACR-276<\/title>\n<meta name=\"description\" content=\"D\u00e9couvrez FONDO ACR-276 Industrie, Vernis solvant. Appr\u00eat acrylique \u00e0 deux composants \u00e0 s\u00e9chage rapide et non jaunissant pour bois.\" \/>\n<meta name=\"robots\" content=\"index, follow, max-snippet:-1, max-image-preview:large, max-video-preview:-1\" \/>\n<link rel=\"canonical\" href=\"https:\/\/chimiver.com\/fr\/prodotto\/fondo-acr-276\/\" \/>\n<meta property=\"og:locale\" content=\"fr_FR\" \/>\n<meta property=\"og:type\" content=\"article\" \/>\n<meta property=\"og:title\" content=\"Appr\u00eat pour bois - FONDO ACR-276\" \/>\n<meta property=\"og:description\" content=\"D\u00e9couvrez FONDO ACR-276 Industrie, Vernis solvant. Appr\u00eat acrylique \u00e0 deux composants \u00e0 s\u00e9chage rapide et non jaunissant pour bois.\" \/>\n<meta property=\"og:url\" content=\"https:\/\/chimiver.com\/fr\/prodotto\/fondo-acr-276\/\" \/>\n<meta property=\"og:site_name\" content=\"Chimiver\" \/>\n<meta property=\"article:publisher\" content=\"https:\/\/www.facebook.com\/chimiver\" \/>\n<meta property=\"article:modified_time\" content=\"2025-07-30T13:01:51+00:00\" \/>\n<meta property=\"og:image\" content=\"https:\/\/chimiver.com\/wp-content\/uploads\/2024\/03\/latta-chimiver-doppia-cielo-aperto.jpg\" \/>\n\t<meta property=\"og:image:width\" content=\"640\" \/>\n\t<meta property=\"og:image:height\" content=\"640\" \/>\n\t<meta property=\"og:image:type\" content=\"image\/jpeg\" \/>\n<meta name=\"twitter:card\" content=\"summary_large_image\" \/>\n<meta name=\"twitter:label1\" content=\"Dur\u00e9e de lecture estim\u00e9e\" \/>\n\t<meta name=\"twitter:data1\" content=\"1 minute\" \/>\n<script type=\"application\/ld+json\" class=\"yoast-schema-graph\">{\"@context\":\"https:\/\/schema.org\",\"@graph\":[{\"@type\":\"WebPage\",\"@id\":\"https:\/\/chimiver.com\/fr\/prodotto\/fondo-acr-276\/\",\"url\":\"https:\/\/chimiver.com\/fr\/prodotto\/fondo-acr-276\/\",\"name\":\"Appr\u00eat pour bois - FONDO ACR-276\",\"isPartOf\":{\"@id\":\"https:\/\/chimiver.com\/fr\/#website\"},\"primaryImageOfPage\":{\"@id\":\"https:\/\/chimiver.com\/fr\/prodotto\/fondo-acr-276\/#primaryimage\"},\"image\":{\"@id\":\"https:\/\/chimiver.com\/fr\/prodotto\/fondo-acr-276\/#primaryimage\"},\"thumbnailUrl\":\"https:\/\/chimiver.com\/wp-content\/uploads\/2024\/03\/latta-chimiver-doppia-cielo-aperto.jpg\",\"datePublished\":\"2025-07-24T13:03:32+00:00\",\"dateModified\":\"2025-07-30T13:01:51+00:00\",\"description\":\"D\u00e9couvrez FONDO ACR-276 Industrie, Vernis solvant. Appr\u00eat acrylique \u00e0 deux composants \u00e0 s\u00e9chage rapide et non jaunissant pour bois.\",\"breadcrumb\":{\"@id\":\"https:\/\/chimiver.com\/fr\/prodotto\/fondo-acr-276\/#breadcrumb\"},\"inLanguage\":\"fr-FR\",\"potentialAction\":[{\"@type\":\"ReadAction\",\"target\":[\"https:\/\/chimiver.com\/fr\/prodotto\/fondo-acr-276\/\"]}]},{\"@type\":\"ImageObject\",\"inLanguage\":\"fr-FR\",\"@id\":\"https:\/\/chimiver.com\/fr\/prodotto\/fondo-acr-276\/#primaryimage\",\"url\":\"https:\/\/chimiver.com\/wp-content\/uploads\/2024\/03\/latta-chimiver-doppia-cielo-aperto.jpg\",\"contentUrl\":\"https:\/\/chimiver.com\/wp-content\/uploads\/2024\/03\/latta-chimiver-doppia-cielo-aperto.jpg\",\"width\":640,\"height\":640},{\"@type\":\"BreadcrumbList\",\"@id\":\"https:\/\/chimiver.com\/fr\/prodotto\/fondo-acr-276\/#breadcrumb\",\"itemListElement\":[{\"@type\":\"ListItem\",\"position\":1,\"name\":\"Home\",\"item\":\"https:\/\/chimiver.com\/fr\/\"},{\"@type\":\"ListItem\",\"position\":2,\"name\":\"Shop\",\"item\":\"https:\/\/chimiver.com\/?page_id=10\"},{\"@type\":\"ListItem\",\"position\":3,\"name\":\"FONDO ACR-276\"}]},{\"@type\":\"WebSite\",\"@id\":\"https:\/\/chimiver.com\/fr\/#website\",\"url\":\"https:\/\/chimiver.com\/fr\/\",\"name\":\"Chimiver, Your floors partner\",\"description\":\"Your floors partner\",\"publisher\":{\"@id\":\"https:\/\/chimiver.com\/fr\/#organization\"},\"alternateName\":\"Chimiver\",\"potentialAction\":[{\"@type\":\"SearchAction\",\"target\":{\"@type\":\"EntryPoint\",\"urlTemplate\":\"https:\/\/chimiver.com\/fr\/?s={search_term_string}\"},\"query-input\":{\"@type\":\"PropertyValueSpecification\",\"valueRequired\":true,\"valueName\":\"search_term_string\"}}],\"inLanguage\":\"fr-FR\"},{\"@type\":\"Organization\",\"@id\":\"https:\/\/chimiver.com\/fr\/#organization\",\"name\":\"Chimiver\",\"url\":\"https:\/\/chimiver.com\/fr\/\",\"logo\":{\"@type\":\"ImageObject\",\"inLanguage\":\"fr-FR\",\"@id\":\"https:\/\/chimiver.com\/fr\/#\/schema\/logo\/image\/\",\"url\":\"https:\/\/chimiver.com\/wp-content\/uploads\/2022\/06\/Chimiver_500x500.jpg\",\"contentUrl\":\"https:\/\/chimiver.com\/wp-content\/uploads\/2022\/06\/Chimiver_500x500.jpg\",\"width\":500,\"height\":500,\"caption\":\"Chimiver\"},\"image\":{\"@id\":\"https:\/\/chimiver.com\/fr\/#\/schema\/logo\/image\/\"},\"sameAs\":[\"https:\/\/www.facebook.com\/chimiver\"]}]}<\/script>\n<!-- \/ Yoast SEO plugin. -->","yoast_head_json":{"title":"Appr\u00eat pour bois - FONDO ACR-276","description":"D\u00e9couvrez FONDO ACR-276 Industrie, Vernis solvant. Appr\u00eat acrylique \u00e0 deux composants \u00e0 s\u00e9chage rapide et non jaunissant pour bois.","robots":{"index":"index","follow":"follow","max-snippet":"max-snippet:-1","max-image-preview":"max-image-preview:large","max-video-preview":"max-video-preview:-1"},"canonical":"https:\/\/chimiver.com\/fr\/prodotto\/fondo-acr-276\/","og_locale":"fr_FR","og_type":"article","og_title":"Appr\u00eat pour bois - FONDO ACR-276","og_description":"D\u00e9couvrez FONDO ACR-276 Industrie, Vernis solvant. Appr\u00eat acrylique \u00e0 deux composants \u00e0 s\u00e9chage rapide et non jaunissant pour bois.","og_url":"https:\/\/chimiver.com\/fr\/prodotto\/fondo-acr-276\/","og_site_name":"Chimiver","article_publisher":"https:\/\/www.facebook.com\/chimiver","article_modified_time":"2025-07-30T13:01:51+00:00","og_image":[{"width":640,"height":640,"url":"https:\/\/chimiver.com\/wp-content\/uploads\/2024\/03\/latta-chimiver-doppia-cielo-aperto.jpg","type":"image\/jpeg"}],"twitter_card":"summary_large_image","twitter_misc":{"Dur\u00e9e de lecture estim\u00e9e":"1 minute"},"schema":{"@context":"https:\/\/schema.org","@graph":[{"@type":"WebPage","@id":"https:\/\/chimiver.com\/fr\/prodotto\/fondo-acr-276\/","url":"https:\/\/chimiver.com\/fr\/prodotto\/fondo-acr-276\/","name":"Appr\u00eat pour bois - FONDO ACR-276","isPartOf":{"@id":"https:\/\/chimiver.com\/fr\/#website"},"primaryImageOfPage":{"@id":"https:\/\/chimiver.com\/fr\/prodotto\/fondo-acr-276\/#primaryimage"},"image":{"@id":"https:\/\/chimiver.com\/fr\/prodotto\/fondo-acr-276\/#primaryimage"},"thumbnailUrl":"https:\/\/chimiver.com\/wp-content\/uploads\/2024\/03\/latta-chimiver-doppia-cielo-aperto.jpg","datePublished":"2025-07-24T13:03:32+00:00","dateModified":"2025-07-30T13:01:51+00:00","description":"D\u00e9couvrez FONDO ACR-276 Industrie, Vernis solvant. Appr\u00eat acrylique \u00e0 deux composants \u00e0 s\u00e9chage rapide et non jaunissant pour bois.","breadcrumb":{"@id":"https:\/\/chimiver.com\/fr\/prodotto\/fondo-acr-276\/#breadcrumb"},"inLanguage":"fr-FR","potentialAction":[{"@type":"ReadAction","target":["https:\/\/chimiver.com\/fr\/prodotto\/fondo-acr-276\/"]}]},{"@type":"ImageObject","inLanguage":"fr-FR","@id":"https:\/\/chimiver.com\/fr\/prodotto\/fondo-acr-276\/#primaryimage","url":"https:\/\/chimiver.com\/wp-content\/uploads\/2024\/03\/latta-chimiver-doppia-cielo-aperto.jpg","contentUrl":"https:\/\/chimiver.com\/wp-content\/uploads\/2024\/03\/latta-chimiver-doppia-cielo-aperto.jpg","width":640,"height":640},{"@type":"BreadcrumbList","@id":"https:\/\/chimiver.com\/fr\/prodotto\/fondo-acr-276\/#breadcrumb","itemListElement":[{"@type":"ListItem","position":1,"name":"Home","item":"https:\/\/chimiver.com\/fr\/"},{"@type":"ListItem","position":2,"name":"Shop","item":"https:\/\/chimiver.com\/?page_id=10"},{"@type":"ListItem","position":3,"name":"FONDO ACR-276"}]},{"@type":"WebSite","@id":"https:\/\/chimiver.com\/fr\/#website","url":"https:\/\/chimiver.com\/fr\/","name":"Chimiver, Your floors partner","description":"Your floors partner","publisher":{"@id":"https:\/\/chimiver.com\/fr\/#organization"},"alternateName":"Chimiver","potentialAction":[{"@type":"SearchAction","target":{"@type":"EntryPoint","urlTemplate":"https:\/\/chimiver.com\/fr\/?s={search_term_string}"},"query-input":{"@type":"PropertyValueSpecification","valueRequired":true,"valueName":"search_term_string"}}],"inLanguage":"fr-FR"},{"@type":"Organization","@id":"https:\/\/chimiver.com\/fr\/#organization","name":"Chimiver","url":"https:\/\/chimiver.com\/fr\/","logo":{"@type":"ImageObject","inLanguage":"fr-FR","@id":"https:\/\/chimiver.com\/fr\/#\/schema\/logo\/image\/","url":"https:\/\/chimiver.com\/wp-content\/uploads\/2022\/06\/Chimiver_500x500.jpg","contentUrl":"https:\/\/chimiver.com\/wp-content\/uploads\/2022\/06\/Chimiver_500x500.jpg","width":500,"height":500,"caption":"Chimiver"},"image":{"@id":"https:\/\/chimiver.com\/fr\/#\/schema\/logo\/image\/"},"sameAs":["https:\/\/www.facebook.com\/chimiver"]}]}},"_links":{"self":[{"href":"https:\/\/chimiver.com\/fr\/wp-json\/wp\/v2\/product\/22784","targetHints":{"allow":["GET"]}}],"collection":[{"href":"https:\/\/chimiver.com\/fr\/wp-json\/wp\/v2\/product"}],"about":[{"href":"https:\/\/chimiver.com\/fr\/wp-json\/wp\/v2\/types\/product"}],"replies":[{"embeddable":true,"href":"https:\/\/chimiver.com\/fr\/wp-json\/wp\/v2\/comments?post=22784"}],"wp:featuredmedia":[{"embeddable":true,"href":"https:\/\/chimiver.com\/fr\/wp-json\/wp\/v2\/media\/18232"}],"wp:attachment":[{"href":"https:\/\/chimiver.com\/fr\/wp-json\/wp\/v2\/media?parent=22784"}],"wp:term":[{"taxonomy":"product_brand","embeddable":true,"href":"https:\/\/chimiver.com\/fr\/wp-json\/wp\/v2\/product_brand?post=22784"},{"taxonomy":"product_cat","embeddable":true,"href":"https:\/\/chimiver.com\/fr\/wp-json\/wp\/v2\/product_cat?post=22784"},{"taxonomy":"product_tag","embeddable":true,"href":"https:\/\/chimiver.com\/fr\/wp-json\/wp\/v2\/product_tag?post=22784"}],"curies":[{"name":"wp","href":"https:\/\/api.w.org\/{rel}","templated":true}]}}