{"id":22816,"date":"2025-07-24T15:42:41","date_gmt":"2025-07-24T13:42:41","guid":{"rendered":"https:\/\/chimiver.com\/?post_type=product&#038;p=22816"},"modified":"2025-07-24T15:52:22","modified_gmt":"2025-07-24T13:52:22","slug":"induritore-acr-76","status":"publish","type":"product","link":"https:\/\/chimiver.com\/fr\/prodotto\/induritore-acr-76\/","title":{"rendered":"INDURITORE ACR 76"},"content":{"rendered":"<p>Durcisseur pour les produits acryliques de la ligne ACR.<\/p>\n","protected":false},"excerpt":{"rendered":"Durcisseur pour produits acryliques","protected":false},"featured_media":18257,"comment_status":"open","ping_status":"closed","template":"","meta":{"_acf_changed":false,"inline_featured_image":false},"product_brand":[],"product_cat":[840],"product_tag":[],"class_list":{"0":"post-22816","1":"product","2":"type-product","3":"status-publish","4":"has-post-thumbnail","6":"product_cat-produits-auxiliaires-a-base-de-solvant","8":"first","9":"instock","10":"shipping-taxable","11":"product-type-simple","12":"add-to-wishlist-after_add_to_cart"},"acf":[],"yoast_head":"<!-- This site is optimized with the Yoast SEO plugin v26.2 - https:\/\/yoast.com\/wordpress\/plugins\/seo\/ -->\n<title>Durcisseur pour les produits acryliques - INDURITORE ACR 76<\/title>\n<meta name=\"description\" content=\"Durcisseur sp\u00e9cialement formul\u00e9 pour les produits acryliques de la ligne ACR de Chimiver : am\u00e9liore la r\u00e9sistance et les performances des finitions.\" \/>\n<meta name=\"robots\" content=\"index, follow, max-snippet:-1, max-image-preview:large, max-video-preview:-1\" \/>\n<link rel=\"canonical\" href=\"https:\/\/chimiver.com\/fr\/prodotto\/induritore-acr-76\/\" \/>\n<meta property=\"og:locale\" content=\"fr_FR\" \/>\n<meta property=\"og:type\" content=\"article\" \/>\n<meta property=\"og:title\" content=\"Durcisseur pour les produits acryliques - INDURITORE ACR 76\" \/>\n<meta property=\"og:description\" content=\"Durcisseur sp\u00e9cialement formul\u00e9 pour les produits acryliques de la ligne ACR de Chimiver : am\u00e9liore la r\u00e9sistance et les performances des finitions.\" \/>\n<meta property=\"og:url\" content=\"https:\/\/chimiver.com\/fr\/prodotto\/induritore-acr-76\/\" \/>\n<meta property=\"og:site_name\" content=\"Chimiver\" \/>\n<meta property=\"article:publisher\" content=\"https:\/\/www.facebook.com\/chimiver\" \/>\n<meta property=\"article:modified_time\" content=\"2025-07-24T13:52:22+00:00\" \/>\n<meta property=\"og:image\" content=\"https:\/\/chimiver.com\/wp-content\/uploads\/2024\/03\/LATTA-CHIMIVER-25.jpg\" \/>\n\t<meta property=\"og:image:width\" content=\"640\" \/>\n\t<meta property=\"og:image:height\" content=\"640\" \/>\n\t<meta property=\"og:image:type\" content=\"image\/jpeg\" \/>\n<meta name=\"twitter:card\" content=\"summary_large_image\" \/>\n<meta name=\"twitter:label1\" content=\"Dur\u00e9e de lecture estim\u00e9e\" \/>\n\t<meta name=\"twitter:data1\" content=\"1 minute\" \/>\n<script type=\"application\/ld+json\" class=\"yoast-schema-graph\">{\"@context\":\"https:\/\/schema.org\",\"@graph\":[{\"@type\":\"WebPage\",\"@id\":\"https:\/\/chimiver.com\/fr\/prodotto\/induritore-acr-76\/\",\"url\":\"https:\/\/chimiver.com\/fr\/prodotto\/induritore-acr-76\/\",\"name\":\"Durcisseur pour les produits acryliques - INDURITORE ACR 76\",\"isPartOf\":{\"@id\":\"https:\/\/chimiver.com\/fr\/#website\"},\"primaryImageOfPage\":{\"@id\":\"https:\/\/chimiver.com\/fr\/prodotto\/induritore-acr-76\/#primaryimage\"},\"image\":{\"@id\":\"https:\/\/chimiver.com\/fr\/prodotto\/induritore-acr-76\/#primaryimage\"},\"thumbnailUrl\":\"https:\/\/chimiver.com\/wp-content\/uploads\/2024\/03\/LATTA-CHIMIVER-25.jpg\",\"datePublished\":\"2025-07-24T13:42:41+00:00\",\"dateModified\":\"2025-07-24T13:52:22+00:00\",\"description\":\"Durcisseur sp\u00e9cialement formul\u00e9 pour les produits acryliques de la ligne ACR de Chimiver : am\u00e9liore la r\u00e9sistance et les performances des finitions.\",\"breadcrumb\":{\"@id\":\"https:\/\/chimiver.com\/fr\/prodotto\/induritore-acr-76\/#breadcrumb\"},\"inLanguage\":\"fr-FR\",\"potentialAction\":[{\"@type\":\"ReadAction\",\"target\":[\"https:\/\/chimiver.com\/fr\/prodotto\/induritore-acr-76\/\"]}]},{\"@type\":\"ImageObject\",\"inLanguage\":\"fr-FR\",\"@id\":\"https:\/\/chimiver.com\/fr\/prodotto\/induritore-acr-76\/#primaryimage\",\"url\":\"https:\/\/chimiver.com\/wp-content\/uploads\/2024\/03\/LATTA-CHIMIVER-25.jpg\",\"contentUrl\":\"https:\/\/chimiver.com\/wp-content\/uploads\/2024\/03\/LATTA-CHIMIVER-25.jpg\",\"width\":640,\"height\":640},{\"@type\":\"BreadcrumbList\",\"@id\":\"https:\/\/chimiver.com\/fr\/prodotto\/induritore-acr-76\/#breadcrumb\",\"itemListElement\":[{\"@type\":\"ListItem\",\"position\":1,\"name\":\"Home\",\"item\":\"https:\/\/chimiver.com\/fr\/\"},{\"@type\":\"ListItem\",\"position\":2,\"name\":\"Shop\",\"item\":\"https:\/\/chimiver.com\/?page_id=10\"},{\"@type\":\"ListItem\",\"position\":3,\"name\":\"INDURITORE ACR 76\"}]},{\"@type\":\"WebSite\",\"@id\":\"https:\/\/chimiver.com\/fr\/#website\",\"url\":\"https:\/\/chimiver.com\/fr\/\",\"name\":\"Chimiver, Your floors partner\",\"description\":\"Your floors partner\",\"publisher\":{\"@id\":\"https:\/\/chimiver.com\/fr\/#organization\"},\"alternateName\":\"Chimiver\",\"potentialAction\":[{\"@type\":\"SearchAction\",\"target\":{\"@type\":\"EntryPoint\",\"urlTemplate\":\"https:\/\/chimiver.com\/fr\/?s={search_term_string}\"},\"query-input\":{\"@type\":\"PropertyValueSpecification\",\"valueRequired\":true,\"valueName\":\"search_term_string\"}}],\"inLanguage\":\"fr-FR\"},{\"@type\":\"Organization\",\"@id\":\"https:\/\/chimiver.com\/fr\/#organization\",\"name\":\"Chimiver\",\"url\":\"https:\/\/chimiver.com\/fr\/\",\"logo\":{\"@type\":\"ImageObject\",\"inLanguage\":\"fr-FR\",\"@id\":\"https:\/\/chimiver.com\/fr\/#\/schema\/logo\/image\/\",\"url\":\"https:\/\/chimiver.com\/wp-content\/uploads\/2022\/06\/Chimiver_500x500.jpg\",\"contentUrl\":\"https:\/\/chimiver.com\/wp-content\/uploads\/2022\/06\/Chimiver_500x500.jpg\",\"width\":500,\"height\":500,\"caption\":\"Chimiver\"},\"image\":{\"@id\":\"https:\/\/chimiver.com\/fr\/#\/schema\/logo\/image\/\"},\"sameAs\":[\"https:\/\/www.facebook.com\/chimiver\"]}]}<\/script>\n<!-- \/ Yoast SEO plugin. -->","yoast_head_json":{"title":"Durcisseur pour les produits acryliques - INDURITORE ACR 76","description":"Durcisseur sp\u00e9cialement formul\u00e9 pour les produits acryliques de la ligne ACR de Chimiver : am\u00e9liore la r\u00e9sistance et les performances des finitions.","robots":{"index":"index","follow":"follow","max-snippet":"max-snippet:-1","max-image-preview":"max-image-preview:large","max-video-preview":"max-video-preview:-1"},"canonical":"https:\/\/chimiver.com\/fr\/prodotto\/induritore-acr-76\/","og_locale":"fr_FR","og_type":"article","og_title":"Durcisseur pour les produits acryliques - INDURITORE ACR 76","og_description":"Durcisseur sp\u00e9cialement formul\u00e9 pour les produits acryliques de la ligne ACR de Chimiver : am\u00e9liore la r\u00e9sistance et les performances des finitions.","og_url":"https:\/\/chimiver.com\/fr\/prodotto\/induritore-acr-76\/","og_site_name":"Chimiver","article_publisher":"https:\/\/www.facebook.com\/chimiver","article_modified_time":"2025-07-24T13:52:22+00:00","og_image":[{"width":640,"height":640,"url":"https:\/\/chimiver.com\/wp-content\/uploads\/2024\/03\/LATTA-CHIMIVER-25.jpg","type":"image\/jpeg"}],"twitter_card":"summary_large_image","twitter_misc":{"Dur\u00e9e de lecture estim\u00e9e":"1 minute"},"schema":{"@context":"https:\/\/schema.org","@graph":[{"@type":"WebPage","@id":"https:\/\/chimiver.com\/fr\/prodotto\/induritore-acr-76\/","url":"https:\/\/chimiver.com\/fr\/prodotto\/induritore-acr-76\/","name":"Durcisseur pour les produits acryliques - INDURITORE ACR 76","isPartOf":{"@id":"https:\/\/chimiver.com\/fr\/#website"},"primaryImageOfPage":{"@id":"https:\/\/chimiver.com\/fr\/prodotto\/induritore-acr-76\/#primaryimage"},"image":{"@id":"https:\/\/chimiver.com\/fr\/prodotto\/induritore-acr-76\/#primaryimage"},"thumbnailUrl":"https:\/\/chimiver.com\/wp-content\/uploads\/2024\/03\/LATTA-CHIMIVER-25.jpg","datePublished":"2025-07-24T13:42:41+00:00","dateModified":"2025-07-24T13:52:22+00:00","description":"Durcisseur sp\u00e9cialement formul\u00e9 pour les produits acryliques de la ligne ACR de Chimiver : am\u00e9liore la r\u00e9sistance et les performances des finitions.","breadcrumb":{"@id":"https:\/\/chimiver.com\/fr\/prodotto\/induritore-acr-76\/#breadcrumb"},"inLanguage":"fr-FR","potentialAction":[{"@type":"ReadAction","target":["https:\/\/chimiver.com\/fr\/prodotto\/induritore-acr-76\/"]}]},{"@type":"ImageObject","inLanguage":"fr-FR","@id":"https:\/\/chimiver.com\/fr\/prodotto\/induritore-acr-76\/#primaryimage","url":"https:\/\/chimiver.com\/wp-content\/uploads\/2024\/03\/LATTA-CHIMIVER-25.jpg","contentUrl":"https:\/\/chimiver.com\/wp-content\/uploads\/2024\/03\/LATTA-CHIMIVER-25.jpg","width":640,"height":640},{"@type":"BreadcrumbList","@id":"https:\/\/chimiver.com\/fr\/prodotto\/induritore-acr-76\/#breadcrumb","itemListElement":[{"@type":"ListItem","position":1,"name":"Home","item":"https:\/\/chimiver.com\/fr\/"},{"@type":"ListItem","position":2,"name":"Shop","item":"https:\/\/chimiver.com\/?page_id=10"},{"@type":"ListItem","position":3,"name":"INDURITORE ACR 76"}]},{"@type":"WebSite","@id":"https:\/\/chimiver.com\/fr\/#website","url":"https:\/\/chimiver.com\/fr\/","name":"Chimiver, Your floors partner","description":"Your floors partner","publisher":{"@id":"https:\/\/chimiver.com\/fr\/#organization"},"alternateName":"Chimiver","potentialAction":[{"@type":"SearchAction","target":{"@type":"EntryPoint","urlTemplate":"https:\/\/chimiver.com\/fr\/?s={search_term_string}"},"query-input":{"@type":"PropertyValueSpecification","valueRequired":true,"valueName":"search_term_string"}}],"inLanguage":"fr-FR"},{"@type":"Organization","@id":"https:\/\/chimiver.com\/fr\/#organization","name":"Chimiver","url":"https:\/\/chimiver.com\/fr\/","logo":{"@type":"ImageObject","inLanguage":"fr-FR","@id":"https:\/\/chimiver.com\/fr\/#\/schema\/logo\/image\/","url":"https:\/\/chimiver.com\/wp-content\/uploads\/2022\/06\/Chimiver_500x500.jpg","contentUrl":"https:\/\/chimiver.com\/wp-content\/uploads\/2022\/06\/Chimiver_500x500.jpg","width":500,"height":500,"caption":"Chimiver"},"image":{"@id":"https:\/\/chimiver.com\/fr\/#\/schema\/logo\/image\/"},"sameAs":["https:\/\/www.facebook.com\/chimiver"]}]}},"_links":{"self":[{"href":"https:\/\/chimiver.com\/fr\/wp-json\/wp\/v2\/product\/22816","targetHints":{"allow":["GET"]}}],"collection":[{"href":"https:\/\/chimiver.com\/fr\/wp-json\/wp\/v2\/product"}],"about":[{"href":"https:\/\/chimiver.com\/fr\/wp-json\/wp\/v2\/types\/product"}],"replies":[{"embeddable":true,"href":"https:\/\/chimiver.com\/fr\/wp-json\/wp\/v2\/comments?post=22816"}],"wp:featuredmedia":[{"embeddable":true,"href":"https:\/\/chimiver.com\/fr\/wp-json\/wp\/v2\/media\/18257"}],"wp:attachment":[{"href":"https:\/\/chimiver.com\/fr\/wp-json\/wp\/v2\/media?parent=22816"}],"wp:term":[{"taxonomy":"product_brand","embeddable":true,"href":"https:\/\/chimiver.com\/fr\/wp-json\/wp\/v2\/product_brand?post=22816"},{"taxonomy":"product_cat","embeddable":true,"href":"https:\/\/chimiver.com\/fr\/wp-json\/wp\/v2\/product_cat?post=22816"},{"taxonomy":"product_tag","embeddable":true,"href":"https:\/\/chimiver.com\/fr\/wp-json\/wp\/v2\/product_tag?post=22816"}],"curies":[{"name":"wp","href":"https:\/\/api.w.org\/{rel}","templated":true}]}}